{"id":121,"date":"2018-05-15T20:52:15","date_gmt":"2018-05-15T20:52:15","guid":{"rendered":"https:\/\/multihoster.org\/?page_id=121"},"modified":"2018-09-12T06:50:27","modified_gmt":"2018-09-12T06:50:27","slug":"smoozed","status":"publish","type":"page","link":"https:\/\/multihoster.org\/de\/smoozed\/","title":{"rendered":"Smoozed Erfahrungen &#8211; Der Multihoster im \u00dcberblick"},"content":{"rendered":"<p><img loading=\"lazy\" class=\"alignleft wp-image-255\" src=\"https:\/\/multihoster.org\/wp-content\/uploads\/2018\/05\/smoozed_logo.jpg\" alt=\"logo\" width=\"302\" height=\"139\" srcset=\"https:\/\/multihoster.org\/wp-content\/uploads\/2018\/05\/smoozed_logo.jpg 574w, https:\/\/multihoster.org\/wp-content\/uploads\/2018\/05\/smoozed_logo-300x138.jpg 300w\" sizes=\"(max-width: 302px) 100vw, 302px\" \/>Smoozed bezeichnet sich selbst als junges, aufstrebendes Unternehmen, welches ein interessantes Sortiment an verschiedenen Intermedi\u00e4r-Dienstleistungen anbietet. Neben dem Filehosting geh\u00f6rt dazu auch der Zugang zu einem VPN-Server. Wir stellen Ihnen den Hoster Smoozed vor und teilen mit Ihnen gerne unsere Erfahrungen sowie unser Wissen in Hinsicht auf die Leistungen, Zahlungsm\u00f6glichkeiten sowie die Hoster Liste und vieles mehr.<\/p>\n<p class=\"normal\"><span lang=\"de\">Der Hoster Smoozed stellt die folgenden drei Werte in den Vordergrund der Firmenphilosophie:<\/span><\/p>\n<ul>\n<li>wirklich sicher privat<\/li>\n<li>absolut zuverl\u00e4ssig<\/li>\n<li>volle Kostenkontrolle<\/li>\n<\/ul>\n\n<p><a class=\"fasc-button fasc-size-xlarge fasc-type-glossy fasc-rounded-medium ico-fa fasc-ico-after fa-share\" style=\"background-color: #43585e; color: #ffffff;\" rel=\"nofollow\" href=\"https:\/\/multihoster.org\/smoozed\/goto\/\">Gehen Sie zu Smoozed.com<\/a><\/p>\n<p>&nbsp;<\/p>\n<h2>Positive Eigenschaften des Anbieters<\/h2>\n<ul>\n<li>gro\u00dfe Auswahl an Filehostern<\/li>\n<li>g\u00fcnstiger Jahrestarif<\/li>\n<li>\u00fcber 40 Filehoster zug\u00e4nglich<\/li>\n<li>Kundendienst auf Deutsch und Englisch<\/li>\n<li>Attraktive Verdienstm\u00f6glichkeiten<\/li>\n<\/ul>\n<h2><span lang=\"de\">Das gesamte Angebot von Smoozed im \u00dcberblick<\/span><\/h2>\n<p class=\"normal\"><span lang=\"de\">Bei Smoozed stehen Ihnen insgesamt drei verschiedene Tarife zur Verf\u00fcgung. An dieser Stelle bieten alle Tarife den gleichen Leistungsumfang, lediglich die Dauer des Tarifs variiert von Abonnement zu Abonnement. Der Basic Tarif gilt f\u00fcr 30 Tage, der Advanced Tarif f\u00fcr 6 Monate und der Ultra Tarif f\u00fcr 12 Monate. <\/span><\/p>\n<h2><span lang=\"de\">Bonusangebote<\/span><\/h2>\n<p class=\"normal\"><span lang=\"de\">Ein interessantes Bonusangebot von Smoozed ist das Smoozed Addon f\u00fcr den Google Chrome Browser. Dieses erm\u00f6glicht es, auf frei zug\u00e4nglichen Internetseiten die Geschwindigkeitsbeschr\u00e4nkungen und Wartezeiten zu umgehen.<\/span><\/p>\n<p class=\"normal\"><span lang=\"de\">Wie viele andere Anbieter auch, bietet Smoozed ein attraktives Bonusprogramm an, mit dem Sie je nach Zeitaufwand und Motivation mehr als nur ein kleines Taschengeld verdienen k\u00f6nnen. Wer es schafft, jemanden als Kunden f\u00fcr Smoozed zu gewinnen, erh\u00e4lt ganze 40 Prozent Provision auf den ersten Verkauf &#8211; dar\u00fcber hinaus werden alle weiteren Folgebestellungen ebenfalls mit einer Provision von 30 Prozent verg\u00fctet. Durch die \u00dcbergabe von m\u00f6glichst vielen Mirrors ist es zudem m\u00f6glich, die PPV Verg\u00fctung zu maximieren.<\/span><\/p>\n<p>&nbsp;<\/p>\n<p class=\"normal\"><span lang=\"de\">Im Gegensatz zu manch anderen Anbietern, welche nur bestimmte Zahlmethoden mit einer Provision verg\u00fcten, erhalten Sie bei Smoozed immer eine Provision, ganz gleich, wie der Kunde bezahlt. Ausgezahlt wird das verdiente Geld in der Regel innerhalb von 24 Stunden nach Beauftragung durch eine der folgenden Auszahlungsmethoden:<\/span><\/p>\n<ul>\n<li>Bitcoin<\/li>\n<li>Bank<\/li>\n<li>Webmoney<\/li>\n<\/ul>\n<h2><span lang=\"de\">Kosten und Zahlungsm\u00f6glichkeiten<\/span><\/h2>\n<p><img loading=\"lazy\" class=\"alignnone wp-image-258 size-full\" src=\"https:\/\/multihoster.org\/wp-content\/uploads\/2018\/05\/cost_of_smoozed.jpg\" alt=\"preise\" width=\"1228\" height=\"536\" srcset=\"https:\/\/multihoster.org\/wp-content\/uploads\/2018\/05\/cost_of_smoozed.jpg 1228w, https:\/\/multihoster.org\/wp-content\/uploads\/2018\/05\/cost_of_smoozed-300x131.jpg 300w, https:\/\/multihoster.org\/wp-content\/uploads\/2018\/05\/cost_of_smoozed-768x335.jpg 768w, https:\/\/multihoster.org\/wp-content\/uploads\/2018\/05\/cost_of_smoozed-1024x447.jpg 1024w\" sizes=\"(max-width: 1228px) 100vw, 1228px\" \/><\/p>\n<p class=\"normal\"><span lang=\"de\">Um die Dienstleistungen von Smoozed in Anspruch nehmen zu k\u00f6nnen, funktioniert bei der Bezahlung unter anderem eine Kreditkarte, doch auch andere Zahlmethoden sind m\u00f6glich. Im Folgenden finden Sie alle verf\u00fcgbaren Zahlweisen. Die anonyme Zahlweise via Paysafecard ist bei Smoozed nicht m\u00f6glich &#8211; wer trotzdem anonym bezahlen m\u00f6chte, kann daf\u00fcr die W\u00e4hrung Bitcoin verwenden.<\/span><\/p>\n<ul>\n<li>VISA-Karte<\/li>\n<li>MasterCard<\/li>\n<li>SEPA express<\/li>\n<li>Handypay<\/li>\n<li>Bitcoin<\/li>\n<\/ul>\n<p>&nbsp;<\/p>\n\n<table id=\"tablepress-10\" class=\"tablepress tablepress-id-10\">\n<thead>\n<tr class=\"row-1 odd\">\n\t<th class=\"column-1\">BASIC<\/th><th class=\"column-2\">ADVANCED<\/th><th class=\"column-3\">ULTRA<\/th>\n<\/tr>\n<\/thead>\n<tbody class=\"row-hover\">\n<tr class=\"row-2 even\">\n\t<td class=\"column-1\">1 Monat<\/td><td class=\"column-2\">6 Monate<\/td><td class=\"column-3\">12 Monate<\/td>\n<\/tr>\n<tr class=\"row-3 odd\">\n\t<td class=\"column-1\">9,95 \u20ac<\/td><td class=\"column-2\">29,99 \u20ac statt 49,99 \u20ac<\/td><td class=\"column-3\">39,95 \u20ac statt 99,99 \u20ac<\/td>\n<\/tr>\n<tr class=\"row-4 even\">\n\t<td class=\"column-1\">\u00fcber 40 Filehoster<\/td><td class=\"column-2\">\u00fcber 40 Filehoster<\/td><td class=\"column-3\">\u00fcber 40 Filehoster<\/td>\n<\/tr>\n<tr class=\"row-5 odd\">\n\t<td class=\"column-1\">VPN-Zugang<\/td><td class=\"column-2\">VPN-Zugang<\/td><td class=\"column-3\">VPN-Zugang<\/td>\n<\/tr>\n<\/tbody>\n<\/table>\n<!-- #tablepress-10 from cache -->\n<p>&nbsp;<\/p>\n<p><a class=\"fasc-button fasc-size-xlarge fasc-type-glossy fasc-rounded-medium ico-fa fasc-ico-after fa-share\" style=\"background-color: #43585e; color: #ffffff;\" rel=\"nofollow\" href=\"https:\/\/multihoster.org\/smoozed\/goto\/\">Gehen Sie zu Smoozed.com<\/a><\/p>\n<p>&nbsp;<\/p>\n<h2><span lang=\"de\">Privatsph\u00e4re und Datenschutz<\/span><\/h2>\n<p class=\"normal\"><span lang=\"de\">Als international agierender Multi-Hoster verspricht Smoozed seinen Kunden einen umfangreichen Datenschutz und den Einheit der Privatsph\u00e4re. Die ersten personenbezogenen Daten werden bei der Registrierung erhoben. Diese werden nur im Rahmen der igen Einwilligung oder gesetzlichen Verpflichtung weitergegeben. Hinsichtlich der Datenspeicherung werden haupts\u00e4chlich die IP-Adresse, das Datum sowie die Uhrzeit, der Dateiname und die Dateigr\u00f6\u00dfe gespeichert. Kreditkartendaten werden von Smoozed nicht gespeichert, sondern vom jeweiligen Zahlungsdienstleister. <\/span><\/p>\n<h2><span lang=\"de\">Kundendienst<\/span><\/h2>\n<p class=\"normal\"><span lang=\"de\">Der Kundendienst von Smoozed steht in den Sprachen Deutsch und Englisch zur Verf\u00fcgung. Daf\u00fcr k\u00f6nnen Sie entweder das Kontaktformular ausw\u00e4hlen oder eine E-Mail an den Support schreiben. Den Weg zum Support finden Sie ganz unten auf der Seite neben der Datenschutzerkl\u00e4rung sowie den Zahlungsbedingungen. Optional k\u00f6nnen Sie auch einen Blick auf den FAQ Bereich werfen, wo die Antworten auf h\u00e4ufig gestellte Fragen erl\u00e4utert werden.<\/span><\/p>\n<h2><span lang=\"de\">Benutzerfreundlichkeit<\/span><\/h2>\n<p>Die Internetseite Smoozed.net bietet die wichtigsten Informationen \u00fcbersichtlich an, sodass man alles auf einen Blick erkennt. Auf der Startseite findet man vor dem Login viele Informationen rund um den Service, kann sich Gr\u00fcnde ansehen, die f\u00fcr den Anbieter sprechen und den Smoozed Premium-Account genauer unter die Lupe nehmen. Im Gegensatz zu vielen, anderen Filehostern k\u00f6nnen Sie beim Hoster Smoozed keinen kostenlosen Account erstellen, sondern m\u00fcssen f\u00fcr den Login einen Premium-Tarif abschlie\u00dfen.<\/p>\n<p>Wer sich f\u00fcr einen Smoozed Premium Account entscheidet, gelangt nach dem Login zur Account \u00dcbersicht. Hier k\u00f6nnen steht die Funktion \u201cMeine Ordner\u201d zur Verf\u00fcgung, im Rahmen derer Sie nach Belieben neue Ordner f\u00fcr Ihre hochgeladenen und heruntergeladenen Dateien erstellen k\u00f6nnen. Ihnen stehen hier die Optionen \u201cAusgew\u00e4hlte l\u00f6schen\u201d, \u201cLinks ausgeben\u201c sowie \u201cNeu Pr\u00fcfen\u201d zur Verf\u00fcgung.<\/p>\n<p>Weiter oben finden Sie dar\u00fcber hinaus die Bereiche \u201cEinstellungen\u201d, \u201cVerg\u00fctungs\u00fcbersicht\u201d sowie \u201cStatistik\u201d. In den Einstellungen k\u00f6nnen relevante Account Informationen eingesehen und ge\u00e4ndert werden, dar\u00fcber hinaus befindet sich hier der API Code. Unter dem Punkt \u201cVerg\u00fctungs\u00fcbersicht\u201d k\u00f6nnen Sie herausfinden, welche Provisionen Sie f\u00fcr das Bewerben der verschiedenen Filehoster erhalten. Die Verg\u00fctungen variieren je nach Anbieter und Land. Dar\u00fcber hinaus kann hier die Auszahlung der bereits verdienten Provisionen in Auftrag gegeben werden.<\/p>\n<p>Die Statistik erm\u00f6glicht es Ihnen, die genauen Details der Provisionen einzusehen. Dazu geh\u00f6ren unter anderem das Datum, die H\u00f6he der Provision sowie die Art des Verg\u00fctung.<\/p>\n<h2><span lang=\"de\">Mobile App<\/span><\/h2>\n<p class=\"normal\"><span lang=\"de\">Eine App f\u00fcr das Smartphone gibt es von Smoozed nicht, daf\u00fcr bietet der Filehoster jedoch eine <a href=\"https:\/\/chrome.google.com\/webstore\/detail\/smoozedcom\/nkhlemgodcjginbhoelemnjkhmgnaaca\" target=\"_blank\" rel=\"noopener\">Erweiterung f\u00fcr den Browser<\/a> an, mit welcher die Dienste der Webseite genutzt und gesteuert werden k\u00f6nnen.<\/span><\/p>\n<h2><span lang=\"de\">Die Vorteile eines Premium Accounts<\/span><\/h2>\n<p class=\"normal\"><span lang=\"de\">Mit einem Smoozed Premium Account k\u00f6nnen Sie nicht nur Daten herunter- und hochladen, wie es bei vielen Filehostern der Fall ist, sondern dar\u00fcber hinaus mit einem VPN-Server sicher und anonym im Internet surfen. <\/span><\/p>\n<p><img loading=\"lazy\" class=\"alignnone wp-image-257 size-full\" src=\"https:\/\/multihoster.org\/wp-content\/uploads\/2018\/05\/image_1.jpg\" alt=\"vorteile\" width=\"1815\" height=\"803\" srcset=\"https:\/\/multihoster.org\/wp-content\/uploads\/2018\/05\/image_1.jpg 1815w, https:\/\/multihoster.org\/wp-content\/uploads\/2018\/05\/image_1-300x133.jpg 300w, https:\/\/multihoster.org\/wp-content\/uploads\/2018\/05\/image_1-768x340.jpg 768w, https:\/\/multihoster.org\/wp-content\/uploads\/2018\/05\/image_1-1024x453.jpg 1024w\" sizes=\"(max-width: 1815px) 100vw, 1815px\" \/><\/p>\n<p class=\"normal\"><span lang=\"de\">Dar\u00fcber hinaus sind im Smoozed Premium Paket mehr als 40 Filehoster enthalten, zu denen Sie mit dem Pro Tarif Zugang haben. Hier genie\u00dfen Sie mit Ihrem Smoozed Premium Account je nach Hoster individuelle Vorteile und Features, das f\u00e4ngt an bei der maximalen Geschwindigkeit und reicht \u00fcber unendlich viele Downloads zur gleichen Zeit bis hin zu einem gr\u00f6\u00dferen Speicherplatz.<\/span><\/p>\n<h2><span lang=\"de\">Smoozed Hoster Liste &#8211; alle Filehoster im \u00dcberblick<\/span><\/h2>\n<p class=\"normal\"><span lang=\"de\">Die Auswahl an Filehostern ist mit mehr als 40 Anbietern wirklich gro\u00df. Im Folgenden stellen wir Ihnen gerne die Smoozed Hoster Liste vor, damit sie einsehen k\u00f6nnen, welche Filehoster zum Leistungsumfang des Smoozed Premium Accounts geh\u00f6ren.<\/span><\/p>\n<p>&nbsp;<\/p>\n\n<table id=\"tablepress-11\" class=\"tablepress tablepress-id-11\">\n<tbody class=\"row-hover\">\n<tr class=\"row-1 odd\">\n\t<td class=\"column-1\">alfafile<\/td><td class=\"column-2\">airpravod<\/td><td class=\"column-3\">bigfile<\/td><td class=\"column-4\">datafile<\/td>\n<\/tr>\n<tr class=\"row-2 even\">\n\t<td class=\"column-1\">depfile<\/td><td class=\"column-2\">depostfile<\/td><td class=\"column-3\">easybytez<\/td><td class=\"column-4\">file<\/td>\n<\/tr>\n<tr class=\"row-3 odd\">\n\t<td class=\"column-1\">fileboom<\/td><td class=\"column-2\">filefactory<\/td><td class=\"column-3\">filespace<\/td><td class=\"column-4\">flash-x<\/td>\n<\/tr>\n<tr class=\"row-4 even\">\n\t<td class=\"column-1\">giapeta<\/td><td class=\"column-2\">hitfile<\/td><td class=\"column-3\">keep2share<\/td><td class=\"column-4\">letitbit<\/td>\n<\/tr>\n<tr class=\"row-5 odd\">\n\t<td class=\"column-1\">nowvideo<\/td><td class=\"column-2\">oboom<\/td><td class=\"column-3\">powerwatch<\/td><td class=\"column-4\">rapidgator<\/td>\n<\/tr>\n<tr class=\"row-6 even\">\n\t<td class=\"column-1\">rapidrar<\/td><td class=\"column-2\">rapidu<\/td><td class=\"column-3\">rockfile<\/td><td class=\"column-4\">salefiles<\/td>\n<\/tr>\n<tr class=\"row-7 odd\">\n\t<td class=\"column-1\">share-online<\/td><td class=\"column-2\">shared<\/td><td class=\"column-3\">streamcloud<\/td><td class=\"column-4\">tezfiles<\/td>\n<\/tr>\n<tr class=\"row-8 even\">\n\t<td class=\"column-1\">turbobit<\/td><td class=\"column-2\">tusfiles<\/td><td class=\"column-3\">uploaded<\/td><td class=\"column-4\">uploadrocket<\/td>\n<\/tr>\n<tr class=\"row-9 odd\">\n\t<td class=\"column-1\">uptobox<\/td><td class=\"column-2\">userscloud<\/td><td class=\"column-3\">vidto<\/td><td class=\"column-4\">vip-file<\/td>\n<\/tr>\n<tr class=\"row-10 even\">\n\t<td class=\"column-1\">vivo<\/td><td class=\"column-2\">1fichier<\/td><td class=\"column-3\">2shared<\/td><td class=\"column-4\">4 shared<\/td>\n<\/tr>\n<\/tbody>\n<\/table>\n<!-- #tablepress-11 from cache -->\n<p>&nbsp;<\/p>\n<h2><span lang=\"de\">Unser Fazit zum Anbieter Smoozed<\/span><\/h2>\n<p class=\"normal\"><span lang=\"de\">Smoozed ist der perfekte Hoster f\u00fcr jeden, der auf der Suche nach einer besonders gro\u00dfen Auswahl ist. Die \u00fcber 40 verschiedenen Filehoster sorgen f\u00fcr eine gro\u00dfe Vielfalt, dar\u00fcber hinaus ist der Smoozed VPN Zugang eine wertvolle Funktion.<\/span><\/p>\n<p class=\"normal\"><span lang=\"de\">Insgesamt stehen Ihnen drei Smoozed Premium Tarife zur Verf\u00fcgung, welche bei unterschiedlicher Laufzeit den gleichen Leistungsumfang bieten. M\u00f6glich ist eine Vertragslaufzeit von einem Monat, von sechs Monaten oder einem Jahr. Als Bezahlmethoden stehen neben der Kreditkarte die Verfahren Bitcoin, SEPA express sowie Handypay zur Auswahl. Die Bezahlung via Paysafecard funktioniert beim Anbieter Smoozed nicht.<\/span><\/p>\n<p class=\"normal\"><span lang=\"de\">Smoozed verspricht einen vertrauensw\u00fcrdigen Umgang mit Ihren Daten und bietet Ihnen einen Kundenservice in den Sprachen Deutsch sowie Englisch.<\/span><\/p>\n<p class=\"normal\"><span lang=\"de\">Sie k\u00f6nnen mit einem Smoozed Premium Account nicht nur den wertvollen Service der vielen Filehoster nutzen, sondern dar\u00fcber hinaus durch das Verg\u00fctungsmodell attraktive Provisionen erhalten. <\/span><\/p>\n<p><a class=\"fasc-button fasc-size-xlarge fasc-type-glossy fasc-rounded-medium ico-fa fasc-ico-after fa-share\" style=\"background-color: #43585e; color: #ffffff;\" rel=\"nofollow\" href=\"https:\/\/multihoster.org\/smoozed\/goto\/\">Gehen Sie zu Smoozed.com<\/a><\/p>\n","protected":false},"excerpt":{"rendered":"<p>Smoozed bezeichnet sich selbst als junges, aufstrebendes Unternehmen, welches ein interessantes Sortiment an verschiedenen Intermedi\u00e4r-Dienstleistungen anbietet. Neben dem Filehosting geh\u00f6rt<\/p>\n","protected":false},"author":2,"featured_media":0,"parent":0,"menu_order":0,"comment_status":"closed","ping_status":"closed","template":"","meta":[],"yoast_head":"<!-- This site is optimized with the Yoast SEO plugin v18.3 - https:\/\/yoast.com\/wordpress\/plugins\/seo\/ -->\n<title>lll\u25b7 Smoozed Premium Account seri\u00f6s oder nicht? +++ Test auf Multihoster.org<\/title>\n<meta name=\"description\" content=\"Handelt es sich bei Smoozed um einen seri\u00f6sen Anbieter oder nicht? Die Antwort findest du in dem aktuellen Test auf Multihoster.org \u279c Jetzt klicken \u271a unsere Erfahrungen lesen!\" \/>\n<meta name=\"robots\" content=\"index, follow, max-snippet:-1, max-image-preview:large, max-video-preview:-1\" \/>\n<link rel=\"canonical\" href=\"https:\/\/multihoster.org\/de\/smoozed\/\" \/>\n<meta property=\"og:locale\" content=\"de_DE\" \/>\n<meta property=\"og:type\" content=\"article\" \/>\n<meta property=\"og:title\" content=\"lll\u25b7 Smoozed Premium Account seri\u00f6s oder nicht? +++ Test auf Multihoster.org\" \/>\n<meta property=\"og:description\" content=\"Handelt es sich bei Smoozed um einen seri\u00f6sen Anbieter oder nicht? Die Antwort findest du in dem aktuellen Test auf Multihoster.org \u279c Jetzt klicken \u271a unsere Erfahrungen lesen!\" \/>\n<meta property=\"og:url\" content=\"https:\/\/multihoster.org\/de\/smoozed\/\" \/>\n<meta property=\"og:site_name\" content=\"Multihoster.org\" \/>\n<meta property=\"article:modified_time\" content=\"2018-09-12T06:50:27+00:00\" \/>\n<meta property=\"og:image\" content=\"https:\/\/multihoster.org\/wp-content\/uploads\/2018\/05\/smoozed_logo.jpg\" \/>\n<meta name=\"twitter:card\" content=\"summary\" \/>\n<meta name=\"twitter:label1\" content=\"Gesch\u00e4tzte Lesezeit\" \/>\n\t<meta name=\"twitter:data1\" content=\"6\u00a0Minuten\" \/>\n<script type=\"application\/ld+json\" class=\"yoast-schema-graph\">{\"@context\":\"https:\/\/schema.org\",\"@graph\":[{\"@type\":\"WebSite\",\"@id\":\"https:\/\/multihoster.org\/#website\",\"url\":\"https:\/\/multihoster.org\/\",\"name\":\"Multihoster.org\",\"description\":\"Reviews of the major Filehosting services\",\"potentialAction\":[{\"@type\":\"SearchAction\",\"target\":{\"@type\":\"EntryPoint\",\"urlTemplate\":\"https:\/\/multihoster.org\/?s={search_term_string}\"},\"query-input\":\"required name=search_term_string\"}],\"inLanguage\":\"de\"},{\"@type\":\"ImageObject\",\"@id\":\"https:\/\/multihoster.org\/de\/smoozed\/#primaryimage\",\"inLanguage\":\"de\",\"url\":\"https:\/\/multihoster.org\/wp-content\/uploads\/2018\/05\/smoozed_logo.jpg\",\"contentUrl\":\"https:\/\/multihoster.org\/wp-content\/uploads\/2018\/05\/smoozed_logo.jpg\",\"width\":574,\"height\":264},{\"@type\":\"WebPage\",\"@id\":\"https:\/\/multihoster.org\/de\/smoozed\/#webpage\",\"url\":\"https:\/\/multihoster.org\/de\/smoozed\/\",\"name\":\"lll\u25b7 Smoozed Premium Account seri\u00f6s oder nicht? +++ Test auf Multihoster.org\",\"isPartOf\":{\"@id\":\"https:\/\/multihoster.org\/#website\"},\"primaryImageOfPage\":{\"@id\":\"https:\/\/multihoster.org\/de\/smoozed\/#primaryimage\"},\"datePublished\":\"2018-05-15T20:52:15+00:00\",\"dateModified\":\"2018-09-12T06:50:27+00:00\",\"description\":\"Handelt es sich bei Smoozed um einen seri\u00f6sen Anbieter oder nicht? Die Antwort findest du in dem aktuellen Test auf Multihoster.org \u279c Jetzt klicken \u271a unsere Erfahrungen lesen!\",\"breadcrumb\":{\"@id\":\"https:\/\/multihoster.org\/de\/smoozed\/#breadcrumb\"},\"inLanguage\":\"de\",\"potentialAction\":[{\"@type\":\"ReadAction\",\"target\":[\"https:\/\/multihoster.org\/de\/smoozed\/\"]}]},{\"@type\":\"BreadcrumbList\",\"@id\":\"https:\/\/multihoster.org\/de\/smoozed\/#breadcrumb\",\"itemListElement\":[{\"@type\":\"ListItem\",\"position\":1,\"name\":\"Startseite\",\"item\":\"https:\/\/multihoster.org\/de\/\"},{\"@type\":\"ListItem\",\"position\":2,\"name\":\"Smoozed Erfahrungen &#8211; Der Multihoster im \u00dcberblick\"}]}]}<\/script>\n<!-- \/ Yoast SEO plugin. -->","yoast_head_json":{"title":"lll\u25b7 Smoozed Premium Account seri\u00f6s oder nicht? +++ Test auf Multihoster.org","description":"Handelt es sich bei Smoozed um einen seri\u00f6sen Anbieter oder nicht? Die Antwort findest du in dem aktuellen Test auf Multihoster.org \u279c Jetzt klicken \u271a unsere Erfahrungen lesen!","robots":{"index":"index","follow":"follow","max-snippet":"max-snippet:-1","max-image-preview":"max-image-preview:large","max-video-preview":"max-video-preview:-1"},"canonical":"https:\/\/multihoster.org\/de\/smoozed\/","og_locale":"de_DE","og_type":"article","og_title":"lll\u25b7 Smoozed Premium Account seri\u00f6s oder nicht? +++ Test auf Multihoster.org","og_description":"Handelt es sich bei Smoozed um einen seri\u00f6sen Anbieter oder nicht? Die Antwort findest du in dem aktuellen Test auf Multihoster.org \u279c Jetzt klicken \u271a unsere Erfahrungen lesen!","og_url":"https:\/\/multihoster.org\/de\/smoozed\/","og_site_name":"Multihoster.org","article_modified_time":"2018-09-12T06:50:27+00:00","og_image":[{"url":"https:\/\/multihoster.org\/wp-content\/uploads\/2018\/05\/smoozed_logo.jpg"}],"twitter_card":"summary","twitter_misc":{"Gesch\u00e4tzte Lesezeit":"6\u00a0Minuten"},"schema":{"@context":"https:\/\/schema.org","@graph":[{"@type":"WebSite","@id":"https:\/\/multihoster.org\/#website","url":"https:\/\/multihoster.org\/","name":"Multihoster.org","description":"Reviews of the major Filehosting services","potentialAction":[{"@type":"SearchAction","target":{"@type":"EntryPoint","urlTemplate":"https:\/\/multihoster.org\/?s={search_term_string}"},"query-input":"required name=search_term_string"}],"inLanguage":"de"},{"@type":"ImageObject","@id":"https:\/\/multihoster.org\/de\/smoozed\/#primaryimage","inLanguage":"de","url":"https:\/\/multihoster.org\/wp-content\/uploads\/2018\/05\/smoozed_logo.jpg","contentUrl":"https:\/\/multihoster.org\/wp-content\/uploads\/2018\/05\/smoozed_logo.jpg","width":574,"height":264},{"@type":"WebPage","@id":"https:\/\/multihoster.org\/de\/smoozed\/#webpage","url":"https:\/\/multihoster.org\/de\/smoozed\/","name":"lll\u25b7 Smoozed Premium Account seri\u00f6s oder nicht? +++ Test auf Multihoster.org","isPartOf":{"@id":"https:\/\/multihoster.org\/#website"},"primaryImageOfPage":{"@id":"https:\/\/multihoster.org\/de\/smoozed\/#primaryimage"},"datePublished":"2018-05-15T20:52:15+00:00","dateModified":"2018-09-12T06:50:27+00:00","description":"Handelt es sich bei Smoozed um einen seri\u00f6sen Anbieter oder nicht? Die Antwort findest du in dem aktuellen Test auf Multihoster.org \u279c Jetzt klicken \u271a unsere Erfahrungen lesen!","breadcrumb":{"@id":"https:\/\/multihoster.org\/de\/smoozed\/#breadcrumb"},"inLanguage":"de","potentialAction":[{"@type":"ReadAction","target":["https:\/\/multihoster.org\/de\/smoozed\/"]}]},{"@type":"BreadcrumbList","@id":"https:\/\/multihoster.org\/de\/smoozed\/#breadcrumb","itemListElement":[{"@type":"ListItem","position":1,"name":"Startseite","item":"https:\/\/multihoster.org\/de\/"},{"@type":"ListItem","position":2,"name":"Smoozed Erfahrungen &#8211; Der Multihoster im \u00dcberblick"}]}]}},"_links":{"self":[{"href":"https:\/\/multihoster.org\/de\/wp-json\/wp\/v2\/pages\/121"}],"collection":[{"href":"https:\/\/multihoster.org\/de\/wp-json\/wp\/v2\/pages"}],"about":[{"href":"https:\/\/multihoster.org\/de\/wp-json\/wp\/v2\/types\/page"}],"author":[{"embeddable":true,"href":"https:\/\/multihoster.org\/de\/wp-json\/wp\/v2\/users\/2"}],"replies":[{"embeddable":true,"href":"https:\/\/multihoster.org\/de\/wp-json\/wp\/v2\/comments?post=121"}],"version-history":[{"count":15,"href":"https:\/\/multihoster.org\/de\/wp-json\/wp\/v2\/pages\/121\/revisions"}],"predecessor-version":[{"id":1406,"href":"https:\/\/multihoster.org\/de\/wp-json\/wp\/v2\/pages\/121\/revisions\/1406"}],"wp:attachment":[{"href":"https:\/\/multihoster.org\/de\/wp-json\/wp\/v2\/media?parent=121"}],"curies":[{"name":"wp","href":"https:\/\/api.w.org\/{rel}","templated":true}]}}