{"id":125,"date":"2018-05-15T20:54:00","date_gmt":"2018-05-15T20:54:00","guid":{"rendered":"https:\/\/multihoster.org\/?page_id=125"},"modified":"2018-09-12T07:57:46","modified_gmt":"2018-09-12T07:57:46","slug":"uploaded","status":"publish","type":"page","link":"https:\/\/multihoster.org\/de\/uploaded\/","title":{"rendered":"Uploaded Premium Account &#8211; Der Filehoster im \u00dcberblick"},"content":{"rendered":"<p class=\"normal\"><span lang=\"de\"><img loading=\"lazy\" class=\"alignleft wp-image-260\" src=\"https:\/\/multihoster.org\/wp-content\/uploads\/2018\/05\/uploaded_logo.jpg\" alt=\"logo\" width=\"231\" height=\"135\" srcset=\"https:\/\/multihoster.org\/wp-content\/uploads\/2018\/05\/uploaded_logo.jpg 675w, https:\/\/multihoster.org\/wp-content\/uploads\/2018\/05\/uploaded_logo-300x175.jpg 300w\" sizes=\"(max-width: 231px) 100vw, 231px\" \/>Der Anbieter Uploaded ist ein Cloud Storage Provider Dienst, welcher aus der Schweiz stammt und virtuellen Speicherplatz bietet, auf dem Benutzer Ihre pers\u00f6nlichen Dateien abspeichern k\u00f6nnen. Neben einem breiten Sortiment an Premium Tarifen ist im Angebot des Anbieters auch ein kostenloser Account enthalten. Sie k\u00f6nnen den Service des Filehosters also erst ausprobieren, bevor Sie Uploaded Premium kaufen.<\/span><\/p>\n<p>&nbsp;<\/p>\n\n<p><a class=\"fasc-button fasc-size-xlarge fasc-type-glossy fasc-rounded-medium ico-fa fasc-ico-after fa-share\" style=\"background-color: #43585e; color: #ffffff;\" rel=\"nofollow\" href=\"https:\/\/multihoster.org\/uploaded\/goto\/\">Gehe zu Uploaded.net<\/a><\/p>\n<h2><span lang=\"de\">Positive Eigenschaften des Anbieters<\/span><\/h2>\n<p>&#8211; Premium Tarif ab 4,99 Euro<br \/>\n&#8211; attraktive Verdienstm\u00f6glichkeiten<br \/>\n&#8211; kostenloses Premium-Upgrade durch Punkte<br \/>\n&#8211; Support via Telefon<br \/>\n&#8211; Tarife f\u00fcr Firmen-Kunden<\/p>\n<h2><span lang=\"de\">Das gesamte Angebot von Uploaded im \u00dcberblick<\/span><\/h2>\n<p class=\"normal\"><span lang=\"de\">Der Filehoster Uploaded bietet Ihnen sowohl eine Vielzahl an Premium Tarifen f\u00fcr Privatkunden, als auch zwei Tarife f\u00fcr Firmenkunden. Kaufen Sie einen Premium Account bei Uploaded, k\u00f6nnen Sie den vollen Umfang des Providers nutzen. Doch auch mit einem kostenlosen Account k\u00f6nnen Sie den Service des Anbieters bereits in beschr\u00e4nktem Ma\u00dfe testen. Durch ein Einsatz eines Uploaded Coupons, den Sie mit etwas Gl\u00fcck im Internet finden, k\u00f6nnen Sie den Preis beim Kauf eines Uploaded Premium Accounts reduzieren. Es lohnt sich also, auf Blogs, Gutscheinseiten oder anderen Websiten nach attraktiven Uploaded Coupons zu suchen.<\/span><\/p>\n<h2><span lang=\"de\">Angebot f\u00fcr Privatkunden<\/span><\/h2>\n<p class=\"normal\"><span lang=\"de\">Das Angebot f\u00fcr Privatkunden besteht aus insgesamt 6 Tarifen, welche hinsichtlich der Preise von 4,99 Euro bis 99,99 Euro im Monat reichen. Die Uploaded Premium Tarife k\u00f6nnen Sie mit einer Laufzeit von 48 Stunden, einem Monat, drei Monaten sowie sechs Monaten kaufen. Auch ein Jahres- sowie ein zwei Jahres-Abonnement sind im Sortiment vorhanden. Zum Abschluss des Uploaded Premium Tarifs erhalten Sie eine gewisse Anzahl an Punkten, welche Sie nutzen k\u00f6nnen, um Ihren Account sowie dessen Funktionsumfang ohne finanziellen Preis zu erweitern.<\/span><\/p>\n<h2><span lang=\"de\">Angebot f\u00fcr Firmenkunden<\/span><\/h2>\n<p><img loading=\"lazy\" class=\"alignnone wp-image-262 size-full\" src=\"https:\/\/multihoster.org\/wp-content\/uploads\/2018\/05\/image_1-1.jpg\" alt=\"startseite\" width=\"1411\" height=\"887\" srcset=\"https:\/\/multihoster.org\/wp-content\/uploads\/2018\/05\/image_1-1.jpg 1411w, https:\/\/multihoster.org\/wp-content\/uploads\/2018\/05\/image_1-1-300x189.jpg 300w, https:\/\/multihoster.org\/wp-content\/uploads\/2018\/05\/image_1-1-768x483.jpg 768w, https:\/\/multihoster.org\/wp-content\/uploads\/2018\/05\/image_1-1-1024x644.jpg 1024w\" sizes=\"(max-width: 1411px) 100vw, 1411px\" \/><\/p>\n<p class=\"normal\"><span lang=\"de\">Neben dem Angebot f\u00fcr Privatkunden sind bei Uploaded auch zwei Corporate Produkte f\u00fcr Firmenkunden zu finden. Diese Uploaded Premium Preise k\u00f6nnen ausdr\u00fccklich nur von gewerblichen Kunden und nicht von Privatkunden in Anspruch genommen werden. Dabei handelt es sich um die Tarife Corporate Premium sowie Corporate Premium Plus. Beide Tarife besitzen eine Laufzeit von 12 Monaten. Der Corporate Premium Tarif bietet Ihnen einen 500 GB Backup Speicher pro Monat sowie einen 500 GB Corporate Hybrid Traffic pro Monat. Beim Premium Plus Tarif steigen der Speicher sowie der Traffic von 500 GB auf 1 TB. <\/span><\/p>\n<h2><span lang=\"de\">Bonusangebote<\/span><\/h2>\n<p class=\"normal\"><span lang=\"de\">Uploaded bietet Ihnen mehrere M\u00f6glichkeiten, \u00fcber die Plattform Geld zu verdienen sowie zu sparen. Durch das attraktive Punktesystem ist es Ihnen m\u00f6glich, ein kostenloses, 30-t\u00e4giges Abonnement zu erwerben. Durch das Sammeln von ausreichend Punkten k\u00f6nnen Sie also den Premium Service nutzen, ohne daf\u00fcr einen Account bei Uploaded kaufen zu m\u00fcssen.<\/span><\/p>\n<p class=\"normal\"><span lang=\"de\">Eine weitere M\u00f6glichkeit ist die Generierung von Einnahmen durch den Upload von Dateien. Wer einen Uploaded-Premium Tarif abgeschlossen hat und beliebte Dateien hochl\u00e4dt, welche von anderen Benutzern h\u00e4ufig heruntergeladen werden, kann sich regelm\u00e4\u00dfig \u00fcber eine lohnenswerte Auszahlung freuen.<\/span><\/p>\n<p class=\"normal\"><span lang=\"de\">Dar\u00fcber hinaus k\u00f6nnen Sie eine Provision f\u00fcr das Werben von neuen Benutzern erhalten. Sowohl die Erstellung eines kostenlosen Accounts, als auch der Kauf eines Uploaded Accounts sowie m\u00f6gliche Folgeauftr\u00e4ge werden verg\u00fctet.<\/span><\/p>\n<h2><span lang=\"de\">Kosten und Zahlungsm\u00f6glichkeiten<\/span><\/h2>\n<p><img loading=\"lazy\" class=\"alignnone wp-image-264 size-full\" src=\"https:\/\/multihoster.org\/wp-content\/uploads\/2018\/05\/cost_of_uploaded.jpg\" alt=\"preise\" width=\"1474\" height=\"667\" srcset=\"https:\/\/multihoster.org\/wp-content\/uploads\/2018\/05\/cost_of_uploaded.jpg 1474w, https:\/\/multihoster.org\/wp-content\/uploads\/2018\/05\/cost_of_uploaded-300x136.jpg 300w, https:\/\/multihoster.org\/wp-content\/uploads\/2018\/05\/cost_of_uploaded-768x348.jpg 768w, https:\/\/multihoster.org\/wp-content\/uploads\/2018\/05\/cost_of_uploaded-1024x463.jpg 1024w\" sizes=\"(max-width: 1474px) 100vw, 1474px\" \/><\/p>\n<p class=\"normal\"><span lang=\"de\">Das Sortiment von Uploaded ist aufgeteilt in sechs Tarife. Der g\u00fcnstigste Tarif gilt f\u00fcr 48 Stunden, der zweitg\u00fcnstigste f\u00fcr einen Monat und der n\u00e4chste f\u00fcr drei Monate. Dar\u00fcber hinaus gibt es ein sechsmonatiges Abonnement, einen Jahrestarif und einen Premium Account f\u00fcr zwei Jahre. <\/span><\/p>\n<p class=\"normal\"><span lang=\"de\">Den 48-Stunden-Account erhalten Sie bereits zum Preis von 4,99 Euro. F\u00fcr 9,99 Euro k\u00f6nnen Sie die Dienste von Uploaded einen Monat und f\u00fcr 24,99 Euro bis zu drei Monate nutzen. Beim sechsmonatigen Abonnement steigt der Preis gerade mal um 15 Euro auf 29,99 Euro und beim Jahresabonnement auf 69,99 Euro. Die besten Konditionen erhalten Sie, wenn Sie den 2-Jahres-Account zu einem Preis von 99,99 Euro kaufen.<\/span><\/p>\n<p class=\"normal\"><span lang=\"de\">Ihren Uploaded Premium Account k\u00f6nnen Sie bequem mit der Kreditkarte bezahlen oder das Geld via Lastschrift vom Konto abbuchen lassen. Auch der Kauf des Uploaded Accounts via Paysafe, sofort \u00fcberweisen sowie SMS Pay und Call2Pay ist m\u00f6glich. Dar\u00fcber hinaus akzeptiert der Anbieter Bitcoins als g\u00fcltiges Zahlungsmittel.<\/span><\/p>\n<p>&nbsp;<\/p>\n\n<table id=\"tablepress-12\" class=\"tablepress tablepress-id-12\">\n<thead>\n<tr class=\"row-1 odd\">\n\t<th class=\"column-1\">4,99 \u20ac<\/th><th class=\"column-2\">9,99 \u20ac<\/th><th class=\"column-3\">24,99 \u20ac<\/th><th class=\"column-4\">39,99 \u20ac<\/th><th class=\"column-5\">69,99 \u20ac<\/th><th class=\"column-6\">99,99 \u20ac<\/th>\n<\/tr>\n<\/thead>\n<tbody class=\"row-hover\">\n<tr class=\"row-2 even\">\n\t<td class=\"column-1\">48 Stunden<\/td><td class=\"column-2\">1 Monat<\/td><td class=\"column-3\">3 Monat<\/td><td class=\"column-4\">6 Monat<\/td><td class=\"column-5\">1 Jahr<\/td><td class=\"column-6\">2 Jahre<\/td>\n<\/tr>\n<tr class=\"row-3 odd\">\n\t<td class=\"column-1\">500 Points<\/td><td class=\"column-2\">1.000 Points<\/td><td class=\"column-3\">2.000 Points<\/td><td class=\"column-4\">6.000 Points<\/td><td class=\"column-5\">7.000 Points<\/td><td class=\"column-6\">9.000 Points<\/td>\n<\/tr>\n<tr class=\"row-4 even\">\n\t<td class=\"column-1\">Fullspeed<\/td><td class=\"column-2\">Fullspeed<\/td><td class=\"column-3\">Fullspeed<\/td><td class=\"column-4\">Fullspeed<\/td><td class=\"column-5\">Fullspeed<\/td><td class=\"column-6\">Fullspeed<\/td>\n<\/tr>\n<tr class=\"row-5 odd\">\n\t<td class=\"column-1\">Parallele Downloads<\/td><td class=\"column-2\">Parallele Downloads<\/td><td class=\"column-3\">Parallele Downloads<\/td><td class=\"column-4\">Parallele Downloads<\/td><td class=\"column-5\">Parallele Downloads<\/td><td class=\"column-6\">Parallele Downloads<\/td>\n<\/tr>\n<tr class=\"row-6 even\">\n\t<td class=\"column-1\">Keine <br \/>\nWartezeit<br \/>\n<\/td><td class=\"column-2\">Keine <br \/>\nWartezeit<br \/>\n<\/td><td class=\"column-3\">Keine <br \/>\nWartezeit<br \/>\n<\/td><td class=\"column-4\">Keine <br \/>\nWartezeit<br \/>\n<\/td><td class=\"column-5\">Keine <br \/>\nWartezeit<br \/>\n<\/td><td class=\"column-6\">Keine <br \/>\nWartezeit<br \/>\n<\/td>\n<\/tr>\n<tr class=\"row-7 odd\">\n\t<td class=\"column-1\">Verwaltung<\/td><td class=\"column-2\">Verwaltung<\/td><td class=\"column-3\">Verwaltung<\/td><td class=\"column-4\">Verwaltung<\/td><td class=\"column-5\">Verwaltung<\/td><td class=\"column-6\">Verwaltung<\/td>\n<\/tr>\n<tr class=\"row-8 even\">\n\t<td class=\"column-1\">mit Datei- <br \/>\nManager<br \/>\n<\/td><td class=\"column-2\">mit Datei- <br \/>\nManager<br \/>\n<\/td><td class=\"column-3\">mit Datei- <br \/>\nManager<br \/>\n<\/td><td class=\"column-4\">mit Datei- <br \/>\nManager<br \/>\n<\/td><td class=\"column-5\">mit Datei- <br \/>\nManager<br \/>\n<\/td><td class=\"column-6\">mit Datei- <br \/>\nManager<br \/>\n<\/td>\n<\/tr>\n<\/tbody>\n<\/table>\n<!-- #tablepress-12 from cache -->\n<p><a class=\"fasc-button fasc-size-xlarge fasc-type-glossy fasc-rounded-medium ico-fa fasc-ico-after fa-share\" style=\"background-color: #43585e; color: #ffffff;\" rel=\"nofollow\" href=\"https:\/\/multihoster.org\/uploaded\/goto\/\">Gehe zu Uploaded.net<\/a><\/p>\n<h2><span lang=\"de\">Privatsph\u00e4re und Datenschutz<\/span><\/h2>\n<p class=\"normal\"><span lang=\"de\">Auf der Suche nach dem perfekten Filehoster spielen bei der Entscheidungsfindung nat\u00fcrlich die Faktoren Datenschutz und Privatsph\u00e4re eine \u00e4u\u00dferst gro\u00dfe Rolle. Beim Anbieter Uploaded k\u00f6nnen Sie sich sicher sein, dass Ihre Daten sicher und vertraulich behandelt werden. Den genauen Umgang hinsichtlich Ihrer Daten erkl\u00e4rt der Anbieter im Rahmen der AGB und Richtlinien. <\/span><\/p>\n<p class=\"normal\"><span lang=\"de\">Gespeicherte Daten werden vom Anbieter ohne gesetzliche Anordnung nicht eingesehen. Durch die Nutzung der Dienste von Uploaded werden automatisch Informationen gespeichert, dazu geh\u00f6ren sowohl personenbezogene Daten im Rahmen der Registrierung, als auch anonymisierte Daten, welche f\u00fcr statistische Zwecke ausgewertet werden. Der Anbieter verspricht gem\u00e4\u00df den Datenschutzrichtlinien, die Daten nicht an Dritte weiterzugeben, sofern keine gesetzliche Verpflichtung besteht.<\/span><\/p>\n<h2><span lang=\"de\">Kundendienst<\/span><\/h2>\n<p class=\"normal\"><span lang=\"de\">Den Link zum Support von Uploaded befindet sich ganz unten auf der Seite. Von dort aus gelangen Sie zum Support Bereich, wo Ihnen zwei M\u00f6glichkeiten zur Verf\u00fcgung stehen. Zum einen k\u00f6nnen Sie den Kundendienst direkt via Telefon \u00fcber die angegebene Nummer kontaktieren. Optional k\u00f6nnen Sie Ihr Anliegen auch schriftlich \u00fcber das Kontaktformular an den Support von Uploaded \u00fcbermitteln.<\/span><\/p>\n<h2><span lang=\"de\">Benutzerfreundlichkeit<\/span><\/h2>\n<p class=\"normal\"><span lang=\"de\">Nach dem Login k\u00f6nnen Sie oben zwischen den Optionen Datei Upload, Remote Upload sowie FTP Upload und Import w\u00e4hlen. Darunter befinden sich Informationen zu Ihrem Account, zu Ihren Einnahmen und Ihren Abonnements. Auch der Traffic sowie der verbrauchte und verf\u00fcgbare Backup Speicher werden hier angezeigt. Im Rahmen der Profil-Ansicht ist es Ihnen dar\u00fcber hinaus m\u00f6glich, den Account zu einem Premium Account aufzuwerten. Weiter oben finden Sie die Bereiche \u201cDateien und Ordner\u201d sowie \u201cuDrive\u201d.<\/span><\/p>\n<p class=\"normal\"><span lang=\"de\">Einen kleinen Minuspunkt k\u00f6nnte der Anbieter f\u00fcr die Tatsache erhalten, dass auf der Seite keine direkte Suchfunktion enthalten ist. An dieser Stelle k\u00f6nnen jedoch ganz einfach andere Dienste wie die Rapid Search Engine oder der Service <a href=\"http:\/\/ddlsearch.free.fr\/\" target=\"_blank\" rel=\"noopener\">DDL Search Free<\/a> eingesetzt werden.<\/span><\/p>\n<h2><span lang=\"de\">Die Vorteile eines Premium Accounts<\/span><\/h2>\n<p class=\"normal\"><span lang=\"de\">Ein Premium Account erm\u00f6glicht es Ihnen, die Dienste von Uploaded mit der maximalen Geschwindigkeit zu nutzen und dabei ohne Einschr\u00e4nkungen mehrere Downloads gleichzeitig zu starten. Der Download startet selbstverst\u00e4ndlich sofort und ohne Werbung. Ihre hochgeladenen Dateien, welche \u00fcber eine unbegrenzte Haltbarkeit verf\u00fcgen, k\u00f6nnen Sie \u00fcbersichtlich im Dateimanager verwalten.<\/span><\/p>\n<h2><span lang=\"de\">Unser Fazit zum Anbieter Uploaded<\/span><\/h2>\n<p class=\"normal\"><span lang=\"de\">Der Anbieter Uploaded kann im Rahmen des Datenschutzes sowie der Privatsph\u00e4re mit einem hohen Ma\u00df an Sicherheit \u00fcberzeugen und bietet neben dem kostenlosen Account ein breites Sortiment an Tarifen. Dabei sticht vor allem der 48 Stunden Tarif hervor, welcher bereits ab 4,99 Euro erh\u00e4ltlich ist. Interessant sind auch die Tarife f\u00fcr Firmenkunden, welche nur von wenigen Filehostern angeboten werden.<\/span><\/p>\n<p class=\"normal\"><span lang=\"de\">Die Internetseite ist sowohl vor, als auch nach dem Login \u00fcbersichtlich und gut strukturiert. Bei offenen Fragen steht Ihnen der Kundendienst per Telefon und Kontaktformular zur Verf\u00fcgung.<\/span><\/p>\n<p class=\"normal\"><span lang=\"de\">Entscheiden Sie sich f\u00fcr einen Uploaded Premium Account, stehen Ihnen neben der Bezahlung via Kreditkarte, Lastschrift und Bitcoin f\u00fcnf weitere Bezahlmethoden zur Verf\u00fcgung. <\/span><\/p>\n<p class=\"normal\"><span lang=\"de\">Wir empfehlen Ihnen, vor dem Kauf Ihres Uploaded Accounts im Internet nach einem Uploaded Coupon zu suchen. Diese sind immer wieder direkt beim Filehoster oder anderen Websites zu finden. Geben Sie also einfach das Keyword \u201cUploaded Coupon\u201d in Ihrem Browser ein, um mit etwas Gl\u00fcck von einem besseren Preis beim Kauf Ihres Uploaded Premium Accounts zu profitieren.<\/span><\/p>\n<p><a class=\"fasc-button fasc-size-xlarge fasc-type-glossy fasc-rounded-medium ico-fa fasc-ico-after fa-share\" style=\"background-color: #43585e; color: #ffffff;\" rel=\"nofollow\" href=\"https:\/\/multihoster.org\/uploaded\/goto\/\">Gehe zu Uploaded.net<\/a><\/p>\n","protected":false},"excerpt":{"rendered":"<p>Der Anbieter Uploaded ist ein Cloud Storage Provider Dienst, welcher aus der Schweiz stammt und virtuellen Speicherplatz bietet, auf dem<\/p>\n","protected":false},"author":2,"featured_media":0,"parent":0,"menu_order":0,"comment_status":"closed","ping_status":"closed","template":"","meta":[],"yoast_head":"<!-- This site is optimized with the Yoast SEO plugin v18.3 - https:\/\/yoast.com\/wordpress\/plugins\/seo\/ -->\n<title>lll\u25b7 Uploaded Premium Account seri\u00f6s oder nicht? +++ Test auf Multihoster.org<\/title>\n<meta name=\"description\" content=\"Handelt es sich bei Uploaded um einen seri\u00f6sen Anbieter oder nicht? Die Antwort findest du in dem aktuellen Test auf Multihoster.org \u279c Jetzt klicken \u271a unsere Erfahrungen lesen!\" \/>\n<meta name=\"robots\" content=\"index, follow, max-snippet:-1, max-image-preview:large, max-video-preview:-1\" \/>\n<link rel=\"canonical\" href=\"https:\/\/multihoster.org\/de\/uploaded\/\" \/>\n<meta property=\"og:locale\" content=\"de_DE\" \/>\n<meta property=\"og:type\" content=\"article\" \/>\n<meta property=\"og:title\" content=\"lll\u25b7 Uploaded Premium Account seri\u00f6s oder nicht? +++ Test auf Multihoster.org\" \/>\n<meta property=\"og:description\" content=\"Handelt es sich bei Uploaded um einen seri\u00f6sen Anbieter oder nicht? Die Antwort findest du in dem aktuellen Test auf Multihoster.org \u279c Jetzt klicken \u271a unsere Erfahrungen lesen!\" \/>\n<meta property=\"og:url\" content=\"https:\/\/multihoster.org\/de\/uploaded\/\" \/>\n<meta property=\"og:site_name\" content=\"Multihoster.org\" \/>\n<meta property=\"article:modified_time\" content=\"2018-09-12T07:57:46+00:00\" \/>\n<meta property=\"og:image\" content=\"https:\/\/multihoster.org\/wp-content\/uploads\/2018\/05\/uploaded_logo.jpg\" \/>\n<meta name=\"twitter:card\" content=\"summary\" \/>\n<meta name=\"twitter:label1\" content=\"Gesch\u00e4tzte Lesezeit\" \/>\n\t<meta name=\"twitter:data1\" content=\"6\u00a0Minuten\" \/>\n<script type=\"application\/ld+json\" class=\"yoast-schema-graph\">{\"@context\":\"https:\/\/schema.org\",\"@graph\":[{\"@type\":\"WebSite\",\"@id\":\"https:\/\/multihoster.org\/#website\",\"url\":\"https:\/\/multihoster.org\/\",\"name\":\"Multihoster.org\",\"description\":\"Reviews of the major Filehosting services\",\"potentialAction\":[{\"@type\":\"SearchAction\",\"target\":{\"@type\":\"EntryPoint\",\"urlTemplate\":\"https:\/\/multihoster.org\/?s={search_term_string}\"},\"query-input\":\"required name=search_term_string\"}],\"inLanguage\":\"de\"},{\"@type\":\"ImageObject\",\"@id\":\"https:\/\/multihoster.org\/de\/uploaded\/#primaryimage\",\"inLanguage\":\"de\",\"url\":\"https:\/\/multihoster.org\/wp-content\/uploads\/2018\/05\/uploaded_logo.jpg\",\"contentUrl\":\"https:\/\/multihoster.org\/wp-content\/uploads\/2018\/05\/uploaded_logo.jpg\",\"width\":675,\"height\":394},{\"@type\":\"WebPage\",\"@id\":\"https:\/\/multihoster.org\/de\/uploaded\/#webpage\",\"url\":\"https:\/\/multihoster.org\/de\/uploaded\/\",\"name\":\"lll\u25b7 Uploaded Premium Account seri\u00f6s oder nicht? +++ Test auf Multihoster.org\",\"isPartOf\":{\"@id\":\"https:\/\/multihoster.org\/#website\"},\"primaryImageOfPage\":{\"@id\":\"https:\/\/multihoster.org\/de\/uploaded\/#primaryimage\"},\"datePublished\":\"2018-05-15T20:54:00+00:00\",\"dateModified\":\"2018-09-12T07:57:46+00:00\",\"description\":\"Handelt es sich bei Uploaded um einen seri\u00f6sen Anbieter oder nicht? Die Antwort findest du in dem aktuellen Test auf Multihoster.org \u279c Jetzt klicken \u271a unsere Erfahrungen lesen!\",\"breadcrumb\":{\"@id\":\"https:\/\/multihoster.org\/de\/uploaded\/#breadcrumb\"},\"inLanguage\":\"de\",\"potentialAction\":[{\"@type\":\"ReadAction\",\"target\":[\"https:\/\/multihoster.org\/de\/uploaded\/\"]}]},{\"@type\":\"BreadcrumbList\",\"@id\":\"https:\/\/multihoster.org\/de\/uploaded\/#breadcrumb\",\"itemListElement\":[{\"@type\":\"ListItem\",\"position\":1,\"name\":\"Startseite\",\"item\":\"https:\/\/multihoster.org\/de\/\"},{\"@type\":\"ListItem\",\"position\":2,\"name\":\"Uploaded Premium Account &#8211; Der Filehoster im \u00dcberblick\"}]}]}<\/script>\n<!-- \/ Yoast SEO plugin. -->","yoast_head_json":{"title":"lll\u25b7 Uploaded Premium Account seri\u00f6s oder nicht? +++ Test auf Multihoster.org","description":"Handelt es sich bei Uploaded um einen seri\u00f6sen Anbieter oder nicht? Die Antwort findest du in dem aktuellen Test auf Multihoster.org \u279c Jetzt klicken \u271a unsere Erfahrungen lesen!","robots":{"index":"index","follow":"follow","max-snippet":"max-snippet:-1","max-image-preview":"max-image-preview:large","max-video-preview":"max-video-preview:-1"},"canonical":"https:\/\/multihoster.org\/de\/uploaded\/","og_locale":"de_DE","og_type":"article","og_title":"lll\u25b7 Uploaded Premium Account seri\u00f6s oder nicht? +++ Test auf Multihoster.org","og_description":"Handelt es sich bei Uploaded um einen seri\u00f6sen Anbieter oder nicht? Die Antwort findest du in dem aktuellen Test auf Multihoster.org \u279c Jetzt klicken \u271a unsere Erfahrungen lesen!","og_url":"https:\/\/multihoster.org\/de\/uploaded\/","og_site_name":"Multihoster.org","article_modified_time":"2018-09-12T07:57:46+00:00","og_image":[{"url":"https:\/\/multihoster.org\/wp-content\/uploads\/2018\/05\/uploaded_logo.jpg"}],"twitter_card":"summary","twitter_misc":{"Gesch\u00e4tzte Lesezeit":"6\u00a0Minuten"},"schema":{"@context":"https:\/\/schema.org","@graph":[{"@type":"WebSite","@id":"https:\/\/multihoster.org\/#website","url":"https:\/\/multihoster.org\/","name":"Multihoster.org","description":"Reviews of the major Filehosting services","potentialAction":[{"@type":"SearchAction","target":{"@type":"EntryPoint","urlTemplate":"https:\/\/multihoster.org\/?s={search_term_string}"},"query-input":"required name=search_term_string"}],"inLanguage":"de"},{"@type":"ImageObject","@id":"https:\/\/multihoster.org\/de\/uploaded\/#primaryimage","inLanguage":"de","url":"https:\/\/multihoster.org\/wp-content\/uploads\/2018\/05\/uploaded_logo.jpg","contentUrl":"https:\/\/multihoster.org\/wp-content\/uploads\/2018\/05\/uploaded_logo.jpg","width":675,"height":394},{"@type":"WebPage","@id":"https:\/\/multihoster.org\/de\/uploaded\/#webpage","url":"https:\/\/multihoster.org\/de\/uploaded\/","name":"lll\u25b7 Uploaded Premium Account seri\u00f6s oder nicht? +++ Test auf Multihoster.org","isPartOf":{"@id":"https:\/\/multihoster.org\/#website"},"primaryImageOfPage":{"@id":"https:\/\/multihoster.org\/de\/uploaded\/#primaryimage"},"datePublished":"2018-05-15T20:54:00+00:00","dateModified":"2018-09-12T07:57:46+00:00","description":"Handelt es sich bei Uploaded um einen seri\u00f6sen Anbieter oder nicht? Die Antwort findest du in dem aktuellen Test auf Multihoster.org \u279c Jetzt klicken \u271a unsere Erfahrungen lesen!","breadcrumb":{"@id":"https:\/\/multihoster.org\/de\/uploaded\/#breadcrumb"},"inLanguage":"de","potentialAction":[{"@type":"ReadAction","target":["https:\/\/multihoster.org\/de\/uploaded\/"]}]},{"@type":"BreadcrumbList","@id":"https:\/\/multihoster.org\/de\/uploaded\/#breadcrumb","itemListElement":[{"@type":"ListItem","position":1,"name":"Startseite","item":"https:\/\/multihoster.org\/de\/"},{"@type":"ListItem","position":2,"name":"Uploaded Premium Account &#8211; Der Filehoster im \u00dcberblick"}]}]}},"_links":{"self":[{"href":"https:\/\/multihoster.org\/de\/wp-json\/wp\/v2\/pages\/125"}],"collection":[{"href":"https:\/\/multihoster.org\/de\/wp-json\/wp\/v2\/pages"}],"about":[{"href":"https:\/\/multihoster.org\/de\/wp-json\/wp\/v2\/types\/page"}],"author":[{"embeddable":true,"href":"https:\/\/multihoster.org\/de\/wp-json\/wp\/v2\/users\/2"}],"replies":[{"embeddable":true,"href":"https:\/\/multihoster.org\/de\/wp-json\/wp\/v2\/comments?post=125"}],"version-history":[{"count":14,"href":"https:\/\/multihoster.org\/de\/wp-json\/wp\/v2\/pages\/125\/revisions"}],"predecessor-version":[{"id":1431,"href":"https:\/\/multihoster.org\/de\/wp-json\/wp\/v2\/pages\/125\/revisions\/1431"}],"wp:attachment":[{"href":"https:\/\/multihoster.org\/de\/wp-json\/wp\/v2\/media?parent=125"}],"curies":[{"name":"wp","href":"https:\/\/api.w.org\/{rel}","templated":true}]}}