{"id":130,"date":"2018-05-15T21:01:15","date_gmt":"2018-05-15T21:01:15","guid":{"rendered":"https:\/\/multihoster.org\/?page_id=130"},"modified":"2018-09-11T06:21:04","modified_gmt":"2018-09-11T06:21:04","slug":"filefactory","status":"publish","type":"page","link":"https:\/\/multihoster.org\/de\/filefactory\/","title":{"rendered":"Filefactory Premium Account &#8211; Der Filehoster im \u00dcberblick"},"content":{"rendered":"<p class=\"normal\"><span lang=\"de\">Auf der Internet<\/span><span lang=\"de\"><img loading=\"lazy\" class=\"size-medium wp-image-240 alignleft\" src=\"https:\/\/multihoster.org\/wp-content\/uploads\/2018\/05\/filefactory_logo-300x86.jpg\" alt=\"\" width=\"300\" height=\"86\" srcset=\"https:\/\/multihoster.org\/wp-content\/uploads\/2018\/05\/filefactory_logo-300x86.jpg 300w, https:\/\/multihoster.org\/wp-content\/uploads\/2018\/05\/filefactory_logo.jpg 365w\" sizes=\"(max-width: 300px) 100vw, 300px\" \/><\/span><span lang=\"de\">seite Filefactory k\u00f6nnen Sie als Anwender sowohl Dateien hochladen, als auch Daten von anderen Benutzern herunterladen. Neben der kostenpflichti<\/span><span lang=\"de\">gen Premium Variante, welche eine unlimitierte Downloadgeschwindigkeit erm\u00f6glicht, bietet Filefactory seine Dienstleistungen im begrenzten Rahmen auch kostenlos an. Das Unternehmen geh\u00f6rt seit 2005 zu den f\u00fchrenden Filehostern.<\/span><\/p>\n\n<p><a class=\"fasc-button fasc-size-xlarge fasc-type-glossy fasc-rounded-medium ico-fa fasc-ico-after fa-share\" style=\"background-color: #3f5f69; color: #ffffff;\" target=\"_blank\" rel=\"nofollow\" href=\"https:\/\/multihoster.org\/filefactory\/goto\/\">Gehen Sie zu FileFactory.com<\/a><\/p>\n<h2 class=\"normal\"><span lang=\"de\">Positive Eigenschaften des Anbieters<\/span><\/h2>\n<p>&#8211; Kostenlose Nutzung sowie Premium Account<br \/>\n&#8211; Teilen von Daten via Social Media Account<br \/>\n&#8211; Bis zu 5 GB pro Upload<br \/>\n&#8211; Maximale Geschwindigkeit mit Premium Account<br \/>\n&#8211; Preiswertes Jahres-Abonnement verf\u00fcgbar<\/p>\n<h2><span lang=\"de\">Das gesamte Angebot von Filefactory im \u00dcberblick<\/span><\/h2>\n<p class=\"normal\"><span lang=\"de\">Wer den Service von Filefactory zuerst einmal ausprobieren m\u00f6chte, kann daf\u00fcr ein kostenloses Konto erstellen oder sich via Facebook, Twitter und Google verbinden. Dabei k\u00f6nnen sowohl die Downloadgeschwindigkeit, als auch die Anzahl der verf\u00fcgbaren Downloads pro Stunde oder Tag beschr\u00e4nkt sein.<\/span><\/p>\n<p class=\"normal\"><span lang=\"de\">Wer mit unbegrenzter Geschwindigkeit nach Belieben den ganzen Tag Dateien bei Filefactory herunter- oder hochladen m\u00f6chte, kann daf\u00fcr den preiswerten Premium-Dienst nutzen. An dieser Stelle stehen Ihnen vier Tarife mit einer Laufzeit von jeweils 30 Tagen, 90 Tagen sowie 180 oder 365 Tagen zur Verf\u00fcgung. Neben einer unbegrenzten Geschwindigkeit sowie einem unlimitierten Datenvolumen profitieren Sie beim Premium Service zudem durch weitere Leistungen.<\/span><\/p>\n<h2><span lang=\"de\">Bonusangebote<\/span><\/h2>\n<p class=\"normal\"><span lang=\"de\">Ein interessantes Bonusangebot ist die Pr\u00e4mie, welche Sie f\u00fcr die Weiterempfehlung von Filefactory erhalten. Wenn Ihnen der Premium Service des Anbieters gef\u00e4llt, k\u00f6nnen Sie diesen ganz einfach an Familienmitglieder sowie Freunde und Bekannte weiterempfehlen, wodurch Sie eine attraktive Provision erhalten.<\/span><\/p>\n<h2><span lang=\"de\">Kosten und Zahlungsm\u00f6glichkeiten<\/span><\/h2>\n<p><img loading=\"lazy\" class=\"aligncenter wp-image-243 size-full\" src=\"https:\/\/multihoster.org\/wp-content\/uploads\/2018\/05\/prices.jpg\" alt=\"\" width=\"1442\" height=\"738\" srcset=\"https:\/\/multihoster.org\/wp-content\/uploads\/2018\/05\/prices.jpg 1442w, https:\/\/multihoster.org\/wp-content\/uploads\/2018\/05\/prices-300x154.jpg 300w, https:\/\/multihoster.org\/wp-content\/uploads\/2018\/05\/prices-768x393.jpg 768w, https:\/\/multihoster.org\/wp-content\/uploads\/2018\/05\/prices-1024x524.jpg 1024w\" sizes=\"(max-width: 1442px) 100vw, 1442px\" \/><\/p>\n<p class=\"normal\"><span lang=\"de\">Das 30-t\u00e4gige Abonnement ist f\u00fcr 13 Dollar erh\u00e4ltlich, entscheiden Sie sich f\u00fcr die 90 Tages-Variante, liegen die monatlichen Kosten bei 12 Dollar. Im Rahmen der 180-t\u00e4gigen Abonnements erhalten Sie den Sparpreis von 10 Euro und beim Jahresabo f\u00e4llt der Preis auf gerade mal 8 Euro im Monat. Neben dem Abschluss eines Abonnements ist es zudem m\u00f6glich, ein einmaliges Datenpaket zu erwerben, um das verf\u00fcgbare Volumen im Rahmen der Traffic-Share Daten zu erh\u00f6hen. M\u00f6glich sind hier Datenpakete in der Gr\u00f6\u00dfe von 2, 5, 10 oder 20 Terabyte.<\/span><\/p>\n\n<table id=\"tablepress-7\" class=\"tablepress tablepress-id-7\">\n<tbody class=\"row-hover\">\n<tr class=\"row-1 odd\">\n\t<td class=\"column-1\">13 Dollar<\/td><td class=\"column-2\">35 Dollar<\/td><td class=\"column-3\">59 Dollar<\/td><td class=\"column-4\">94 Dollar<\/td>\n<\/tr>\n<tr class=\"row-2 even\">\n\t<td class=\"column-1\">30 Tage <\/td><td class=\"column-2\">390 Tage <\/td><td class=\"column-3\">180 Tage<\/td><td class=\"column-4\">365 Tage<\/td>\n<\/tr>\n<tr class=\"row-3 odd\">\n\t<td class=\"column-1\">Unbegrenzte<br \/>\nGeschwindigkeit<br \/>\n<\/td><td class=\"column-2\">Unbegrenzte<br \/>\nGeschwindigkeit<br \/>\n<\/td><td class=\"column-3\">Unbegrenzte<br \/>\nGeschwindigkeit<br \/>\n<\/td><td class=\"column-4\">Unbegrenzte<br \/>\nGeschwindigkeit<br \/>\n<\/td>\n<\/tr>\n<tr class=\"row-4 even\">\n\t<td class=\"column-1\">Unbegrenzte Anzahl an Downloads<\/td><td class=\"column-2\">Unbegrenzte Anzahl an Downloads<\/td><td class=\"column-3\">Unbegrenzte Anzahl an Downloads<\/td><td class=\"column-4\">Unbegrenzte Anzahl an Downloads<\/td>\n<\/tr>\n<tr class=\"row-5 odd\">\n\t<td class=\"column-1\">Keine Pop-Ups<\/td><td class=\"column-2\">Keine Pop-Ups<\/td><td class=\"column-3\">Keine Pop-Ups<\/td><td class=\"column-4\">Keine Pop-Ups<\/td>\n<\/tr>\n<tr class=\"row-6 even\">\n\t<td class=\"column-1\">13 Dollar pro Monat<\/td><td class=\"column-2\">12 Dollar pro Monat<\/td><td class=\"column-3\">10 Dollar pro Monat<\/td><td class=\"column-4\">8 Dollar pro Monat<\/td>\n<\/tr>\n<\/tbody>\n<\/table>\n<!-- #tablepress-7 from cache -->\n<p class=\"normal\"><span lang=\"de\">Was die Zahlungsm\u00f6glichkeiten betrifft, so ben\u00f6tigen Sie f\u00fcr den Kauf eines Produkts bei Filefactory eine g\u00fcltige Kreditkarte. Dabei kann es sich sowohl um eine VISA Karte, als auch um eine Mastercard oder die American Express Card handeln. Die Kreditkarte wird in Ihrem Konto hinterlegt und vom Anbieter f\u00fcr den weiteren Zahlungsverlauf verwendet. Die Bezahlung via Kreditkarte sorgt daf\u00fcr, dass der Bezahlvorgang bei Filefactory sicher, schnell und unkompliziert verl\u00e4uft.<\/span><\/p>\n<p class=\"normal\"><span lang=\"de\">Sollte es nicht m\u00f6glich sein, mit der gew\u00fcnschten Zahlungsmethode den Tarif bei Filefactory zu bezahlen, k\u00f6nnen Sie auf die M\u00f6glichkeit zur\u00fcckgreifen, das Produkt bei einem <a href=\"https:\/\/filesharingshop.com\/filefactory-premium-key-reseller.html\" target=\"_blank\" rel=\"noopener\">Reseller von Filefactory<\/a> zu erwerben.<\/span><\/p>\n<p><a class=\"fasc-button fasc-size-xlarge fasc-type-glossy fasc-rounded-medium ico-fa fasc-ico-after fa-share\" style=\"background-color: #3f5f69; color: #ffffff;\" target=\"_blank\" rel=\"nofollow\" href=\"https:\/\/multihoster.org\/filefactory\/goto\/\">Gehen Sie zu FileFactory.com<\/a><\/p>\n<p>&nbsp;<\/p>\n<h2><span lang=\"de\">Privatsph\u00e4re und Datenschutz<\/span><\/h2>\n<p class=\"normal\"><span lang=\"de\">Auf der Suche nach einem geeigneten Filehoster sind Anwender selbstverst\u00e4ndlich auf der Suche nach dem h\u00f6chsten Ma\u00df an Sicherheit. Daher fragen sich viele Interessenten &#8211; ist der Download- und Upload von Daten bei Filefactory sicher? Wir haben f\u00fcr Sie den Anbieter genauer unter die Lupe genommen und sind zum Schluss gekommen, dass Ihre Daten bei Filefactory sicher sind und vertraulich behandelt werden.<\/span><\/p>\n<p class=\"normal\"><span lang=\"de\">Filefactory garantiert einen vertrauensw\u00fcrdigen Umgang mit den pers\u00f6nlichen Daten. Diese werden verwendet, um Kunden \u00fcber das Unternehmen, \u00fcber das Angebot sowie \u00fcber Aktionen von Partnern zu informieren. Ihre Finanzdaten nutzt Filefactory ausschlie\u00dflich zur Verifizierung beim Kauf von Produkten und Dienstleistungen sowie f\u00fcr die Abrechnung. Demographische Daten werden gesammelt, um die Seite und die Benutzerfreundlichkeit auf den jeweiligen Anwender auszurichten.<\/span><\/p>\n<p class=\"normal\"><span lang=\"de\">Grunds\u00e4tzlich werden personenbezogene Daten nur dann an Dritte weitergegeben, wenn diese zu den Partnern von Filefactory geh\u00f6ren und die gleichen Datenschutzrichtlinien einhalten. Ihre Daten sind also nicht nur bei Filefactory in sicheren H\u00e4nden, sondern auch bei den Gesch\u00e4ftspartnern des Unternehmens.<\/span><\/p>\n<p class=\"normal\"><span lang=\"de\">M\u00f6chten Sie die Weitergabe Ihrer Daten g\u00e4nzlich unterbinden, k\u00f6nnen Sie eine individuelle Anfrage beim Anbieter stellen, dies kann jedoch eine geringere Auswahl an Features zur Folge haben.<\/span><\/p>\n<h2><span lang=\"de\">Kundendienst<\/span><\/h2>\n<p class=\"normal\"><span lang=\"de\">Um mit dem Kundendienst von Filefactory in Kontakt zu kommen, k\u00f6nnen Sie entweder das Support-Forum im Mitgliederbereich aufrufen oder eine Email an den Support verfassen. Ein telefonischer Kundendienst wird nicht angeboten.<\/span><\/p>\n<h2><span lang=\"de\">Benutzerfreundlichkeit<\/span><\/h2>\n<p><img loading=\"lazy\" class=\"aligncenter wp-image-242 size-full\" src=\"https:\/\/multihoster.org\/wp-content\/uploads\/2018\/05\/filefactory-options.jpg\" alt=\"\" width=\"1519\" height=\"678\" srcset=\"https:\/\/multihoster.org\/wp-content\/uploads\/2018\/05\/filefactory-options.jpg 1519w, https:\/\/multihoster.org\/wp-content\/uploads\/2018\/05\/filefactory-options-300x134.jpg 300w, https:\/\/multihoster.org\/wp-content\/uploads\/2018\/05\/filefactory-options-768x343.jpg 768w, https:\/\/multihoster.org\/wp-content\/uploads\/2018\/05\/filefactory-options-1024x457.jpg 1024w\" sizes=\"(max-width: 1519px) 100vw, 1519px\" \/><\/p>\n<p>Die Internetseite ist sehr \u00fcbersichtlich gehalten, wobei bereits auf der Startseite alle notwendigen Informationen ersichtlich sind. Oben auf der Startseite k\u00f6nnen Sie direkt einen kostenlosen Account erstellen und sich dabei auch \u00fcber soziale Medien registrieren, sodass der Anmeldeprozess nur wenige Sekunden dauert.<\/p>\n<p>Direkt nach der Anmeldung gelangen Sie zur Kontozusammenfassung, wo alle relevanten Informationen eingesehen werden k\u00f6nnen. Sie k\u00f6nnen hier die Filebox aktivieren, einen Gutschein einl\u00f6sen oder den Account mit einem Ihrer Social Media Accounts verbinden.<\/p>\n<p>Dar\u00fcber hinaus steht Ihnen die Option Traffic Share zur Verf\u00fcgung. M\u00f6gliche Benachrichtigungen werden ebenfalls im Rahmen der Kontozusammenfassung angezeigt.<\/p>\n<p>Durch die Aktivierung der Filebox haben andere Benutzer die M\u00f6glichkeit, Dateien auf Ihr Konto hochzuladen. Je nach Belieben kann durch das Setzen eines Hakens entschieden werden, ob jeder Benutzer Dateien hochladen kann oder nur Benutzer, welche \u00fcber das notwendige Passwort verf\u00fcgen. Die URL k\u00f6nnen Sie in diesem Zusammenhang individuell gestalten.<\/p>\n<p>Durch die Option Traffic Share ist es m\u00f6glich, Ihre Daten anderen Benutzern zum Download bereit zu stellen. Auch hier haben Sie wieder die M\u00f6glichkeit, einen Passwortschutz einzurichten, sodass nur bestimmte User Zugriff auf Ihre Dateien haben.<\/p>\n<p>M\u00f6chten Sie selbst Dateien hochladen, stehen Ihnen daf\u00fcr drei verschiedene M\u00f6glichkeiten zur Auswahl. Zum einen k\u00f6nnen Sie einen lokalen Upload vom Computer vornehmen. M\u00f6glich ist auch ein Remote Upload oder ein FTP Upload. Die maximale Gr\u00f6\u00dfe pro Datei und Upload liegt bei 5 GB. Somit ist es m\u00f6glich, gro\u00dfe Dateien auf einmal unkompliziert hochzuladen.<\/p>\n<p>F\u00fcr alle diejenigen, welche bei Filefactory auf der Suche nach bestimmten Daten sind, ist die Suchfunktion empfehlenswert. Hier k\u00f6nnen Sie angeben, was Sie suchen und erhalten, sofern andere Nutzer \u00fcber die gew\u00fcnschten Dateien verf\u00fcgen und diese f\u00fcr Sie freigegeben haben, Zugriff auf eine gro\u00dfe Anzahl an Datenpaketen. Im Rahmen der Suchfunktion k\u00f6nnen Sie entweder alle Dateien durchsuchen lassen oder ausschlie\u00dflich nach bestimmten Dateien suchen. Zur Auswahl stehen sechs Kategorien &#8211; Audiodateien, Videodateien, Bilder, Programme sowie Dokumente und Archive.<\/p>\n<h2><span lang=\"de\">Die Vorteile eines Premium Accounts bei Filefactory<\/span><\/h2>\n<p class=\"normal\"><span lang=\"de\">Ein Premium Account bei Filefactory bietet Ihnen eine Vielzahl an Features, welche beim kostenlosen Account nicht oder nur im geringeren Ma\u00dfe Umfang vorhanden sind. W\u00e4hrend die Downloadgeschwindigkeit bei anonymen Benutzern und normalen Mitgliedern begrenzt ist, verf\u00fcgen Sie als Premium-Mitglied \u00fcber eine unbeschr\u00e4nkte Geschwindigkeit. Dar\u00fcber hinaus k\u00f6nnen Sie im Gegensatz zur kostenlosen Mitgliedschaft mit dem Premium Account unendlich viele Downloads zur gleichen Zeit t\u00e4tigen.<\/span><\/p>\n<p class=\"normal\"><span lang=\"de\">W\u00e4hrend die Dateien bei dem kostenlosen Account nur f\u00fcr 90 Tage gespeichert werden, k\u00f6nnen Premium Mitglieder Ihre Dateien f\u00fcr einen unbegrenzten Zeitraum speichern lassen. Weiterhin gibt es eine st\u00fcndliche Begrenzung sowie m\u00f6gliche Wartezeiten bei der nicht kostenpflichtigen Mitgliedschaft, w\u00e4hrend weder eine Wartezeit noch eine Download Begrenzung beim Premium Account zu erwarten sind.<\/span><\/p>\n<p class=\"normal\"><span lang=\"de\">Entscheiden Sie sich f\u00fcr einen Premium Account, profitieren Sie zudem von der automatischen Download Fortsetzung. Auch die Verwendung der meisten Downloadmanager ist nur mit dem Premium Account m\u00f6glich. <\/span><\/p>\n<p class=\"normal\"><span lang=\"de\">Der Premium-Account ist frei von Werbung und erm\u00f6glicht Ihnen das Hot Linking von Dateien sowie den Upload via FTP. Zudem profitieren Sie von Vorz\u00fcgen hinsichtlich des Kundendienstes.<\/span><\/p>\n<h2><span lang=\"de\">Unser Fazit zum Anbieter Filefactory<\/span><\/h2>\n<p class=\"normal\"><span lang=\"de\">Abschlie\u00dfend kann gesagt werden, dass der Anbieter Filefactory unsere Anforderungen hinsichtlich der Privatsph\u00e4re und des Datenschutzes im vollen Umfang erf\u00fcllt. Sowohl Sie als Benutzer, als auch Ihre Daten sind bei Filefactory sicher aufgehoben. <\/span><\/p>\n<p class=\"normal\"><span lang=\"de\">Dar\u00fcber hinaus erhalten Mitglieder bereits ohne Premium Account den Zugriff auf viele Daten. Premium-Mitglieder k\u00f6nnen den Service von Filefactory unbeschr\u00e4nkt nutzen und somit sowohl eine Vielzahl an Dateien der Allgemeinheit bereitstellen, als auch wertvolle Datenpakete von anderen Anwendern herunterladen. Die Internetseite ist \u00fcbersichtlich gestaltet, sodass es Ihnen einfach f\u00e4llt, zum gew\u00fcnschten Ziel zu navigieren. Lobenswert sind auch die Grunds\u00e4tze zur fairen Nutzung sowie die Richtlinien gegen die Ausbeutung von Kindern.<\/span><\/p>\n<p class=\"normal\"><span lang=\"de\">Nutzen Sie also ganz einfach das Angebot von Filefactory im Rahmen der kostenlosen Mitgliedschaft, um sich selbst von der Vielfalt an M\u00f6glichkeiten zu \u00fcberzeugen. Bei Gefallen k\u00f6nnen Sie durch das Hinterlegen einer Kreditkarte innerhalb weniger Minuten Ihre kostenlose Mitgliedschaft bei Filefactory einfach und sicher zu einem wertvollen Premium Account aufwerten. <\/span><\/p>\n<p><a class=\"fasc-button fasc-size-xlarge fasc-type-glossy fasc-rounded-medium ico-fa fasc-ico-after fa-share\" style=\"background-color: #3f5f69; color: #ffffff;\" target=\"_blank\" rel=\"nofollow\" href=\"https:\/\/multihoster.org\/filefactory\/goto\/\">Gehen Sie zu FileFactory.com<\/a><\/p>\n","protected":false},"excerpt":{"rendered":"<p>Auf der Internetseite Filefactory k\u00f6nnen Sie als Anwender sowohl Dateien hochladen, als auch Daten von anderen Benutzern herunterladen. Neben der<\/p>\n","protected":false},"author":2,"featured_media":0,"parent":0,"menu_order":0,"comment_status":"closed","ping_status":"closed","template":"","meta":[],"yoast_head":"<!-- This site is optimized with the Yoast SEO plugin v18.3 - https:\/\/yoast.com\/wordpress\/plugins\/seo\/ -->\n<title>lll\u25b7 Filefactory Premium Account seri\u00f6s oder nicht? +++ Test auf Multihoster.org<\/title>\n<meta name=\"description\" content=\"Handelt es sich bei filefactory um einen seri\u00f6sen Anbieter oder nicht? Die Antwort findest du in dem aktuellen Test auf Multihoster.org \u279c Jetzt klicken \u271a unsere Erfahrungen lesen!\" \/>\n<meta name=\"robots\" content=\"index, follow, max-snippet:-1, max-image-preview:large, max-video-preview:-1\" \/>\n<link rel=\"canonical\" href=\"https:\/\/multihoster.org\/de\/filefactory\/\" \/>\n<meta property=\"og:locale\" content=\"de_DE\" \/>\n<meta property=\"og:type\" content=\"article\" \/>\n<meta property=\"og:title\" content=\"lll\u25b7 Filefactory Premium Account seri\u00f6s oder nicht? +++ Test auf Multihoster.org\" \/>\n<meta property=\"og:description\" content=\"Handelt es sich bei filefactory um einen seri\u00f6sen Anbieter oder nicht? Die Antwort findest du in dem aktuellen Test auf Multihoster.org \u279c Jetzt klicken \u271a unsere Erfahrungen lesen!\" \/>\n<meta property=\"og:url\" content=\"https:\/\/multihoster.org\/de\/filefactory\/\" \/>\n<meta property=\"og:site_name\" content=\"Multihoster.org\" \/>\n<meta property=\"article:modified_time\" content=\"2018-09-11T06:21:04+00:00\" \/>\n<meta property=\"og:image\" content=\"https:\/\/multihoster.org\/wp-content\/uploads\/2018\/05\/filefactory_logo-300x86.jpg\" \/>\n<meta name=\"twitter:card\" content=\"summary\" \/>\n<meta name=\"twitter:label1\" content=\"Gesch\u00e4tzte Lesezeit\" \/>\n\t<meta name=\"twitter:data1\" content=\"7\u00a0Minuten\" \/>\n<script type=\"application\/ld+json\" class=\"yoast-schema-graph\">{\"@context\":\"https:\/\/schema.org\",\"@graph\":[{\"@type\":\"WebSite\",\"@id\":\"https:\/\/multihoster.org\/#website\",\"url\":\"https:\/\/multihoster.org\/\",\"name\":\"Multihoster.org\",\"description\":\"Reviews of the major Filehosting services\",\"potentialAction\":[{\"@type\":\"SearchAction\",\"target\":{\"@type\":\"EntryPoint\",\"urlTemplate\":\"https:\/\/multihoster.org\/?s={search_term_string}\"},\"query-input\":\"required name=search_term_string\"}],\"inLanguage\":\"de\"},{\"@type\":\"ImageObject\",\"@id\":\"https:\/\/multihoster.org\/de\/filefactory\/#primaryimage\",\"inLanguage\":\"de\",\"url\":\"https:\/\/multihoster.org\/wp-content\/uploads\/2018\/05\/filefactory_logo.jpg\",\"contentUrl\":\"https:\/\/multihoster.org\/wp-content\/uploads\/2018\/05\/filefactory_logo.jpg\",\"width\":365,\"height\":105},{\"@type\":\"WebPage\",\"@id\":\"https:\/\/multihoster.org\/de\/filefactory\/#webpage\",\"url\":\"https:\/\/multihoster.org\/de\/filefactory\/\",\"name\":\"lll\u25b7 Filefactory Premium Account seri\u00f6s oder nicht? +++ Test auf Multihoster.org\",\"isPartOf\":{\"@id\":\"https:\/\/multihoster.org\/#website\"},\"primaryImageOfPage\":{\"@id\":\"https:\/\/multihoster.org\/de\/filefactory\/#primaryimage\"},\"datePublished\":\"2018-05-15T21:01:15+00:00\",\"dateModified\":\"2018-09-11T06:21:04+00:00\",\"description\":\"Handelt es sich bei filefactory um einen seri\u00f6sen Anbieter oder nicht? Die Antwort findest du in dem aktuellen Test auf Multihoster.org \u279c Jetzt klicken \u271a unsere Erfahrungen lesen!\",\"breadcrumb\":{\"@id\":\"https:\/\/multihoster.org\/de\/filefactory\/#breadcrumb\"},\"inLanguage\":\"de\",\"potentialAction\":[{\"@type\":\"ReadAction\",\"target\":[\"https:\/\/multihoster.org\/de\/filefactory\/\"]}]},{\"@type\":\"BreadcrumbList\",\"@id\":\"https:\/\/multihoster.org\/de\/filefactory\/#breadcrumb\",\"itemListElement\":[{\"@type\":\"ListItem\",\"position\":1,\"name\":\"Startseite\",\"item\":\"https:\/\/multihoster.org\/de\/\"},{\"@type\":\"ListItem\",\"position\":2,\"name\":\"Filefactory Premium Account &#8211; Der Filehoster im \u00dcberblick\"}]}]}<\/script>\n<!-- \/ Yoast SEO plugin. -->","yoast_head_json":{"title":"lll\u25b7 Filefactory Premium Account seri\u00f6s oder nicht? +++ Test auf Multihoster.org","description":"Handelt es sich bei filefactory um einen seri\u00f6sen Anbieter oder nicht? Die Antwort findest du in dem aktuellen Test auf Multihoster.org \u279c Jetzt klicken \u271a unsere Erfahrungen lesen!","robots":{"index":"index","follow":"follow","max-snippet":"max-snippet:-1","max-image-preview":"max-image-preview:large","max-video-preview":"max-video-preview:-1"},"canonical":"https:\/\/multihoster.org\/de\/filefactory\/","og_locale":"de_DE","og_type":"article","og_title":"lll\u25b7 Filefactory Premium Account seri\u00f6s oder nicht? +++ Test auf Multihoster.org","og_description":"Handelt es sich bei filefactory um einen seri\u00f6sen Anbieter oder nicht? Die Antwort findest du in dem aktuellen Test auf Multihoster.org \u279c Jetzt klicken \u271a unsere Erfahrungen lesen!","og_url":"https:\/\/multihoster.org\/de\/filefactory\/","og_site_name":"Multihoster.org","article_modified_time":"2018-09-11T06:21:04+00:00","og_image":[{"url":"https:\/\/multihoster.org\/wp-content\/uploads\/2018\/05\/filefactory_logo-300x86.jpg"}],"twitter_card":"summary","twitter_misc":{"Gesch\u00e4tzte Lesezeit":"7\u00a0Minuten"},"schema":{"@context":"https:\/\/schema.org","@graph":[{"@type":"WebSite","@id":"https:\/\/multihoster.org\/#website","url":"https:\/\/multihoster.org\/","name":"Multihoster.org","description":"Reviews of the major Filehosting services","potentialAction":[{"@type":"SearchAction","target":{"@type":"EntryPoint","urlTemplate":"https:\/\/multihoster.org\/?s={search_term_string}"},"query-input":"required name=search_term_string"}],"inLanguage":"de"},{"@type":"ImageObject","@id":"https:\/\/multihoster.org\/de\/filefactory\/#primaryimage","inLanguage":"de","url":"https:\/\/multihoster.org\/wp-content\/uploads\/2018\/05\/filefactory_logo.jpg","contentUrl":"https:\/\/multihoster.org\/wp-content\/uploads\/2018\/05\/filefactory_logo.jpg","width":365,"height":105},{"@type":"WebPage","@id":"https:\/\/multihoster.org\/de\/filefactory\/#webpage","url":"https:\/\/multihoster.org\/de\/filefactory\/","name":"lll\u25b7 Filefactory Premium Account seri\u00f6s oder nicht? +++ Test auf Multihoster.org","isPartOf":{"@id":"https:\/\/multihoster.org\/#website"},"primaryImageOfPage":{"@id":"https:\/\/multihoster.org\/de\/filefactory\/#primaryimage"},"datePublished":"2018-05-15T21:01:15+00:00","dateModified":"2018-09-11T06:21:04+00:00","description":"Handelt es sich bei filefactory um einen seri\u00f6sen Anbieter oder nicht? Die Antwort findest du in dem aktuellen Test auf Multihoster.org \u279c Jetzt klicken \u271a unsere Erfahrungen lesen!","breadcrumb":{"@id":"https:\/\/multihoster.org\/de\/filefactory\/#breadcrumb"},"inLanguage":"de","potentialAction":[{"@type":"ReadAction","target":["https:\/\/multihoster.org\/de\/filefactory\/"]}]},{"@type":"BreadcrumbList","@id":"https:\/\/multihoster.org\/de\/filefactory\/#breadcrumb","itemListElement":[{"@type":"ListItem","position":1,"name":"Startseite","item":"https:\/\/multihoster.org\/de\/"},{"@type":"ListItem","position":2,"name":"Filefactory Premium Account &#8211; Der Filehoster im \u00dcberblick"}]}]}},"_links":{"self":[{"href":"https:\/\/multihoster.org\/de\/wp-json\/wp\/v2\/pages\/130"}],"collection":[{"href":"https:\/\/multihoster.org\/de\/wp-json\/wp\/v2\/pages"}],"about":[{"href":"https:\/\/multihoster.org\/de\/wp-json\/wp\/v2\/types\/page"}],"author":[{"embeddable":true,"href":"https:\/\/multihoster.org\/de\/wp-json\/wp\/v2\/users\/2"}],"replies":[{"embeddable":true,"href":"https:\/\/multihoster.org\/de\/wp-json\/wp\/v2\/comments?post=130"}],"version-history":[{"count":7,"href":"https:\/\/multihoster.org\/de\/wp-json\/wp\/v2\/pages\/130\/revisions"}],"predecessor-version":[{"id":1341,"href":"https:\/\/multihoster.org\/de\/wp-json\/wp\/v2\/pages\/130\/revisions\/1341"}],"wp:attachment":[{"href":"https:\/\/multihoster.org\/de\/wp-json\/wp\/v2\/media?parent=130"}],"curies":[{"name":"wp","href":"https:\/\/api.w.org\/{rel}","templated":true}]}}