{"id":132,"date":"2018-05-15T20:55:37","date_gmt":"2018-05-15T20:55:37","guid":{"rendered":"https:\/\/multihoster.org\/?page_id=132"},"modified":"2020-10-28T09:29:36","modified_gmt":"2020-10-28T09:29:36","slug":"rapidgator2","status":"publish","type":"page","link":"https:\/\/multihoster.org\/de\/rapidgator2\/","title":{"rendered":"Rapidgator Premium Account &#8211; Der Filehoster im \u00dcberblick"},"content":{"rendered":"\n<p>Wir sind nicht mit Rapidgator.net verbunden, assoziiert, autorisiert, von Rapidgator.net unterst\u00fctzt oder in irgendeiner Weise offiziell mit Rapidgator.net verbunden.<\/p>\n\n\n<p class=\"normal\"><span lang=\"de\"><img loading=\"lazy\" class=\"size-full wp-image-4672 alignleft\" src=\"https:\/\/multihoster.org\/wp-content\/uploads\/2020\/06\/rapidgator_logo.png\" alt=\"rapidgator_logo\" width=\"363\" height=\"62\" srcset=\"https:\/\/multihoster.org\/wp-content\/uploads\/2020\/06\/rapidgator_logo.png 363w, https:\/\/multihoster.org\/wp-content\/uploads\/2020\/06\/rapidgator_logo-300x51.png 300w\" sizes=\"(max-width: 363px) 100vw, 363px\" \/>Der Filehoster Rapidgator ist seit dem Jahr 2010 in der Filehosting- und File Sharing Branche aktiv. Seitdem hat sich das Unternehmen mit mehreren Millionen Benutzern am Tag merkbar etabliert und geh\u00f6rt zur Spitzenklasse im Bereich Filehosting. Durch die strategische Platzierung der Server an Internet-Knotenpunkten, m\u00f6chte der Anbieter seinen Anwendern durch Premium Accounts die bestm\u00f6gliche Download- sowie Upload-Geschwindigkeit erm\u00f6glichen.<\/span><\/p>\n<p class=\"normal\"><span lang=\"de\">In der Firmenphilosophie von Rapidgator werden folgende Kernelemente hervorgehoben:<\/span><\/p>\n<ul>\n<li>Service<\/li>\n<li>Respekt zum Kunden<\/li>\n<li>Sicherheit<\/li>\n<li>Technologie<\/li>\n<li>Exzellenz<\/li>\n<\/ul>\n\n<p><a class=\"fasc-button fasc-size-xlarge fasc-type-glossy fasc-rounded-medium ico-fa fasc-ico-after fa-share\" style=\"background-color: #43585e; color: #ffffff;\" target=\"_blank\" rel=\"nofollow noopener noreferrer\" href=\"https:\/\/multihoster.org\/rapidgator\/goto\/\">Premium-Konto kaufen<\/a><\/p>\n<h2><span lang=\"de\">Positive Eigenschaften des Anbieters<\/span><\/h2>\n<ul>\n<li>kostenloser Account<\/li>\n<li>unbegrenzt viel Speicherplatz m\u00f6glich<\/li>\n<li>sehr hohes Ma\u00df an Sicherheit<\/li>\n<li>maximale Geschwindigkeit von bis zu 10 TB<\/li>\n<li>attraktive Verdienstm\u00f6glichkeit<\/li>\n<\/ul>\n<h2><span lang=\"de\">Das gesamte Angebot von Rapidgator im \u00dcberblick<\/span><\/h2>\n<p class=\"normal\"><span lang=\"de\">Der Filehoster bietet neben dem Rapidgator Premium Account, welcher ein breites Spektrum an Leistungen umfasst, die Erstellung eines kostenlosen Accounts an. Mit diesem k\u00f6nnen Benutzer bereits einen gewissen Umfang der Leistungen nutzen und das Angebot von Rapidgator testen.<\/span><\/p>\n<p class=\"normal\"><span lang=\"de\">Wer vom Anbieter \u00fcberzeugt ist, kann vom kostenlosen Account zum Premium Account wechseln. Dabei wird Ihnen eine maximale Geschwindigkeit von bis zu 10 TB geboten. Im Rahmen der Speicherung stehen Ihnen Tarife mit einem Speicherplatz von 3 TB sowie unlimitierte Tarife, bei denen die Daten mindestens alle 60 Tage einmal heruntergeladen werden m\u00fcssen, um auf den Webservern gespeichert zu bleiben, zur Verf\u00fcgung.<\/span><\/p>\n<p class=\"normal\"><span lang=\"de\">Moderne Software sorgt f\u00fcr das maximale Ma\u00df an Sicherheit, daf\u00fcr sprechen unter anderem die Satisfaction Guarantee sowie das <a href=\"https:\/\/www.trustedshops.de\/guetesiegel\/\" target=\"_blank\" rel=\"noopener noreferrer\">TRUSTed Siegel<\/a>. Au\u00dferdem ist es m\u00f6glich, bei Rapidgator.net auf eine entspannte Art und Weise Geld zu verdienen.<\/span><\/p>\n<h2><span lang=\"de\">Bonusangebote<\/span><\/h2>\n<p class=\"normal\"><span lang=\"de\">Beim Anbieter Rapidgator k\u00f6nnen Sie nicht nur diverse Dateien hoch- und herunterladen, sondern dar\u00fcber hinaus einiges an Geld verdienen. Wie das funktioniert? <\/span><\/p>\n<p class=\"normal\"><span lang=\"de\">Ganz einfach &#8211; um bei Rapidgator Geld zu verdienen, m\u00fcssen lediglich Dateien hochgeladen werden. Im Rahmen des Bonussystems k\u00f6nnen Sie sich anschlie\u00dfend die verdienten Einnahmen auszahlen lassen. Der Anbieter wirbt damit, dass Benutzer bereits durch den ersten Upload bei Rapidgator Geld verdienen k\u00f6nnen. So haben sich die Kosten f\u00fcr den Rapidgator Premium Account schnell bezahlt gemacht.<\/span><\/p>\n<h2><span lang=\"de\">Kosten und Zahlungsm\u00f6glichkeiten<\/span><\/h2>\n<p><img loading=\"lazy\" class=\"alignnone size-full wp-image-4737\" src=\"https:\/\/multihoster.org\/wp-content\/uploads\/2020\/06\/rapidgator-payment-method-1.png\" alt=\"\" width=\"716\" height=\"475\" srcset=\"https:\/\/multihoster.org\/wp-content\/uploads\/2020\/06\/rapidgator-payment-method-1.png 716w, https:\/\/multihoster.org\/wp-content\/uploads\/2020\/06\/rapidgator-payment-method-1-300x199.png 300w\" sizes=\"(max-width: 716px) 100vw, 716px\" \/><\/p>\n<p class=\"normal\"><span lang=\"de\">Insgesamt stehen Ihnen beim Anbieter Rapidgator.net neun verschiedene Tarife zur Verf\u00fcgung, welche sehr vielf\u00e4ltig gestaltet sind, sodass jeder f\u00fcr sich das perfekte Angebot finden kann. Dabei finden Sie sowohl Tarife mit einer maximalen Speicherung von 3 TB sowie 10 TB, als auch Tarife mit einer unlimitierten Speicherung, welche je nach Beliebtheit der Daten zeitlich begrenzt sein kann. Die Preise reichen von 14,99 US-Dollar f\u00fcr ein einmonatiges Abonnement bis hin zu 99,99 US-Dollar f\u00fcr das j\u00e4hrliche Abonnement.<\/span><\/p>\n<p>&nbsp;<\/p>\n\n<table id=\"tablepress-9\" class=\"tablepress tablepress-id-9\">\n<thead>\n<tr class=\"row-1 odd\">\n\t<th class=\"column-1\">Preis<\/th><th class=\"column-2\">14,99$<\/th><th class=\"column-3\">14,99$<\/th><th class=\"column-4\">29,99$<\/th><th class=\"column-5\">39.99$<\/th><th class=\"column-6\">39.99$<\/th><th class=\"column-7\">49,99$<\/th><th class=\"column-8\">69,99$<\/th><th class=\"column-9\">99,99$<\/th><th class=\"column-10\">99,99$<\/th>\n<\/tr>\n<\/thead>\n<tbody class=\"row-hover\">\n<tr class=\"row-2 even\">\n\t<td class=\"column-1\">Dauer<\/td><td class=\"column-2\">30 Tage<\/td><td class=\"column-3\">30 Tage<\/td><td class=\"column-4\">60 Tage<\/td><td class=\"column-5\">90 Tage<\/td><td class=\"column-6\">90 Tage<\/td><td class=\"column-7\">180 Tage<\/td><td class=\"column-8\">180 Tage<\/td><td class=\"column-9\">365 Tage<\/td><td class=\"column-10\">365 Tage<\/td>\n<\/tr>\n<tr class=\"row-3 odd\">\n\t<td class=\"column-1\">Geschwindigkeit<\/td><td class=\"column-2\">1 TB<\/td><td class=\"column-3\">1 TB<\/td><td class=\"column-4\">2 TB<\/td><td class=\"column-5\">4 TB<\/td><td class=\"column-6\">4 TB<\/td><td class=\"column-7\">6 TB<\/td><td class=\"column-8\">6 TB<\/td><td class=\"column-9\">12 TB<\/td><td class=\"column-10\">12 TB<\/td>\n<\/tr>\n<tr class=\"row-4 even\">\n\t<td class=\"column-1\">Speicherung<\/td><td class=\"column-2\">kein Limit<\/td><td class=\"column-3\">3 TB<\/td><td class=\"column-4\">3 TB<\/td><td class=\"column-5\">kein Limit<\/td><td class=\"column-6\">3 TB<\/td><td class=\"column-7\">kein Limit<\/td><td class=\"column-8\">3 TB<\/td><td class=\"column-9\">kein Limit<\/td><td class=\"column-10\">10 TB<\/td>\n<\/tr>\n<\/tbody>\n<\/table>\n<!-- #tablepress-9 from cache -->\n<p>&nbsp;<\/p>\n<p>Hinsichtlich der Zahlungsm\u00f6glichkeiten f\u00fcr den Premium Account steht Ihnen unter anderem die Zahlung via VISA-Karte, Maestro-Karte oder Mastercard zur Auswahl. Wer bei der Bezahlung im Internet besonders gro\u00dfen Wert auf Sicherheit legt, kann die Verfahren \u201cverified by VISA\u201d sowie \u201cMastercard SecureCode\u201d verwenden. Dabei handelt es sich um Sicherheitsverfahren von VISA und Mastercard, welche beim Kauf eine zus\u00e4tzliche Verifikation zwischenschalten, damit Sie das gew\u00fcnschte Produkt bei Rapidgator sicher kaufen und Ihre Daten sowie Ihr Geld sch\u00fctzen k\u00f6nnen.<\/p>\n<p>Dar\u00fcber hinaus gibt es viele, weitere Zahlmethoden. M\u00f6glich ist zum Beispiel die Zahlung via Paysafecard, Google Play oder Apple pay. Auch ein normaler Banktransfer, der Kauf bei Resellern sowie weitere Optionen stehen zur Verf\u00fcgung. Dazu z\u00e4hlt die Bezahlung mit einer digitalen W\u00e4hrung wie Bitcoin oder Litecoin.<\/p>\n<p>&nbsp;<\/p>\n<p><a class=\"fasc-button fasc-size-xlarge fasc-type-glossy fasc-rounded-medium ico-fa fasc-ico-after fa-share\" style=\"background-color: #43585e; color: #ffffff;\" target=\"_blank\" rel=\"nofollow noopener noreferrer\" href=\"https:\/\/multihoster.org\/rapidgator\/goto\/\">Premium-Konto kaufen<\/a><\/p>\n<h2><span lang=\"de\">Privatsph\u00e4re und Datenschutz<\/span><\/h2>\n<p class=\"normal\"><span lang=\"de\">Was die Privatsph\u00e4re und den Datenschutz betrifft, so setzt der Anbieter h\u00f6chste Anforderungen an sich selbst. Bei der Verwendung der Dienste von Rapidgator.net werden automatisch diverse Informationen gespeichert, dazu geh\u00f6ren neben der IP-Adresse weitere pers\u00f6nliche sowie demographische Daten. <\/span><\/p>\n<p class=\"normal\"><span lang=\"de\">Verwendet werden Ihre Daten dabei f\u00fcr folgende Zwecke:<\/span><\/p>\n<ul>\n<li>Durchf\u00fchrung und Abschluss von Finanztransaktionen<\/li>\n<li>Feedback-Anfragen sowie Kontaktaufnahme hinsichtlich dem Service sowie der App<\/li>\n<li>Beantwortung von Emails, Anfragen, Kommentaren sowie Beschwerden etc.<\/li>\n<li>Darstellung und Analyse von Service-Verwendung und Trends<\/li>\n<li>Personalisierung und Verbesserung des Service<\/li>\n<li>\u00dcbermittlung von Nachrichten, zus\u00e4tzlichen Informationen, Best\u00e4tigungen, Updates,<\/li>\n<li>Sicherheitsbenachrichtigungen etc.<\/li>\n<li>Benachrichtigung bei \u00c4nderungen hinsichtlich des Service sowie der App<\/li>\n<\/ul>\n<p>An Dritte werden die pers\u00f6nlichen Daten nur in wenigen F\u00e4llen weitergegeben &#8211; zum Beispiel an Kreditinstitute f\u00fcr den Zahlungsprozess sowie an Email Provider f\u00fcr den Versand von Nachrichten. Dar\u00fcber hinaus werden die Informationen nur dann an weitere Parteien \u00fcbermittelt, wenn eine ausdr\u00fcckliche Genehmigung vorliegt.<\/p>\n<p>Zudem werden demographische Daten an Partner \u00fcbermittelt, welche keinen pers\u00f6nlichen Bezug haben. In seltenen F\u00e4llen kann sich Rapidgator aus rechtlichen Gr\u00fcnden zum Schutz des Rechts, des Eigentums sowie der Sicherheit verpflichtet f\u00fchlen, Daten bei notwendig herauszugeben.<\/p>\n<h2><span lang=\"de\">Kundendienst<\/span><\/h2>\n<p class=\"normal\"><span lang=\"de\">Der Kundendienst von Rapidgator.net steht in deutscher Sprache zur Verf\u00fcgung, wodurch f\u00fcr jeden deutschen Anwender ein einwandfreier Support bereit steht. Ein telefonischer Kundendienst wird nicht angeboten, m\u00f6gliche Anfragen k\u00f6nnen via Feedback-Formular gestellt werden. Auf der Suche nach einer schnellen L\u00f6sung ist auch ein Blick in den FAQ-Bereich empfehlenswert. Hier werden Fragen beantwortet, die regelm\u00e4\u00dfig von vielen Nutzern gestellt werden.<\/span><\/p>\n<h2><span lang=\"de\">Benutzerfreundlichkeit<\/span><\/h2>\n<p class=\"normal\"><span lang=\"de\">Die Account Erstellung bei Rapidgator dauert nur wenige Sekunden und ist schnell abgeschlossen. Direkt nach dem Login k\u00f6nnen Sie in Ihrem Rapidgator Account die Funktion \u201cDatei hochladen\u201d verwenden und entweder via Web-Upload, FTP oder Remote-Upload die gew\u00fcnschte Datei auf die Webserver von Rapidgator hochladen.<\/span><\/p>\n<p class=\"normal\"><span lang=\"de\">Alle weiteren Dienste sind ebenfalls oben rechts auf der Seite zu finden. Hier k\u00f6nnen Sie aktuelle Informationen einsehen, einen Rapidgator Premium-Tarif abschlie\u00dfen sowie Ihre Einnahmen \u00fcberblicken, das Konto aufrufen und den Support kontaktieren. Ganz oben in der Ecke kann die Sprache ausgew\u00e4hlt werden, sodass jeder die Informationen der Seite in der jeweiligen Muttersprache erfassen kann.<\/span><\/p>\n<h2>Mobile App<\/h2>\n<p>Wer die Vorteile der Plattform Rapidgator.net auch unterwegs vom Smartphone oder Tablet genie\u00dfen m\u00f6chte, kann sich ganz einfach die daf\u00fcr vorgesehene App herunterladen. Erh\u00e4ltlich ist die App sowohl <a href=\"https:\/\/itunes.apple.com\/us\/app\/rapidgator-net-file-manager\/id1214212470?l=en&amp;ls=1&amp;mt=8\" target=\"_blank\" rel=\"noopener noreferrer\">bei iTunes f\u00fcr Ger\u00e4te von Apple<\/a> als auch <a href=\"https:\/\/play.google.com\/store\/apps\/details?id=net.rapidgator&amp;hl=de\" target=\"_blank\" rel=\"noopener noreferrer\">im Google Play Store f\u00fcr mobile Ger\u00e4te, die auf dem Betriebssystem Android laufen.<\/a><\/p>\n<h2><span lang=\"de\">Die Vorteile eines Premium Accounts bei Rapidgator<\/span><\/h2>\n<p>Mit einem Premium Account ist es Ihnen m\u00f6glich, bei Rapidgator.net mit einer au\u00dferordentlich schnellen Geschwindigkeit Dateien hoch- und herunterzuladen. Dar\u00fcber hinaus profitieren Sie durch die M\u00f6glichkeit, ohne Warteschleife zur gleichen Zeit so viele Downloads wie gew\u00fcnscht zu starten. L\u00e4stige Werbung wird Sie bei der Verwendung eines Premium Accounts garantiert nicht st\u00f6ren. Dank der Bandbreite von einem TB oder mehr k\u00f6nnen Dateien mit einer Gr\u00f6\u00dfe von bis zu 5 GB extrem schnell heruntergeladen werden.<\/p>\n<p>Die g\u00fcnstigsten Tarife sind bereits ab 14,99 US-Dollar erh\u00e4ltlich. Beide Tarife bieten Ihnen ein 30-t\u00e4giges Abonnement sowie eine Bandbreite von einem TB. Der Unterschied liegt in der Speicherung &#8211; w\u00e4hrend Sie mit dem ersten Rapidgator Premium Tarif unbegrenzt viele Dateien speichern k\u00f6nnen, welche 60 Tage nach dem letzten Download gel\u00f6scht werden, bietet der zweite Tarif eine maximale Speicherung von 3 TB. Im zweiten Fall werden die Daten auch dann nicht gel\u00f6scht, wenn diese seit 60 Tagen nicht mehr heruntergeladen wurden.<\/p>\n<p>Beim 60-t\u00e4gigen Abonnement f\u00fcr 29,99 Dollar k\u00f6nnen Sie mit dem Rapidgator Premium Tarif ebenfalls bis zu 3 TB an Daten speichern und zudem eine h\u00f6here Geschwindigkeit von 2 TB genie\u00dfen.<\/p>\n<p>Noch schneller wird die Geschwindigkeit beim 90-t\u00e4gigen Abonnement, welches f\u00fcr 39,99 US-Dollar erh\u00e4ltlich ist. Im Rahmen dieses Tarifs k\u00f6nnen Sie mit Ihrem Rapidgator Account die gew\u00fcnschten Dateien mit einer Bandbreite von bis zu 4 TB herunter- und hochladen. Zur Auswahl stehen ein Tarif mit unlimitierter Speicherung, bei der die 60-Tages-Regel gilt, sowie ein limitierter Tarif mit einem Speicherplatz von 3 TB.<\/p>\n<p>Wer f\u00fcr 49,99 US-Dollar das 180-t\u00e4gige Abonnement w\u00e4hlt, kann sich \u00fcber eine Geschwindigkeit von 6 TB freuen und unlimitiert Dateien hochladen, welche bis zu 60 Tage nach dem letzten Download gespeichert werden. Das 180-t\u00e4gige Rapidgator Premium Abonnement f\u00fcr 69,99 US-Dollar bietet Ihnen die gleiche Bandbreite und einen zeitlich unbegrenzten Speicherplatz von 3 TB.<\/p>\n<p>Die maximale Spitzengeschwindigkeit von 12 TB erhalten Sie beim Jahresabonnement, welches f\u00fcr 99,99 US-Dollar in zwei verschiedenen Varianten zur Verf\u00fcgung steht. Dabei k\u00f6nnen Sie zwischen dem Rapidgator Premium Abonnement mit einer Speicherung von 10 TB sowie dem Premium Tarif mit einer unbegrenzten Speicherung entsprechend der 60-Tages-Regel w\u00e4hlen.<\/p>\n<h2><span lang=\"de\">Unser Fazit zum Anbieter Rapidgator<\/span><\/h2>\n<p class=\"normal\"><span lang=\"de\">Als einer der gr\u00f6\u00dften Anbieter in der Filehosting und File-Sharing Branche legt Rapidgator viel Wert auf ein hohes Ma\u00df an Sicherheit. Auch der Datenschutz sowie die Privatsph\u00e4re werden hier gro\u00dfgeschrieben. Der Kundendienst steht zwar nicht telefonisch zur Verf\u00fcgung, doch der deutsche Support kann in jedem Fall eine ad\u00e4quate Hilfestellung bei allen Problemen hinsichtlich des Rapidgator Accounts bereitstellen.<\/span><\/p>\n<p class=\"normal\"><span lang=\"de\">Rapidgator sticht vor allem durch das vielf\u00e4ltige Sortiment hervor, dabei k\u00f6nnen Sie im Rahmen der Rapidgator Premium Tarife neun verschieden Abonnements w\u00e4hlen. Diese bieten sowohl unterschiedliche Geschwindigkeiten, als auch einen unterschiedlichen Speicherplatz. Dabei k\u00f6nnen Sie einen Premium Account mit begrenztem Speicherplatz oder einen Rapidgator Account mit unlimitierter Speicherung w\u00e4hlen. W\u00e4hlen Sie Rapidgator Premium mit unlimitierter Speicherung, bleiben die Daten nur dann l\u00e4nger als 60 Tage bestehen, wenn in diesem Zeitraum ein Download stattgefunden hat.<\/span><\/p>\n<p class=\"normal\"><span lang=\"de\">Die Internetseite zeichnet sich zudem durch ihre Benutzerfreundlichkeit aus und erm\u00f6glicht es dem Anwender, alles wichtige auf einen Blick zu sehen. Wer m\u00f6chte, kann auch die mobile App von Rapidgator verwenden.<\/span><\/p>\n<p class=\"normal\"><span lang=\"de\">F\u00fcr manche Nutzer d\u00fcrfte das Bonusprogramm interessant sein, welches f\u00fcr den Upload von Daten eine Verdienstm\u00f6glichkeit bietet. Somit k\u00f6nnen Sie das Geld, welches Sie f\u00fcr den Rapidgator Premium Tarif bezahlen, ganz einfach wieder einnehmen.<\/span><\/p>\n<p class=\"normal\"><span lang=\"de\">&nbsp;<a class=\"fasc-button fasc-size-xlarge fasc-type-glossy fasc-rounded-medium ico-fa fasc-ico-after fa-share\" style=\"background-color: #43585e; color: #ffffff;\" target=\"_blank\" rel=\"nofollow noopener noreferrer\" href=\"https:\/\/multihoster.org\/rapidgator\/goto\/\">Premium-Konto kaufen<\/a><\/span><\/p>\n<p class=\"normal\">&nbsp;<\/p>","protected":false},"excerpt":{"rendered":"<p>Wir sind nicht mit Rapidgator.net verbunden, assoziiert, autorisiert, von Rapidgator.net unterst\u00fctzt oder in irgendeiner Weise offiziell mit Rapidgator.net verbunden. Der<\/p>\n","protected":false},"author":2,"featured_media":0,"parent":0,"menu_order":0,"comment_status":"closed","ping_status":"closed","template":"","meta":[],"yoast_head":"<!-- This site is optimized with the Yoast SEO plugin v18.3 - https:\/\/yoast.com\/wordpress\/plugins\/seo\/ -->\n<title>lll\u25b7 Rapidgator Premium Account seri\u00f6s oder nicht? +++ Test auf Multihoster.org<\/title>\n<meta name=\"description\" content=\"Handelt es sich bei rapidgator um einen seri\u00f6sen Anbieter oder nicht? Die Antwort findest du in dem aktuellen Test auf Multihoster.org \u279c Jetzt klicken \u271a unsere Erfahrungen lesen!\" \/>\n<meta name=\"robots\" content=\"index, follow, max-snippet:-1, max-image-preview:large, max-video-preview:-1\" \/>\n<link rel=\"canonical\" href=\"https:\/\/multihoster.org\/de\/rapidgator2\/\" \/>\n<meta property=\"og:locale\" content=\"de_DE\" \/>\n<meta property=\"og:type\" content=\"article\" \/>\n<meta property=\"og:title\" content=\"lll\u25b7 Rapidgator Premium Account seri\u00f6s oder nicht? +++ Test auf Multihoster.org\" \/>\n<meta property=\"og:description\" content=\"Handelt es sich bei rapidgator um einen seri\u00f6sen Anbieter oder nicht? Die Antwort findest du in dem aktuellen Test auf Multihoster.org \u279c Jetzt klicken \u271a unsere Erfahrungen lesen!\" \/>\n<meta property=\"og:url\" content=\"https:\/\/multihoster.org\/de\/rapidgator2\/\" \/>\n<meta property=\"og:site_name\" content=\"Multihoster.org\" \/>\n<meta property=\"article:modified_time\" content=\"2020-10-28T09:29:36+00:00\" \/>\n<meta property=\"og:image\" content=\"https:\/\/multihoster.org\/wp-content\/uploads\/2020\/06\/rapidgator_logo.png\" \/>\n<meta name=\"twitter:card\" content=\"summary\" \/>\n<meta name=\"twitter:label1\" content=\"Gesch\u00e4tzte Lesezeit\" \/>\n\t<meta name=\"twitter:data1\" content=\"8\u00a0Minuten\" \/>\n<script type=\"application\/ld+json\" class=\"yoast-schema-graph\">{\"@context\":\"https:\/\/schema.org\",\"@graph\":[{\"@type\":\"WebSite\",\"@id\":\"https:\/\/multihoster.org\/#website\",\"url\":\"https:\/\/multihoster.org\/\",\"name\":\"Multihoster.org\",\"description\":\"Reviews of the major Filehosting services\",\"potentialAction\":[{\"@type\":\"SearchAction\",\"target\":{\"@type\":\"EntryPoint\",\"urlTemplate\":\"https:\/\/multihoster.org\/?s={search_term_string}\"},\"query-input\":\"required name=search_term_string\"}],\"inLanguage\":\"de\"},{\"@type\":\"ImageObject\",\"@id\":\"https:\/\/multihoster.org\/de\/rapidgator2\/#primaryimage\",\"inLanguage\":\"de\",\"url\":\"https:\/\/multihoster.org\/wp-content\/uploads\/2020\/06\/rapidgator_logo.png\",\"contentUrl\":\"https:\/\/multihoster.org\/wp-content\/uploads\/2020\/06\/rapidgator_logo.png\",\"width\":363,\"height\":62,\"caption\":\"rapidgator_logo\"},{\"@type\":\"WebPage\",\"@id\":\"https:\/\/multihoster.org\/de\/rapidgator2\/#webpage\",\"url\":\"https:\/\/multihoster.org\/de\/rapidgator2\/\",\"name\":\"lll\u25b7 Rapidgator Premium Account seri\u00f6s oder nicht? +++ Test auf Multihoster.org\",\"isPartOf\":{\"@id\":\"https:\/\/multihoster.org\/#website\"},\"primaryImageOfPage\":{\"@id\":\"https:\/\/multihoster.org\/de\/rapidgator2\/#primaryimage\"},\"datePublished\":\"2018-05-15T20:55:37+00:00\",\"dateModified\":\"2020-10-28T09:29:36+00:00\",\"description\":\"Handelt es sich bei rapidgator um einen seri\u00f6sen Anbieter oder nicht? Die Antwort findest du in dem aktuellen Test auf Multihoster.org \u279c Jetzt klicken \u271a unsere Erfahrungen lesen!\",\"breadcrumb\":{\"@id\":\"https:\/\/multihoster.org\/de\/rapidgator2\/#breadcrumb\"},\"inLanguage\":\"de\",\"potentialAction\":[{\"@type\":\"ReadAction\",\"target\":[\"https:\/\/multihoster.org\/de\/rapidgator2\/\"]}]},{\"@type\":\"BreadcrumbList\",\"@id\":\"https:\/\/multihoster.org\/de\/rapidgator2\/#breadcrumb\",\"itemListElement\":[{\"@type\":\"ListItem\",\"position\":1,\"name\":\"Startseite\",\"item\":\"https:\/\/multihoster.org\/de\/\"},{\"@type\":\"ListItem\",\"position\":2,\"name\":\"Rapidgator Premium Account &#8211; Der Filehoster im \u00dcberblick\"}]}]}<\/script>\n<!-- \/ Yoast SEO plugin. -->","yoast_head_json":{"title":"lll\u25b7 Rapidgator Premium Account seri\u00f6s oder nicht? +++ Test auf Multihoster.org","description":"Handelt es sich bei rapidgator um einen seri\u00f6sen Anbieter oder nicht? Die Antwort findest du in dem aktuellen Test auf Multihoster.org \u279c Jetzt klicken \u271a unsere Erfahrungen lesen!","robots":{"index":"index","follow":"follow","max-snippet":"max-snippet:-1","max-image-preview":"max-image-preview:large","max-video-preview":"max-video-preview:-1"},"canonical":"https:\/\/multihoster.org\/de\/rapidgator2\/","og_locale":"de_DE","og_type":"article","og_title":"lll\u25b7 Rapidgator Premium Account seri\u00f6s oder nicht? +++ Test auf Multihoster.org","og_description":"Handelt es sich bei rapidgator um einen seri\u00f6sen Anbieter oder nicht? Die Antwort findest du in dem aktuellen Test auf Multihoster.org \u279c Jetzt klicken \u271a unsere Erfahrungen lesen!","og_url":"https:\/\/multihoster.org\/de\/rapidgator2\/","og_site_name":"Multihoster.org","article_modified_time":"2020-10-28T09:29:36+00:00","og_image":[{"url":"https:\/\/multihoster.org\/wp-content\/uploads\/2020\/06\/rapidgator_logo.png"}],"twitter_card":"summary","twitter_misc":{"Gesch\u00e4tzte Lesezeit":"8\u00a0Minuten"},"schema":{"@context":"https:\/\/schema.org","@graph":[{"@type":"WebSite","@id":"https:\/\/multihoster.org\/#website","url":"https:\/\/multihoster.org\/","name":"Multihoster.org","description":"Reviews of the major Filehosting services","potentialAction":[{"@type":"SearchAction","target":{"@type":"EntryPoint","urlTemplate":"https:\/\/multihoster.org\/?s={search_term_string}"},"query-input":"required name=search_term_string"}],"inLanguage":"de"},{"@type":"ImageObject","@id":"https:\/\/multihoster.org\/de\/rapidgator2\/#primaryimage","inLanguage":"de","url":"https:\/\/multihoster.org\/wp-content\/uploads\/2020\/06\/rapidgator_logo.png","contentUrl":"https:\/\/multihoster.org\/wp-content\/uploads\/2020\/06\/rapidgator_logo.png","width":363,"height":62,"caption":"rapidgator_logo"},{"@type":"WebPage","@id":"https:\/\/multihoster.org\/de\/rapidgator2\/#webpage","url":"https:\/\/multihoster.org\/de\/rapidgator2\/","name":"lll\u25b7 Rapidgator Premium Account seri\u00f6s oder nicht? +++ Test auf Multihoster.org","isPartOf":{"@id":"https:\/\/multihoster.org\/#website"},"primaryImageOfPage":{"@id":"https:\/\/multihoster.org\/de\/rapidgator2\/#primaryimage"},"datePublished":"2018-05-15T20:55:37+00:00","dateModified":"2020-10-28T09:29:36+00:00","description":"Handelt es sich bei rapidgator um einen seri\u00f6sen Anbieter oder nicht? Die Antwort findest du in dem aktuellen Test auf Multihoster.org \u279c Jetzt klicken \u271a unsere Erfahrungen lesen!","breadcrumb":{"@id":"https:\/\/multihoster.org\/de\/rapidgator2\/#breadcrumb"},"inLanguage":"de","potentialAction":[{"@type":"ReadAction","target":["https:\/\/multihoster.org\/de\/rapidgator2\/"]}]},{"@type":"BreadcrumbList","@id":"https:\/\/multihoster.org\/de\/rapidgator2\/#breadcrumb","itemListElement":[{"@type":"ListItem","position":1,"name":"Startseite","item":"https:\/\/multihoster.org\/de\/"},{"@type":"ListItem","position":2,"name":"Rapidgator Premium Account &#8211; Der Filehoster im \u00dcberblick"}]}]}},"_links":{"self":[{"href":"https:\/\/multihoster.org\/de\/wp-json\/wp\/v2\/pages\/132"}],"collection":[{"href":"https:\/\/multihoster.org\/de\/wp-json\/wp\/v2\/pages"}],"about":[{"href":"https:\/\/multihoster.org\/de\/wp-json\/wp\/v2\/types\/page"}],"author":[{"embeddable":true,"href":"https:\/\/multihoster.org\/de\/wp-json\/wp\/v2\/users\/2"}],"replies":[{"embeddable":true,"href":"https:\/\/multihoster.org\/de\/wp-json\/wp\/v2\/comments?post=132"}],"version-history":[{"count":18,"href":"https:\/\/multihoster.org\/de\/wp-json\/wp\/v2\/pages\/132\/revisions"}],"predecessor-version":[{"id":4754,"href":"https:\/\/multihoster.org\/de\/wp-json\/wp\/v2\/pages\/132\/revisions\/4754"}],"wp:attachment":[{"href":"https:\/\/multihoster.org\/de\/wp-json\/wp\/v2\/media?parent=132"}],"curies":[{"name":"wp","href":"https:\/\/api.w.org\/{rel}","templated":true}]}}