{"id":138,"date":"2018-05-15T20:57:00","date_gmt":"2018-05-15T20:57:00","guid":{"rendered":"https:\/\/multihoster.org\/?page_id=138"},"modified":"2018-09-12T05:25:55","modified_gmt":"2018-09-12T05:25:55","slug":"keep2share","status":"publish","type":"page","link":"https:\/\/multihoster.org\/de\/keep2share\/","title":{"rendered":"Keep2Share Premium Account &#8211; Der Filehoster im \u00dcberblick"},"content":{"rendered":"<p class=\"normal\"><span lang=\"de\"><img loading=\"lazy\" class=\"alignleft wp-image-246 size-medium\" src=\"https:\/\/multihoster.org\/wp-content\/uploads\/2018\/05\/keep2share_logo-300x97.jpg\" alt=\"logo\" width=\"300\" height=\"97\" srcset=\"https:\/\/multihoster.org\/wp-content\/uploads\/2018\/05\/keep2share_logo-300x97.jpg 300w, https:\/\/multihoster.org\/wp-content\/uploads\/2018\/05\/keep2share_logo.jpg 382w\" sizes=\"(max-width: 300px) 100vw, 300px\" \/>Der Filehoster Keep2Share bietet seinen Nutzern das h\u00f6chste Ma\u00df an Sicherheit und sorgt sowohl durch seine Erfahrung, als auch durch das verschl\u00fcsselte System daf\u00fcr, dass alle Daten absolut sicher aufgehoben sind. Die Rund-um-die-Uhr Anwesenheit sowie Bereitschaft der Mitarbeiter von Keep2Share garantiert dar\u00fcber hinaus, dass alle Daten bestens gesch\u00fctzt sind und die Internetseite immer erreichbar ist.<\/span><\/p>\n<p class=\"normal\"><span lang=\"de\">Dar\u00fcber hinaus erm\u00f6glicht der Anbieter Keep2Share eine enorm schnelle Geschwindigkeit sowie den Start von Downloads ohne Wartezeit. Mit einem Premium Account kommen viele, weitere Features hinzu.<\/span><\/p>\n\n<p><a class=\"fasc-button fasc-size-xlarge fasc-type-glossy fasc-rounded-medium ico-fa fasc-ico-after fa-share\" style=\"background-color: #43585e; color: #ffffff;\" target=\"_blank\" rel=\"nofollow\" href=\"https:\/\/multihoster.org\/keep2share\/goto\/\">Gehe zu Keep2Share.net<\/a><\/p>\n<h2><span lang=\"de\">Positive Eigenschaften des Anbieters<\/span><\/h2>\n<p>&#8211; Premium Account bereits ab 31 Cent pro Tag erh\u00e4ltlich<br \/>\n&#8211; Virus-Check mit Premium Account<br \/>\n&#8211; Sichere Zahlung mit Verified by VISA &amp; Mastercard SecureCode<br \/>\n&#8211; Einsatz von Download Manager m\u00f6glich<br \/>\n&#8211; Mehrere Downloads gleichzeitig<\/p>\n<h2><span lang=\"de\">Das gesamte Angebot von Keep2Share im \u00dcberblick<\/span><\/h2>\n<p class=\"normal\"><span lang=\"de\">Der Filehoster Keep2Share bietet Ihnen mit zwei Tarifen eine vergleichsweise geringe Auswahl hinsichtlich des Premium Accounts. Dabei handelt es sich um die Tarife \u201cPremium\u201d sowie \u201cPremium Pro\u201d. W\u00e4hrend Ihnen der Premium Pro Account die maximale Geschwindigkeit bietet, ist die Bandbreite des gew\u00f6hnlichen Premium Tarifs geringf\u00fcgig limitiert. Das Datenvolumen reicht von 20.000 MB beim Premium Tarif bis hin zu 50.000 MB beim Premium Pro Tarif.<\/span><\/p>\n<h2><span lang=\"de\">Kosten und Zahlungsm\u00f6glichkeiten<\/span><\/h2>\n<p><img loading=\"lazy\" class=\"alignnone wp-image-248 size-full\" src=\"https:\/\/multihoster.org\/wp-content\/uploads\/2018\/05\/cost_image_1.jpg\" alt=\"preise\" width=\"1011\" height=\"813\" srcset=\"https:\/\/multihoster.org\/wp-content\/uploads\/2018\/05\/cost_image_1.jpg 1011w, https:\/\/multihoster.org\/wp-content\/uploads\/2018\/05\/cost_image_1-300x241.jpg 300w, https:\/\/multihoster.org\/wp-content\/uploads\/2018\/05\/cost_image_1-768x618.jpg 768w\" sizes=\"(max-width: 1011px) 100vw, 1011px\" \/><\/p>\n<p class=\"normal\"><span lang=\"de\">Bei Keep2Share steht Ihnen zum einen die \u00fcbliche Bezahlung via Kreditkarte zur Auswahl. Dabei k\u00f6nnen Sie entweder mit der VISA-Karte, mit der Mastercard oder via American Express bezahlen. Bei der Bezahlung mit Ihrer VISA-Karte oder Mastercard profitieren Sie an dieser Stelle von einem zus\u00e4tzlichen Sicherheitsverfahren. Dabei handelt es sich um die Verfahren verified by VISA sowie MasterCard SecureCode, welche beim Kauf eine zus\u00e4tzliche Verifikation zwischenschalten, um Ihre Daten und Ihr Geld effektiv zu sch\u00fctzen.<\/span><\/p>\n<p class=\"normal\"><span lang=\"de\">Neben der Bezahlung via VISA-Karte oder MasterCard bieten Ihnen der Anbieter weitere M\u00f6glichkeiten an, um einen Keep2Share Premium Account zu erwerben. Dazu geh\u00f6ren die Bezahlung mit dem Dienst Sofort\u00fcberweisung, die gew\u00f6hnliche Online-\u00dcberweisung sowie die Bezahlung mit Bitcoin. Zudem sind weitere Coin-Payments und der Kauf via Reseller m\u00f6glich. Als letzte Option stehen lokale Zahlungsmethoden zur Verf\u00fcgung, hier k\u00f6nnen Sie in Deutschland unter anderem die Zahlung \u00fcber Banken wie die Postbank, die DZ Bank oder <a href=\"https:\/\/www.wmtransfer.com\/\" target=\"_blank\" rel=\"noopener\">Webmoney<\/a> vornehmen. Die beliebten Bezahlverfahren Paypal sowie Paysafe werden von Keep2Share nicht angeboten. Wer keine der aufgef\u00fchrten Bezahlmethoden einsetzen kann und den Account trotzdem einfach sowie sicher im Internet bezahlen m\u00f6chte, kann sich optional eine Prepaid-Kreditkarte kaufen.<\/span><\/p>\n\n<table id=\"tablepress-6\" class=\"tablepress tablepress-id-6\">\n<thead>\n<tr class=\"row-1 odd\">\n\t<th class=\"column-1\">Keep2Share PREMIUM PRO<\/th><th class=\"column-2\">Keep2Share PREMIUM<\/th>\n<\/tr>\n<\/thead>\n<tbody class=\"row-hover\">\n<tr class=\"row-2 even\">\n\t<td class=\"column-1\">50.000 MB pro Tag<\/td><td class=\"column-2\">20.000 MB pro Tag<\/td>\n<\/tr>\n<tr class=\"row-3 odd\">\n\t<td class=\"column-1\">11,75 USD pro Tag<\/td><td class=\"column-2\">9,50 USD pro Tag<\/td>\n<\/tr>\n<tr class=\"row-4 even\">\n\t<td class=\"column-1\">0,38 USD pro Tag<\/td><td class=\"column-2\">0,31 USD pro Tag<\/td>\n<\/tr>\n<tr class=\"row-5 odd\">\n\t<td class=\"column-1\">Maximale Downloadgeschwindigkeit<\/td><td class=\"column-2\">Schnelle Downloadgeschwindigkeit<\/td>\n<\/tr>\n<tr class=\"row-6 even\">\n\t<td class=\"column-1\">Download Manager einsetzbar<\/td><td class=\"column-2\">Download Manager einsetzbar<\/td>\n<\/tr>\n<tr class=\"row-7 odd\">\n\t<td class=\"column-1\">Mehrere Downloads gleichzeitig<\/td><td class=\"column-2\">Mehrere Downloads gleichzeitig<\/td>\n<\/tr>\n<tr class=\"row-8 even\">\n\t<td class=\"column-1\">Wiederaufnehmbare Downloads<\/td><td class=\"column-2\">Wiederaufnehmbare Downloads<\/td>\n<\/tr>\n<tr class=\"row-9 odd\">\n\t<td class=\"column-1\">Virus-Check<\/td><td class=\"column-2\"><\/td>\n<\/tr>\n<tr class=\"row-10 even\">\n\t<td class=\"column-1\">My favorite Files<\/td><td class=\"column-2\"><\/td>\n<\/tr>\n<tr class=\"row-11 odd\">\n\t<td class=\"column-1\">Unlimitierte Video Vorschau<\/td><td class=\"column-2\"><\/td>\n<\/tr>\n<tr class=\"row-12 even\">\n\t<td class=\"column-1\">Anonymer Download<\/td><td class=\"column-2\"><\/td>\n<\/tr>\n<tr class=\"row-13 odd\">\n\t<td class=\"column-1\">Gr\u00f6\u00dferer Speicherplatz<\/td><td class=\"column-2\"><\/td>\n<\/tr>\n<tr class=\"row-14 even\">\n\t<td class=\"column-1\">Maximale Dateigr\u00f6\u00dfe von 10 GB<\/td><td class=\"column-2\"><\/td>\n<\/tr>\n<\/tbody>\n<\/table>\n<!-- #tablepress-6 from cache -->\n<p><a class=\"fasc-button fasc-size-xlarge fasc-type-glossy fasc-rounded-medium ico-fa fasc-ico-after fa-share\" style=\"background-color: #43585e; color: #ffffff;\" target=\"_blank\" rel=\"nofollow\" href=\"https:\/\/multihoster.org\/keep2share\/goto\/\">Gehe zu Keep2Share.net<\/a><\/p>\n<h2><span lang=\"de\">Privatsph\u00e4re und Datenschutz<\/span><\/h2>\n<p class=\"normal\"><span lang=\"de\">Die Privatsph\u00e4re und der Datenschutz werden im Internet ein Thema, welches zunehmend an Bedeutung gewinnt. Umso wichtiger ist es, nach Erfahrungen hinsichtlich der Sicherheit zu suchen. Wir teilen gerne unser Wissen sowie unsere Erfahrungen hinsichtlich des Anbieters Keep2Share mit Ihnen, sodass Sie sich ein vollst\u00e4ndiges Bild vom Anbieter machen k\u00f6nnen.<\/span><\/p>\n<p class=\"normal\"><span lang=\"de\">Bei der Nutzung des Service von Keep2Share werden automatisch Daten gespeichert. Dazu geh\u00f6ren sowohl personenbezogene Daten wie die E-Mail Adresse, der Name oder die Bankverbindung als auch demographische, nicht personenbezogene Daten.<\/span><\/p>\n<p class=\"normal\"><span lang=\"de\">Sorgen braucht man sich dabei jedoch keine machen. Personenbezogene Daten werden lediglich f\u00fcr Dienste wie den Bezahlprozess, zur Kontaktaufnahme sowie f\u00fcr Benachrichtigungen etc. verwendet. Demographische Daten sind nicht personenbezogen und werden anonymisiert gesammelt, sodass die Privatsph\u00e4re an dieser Stelle ebenfalls bewahrt bleibt.<\/span><\/p>\n<h2><span lang=\"de\">Kundendienst<\/span><\/h2>\n<p><img loading=\"lazy\" class=\"alignnone wp-image-247 size-full\" src=\"https:\/\/multihoster.org\/wp-content\/uploads\/2018\/05\/keep2share_image_2.jpg\" alt=\"vorteile\" width=\"1799\" height=\"777\" srcset=\"https:\/\/multihoster.org\/wp-content\/uploads\/2018\/05\/keep2share_image_2.jpg 1799w, https:\/\/multihoster.org\/wp-content\/uploads\/2018\/05\/keep2share_image_2-300x130.jpg 300w, https:\/\/multihoster.org\/wp-content\/uploads\/2018\/05\/keep2share_image_2-768x332.jpg 768w, https:\/\/multihoster.org\/wp-content\/uploads\/2018\/05\/keep2share_image_2-1024x442.jpg 1024w\" sizes=\"(max-width: 1799px) 100vw, 1799px\" \/><\/p>\n<p class=\"normal\"><span lang=\"de\">Wer im Rahmen des Service von Keep2Share offene Fragen hat, findet ganz unten auf der Seite den Link zur Service Seite. Von hier gelangt man zum FAQ-Bereich, wo bereits viele Antworten zu h\u00e4ufig gestellten Fragen erl\u00e4utert werden. Der Anbieter hat bereits ein hohes Ma\u00df an Erfahrung und wei\u00df f\u00fcr gew\u00f6hnlich, an welchen Stellen die Nutzer Hilfe brauchen. Wer auf diese Art und Weise keine zufriedenstellende L\u00f6sung findet, kann den Support direkt via Onlineformular kontaktieren und das Anliegen hier genauer schildern. In diesem Bereich ist es au\u00dferdem m\u00f6glich, dem Kundendienst von Keep2Share ein Feedback hinsichtlich der eigenen Erfahrungen mit dem Service des Anbieters zu geben. So k\u00f6nnen Sie das Angebot f\u00fcr sich selbst und andere Benutzer langfristig verbessern. <\/span><\/p>\n<h2><span lang=\"de\">Benutzerfreundlichkeit<\/span><\/h2>\n<p class=\"normal\"><span lang=\"de\">F\u00fcr den Login bei Keep2Share k\u00f6nnen Sie ganz einfach einen Keep2Share Account erstellen. Optional k\u00f6nnen Sie sich auch via Facebook oder Google registrieren. Um den Account vollst\u00e4ndig nutzen zu k\u00f6nnen, m\u00fcssen Sie zun\u00e4chst Ihre Email-Adresse best\u00e4tigen. Nach dem Login sehen Sie oben die Auswahlm\u00f6glichkeiten \u201cMy Files\u201d, \u201cMy Profile\u201d, sowie \u201cMy Favorites\u201d. Dar\u00fcber hinaus finden Sie eine M\u00f6glichkeit, um den Keep2Share Account zu einem Premium Account zu erweitern. Dank der benutzerfreundlichen Bedienoberfl\u00e4che erfordert es also nicht viel Erfahrung, um die Dienste des Anbieters in vollem Ma\u00dfe zu nutzen und genie\u00dfen zu k\u00f6nnen.<\/span><\/p>\n<h2><span lang=\"de\">Die Vorteile eines Premium Accounts bei Keep2Share<\/span><\/h2>\n<p class=\"normal\"><span lang=\"de\">Mit dem Premium Account von Keep2Share k\u00f6nnen Sie bereits eine schnelle Geschwindigkeit genie\u00dfen, welche nur etwas geringer ist, als die die Premium Pro Variante. Hinzu kommt, die M\u00f6glichkeit, zur gleichen Zeit mehrere Downloads laufen zu haben. Die Downloads k\u00f6nnen zudem entspannt durch einen Download Manager \u00fcberblickt und pausiert sowie fortgesetzt werden.<\/span><\/p>\n<p class=\"normal\"><span lang=\"de\">Noch mehr Leistungen erhalten Sie mit dem Keep2Share Premium Pro Account. Dieser erm\u00f6glicht Ihnen die maximale Geschwindigkeit sowie einen Virus-Check der Dateien. Dar\u00fcber hinaus verf\u00fcgen Sie \u00fcber einen gr\u00f6\u00dferen Speicherplatz, k\u00f6nnen die Video-Vorschau unlimitiert nutzen und Dateien im Ordner Favorite Files speichern. Zudem bietet der Premium Pro Account die M\u00f6glichkeit, die Downloads anonym durchzuf\u00fchren. Die maximale Dateigr\u00f6\u00dfe steigt mit diesem Paket von 5 GB auf 10 GB.<\/span><\/p>\n<h2><span lang=\"de\">Unser Fazit zum Anbieter Keep2Share<\/span><\/h2>\n<p class=\"normal\"><span lang=\"de\">Der Anbieter Keep2Share verspricht nicht nur einen umfangreichen Datenschutz und den Einhalt der Privatsph\u00e4re, sondern bieten Ihnen dar\u00fcber hinaus attraktive Tarife f\u00fcr das Hosting und den Download von Dateien. Sie k\u00f6nnen zwischen zwei Keep2Share Premium Tarifen w\u00e4hlen, welche bereits f\u00fcr 31 bzw. 38 Cent pro Tag erh\u00e4ltlich sind. Wer das Angebot des Anbieters erst einmal testen m\u00f6chte, kann sich zun\u00e4chst auch einen kostenlosen Keep2Share Account erstellen.<\/span><\/p>\n<p class=\"normal\"><span lang=\"de\">Der Keep2Share Premium Account Pro bietet Ihnen noch mehr Funktionen, als der Premium Account und erm\u00f6glicht Ihnen unter anderem den anonymen Download von Dateien, die unlimitierte Video-Vorschau sowie den Download von bis zu 10 GB gro\u00dfen Dateien<\/span><\/p>\n<p class=\"normal\"><span lang=\"de\">Die Bezahlung funktioniert unter anderem via Kreditkarte, dar\u00fcber hinaus stehen weitere Bezahlmethoden zur Auswahl. F\u00fcr die maximale Sicherheit sorgen zus\u00e4tzliche Sicherheitsverfahren von VISA und MasterCard. M\u00f6glich sind viele, weitere Bezahlmethoden, ausgenommen davon sind die Verfahren Paypal und Paysafe.<\/span><\/p>\n<p><a class=\"fasc-button fasc-size-xlarge fasc-type-glossy fasc-rounded-medium ico-fa fasc-ico-after fa-share\" style=\"background-color: #43585e; color: #ffffff;\" target=\"_blank\" rel=\"nofollow\" href=\"https:\/\/multihoster.org\/keep2share\/goto\/\">Gehe zu Keep2Share.net<\/a><\/p>\n<p>&nbsp;<\/p>\n","protected":false},"excerpt":{"rendered":"<p>Der Filehoster Keep2Share bietet seinen Nutzern das h\u00f6chste Ma\u00df an Sicherheit und sorgt sowohl durch seine Erfahrung, als auch durch<\/p>\n","protected":false},"author":2,"featured_media":0,"parent":0,"menu_order":0,"comment_status":"closed","ping_status":"closed","template":"","meta":[],"yoast_head":"<!-- This site is optimized with the Yoast SEO plugin v18.3 - https:\/\/yoast.com\/wordpress\/plugins\/seo\/ -->\n<title>lll\u25b7 keep2Share Premium Account seri\u00f6s oder nicht? +++ Test auf Multihoster.org<\/title>\n<meta name=\"description\" content=\"Handelt es sich bei keep2Share um einen seri\u00f6sen Anbieter oder nicht? Die Antwort findest du in dem aktuellen Test auf Multihoster.org \u279c Jetzt klicken \u271a unsere Erfahrungen lesen!\" \/>\n<meta name=\"robots\" content=\"index, follow, max-snippet:-1, max-image-preview:large, max-video-preview:-1\" \/>\n<link rel=\"canonical\" href=\"https:\/\/multihoster.org\/de\/keep2share\/\" \/>\n<meta property=\"og:locale\" content=\"de_DE\" \/>\n<meta property=\"og:type\" content=\"article\" \/>\n<meta property=\"og:title\" content=\"lll\u25b7 keep2Share Premium Account seri\u00f6s oder nicht? +++ Test auf Multihoster.org\" \/>\n<meta property=\"og:description\" content=\"Handelt es sich bei keep2Share um einen seri\u00f6sen Anbieter oder nicht? Die Antwort findest du in dem aktuellen Test auf Multihoster.org \u279c Jetzt klicken \u271a unsere Erfahrungen lesen!\" \/>\n<meta property=\"og:url\" content=\"https:\/\/multihoster.org\/de\/keep2share\/\" \/>\n<meta property=\"og:site_name\" content=\"Multihoster.org\" \/>\n<meta property=\"article:modified_time\" content=\"2018-09-12T05:25:55+00:00\" \/>\n<meta property=\"og:image\" content=\"https:\/\/multihoster.org\/wp-content\/uploads\/2018\/05\/keep2share_logo-300x97.jpg\" \/>\n<meta name=\"twitter:card\" content=\"summary\" \/>\n<meta name=\"twitter:label1\" content=\"Gesch\u00e4tzte Lesezeit\" \/>\n\t<meta name=\"twitter:data1\" content=\"6\u00a0Minuten\" \/>\n<script type=\"application\/ld+json\" class=\"yoast-schema-graph\">{\"@context\":\"https:\/\/schema.org\",\"@graph\":[{\"@type\":\"WebSite\",\"@id\":\"https:\/\/multihoster.org\/#website\",\"url\":\"https:\/\/multihoster.org\/\",\"name\":\"Multihoster.org\",\"description\":\"Reviews of the major Filehosting services\",\"potentialAction\":[{\"@type\":\"SearchAction\",\"target\":{\"@type\":\"EntryPoint\",\"urlTemplate\":\"https:\/\/multihoster.org\/?s={search_term_string}\"},\"query-input\":\"required name=search_term_string\"}],\"inLanguage\":\"de\"},{\"@type\":\"ImageObject\",\"@id\":\"https:\/\/multihoster.org\/de\/keep2share\/#primaryimage\",\"inLanguage\":\"de\",\"url\":\"https:\/\/multihoster.org\/wp-content\/uploads\/2018\/05\/keep2share_logo.jpg\",\"contentUrl\":\"https:\/\/multihoster.org\/wp-content\/uploads\/2018\/05\/keep2share_logo.jpg\",\"width\":382,\"height\":123},{\"@type\":\"WebPage\",\"@id\":\"https:\/\/multihoster.org\/de\/keep2share\/#webpage\",\"url\":\"https:\/\/multihoster.org\/de\/keep2share\/\",\"name\":\"lll\u25b7 keep2Share Premium Account seri\u00f6s oder nicht? +++ Test auf Multihoster.org\",\"isPartOf\":{\"@id\":\"https:\/\/multihoster.org\/#website\"},\"primaryImageOfPage\":{\"@id\":\"https:\/\/multihoster.org\/de\/keep2share\/#primaryimage\"},\"datePublished\":\"2018-05-15T20:57:00+00:00\",\"dateModified\":\"2018-09-12T05:25:55+00:00\",\"description\":\"Handelt es sich bei keep2Share um einen seri\u00f6sen Anbieter oder nicht? Die Antwort findest du in dem aktuellen Test auf Multihoster.org \u279c Jetzt klicken \u271a unsere Erfahrungen lesen!\",\"breadcrumb\":{\"@id\":\"https:\/\/multihoster.org\/de\/keep2share\/#breadcrumb\"},\"inLanguage\":\"de\",\"potentialAction\":[{\"@type\":\"ReadAction\",\"target\":[\"https:\/\/multihoster.org\/de\/keep2share\/\"]}]},{\"@type\":\"BreadcrumbList\",\"@id\":\"https:\/\/multihoster.org\/de\/keep2share\/#breadcrumb\",\"itemListElement\":[{\"@type\":\"ListItem\",\"position\":1,\"name\":\"Startseite\",\"item\":\"https:\/\/multihoster.org\/de\/\"},{\"@type\":\"ListItem\",\"position\":2,\"name\":\"Keep2Share Premium Account &#8211; Der Filehoster im \u00dcberblick\"}]}]}<\/script>\n<!-- \/ Yoast SEO plugin. -->","yoast_head_json":{"title":"lll\u25b7 keep2Share Premium Account seri\u00f6s oder nicht? +++ Test auf Multihoster.org","description":"Handelt es sich bei keep2Share um einen seri\u00f6sen Anbieter oder nicht? Die Antwort findest du in dem aktuellen Test auf Multihoster.org \u279c Jetzt klicken \u271a unsere Erfahrungen lesen!","robots":{"index":"index","follow":"follow","max-snippet":"max-snippet:-1","max-image-preview":"max-image-preview:large","max-video-preview":"max-video-preview:-1"},"canonical":"https:\/\/multihoster.org\/de\/keep2share\/","og_locale":"de_DE","og_type":"article","og_title":"lll\u25b7 keep2Share Premium Account seri\u00f6s oder nicht? +++ Test auf Multihoster.org","og_description":"Handelt es sich bei keep2Share um einen seri\u00f6sen Anbieter oder nicht? Die Antwort findest du in dem aktuellen Test auf Multihoster.org \u279c Jetzt klicken \u271a unsere Erfahrungen lesen!","og_url":"https:\/\/multihoster.org\/de\/keep2share\/","og_site_name":"Multihoster.org","article_modified_time":"2018-09-12T05:25:55+00:00","og_image":[{"url":"https:\/\/multihoster.org\/wp-content\/uploads\/2018\/05\/keep2share_logo-300x97.jpg"}],"twitter_card":"summary","twitter_misc":{"Gesch\u00e4tzte Lesezeit":"6\u00a0Minuten"},"schema":{"@context":"https:\/\/schema.org","@graph":[{"@type":"WebSite","@id":"https:\/\/multihoster.org\/#website","url":"https:\/\/multihoster.org\/","name":"Multihoster.org","description":"Reviews of the major Filehosting services","potentialAction":[{"@type":"SearchAction","target":{"@type":"EntryPoint","urlTemplate":"https:\/\/multihoster.org\/?s={search_term_string}"},"query-input":"required name=search_term_string"}],"inLanguage":"de"},{"@type":"ImageObject","@id":"https:\/\/multihoster.org\/de\/keep2share\/#primaryimage","inLanguage":"de","url":"https:\/\/multihoster.org\/wp-content\/uploads\/2018\/05\/keep2share_logo.jpg","contentUrl":"https:\/\/multihoster.org\/wp-content\/uploads\/2018\/05\/keep2share_logo.jpg","width":382,"height":123},{"@type":"WebPage","@id":"https:\/\/multihoster.org\/de\/keep2share\/#webpage","url":"https:\/\/multihoster.org\/de\/keep2share\/","name":"lll\u25b7 keep2Share Premium Account seri\u00f6s oder nicht? +++ Test auf Multihoster.org","isPartOf":{"@id":"https:\/\/multihoster.org\/#website"},"primaryImageOfPage":{"@id":"https:\/\/multihoster.org\/de\/keep2share\/#primaryimage"},"datePublished":"2018-05-15T20:57:00+00:00","dateModified":"2018-09-12T05:25:55+00:00","description":"Handelt es sich bei keep2Share um einen seri\u00f6sen Anbieter oder nicht? Die Antwort findest du in dem aktuellen Test auf Multihoster.org \u279c Jetzt klicken \u271a unsere Erfahrungen lesen!","breadcrumb":{"@id":"https:\/\/multihoster.org\/de\/keep2share\/#breadcrumb"},"inLanguage":"de","potentialAction":[{"@type":"ReadAction","target":["https:\/\/multihoster.org\/de\/keep2share\/"]}]},{"@type":"BreadcrumbList","@id":"https:\/\/multihoster.org\/de\/keep2share\/#breadcrumb","itemListElement":[{"@type":"ListItem","position":1,"name":"Startseite","item":"https:\/\/multihoster.org\/de\/"},{"@type":"ListItem","position":2,"name":"Keep2Share Premium Account &#8211; Der Filehoster im \u00dcberblick"}]}]}},"_links":{"self":[{"href":"https:\/\/multihoster.org\/de\/wp-json\/wp\/v2\/pages\/138"}],"collection":[{"href":"https:\/\/multihoster.org\/de\/wp-json\/wp\/v2\/pages"}],"about":[{"href":"https:\/\/multihoster.org\/de\/wp-json\/wp\/v2\/types\/page"}],"author":[{"embeddable":true,"href":"https:\/\/multihoster.org\/de\/wp-json\/wp\/v2\/users\/2"}],"replies":[{"embeddable":true,"href":"https:\/\/multihoster.org\/de\/wp-json\/wp\/v2\/comments?post=138"}],"version-history":[{"count":12,"href":"https:\/\/multihoster.org\/de\/wp-json\/wp\/v2\/pages\/138\/revisions"}],"predecessor-version":[{"id":1355,"href":"https:\/\/multihoster.org\/de\/wp-json\/wp\/v2\/pages\/138\/revisions\/1355"}],"wp:attachment":[{"href":"https:\/\/multihoster.org\/de\/wp-json\/wp\/v2\/media?parent=138"}],"curies":[{"name":"wp","href":"https:\/\/api.w.org\/{rel}","templated":true}]}}