{"id":1453,"date":"2018-09-24T17:14:51","date_gmt":"2018-09-24T17:14:51","guid":{"rendered":"https:\/\/multihoster.org\/?page_id=1453"},"modified":"2019-03-18T22:05:13","modified_gmt":"2019-03-18T22:05:13","slug":"filejoker","status":"publish","type":"page","link":"https:\/\/multihoster.org\/de\/filejoker\/","title":{"rendered":"FileJoker Premium Account &#8211; Der Filehoster im \u00dcberblick"},"content":{"rendered":"<p style=\"margin: 0cm 0cm 8.0pt 0cm;\"><span style=\"font-family: 'Arial',sans-serif; color: black;\" data-darkreader-inline-color=\"\"><img loading=\"lazy\" class=\"size-medium wp-image-1456 alignleft\" src=\"https:\/\/multihoster.org\/wp-content\/uploads\/2018\/09\/logo-300x72.png\" alt=\"logo\" width=\"300\" height=\"72\" srcset=\"https:\/\/multihoster.org\/wp-content\/uploads\/2018\/09\/logo-300x72.png 300w, https:\/\/multihoster.org\/wp-content\/uploads\/2018\/09\/logo.png 419w\" sizes=\"(max-width: 300px) 100vw, 300px\" \/>Bei dem Filehoster FileJoker k\u00f6nnen Sie zwischen einer kostenfreien und einer kostenpflichtigen Variante&nbsp;w\u00e4hlen. Dabei liegt es ganz an Ihren Bed\u00fcrfnissen, welches f\u00fcr Sie die richtige Wahl ist. Wenn Sie eine gro\u00dfe Menge an Daten mit dem&nbsp;Hoster herunterladen, bzw. hochladen m\u00f6chten, dann empfiehlt es sich die Premium Variante zu erwerben. Auch dann, wenn Sie schnell und ohne Wartezeiten Zugriff auf die ben\u00f6tigten Dateien haben m\u00f6chten, ist der Premium Account die richtige Wahl. Sollten Sie allerdings nur selten den Hoster nutzen und mit Wartezeiten keine Problem haben, dann k\u00f6nnen Sie auch die kostenfreie Variante nutzen.<\/span><\/p>\n\n<p><a class=\"fasc-button fasc-size-xlarge fasc-type-glossy fasc-rounded-medium ico-fa fasc-ico-after fa-share\" style=\"background-color: #247edd; color: #ffffff;\" target=\"_blank\" rel=\"nofollow noopener noreferrer\" href=\"https:\/\/multihoster.org\/filejoker\/goto\/\">Gehen Sie zu Filejoker.com<\/a><\/p>\n<h2>Positive Eigenschaften des Anbieters<\/h2>\n<ul>\n<li>Kostenloser Account &amp; Premium Service<\/li>\n<li>Umfangreicher Premium Account<\/li>\n<li>Hohe Sicherheit im Datenschutz<\/li>\n<li>\u00dcberzeugende Benutzerfreundlichkeit<\/li>\n<\/ul>\n<h3>Der kostenlose Zugang ist versteckt<\/h3>\n<p style=\"margin: 0cm 0cm 8.0pt 0cm;\"><span style=\"font-family: 'Arial',sans-serif; color: black;\" data-darkreader-inline-color=\"\">In den Erl\u00e4uterungen auf der Webseite von FileJoker finden Sie sowohl die Free, als auch die Registered (registrierte) Variante. Die Free Version ist ausschlie\u00dflich zum Downloaden geeignet. In der registrierten Version k\u00f6nnen Sie 50GB an Daten hochladen. Allerdings ist die M\u00f6glichkeit, sich zu registrieren gar nicht so einfach zu finden. Denn es gibt keinen normalen Button f\u00fcr die Registrierung, hier muss man einen kleinen Umweg gehen.<\/span><\/p>\n<h3>Registrieren \u00fcber die Reseller Option<\/h3>\n<p style=\"margin: 0cm 0cm 8.0pt 0cm;\"><span style=\"font-family: 'Arial',sans-serif; color: black;\" data-darkreader-inline-color=\"\">Wenn Sie auf der Startseite oben rechts auf Premium klicken, dann erscheinen 4 Angebote f\u00fcr 4 Zeitr\u00e4ume \u2013 je l\u00e4nger das Abonnement ist, desto g\u00fcnstiger wird es. Darunter finden Sie eine Reihe von Bezahlm\u00f6glichkeiten f\u00fcr die jeweiligen Buchungs-Zeitr\u00e4ume. Unter diesen Bezahlvarianten finden Sie die M\u00f6glichkeit, den Account \u00fcber einen von vielen Resellern zu erwerben. Wenn Sie auf den Button Reseller gehen, finden Sie oben links, recht klein, den Button zum Registrieren.<\/span><\/p>\n<h2>Zahlungsm\u00f6glichkeiten<\/h2>\n<p style=\"margin: 0cm 0cm 8.0pt 0cm;\"><span style=\"font-family: 'Arial',sans-serif; color: black;\" data-darkreader-inline-color=\"\">Bei dem Hoster FileJoker k\u00f6nnen Sie auf vielf\u00e4ltige Weise zahlen. Zum einen sind die g\u00e4ngigen Wege via VISA und MasterCard, als auch das Online Banking m\u00f6glich. Zum anderen werden alternative Zahlungsm\u00f6glichkeiten von der Webseite angeboten, hier ist auch die Zahlung via Paysafecard m\u00f6glich. Darunter fallen unter anderem das CoinPayment, WebMonkey und das SMS Payment Verfahren. Besonders interessant ist die Bezahlung per Bitcoin, denn hier bekommen Sie, je nach Variante f\u00fcr drei-, zehn-, zwanzig- oder 35 Tage einen kostenlosen Zugang.<\/span><\/p>\n\n<table id=\"tablepress-96\" class=\"tablepress tablepress-id-96\">\n<tbody class=\"row-hover\">\n<tr class=\"row-1 odd\">\n\t<td class=\"column-1\">30 Tage Premium<\/td><td class=\"column-2\">90 Tage Premium<\/td><td class=\"column-3\">180 Tage Premium<\/td><td class=\"column-4\">365 Tage Premium<\/td>\n<\/tr>\n<tr class=\"row-2 even\">\n\t<td class=\"column-1\">14,05 $<\/td><td class=\"column-2\">34,95 $<\/td><td class=\"column-3\">59,95 $<\/td><td class=\"column-4\">89,95 $<\/td>\n<\/tr>\n<tr class=\"row-3 odd\">\n\t<td class=\"column-1\">3 Tage Bitcoin Bonus<\/td><td class=\"column-2\">10 Tage Bitcoin Bonus<\/td><td class=\"column-3\">20 Tage Bitcoin Bonus<\/td><td class=\"column-4\">35 Tage Bitcoin Bonus<\/td>\n<\/tr>\n<\/tbody>\n<\/table>\n\n<p><a class=\"fasc-button fasc-size-xlarge fasc-type-glossy fasc-rounded-medium ico-fa fasc-ico-after fa-share\" style=\"background-color: #247edd; color: #ffffff;\" target=\"_blank\" rel=\"nofollow noopener noreferrer\" href=\"https:\/\/multihoster.org\/filejoker\/goto\/\">Gehen Sie zu Filejoker.com<\/a><\/p>\n<p><img loading=\"lazy\" class=\"alignnone wp-image-1458 size-full\" src=\"https:\/\/multihoster.org\/wp-content\/uploads\/2018\/09\/prices.png\" alt=\"prices\" width=\"906\" height=\"565\" srcset=\"https:\/\/multihoster.org\/wp-content\/uploads\/2018\/09\/prices.png 906w, https:\/\/multihoster.org\/wp-content\/uploads\/2018\/09\/prices-300x187.png 300w, https:\/\/multihoster.org\/wp-content\/uploads\/2018\/09\/prices-768x479.png 768w\" sizes=\"(max-width: 906px) 100vw, 906px\" \/><\/p>\n<p><img loading=\"lazy\" class=\"alignnone wp-image-1457 size-full\" src=\"https:\/\/multihoster.org\/wp-content\/uploads\/2018\/09\/payment.png\" alt=\"payment-options\" width=\"981\" height=\"71\" srcset=\"https:\/\/multihoster.org\/wp-content\/uploads\/2018\/09\/payment.png 981w, https:\/\/multihoster.org\/wp-content\/uploads\/2018\/09\/payment-300x22.png 300w, https:\/\/multihoster.org\/wp-content\/uploads\/2018\/09\/payment-768x56.png 768w\" sizes=\"(max-width: 981px) 100vw, 981px\" \/><\/p>\n<h2>Privatsph\u00e4re und Datenschutz<\/h2>\n<p style=\"margin: 0cm 0cm 8.0pt 0cm;\"><span style=\"font-family: 'Arial',sans-serif; color: black;\" data-darkreader-inline-color=\"\">In der Datenschutz- und Privatsph\u00e4re Erkl\u00e4rung versichert FileJoker einen sorgsamen und rechtlich korrekten Umgang mit denen von Ihnen eingegebenen Daten. Dabei wird erkl\u00e4rt, wie die von Ihnen eingegebenen Informationen und die durch das Besuchen der Website erhaltenen Daten verwendet werden.<\/span><\/p>\n<p style=\"margin: 0cm 0cm 8.0pt 0cm;\"><span style=\"font-family: 'Arial',sans-serif; color: black;\" data-darkreader-inline-color=\"\">Zum einen werden die Daten, welche durch den Besuch entstehen, anonymisiert gespeichert. Dabei handelt es sich um Informationen, wie demografische Daten oder beispielsweise das verwendete Betriebssystem, sowie den Browser. Zum anderen werden die bei der Anmeldung angegeben Daten gesichert. Dazu geh\u00f6ren die E-Mail Adresse und das Passwort. Nach der Anmeldung k\u00f6nnen noch allerlei weitere Daten eingetragen werden, welche nat\u00fcrlich auch gespeichert werden.<\/span><\/p>\n<p style=\"margin: 0cm 0cm 8.0pt 0cm;\"><span style=\"font-family: 'Arial',sans-serif; color: black;\" data-darkreader-inline-color=\"\">Alle diese Informationen werden vertraulich behandelt, anonymisiert und zur Sicherung in der gesetzlich vorgeschrieben Art und Weise verschl\u00fcsselt. Des Weiteren werden zur besseren Benutzung der Webseite durch Cookies, Daten gespeichert, welche daf\u00fcr sorgen, dass der Nutzer nicht alles immer wieder eintragen muss und schneller mit der Webseite arbeiten kann.<\/span><\/p>\n<h2>Der Kundenservice<\/h2>\n<p style=\"margin: 0cm 0cm 8.0pt 0cm;\"><span style=\"font-family: 'Arial',sans-serif; color: black;\" data-darkreader-inline-color=\"\">Die M\u00f6glichkeiten mit dem Anbieter FileJoker in Kontakt zu treten beschr\u00e4nken sich auf ein Minimum. Hierbei handelt es sich lediglich um ein Kontaktformular, welches Sie erreichen, indem Sie unten rechts auf \u201eContact Us\u201c klicken. Hier kommen Sie auf eine Seite, auf welcher sich in der Mitte die M\u00f6glichkeit befindet, seinen Namen, die E-Mail Adresse und eine Nachricht einzutragen. Unter diesem befindet sich eine Captcha abfragen, anschlie\u00dfend kann die Nachricht abgeschickt werden.<\/span><\/p>\n<h2>Benutzerfreundlichlichkeit<\/h2>\n<p style=\"margin: 0cm 0cm 8.0pt 0cm;\"><span style=\"font-family: 'Arial',sans-serif; color: black;\" data-darkreader-inline-color=\"\">Die Webseite von FileJoker ist nach der Anmeldung sehr gut organisiert und einfach zu bedienen. Alle notwendigen Informationen sind sehr selbsterkl\u00e4rend und auch die Bedienung ist problemlos. Ganz oben, auf der rechten Seite befinden sich die Reiter <\/span><span style=\"font-family: 'Arial',sans-serif;\">\u201c<span style=\"color: black;\" data-darkreader-inline-color=\"\">My Account<\/span>\u201c<span style=\"color: black;\" data-darkreader-inline-color=\"\">, <\/span>\u201c<span style=\"color: black;\" data-darkreader-inline-color=\"\">My Files<\/span>\u201c<span style=\"color: black;\" data-darkreader-inline-color=\"\"> und <\/span>\u201c<span style=\"color: black;\" data-darkreader-inline-color=\"\">Premium\u201c. \u00dcber Letzteren k\u00f6nnen Sie die Geschwindigkeit und den Umfang Ihres Online-Speicherplatzes erweitern, sowie die Wartezeiten \u00fcberspringen. Dazu m\u00fcssen Sie sich eines der Abos aussuchen. Unter \u201eMy Account\u201c k\u00f6nnen Sie einige Einstellungen f\u00fcr Ihr Konto ausf\u00fchren. Der wirklich wichtige Part ist \u201eMy Files\u201c, denn hier k\u00f6nnen Sie ganz einfach \u00fcber den Button in der Mitte, \u201cUpload your files now!\u201c, Ihre Daten hochladen.<\/span><\/span><\/p>\n<p style=\"margin: 0cm 0cm 8.0pt 0cm;\"><span style=\"font-family: 'Arial',sans-serif; color: black;\" data-darkreader-inline-color=\"\">Insgesamt punktet FileJoker mit einer \u00e4u\u00dferst einfachen und \u00fcbersichtlichen Organisation. Es gibt nur sehr wenige Ebenen und alles ist schnell zu finden. Die meisten Aktionen sind mit nur 2-3 Klicks durchzuf\u00fchren. Alles ist \u00fcbersichtlich gestaltet und genauso, wie es die meisten User von anderen bekannten Webseiten schon kennen. Daher sollte es f\u00fcr kaum einen Internetnutzer Schwierigkeiten bei der Bedienung geben.<\/span><\/p>\n<h2>Die Vorteile eines Premium Accounts bei Filejoker<\/h2>\n<p>Der Filejoker Premium Account erm\u00f6glicht Ihnen die maximale Downloadgeschwindigkeit sowie die Durchf\u00fchrung mehrerer Downloads zur gleichen Zeit. Dabei sind die maximale Dateigr\u00f6\u00dfe f\u00fcr Downloads sowie die Speicherkapazit\u00e4t unlimitiert. Die Wartezeiten sowie die Captcha-Beantwortung fallen g\u00e4nzlich weg, zudem k\u00f6nnen Sie Downloads pausieren und fortsetzen, die <a href=\"https:\/\/itunes.apple.com\/us\/app\/zeus-cloud-manager\/id1275020805\" target=\"_blank\" rel=\"noopener noreferrer\">mobile App<\/a> verwenden und den Support kontaktieren.<\/p>\n<h2>Unser Fazit zu dem Anbieter FileJoker<\/h2>\n<p style=\"margin: 0cm 0cm 8.0pt 0cm;\"><span style=\"font-family: 'Arial',sans-serif; color: black;\" data-darkreader-inline-color=\"\">Der Anbieter FileJoker bietet eine kostenfreie M\u00f6glichkeit, den Service zu nutzen, sowie einen Premium Account f\u00fcr die Nutzung ohne Begrenzungen und Wartezeiten. Dadurch haben sowohl der professionelle Anwender, als auch der Amateur eine M\u00f6glichkeit, den Dienst zu fairen Konditionen zu nutzen. Die M\u00f6glichkeit bei Bedarf auf die Premium Variante umzuschwenken ist leicht zu finden, ebenso wie die Bezahlung, welche auf vielf\u00e4ltige Art und Weise durchgef\u00fchrt werden kann. Die anonyme Zahlung via Paysafecard ist nicht direkt bei Filejoker m\u00f6glich, jedoch bei vielen Resellern von Filejoker Premium. Die Bedienung ist selbsterkl\u00e4rend und sehr einfach, wodurch auch unerfahrene Benutzer gut mit der Webseite klar kommen k\u00f6nnen. Der FileHoster FileJoker ist daher sehr zu empfehlen und auf jeden Fall eine gute M\u00f6glichkeit, um Daten hoch, bzw. herunterzuladen.<\/span><\/p>\n<p><a class=\"fasc-button fasc-size-xlarge fasc-type-glossy fasc-rounded-medium ico-fa fasc-ico-after fa-share\" style=\"background-color: #247edd; color: #ffffff;\" target=\"_blank\" rel=\"nofollow noopener noreferrer\" href=\"https:\/\/multihoster.org\/filejoker\/goto\/\">Gehen Sie zu Filejoker.com<\/a><\/p>\n","protected":false},"excerpt":{"rendered":"<p>Bei dem Filehoster FileJoker k\u00f6nnen Sie zwischen einer kostenfreien und einer kostenpflichtigen Variante&nbsp;w\u00e4hlen. Dabei liegt es ganz an Ihren Bed\u00fcrfnissen,<\/p>\n","protected":false},"author":2,"featured_media":0,"parent":0,"menu_order":0,"comment_status":"closed","ping_status":"closed","template":"","meta":[],"yoast_head":"<!-- This site is optimized with the Yoast SEO plugin v18.3 - https:\/\/yoast.com\/wordpress\/plugins\/seo\/ -->\n<title>lll\u25b7 FileJoker Premium Account seri\u00f6s oder nicht? Test auf Multihoster.org<\/title>\n<meta name=\"description\" content=\"Wir bieten Ihnen alle wichtigen Informationen zu dem Filehoster FileJoker und zeigen, welche Funktionen Sie kostenfrei und welche Sie kostenpflichtig nutzen k\u00f6nnen.\" \/>\n<meta name=\"robots\" content=\"index, follow, max-snippet:-1, max-image-preview:large, max-video-preview:-1\" \/>\n<link rel=\"canonical\" href=\"https:\/\/multihoster.org\/de\/filejoker\/\" \/>\n<meta property=\"og:locale\" content=\"de_DE\" \/>\n<meta property=\"og:type\" content=\"article\" \/>\n<meta property=\"og:title\" content=\"lll\u25b7 FileJoker Premium Account seri\u00f6s oder nicht? Test auf Multihoster.org\" \/>\n<meta property=\"og:description\" content=\"Wir bieten Ihnen alle wichtigen Informationen zu dem Filehoster FileJoker und zeigen, welche Funktionen Sie kostenfrei und welche Sie kostenpflichtig nutzen k\u00f6nnen.\" \/>\n<meta property=\"og:url\" content=\"https:\/\/multihoster.org\/de\/filejoker\/\" \/>\n<meta property=\"og:site_name\" content=\"Multihoster.org\" \/>\n<meta property=\"article:modified_time\" content=\"2019-03-18T22:05:13+00:00\" \/>\n<meta property=\"og:image\" content=\"https:\/\/multihoster.org\/wp-content\/uploads\/2018\/09\/logo-300x72.png\" \/>\n<meta name=\"twitter:card\" content=\"summary\" \/>\n<meta name=\"twitter:label1\" content=\"Gesch\u00e4tzte Lesezeit\" \/>\n\t<meta name=\"twitter:data1\" content=\"5\u00a0Minuten\" \/>\n<script type=\"application\/ld+json\" class=\"yoast-schema-graph\">{\"@context\":\"https:\/\/schema.org\",\"@graph\":[{\"@type\":\"WebSite\",\"@id\":\"https:\/\/multihoster.org\/#website\",\"url\":\"https:\/\/multihoster.org\/\",\"name\":\"Multihoster.org\",\"description\":\"Reviews of the major Filehosting services\",\"potentialAction\":[{\"@type\":\"SearchAction\",\"target\":{\"@type\":\"EntryPoint\",\"urlTemplate\":\"https:\/\/multihoster.org\/?s={search_term_string}\"},\"query-input\":\"required name=search_term_string\"}],\"inLanguage\":\"de\"},{\"@type\":\"ImageObject\",\"@id\":\"https:\/\/multihoster.org\/de\/filejoker\/#primaryimage\",\"inLanguage\":\"de\",\"url\":\"https:\/\/multihoster.org\/wp-content\/uploads\/2018\/09\/logo.png\",\"contentUrl\":\"https:\/\/multihoster.org\/wp-content\/uploads\/2018\/09\/logo.png\",\"width\":419,\"height\":100,\"caption\":\"logo\"},{\"@type\":\"WebPage\",\"@id\":\"https:\/\/multihoster.org\/de\/filejoker\/#webpage\",\"url\":\"https:\/\/multihoster.org\/de\/filejoker\/\",\"name\":\"lll\u25b7 FileJoker Premium Account seri\u00f6s oder nicht? Test auf Multihoster.org\",\"isPartOf\":{\"@id\":\"https:\/\/multihoster.org\/#website\"},\"primaryImageOfPage\":{\"@id\":\"https:\/\/multihoster.org\/de\/filejoker\/#primaryimage\"},\"datePublished\":\"2018-09-24T17:14:51+00:00\",\"dateModified\":\"2019-03-18T22:05:13+00:00\",\"description\":\"Wir bieten Ihnen alle wichtigen Informationen zu dem Filehoster FileJoker und zeigen, welche Funktionen Sie kostenfrei und welche Sie kostenpflichtig nutzen k\u00f6nnen.\",\"breadcrumb\":{\"@id\":\"https:\/\/multihoster.org\/de\/filejoker\/#breadcrumb\"},\"inLanguage\":\"de\",\"potentialAction\":[{\"@type\":\"ReadAction\",\"target\":[\"https:\/\/multihoster.org\/de\/filejoker\/\"]}]},{\"@type\":\"BreadcrumbList\",\"@id\":\"https:\/\/multihoster.org\/de\/filejoker\/#breadcrumb\",\"itemListElement\":[{\"@type\":\"ListItem\",\"position\":1,\"name\":\"Startseite\",\"item\":\"https:\/\/multihoster.org\/de\/\"},{\"@type\":\"ListItem\",\"position\":2,\"name\":\"FileJoker Premium Account &#8211; Der Filehoster im \u00dcberblick\"}]}]}<\/script>\n<!-- \/ Yoast SEO plugin. -->","yoast_head_json":{"title":"lll\u25b7 FileJoker Premium Account seri\u00f6s oder nicht? Test auf Multihoster.org","description":"Wir bieten Ihnen alle wichtigen Informationen zu dem Filehoster FileJoker und zeigen, welche Funktionen Sie kostenfrei und welche Sie kostenpflichtig nutzen k\u00f6nnen.","robots":{"index":"index","follow":"follow","max-snippet":"max-snippet:-1","max-image-preview":"max-image-preview:large","max-video-preview":"max-video-preview:-1"},"canonical":"https:\/\/multihoster.org\/de\/filejoker\/","og_locale":"de_DE","og_type":"article","og_title":"lll\u25b7 FileJoker Premium Account seri\u00f6s oder nicht? Test auf Multihoster.org","og_description":"Wir bieten Ihnen alle wichtigen Informationen zu dem Filehoster FileJoker und zeigen, welche Funktionen Sie kostenfrei und welche Sie kostenpflichtig nutzen k\u00f6nnen.","og_url":"https:\/\/multihoster.org\/de\/filejoker\/","og_site_name":"Multihoster.org","article_modified_time":"2019-03-18T22:05:13+00:00","og_image":[{"url":"https:\/\/multihoster.org\/wp-content\/uploads\/2018\/09\/logo-300x72.png"}],"twitter_card":"summary","twitter_misc":{"Gesch\u00e4tzte Lesezeit":"5\u00a0Minuten"},"schema":{"@context":"https:\/\/schema.org","@graph":[{"@type":"WebSite","@id":"https:\/\/multihoster.org\/#website","url":"https:\/\/multihoster.org\/","name":"Multihoster.org","description":"Reviews of the major Filehosting services","potentialAction":[{"@type":"SearchAction","target":{"@type":"EntryPoint","urlTemplate":"https:\/\/multihoster.org\/?s={search_term_string}"},"query-input":"required name=search_term_string"}],"inLanguage":"de"},{"@type":"ImageObject","@id":"https:\/\/multihoster.org\/de\/filejoker\/#primaryimage","inLanguage":"de","url":"https:\/\/multihoster.org\/wp-content\/uploads\/2018\/09\/logo.png","contentUrl":"https:\/\/multihoster.org\/wp-content\/uploads\/2018\/09\/logo.png","width":419,"height":100,"caption":"logo"},{"@type":"WebPage","@id":"https:\/\/multihoster.org\/de\/filejoker\/#webpage","url":"https:\/\/multihoster.org\/de\/filejoker\/","name":"lll\u25b7 FileJoker Premium Account seri\u00f6s oder nicht? Test auf Multihoster.org","isPartOf":{"@id":"https:\/\/multihoster.org\/#website"},"primaryImageOfPage":{"@id":"https:\/\/multihoster.org\/de\/filejoker\/#primaryimage"},"datePublished":"2018-09-24T17:14:51+00:00","dateModified":"2019-03-18T22:05:13+00:00","description":"Wir bieten Ihnen alle wichtigen Informationen zu dem Filehoster FileJoker und zeigen, welche Funktionen Sie kostenfrei und welche Sie kostenpflichtig nutzen k\u00f6nnen.","breadcrumb":{"@id":"https:\/\/multihoster.org\/de\/filejoker\/#breadcrumb"},"inLanguage":"de","potentialAction":[{"@type":"ReadAction","target":["https:\/\/multihoster.org\/de\/filejoker\/"]}]},{"@type":"BreadcrumbList","@id":"https:\/\/multihoster.org\/de\/filejoker\/#breadcrumb","itemListElement":[{"@type":"ListItem","position":1,"name":"Startseite","item":"https:\/\/multihoster.org\/de\/"},{"@type":"ListItem","position":2,"name":"FileJoker Premium Account &#8211; Der Filehoster im \u00dcberblick"}]}]}},"_links":{"self":[{"href":"https:\/\/multihoster.org\/de\/wp-json\/wp\/v2\/pages\/1453"}],"collection":[{"href":"https:\/\/multihoster.org\/de\/wp-json\/wp\/v2\/pages"}],"about":[{"href":"https:\/\/multihoster.org\/de\/wp-json\/wp\/v2\/types\/page"}],"author":[{"embeddable":true,"href":"https:\/\/multihoster.org\/de\/wp-json\/wp\/v2\/users\/2"}],"replies":[{"embeddable":true,"href":"https:\/\/multihoster.org\/de\/wp-json\/wp\/v2\/comments?post=1453"}],"version-history":[{"count":3,"href":"https:\/\/multihoster.org\/de\/wp-json\/wp\/v2\/pages\/1453\/revisions"}],"predecessor-version":[{"id":2172,"href":"https:\/\/multihoster.org\/de\/wp-json\/wp\/v2\/pages\/1453\/revisions\/2172"}],"wp:attachment":[{"href":"https:\/\/multihoster.org\/de\/wp-json\/wp\/v2\/media?parent=1453"}],"curies":[{"name":"wp","href":"https:\/\/api.w.org\/{rel}","templated":true}]}}