{"id":1460,"date":"2018-09-24T17:53:46","date_gmt":"2018-09-24T17:53:46","guid":{"rendered":"https:\/\/multihoster.org\/?page_id=1460"},"modified":"2021-01-14T19:04:43","modified_gmt":"2021-01-14T19:04:43","slug":"fileboom","status":"publish","type":"page","link":"https:\/\/multihoster.org\/de\/fileboom\/","title":{"rendered":"Fileboom Premium Account &#8211; Der Filehoster im \u00dcberblick"},"content":{"rendered":"<p><img loading=\"lazy\" class=\"size-full wp-image-1467 alignleft\" src=\"https:\/\/multihoster.org\/wp-content\/uploads\/2018\/09\/logo-1.png\" alt=\"logo\" width=\"229\" height=\"54\">F\u00fcr den Filehoster Fileboom.me ist die sichere Speicherung Ihrer Dateien die oberste Priorit\u00e4t. Der Anbieter erm\u00f6glicht Ihnen im Rahmen des Fileboom Accounts neben der Speicherung von Dateien auch den Download diverser Dateien. Im Rahmen des Service von Fileboom.me gibt es sowohl einen kostenlosen Account, als auch Fileboom Premium, wodurch Sie den vollen Umfang nutzen k\u00f6nnen. F\u00fcr die Zahlung stehen diverse Verfahren zur Verf\u00fcgung, darunter befindet sich auch der beliebte Zahlungsdienstleister Paypal.<\/p>\n\n<p><a class=\"fasc-button fasc-size-xlarge fasc-type-glossy fasc-rounded-medium ico-fa fasc-ico-after fa-share\" style=\"background-color: #33809e; color: #ffffff;\" target=\"_blank\" rel=\"nofollow noopener noreferrer\" href=\"https:\/\/multihoster.org\/fileboom\/goto\/\">Gehen Sie zu Fileboom.me<\/a><\/p>\n<h2>Positive Eigenschaften des Anbieters<\/h2>\n<ul>\n<li>Kostenlose Nutzung m\u00f6glich<\/li>\n<li>\u00dcbersichtliche Strukturierung<\/li>\n<li>Ausgezeichneter Datenschutz<\/li>\n<li>Attraktive Premium Features<\/li>\n<\/ul>\n<p><img loading=\"lazy\" class=\"alignnone size-full wp-image-1463\" src=\"https:\/\/multihoster.org\/wp-content\/uploads\/2018\/09\/overview.png\" alt=\"overview\" width=\"1393\" height=\"311\" srcset=\"https:\/\/multihoster.org\/wp-content\/uploads\/2018\/09\/overview.png 1393w, https:\/\/multihoster.org\/wp-content\/uploads\/2018\/09\/overview-300x67.png 300w, https:\/\/multihoster.org\/wp-content\/uploads\/2018\/09\/overview-768x171.png 768w, https:\/\/multihoster.org\/wp-content\/uploads\/2018\/09\/overview-1024x229.png 1024w\" sizes=\"(max-width: 1393px) 100vw, 1393px\" \/><\/p>\n<h2>Das gesamte Angebot von Fileboom im \u00dcberblick<\/h2>\n<p>Der kostenlose Fileboom Account ist schnell erstellt und nimmt nur wenige Sekunden in Anspruch. Nach der Verifizierung der E-Mail Adresse kann der Service in beschr\u00e4nktem Umfang genutzt werden. F\u00fcr den Upload stehen 10 GB Speicherplatz zur Verf\u00fcgung.<\/p>\n<p>Den maximalen Serviceumfang k\u00f6nnen Sie durch den Erwerb eines Fileboom Premium Accounts nutzen. Hier stehen Ihnen die maximale Downloadgeschwindigkeit, der simultane Download mehrere Dateien sowie viele, weitere Features zur Verf\u00fcgung. F\u00fcr den Erwerb von Fileboom Premium gibt es vier verschiedene Paket-M\u00f6glichkeiten sowie diverse, akzeptierte Bezahlmethoden.<\/p>\n<h2>Bonusangebote<\/h2>\n<p>Als Bonusangebot steht bei Fileboom die M\u00f6glichkeit offen, sich f\u00fcr das Partnerprogramm zu bewerben. Wer sich daf\u00fcr interessiert, Fileboom Premium zu bewerben und daf\u00fcr eine Entlohnung zu enthalten, kann unter dem Reiter \u201cMake Money\u201d die ersten Schritte einleiten. Hier k\u00f6nnen Sie Ihre pers\u00f6nlichen Daten angeben und erhalten w\u00e4hrend der Werktage anschlie\u00dfend f\u00fcr gew\u00f6hnlich innerhalb von 24 Stunden eine Antwort.<\/p>\n<h2>Kosten und Zahlungsm\u00f6glichkeiten<\/h2>\n<p>Wenn Sie nicht nur die Vorteile eines kostenlosen Fileboom Accounts, sondern dar\u00fcber hinaus auch die Features von Fileboom Premium genie\u00dfen m\u00f6chten, steht Ihnen f\u00fcr die Bezahlung unter anderem die drei Verfahren VISA, MasterCard sowie American Express zur Auswahl. M\u00f6glich ist dar\u00fcber hinaus die Zahlung via PayPal sowie durch diverse, lokale Methoden. Angefangen bei Webmoney und Postbank \u00fcber LBBW bis hin zu Safety Pay. Die anonyme Zahlung via PaysafeCard ist bei Fileboom nicht m\u00f6glich.<\/p>\n\n<table id=\"tablepress-97\" class=\"tablepress tablepress-id-97\">\n<tbody class=\"row-hover\">\n<tr class=\"row-1 odd\">\n\t<td class=\"column-1\">3 Tage<\/td><td class=\"column-2\">30 Tage<\/td><td class=\"column-3\">90 Tage<\/td><td class=\"column-4\">180 Tage<\/td>\n<\/tr>\n<tr class=\"row-2 even\">\n\t<td class=\"column-1\">6,95 $<\/td><td class=\"column-2\">16,95 $<\/td><td class=\"column-3\">41,95 $<\/td><td class=\"column-4\">113,95 $<\/td>\n<\/tr>\n<tr class=\"row-3 odd\">\n\t<td class=\"column-1\">2,23 $ pro Tag<\/td><td class=\"column-2\">0,56 $ pro Tag<\/td><td class=\"column-3\">0,47 $ pro Tag<\/td><td class=\"column-4\">0,31 $ pro Tag<\/td>\n<\/tr>\n<\/tbody>\n<\/table>\n\n<p><a class=\"fasc-button fasc-size-xlarge fasc-type-glossy fasc-rounded-medium ico-fa fasc-ico-after fa-share\" style=\"background-color: #33809e; color: #ffffff;\" target=\"_blank\" rel=\"nofollow noopener noreferrer\" href=\"https:\/\/multihoster.org\/fileboom\/goto\/\">Gehen Sie zu Fileboom.me<\/a><\/p>\n<p><img loading=\"lazy\" class=\"alignnone size-full wp-image-1466\" src=\"https:\/\/multihoster.org\/wp-content\/uploads\/2018\/09\/prices-1.png\" alt=\"prices\" width=\"1152\" height=\"463\" srcset=\"https:\/\/multihoster.org\/wp-content\/uploads\/2018\/09\/prices-1.png 1152w, https:\/\/multihoster.org\/wp-content\/uploads\/2018\/09\/prices-1-300x121.png 300w, https:\/\/multihoster.org\/wp-content\/uploads\/2018\/09\/prices-1-768x309.png 768w, https:\/\/multihoster.org\/wp-content\/uploads\/2018\/09\/prices-1-1024x412.png 1024w\" sizes=\"(max-width: 1152px) 100vw, 1152px\" \/><\/p>\n<h2>Privatsph\u00e4re und Datenschutz<\/h2>\n<p>Fileboom.me bietet einen umfangreichen Datenschutz und einen vertrauensw\u00fcrdigen Umgang mit den pers\u00f6nlichen Daten. Bei der Registrierung werden pers\u00f6nliche Daten wie die Email-Adresse gespeichert, dar\u00fcber hinaus werden f\u00fcr den Erwerb von Fileboom Premium pers\u00f6nliche und finanzielle Daten gespeichert. Um den Service verbessern zu k\u00f6nnen, sammelt der Anbieter diverse, anonymisierte Daten der Nutzer. Auch Cookies kommen f\u00fcr die Optimierung des Nutzungserlebnisses zum Einsatz.<\/p>\n<p>Um den Zahlungsprozess so sicher wie m\u00f6glich zu gestalten, werden die jeweiligen Prozesse sicher verschl\u00fcsselt.<\/p>\n<h2>Kundendienst<\/h2>\n<p>Zum Kundendienst von Fileboom gelangen Sie ganz unten auf der Seite unter dem Reiter \u201cHelp\u201d. Angekommen im Kundencenter finden Sie das FAQ sowie aktuelle Ideen. Rechts im Kundencenter finden Sie die Optionen \u201cKontaktieren Sie uns\u201d sowie \u201cFeedback geben\u201d, um mit dem Team von Fileboom in Kontakt zu treten.<\/p>\n<h2>Benutzerfreundlichkeit<\/h2>\n<p>Die Webseite ist einfach und \u00fcbersichtlich strukturiert. Bereits auf der Startseite wird das Serviceangebot klar vermittelt. Der Upload von Dateien ist hier via File Upload, Flash Upload oder Remote Upload m\u00f6glich.<\/p>\n<p>Nach dem Login k\u00f6nnen Sie ganz oben unter der Option \u201cMy Files\u201d Ihre Dateien praktisch verwalten &#8211; von hier ist ebenfalls der Upload m\u00f6glich. Hinzu kommt der Reiter \u201cProfile\u201d f\u00fcr genauere Informationen zu Ihrem Profil sowie \u201cPremium\u201d und \u201cMake Money\u201d.<\/p>\n<h2>Die Vorteile eines Premium Accounts bei Fileboom<\/h2>\n<p>Mit einem <a href=\"https:\/\/fileboompremium.com\/de\/\">Fileboom<\/a> Premium Account k\u00f6nnen Sie den gesamten Service des Anbieters nutzen und profitieren dabei von diversen Features.<\/p>\n<p>Dabei k\u00f6nnen Sie die maximale Downloadgeschwindigkeit nutzen und genie\u00dfen den Instant Start, die 30-sek\u00fcndige Wartezeit f\u00e4llt also weg. <a href=\"https:\/\/www.heise.de\/download\/product\/free-download-manager-19323\" target=\"_blank\" rel=\"noopener noreferrer\">Download-Manager<\/a> k\u00f6nnen ohne Probleme verwendet werden und auch der FTP sowie HTTP Upload ist m\u00f6glich. Die Dateien werden f\u00fcr 90 Tage gespeichert und Downloads k\u00f6nnen nach Belieben pausiert oder weitergef\u00fchrt werden. Die maximale Dateigr\u00f6\u00dfe steigt von &nbsp;500 MB auf 5 GB und auch der simultane Download mehrerer Dateien ist mit dem Fileboom Premium Account m\u00f6glich. Der Premium Account von Fileboom kann zwar vielf\u00e4ltig bezahlt werden, jedoch nicht durch eine Paysafecard. M\u00f6glich ist jedoch der Kauf eines Fileboom Premium Accounts mit der Paysafecard bei Resellern von Fileboom Premium.<\/p>\n<h2>Unser Fazit zum Anbieter Fileboom<\/h2>\n<p>Alles in allem bietet Fileboom.me ein interessantes Angebot, welches bereits mit einem kostenlosen Fileboom Account in begrenztem Umfang genutzt werden kann. Alle Features, wozu unter anderem die maximale Downloadgeschwindigkeit, der simultane Download mehrerer Dateien sowie der Einsatz eines Download-Accelerators geh\u00f6ren, k\u00f6nnen Sie mit dem Fileboom Premium Account genie\u00dfen. F\u00fcr den Erwerb eines 3-t\u00e4gigen, 30-t\u00e4gigen, 90-t\u00e4gigen oder 180-t\u00e4gigen Fileboom Premium Accounts stehen Ihnen diverse Zahlungsdienstleister zur Auswahl, darunter unter anderem die beliebte Bezahlung via Paypal. Anonyme Zahlungsweisen gibt es direkt beim Anbieter keine, jedoch k\u00f6nnen Sie Zahlungsm\u00f6glichkeiten wie die Paysafecard bei Resellern von Fileboom nutzen, um einen Fileboom Premium Account zu erwerben.<\/p>\n<p><a class=\"fasc-button fasc-size-xlarge fasc-type-glossy fasc-rounded-medium ico-fa fasc-ico-after fa-share\" style=\"background-color: #33809e; color: #ffffff;\" target=\"_blank\" rel=\"nofollow noopener noreferrer\" href=\"https:\/\/multihoster.org\/fileboom\/goto\/\">Gehen Sie zu Fileboom.me<\/a><\/p>\n","protected":false},"excerpt":{"rendered":"<p>F\u00fcr den Filehoster Fileboom.me ist die sichere Speicherung Ihrer Dateien die oberste Priorit\u00e4t. Der Anbieter erm\u00f6glicht Ihnen im Rahmen des<\/p>\n","protected":false},"author":2,"featured_media":0,"parent":0,"menu_order":0,"comment_status":"closed","ping_status":"closed","template":"","meta":[],"yoast_head":"<!-- This site is optimized with the Yoast SEO plugin v18.3 - https:\/\/yoast.com\/wordpress\/plugins\/seo\/ -->\n<title>lll\u25b7 Fileboom Premium Account seri\u00f6s oder nicht? Test auf Multihoster.org<\/title>\n<meta name=\"description\" content=\"Sie m\u00f6chten gerne genauere Informationen zum Anbieter Fileboom sowie zum Fileboom Premium Account erhalten? Wir stellen Ihnen den Filehoster gerne im Detail vor.\" \/>\n<meta name=\"robots\" content=\"index, follow, max-snippet:-1, max-image-preview:large, max-video-preview:-1\" \/>\n<link rel=\"canonical\" href=\"https:\/\/multihoster.org\/de\/fileboom\/\" \/>\n<meta property=\"og:locale\" content=\"de_DE\" \/>\n<meta property=\"og:type\" content=\"article\" \/>\n<meta property=\"og:title\" content=\"lll\u25b7 Fileboom Premium Account seri\u00f6s oder nicht? Test auf Multihoster.org\" \/>\n<meta property=\"og:description\" content=\"Sie m\u00f6chten gerne genauere Informationen zum Anbieter Fileboom sowie zum Fileboom Premium Account erhalten? Wir stellen Ihnen den Filehoster gerne im Detail vor.\" \/>\n<meta property=\"og:url\" content=\"https:\/\/multihoster.org\/de\/fileboom\/\" \/>\n<meta property=\"og:site_name\" content=\"Multihoster.org\" \/>\n<meta property=\"article:modified_time\" content=\"2021-01-14T19:04:43+00:00\" \/>\n<meta property=\"og:image\" content=\"https:\/\/multihoster.org\/wp-content\/uploads\/2018\/09\/logo-1.png\" \/>\n<meta name=\"twitter:card\" content=\"summary\" \/>\n<meta name=\"twitter:label1\" content=\"Gesch\u00e4tzte Lesezeit\" \/>\n\t<meta name=\"twitter:data1\" content=\"4\u00a0Minuten\" \/>\n<script type=\"application\/ld+json\" class=\"yoast-schema-graph\">{\"@context\":\"https:\/\/schema.org\",\"@graph\":[{\"@type\":\"WebSite\",\"@id\":\"https:\/\/multihoster.org\/#website\",\"url\":\"https:\/\/multihoster.org\/\",\"name\":\"Multihoster.org\",\"description\":\"Reviews of the major Filehosting services\",\"potentialAction\":[{\"@type\":\"SearchAction\",\"target\":{\"@type\":\"EntryPoint\",\"urlTemplate\":\"https:\/\/multihoster.org\/?s={search_term_string}\"},\"query-input\":\"required name=search_term_string\"}],\"inLanguage\":\"de\"},{\"@type\":\"ImageObject\",\"@id\":\"https:\/\/multihoster.org\/de\/fileboom\/#primaryimage\",\"inLanguage\":\"de\",\"url\":\"https:\/\/multihoster.org\/wp-content\/uploads\/2018\/09\/logo-1.png\",\"contentUrl\":\"https:\/\/multihoster.org\/wp-content\/uploads\/2018\/09\/logo-1.png\",\"width\":229,\"height\":54,\"caption\":\"logo\"},{\"@type\":\"WebPage\",\"@id\":\"https:\/\/multihoster.org\/de\/fileboom\/#webpage\",\"url\":\"https:\/\/multihoster.org\/de\/fileboom\/\",\"name\":\"lll\u25b7 Fileboom Premium Account seri\u00f6s oder nicht? Test auf Multihoster.org\",\"isPartOf\":{\"@id\":\"https:\/\/multihoster.org\/#website\"},\"primaryImageOfPage\":{\"@id\":\"https:\/\/multihoster.org\/de\/fileboom\/#primaryimage\"},\"datePublished\":\"2018-09-24T17:53:46+00:00\",\"dateModified\":\"2021-01-14T19:04:43+00:00\",\"description\":\"Sie m\u00f6chten gerne genauere Informationen zum Anbieter Fileboom sowie zum Fileboom Premium Account erhalten? Wir stellen Ihnen den Filehoster gerne im Detail vor.\",\"breadcrumb\":{\"@id\":\"https:\/\/multihoster.org\/de\/fileboom\/#breadcrumb\"},\"inLanguage\":\"de\",\"potentialAction\":[{\"@type\":\"ReadAction\",\"target\":[\"https:\/\/multihoster.org\/de\/fileboom\/\"]}]},{\"@type\":\"BreadcrumbList\",\"@id\":\"https:\/\/multihoster.org\/de\/fileboom\/#breadcrumb\",\"itemListElement\":[{\"@type\":\"ListItem\",\"position\":1,\"name\":\"Startseite\",\"item\":\"https:\/\/multihoster.org\/de\/\"},{\"@type\":\"ListItem\",\"position\":2,\"name\":\"Fileboom Premium Account &#8211; Der Filehoster im \u00dcberblick\"}]}]}<\/script>\n<!-- \/ Yoast SEO plugin. -->","yoast_head_json":{"title":"lll\u25b7 Fileboom Premium Account seri\u00f6s oder nicht? Test auf Multihoster.org","description":"Sie m\u00f6chten gerne genauere Informationen zum Anbieter Fileboom sowie zum Fileboom Premium Account erhalten? Wir stellen Ihnen den Filehoster gerne im Detail vor.","robots":{"index":"index","follow":"follow","max-snippet":"max-snippet:-1","max-image-preview":"max-image-preview:large","max-video-preview":"max-video-preview:-1"},"canonical":"https:\/\/multihoster.org\/de\/fileboom\/","og_locale":"de_DE","og_type":"article","og_title":"lll\u25b7 Fileboom Premium Account seri\u00f6s oder nicht? Test auf Multihoster.org","og_description":"Sie m\u00f6chten gerne genauere Informationen zum Anbieter Fileboom sowie zum Fileboom Premium Account erhalten? Wir stellen Ihnen den Filehoster gerne im Detail vor.","og_url":"https:\/\/multihoster.org\/de\/fileboom\/","og_site_name":"Multihoster.org","article_modified_time":"2021-01-14T19:04:43+00:00","og_image":[{"url":"https:\/\/multihoster.org\/wp-content\/uploads\/2018\/09\/logo-1.png"}],"twitter_card":"summary","twitter_misc":{"Gesch\u00e4tzte Lesezeit":"4\u00a0Minuten"},"schema":{"@context":"https:\/\/schema.org","@graph":[{"@type":"WebSite","@id":"https:\/\/multihoster.org\/#website","url":"https:\/\/multihoster.org\/","name":"Multihoster.org","description":"Reviews of the major Filehosting services","potentialAction":[{"@type":"SearchAction","target":{"@type":"EntryPoint","urlTemplate":"https:\/\/multihoster.org\/?s={search_term_string}"},"query-input":"required name=search_term_string"}],"inLanguage":"de"},{"@type":"ImageObject","@id":"https:\/\/multihoster.org\/de\/fileboom\/#primaryimage","inLanguage":"de","url":"https:\/\/multihoster.org\/wp-content\/uploads\/2018\/09\/logo-1.png","contentUrl":"https:\/\/multihoster.org\/wp-content\/uploads\/2018\/09\/logo-1.png","width":229,"height":54,"caption":"logo"},{"@type":"WebPage","@id":"https:\/\/multihoster.org\/de\/fileboom\/#webpage","url":"https:\/\/multihoster.org\/de\/fileboom\/","name":"lll\u25b7 Fileboom Premium Account seri\u00f6s oder nicht? Test auf Multihoster.org","isPartOf":{"@id":"https:\/\/multihoster.org\/#website"},"primaryImageOfPage":{"@id":"https:\/\/multihoster.org\/de\/fileboom\/#primaryimage"},"datePublished":"2018-09-24T17:53:46+00:00","dateModified":"2021-01-14T19:04:43+00:00","description":"Sie m\u00f6chten gerne genauere Informationen zum Anbieter Fileboom sowie zum Fileboom Premium Account erhalten? Wir stellen Ihnen den Filehoster gerne im Detail vor.","breadcrumb":{"@id":"https:\/\/multihoster.org\/de\/fileboom\/#breadcrumb"},"inLanguage":"de","potentialAction":[{"@type":"ReadAction","target":["https:\/\/multihoster.org\/de\/fileboom\/"]}]},{"@type":"BreadcrumbList","@id":"https:\/\/multihoster.org\/de\/fileboom\/#breadcrumb","itemListElement":[{"@type":"ListItem","position":1,"name":"Startseite","item":"https:\/\/multihoster.org\/de\/"},{"@type":"ListItem","position":2,"name":"Fileboom Premium Account &#8211; Der Filehoster im \u00dcberblick"}]}]}},"_links":{"self":[{"href":"https:\/\/multihoster.org\/de\/wp-json\/wp\/v2\/pages\/1460"}],"collection":[{"href":"https:\/\/multihoster.org\/de\/wp-json\/wp\/v2\/pages"}],"about":[{"href":"https:\/\/multihoster.org\/de\/wp-json\/wp\/v2\/types\/page"}],"author":[{"embeddable":true,"href":"https:\/\/multihoster.org\/de\/wp-json\/wp\/v2\/users\/2"}],"replies":[{"embeddable":true,"href":"https:\/\/multihoster.org\/de\/wp-json\/wp\/v2\/comments?post=1460"}],"version-history":[{"count":4,"href":"https:\/\/multihoster.org\/de\/wp-json\/wp\/v2\/pages\/1460\/revisions"}],"predecessor-version":[{"id":5518,"href":"https:\/\/multihoster.org\/de\/wp-json\/wp\/v2\/pages\/1460\/revisions\/5518"}],"wp:attachment":[{"href":"https:\/\/multihoster.org\/de\/wp-json\/wp\/v2\/media?parent=1460"}],"curies":[{"name":"wp","href":"https:\/\/api.w.org\/{rel}","templated":true}]}}