{"id":1469,"date":"2018-09-24T18:19:08","date_gmt":"2018-09-24T18:19:08","guid":{"rendered":"https:\/\/multihoster.org\/?page_id=1469"},"modified":"2018-09-24T18:19:08","modified_gmt":"2018-09-24T18:19:08","slug":"offcloud","status":"publish","type":"page","link":"https:\/\/multihoster.org\/de\/offcloud\/","title":{"rendered":"Offcloud &#8211; Der Multihoster im \u00dcberblick"},"content":{"rendered":"<p style=\"margin: 20.15pt 0cm 5.95pt 0cm;\"><span style=\"font-family: 'Arial',sans-serif; color: black;\" data-darkreader-inline-color=\"\"><img loading=\"lazy\" class=\"alignleft wp-image-1470 size-medium\" src=\"https:\/\/multihoster.org\/wp-content\/uploads\/2018\/09\/logo-2-300x66.png\" alt=\"logo\" width=\"300\" height=\"66\" srcset=\"https:\/\/multihoster.org\/wp-content\/uploads\/2018\/09\/logo-2-300x66.png 300w, https:\/\/multihoster.org\/wp-content\/uploads\/2018\/09\/logo-2.png 680w\" sizes=\"(max-width: 300px) 100vw, 300px\" \/>Der Multihoster Offcloud bietet Ihnen sowohl die M\u00f6glichkeit, diverse Dateien zu herunterzuladen, als auch die Option, die gew\u00fcnschten Dateien in die Cloud hochzuladen. Zudem k\u00f6nnen Sie ein Cloud Backup vornehmen sowie eine API und dutzende, weitere Tools verwenden. Zur Auswahl stehen Ihnen bei Offcloud die kostenlose Variante und ein Premium Account.<\/span><\/p>\n<p style=\"margin: 20.15pt 0cm 5.95pt 0cm;\"><span style=\"font-family: 'Arial',sans-serif; color: black;\" data-darkreader-inline-color=\"\">Offcloud fungiert als ein cloud-basierter Download Manager, welcher eine Vielzahl an Webseiten unterst\u00fctzt und somit einen sehr umfangreichen Service bietet. Zu den unterst\u00fctzen Cloud-Webseiten geh\u00f6ren unter anderem 1Fichier, <a href=\"https:\/\/multihoster.org\/de\/rapidgator\/\" target=\"_blank\" rel=\"noopener\">Rapidgator<\/a> sowie <a href=\"https:\/\/multihoster.org\/de\/filefactory\/\" target=\"_blank\" rel=\"noopener\">FileFactory<\/a> und viele weitere. Auch diverse Streaming-Anbieter werden unterst\u00fctzt, angefangen bei Soundcloud und Youtube \u00fcber Vimeo bis hin zu bekannten Erotik-Webseiten. Wir haben Offcloud getestet und einmal genauer unter die Lupe genommen. Im Folgenden finden Sie weitere Informationen sowie unsere Erfahrungen zum Anbieter Offcloud.<\/span><\/p>\n<h2><strong>Positive Eigenschaften des Anbieters<\/strong><\/h2>\n<ul>\n<li>kostenloser und Premium Account<\/li>\n<li>gro\u00dfe Auswahl an unterst\u00fctzen Seiten<\/li>\n<li>diverse Tools und Erweiterungen<\/li>\n<li>anonyme Bezahlungsmethoden<\/li>\n<li>\u00fcbersichtliche und benutzerfreundliche Gestaltung<\/li>\n<\/ul>\n<h2 style=\"margin: 18.15pt 0cm 5.95pt 0cm;\"><span style=\"color: black;\" data-darkreader-inline-color=\"\">Das gesamte Angebot von Offcloud im \u00dcberblick<\/span><\/h2>\n<p style=\"margin: 18.15pt 0cm 5.95pt 0cm;\"><span style=\"font-family: 'Arial',sans-serif; color: black;\" data-darkreader-inline-color=\"\">Wer den Service von Offcloud zun\u00e4chst unverbindlich testen m\u00f6chte, kann einen kostenlosen Account erstellen. Die Option daf\u00fcr finden Sie direkt auf der Startseite, hier muss lediglich die Email-Adresse angegeben werden und mit einem Klick ist die Anmeldung abgeschlossen. Anschlie\u00dfend erhalten Sie eine Email vom Anbieter und k\u00f6nnen ein Passwort f\u00fcr den Account festlegen. <\/span><\/p>\n<p style=\"margin: 18.15pt 0cm 5.95pt 0cm;\"><span style=\"font-family: 'Arial',sans-serif; color: black;\" data-darkreader-inline-color=\"\">Wer den maximalen Serviceumfang nutzen m\u00f6chte, kann den Account zu einem Offcloud Premium Account upgraden und daf\u00fcr einen von vier Tarifen abschlie\u00dfen. Zur Auswahl stehen an dieser Stelle Tarife f\u00fcr einen Zeitraum von einem Monat bis hin zu einem Jahr.<\/span><\/p>\n<h2>Bonusangebote<\/h2>\n<p style=\"margin: 18.15pt 0cm 5.95pt 0cm;\"><span style=\"font-family: 'Arial',sans-serif; color: black;\" data-darkreader-inline-color=\"\">Im Rahmen der Bonusangebote finden Sie zwei Cloud Applications &#8211; <a href=\"https:\/\/chrome.google.com\/webstore\/detail\/offcloudcom-extension\/mhenombkbjeannffjnhcnelokhkfndch\" target=\"_blank\" rel=\"noopener\">Offcloud f\u00fcr Google Chrome<\/a> und Offcloud f\u00fcr Google Drive. Zudem gibt es praktische Erweiterungen f\u00fcr den Internetbrowser, unterst\u00fctzt werden die Browser Google Chrome, Opera, Firefox sowie Safari und Edge. Hinzu kommen zwei Tools zur Automatisierung sowie drei Desktop Download Manager. Insgesamt bietet Offcloud also ein umfangreiches Angebot an Bonusangeboten, welche sogar in Kombination mit dem kostenlosen Account einsetzbar sind.<\/span><\/p>\n<p style=\"margin: 18.15pt 0cm 5.95pt 0cm;\"><span style=\"font-family: 'Arial',sans-serif; color: black;\" data-darkreader-inline-color=\"\">Durch das Bewerben des Anbieters und die Generierung neuer Kunden ist es au\u00dferdem m\u00f6glich, Credit Coins zu erhalten, welche f\u00fcr den kostenlosen Erwerb des Premium Accounts verwendet werden k\u00f6nnen. Auch der Verdienst einer direkten Provision, welche via Paypal oder Bitcoin ausgezahlt wird, ist m\u00f6glich. Das einzige, was sie hierf\u00fcr tun brauchen, ist den pers\u00f6nlichen Referral Link zu teilen und darauf zu warten, bis jemand \u00fcber Ihren Link die Seite des Anbieters besucht sowie einen Account erstellt. <\/span><\/p>\n<h2 style=\"margin: 15.9pt 0cm 3.95pt 0cm;\"><span style=\"color: black;\" data-darkreader-inline-color=\"\">Kosten und Zahlungsm\u00f6glichkeiten <\/span><\/h2>\n<p style=\"margin: 15.9pt 0cm 3.95pt 0cm;\"><span style=\"font-family: 'Arial',sans-serif; color: #434343;\" data-darkreader-inline-color=\"\">F\u00fcr die Zahlung der Mitgliedschaft stehen Ihnen diverse Verfahren zur Verf\u00fcgung. M\u00f6glich ist zum Beispiel die Bezahlung via Kreditkarte, Paypal oder Alipay. Auch die Zahlungsdienstleister Alipay, UnionPay sowie Neosurf, WebMoney und viele weitere stehen zur Auswahl. Wer den Account anonym bezahlen m\u00f6chte, kann daf\u00fcr die Zahlungsmethoden Bitcoin oder Paysafe einsetzen.<\/span><\/p>\n\n<table id=\"tablepress-98\" class=\"tablepress tablepress-id-98\">\n<thead>\n<tr class=\"row-1 odd\">\n\t<th class=\"column-1\">The Good Kit<\/th><th class=\"column-2\">The Useful Partner<\/th>\n<\/tr>\n<\/thead>\n<tbody class=\"row-hover\">\n<tr class=\"row-2 even\">\n\t<td class=\"column-1\">1 Monat<\/td><td class=\"column-2\">1 Jahr<\/td>\n<\/tr>\n<tr class=\"row-3 odd\">\n\t<td class=\"column-1\">9,99 $<\/td><td class=\"column-2\">59,99 $<\/td>\n<\/tr>\n<\/tbody>\n<\/table>\n<!-- #tablepress-98 from cache -->\n<p><img loading=\"lazy\" class=\"alignnone size-full wp-image-1473\" src=\"https:\/\/multihoster.org\/wp-content\/uploads\/2018\/09\/prices-2.png\" alt=\"prices\" width=\"844\" height=\"280\" srcset=\"https:\/\/multihoster.org\/wp-content\/uploads\/2018\/09\/prices-2.png 844w, https:\/\/multihoster.org\/wp-content\/uploads\/2018\/09\/prices-2-300x100.png 300w, https:\/\/multihoster.org\/wp-content\/uploads\/2018\/09\/prices-2-768x255.png 768w\" sizes=\"(max-width: 844px) 100vw, 844px\" \/><\/p>\n<h2 style=\"margin: 18.15pt 0cm 5.95pt 0cm;\"><span style=\"color: black;\" data-darkreader-inline-color=\"\">Privatsph\u00e4re und Datenschutz <\/span><\/h2>\n<p style=\"margin: 0cm; margin-bottom: .0001pt;\"><span style=\"font-family: 'Arial',sans-serif; color: black;\" data-darkreader-inline-color=\"\">Der Anbieter Offcloud setzt sich f\u00fcr den sicheren und vertrauensw\u00fcrdigen Umgang Ihrer Daten ein. Gespeichert werden unter anderem pers\u00f6nliche Daten wie die E-Mail Adresse und der Name, welche bei der Registrierung angegeben werden. Dar\u00fcber hinaus k\u00f6nnen demographische Daten zur Optimierung von Unternehmensprozessen eingesetzt werden, diese werden anonymisiert ohne direkten Bezug zur Person weitergegeben. Finanzdaten werden ausschlie\u00dflich f\u00fcr die vorgesehenen Prozesse verwendet. Dar\u00fcber hinaus k\u00f6nnen Cookies zum Einsatz kommen, um das Benutzererlebnis zu verbessern.<\/span><\/p>\n<h2 style=\"margin: 18.15pt 0cm 5.95pt 0cm;\"><span style=\"color: black;\" data-darkreader-inline-color=\"\">Der Kundendienst <\/span><\/h2>\n<p style=\"margin: 18.15pt 0cm 5.95pt 0cm;\"><span style=\"font-family: 'Arial',sans-serif; color: black;\" data-darkreader-inline-color=\"\">Wer Fragen bez\u00fcglich zum Service von Offcloud hat, kann im Account unter dem Men\u00fcpunkt Support ein Ticket er\u00f6ffnen. Daf\u00fcr kann zuerst das grobe Thema beschrieben und anschlie\u00dfend das genaue Anliegen geschildert werden. Dar\u00fcber hinaus k\u00f6nnen Sie den Support von Offcloud \u00fcber Twitter erreichen. Bevor Sie den Kundendienst kontaktieren, haben Sie zudem die M\u00f6glichkeit, im darunter befindlichen FAQ nach einer passenden Antwort auf Ihre Frage zu suchen. Dank der umfangreichen Erfahrung von Offcloud k\u00f6nnen hier bereits viele Probleme gel\u00f6st werden.<\/span><\/p>\n<h2 style=\"margin: 18.15pt 0cm 5.95pt 0cm;\"><span style=\"color: black;\" data-darkreader-inline-color=\"\">Benutzerfreundlichkeit <\/span><\/h2>\n<p style=\"margin: 18.15pt 0cm 5.95pt 0cm;\"><span style=\"font-family: 'Arial',sans-serif; color: black;\" data-darkreader-inline-color=\"\">Im Test kann Offcloud in Hinsicht auf die Benutzerfreundlichkeit ganz klar \u00fcberzeugen. Die Webseite ist \u00fcbersichtlich gestaltet und die Registrierung f\u00fcr den kostenlosen Account ist in nur wenigen Sekunden auf der Startseite abgeschlossen. N\u00e4here Informationen zu den Preisen sowie zum Service sind schnell ersichtlich.<\/span><\/p>\n<p style=\"margin: 18.15pt 0cm 5.95pt 0cm;\"><span style=\"font-family: 'Arial',sans-serif; color: black;\" data-darkreader-inline-color=\"\">Nach dem Login stehen Ihnen links auf der Seite im Rahmen der Dienstleistungen die Reiter Instant, Cloud sowie Remote zur Auswahl. Unter dem Reiter Instant k\u00f6nnen Sie diverse Dateien sofort streamen oder herunterladen, der Reiter Cloud erm\u00f6glicht es Ihnen, im Internet gefundene Dateien tempor\u00e4r zu speichern und mit der Funktion Remote Upload k\u00f6nnen Sie jede beliebige Datei hochladen, daf\u00fcr muss lediglich ein Remote Account erstellt werden. Weiterhin finden Sie auf der linken Seite Ihres Accounts die Unterseiten Shop, Support, Account sowie Apps und Affiliates. Alles in allem ergibt unser Test von Offcloud, dass der Service einfach und unkompliziert in der Benutzung ist \u2013 insgesamt konnten wir nur positive Erfahrungen mit dem Anbieter Offcloud machen.<\/span><\/p>\n<h2 style=\"margin: 18.15pt 0cm 5.95pt 0cm;\"><span style=\"color: black;\" data-darkreader-inline-color=\"\">Die Vorteile eines Premium Accounts bei Offcloud<\/span><\/h2>\n<p style=\"margin: 18.15pt 0cm 5.95pt 0cm;\"><span style=\"font-family: 'Arial',sans-serif; color: black;\" data-darkreader-inline-color=\"\">Mit einem Offcloud Premium Account k\u00f6nnen Sie die Link Generierung unlimitiert nutzen und haben Zugriff zu Premium Filehoster Seiten sowie zu Video Streaming Seiten. Auch die Verwendung von BitTorrent links &amp; magnets ist m\u00f6glich. Sie verf\u00fcgen \u00fcber eine unlimitierte Proxy-Bandbreite, unlimitierten Cloud-Speicher und k\u00f6nnen so viele Remote Uploads vornehmen, wie Sie m\u00f6chten. Dar\u00fcber hinaus haben Sie die M\u00f6glichkeit der PDF &amp; <a href=\"http:\/\/www.goer.org\/HTML\/\" target=\"_blank\" rel=\"noopener\">PocketHTML<\/a> conversion.<\/span><\/p>\n<h2 style=\"margin: 18.15pt 0cm 5.95pt 0cm;\"><span style=\"color: black;\" data-darkreader-inline-color=\"\">Unser Fazit zum Anbieter Offcloud<\/span><\/h2>\n<p style=\"margin: 18.15pt 0cm 5.95pt 0cm;\"><span style=\"font-family: 'Arial',sans-serif; color: black;\" data-darkreader-inline-color=\"\">Alles in allem bietet der Anbieter Offcloud nach unseren Erfahrungen ein sehr interessantes und umfangreiches Angebot, welches kostenlos getestet werden kann. Wer den vollst\u00e4ndigen Service des Anbieters benutzen m\u00f6chte, kann daf\u00fcr eine Premium Mitgliedschaft erwerben. F\u00fcr die Bezahlung des Premium Accounts stehen Ihnen diverse Bezahlungsmethoden zur Auswahl, darunter auch zwei anonyme Zahlungsprozesse. Im Test kann der Multihoster Offcloud voll und ganz \u00fcberzeugen. Die Webseite ist gut strukturiert, sodass alle Funktionen und Informationen schnell ersichtlich sind. Sie finden dar\u00fcber hinaus eine Vielzahl an praktischen Tools sowie Erweiterungen. Machen Sie mit dem kostenlosen Account ganz einfach selbst Ihre individuelle Offcloud Erfahrung und entscheiden Sie sich bei Gefallen f\u00fcr einen Premium Account mit allen Features.<\/span><\/p>\n","protected":false},"excerpt":{"rendered":"<p>Der Multihoster Offcloud bietet Ihnen sowohl die M\u00f6glichkeit, diverse Dateien zu herunterzuladen, als auch die Option, die gew\u00fcnschten Dateien in<\/p>\n","protected":false},"author":2,"featured_media":0,"parent":0,"menu_order":0,"comment_status":"closed","ping_status":"closed","template":"","meta":[],"yoast_head":"<!-- This site is optimized with the Yoast SEO plugin v18.3 - https:\/\/yoast.com\/wordpress\/plugins\/seo\/ -->\n<title>lll\u25b7 Offcloud seri\u00f6s oder nicht? +++ Test auf Multihoster.org<\/title>\n<meta name=\"description\" content=\"Sie fragen sich, ob der Multihoster Offcloud die richtige Wahl f\u00fcr Sie ist? Wir haben den Anbieter unter die Lupe genommen und teilen gerne unsere Erfahrungen mit Ihnen.\" \/>\n<meta name=\"robots\" content=\"index, follow, max-snippet:-1, max-image-preview:large, max-video-preview:-1\" \/>\n<link rel=\"canonical\" href=\"https:\/\/multihoster.org\/de\/offcloud\/\" \/>\n<meta property=\"og:locale\" content=\"de_DE\" \/>\n<meta property=\"og:type\" content=\"article\" \/>\n<meta property=\"og:title\" content=\"lll\u25b7 Offcloud seri\u00f6s oder nicht? +++ Test auf Multihoster.org\" \/>\n<meta property=\"og:description\" content=\"Sie fragen sich, ob der Multihoster Offcloud die richtige Wahl f\u00fcr Sie ist? Wir haben den Anbieter unter die Lupe genommen und teilen gerne unsere Erfahrungen mit Ihnen.\" \/>\n<meta property=\"og:url\" content=\"https:\/\/multihoster.org\/de\/offcloud\/\" \/>\n<meta property=\"og:site_name\" content=\"Multihoster.org\" \/>\n<meta property=\"og:image\" content=\"https:\/\/multihoster.org\/wp-content\/uploads\/2018\/09\/logo-2-300x66.png\" \/>\n<meta name=\"twitter:card\" content=\"summary\" \/>\n<meta name=\"twitter:label1\" content=\"Gesch\u00e4tzte Lesezeit\" \/>\n\t<meta name=\"twitter:data1\" content=\"5\u00a0Minuten\" \/>\n<script type=\"application\/ld+json\" class=\"yoast-schema-graph\">{\"@context\":\"https:\/\/schema.org\",\"@graph\":[{\"@type\":\"WebSite\",\"@id\":\"https:\/\/multihoster.org\/#website\",\"url\":\"https:\/\/multihoster.org\/\",\"name\":\"Multihoster.org\",\"description\":\"Reviews of the major Filehosting services\",\"potentialAction\":[{\"@type\":\"SearchAction\",\"target\":{\"@type\":\"EntryPoint\",\"urlTemplate\":\"https:\/\/multihoster.org\/?s={search_term_string}\"},\"query-input\":\"required name=search_term_string\"}],\"inLanguage\":\"de\"},{\"@type\":\"ImageObject\",\"@id\":\"https:\/\/multihoster.org\/de\/offcloud\/#primaryimage\",\"inLanguage\":\"de\",\"url\":\"https:\/\/multihoster.org\/wp-content\/uploads\/2018\/09\/logo-2.png\",\"contentUrl\":\"https:\/\/multihoster.org\/wp-content\/uploads\/2018\/09\/logo-2.png\",\"width\":680,\"height\":150,\"caption\":\"logo\"},{\"@type\":\"WebPage\",\"@id\":\"https:\/\/multihoster.org\/de\/offcloud\/#webpage\",\"url\":\"https:\/\/multihoster.org\/de\/offcloud\/\",\"name\":\"lll\u25b7 Offcloud seri\u00f6s oder nicht? +++ Test auf Multihoster.org\",\"isPartOf\":{\"@id\":\"https:\/\/multihoster.org\/#website\"},\"primaryImageOfPage\":{\"@id\":\"https:\/\/multihoster.org\/de\/offcloud\/#primaryimage\"},\"datePublished\":\"2018-09-24T18:19:08+00:00\",\"dateModified\":\"2018-09-24T18:19:08+00:00\",\"description\":\"Sie fragen sich, ob der Multihoster Offcloud die richtige Wahl f\u00fcr Sie ist? Wir haben den Anbieter unter die Lupe genommen und teilen gerne unsere Erfahrungen mit Ihnen.\",\"breadcrumb\":{\"@id\":\"https:\/\/multihoster.org\/de\/offcloud\/#breadcrumb\"},\"inLanguage\":\"de\",\"potentialAction\":[{\"@type\":\"ReadAction\",\"target\":[\"https:\/\/multihoster.org\/de\/offcloud\/\"]}]},{\"@type\":\"BreadcrumbList\",\"@id\":\"https:\/\/multihoster.org\/de\/offcloud\/#breadcrumb\",\"itemListElement\":[{\"@type\":\"ListItem\",\"position\":1,\"name\":\"Startseite\",\"item\":\"https:\/\/multihoster.org\/de\/\"},{\"@type\":\"ListItem\",\"position\":2,\"name\":\"Offcloud &#8211; Der Multihoster im \u00dcberblick\"}]}]}<\/script>\n<!-- \/ Yoast SEO plugin. -->","yoast_head_json":{"title":"lll\u25b7 Offcloud seri\u00f6s oder nicht? +++ Test auf Multihoster.org","description":"Sie fragen sich, ob der Multihoster Offcloud die richtige Wahl f\u00fcr Sie ist? Wir haben den Anbieter unter die Lupe genommen und teilen gerne unsere Erfahrungen mit Ihnen.","robots":{"index":"index","follow":"follow","max-snippet":"max-snippet:-1","max-image-preview":"max-image-preview:large","max-video-preview":"max-video-preview:-1"},"canonical":"https:\/\/multihoster.org\/de\/offcloud\/","og_locale":"de_DE","og_type":"article","og_title":"lll\u25b7 Offcloud seri\u00f6s oder nicht? +++ Test auf Multihoster.org","og_description":"Sie fragen sich, ob der Multihoster Offcloud die richtige Wahl f\u00fcr Sie ist? Wir haben den Anbieter unter die Lupe genommen und teilen gerne unsere Erfahrungen mit Ihnen.","og_url":"https:\/\/multihoster.org\/de\/offcloud\/","og_site_name":"Multihoster.org","og_image":[{"url":"https:\/\/multihoster.org\/wp-content\/uploads\/2018\/09\/logo-2-300x66.png"}],"twitter_card":"summary","twitter_misc":{"Gesch\u00e4tzte Lesezeit":"5\u00a0Minuten"},"schema":{"@context":"https:\/\/schema.org","@graph":[{"@type":"WebSite","@id":"https:\/\/multihoster.org\/#website","url":"https:\/\/multihoster.org\/","name":"Multihoster.org","description":"Reviews of the major Filehosting services","potentialAction":[{"@type":"SearchAction","target":{"@type":"EntryPoint","urlTemplate":"https:\/\/multihoster.org\/?s={search_term_string}"},"query-input":"required name=search_term_string"}],"inLanguage":"de"},{"@type":"ImageObject","@id":"https:\/\/multihoster.org\/de\/offcloud\/#primaryimage","inLanguage":"de","url":"https:\/\/multihoster.org\/wp-content\/uploads\/2018\/09\/logo-2.png","contentUrl":"https:\/\/multihoster.org\/wp-content\/uploads\/2018\/09\/logo-2.png","width":680,"height":150,"caption":"logo"},{"@type":"WebPage","@id":"https:\/\/multihoster.org\/de\/offcloud\/#webpage","url":"https:\/\/multihoster.org\/de\/offcloud\/","name":"lll\u25b7 Offcloud seri\u00f6s oder nicht? +++ Test auf Multihoster.org","isPartOf":{"@id":"https:\/\/multihoster.org\/#website"},"primaryImageOfPage":{"@id":"https:\/\/multihoster.org\/de\/offcloud\/#primaryimage"},"datePublished":"2018-09-24T18:19:08+00:00","dateModified":"2018-09-24T18:19:08+00:00","description":"Sie fragen sich, ob der Multihoster Offcloud die richtige Wahl f\u00fcr Sie ist? Wir haben den Anbieter unter die Lupe genommen und teilen gerne unsere Erfahrungen mit Ihnen.","breadcrumb":{"@id":"https:\/\/multihoster.org\/de\/offcloud\/#breadcrumb"},"inLanguage":"de","potentialAction":[{"@type":"ReadAction","target":["https:\/\/multihoster.org\/de\/offcloud\/"]}]},{"@type":"BreadcrumbList","@id":"https:\/\/multihoster.org\/de\/offcloud\/#breadcrumb","itemListElement":[{"@type":"ListItem","position":1,"name":"Startseite","item":"https:\/\/multihoster.org\/de\/"},{"@type":"ListItem","position":2,"name":"Offcloud &#8211; Der Multihoster im \u00dcberblick"}]}]}},"_links":{"self":[{"href":"https:\/\/multihoster.org\/de\/wp-json\/wp\/v2\/pages\/1469"}],"collection":[{"href":"https:\/\/multihoster.org\/de\/wp-json\/wp\/v2\/pages"}],"about":[{"href":"https:\/\/multihoster.org\/de\/wp-json\/wp\/v2\/types\/page"}],"author":[{"embeddable":true,"href":"https:\/\/multihoster.org\/de\/wp-json\/wp\/v2\/users\/2"}],"replies":[{"embeddable":true,"href":"https:\/\/multihoster.org\/de\/wp-json\/wp\/v2\/comments?post=1469"}],"version-history":[{"count":1,"href":"https:\/\/multihoster.org\/de\/wp-json\/wp\/v2\/pages\/1469\/revisions"}],"predecessor-version":[{"id":1474,"href":"https:\/\/multihoster.org\/de\/wp-json\/wp\/v2\/pages\/1469\/revisions\/1474"}],"wp:attachment":[{"href":"https:\/\/multihoster.org\/de\/wp-json\/wp\/v2\/media?parent=1469"}],"curies":[{"name":"wp","href":"https:\/\/api.w.org\/{rel}","templated":true}]}}