{"id":1475,"date":"2018-09-24T18:35:58","date_gmt":"2018-09-24T18:35:58","guid":{"rendered":"https:\/\/multihoster.org\/?page_id=1475"},"modified":"2019-08-05T14:42:54","modified_gmt":"2019-08-05T14:42:54","slug":"easybytez","status":"publish","type":"page","link":"https:\/\/multihoster.org\/de\/easybytez\/","title":{"rendered":"EasyBytez Premium Account &#8211; Der Multihoster im \u00dcberblick"},"content":{"rendered":"<p style=\"margin: 20.15pt 0cm 5.95pt 0cm;\"><span style=\"font-family: 'Arial',sans-serif; color: black;\" data-darkreader-inline-color=\"\"><img loading=\"lazy\" class=\"size-full wp-image-1479 alignleft\" src=\"https:\/\/multihoster.org\/wp-content\/uploads\/2018\/09\/logo-3.png\" alt=\"logo\" width=\"258\" height=\"67\">Der Multihoster EasyBytez erm\u00f6glicht Ihnen sowohl den Download, als auch den Upload von verschiedensten Dateien. Der Upload ist dabei bereits ohne die Erstellung eines Accounts m\u00f6glich. Registrieren k\u00f6nnen Sie sich ganz kostenlos und bei Gefallen haben Sie die M\u00f6glichkeit, den Account auf EasyBytez Premium zu erweitern. Der Anbieter verspricht ein hohes Ma\u00df an Schutz und Sicherheit, hohe Geschwindigkeiten sowie eine ansprechende Benutzerfreundlichkeit. <\/span><\/p>\n<p><a class=\"fasc-button fasc-size-xlarge fasc-type-glossy fasc-rounded-medium ico-fa fasc-ico-after fa-share\" style=\"background-color: #39697a; color: #fbf7f1; --darkreader-inline-bgcolor: #3f5f69; --darkreader-inline-color: #f7f0e5;\" target=\"_blank\" rel=\"nofollow noopener noreferrer\" data-darkreader-inline-bgcolor=\"\" data-darkreader-inline-color=\"\" href=\"https:\/\/multihoster.org\/file-al\/goto\/\">Gehen Sie zu Easybytez<\/a><\/p>\n<h2>Das gesamte Angebot von im \u00dcberblick<\/h2>\n<p style=\"margin: 18.15pt 0cm 5.95pt 0cm;\"><span style=\"font-family: 'Arial',sans-serif; color: black;\" data-darkreader-inline-color=\"\">Zum einen k\u00f6nnen Sie einen kostenlosen Account erstellen, mit welchem Sie den Service von EasyBytez in begrenztem Umfang nutzen k\u00f6nnen. Dar\u00fcber hinaus steht es Ihnen offen, auch die Features von EasyBytez Premium zu nutzen. Der EasyBytez Premium Account bietet Ihnen den vollen Funktionsumfang, dazu geh\u00f6ren unter anderem die maximale Geschwindigkeit sowie die werbefreie Verwendung von EasyBytez.<\/span><\/p>\n<h2>Positive Eigenschaften des Anbieters<\/h2>\n<ul>\n<li>Kostenlos sowie kostenpflichtig verf\u00fcgbar<\/li>\n<li>Umfangreicher Premium Service<\/li>\n<li>Anonyme Bezahlmethoden verf\u00fcgbar<\/li>\n<li>Einfach und unkompliziert in der Bedienung<\/li>\n<\/ul>\n<h2>Bonusangebote<\/h2>\n<p style=\"margin: 18.15pt 0cm 5.95pt 0cm;\"><span style=\"font-family: 'Arial',sans-serif; color: black;\" data-darkreader-inline-color=\"\">Mit einem EasyBytez Premium Account haben Sie nicht nur die M\u00f6glichkeit, Dateien hoch- und herunterzuladen, sondern k\u00f6nnen durch das Bewerben des EasyBytez Premium Accounts mit dem daf\u00fcr vorgesehenen Referral Link zudem eine attraktive Provision erhalten.<\/span><\/p>\n<h2>Kosten und Zahlungsm\u00f6glichkeiten<\/h2>\n<p style=\"margin: 0cm; margin-bottom: .0001pt;\"><span style=\"font-family: 'Arial',sans-serif; color: black;\" data-darkreader-inline-color=\"\">F\u00fcr die Bezahlung des EasyBytez Premium Accounts stehen Ihnen diverse Verfahren zur Auswahl. Darunter befinden sich neben dem beliebten Zahlungsdienstleister Paypal auch die Bezahlverfahren VISA und Mastercard. Hinzu kommt die M\u00f6glichkeit, via Vivapayments.com zu bezahlen. Wer den Account anonym bezahlen m\u00f6chte, kann daf\u00fcr die Verfahren Paysafecard oder Bitcoin ausw\u00e4hlen. Zudem ist es m\u00f6glich, den EasyBytez Premium Account \u00fcber einen von vielen Resellern zu erwerben. <\/span><\/p>\n\n<table id=\"tablepress-99\" class=\"tablepress tablepress-id-99\">\n<tbody class=\"row-hover\">\n<tr class=\"row-1 odd\">\n\t<td class=\"column-1\">30 Tage<\/td><td class=\"column-2\">90 Tage<\/td><td class=\"column-3\">180 Tage<\/td><td class=\"column-4\">365 Tage<\/td><td class=\"column-5\">730 Tage<\/td>\n<\/tr>\n<tr class=\"row-2 even\">\n\t<td class=\"column-1\">$ 9,99<\/td><td class=\"column-2\">$ 23,99<\/td><td class=\"column-3\">$ 38,99<\/td><td class=\"column-4\">$ 65,99<\/td><td class=\"column-5\">$ 99,99<\/td>\n<\/tr>\n<\/tbody>\n<\/table>\n<!-- #tablepress-99 from cache -->\n<p><a class=\"fasc-button fasc-size-xlarge fasc-type-glossy fasc-rounded-medium ico-fa fasc-ico-after fa-share\" style=\"background-color: #39697a; color: #fbf7f1; --darkreader-inline-bgcolor: #3f5f69; --darkreader-inline-color: #f7f0e5;\" target=\"_blank\" rel=\"nofollow noopener noreferrer\" data-darkreader-inline-bgcolor=\"\" data-darkreader-inline-color=\"\" href=\"https:\/\/multihoster.org\/file-al\/goto\/\">Gehen Sie zu Easybytez<\/a><\/p>\n<p><img loading=\"lazy\" class=\"alignnone size-full wp-image-1478\" src=\"https:\/\/multihoster.org\/wp-content\/uploads\/2018\/09\/prices-3.png\" alt=\"prices\" width=\"1116\" height=\"200\" srcset=\"https:\/\/multihoster.org\/wp-content\/uploads\/2018\/09\/prices-3.png 1116w, https:\/\/multihoster.org\/wp-content\/uploads\/2018\/09\/prices-3-300x54.png 300w, https:\/\/multihoster.org\/wp-content\/uploads\/2018\/09\/prices-3-768x138.png 768w, https:\/\/multihoster.org\/wp-content\/uploads\/2018\/09\/prices-3-1024x184.png 1024w\" sizes=\"(max-width: 1116px) 100vw, 1116px\" \/><\/p>\n<h2>Privatsph\u00e4re und Datenschutz<\/h2>\n<p style=\"margin: 18.15pt 0cm 5.95pt 0cm;\"><span style=\"font-family: 'Arial',sans-serif; color: black;\" data-darkreader-inline-color=\"\">Mit der Registrierung bei EasyBytez akzeptieren Nutzer die Speicherung pers\u00f6nlicher Informationen in der EasyBytez Datenbank sowie die Weitergabe an dritte Parteien f\u00fcr Marketingzwecke. Die gespeicherten, pers\u00f6nlichen Daten werden ggf. an Dritte weitergegeben, welche sich entsprechend an die Datenschutzverordnung halten. Wie jeder andere Filehoster muss sich der Anbieter EasyBytez im Rahmen der Verwendung Ihrer Daten selbstverst\u00e4ndlich an die rechtlichen Auflagen hinsichtlich des Datenschutzes und der Privatsph\u00e4re halten. Hinsichtlich der Zahlung verspricht der Anbieter hundertprozentige Sicherheit.<\/span><\/p>\n<h2>Kundendienst<\/h2>\n<p style=\"margin: 18.15pt 0cm 5.95pt 0cm;\"><span style=\"font-family: 'Arial',sans-serif; color: black;\" data-darkreader-inline-color=\"\">Zum Kundendienst gelangen Sie mit einem Klick auf den Men\u00fcpunkt \u201cContact Us\u201d, welcher sich ganz oben rechts auf der Startseite befindet. Angekommen im Kundencenter k\u00f6nnen Sie ein neues Ticket er\u00f6ffnen oder den Status eines aktuellen Tickets \u00fcberpr\u00fcfen. Neben dem Men\u00fcpunkt \u201cContact Us\u201d ist au\u00dferdem das FAQ zu finden, wo bereits viele Fragen gel\u00f6st werden k\u00f6nnen.<\/span><\/p>\n<h2>Benutzerfreundlichkeit<\/h2>\n<p style=\"margin-bottom: 12.0pt;\"><span style=\"font-family: 'Arial',sans-serif; color: black;\" data-darkreader-inline-color=\"\">Die Webseite EasyBytez.com ist gut strukturiert, auf der Startseite findet sich der Besucher einfach zurecht und kann bereits ohne Registrierung die gew\u00fcnschten Dateien bis zu einer Gr\u00f6\u00dfe von 100 MB hochladen. Ganz oben auf der Seite finden Sie weitere Men\u00fcpunkte, um genauere Informationen zum Premium Account zu erhalten, um mit dem Team von EasyBytez Kontakt aufzunehmen oder um im FAQ nach passenden Antworten zu Ihrer Frage zu suchen. Dar\u00fcber hinaus gibt es einen News-Bereich sowie die Reiter \u201cUpload Files\u201d und \u201cSign Up\u201d.<\/span><\/p>\n<p>Mit einem Klick auf \u201cSign Up\u201d k\u00f6nnen Sie Ihren kostenlosen EasyBytez Account erstellen. Daf\u00fcr werden ein Benutzername und die Email-Adresse ben\u00f6tigt, anschlie\u00dfend k\u00f6nnen Sie das Passwort festlegen und nach der Captcha-Beantwortung den Account erstellen.<\/p>\n<p>Nach dem Login stehen Ihnen auf der Startseite die M\u00f6glichkeiten \u201cFile Upload\u201d, \u201cFlash Upload\u201d sowie \u201cRemote Upload\u201d, \u201cFree URL leech\u201d und \u201cFTP Upload\u201d zur Auswahl. Die maximale Dateigr\u00f6\u00dfe f\u00fcr den Download liegt nach der Registrierung f\u00fcr den kostenlosen Account bei 512 MB.<\/p>\n<p>Oben auf der Seite k\u00f6nnen Sie unter dem Men\u00fcpunkt \u201cMy Files\u201d Ihre Dateien verwalten und unter dem Reiter \u201cMy Account\u201d n\u00e4here&nbsp;Informationen zu Ihrem Account einsehen.&nbsp; Weiterhin stehen die Optionen \u201cDashboard\u201d f\u00fcr eine \u00dcbersicht der Reports sowie \u201cGet Premium\u201d und \u201cSupport\u201d zur Auswahl. Unter dem Men\u00fcpunkt \u201cGet Premium\u201d finden Sie die Pakete f\u00fcr den Premium Service, die Features von EasyBytez Premium sowie die Zahlungsm\u00f6glichkeiten. Der Reiter Support erm\u00f6glicht es Ihnen, mit dem Kundendienst in Kontakt zu treten.<\/p>\n<h2>Die Vorteile eines Premium Accounts bei EasyBytez<\/h2>\n<p style=\"margin: 18.15pt 0cm 5.95pt 0cm;\"><span style=\"font-family: 'Arial',sans-serif; color: black;\" data-darkreader-inline-color=\"\">Mit einem EasyBytez Premium Account verf\u00fcgen Sie \u00fcber die maximale Geschwindigkeit und ein unbegrenztes, t\u00e4gliches Datenvolumen. Auch die st\u00fcndliche Download Kapazit\u00e4t ist bei EasyBytez Premium unlimitiert. Dar\u00fcber hinaus gibt es bei den Downloads dank dem Instant Start keine Wartezeiten mehr. Auch die Gr\u00f6\u00dfenbeschr\u00e4nkung der Dateien f\u00e4llt bei den Downloads g\u00e4nzlich weg. Hochladen k\u00f6nnen Sie Dateien mit einer Gr\u00f6\u00dfe von bis zu 5 GB. Sie k\u00f6nnen zudem mehrere Downloads parallel aktiv haben und diese pausieren sowie weiterf\u00fchren. Inaktive Dateien werden beim EasyBytez Premium Account bis zu 250 Tage gespeichert. Die Speicherkapazit\u00e4t liegt bei 5 TB, diese kann auf Wunsch kostenpflichtig erweitert werden. Schlie\u00dflich kommt als Feature noch der FTP Upload hinzu, welcher nur mit EasyBytez Premium m\u00f6glich ist.<\/span><\/p>\n<h2>Unser Fazit zum Anbieter EasyBytez<\/h2>\n<p style=\"margin: 18.15pt 0cm 5.95pt 0cm;\"><span style=\"font-family: 'Arial',sans-serif; color: black;\" data-darkreader-inline-color=\"\">Abschlie\u00dfend k\u00f6nnen wir sagen, dass der Anbieter EasyBytez eine benutzerfreundliche Plattform f\u00fcr den Upload und die Speicherung von Daten sowie f\u00fcr den Download von Dateien ist. In Hinsicht auf die Privatsph\u00e4re und den Datenschutz verspricht der Filehoster ein hohes Ma\u00df an Sicherheit. Wer sich f\u00fcr das Angebot von EasyBytez interessiert, kann erst einen kostenlosen Account erstellen, diesen testen und bei Gefallen ein Upgrade zu EasyBytez Premium vornehmen, um den vollen Funktionsumfang nutzen zu k\u00f6nnen. F\u00fcr die Zahlung stehen Ihnen dabei diverse Verfahren zur Auswahl.<\/span><\/p>\n<p><a class=\"fasc-button fasc-size-xlarge fasc-type-glossy fasc-rounded-medium ico-fa fasc-ico-after fa-share\" style=\"background-color: #39697a; color: #fbf7f1; --darkreader-inline-bgcolor: #3f5f69; --darkreader-inline-color: #f7f0e5;\" target=\"_blank\" rel=\"nofollow noopener noreferrer\" data-darkreader-inline-bgcolor=\"\" data-darkreader-inline-color=\"\" href=\"https:\/\/multihoster.org\/file-al\/goto\/\">Gehen Sie zu Easybytez<\/a><\/p>\n","protected":false},"excerpt":{"rendered":"<p>Der Multihoster EasyBytez erm\u00f6glicht Ihnen sowohl den Download, als auch den Upload von verschiedensten Dateien. Der Upload ist dabei bereits<\/p>\n","protected":false},"author":2,"featured_media":0,"parent":0,"menu_order":0,"comment_status":"closed","ping_status":"closed","template":"","meta":[],"yoast_head":"<!-- This site is optimized with the Yoast SEO plugin v18.3 - https:\/\/yoast.com\/wordpress\/plugins\/seo\/ -->\n<title>lll\u25b7 EasyBytez Premium Account seri\u00f6s oder nicht? Test auf Multihoster.org<\/title>\n<meta name=\"description\" content=\"Sie interessieren sich f\u00fcr das Angebot von EasyBytez? Wir stellen Ihnen den Anbieter und den EasyBytez Premium Account gerne im Detail vor.\" \/>\n<meta name=\"robots\" content=\"index, follow, max-snippet:-1, max-image-preview:large, max-video-preview:-1\" \/>\n<link rel=\"canonical\" href=\"https:\/\/multihoster.org\/de\/easybytez\/\" \/>\n<meta property=\"og:locale\" content=\"de_DE\" \/>\n<meta property=\"og:type\" content=\"article\" \/>\n<meta property=\"og:title\" content=\"lll\u25b7 EasyBytez Premium Account seri\u00f6s oder nicht? Test auf Multihoster.org\" \/>\n<meta property=\"og:description\" content=\"Sie interessieren sich f\u00fcr das Angebot von EasyBytez? Wir stellen Ihnen den Anbieter und den EasyBytez Premium Account gerne im Detail vor.\" \/>\n<meta property=\"og:url\" content=\"https:\/\/multihoster.org\/de\/easybytez\/\" \/>\n<meta property=\"og:site_name\" content=\"Multihoster.org\" \/>\n<meta property=\"article:modified_time\" content=\"2019-08-05T14:42:54+00:00\" \/>\n<meta property=\"og:image\" content=\"https:\/\/multihoster.org\/wp-content\/uploads\/2018\/09\/logo-3.png\" \/>\n<meta name=\"twitter:card\" content=\"summary\" \/>\n<meta name=\"twitter:label1\" content=\"Gesch\u00e4tzte Lesezeit\" \/>\n\t<meta name=\"twitter:data1\" content=\"5\u00a0Minuten\" \/>\n<script type=\"application\/ld+json\" class=\"yoast-schema-graph\">{\"@context\":\"https:\/\/schema.org\",\"@graph\":[{\"@type\":\"WebSite\",\"@id\":\"https:\/\/multihoster.org\/#website\",\"url\":\"https:\/\/multihoster.org\/\",\"name\":\"Multihoster.org\",\"description\":\"Reviews of the major Filehosting services\",\"potentialAction\":[{\"@type\":\"SearchAction\",\"target\":{\"@type\":\"EntryPoint\",\"urlTemplate\":\"https:\/\/multihoster.org\/?s={search_term_string}\"},\"query-input\":\"required name=search_term_string\"}],\"inLanguage\":\"de\"},{\"@type\":\"ImageObject\",\"@id\":\"https:\/\/multihoster.org\/de\/easybytez\/#primaryimage\",\"inLanguage\":\"de\",\"url\":\"https:\/\/multihoster.org\/wp-content\/uploads\/2018\/09\/logo-3.png\",\"contentUrl\":\"https:\/\/multihoster.org\/wp-content\/uploads\/2018\/09\/logo-3.png\",\"width\":258,\"height\":67,\"caption\":\"logo\"},{\"@type\":\"WebPage\",\"@id\":\"https:\/\/multihoster.org\/de\/easybytez\/#webpage\",\"url\":\"https:\/\/multihoster.org\/de\/easybytez\/\",\"name\":\"lll\u25b7 EasyBytez Premium Account seri\u00f6s oder nicht? Test auf Multihoster.org\",\"isPartOf\":{\"@id\":\"https:\/\/multihoster.org\/#website\"},\"primaryImageOfPage\":{\"@id\":\"https:\/\/multihoster.org\/de\/easybytez\/#primaryimage\"},\"datePublished\":\"2018-09-24T18:35:58+00:00\",\"dateModified\":\"2019-08-05T14:42:54+00:00\",\"description\":\"Sie interessieren sich f\u00fcr das Angebot von EasyBytez? Wir stellen Ihnen den Anbieter und den EasyBytez Premium Account gerne im Detail vor.\",\"breadcrumb\":{\"@id\":\"https:\/\/multihoster.org\/de\/easybytez\/#breadcrumb\"},\"inLanguage\":\"de\",\"potentialAction\":[{\"@type\":\"ReadAction\",\"target\":[\"https:\/\/multihoster.org\/de\/easybytez\/\"]}]},{\"@type\":\"BreadcrumbList\",\"@id\":\"https:\/\/multihoster.org\/de\/easybytez\/#breadcrumb\",\"itemListElement\":[{\"@type\":\"ListItem\",\"position\":1,\"name\":\"Startseite\",\"item\":\"https:\/\/multihoster.org\/de\/\"},{\"@type\":\"ListItem\",\"position\":2,\"name\":\"EasyBytez Premium Account &#8211; Der Multihoster im \u00dcberblick\"}]}]}<\/script>\n<!-- \/ Yoast SEO plugin. -->","yoast_head_json":{"title":"lll\u25b7 EasyBytez Premium Account seri\u00f6s oder nicht? Test auf Multihoster.org","description":"Sie interessieren sich f\u00fcr das Angebot von EasyBytez? Wir stellen Ihnen den Anbieter und den EasyBytez Premium Account gerne im Detail vor.","robots":{"index":"index","follow":"follow","max-snippet":"max-snippet:-1","max-image-preview":"max-image-preview:large","max-video-preview":"max-video-preview:-1"},"canonical":"https:\/\/multihoster.org\/de\/easybytez\/","og_locale":"de_DE","og_type":"article","og_title":"lll\u25b7 EasyBytez Premium Account seri\u00f6s oder nicht? Test auf Multihoster.org","og_description":"Sie interessieren sich f\u00fcr das Angebot von EasyBytez? Wir stellen Ihnen den Anbieter und den EasyBytez Premium Account gerne im Detail vor.","og_url":"https:\/\/multihoster.org\/de\/easybytez\/","og_site_name":"Multihoster.org","article_modified_time":"2019-08-05T14:42:54+00:00","og_image":[{"url":"https:\/\/multihoster.org\/wp-content\/uploads\/2018\/09\/logo-3.png"}],"twitter_card":"summary","twitter_misc":{"Gesch\u00e4tzte Lesezeit":"5\u00a0Minuten"},"schema":{"@context":"https:\/\/schema.org","@graph":[{"@type":"WebSite","@id":"https:\/\/multihoster.org\/#website","url":"https:\/\/multihoster.org\/","name":"Multihoster.org","description":"Reviews of the major Filehosting services","potentialAction":[{"@type":"SearchAction","target":{"@type":"EntryPoint","urlTemplate":"https:\/\/multihoster.org\/?s={search_term_string}"},"query-input":"required name=search_term_string"}],"inLanguage":"de"},{"@type":"ImageObject","@id":"https:\/\/multihoster.org\/de\/easybytez\/#primaryimage","inLanguage":"de","url":"https:\/\/multihoster.org\/wp-content\/uploads\/2018\/09\/logo-3.png","contentUrl":"https:\/\/multihoster.org\/wp-content\/uploads\/2018\/09\/logo-3.png","width":258,"height":67,"caption":"logo"},{"@type":"WebPage","@id":"https:\/\/multihoster.org\/de\/easybytez\/#webpage","url":"https:\/\/multihoster.org\/de\/easybytez\/","name":"lll\u25b7 EasyBytez Premium Account seri\u00f6s oder nicht? Test auf Multihoster.org","isPartOf":{"@id":"https:\/\/multihoster.org\/#website"},"primaryImageOfPage":{"@id":"https:\/\/multihoster.org\/de\/easybytez\/#primaryimage"},"datePublished":"2018-09-24T18:35:58+00:00","dateModified":"2019-08-05T14:42:54+00:00","description":"Sie interessieren sich f\u00fcr das Angebot von EasyBytez? Wir stellen Ihnen den Anbieter und den EasyBytez Premium Account gerne im Detail vor.","breadcrumb":{"@id":"https:\/\/multihoster.org\/de\/easybytez\/#breadcrumb"},"inLanguage":"de","potentialAction":[{"@type":"ReadAction","target":["https:\/\/multihoster.org\/de\/easybytez\/"]}]},{"@type":"BreadcrumbList","@id":"https:\/\/multihoster.org\/de\/easybytez\/#breadcrumb","itemListElement":[{"@type":"ListItem","position":1,"name":"Startseite","item":"https:\/\/multihoster.org\/de\/"},{"@type":"ListItem","position":2,"name":"EasyBytez Premium Account &#8211; Der Multihoster im \u00dcberblick"}]}]}},"_links":{"self":[{"href":"https:\/\/multihoster.org\/de\/wp-json\/wp\/v2\/pages\/1475"}],"collection":[{"href":"https:\/\/multihoster.org\/de\/wp-json\/wp\/v2\/pages"}],"about":[{"href":"https:\/\/multihoster.org\/de\/wp-json\/wp\/v2\/types\/page"}],"author":[{"embeddable":true,"href":"https:\/\/multihoster.org\/de\/wp-json\/wp\/v2\/users\/2"}],"replies":[{"embeddable":true,"href":"https:\/\/multihoster.org\/de\/wp-json\/wp\/v2\/comments?post=1475"}],"version-history":[{"count":3,"href":"https:\/\/multihoster.org\/de\/wp-json\/wp\/v2\/pages\/1475\/revisions"}],"predecessor-version":[{"id":2211,"href":"https:\/\/multihoster.org\/de\/wp-json\/wp\/v2\/pages\/1475\/revisions\/2211"}],"wp:attachment":[{"href":"https:\/\/multihoster.org\/de\/wp-json\/wp\/v2\/media?parent=1475"}],"curies":[{"name":"wp","href":"https:\/\/api.w.org\/{rel}","templated":true}]}}