{"id":1616,"date":"2018-10-04T13:06:21","date_gmt":"2018-10-04T13:06:21","guid":{"rendered":"https:\/\/multihoster.org\/?page_id=1616"},"modified":"2020-06-05T15:49:11","modified_gmt":"2020-06-05T15:49:11","slug":"alfafile","status":"publish","type":"page","link":"https:\/\/multihoster.org\/de\/alfafile\/","title":{"rendered":"Alfafile Premium Account &#8211; Der Filehoster im \u00dcberblick"},"content":{"rendered":"\n<p>Wir sind nicht mit Alfafile.net verbunden, assoziiert, autorisiert, bef\u00fcrwortet oder in irgendeiner Weise offiziell mit Alfafile.net verbunden.<\/p>\n\n\n<p><span lang=\"DE\" style=\"font-family: 'Arial','sans-serif'; color: black;\" data-darkreader-inline-color=\"\"><img loading=\"lazy\" class=\"wp-image-4766 alignleft\" src=\"https:\/\/multihoster.org\/wp-content\/uploads\/2020\/06\/alfafile_logo.png\" alt=\"\" width=\"293\" height=\"75\" srcset=\"https:\/\/multihoster.org\/wp-content\/uploads\/2020\/06\/alfafile_logo.png 414w, https:\/\/multihoster.org\/wp-content\/uploads\/2020\/06\/alfafile_logo-300x77.png 300w\" sizes=\"(max-width: 293px) 100vw, 293px\" \/>Der Anbieter Alfafile ist seit 2014 in der Branche t\u00e4tig und durfte seitdem bereits vielen Besuchern den exklusiven Service zug\u00e4nglich machen.<\/span><span lang=\"DE\" style=\"font-family: 'Arial','sans-serif'; color: black;\" data-darkreader-inline-color=\"\">Benutzer k\u00f6nnen auf der Plattform sowohl Dateien hochladen und speichern, als auch diverse Daten herunterladen.<\/span><\/p>\n<p><span lang=\"DE\" style=\"font-family: 'Arial','sans-serif'; color: black;\" data-darkreader-inline-color=\"\">Hinzu kommen ein benutzerfreundlicher Datei-Manager sowie die maximale Downloadgeschwindigkeit im Rahmen des Alfafile Premium Accounts.<\/span><\/p>\n<p><span lang=\"DE\" style=\"font-family: 'Arial','sans-serif'; color: black;\" data-darkreader-inline-color=\"\">Der Anbieter verspricht, die Rechte sowie die pers\u00f6nlichen Informationen der Nutzer umfangreich zu sch\u00fctzen und entwickelt seine Technologien stets weiter, um einen exzellenten Service bieten zu k\u00f6nnen.<\/span><\/p>\n<p><img loading=\"lazy\" class=\"alignnone size-full wp-image-4757\" src=\"https:\/\/multihoster.org\/wp-content\/uploads\/2020\/06\/alfafile_site.png\" alt=\"alfafile site\" width=\"770\" height=\"510\" srcset=\"https:\/\/multihoster.org\/wp-content\/uploads\/2020\/06\/alfafile_site.png 770w, https:\/\/multihoster.org\/wp-content\/uploads\/2020\/06\/alfafile_site-300x199.png 300w, https:\/\/multihoster.org\/wp-content\/uploads\/2020\/06\/alfafile_site-768x509.png 768w\" sizes=\"(max-width: 770px) 100vw, 770px\" \/><\/p>\n<a class=\"maxbutton-1 maxbutton maxbutton-x\" target=\"_blank\" rel=\"nofollow noopener\" href=\"\/alfafile\/goto\/\"><span class='mb-text'>Premium-Konto kaufen<\/span><\/a>\n<p>\u00a0<\/p>\n\n<h2><span lang=\"DE\">Positive Eigenschaften des Anbieters<\/span><\/h2>\n<ul>\n<li>Kostenloser und kostenpflichtiger Account<\/li>\n<li>Umfangreicher Premium-Service<\/li>\n<li>Vertraulicher Umgang mit Daten<\/li>\n<li>\u00dcbersichtliche Bedienoberfl\u00e4che<\/li>\n<\/ul>\n<h2><span lang=\"DE\">Das gesamte Angebot von Alfafile im \u00dcberblick<\/span><\/h2>\n<p style=\"margin: 18.0pt 0cm 6.0pt 0cm;\"><span lang=\"DE\" style=\"font-family: 'Arial','sans-serif'; color: black;\" data-darkreader-inline-color=\"\">Im Angebot von Alfafile finden Sie einen kostenlosen Account sowie den Alfafile Premium Account. W\u00e4hrend Sie den Service mit dem kostenlosen Alfafile Premium Account nur in begrenztem Umfang nutzen und testen k\u00f6nnen, stehen Ihnen mit Alfafile Premium alle Features zur Verf\u00fcgung. Neben der maximalen Downloadgeschwindigkeit und der M\u00f6glichkeit, simultan mehrere Downloads zu starten, k\u00f6nnen Sie im Rahmen des Alfafile Premium Accounts viele, weitere Zusatzfunktionen nutzen.<\/span><\/p>\n<h2><span lang=\"DE\">Bonusangebote<\/span><\/h2>\n<p style=\"margin: 18.0pt 0cm 6.0pt 0cm;\"><span lang=\"DE\" style=\"font-family: 'Arial','sans-serif'; color: black;\" data-darkreader-inline-color=\"\">F\u00fcr alle, die den Service von Alfafile sch\u00e4tzen und diesen gerne weiter vermitteln m\u00f6chten, gibt es das Partnerprogramm. Hier k\u00f6nnen Sie mit einem individuellen Referral Link das Angebot von Alfafile Premium bewerben und erhalten bei der Anmeldung eines neuen Nutzers eine attraktive Provision von bis zu 50% auf den Verkaufspreis.<\/span><\/p>\n<h2 style=\"margin: 16.0pt 0cm 4.0pt 0cm;\"><span lang=\"DE\" style=\"font-size: 16pt; font-family: 'Arial', 'sans-serif'; color: black;\" data-darkreader-inline-color=\"\">Kosten und Zahlungsm\u00f6glichkeiten<\/span><\/h2>\n<p style=\"margin: 0cm 0cm 12.0pt 0cm;\"><span lang=\"DE\" style=\"font-size: 11.0pt; font-family: 'Arial','sans-serif'; color: black;\" data-darkreader-inline-color=\"\">F\u00fcr die Bezahlung des Alfafile Premium Accounts stehen Ihnen verh\u00e4ltnism\u00e4\u00dfig wenige Verfahren zur Auswahl. M\u00f6glich ist die Bezahlung via VISA, Bitcoin, Bitcoin Cash sowie PAYPASSION. Sofern Sie eine andere Bezahlmethode bevorzugen, haben Sie die M\u00f6glichkeit, Alfafile Premium \u00fcber einen der vielen Reseller zu erwerben. Hier sind diverse, weitere Verfahren m\u00f6glich &#8211; angefangen bei Webmoney \u00fcber AmazonPayments und Debit Card bis hin zur MasterCard und American Express.<\/span><\/p>\n<p><strong>\n<table id=\"tablepress-124\" class=\"tablepress tablepress-id-124\">\n<tbody class=\"row-hover\">\n<tr class=\"row-1 odd\">\n\t<td class=\"column-1\">30 Tage Premium<\/td><td class=\"column-2\">30 Tage Premium<\/td><td class=\"column-3\">30 Tage Premium<\/td><td class=\"column-4\">30 Tage Premium<\/td>\n<\/tr>\n<tr class=\"row-2 even\">\n\t<td class=\"column-1\">14,99 $<\/td><td class=\"column-2\">34,99 $<\/td><td class=\"column-3\">49,99 $<\/td><td class=\"column-4\">89.99 $<\/td>\n<\/tr>\n<tr class=\"row-3 odd\">\n\t<td class=\"column-1\">1 TB Bandbreite<\/td><td class=\"column-2\">3 TB Bandbreite<\/td><td class=\"column-3\">6 TB Bandbreite <\/td><td class=\"column-4\">12 TB Bandbreite<\/td>\n<\/tr>\n<tr class=\"row-4 even\">\n\t<td class=\"column-1\">1 TB Speicherung<\/td><td class=\"column-2\">1 TB Speicherung<\/td><td class=\"column-3\">5 TB Speicherung<\/td><td class=\"column-4\">10 TB Speicherung<\/td>\n<\/tr>\n<\/tbody>\n<\/table>\n<\/strong><\/p>\n<a class=\"maxbutton-1 maxbutton maxbutton-x\" target=\"_blank\" rel=\"nofollow noopener\" href=\"\/alfafile\/goto\/\"><span class='mb-text'>Premium-Konto kaufen<\/span><\/a>\n<h2><span lang=\"DE\">Privatsph\u00e4re und Datenschutz<\/span><\/h2>\n<p style=\"margin: 18.0pt 0cm 6.0pt 0cm;\"><span lang=\"DE\" style=\"font-family: 'Arial','sans-serif'; color: black;\" data-darkreader-inline-color=\"\">Im Rahmen der aktiven Speicherung werden von Alfafile unter anderem Daten wie der Name, die Email-Adresse, das Geburtsdatum sowie alle weiteren Informationen gespeichert, welche vom Benutzer im Rahmen des Angebots an den Filehoster \u00fcbermittelt werden.<\/span><\/p>\n<p style=\"margin: 18.0pt 0cm 6.0pt 0cm;\"><span lang=\"DE\" style=\"font-family: 'Arial','sans-serif'; color: black;\" data-darkreader-inline-color=\"\">Hinzu kommen Daten, welche passiv w\u00e4hrend der Verwendung des Service von Alfafile gesammelt werden. Unter diesen Punkt fallen unter anderem die IP-Adresse sowie Server-Logs. Auch Cookies, welche das Nutzungserlebnis verbessern und individuell auf den Benutzer ausgerichtet werden, kommen zum Einsatz.<\/span><\/p>\n<h2><span lang=\"DE\">Kundendienst<\/span><\/h2>\n<p style=\"margin: 18.0pt 0cm 6.0pt 0cm;\"><span lang=\"DE\" style=\"font-size: 11.0pt; font-family: 'Arial','sans-serif'; color: black;\" data-darkreader-inline-color=\"\">Nach der Registrierung gelangen Sie zum Support, in dem Sie auf das Men\u00fcsymbol oben rechts klicken und anschlie\u00dfend auf den Unterpunkt \u201cUnterst\u00fctzen\u201d gehen. Hier k\u00f6nnen Sie Ihre Email-Adresse, den Betreff sowie das individuelle Anliegen schildern und die Nachricht nach der Captcha-Beantwortung abschicken.<\/span><\/p>\n<p><img loading=\"lazy\" class=\"alignnone  wp-image-4785\" src=\"https:\/\/multihoster.org\/wp-content\/uploads\/2020\/06\/alfafile_login-1.png\" alt=\"alfafile_login\" width=\"571\" height=\"366\" srcset=\"https:\/\/multihoster.org\/wp-content\/uploads\/2020\/06\/alfafile_login-1.png 765w, https:\/\/multihoster.org\/wp-content\/uploads\/2020\/06\/alfafile_login-1-300x192.png 300w\" sizes=\"(max-width: 571px) 100vw, 571px\" \/><\/p>\n<h2><span lang=\"DE\">Benutzerfreundlichkeit<\/span><\/h2>\n<p>Hinsichtlich der Benutzerfreundlichkeit kann der Filehoster Alfafile mit einer besonders \u00fcbersichtlichen und unkomplizierten Bedienoberfl\u00e4che \u00fcberzeugen.<\/p>\n<p>Auf der Startseite wird das Angebot von Alfafile mit Grafiken verst\u00e4ndlich dargestellt, oben auf der Seite finden Sie die M\u00f6glichkeiten zur Registrierung, zum Login sowie zum Erwerb des Premium Accounts. Hinzu kommen die Reiter \u201cAffliate Programm\u201d f\u00fcr alle, die Alfafile Premium gerne bewerben m\u00f6chten, \u201cNachrichten\u201d f\u00fcr Neuigkeiten vom Anbieter sowie der Frage- und Antworten Bereich, eine \u00dcber-uns Pr\u00e4sentation des Unternehmens sowie der Men\u00fcpunkt zum Support<\/p>\n<p>Nach dem Login stehen Ihnen zudem die Funktionen \u201cMeine Dateien\u201d sowie \u201cKonto\u201d und \u201cPremium\u201d zur Auswahl. Unter dem Reiter \u201cMeine Dateien\u201d k\u00f6nnen Sie Ihre Dateien hochladen, \u00fcbersichtlich verwalten und auf Wunsch einen Ordner f\u00fcr andere Benutzer freigeben. Mit einem Klick auf \u201cKonto\u201d kommen die Men\u00fcpunkte \u201cZahlungen\u201d, \u201cStatistiken\u201d sowie \u201cGel\u00f6schte Dateien\u201d und \u201dRemote-Profile\u201d hinzu. Die Reiter \u201cEinmalige Downloads\u201d, \u201cSicherheit und Datenschutz\u201d sowie \u201cDownload-Optionen\u201d sind ausschlie\u00dflich f\u00fcr Besitzer eines Alfafile Premium Accounts zug\u00e4nglich. Im Rahmen des kostenlosen Accounts stehen Ihnen ein Speicherungsvolumen von 3 TB sowie eine Bandbreite von 2 GB zur Verf\u00fcgung.<\/p>\n<h2><span lang=\"DE\">Die Vorteile eines Premium Accounts bei AlfaFile<\/span><\/h2>\n<p style=\"margin: 18.0pt 0cm 6.0pt 0cm;\"><span lang=\"DE\" style=\"font-size: 11.0pt; font-family: 'Arial','sans-serif'; color: black;\" data-darkreader-inline-color=\"\">Insgesamt stehen Ihnen vier Pakete zur Auswahl, um den Premium Service zu erwerben. Dabei profitieren Sie von diversen Features, dazu geh\u00f6rt unter anderem die maximale Downloadgeschwindigkeit. Zudem ist der gleichzeitige Download mehrerer Downloads m\u00f6glich. Sie verf\u00fcgen \u00fcber direkte Links zu Dateien, m\u00fcssen auf keine Warteschlange beim Download mehr warten und genie\u00dfen das Feature der kostenlosen Anzeigen. Die maximale Dateigr\u00f6\u00dfe f\u00fcr Downloads und Uploads steigt durch Alfafile Premium auf 20 GB &#8211; an dieser Stelle hebt sich der Anbieter im Vergleich zu anderen Filehostern deutlich ab, welche oftmals nur eine maximale Dateigr\u00f6\u00dfe von 5-10 GB pro Download erm\u00f6glichen.<\/span><\/p>\n<p><img loading=\"lazy\" class=\"alignnone size-full wp-image-4794\" src=\"https:\/\/multihoster.org\/wp-content\/uploads\/2020\/06\/alfafile_review.png\" alt=\"\" width=\"571\" height=\"428\" srcset=\"https:\/\/multihoster.org\/wp-content\/uploads\/2020\/06\/alfafile_review.png 571w, https:\/\/multihoster.org\/wp-content\/uploads\/2020\/06\/alfafile_review-300x225.png 300w\" sizes=\"(max-width: 571px) 100vw, 571px\" \/><\/p>\n<h2>Unser Fazit zum Anbieter Alfafile<\/h2>\n<p style=\"margin: 18.0pt 0cm 6.0pt 0cm;\"><span lang=\"DE\" style=\"font-size: 11.0pt; font-family: 'Arial','sans-serif'; color: black;\" data-darkreader-inline-color=\"\">Abschlie\u00dfend k\u00f6nnen wir den Anbieter Alfafile als interessante M\u00f6glichkeit f\u00fcr das Hosting sowie f\u00fcr den Download von Dateien empfehlen. Der Filehoster bietet einen umfangreichen Datenschutz, eine benutzerfreundliche Bedienoberfl\u00e4che und im Rahmen des Premium Accounts wertvolle Features. Das Angebot von Alfafile ist in beschr\u00e4nktem Rahmen kostenlos nutzbar, wer den maximalen Funktionsumfang nutzen m\u00f6chte, kann daf\u00fcr Alfafile Premium erwerben.<\/span><\/p>\n<a class=\"maxbutton-1 maxbutton maxbutton-x\" target=\"_blank\" rel=\"nofollow noopener\" href=\"\/alfafile\/goto\/\"><span class='mb-text'>Premium-Konto kaufen<\/span><\/a>","protected":false},"excerpt":{"rendered":"<p>Wir sind nicht mit Alfafile.net verbunden, assoziiert, autorisiert, bef\u00fcrwortet oder in irgendeiner Weise offiziell mit Alfafile.net verbunden. Der Anbieter Alfafile<\/p>\n","protected":false},"author":2,"featured_media":0,"parent":0,"menu_order":0,"comment_status":"closed","ping_status":"closed","template":"","meta":[],"yoast_head":"<!-- This site is optimized with the Yoast SEO plugin v18.3 - https:\/\/yoast.com\/wordpress\/plugins\/seo\/ -->\n<title>lll\u25b7 Alfafile Premium Account seri\u00f6s oder nicht? Test auf Multihoster.org<\/title>\n<meta name=\"description\" content=\"Der Filehoster Alfafile bietet einen interessanten, kostenlosen Account sowie den umfangreichen Alfafile Premium Account. Wir stellen Ihnen das Angebot im Detail vor.\" \/>\n<meta name=\"robots\" content=\"index, follow, max-snippet:-1, max-image-preview:large, max-video-preview:-1\" \/>\n<link rel=\"canonical\" href=\"https:\/\/multihoster.org\/de\/alfafile\/\" \/>\n<meta property=\"og:locale\" content=\"de_DE\" \/>\n<meta property=\"og:type\" content=\"article\" \/>\n<meta property=\"og:title\" content=\"lll\u25b7 Alfafile Premium Account seri\u00f6s oder nicht? Test auf Multihoster.org\" \/>\n<meta property=\"og:description\" content=\"Der Filehoster Alfafile bietet einen interessanten, kostenlosen Account sowie den umfangreichen Alfafile Premium Account. Wir stellen Ihnen das Angebot im Detail vor.\" \/>\n<meta property=\"og:url\" content=\"https:\/\/multihoster.org\/de\/alfafile\/\" \/>\n<meta property=\"og:site_name\" content=\"Multihoster.org\" \/>\n<meta property=\"article:modified_time\" content=\"2020-06-05T15:49:11+00:00\" \/>\n<meta property=\"og:image\" content=\"https:\/\/multihoster.org\/wp-content\/uploads\/2020\/06\/alfafile_logo.png\" \/>\n<meta name=\"twitter:card\" content=\"summary\" \/>\n<meta name=\"twitter:label1\" content=\"Gesch\u00e4tzte Lesezeit\" \/>\n\t<meta name=\"twitter:data1\" content=\"4\u00a0Minuten\" \/>\n<script type=\"application\/ld+json\" class=\"yoast-schema-graph\">{\"@context\":\"https:\/\/schema.org\",\"@graph\":[{\"@type\":\"WebSite\",\"@id\":\"https:\/\/multihoster.org\/#website\",\"url\":\"https:\/\/multihoster.org\/\",\"name\":\"Multihoster.org\",\"description\":\"Reviews of the major Filehosting services\",\"potentialAction\":[{\"@type\":\"SearchAction\",\"target\":{\"@type\":\"EntryPoint\",\"urlTemplate\":\"https:\/\/multihoster.org\/?s={search_term_string}\"},\"query-input\":\"required name=search_term_string\"}],\"inLanguage\":\"de\"},{\"@type\":\"ImageObject\",\"@id\":\"https:\/\/multihoster.org\/de\/alfafile\/#primaryimage\",\"inLanguage\":\"de\",\"url\":\"https:\/\/multihoster.org\/wp-content\/uploads\/2020\/06\/alfafile_logo.png\",\"contentUrl\":\"https:\/\/multihoster.org\/wp-content\/uploads\/2020\/06\/alfafile_logo.png\",\"width\":414,\"height\":106},{\"@type\":\"WebPage\",\"@id\":\"https:\/\/multihoster.org\/de\/alfafile\/#webpage\",\"url\":\"https:\/\/multihoster.org\/de\/alfafile\/\",\"name\":\"lll\u25b7 Alfafile Premium Account seri\u00f6s oder nicht? Test auf Multihoster.org\",\"isPartOf\":{\"@id\":\"https:\/\/multihoster.org\/#website\"},\"primaryImageOfPage\":{\"@id\":\"https:\/\/multihoster.org\/de\/alfafile\/#primaryimage\"},\"datePublished\":\"2018-10-04T13:06:21+00:00\",\"dateModified\":\"2020-06-05T15:49:11+00:00\",\"description\":\"Der Filehoster Alfafile bietet einen interessanten, kostenlosen Account sowie den umfangreichen Alfafile Premium Account. Wir stellen Ihnen das Angebot im Detail vor.\",\"breadcrumb\":{\"@id\":\"https:\/\/multihoster.org\/de\/alfafile\/#breadcrumb\"},\"inLanguage\":\"de\",\"potentialAction\":[{\"@type\":\"ReadAction\",\"target\":[\"https:\/\/multihoster.org\/de\/alfafile\/\"]}]},{\"@type\":\"BreadcrumbList\",\"@id\":\"https:\/\/multihoster.org\/de\/alfafile\/#breadcrumb\",\"itemListElement\":[{\"@type\":\"ListItem\",\"position\":1,\"name\":\"Startseite\",\"item\":\"https:\/\/multihoster.org\/de\/\"},{\"@type\":\"ListItem\",\"position\":2,\"name\":\"Alfafile Premium Account &#8211; Der Filehoster im \u00dcberblick\"}]}]}<\/script>\n<!-- \/ Yoast SEO plugin. -->","yoast_head_json":{"title":"lll\u25b7 Alfafile Premium Account seri\u00f6s oder nicht? Test auf Multihoster.org","description":"Der Filehoster Alfafile bietet einen interessanten, kostenlosen Account sowie den umfangreichen Alfafile Premium Account. Wir stellen Ihnen das Angebot im Detail vor.","robots":{"index":"index","follow":"follow","max-snippet":"max-snippet:-1","max-image-preview":"max-image-preview:large","max-video-preview":"max-video-preview:-1"},"canonical":"https:\/\/multihoster.org\/de\/alfafile\/","og_locale":"de_DE","og_type":"article","og_title":"lll\u25b7 Alfafile Premium Account seri\u00f6s oder nicht? Test auf Multihoster.org","og_description":"Der Filehoster Alfafile bietet einen interessanten, kostenlosen Account sowie den umfangreichen Alfafile Premium Account. Wir stellen Ihnen das Angebot im Detail vor.","og_url":"https:\/\/multihoster.org\/de\/alfafile\/","og_site_name":"Multihoster.org","article_modified_time":"2020-06-05T15:49:11+00:00","og_image":[{"url":"https:\/\/multihoster.org\/wp-content\/uploads\/2020\/06\/alfafile_logo.png"}],"twitter_card":"summary","twitter_misc":{"Gesch\u00e4tzte Lesezeit":"4\u00a0Minuten"},"schema":{"@context":"https:\/\/schema.org","@graph":[{"@type":"WebSite","@id":"https:\/\/multihoster.org\/#website","url":"https:\/\/multihoster.org\/","name":"Multihoster.org","description":"Reviews of the major Filehosting services","potentialAction":[{"@type":"SearchAction","target":{"@type":"EntryPoint","urlTemplate":"https:\/\/multihoster.org\/?s={search_term_string}"},"query-input":"required name=search_term_string"}],"inLanguage":"de"},{"@type":"ImageObject","@id":"https:\/\/multihoster.org\/de\/alfafile\/#primaryimage","inLanguage":"de","url":"https:\/\/multihoster.org\/wp-content\/uploads\/2020\/06\/alfafile_logo.png","contentUrl":"https:\/\/multihoster.org\/wp-content\/uploads\/2020\/06\/alfafile_logo.png","width":414,"height":106},{"@type":"WebPage","@id":"https:\/\/multihoster.org\/de\/alfafile\/#webpage","url":"https:\/\/multihoster.org\/de\/alfafile\/","name":"lll\u25b7 Alfafile Premium Account seri\u00f6s oder nicht? Test auf Multihoster.org","isPartOf":{"@id":"https:\/\/multihoster.org\/#website"},"primaryImageOfPage":{"@id":"https:\/\/multihoster.org\/de\/alfafile\/#primaryimage"},"datePublished":"2018-10-04T13:06:21+00:00","dateModified":"2020-06-05T15:49:11+00:00","description":"Der Filehoster Alfafile bietet einen interessanten, kostenlosen Account sowie den umfangreichen Alfafile Premium Account. Wir stellen Ihnen das Angebot im Detail vor.","breadcrumb":{"@id":"https:\/\/multihoster.org\/de\/alfafile\/#breadcrumb"},"inLanguage":"de","potentialAction":[{"@type":"ReadAction","target":["https:\/\/multihoster.org\/de\/alfafile\/"]}]},{"@type":"BreadcrumbList","@id":"https:\/\/multihoster.org\/de\/alfafile\/#breadcrumb","itemListElement":[{"@type":"ListItem","position":1,"name":"Startseite","item":"https:\/\/multihoster.org\/de\/"},{"@type":"ListItem","position":2,"name":"Alfafile Premium Account &#8211; Der Filehoster im \u00dcberblick"}]}]}},"_links":{"self":[{"href":"https:\/\/multihoster.org\/de\/wp-json\/wp\/v2\/pages\/1616"}],"collection":[{"href":"https:\/\/multihoster.org\/de\/wp-json\/wp\/v2\/pages"}],"about":[{"href":"https:\/\/multihoster.org\/de\/wp-json\/wp\/v2\/types\/page"}],"author":[{"embeddable":true,"href":"https:\/\/multihoster.org\/de\/wp-json\/wp\/v2\/users\/2"}],"replies":[{"embeddable":true,"href":"https:\/\/multihoster.org\/de\/wp-json\/wp\/v2\/comments?post=1616"}],"version-history":[{"count":8,"href":"https:\/\/multihoster.org\/de\/wp-json\/wp\/v2\/pages\/1616\/revisions"}],"predecessor-version":[{"id":4832,"href":"https:\/\/multihoster.org\/de\/wp-json\/wp\/v2\/pages\/1616\/revisions\/4832"}],"wp:attachment":[{"href":"https:\/\/multihoster.org\/de\/wp-json\/wp\/v2\/media?parent=1616"}],"curies":[{"name":"wp","href":"https:\/\/api.w.org\/{rel}","templated":true}]}}