{"id":1666,"date":"2018-10-04T13:29:53","date_gmt":"2018-10-04T13:29:53","guid":{"rendered":"https:\/\/multihoster.org\/?page_id=1666"},"modified":"2020-08-06T12:30:27","modified_gmt":"2020-08-06T12:30:27","slug":"linkifier","status":"publish","type":"page","link":"https:\/\/multihoster.org\/de\/linkifier\/","title":{"rendered":"Linkifier Erfahrungen &#8211; Der Multihoster im Test"},"content":{"rendered":"<p><img loading=\"lazy\" class=\" wp-image-1679 alignleft\" src=\"https:\/\/multihoster.org\/wp-content\/uploads\/2018\/10\/logo-2.png\" alt=\"\" width=\"313\" height=\"109\" srcset=\"https:\/\/multihoster.org\/wp-content\/uploads\/2018\/10\/logo-2.png 473w, https:\/\/multihoster.org\/wp-content\/uploads\/2018\/10\/logo-2-300x105.png 300w\" sizes=\"(max-width: 313px) 100vw, 313px\" \/><\/p>\n<p>Der Anbieter Linkifier erm\u00f6glicht Ihnen den Zugang zu einer Vielzahl an verschiedenen Filehostern. Das Unternehmen ist im Jahre 2015 entstanden und besteht aus einem kleinen, dynamischen Team, welches vor allem mit der Expertise und dem Wissen in dieser Branche \u00fcberzeugen m\u00f6chte.Insgesamt k\u00f6nnen Sie bei \u00fcber 81 Filehostern diverse Dateien herunterladen, dazu geh\u00f6ren beliebte Anbieter wie Turbobit, FileFactory und Uploaded.<\/p>\n<p>Wollen Sie mehr \u00fcber dieses Thema erfahren, klicken Sie auf diesen Link: <a href=\"https:\/\/linkifier.net\/\" target=\"_blank\" rel=\"noopener noreferrer\"><strong>Linkifier.net<\/strong><\/a><\/p>\n<p>Die Registrierung ist vollkommen kostenlos und bei Gefallen k\u00f6nnen Sie den kostenlosen Account in einen Premium Account umwandeln. F\u00fcr die Zahlung stehen diverse Verfahren zur Auswahl, darunter auch die anonyme Zahlweise mit der Paysafecard. Wir haben den Anbieter im Review einmal genauer unter die Lupe genommen und geben die Erfahrungen aus unserem Linkifier Test gerne an Sie weiter.<\/p>\n<p><img loading=\"lazy\" class=\"alignnone size-full wp-image-1668\" src=\"https:\/\/multihoster.org\/wp-content\/uploads\/2018\/10\/Linkfier.jpg\" alt=\"Linkfier\" width=\"968\" height=\"682\" srcset=\"https:\/\/multihoster.org\/wp-content\/uploads\/2018\/10\/Linkfier.jpg 968w, https:\/\/multihoster.org\/wp-content\/uploads\/2018\/10\/Linkfier-300x211.jpg 300w, https:\/\/multihoster.org\/wp-content\/uploads\/2018\/10\/Linkfier-768x541.jpg 768w\" sizes=\"(max-width: 968px) 100vw, 968px\" \/><\/p>\n<a class=\"maxbutton-1 maxbutton maxbutton-x\" target=\"_blank\" rel=\"nofollow noopener\" href=\"\/alfafile\/goto\/\"><span class='mb-text'>Gehe zu Linkifier -&gt;<\/span><\/a>\n<h2>Positive Eigenschaften des Anbieters<\/h2>\n<ul>\n<li>Kostenloser Zugang &amp; Premium Account<\/li>\n<li>Diverse Bezahlm\u00f6glichkeiten<\/li>\n<li>Bis zu 40% Provision f\u00fcr Partner<\/li>\n<li>\u00dcbersichtliche Struktur der Website<\/li>\n<\/ul>\n<h2><span lang=\"DE\">Das gesamte Angebot von Linkifier im \u00dcberblick<\/span><\/h2>\n<p>Linkifier bietet einen kostenlosen Account sowie einen Premium Account an. F\u00fcr die Nutzung des kostenlosen Angebots k\u00f6nnen Sie sich unkompliziert mit Ihrer Email-Adresse anmelden und den Service im Rahmen gewisser Limitierungen nutzen, um erste Erfahrungen zu sammeln. Wenn Sie den vollen Leistungsumfang genie\u00dfen m\u00f6chten, wozu unter anderem die maximale Downloadgeschwindigkeit geh\u00f6rt, k\u00f6nnen Sie sich f\u00fcr einen Premium Account entscheiden. Dabei stehen Ihnen insgesamt 5 Pakete zur Auswahl, welche von 30 Tagen bis hin zu 2 Jahren reichen.<\/p>\n<p><img loading=\"lazy\" class=\"alignnone size-full wp-image-1669\" src=\"https:\/\/multihoster.org\/wp-content\/uploads\/2018\/10\/log-in.jpg\" alt=\"log in\" width=\"904\" height=\"678\" srcset=\"https:\/\/multihoster.org\/wp-content\/uploads\/2018\/10\/log-in.jpg 904w, https:\/\/multihoster.org\/wp-content\/uploads\/2018\/10\/log-in-300x225.jpg 300w, https:\/\/multihoster.org\/wp-content\/uploads\/2018\/10\/log-in-768x576.jpg 768w\" sizes=\"(max-width: 904px) 100vw, 904px\" \/><\/p>\n<a class=\"maxbutton-1 maxbutton maxbutton-x\" target=\"_blank\" rel=\"nofollow noopener\" href=\"\/alfafile\/goto\/\"><span class='mb-text'>Gehe zu Linkifier -&gt;<\/span><\/a>\n<h2>Bonusangebote<\/h2>\n<p>Wer sich daf\u00fcr interessiert, den Service von Linkifier zu bewerben, kann sich f\u00fcr das Partnerprogramm anmelden und attraktive Provisionen von bis zu 40 Prozent generieren. Dabei erhalten die Partner diverse Tipps und k\u00f6nnen durch die langj\u00e4hrige Erfahrung von Linkifier profitieren.<\/p>\n<h2>Kosten und Zahlungsm\u00f6glichkeiten<\/h2>\n<p>F\u00fcr die Zahlung des Premium Accounts stehen Ihnen bei Linkifier diverse Verfahren zur Auswahl. Angefangen bei Paypal und Kreditkarten \u00fcber WebMoney bis hin zu Skrill. Auch eine anonyme Zahlung via Bitcoin oder Paysafecard ist m\u00f6glich. Mit einem g\u00fcltigen Promo-Code k\u00f6nnen die Kosten unter Umst\u00e4nden reduziert werden. Im Test hat der Zahlungsvorgang bei Linkifier problemlos funktioniert.<\/p>\n<p><strong>\n<table id=\"tablepress-133\" class=\"tablepress tablepress-id-133\">\n<tbody class=\"row-hover\">\n<tr class=\"row-1 odd\">\n\t<td class=\"column-1\">30 Tage<\/td><td class=\"column-2\">90 Tage<\/td><td class=\"column-3\">180 Tage<\/td><td class=\"column-4\">365 Tage<\/td><td class=\"column-5\">730 Tage<\/td>\n<\/tr>\n<tr class=\"row-2 even\">\n\t<td class=\"column-1\">9,99 $<\/td><td class=\"column-2\">26,99 $<\/td><td class=\"column-3\">44,99 $<\/td><td class=\"column-4\">84,99 $<\/td><td class=\"column-5\">149,99 $<\/td>\n<\/tr>\n<tr class=\"row-3 odd\">\n\t<td class=\"column-1\"><\/td><td class=\"column-2\">+30 Tage frei<\/td><td class=\"column-3\">+60 Tage frei<\/td><td class=\"column-4\"><\/td><td class=\"column-5\"><\/td>\n<\/tr>\n<\/tbody>\n<\/table>\n<!-- #tablepress-133 from cache --><\/strong><\/p>\n<h2>Privatsph\u00e4re und Datenschutz<\/h2>\n<p>Informationen werden vom Anbieter Linkifier nach unserer Erfahrung bei der Registrierung, bei der Verwendung des Live Chats sowie beim \u00d6ffnen eines Support Tickets und beim Eingeben von Informationen auf der Seite gespeichert.<\/p>\n<p>Die gespeicherten Daten werden verwendet, um das Nutzungserlebnis f\u00fcr die Besucher zu personalisieren und auf diese Weise interessanten Inhalt bereitzustellen.<\/p>\n<p>Dar\u00fcber hinaus werden Daten f\u00fcr die Verbesserung des Kundenservice, f\u00fcr die schnelle Abwicklung von Transaktionen sowie f\u00fcr die Verwaltung von Promotions, Umfragen oder \u00c4hnlichem genutzt. Auch f\u00fcr das Zusenden von E-Mails hinsichtlich der Produkte und des Service werden die pers\u00f6nlichen Daten genutzt.<\/p>\n<p>Die Daten werden durch sichere Netzwerke und regul\u00e4res Maleware Scanning gesichert. Es gibt nur eine limitierte Anzahl an Personen, die Zugriff zu den pers\u00f6nlichen Informationen haben und f\u00fcr alle sensiblen Informationen wird die SSL Verschl\u00fcsselungstechnologie eingesetzt. Transaktionen werden durch einen Gateway Provider abgewickelt und nicht auf den Servern von Linkifier gespeichert oder durchgef\u00fchrt.<\/p>\n<p>Cookies werden verwendet, um die Pr\u00e4ferenzen von Besuchern f\u00fcr zuk\u00fcnftige Besucher zu speichern sowie um das gesamte Nutzungserlebnis zu verbessern. Weitergegeben werden Informationen ausschlie\u00dflich an daf\u00fcr vorgesehene Partner.<\/p>\n<h2>Kundendienst<\/h2>\n<p>Um mit dem Kundendienst von Linkifier in Kontakt zu treten, finden Sie ganz unten auf der Startseite den Men\u00fcpunkt \u201cContact us\u201d. Hier finden Sie den Weg zu den Social Media Accounts von Linkifier und k\u00f6nnen Ihr Anliegen im Rahmen des Kontaktformulars genauer beschreiben, sodass Sie durch die Erfahrung von Linkifier profitieren k\u00f6nnen.<\/p>\n<h2><span lang=\"DE\">Benutzerfreundlichkeit <\/span><\/h2>\n<p>Die Internetseite Linkifier ist unkompliziert aufgebaut und kann uns im Test voll und ganz \u00fcberzeugen. Direkt auf der Startseite k\u00f6nnen Sie sich kostenlos mit Ihrer Email-Adresse registrieren. Durch ein kurzes Scrollen nach unten finden Sie n\u00e4here Informationen zum Anbieter sowie zum Service. Ganz oben sind die Reiter \u201cSupported Filehosts\u201d sowie \u201cGo Premium\u201d, \u201cAbout us\u201d, \u201cRegister\u201d und \u201cLogin\u201d zu finden. Unter dem Men\u00fcpunkt \u201cSupported Filehosts\u201d finden Sie eine Liste der unterst\u00fctzen Filehoster und unter dem Punkt \u201cGo Premium\u201d sind der Serviceumfang des Premium Accounts, die Kosten sowie die Zahlungsm\u00f6glichkeiten ersichtlich.<\/p>\n<p>Nach dem Login haben Sie die M\u00f6glichkeit, unter dem Men\u00fcpunkt \u201cDownload\u201d die gew\u00fcnschten Links zu generieren oder unter dem Reiter \u201cHoster Status\u201d den aktuellen Status der Hoster einzusehen. Dar\u00fcber hinaus k\u00f6nnen Sie einen Blick auf Ihre Account \u00dcbersicht werfen, um Informationen zu Ihrem Account bzw. zu Ihrem Paket abzurufen. Abschlie\u00dfend steht Ihnen der Men\u00fcpunkt \u201cUpgrade\u201d zur Verf\u00fcgung, wo Sie Ihren kostenlosen Account zum Linkifier Premium Account aufwerten k\u00f6nnen. Insgesamt sind wir im Test mit der Benutzerfreundlichkeit von Linkifier sehr zufrieden.<\/p>\n<p><img loading=\"lazy\" class=\"alignnone size-full wp-image-1670\" src=\"https:\/\/multihoster.org\/wp-content\/uploads\/2018\/10\/pricing.jpg\" alt=\"pricing\" width=\"1075\" height=\"654\" srcset=\"https:\/\/multihoster.org\/wp-content\/uploads\/2018\/10\/pricing.jpg 1075w, https:\/\/multihoster.org\/wp-content\/uploads\/2018\/10\/pricing-300x183.jpg 300w, https:\/\/multihoster.org\/wp-content\/uploads\/2018\/10\/pricing-768x467.jpg 768w, https:\/\/multihoster.org\/wp-content\/uploads\/2018\/10\/pricing-1024x623.jpg 1024w\" sizes=\"(max-width: 1075px) 100vw, 1075px\" \/><\/p>\n<h2><span lang=\"DE\">Die Vorteile eines Premium Accounts bei Linkifier<\/span><\/h2>\n<p>Mit einem Premium Account k\u00f6nnen Sie die volle Bandbreite an Filehostern nutzen, welche \u00fcber Linkifier zug\u00e4nglich sind. Neben beliebten Filehostern wie uploaded, turbobit und RAPID GATOR stehen Ihnen \u00fcber 75 weitere Anbieter zur Verf\u00fcgung.<\/p>\n<p>Dabei profitieren Sie von der maximalen Downloadgeschwindigkeit, welche bis zu 300 Mbit pro Sekunde erreichen kann und k\u00f6nnen dar\u00fcber hinaus ohne t\u00e4gliche Limitierung soviel downloaden, wie Sie m\u00f6chten. Dabei steht es Ihnen frei, gleichzeitig mehrere Downloads zu starten. W\u00e4hrend Sie das Angebot von Linkifier Premium nutzen, gibt es nat\u00fcrlich keine Wartezeit und auch keine Werbung. Sollte Ihnen der Service des Anbieters nicht gefallen, k\u00f6nnen Sie von der Geld-zur\u00fcck-Garantie Gebrauch machen.<\/p>\n<h2><span lang=\"DE\">Unser Fazit zum Anbieter Linkifier<\/span><\/h2>\n<p>Alles in allem bietet Linkifier ein interessantes Angebot, welches unverbindlich und kostenlos getestet werden kann. Wir haben gute Erfahrungen mit dem Anbieter gemacht und fassen unser Linkifier Review gerne f\u00fcr Sie zusammen:<\/p>\n<p>Die Seite ist \u00fcbersichtlich strukturiert, unkompliziert in der Bedienung und bietet ein \u00fcberzeugendes Nutzungserlebnis. Im Rahmen des kostenlosen Accounts ist der Funktionsumfang limitiert. M\u00f6chten Sie diesen erweitern, k\u00f6nnen Sie eines von 5 Pakten ab einem Preis von 9,99$ erwerben. Daf\u00fcr stehen Ihnen diverse Bezahlmethoden zur Auswahl. Auch eine anonyme Zahlung via Bitcoin oder Paysafecard ist m\u00f6glich. Was den Datenschutz und die Privatsph\u00e4re betrifft, so bietet der Anbieter Linkifier eine einfach verst\u00e4ndliche Datenschutzerkl\u00e4rung, welche alle Informationen einfach darlegt. Insgesamt hat unser Test von Linkifier sehr positive Resultate ergeben, sodass wir Ihnen empfehlen k\u00f6nnen, Ihre eigenen Erfahrungen mit dem Anbieter Linkifier zu machen.<\/p>\n<a class=\"maxbutton-1 maxbutton maxbutton-x\" target=\"_blank\" rel=\"nofollow noopener\" href=\"\/alfafile\/goto\/\"><span class='mb-text'>Gehe zu Linkifier -&gt;<\/span><\/a>\n","protected":false},"excerpt":{"rendered":"<p>Der Anbieter Linkifier erm\u00f6glicht Ihnen den Zugang zu einer Vielzahl an verschiedenen Filehostern. Das Unternehmen ist im Jahre 2015 entstanden<\/p>\n","protected":false},"author":2,"featured_media":0,"parent":0,"menu_order":0,"comment_status":"closed","ping_status":"closed","template":"","meta":[],"yoast_head":"<!-- This site is optimized with the Yoast SEO plugin v18.3 - https:\/\/yoast.com\/wordpress\/plugins\/seo\/ -->\n<title>Der Multihoster Linkifier im Test - die Erfahrungen von Multihoster.org<\/title>\n<meta name=\"description\" content=\"Sie interessieren sich f\u00fcr das kostenlose Angebot sowie f\u00fcr den Premium Account von Linkifier? Wir stellen Ihnen den Anbieter Linkifier im Review vor.\" \/>\n<meta name=\"robots\" content=\"index, follow, max-snippet:-1, max-image-preview:large, max-video-preview:-1\" \/>\n<link rel=\"canonical\" href=\"https:\/\/multihoster.org\/de\/linkifier\/\" \/>\n<meta property=\"og:locale\" content=\"de_DE\" \/>\n<meta property=\"og:type\" content=\"article\" \/>\n<meta property=\"og:title\" content=\"Der Multihoster Linkifier im Test - die Erfahrungen von Multihoster.org\" \/>\n<meta property=\"og:description\" content=\"Sie interessieren sich f\u00fcr das kostenlose Angebot sowie f\u00fcr den Premium Account von Linkifier? Wir stellen Ihnen den Anbieter Linkifier im Review vor.\" \/>\n<meta property=\"og:url\" content=\"https:\/\/multihoster.org\/de\/linkifier\/\" \/>\n<meta property=\"og:site_name\" content=\"Multihoster.org\" \/>\n<meta property=\"article:modified_time\" content=\"2020-08-06T12:30:27+00:00\" \/>\n<meta property=\"og:image\" content=\"https:\/\/multihoster.org\/wp-content\/uploads\/2018\/10\/logo-2.png\" \/>\n<meta name=\"twitter:card\" content=\"summary\" \/>\n<meta name=\"twitter:label1\" content=\"Gesch\u00e4tzte Lesezeit\" \/>\n\t<meta name=\"twitter:data1\" content=\"5\u00a0Minuten\" \/>\n<script type=\"application\/ld+json\" class=\"yoast-schema-graph\">{\"@context\":\"https:\/\/schema.org\",\"@graph\":[{\"@type\":\"WebSite\",\"@id\":\"https:\/\/multihoster.org\/#website\",\"url\":\"https:\/\/multihoster.org\/\",\"name\":\"Multihoster.org\",\"description\":\"Reviews of the major Filehosting services\",\"potentialAction\":[{\"@type\":\"SearchAction\",\"target\":{\"@type\":\"EntryPoint\",\"urlTemplate\":\"https:\/\/multihoster.org\/?s={search_term_string}\"},\"query-input\":\"required name=search_term_string\"}],\"inLanguage\":\"de\"},{\"@type\":\"ImageObject\",\"@id\":\"https:\/\/multihoster.org\/de\/linkifier\/#primaryimage\",\"inLanguage\":\"de\",\"url\":\"https:\/\/multihoster.org\/wp-content\/uploads\/2018\/10\/logo-2.png\",\"contentUrl\":\"https:\/\/multihoster.org\/wp-content\/uploads\/2018\/10\/logo-2.png\",\"width\":473,\"height\":165},{\"@type\":\"WebPage\",\"@id\":\"https:\/\/multihoster.org\/de\/linkifier\/#webpage\",\"url\":\"https:\/\/multihoster.org\/de\/linkifier\/\",\"name\":\"Der Multihoster Linkifier im Test - die Erfahrungen von Multihoster.org\",\"isPartOf\":{\"@id\":\"https:\/\/multihoster.org\/#website\"},\"primaryImageOfPage\":{\"@id\":\"https:\/\/multihoster.org\/de\/linkifier\/#primaryimage\"},\"datePublished\":\"2018-10-04T13:29:53+00:00\",\"dateModified\":\"2020-08-06T12:30:27+00:00\",\"description\":\"Sie interessieren sich f\u00fcr das kostenlose Angebot sowie f\u00fcr den Premium Account von Linkifier? Wir stellen Ihnen den Anbieter Linkifier im Review vor.\",\"breadcrumb\":{\"@id\":\"https:\/\/multihoster.org\/de\/linkifier\/#breadcrumb\"},\"inLanguage\":\"de\",\"potentialAction\":[{\"@type\":\"ReadAction\",\"target\":[\"https:\/\/multihoster.org\/de\/linkifier\/\"]}]},{\"@type\":\"BreadcrumbList\",\"@id\":\"https:\/\/multihoster.org\/de\/linkifier\/#breadcrumb\",\"itemListElement\":[{\"@type\":\"ListItem\",\"position\":1,\"name\":\"Startseite\",\"item\":\"https:\/\/multihoster.org\/de\/\"},{\"@type\":\"ListItem\",\"position\":2,\"name\":\"Linkifier Erfahrungen &#8211; Der Multihoster im Test\"}]}]}<\/script>\n<!-- \/ Yoast SEO plugin. -->","yoast_head_json":{"title":"Der Multihoster Linkifier im Test - die Erfahrungen von Multihoster.org","description":"Sie interessieren sich f\u00fcr das kostenlose Angebot sowie f\u00fcr den Premium Account von Linkifier? Wir stellen Ihnen den Anbieter Linkifier im Review vor.","robots":{"index":"index","follow":"follow","max-snippet":"max-snippet:-1","max-image-preview":"max-image-preview:large","max-video-preview":"max-video-preview:-1"},"canonical":"https:\/\/multihoster.org\/de\/linkifier\/","og_locale":"de_DE","og_type":"article","og_title":"Der Multihoster Linkifier im Test - die Erfahrungen von Multihoster.org","og_description":"Sie interessieren sich f\u00fcr das kostenlose Angebot sowie f\u00fcr den Premium Account von Linkifier? Wir stellen Ihnen den Anbieter Linkifier im Review vor.","og_url":"https:\/\/multihoster.org\/de\/linkifier\/","og_site_name":"Multihoster.org","article_modified_time":"2020-08-06T12:30:27+00:00","og_image":[{"url":"https:\/\/multihoster.org\/wp-content\/uploads\/2018\/10\/logo-2.png"}],"twitter_card":"summary","twitter_misc":{"Gesch\u00e4tzte Lesezeit":"5\u00a0Minuten"},"schema":{"@context":"https:\/\/schema.org","@graph":[{"@type":"WebSite","@id":"https:\/\/multihoster.org\/#website","url":"https:\/\/multihoster.org\/","name":"Multihoster.org","description":"Reviews of the major Filehosting services","potentialAction":[{"@type":"SearchAction","target":{"@type":"EntryPoint","urlTemplate":"https:\/\/multihoster.org\/?s={search_term_string}"},"query-input":"required name=search_term_string"}],"inLanguage":"de"},{"@type":"ImageObject","@id":"https:\/\/multihoster.org\/de\/linkifier\/#primaryimage","inLanguage":"de","url":"https:\/\/multihoster.org\/wp-content\/uploads\/2018\/10\/logo-2.png","contentUrl":"https:\/\/multihoster.org\/wp-content\/uploads\/2018\/10\/logo-2.png","width":473,"height":165},{"@type":"WebPage","@id":"https:\/\/multihoster.org\/de\/linkifier\/#webpage","url":"https:\/\/multihoster.org\/de\/linkifier\/","name":"Der Multihoster Linkifier im Test - die Erfahrungen von Multihoster.org","isPartOf":{"@id":"https:\/\/multihoster.org\/#website"},"primaryImageOfPage":{"@id":"https:\/\/multihoster.org\/de\/linkifier\/#primaryimage"},"datePublished":"2018-10-04T13:29:53+00:00","dateModified":"2020-08-06T12:30:27+00:00","description":"Sie interessieren sich f\u00fcr das kostenlose Angebot sowie f\u00fcr den Premium Account von Linkifier? Wir stellen Ihnen den Anbieter Linkifier im Review vor.","breadcrumb":{"@id":"https:\/\/multihoster.org\/de\/linkifier\/#breadcrumb"},"inLanguage":"de","potentialAction":[{"@type":"ReadAction","target":["https:\/\/multihoster.org\/de\/linkifier\/"]}]},{"@type":"BreadcrumbList","@id":"https:\/\/multihoster.org\/de\/linkifier\/#breadcrumb","itemListElement":[{"@type":"ListItem","position":1,"name":"Startseite","item":"https:\/\/multihoster.org\/de\/"},{"@type":"ListItem","position":2,"name":"Linkifier Erfahrungen &#8211; Der Multihoster im Test"}]}]}},"_links":{"self":[{"href":"https:\/\/multihoster.org\/de\/wp-json\/wp\/v2\/pages\/1666"}],"collection":[{"href":"https:\/\/multihoster.org\/de\/wp-json\/wp\/v2\/pages"}],"about":[{"href":"https:\/\/multihoster.org\/de\/wp-json\/wp\/v2\/types\/page"}],"author":[{"embeddable":true,"href":"https:\/\/multihoster.org\/de\/wp-json\/wp\/v2\/users\/2"}],"replies":[{"embeddable":true,"href":"https:\/\/multihoster.org\/de\/wp-json\/wp\/v2\/comments?post=1666"}],"version-history":[{"count":8,"href":"https:\/\/multihoster.org\/de\/wp-json\/wp\/v2\/pages\/1666\/revisions"}],"predecessor-version":[{"id":5285,"href":"https:\/\/multihoster.org\/de\/wp-json\/wp\/v2\/pages\/1666\/revisions\/5285"}],"wp:attachment":[{"href":"https:\/\/multihoster.org\/de\/wp-json\/wp\/v2\/media?parent=1666"}],"curies":[{"name":"wp","href":"https:\/\/api.w.org\/{rel}","templated":true}]}}