{"id":1718,"date":"2018-10-04T13:50:45","date_gmt":"2018-10-04T13:50:45","guid":{"rendered":"https:\/\/multihoster.org\/?page_id=1718"},"modified":"2018-10-04T13:50:45","modified_gmt":"2018-10-04T13:50:45","slug":"linksnappy","status":"publish","type":"page","link":"https:\/\/multihoster.org\/de\/linksnappy\/","title":{"rendered":"LinkSnappy Erfahrungen &#8211; Der Multihoster im \u00dcberblick"},"content":{"rendered":"<p><img loading=\"lazy\" class=\"wp-image-1723 alignleft\" src=\"https:\/\/multihoster.org\/wp-content\/uploads\/2018\/10\/logo-3.png\" alt=\"logo\" width=\"204\" height=\"119\" srcset=\"https:\/\/multihoster.org\/wp-content\/uploads\/2018\/10\/logo-3.png 371w, https:\/\/multihoster.org\/wp-content\/uploads\/2018\/10\/logo-3-300x175.png 300w\" sizes=\"(max-width: 204px) 100vw, 204px\" \/><\/p>\n<p>Der Multihoster LinkSnappy bietet Ihnen einen Premium Link Generator sowie einen Cloud basierten Torrent Client. Dar\u00fcber hinaus sind diverse, weitere Features zu finden, mit denen das Angebot von LinkSnappy noch umfangreicher und sicherer genutzt werden kann. F\u00fcr die unkomplizierte Bezahlung stehen diverse Zahlungsdienstleister zur Auswahl, darunter befinden sich anonyme Bezahlungsm\u00f6glichkeiten wie Paysafecard und beliebte, einfache Verfahren wie Paypal. Wir haben den Anbieter LinkSnappy einem Test unterzogen und stellen Ihnen im Folgenden unsere Erfahrungen mit LinkSnappy vor.<\/p>\n<h2><\/h2>\n<h2>Positive Eigenschaften des Anbieters<\/h2>\n<ul>\n<li>Kostenlose Nutzung m\u00f6glich<\/li>\n<li>Anonyme Zahlungsm\u00f6glichkeiten<\/li>\n<li>Zugang zum Angebot von mehr als 60 Filehostern<\/li>\n<li>Hohe Benutzerfreundlichkeit<\/li>\n<\/ul>\n<p><img loading=\"lazy\" class=\"alignnone size-full wp-image-1720\" src=\"https:\/\/multihoster.org\/wp-content\/uploads\/2018\/10\/linksnappy.jpg\" alt=\"linksnappy\" width=\"879\" height=\"631\" srcset=\"https:\/\/multihoster.org\/wp-content\/uploads\/2018\/10\/linksnappy.jpg 879w, https:\/\/multihoster.org\/wp-content\/uploads\/2018\/10\/linksnappy-300x215.jpg 300w, https:\/\/multihoster.org\/wp-content\/uploads\/2018\/10\/linksnappy-768x551.jpg 768w\" sizes=\"(max-width: 879px) 100vw, 879px\" \/><\/p>\n<p>&nbsp;<\/p>\n<h2>Das gesamte Angebot von LinkSnappy im \u00dcberblick<\/h2>\n<p>Den Service vom Anbieter LinkSnappy k\u00f6nnen Sie zum einen mit dem kostenlosen FileSnappy Account nutzen und bei Gefallen nach dem Test einen Premium Account erwerben. Dieser kann durch die E-Mail Registrierung freigeschaltet werden, auch der Login durch soziale Medien wie Google, Facebook und Twitter ist m\u00f6glich. Beim kostenlosen Account sind das t\u00e4gliche Datenvolumen sowie weitere Funktionen beschr\u00e4nkt.<\/p>\n<p>Wer den vollen Umfang des Service von LinkSnappy nutzen m\u00f6chte, kann daf\u00fcr eines von vier Paketen nutzen und den Premium Account erwerben. M\u00f6glich sind Laufzeiten von 7 Tagen, 30 Tagen, 90 Tagen sowie 180 Tagen.<\/p>\n<h2>Bonusangebote<\/h2>\n<p>Ein attraktives Bonusangebot von LinkSnappy ist die M\u00f6glichkeit, durch das Bewerben des LinkSnappy Premium Accounts kostenlose Mitgliedschafts-Tage zu erhalten. Die Voraussetzung daf\u00fcr ist, dass neue Nutzer \u00fcber den Referral Link zu LinkSnappy gelangt und sich f\u00fcr eine Premium Mitgliedschaft entscheidet &#8211; dabei profitiert das eingeladene Mitglied ebenfalls und erh\u00e4lt einen 5%-Rabatt f\u00fcr die erste Bestellung. Dar\u00fcber hinaus erhalten Sie beim Abschluss eines Premium Accounts f\u00fcr 90 sowie 180 Tage einen Gutschein, welchen Sie an Freunde und Verwandte weitergeben k\u00f6nnen.<\/p>\n<h2>Kosten und Zahlungsm\u00f6glichkeiten<\/h2>\n<p>F\u00fcr die Bezahlung des LinkSnappy Premium Accounts stehen Ihnen diverse Verfahren zur Auswahl. M\u00f6glich ist die Bezahlung via Kreditkarte sowie Paypal und Debit Karte. Zur anonymen Zahlung k\u00f6nnen die Bezahlmethode Paysafecard sowie diverse Kryptow\u00e4hrungen ausgew\u00e4hlt werden.<\/p>\n<p><strong>\n<table id=\"tablepress-142\" class=\"tablepress tablepress-id-142\">\n<tbody class=\"row-hover\">\n<tr class=\"row-1 odd\">\n\t<td class=\"column-1\">7 Tage<\/td><td class=\"column-2\">30 Tage<\/td><td class=\"column-3\">90 Tage<\/td><td class=\"column-4\">180 Tage<\/td>\n<\/tr>\n<tr class=\"row-2 even\">\n\t<td class=\"column-1\">4,99 $<\/td><td class=\"column-2\">12,99 $<\/td><td class=\"column-3\">29,99 $<\/td><td class=\"column-4\">54,99 $<\/td>\n<\/tr>\n<tr class=\"row-3 odd\">\n\t<td class=\"column-1\"><\/td><td class=\"column-2\">30 Tage-Gutschein<\/td><td class=\"column-3\">90 Tage-Gutschein<\/td><td class=\"column-4\"><\/td>\n<\/tr>\n<\/tbody>\n<\/table>\n<!-- #tablepress-142 from cache --><\/strong><\/p>\n<h2>Privatsph\u00e4re und Datenschutz<\/h2>\n<p>Selbstverst\u00e4ndlich d\u00fcrfen Sie vom Anbieter LinkSnappy einen umfangreichen Datenschutz erwarten. Ihre pers\u00f6nlichen Daten werden dabei nur f\u00fcr die vorgesehenen Prozesse verwendet &#8211; beispielsweise f\u00fcr die Registrierung, f\u00fcr den Zahlungsprozess oder f\u00fcr die Kontaktaufnahme. Dar\u00fcber hinaus werden durch interne Verzeichnisse, beim Download oder bei der Verwendung des Link Generators, die IP-Adresse sowie weitere Informationen zu den Daten gespeichert. Demographische Informationen werden gesammelt, um das Nutzererlebnis zu verbessern und ggf. mit Werbepartnern geteilt. Auch Cookies kommen f\u00fcr den optimalen Nutzungsumfang zum Einsatz. Was unsere Erfahrungen betrifft, gibt es in Hinsicht auf die Privatsph\u00e4re sowie den Datenschutz bei Linksnappy keine Kritikpunkte.<\/p>\n<p>&nbsp;<\/p>\n<p><img loading=\"lazy\" class=\"alignnone size-full wp-image-1721\" src=\"https:\/\/multihoster.org\/wp-content\/uploads\/2018\/10\/log-in-1.jpg\" alt=\"log in\" width=\"895\" height=\"641\" srcset=\"https:\/\/multihoster.org\/wp-content\/uploads\/2018\/10\/log-in-1.jpg 895w, https:\/\/multihoster.org\/wp-content\/uploads\/2018\/10\/log-in-1-300x215.jpg 300w, https:\/\/multihoster.org\/wp-content\/uploads\/2018\/10\/log-in-1-768x550.jpg 768w\" sizes=\"(max-width: 895px) 100vw, 895px\" \/><\/p>\n<p>&nbsp;<\/p>\n<h2>Kundendienst<\/h2>\n<p>Zum Kundendienst von LinkSnappy gelangen Sie, indem Sie nach dem Login zuerst auf den Reiter \u201dMy Account\u201d gehen. Unter diesem Reiter finden Sie anschlie\u00dfend weitere Men\u00fcpunkte, darunter befindet sich unter anderem der Link zum Support Center. Hier k\u00f6nnen Sie entweder direkt ein Ticket erstellen oder sich im Support Center anmelden, sodass Sie Ihren Ticket Status auch unkompliziert \u00fcberpr\u00fcfen k\u00f6nnen. M\u00f6glicherweise kann Ihr Anliegen auch durch ein Blick in das FAQ gel\u00f6st werden, der Zugang zum FAQ ist ganz oben auf der Seite neben dem Reiter \u201cMy Account\u201d zu finden. Dar\u00fcber hinaus gibt es die Funktion des Live-Chats, welche unten rechts auf der Webseite zu finden ist.<\/p>\n<p><img loading=\"lazy\" class=\"alignnone size-full wp-image-1722\" src=\"https:\/\/multihoster.org\/wp-content\/uploads\/2018\/10\/details.jpg\" alt=\"details\" width=\"898\" height=\"632\" srcset=\"https:\/\/multihoster.org\/wp-content\/uploads\/2018\/10\/details.jpg 898w, https:\/\/multihoster.org\/wp-content\/uploads\/2018\/10\/details-300x211.jpg 300w, https:\/\/multihoster.org\/wp-content\/uploads\/2018\/10\/details-768x541.jpg 768w, https:\/\/multihoster.org\/wp-content\/uploads\/2018\/10\/details-130x90.jpg 130w\" sizes=\"(max-width: 898px) 100vw, 898px\" \/><\/p>\n<h2><\/h2>\n<h2>Benutzerfreundlichkeit<\/h2>\n<p>Wir haben uns im LinkSnappy Test die Benutzerfreundlichkeit einmal genauer angesehen und teilen gerne unsere Erfahrungen zum Anbieter LinkSnappy mit Ihnen. Die Seite ist \u00fcbersichtlich strukturiert, sodass auf der Startseite alle grunds\u00e4tzlichen Informationen zum Anbieter zu finden sind.<\/p>\n<p>Auch die kostenlose Registrierung ist direkt auf der Startseite m\u00f6glich. Unten auf der Seite k\u00f6nnen Sie sich durch die Bewertungen anderer Nutzer, welche LinkSnappy bereits getestet haben, weitere Informationen zur Kundenzufriedenheit finden.<\/p>\n<p>Ganz oben finden Sie zudem einen Frage-und Antworten Bereich sowie hilfreiche Tutorials f\u00fcr die Verwendung von Linksnappy.com Unter dem Punkt Status finden Sie genauere Informationen zu den unterst\u00fctzen Filehostern sowie Statusdaten zu Ihrem Account.<\/p>\n<p>Nach dem Login sind ganz oben auf der Seite die neuen Optionen \u201cDownload\u201d sowie \u201cTorrent\u201d zug\u00e4nglich. Hier k\u00f6nnen Sie nach Belieben die gew\u00fcnschten Dateien herunterladen sowie verwalten. Weiter unten gelangen Sie zu den Reitern \u201cLinks\u201d und \u201cFiles\u201d. Au\u00dferdem finden Sie hier die M\u00f6glichkeit zum Premium Upgrade sowie den Reiter zum Support.<\/p>\n<p>Unsere Erfahrungen zeigen also alles in allem, dass der Anbieter LinkSnappy einen guten Service undeine ansprechende Benutzerfreundlichkeit bietet.<\/p>\n<h2>Die Vorteile eines Link Snappy Premium Accounts<\/h2>\n<p>Mit einem LinkSnappy Premium Account k\u00f6nnen Sie entsprechend unseren Erfahrungen bei \u00fcber 60 Filehostern die maximale Downloadgeschwindigkeit nutzen. Zudem profitieren Sie vom Feature \u201cPrivate Downloads\u201d, sodass weder Ihre IP-Adresse, noch die vorgenommenen Downloads protokolliert werden. Hinzu kommt die M\u00f6glichkeit, Dateien online direkt zu streamen, ohne diese zu downloaden. Weiterhin verf\u00fcgen Sie mit dem Premium Account \u00fcber praktische Plugins f\u00fcr Chrome, Firefox und jDownloader f\u00fcr die automatische Linkgenerierung. Der Kundendienst steht 24 Stunden an 7 Tagen die Woche f\u00fcr Sie bereit, um m\u00f6gliche Probleme schnell l\u00f6sen zu k\u00f6nnen. Sollte Ihnen der Serviceumfang des Premium Accounts nicht gefallen, steht Ihnen eine sofortige, 7-t\u00e4gige Geld-zur\u00fcck-Garantie offen.<\/p>\n<h2>Unser Fazit zum Anbieter LinkSnappy<\/h2>\n<p>Abschlie\u00dfend kann gesagt werden, dass LinkSnappy bereits mit dem kostenlosen Account einen umfangreichen Service bietet. Die Seite ist sehr \u00fcbersichtlich gestaltet und die Registrierung funktioniert schnell sowie unkompliziert. Wer die maximale Downloadgeschwindigkeit nutzen und von weiteren Features profitieren m\u00f6chte, kann eine der vier Elite-Mitgliedschaften f\u00fcr den Erwerb eines LinkSnappy Premium Accounts erwerben. Als Zahlungsmethoden finden Sie diverse Anbieter, darunter unter anderem die beliebten Verfahren Paypal und Paysafecard. Interessant ist in diesem Zusammenhang auch die 7 t\u00e4gige Geld-zur\u00fcck-Garantie. Der Kundenservice ist praktischerweise sogar durch einen Live-Chat zu erreichen und auch die Bonusangebote wirken sehr attraktiv. Was unsere Erfahrungen betrifft, kann der Anbieter also voll und ganz \u00fcberzeugen.<\/p>\n","protected":false},"excerpt":{"rendered":"<p>Der Multihoster LinkSnappy bietet Ihnen einen Premium Link Generator sowie einen Cloud basierten Torrent Client. Dar\u00fcber hinaus sind diverse, weitere<\/p>\n","protected":false},"author":2,"featured_media":0,"parent":0,"menu_order":0,"comment_status":"closed","ping_status":"closed","template":"","meta":[],"yoast_head":"<!-- This site is optimized with the Yoast SEO plugin v18.3 - https:\/\/yoast.com\/wordpress\/plugins\/seo\/ -->\n<title>lll\u25b7 Linksnappy Account seri\u00f6s oder nicht? +++ Test auf Multihoster.org<\/title>\n<meta name=\"description\" content=\"Wir haben den Multihoster LinkSnappy einem Test unterzogen und teilen mit Ihnen gerne unsere Erfahrungen zum Service sowie zur Seriosit\u00e4t des Anbieters.\" \/>\n<meta name=\"robots\" content=\"index, follow, max-snippet:-1, max-image-preview:large, max-video-preview:-1\" \/>\n<link rel=\"canonical\" href=\"https:\/\/multihoster.org\/de\/linksnappy\/\" \/>\n<meta property=\"og:locale\" content=\"de_DE\" \/>\n<meta property=\"og:type\" content=\"article\" \/>\n<meta property=\"og:title\" content=\"lll\u25b7 Linksnappy Account seri\u00f6s oder nicht? +++ Test auf Multihoster.org\" \/>\n<meta property=\"og:description\" content=\"Wir haben den Multihoster LinkSnappy einem Test unterzogen und teilen mit Ihnen gerne unsere Erfahrungen zum Service sowie zur Seriosit\u00e4t des Anbieters.\" \/>\n<meta property=\"og:url\" content=\"https:\/\/multihoster.org\/de\/linksnappy\/\" \/>\n<meta property=\"og:site_name\" content=\"Multihoster.org\" \/>\n<meta property=\"og:image\" content=\"https:\/\/multihoster.org\/wp-content\/uploads\/2018\/10\/logo-3.png\" \/>\n<meta name=\"twitter:card\" content=\"summary\" \/>\n<meta name=\"twitter:label1\" content=\"Gesch\u00e4tzte Lesezeit\" \/>\n\t<meta name=\"twitter:data1\" content=\"5\u00a0Minuten\" \/>\n<script type=\"application\/ld+json\" class=\"yoast-schema-graph\">{\"@context\":\"https:\/\/schema.org\",\"@graph\":[{\"@type\":\"WebSite\",\"@id\":\"https:\/\/multihoster.org\/#website\",\"url\":\"https:\/\/multihoster.org\/\",\"name\":\"Multihoster.org\",\"description\":\"Reviews of the major Filehosting services\",\"potentialAction\":[{\"@type\":\"SearchAction\",\"target\":{\"@type\":\"EntryPoint\",\"urlTemplate\":\"https:\/\/multihoster.org\/?s={search_term_string}\"},\"query-input\":\"required name=search_term_string\"}],\"inLanguage\":\"de\"},{\"@type\":\"ImageObject\",\"@id\":\"https:\/\/multihoster.org\/de\/linksnappy\/#primaryimage\",\"inLanguage\":\"de\",\"url\":\"https:\/\/multihoster.org\/wp-content\/uploads\/2018\/10\/logo-3.png\",\"contentUrl\":\"https:\/\/multihoster.org\/wp-content\/uploads\/2018\/10\/logo-3.png\",\"width\":371,\"height\":216},{\"@type\":\"WebPage\",\"@id\":\"https:\/\/multihoster.org\/de\/linksnappy\/#webpage\",\"url\":\"https:\/\/multihoster.org\/de\/linksnappy\/\",\"name\":\"lll\u25b7 Linksnappy Account seri\u00f6s oder nicht? +++ Test auf Multihoster.org\",\"isPartOf\":{\"@id\":\"https:\/\/multihoster.org\/#website\"},\"primaryImageOfPage\":{\"@id\":\"https:\/\/multihoster.org\/de\/linksnappy\/#primaryimage\"},\"datePublished\":\"2018-10-04T13:50:45+00:00\",\"dateModified\":\"2018-10-04T13:50:45+00:00\",\"description\":\"Wir haben den Multihoster LinkSnappy einem Test unterzogen und teilen mit Ihnen gerne unsere Erfahrungen zum Service sowie zur Seriosit\u00e4t des Anbieters.\",\"breadcrumb\":{\"@id\":\"https:\/\/multihoster.org\/de\/linksnappy\/#breadcrumb\"},\"inLanguage\":\"de\",\"potentialAction\":[{\"@type\":\"ReadAction\",\"target\":[\"https:\/\/multihoster.org\/de\/linksnappy\/\"]}]},{\"@type\":\"BreadcrumbList\",\"@id\":\"https:\/\/multihoster.org\/de\/linksnappy\/#breadcrumb\",\"itemListElement\":[{\"@type\":\"ListItem\",\"position\":1,\"name\":\"Startseite\",\"item\":\"https:\/\/multihoster.org\/de\/\"},{\"@type\":\"ListItem\",\"position\":2,\"name\":\"LinkSnappy Erfahrungen &#8211; Der Multihoster im \u00dcberblick\"}]}]}<\/script>\n<!-- \/ Yoast SEO plugin. -->","yoast_head_json":{"title":"lll\u25b7 Linksnappy Account seri\u00f6s oder nicht? +++ Test auf Multihoster.org","description":"Wir haben den Multihoster LinkSnappy einem Test unterzogen und teilen mit Ihnen gerne unsere Erfahrungen zum Service sowie zur Seriosit\u00e4t des Anbieters.","robots":{"index":"index","follow":"follow","max-snippet":"max-snippet:-1","max-image-preview":"max-image-preview:large","max-video-preview":"max-video-preview:-1"},"canonical":"https:\/\/multihoster.org\/de\/linksnappy\/","og_locale":"de_DE","og_type":"article","og_title":"lll\u25b7 Linksnappy Account seri\u00f6s oder nicht? +++ Test auf Multihoster.org","og_description":"Wir haben den Multihoster LinkSnappy einem Test unterzogen und teilen mit Ihnen gerne unsere Erfahrungen zum Service sowie zur Seriosit\u00e4t des Anbieters.","og_url":"https:\/\/multihoster.org\/de\/linksnappy\/","og_site_name":"Multihoster.org","og_image":[{"url":"https:\/\/multihoster.org\/wp-content\/uploads\/2018\/10\/logo-3.png"}],"twitter_card":"summary","twitter_misc":{"Gesch\u00e4tzte Lesezeit":"5\u00a0Minuten"},"schema":{"@context":"https:\/\/schema.org","@graph":[{"@type":"WebSite","@id":"https:\/\/multihoster.org\/#website","url":"https:\/\/multihoster.org\/","name":"Multihoster.org","description":"Reviews of the major Filehosting services","potentialAction":[{"@type":"SearchAction","target":{"@type":"EntryPoint","urlTemplate":"https:\/\/multihoster.org\/?s={search_term_string}"},"query-input":"required name=search_term_string"}],"inLanguage":"de"},{"@type":"ImageObject","@id":"https:\/\/multihoster.org\/de\/linksnappy\/#primaryimage","inLanguage":"de","url":"https:\/\/multihoster.org\/wp-content\/uploads\/2018\/10\/logo-3.png","contentUrl":"https:\/\/multihoster.org\/wp-content\/uploads\/2018\/10\/logo-3.png","width":371,"height":216},{"@type":"WebPage","@id":"https:\/\/multihoster.org\/de\/linksnappy\/#webpage","url":"https:\/\/multihoster.org\/de\/linksnappy\/","name":"lll\u25b7 Linksnappy Account seri\u00f6s oder nicht? +++ Test auf Multihoster.org","isPartOf":{"@id":"https:\/\/multihoster.org\/#website"},"primaryImageOfPage":{"@id":"https:\/\/multihoster.org\/de\/linksnappy\/#primaryimage"},"datePublished":"2018-10-04T13:50:45+00:00","dateModified":"2018-10-04T13:50:45+00:00","description":"Wir haben den Multihoster LinkSnappy einem Test unterzogen und teilen mit Ihnen gerne unsere Erfahrungen zum Service sowie zur Seriosit\u00e4t des Anbieters.","breadcrumb":{"@id":"https:\/\/multihoster.org\/de\/linksnappy\/#breadcrumb"},"inLanguage":"de","potentialAction":[{"@type":"ReadAction","target":["https:\/\/multihoster.org\/de\/linksnappy\/"]}]},{"@type":"BreadcrumbList","@id":"https:\/\/multihoster.org\/de\/linksnappy\/#breadcrumb","itemListElement":[{"@type":"ListItem","position":1,"name":"Startseite","item":"https:\/\/multihoster.org\/de\/"},{"@type":"ListItem","position":2,"name":"LinkSnappy Erfahrungen &#8211; Der Multihoster im \u00dcberblick"}]}]}},"_links":{"self":[{"href":"https:\/\/multihoster.org\/de\/wp-json\/wp\/v2\/pages\/1718"}],"collection":[{"href":"https:\/\/multihoster.org\/de\/wp-json\/wp\/v2\/pages"}],"about":[{"href":"https:\/\/multihoster.org\/de\/wp-json\/wp\/v2\/types\/page"}],"author":[{"embeddable":true,"href":"https:\/\/multihoster.org\/de\/wp-json\/wp\/v2\/users\/2"}],"replies":[{"embeddable":true,"href":"https:\/\/multihoster.org\/de\/wp-json\/wp\/v2\/comments?post=1718"}],"version-history":[{"count":4,"href":"https:\/\/multihoster.org\/de\/wp-json\/wp\/v2\/pages\/1718\/revisions"}],"predecessor-version":[{"id":1793,"href":"https:\/\/multihoster.org\/de\/wp-json\/wp\/v2\/pages\/1718\/revisions\/1793"}],"wp:attachment":[{"href":"https:\/\/multihoster.org\/de\/wp-json\/wp\/v2\/media?parent=1718"}],"curies":[{"name":"wp","href":"https:\/\/api.w.org\/{rel}","templated":true}]}}