{"id":1841,"date":"2018-10-05T15:00:34","date_gmt":"2018-10-05T15:00:34","guid":{"rendered":"https:\/\/multihoster.org\/?page_id=1841"},"modified":"2018-10-05T15:00:34","modified_gmt":"2018-10-05T15:00:34","slug":"share-online","status":"publish","type":"page","link":"https:\/\/multihoster.org\/de\/share-online\/","title":{"rendered":"Share-Online Premium Account \u2013 Der Filehoster im \u00dcberblick"},"content":{"rendered":"<p><img loading=\"lazy\" class=\"wp-image-1871 alignleft\" src=\"https:\/\/multihoster.org\/wp-content\/uploads\/2018\/10\/logo-4.png\" alt=\"\" width=\"236\" height=\"61\" \/><\/p>\n<p>Share-Online bietet sowohl eine Download- als auch Upload Funktion. Im Rahmen des Angebots stehen der kostenlose Sammler Account sowie der Premium-Zugriff zur Auswahl. Bei der Benutzung des Sammler-Accounts gibt es diverse Limitierungen, w\u00e4hrend Sie mit dem Premium-Zugriff den vollen Funktionsumfang nutzen k\u00f6nnen.<\/p>\n<h2>Das gesamte Angebot von Share-Online im \u00dcberblick<\/h2>\n<p>Wer das Angebot von Share-Online kostenlos nutzen m\u00f6chte, kann mit dem Sammler Account, welcher einige Limitierungen enth\u00e4lt, starten. Zu den Limitierungen geh\u00f6ren hinsichtlich der Downloads unter anderem Wartezeiten von mindestens 30 Sekunden, eine limitierte Geschwindigkeit von max. 150 kb pro Sekunde sowie eine Beschr\u00e4nkung f\u00fcr das Downloadvolumen auf 2 GB pro Stunde pro Datei. Bez\u00fcglich der Upload gibt es eine L\u00f6schung der Dateien nach maximal 45 Tagen Inaktivit\u00e4t.<\/p>\n<p>Mit dem Share Online Premium Account k\u00f6nnen Sie sofort loslegen und profitieren dabei unter anderem von der maximalen Downloadgeschwindigkeit. Au\u00dferdem gibt es keine Wartezeiten, keine Werbung und viele, weitere Features.<\/p>\n<p>Der einfache Download von Dateien bis zu einer Gr\u00f6\u00dfe von 1024 MB ist bereits ohne Registrierung auf der Startseite m\u00f6glich.<\/p>\n<h2>Bonusangebote<\/h2>\n<p>Im Rahmen des Partnerprogramms von Share-Online k\u00f6nnen Sie zwei Wege nutzen. Zum einen ist es m\u00f6glich, das Angebot von Share-Online durch einen individuellen Partnerlink bei Freunden und Bekannten zu bewerben. Dar\u00fcber hinaus k\u00f6nnen Sie auf Ihrer eigenen Website mit Bannern werben. Beim Kauf eines Accounts, der f\u00fcr 7 Tage oder l\u00e4nger gilt, erhalten Sie eine Provision von 30 Prozent f\u00fcr jeden anf\u00e4nglichen Verkauf sowie 20 Prozent f\u00fcr nachfolgende K\u00e4ufe.<\/p>\n<p>Ein weiteres Bonusangebot ist das Tool SOUP. Dabei handelt es sich um den Share-Online.biz UPloader v.1.0.28.<\/p>\n<p><img loading=\"lazy\" class=\"size-full wp-image-1844 aligncenter\" src=\"https:\/\/multihoster.org\/wp-content\/uploads\/2018\/10\/Share-Online.jpg\" alt=\"Share-Online\" width=\"1086\" height=\"711\" srcset=\"https:\/\/multihoster.org\/wp-content\/uploads\/2018\/10\/Share-Online.jpg 1086w, https:\/\/multihoster.org\/wp-content\/uploads\/2018\/10\/Share-Online-300x196.jpg 300w, https:\/\/multihoster.org\/wp-content\/uploads\/2018\/10\/Share-Online-768x503.jpg 768w, https:\/\/multihoster.org\/wp-content\/uploads\/2018\/10\/Share-Online-1024x670.jpg 1024w\" sizes=\"(max-width: 1086px) 100vw, 1086px\" \/><\/p>\n<h2>Kosten und Zahlungsm\u00f6glichkeiten<\/h2>\n<p>Der Anbieter hat eine gro\u00dfe Vielfalt an Paketen f\u00fcr den Premium-Zugriff im Angebot &#8211; insgesamt k\u00f6nnen Sie eines von 9 Paketen w\u00e4hlen, welche \u00fcber einen Zeitraum von 2 Tagen bis hin zu 1080 Tagen reichen. F\u00fcr die Zahlung stehen Ihnen diverse Verfahren zur Auswahl, darunter befinden sich die beliebten Verfahren Paypal sowie Paysafecard. Auch die bequeme Bezahlung via Lastschrift ist m\u00f6glich. Wer m\u00f6chte, kann zudem die gew\u00f6hnliche \u00dcberweisung, Direkt \u00dcberweisung, Webmoney, SMS oder Phone ausw\u00e4hlen. M\u00f6glich ist zudem die Bezahlung mit einer Kryptow\u00e4hrung via BitPay. Optional, falls vorhanden, kann ein Gutscheincode eingegeben werden. Sollten Sie eine andere Zahlungsweise bevorzugen, finden Sie unter der Gutschein Eingabe einen Men\u00fcpunkt, welcher Ihnen die sechs Reseller von Share-Online vorstellt.<\/p>\n<p><strong>\n<table id=\"tablepress-151\" class=\"tablepress tablepress-id-151\">\n<tbody class=\"row-hover\">\n<tr class=\"row-1 odd\">\n\t<td class=\"column-1\">Laufzeit<\/td><td class=\"column-2\">Preis<\/td><td class=\"column-3\">Preis pro Tag<\/td><td class=\"column-4\">Bonus<br \/>\n(100 Punkte = 1 \u20ac)<br \/>\n<\/td>\n<\/tr>\n<tr class=\"row-2 even\">\n\t<td class=\"column-1\">2 Tage<\/td><td class=\"column-2\">4,99 \u20ac<\/td><td class=\"column-3\">2,50 \u20ac<\/td><td class=\"column-4\">200 Punkte<\/td>\n<\/tr>\n<tr class=\"row-3 odd\">\n\t<td class=\"column-1\">30 Tage<\/td><td class=\"column-2\">9,49 \u20ac<\/td><td class=\"column-3\">0,32 \u20ac<\/td><td class=\"column-4\">1000 Punkte<\/td>\n<\/tr>\n<tr class=\"row-4 even\">\n\t<td class=\"column-1\">36 Tage<\/td><td class=\"column-2\">10,00 \u20ac<\/td><td class=\"column-3\">0,28 \u20ac<\/td><td class=\"column-4\">2000 Punkte<\/td>\n<\/tr>\n<tr class=\"row-5 odd\">\n\t<td class=\"column-1\">90 Tage<\/td><td class=\"column-2\">21,99 \u20ac<\/td><td class=\"column-3\">0,24 \u20ac<\/td><td class=\"column-4\">2000 Punkte<\/td>\n<\/tr>\n<tr class=\"row-6 even\">\n\t<td class=\"column-1\">105 Tage<\/td><td class=\"column-2\">25,00 \u20ac<\/td><td class=\"column-3\">0,24 \u20ac<\/td><td class=\"column-4\">3500 Punkte<\/td>\n<\/tr>\n<tr class=\"row-7 odd\">\n\t<td class=\"column-1\">180 Tage<\/td><td class=\"column-2\">37,99 \u20ac<\/td><td class=\"column-3\">0,21 \u20ac<\/td><td class=\"column-4\">3800 Punkte<\/td>\n<\/tr>\n<tr class=\"row-8 even\">\n\t<td class=\"column-1\">270 Tage<\/td><td class=\"column-2\">50,00 \u20ac<\/td><td class=\"column-3\">0,19 \u20ac<\/td><td class=\"column-4\">4000 Punkte<\/td>\n<\/tr>\n<tr class=\"row-9 odd\">\n\t<td class=\"column-1\">420 Tage<\/td><td class=\"column-2\">59,99 \u20ac<\/td><td class=\"column-3\">0,14 \u20ac<\/td><td class=\"column-4\">4000 Punkte<\/td>\n<\/tr>\n<tr class=\"row-10 even\">\n\t<td class=\"column-1\">1080 Tage<\/td><td class=\"column-2\">99,99 \u20ac<\/td><td class=\"column-3\">0,09 \u20ac<\/td><td class=\"column-4\">8000 Punkte<\/td>\n<\/tr>\n<\/tbody>\n<\/table>\n<!-- #tablepress-151 from cache --><\/strong><\/p>\n<p>Sie k\u00f6nnen Sich nicht nur f\u00fcr den Kauf eines Premium-Zugriffs entscheiden, welcher einen Zugang f\u00fcr mehrere Tage erm\u00f6glicht, sondern auch f\u00fcr die Verwendung des Prepaid-Guthabens. Dabei k\u00f6nnen Sie Ihr Guthaben nach Wunsch aufladen und bei Bedarf einen Tarif f\u00fcr eine Stunde, f\u00fcr drei Stunden, f\u00fcr 9 Stunden oder f\u00fcr 15 Stunden buchen.<\/p>\n<h2>Privatsph\u00e4re und Datenschutz<\/h2>\n<p>Der Filehoster Share-Online gibt an, sich darum zu bem\u00fchen, die gespeicherten Informationen sicher zu behandeln. Diese werden weder verkauft, noch ausgetauscht. Die Email-Adresse wird ausschlie\u00dflich f\u00fcr Benachrichtigungszwecke verwendet und anschlie\u00dfend gel\u00f6scht. Ihre IP-Adresse wird f\u00fcr die Statistik hinsichtlich der Kapazit\u00e4tsauslastung gespeichert und ebenfalls sp\u00e4testens eine Stunde nach einem abgeschlossenen Download gel\u00f6scht.<\/p>\n<p><img loading=\"lazy\" class=\"size-full wp-image-1853 aligncenter\" src=\"https:\/\/multihoster.org\/wp-content\/uploads\/2018\/10\/features.jpg\" alt=\"features\" width=\"1010\" height=\"702\" srcset=\"https:\/\/multihoster.org\/wp-content\/uploads\/2018\/10\/features.jpg 1010w, https:\/\/multihoster.org\/wp-content\/uploads\/2018\/10\/features-300x209.jpg 300w, https:\/\/multihoster.org\/wp-content\/uploads\/2018\/10\/features-768x534.jpg 768w, https:\/\/multihoster.org\/wp-content\/uploads\/2018\/10\/features-392x272.jpg 392w, https:\/\/multihoster.org\/wp-content\/uploads\/2018\/10\/features-130x90.jpg 130w\" sizes=\"(max-width: 1010px) 100vw, 1010px\" \/><\/p>\n<p>&nbsp;<\/p>\n<h2>Kundendienst<\/h2>\n<p>Zum Kundendienst gelangen Sie durch den Men\u00fcpunkt \u201cSupport\u201d, welcher sich ganz oben auf der Startseite befindet. Von hier gelangen Sie zum HELPDESK, wo Sie Ihre Frage stellen k\u00f6nnen und mit einem Klick auf Suchhilfe nach Antworten suchen k\u00f6nnen. Dar\u00fcber hinaus finden Sie eine umfangreiche Wissensdatenbank. Sollten Sie auf diese Art und Weise zu keiner L\u00f6sung gelangen, k\u00f6nnen Sie ein individuelles Ticket an den Support er\u00f6ffnen und den Status des Tickets auf Wunsch \u00fcberpr\u00fcfen.<\/p>\n<h2>Benutzerfreundlichkeit<\/h2>\n<p>Die Website Share-Online.biz ist \u00fcbersichtlich strukturiert und benutzerfreundlich gestaltet. Auf der Startseite k\u00f6nnen Sie direkt ohne Registrierung den Upload von Dateien mit einer Gr\u00f6\u00dfe von bis zu 1024 MB vornehmen. M\u00f6chten Sie einen gr\u00f6\u00dferen Funktionsumfang genie\u00dfen, k\u00f6nnen Sie einen kostenlosen Account erstellen oder direkt einen Premium Account erwerben. Die Option f\u00fcr die Registrierung finden Sie oben im Men\u00fc, hinzu kommen die Reiter \u201cNEWS\u201d, \u201cPAKETVERGLEICH\u201d, \u201cFAQ\u201d sowie \u201cTOOLS\u201d und \u201cSUPPORT\u201d.<\/p>\n<p>F\u00fcr die Registrierung wird lediglich eine Email-Adresse ben\u00f6tigt, die Login Daten erhalten Sie sofort nach der Registrierung auf der Website. Ein Blick in das Email Postfach ist also nicht zwingend notwendig.<\/p>\n<p>Nach der Registrierung steht Ihnen zudem die Option \u201cMEIN PROFIL\u201d zur Auswahl. Hier k\u00f6nnen Sie genauere Informationen und Details zu Ihrem Account einsehen, diesen konfigurieren und im Rahmen des Partnerprogramms aktiv werden. Hinzu kommen die Optionen f\u00fcr den FTP-Upload, f\u00fcr den Remote-Upload sowie f\u00fcr die Uploadverwaltung. Sie k\u00f6nnen hier zudem den Zugang verl\u00e4ngern, einen Prepaid Zugang erwerben und Ihre Punkte verwalten. Sie erhalten Sie unter dem Reiter \u201cPay-Per-Lifetime\u201d weitere Informationen zum Pay-Per-Lifetime Modell und k\u00f6nnen mit der Option \u201cZahlungsr\u00fcckblick\u201d Ihre bisherigen Zahlungen \u00fcberblicken.<\/p>\n<h2>Die Vorteile eines Premium Accounts bei Share-Online<\/h2>\n<p>Mit einem Share-Online Premium k\u00f6nnen Sie den vollen Funktionsumfang ohne Limitierungen nutzen. Das bedeutet, Sie verf\u00fcgen \u00fcber die maximale Geschwindigkeit, zudem sind Downloads nach einer Pause wiederaufnehmbar. Es gibt keine Wartezeiten, keine Werbung, Layer oder Popups. Dar\u00fcber hinaus k\u00f6nnen Sie gleichzeitig mehrere Downloads aktiv haben und haben immer Vorrang vor G\u00e4sten oder Sammlern. Das Stundenlimit und die Inaktivit\u00e4tsl\u00f6schung entfallen g\u00e4nzlich.<\/p>\n<p><strong><img loading=\"lazy\" class=\"size-full wp-image-1862 aligncenter\" src=\"https:\/\/multihoster.org\/wp-content\/uploads\/2018\/10\/pricing-1.jpg\" alt=\"pricing\" width=\"1031\" height=\"731\" srcset=\"https:\/\/multihoster.org\/wp-content\/uploads\/2018\/10\/pricing-1.jpg 1031w, https:\/\/multihoster.org\/wp-content\/uploads\/2018\/10\/pricing-1-300x213.jpg 300w, https:\/\/multihoster.org\/wp-content\/uploads\/2018\/10\/pricing-1-768x545.jpg 768w, https:\/\/multihoster.org\/wp-content\/uploads\/2018\/10\/pricing-1-1024x726.jpg 1024w\" sizes=\"(max-width: 1031px) 100vw, 1031px\" \/><\/strong><\/p>\n<h2 style=\"margin: 18.0pt 0cm 6.0pt 0cm;\">Unser Fazit zum Anbieter Share-Online<\/h2>\n<p>Abschlie\u00dfend k\u00f6nnen wir sagen, dass der Anbieter Share-Online \u00fcber ein umfangreiches Angebot verf\u00fcgt. Er kann mit einer benutzerfreundlichen und einfach verst\u00e4ndlichen Bedienoberfl\u00e4che \u00fcberzeugen, sodass sowohl erfahrene Benutzer, als auch Anf\u00e4nger das Angebot ohne Probleme nutzen k\u00f6nnen. Die Registrierung ist schnell erledigt und f\u00fcr die Erweiterung zum Premium Account stehen Ihnen diverse Pakete sowie Zahlweisen zur Auswahl.<\/p>\n","protected":false},"excerpt":{"rendered":"<p>Share-Online bietet sowohl eine Download- als auch Upload Funktion. Im Rahmen des Angebots stehen der kostenlose Sammler Account sowie der<\/p>\n","protected":false},"author":2,"featured_media":0,"parent":0,"menu_order":0,"comment_status":"closed","ping_status":"closed","template":"","meta":[],"yoast_head":"<!-- This site is optimized with the Yoast SEO plugin v18.3 - https:\/\/yoast.com\/wordpress\/plugins\/seo\/ -->\n<title>lll\u25b7 Share-Online.biz Premium seri\u00f6s oder nicht? Test auf Multihoster.org<\/title>\n<meta name=\"description\" content=\"Der Filehoster Share-Online bietet Ihnen ein interessantes und umfangreiches Angebot f\u00fcr den Down- sowie Upload, welches mit dem Premium Account ohne Limitierungen genutzt werden kann.\" \/>\n<meta name=\"robots\" content=\"index, follow, max-snippet:-1, max-image-preview:large, max-video-preview:-1\" \/>\n<link rel=\"canonical\" href=\"https:\/\/multihoster.org\/de\/share-online\/\" \/>\n<meta property=\"og:locale\" content=\"de_DE\" \/>\n<meta property=\"og:type\" content=\"article\" \/>\n<meta property=\"og:title\" content=\"lll\u25b7 Share-Online.biz Premium seri\u00f6s oder nicht? Test auf Multihoster.org\" \/>\n<meta property=\"og:description\" content=\"Der Filehoster Share-Online bietet Ihnen ein interessantes und umfangreiches Angebot f\u00fcr den Down- sowie Upload, welches mit dem Premium Account ohne Limitierungen genutzt werden kann.\" \/>\n<meta property=\"og:url\" content=\"https:\/\/multihoster.org\/de\/share-online\/\" \/>\n<meta property=\"og:site_name\" content=\"Multihoster.org\" \/>\n<meta property=\"og:image\" content=\"https:\/\/multihoster.org\/wp-content\/uploads\/2018\/10\/logo-4.png\" \/>\n<meta name=\"twitter:card\" content=\"summary\" \/>\n<meta name=\"twitter:label1\" content=\"Gesch\u00e4tzte Lesezeit\" \/>\n\t<meta name=\"twitter:data1\" content=\"5\u00a0Minuten\" \/>\n<script type=\"application\/ld+json\" class=\"yoast-schema-graph\">{\"@context\":\"https:\/\/schema.org\",\"@graph\":[{\"@type\":\"WebSite\",\"@id\":\"https:\/\/multihoster.org\/#website\",\"url\":\"https:\/\/multihoster.org\/\",\"name\":\"Multihoster.org\",\"description\":\"Reviews of the major Filehosting services\",\"potentialAction\":[{\"@type\":\"SearchAction\",\"target\":{\"@type\":\"EntryPoint\",\"urlTemplate\":\"https:\/\/multihoster.org\/?s={search_term_string}\"},\"query-input\":\"required name=search_term_string\"}],\"inLanguage\":\"de\"},{\"@type\":\"ImageObject\",\"@id\":\"https:\/\/multihoster.org\/de\/share-online\/#primaryimage\",\"inLanguage\":\"de\",\"url\":\"https:\/\/multihoster.org\/wp-content\/uploads\/2018\/10\/logo-4.png\",\"contentUrl\":\"https:\/\/multihoster.org\/wp-content\/uploads\/2018\/10\/logo-4.png\",\"width\":290,\"height\":75},{\"@type\":\"WebPage\",\"@id\":\"https:\/\/multihoster.org\/de\/share-online\/#webpage\",\"url\":\"https:\/\/multihoster.org\/de\/share-online\/\",\"name\":\"lll\u25b7 Share-Online.biz Premium seri\u00f6s oder nicht? Test auf Multihoster.org\",\"isPartOf\":{\"@id\":\"https:\/\/multihoster.org\/#website\"},\"primaryImageOfPage\":{\"@id\":\"https:\/\/multihoster.org\/de\/share-online\/#primaryimage\"},\"datePublished\":\"2018-10-05T15:00:34+00:00\",\"dateModified\":\"2018-10-05T15:00:34+00:00\",\"description\":\"Der Filehoster Share-Online bietet Ihnen ein interessantes und umfangreiches Angebot f\u00fcr den Down- sowie Upload, welches mit dem Premium Account ohne Limitierungen genutzt werden kann.\",\"breadcrumb\":{\"@id\":\"https:\/\/multihoster.org\/de\/share-online\/#breadcrumb\"},\"inLanguage\":\"de\",\"potentialAction\":[{\"@type\":\"ReadAction\",\"target\":[\"https:\/\/multihoster.org\/de\/share-online\/\"]}]},{\"@type\":\"BreadcrumbList\",\"@id\":\"https:\/\/multihoster.org\/de\/share-online\/#breadcrumb\",\"itemListElement\":[{\"@type\":\"ListItem\",\"position\":1,\"name\":\"Startseite\",\"item\":\"https:\/\/multihoster.org\/de\/\"},{\"@type\":\"ListItem\",\"position\":2,\"name\":\"Share-Online Premium Account \u2013 Der Filehoster im \u00dcberblick\"}]}]}<\/script>\n<!-- \/ Yoast SEO plugin. -->","yoast_head_json":{"title":"lll\u25b7 Share-Online.biz Premium seri\u00f6s oder nicht? Test auf Multihoster.org","description":"Der Filehoster Share-Online bietet Ihnen ein interessantes und umfangreiches Angebot f\u00fcr den Down- sowie Upload, welches mit dem Premium Account ohne Limitierungen genutzt werden kann.","robots":{"index":"index","follow":"follow","max-snippet":"max-snippet:-1","max-image-preview":"max-image-preview:large","max-video-preview":"max-video-preview:-1"},"canonical":"https:\/\/multihoster.org\/de\/share-online\/","og_locale":"de_DE","og_type":"article","og_title":"lll\u25b7 Share-Online.biz Premium seri\u00f6s oder nicht? Test auf Multihoster.org","og_description":"Der Filehoster Share-Online bietet Ihnen ein interessantes und umfangreiches Angebot f\u00fcr den Down- sowie Upload, welches mit dem Premium Account ohne Limitierungen genutzt werden kann.","og_url":"https:\/\/multihoster.org\/de\/share-online\/","og_site_name":"Multihoster.org","og_image":[{"url":"https:\/\/multihoster.org\/wp-content\/uploads\/2018\/10\/logo-4.png"}],"twitter_card":"summary","twitter_misc":{"Gesch\u00e4tzte Lesezeit":"5\u00a0Minuten"},"schema":{"@context":"https:\/\/schema.org","@graph":[{"@type":"WebSite","@id":"https:\/\/multihoster.org\/#website","url":"https:\/\/multihoster.org\/","name":"Multihoster.org","description":"Reviews of the major Filehosting services","potentialAction":[{"@type":"SearchAction","target":{"@type":"EntryPoint","urlTemplate":"https:\/\/multihoster.org\/?s={search_term_string}"},"query-input":"required name=search_term_string"}],"inLanguage":"de"},{"@type":"ImageObject","@id":"https:\/\/multihoster.org\/de\/share-online\/#primaryimage","inLanguage":"de","url":"https:\/\/multihoster.org\/wp-content\/uploads\/2018\/10\/logo-4.png","contentUrl":"https:\/\/multihoster.org\/wp-content\/uploads\/2018\/10\/logo-4.png","width":290,"height":75},{"@type":"WebPage","@id":"https:\/\/multihoster.org\/de\/share-online\/#webpage","url":"https:\/\/multihoster.org\/de\/share-online\/","name":"lll\u25b7 Share-Online.biz Premium seri\u00f6s oder nicht? Test auf Multihoster.org","isPartOf":{"@id":"https:\/\/multihoster.org\/#website"},"primaryImageOfPage":{"@id":"https:\/\/multihoster.org\/de\/share-online\/#primaryimage"},"datePublished":"2018-10-05T15:00:34+00:00","dateModified":"2018-10-05T15:00:34+00:00","description":"Der Filehoster Share-Online bietet Ihnen ein interessantes und umfangreiches Angebot f\u00fcr den Down- sowie Upload, welches mit dem Premium Account ohne Limitierungen genutzt werden kann.","breadcrumb":{"@id":"https:\/\/multihoster.org\/de\/share-online\/#breadcrumb"},"inLanguage":"de","potentialAction":[{"@type":"ReadAction","target":["https:\/\/multihoster.org\/de\/share-online\/"]}]},{"@type":"BreadcrumbList","@id":"https:\/\/multihoster.org\/de\/share-online\/#breadcrumb","itemListElement":[{"@type":"ListItem","position":1,"name":"Startseite","item":"https:\/\/multihoster.org\/de\/"},{"@type":"ListItem","position":2,"name":"Share-Online Premium Account \u2013 Der Filehoster im \u00dcberblick"}]}]}},"_links":{"self":[{"href":"https:\/\/multihoster.org\/de\/wp-json\/wp\/v2\/pages\/1841"}],"collection":[{"href":"https:\/\/multihoster.org\/de\/wp-json\/wp\/v2\/pages"}],"about":[{"href":"https:\/\/multihoster.org\/de\/wp-json\/wp\/v2\/types\/page"}],"author":[{"embeddable":true,"href":"https:\/\/multihoster.org\/de\/wp-json\/wp\/v2\/users\/2"}],"replies":[{"embeddable":true,"href":"https:\/\/multihoster.org\/de\/wp-json\/wp\/v2\/comments?post=1841"}],"version-history":[{"count":3,"href":"https:\/\/multihoster.org\/de\/wp-json\/wp\/v2\/pages\/1841\/revisions"}],"predecessor-version":[{"id":1882,"href":"https:\/\/multihoster.org\/de\/wp-json\/wp\/v2\/pages\/1841\/revisions\/1882"}],"wp:attachment":[{"href":"https:\/\/multihoster.org\/de\/wp-json\/wp\/v2\/media?parent=1841"}],"curies":[{"name":"wp","href":"https:\/\/api.w.org\/{rel}","templated":true}]}}