{"id":2395,"date":"2020-03-20T11:48:37","date_gmt":"2020-03-20T11:48:37","guid":{"rendered":"https:\/\/multihoster.org\/?page_id=2395"},"modified":"2020-05-29T10:29:47","modified_gmt":"2020-05-29T10:29:47","slug":"mega","status":"publish","type":"page","link":"https:\/\/multihoster.org\/de\/mega\/","title":{"rendered":"Mega Premium-Konto: Der Filehoster auf einen Blick"},"content":{"rendered":"\n<p>Mega ist Ihre sichere und bequeme <a rel=\"noreferrer noopener\" aria-label=\"Cloud-Speicher (\u00f6ffnet in neuem Tab)\" href=\"https:\/\/cloud.google.com\/storage\" target=\"_blank\">Cloud-Speicher<\/a> kostenlos. Dieser Cloud-Speicher wird st\u00e4ndig aktualisiert und umgestaltet, um den internationalen Standards f\u00fcr Online-Webspeicher gerecht zu werden. Lesen Sie mehr, um seine Funktionen und die entsprechende Sicherheit f\u00fcr Ihre wichtigen Fotos, Videos und anderen Dateien kennen zu lernen und zu genie\u00dfen.<\/p>\n\n\n<a class=\"maxbutton-2 maxbutton maxbutton-cta\" target=\"_blank\" rel=\"nofollow noopener\" href=\"\/go\/\"><span class='mb-text'>&gt;&gt; Gehen Sie zur urspr\u00fcnglichen Linkifier Website<\/span><\/a>\n\n\n<p><\/p>\n\n\n\n<h2>Die bescheidenen &#8222;Mega&#8220;-Urspr\u00fcnge<\/h2>\n\n\n\n<p>Mega wurde am 19. Januar 2013 nach einer Reihe kontinuierlicher Tests durch den neuseel\u00e4ndischen Staatsb\u00fcrger Kim Dotcom fertiggestellt und online eingesetzt.<\/p>\n\n\n\n<p>In der ersten Stunde der Bereitstellung registrierten sich sofort hunderttausend Nutzer (100.000,00) auf der Website, in Erwartung ihrer Funktionen und Dienste. Die Registrierung nahm exponentiell zu, da die Benutzer auf eine Million (1.000.000,00) anstiegen, die durchschnittlich sechzig (60) verschiedene Arten von Dateien pro Minute hochladen. Dieser Anstieg setzte sich fort, und in drei (3) Tagen erreichten die hochgeladenen Dateien bis zu f\u00fcnfhundert (500) in einer Sekunde.<\/p>\n\n\n\n<figure class=\"wp-block-image\"><img src=\"https:\/\/lh5.googleusercontent.com\/ziFsG1DkHhIGJyIU2hWhpt6qMoGKojcN-gTFptnOvGyD6gg2nqjB2Pv2xjpsSN9Wd_8XNgyv8zEvv_3om4-z7X1l5bYHfG9DBymKYAxnVaU5JQWfhQozCW24eOoS1CLrvNHJ3UU\" alt=\"Monitor, tablet and mobile phone.\"\/><\/figure>\n\n\n\n<p>Die Mega-File-Hosting-Service-Plattform (FHS) wurde sehr gut angenommen, da sich Benutzer auf der ganzen Welt nach ihrer Ver\u00f6ffentlichung mit verschiedenen Ger\u00e4ten registrierten.<\/p>\n\n\n\n<p>Die Leitung des Mega File Hosting Service (FHS) sah die Notwendigkeit, eine Anwendung f\u00fcr Mobiltelefone zu entwickeln, und am 4. Juli 2013 wurde die Mega Android Anwendung im Google Playstore ver\u00f6ffentlicht.  Es gab auch ein wachsendes Bed\u00fcrfnis der iPhone-Nutzer, weshalb sie am 26. November 2013 eine Mega-iOS-Anwendung im Apple App Store ver\u00f6ffentlichten. Das Management konnte auch die MEGAsync-Anwendung f\u00fcr Windows am 20. Januar 2014 freigeben, die mehr Komfort bei der Nutzung der File-Hosting-Dienste (FHS) auf Windows PC bietet. Eine Linux-basierte MEGAsync-Anwendung wurde ebenfalls am 6. September 2014 f\u00fcr Linux freigegeben.<\/p>\n\n\n\n<p>Ende 2013 und Anfang 2014 sah sich Mega mit zahlreichen Problemen und Kontroversen konfrontiert, u.a. wegen hundert (100) <a rel=\"noreferrer noopener\" aria-label=\"DMCA-Niederlagen (\u00f6ffnet in neuem Tab)\" href=\"https:\/\/www.dmca.com\/faq\/What-is-a-DMCA-Takedown\" target=\"_blank\">DMCA-Niederlagen<\/a> an einem Tag und Verschw\u00f6rungsgeschichten \u00fcber das Abh\u00f6ren von Regierungsdaten, die sowohl von der Unternehmensleitung von Mega als auch von der neuseel\u00e4ndischen Regierung bestritten wurden. Trotz dieser Schwierigkeiten konnten sich Kim Dotcom und seine anderen Kollegen auf die Rekrutierung von Mega an der neuseel\u00e4ndischen B\u00f6rse vorbereiten.<\/p>\n\n\n\n<p>Im Jahr 2016 floriert Mega weiterhin mit Berichten \u00fcber f\u00fcnfunddrei\u00dfig Millionen Dollar ($ 35.000.000,00) an Nutzern weltweit und l\u00e4dt bis zu zw\u00f6lf Milliarden (12.000.000.000,00) verschiedene Dateien hoch. Der Mega File Hosting Service (FHS) dient weiterhin als einer der besten, wenn nicht sogar der beste Online-Speicher\/Wolkenspeicher der Welt.<\/p>\n\n\n\n<h2>Mega Sicherheit<\/h2>\n\n\n\n<p>Schon vor der Gr\u00fcndung konzentrierten sich die Entwickler und das Management von Mega darauf, ein Maximum an Datenschutz f\u00fcr seine Nutzer zu gew\u00e4hrleisten und die bestehenden lokalen und internationalen Gesetze einzuhalten, weshalb Mega mit client-seitigem Scripting konzipiert wurde. Mit <a rel=\"noreferrer noopener\" aria-label=\"Client-seitiges Scripting (\u00f6ffnet in neuem Tab)\" href=\"https:\/\/computersciencewiki.org\/index.php\/Client-side_scripting_and_server-side_scripting\" target=\"_blank\">Client-seitiges Scripting<\/a> werden alle Informationen jedes Benutzers verschl\u00fcsselt, bevor sie mit dem AES-Algorithmus auf den Server gelangen. Jede verschl\u00fcsselte Information wird in zwei (2) Servern gespeichert, die sich an zwei (2) getrennten Orten befinden, um die Sicherheit und den Schutz aller Benutzer vor Datenphishing und Datendiebstahl zu gew\u00e4hrleisten.<\/p>\n\n\n\n<figure class=\"wp-block-image\"><img src=\"https:\/\/lh6.googleusercontent.com\/Kam2Hbb_7G5v_03-2uEFBW1Nli8ElLUeGiVkcZ7lCEoIOtq0KnRlA0s5CNLyCIB0xkXwkgYtvmGA1NTNx-y810NH7p7IgN_Jw7OjBs-ACucc6tXxhlTfZJsOO5ey5BDiXXJebJs\" alt=\"Data storage\"\/><\/figure>\n\n\n\n<p>Die verschl\u00fcsselten Daten und Informationen der Benutzer werden auf zwei (2) hochmodernen Servern an getrennten Standorten sicher aufbewahrt.<\/p>\n\n\n\n<h2>Mega Daten-Zuweisungen<\/h2>\n\n\n\n<p>Um die Zug\u00e4nglichkeit und Bequemlichkeit f\u00fcr seine Benutzer zu gew\u00e4hrleisten, bietet Mega einen zug\u00e4nglichen und gerechten Datei-Hosting-Service (FHS) in den Modalit\u00e4ten des kostenlosen Mega-Accounts und des Mega-Premium-Accounts an, wie z.B. unten:<\/p>\n\n\n\n<p>&nbsp;1. Mega Um die Zug\u00e4nglichkeit und Bequemlichkeit f\u00fcr seine Benutzer zu gew\u00e4hrleisten, bietet Mega einen zug\u00e4nglichen und gerechten Datei-Hosting-Service (FHS) in den Modalit\u00e4ten des kostenlosen Mega-Accounts und des Mega-Premium-Accounts an, wie z.B. unten:<\/p>\n\n\n\n<p>2.&nbsp; Mega Premium Account Pro Lite &#8211; Ein Premium-Konto, f\u00fcr das eine monatliche Zahlung in H\u00f6he von elf Punkten achtunddrei\u00dfig Dollar ($ 11,38) mit vierhundert (400) GB Speicherplatz erforderlich ist, der eine Zuweisung von bis zu einem (1) TB pro Monat hoch- und heruntergeladen haben kann.<\/p>\n\n\n\n<p>3. Mega Premium Account Pro II &#8211; Ein Premium-Konto, das eine monatliche Zahlung in H\u00f6he von zweiundzwanzig Punkt achtundsiebzig Dollar ($ 22,78) mit zweitausend (2000) GB Speicherplatz erfordert, der Upload- oder Downloadgeschwindigkeiten von bis zu zwei (2) TB pro Monat aufweisen kann.<\/p>\n\n\n\n<p>4. Mega Premium Account Pro III &#8211; Ein Premium-Konto, das eine monatliche Zahlung in H\u00f6he von zweiundzwanzig Punkten neunundzwanzig Punkt achtundsiebzig Dollar ($ 29,78) mit achttausend (8000) GB Speicherplatz erfordert, der Upload- oder Downloadgeschwindigkeiten von bis zu acht (8) TB pro Monat aufweisen kann.<\/p>\n\n\n<a class=\"maxbutton-2 maxbutton maxbutton-cta\" target=\"_blank\" rel=\"nofollow noopener\" href=\"\/go\/\"><span class='mb-text'>&gt;&gt; Gehen Sie zur urspr\u00fcnglichen Linkifier Website<\/span><\/a>\n\n\n<p><\/p>\n\n\n\n<p>5. Mega Premium Account Pro IV &#8211; Ein Premium-Konto, das eine monatliche Zahlung in H\u00f6he von zweiundf\u00fcnfzig Punkt achtundsiebzig Dollar ($ 52,78) mit sechzehntausend (16000) GB Speicherplatz erfordert, der Upload- oder Downloadgeschwindigkeiten von bis zu sechzehn (16) TB pro Monat aufweisen kann.<\/p>\n\n\n\n<figure class=\"wp-block-image\"><img src=\"https:\/\/lh5.googleusercontent.com\/u3_8o-SUQK7WVh-qzE8SfPyslU1u7vYvnwoS4qZECM7b9bCFWlgXIi9MorBY1jiojon-tNXUw5llENtpBrZV1FdrMvKQed4ZVLq7kPVyPDYAaREb6DT0IADZVDjN_hwQaPepxOI\" alt=\"Hand holding a medal\"\/><\/figure>\n\n\n\n<p>Beachten Sie, dass alle Mega Premium Account Pro-Pl\u00e4ne (Lite, II, III und IV) mit einem kostenlosen Abonnement von zwei (2) Monaten bei der Anmeldung zu einem (1) Jahr Mega Premium Account Pro-Plan ausgestattet sind. Sie haben vielleicht schon davon geh\u00f6rt, dass Mega zun\u00e4chst f\u00fcnfzig (50) GB kostenlosen Online-Webspeicher zur Verf\u00fcgung stellt. Im Jahr 2017 beschloss die Gesch\u00e4ftsf\u00fchrung, die Gratisgeb\u00fchr wegen der wachsenden Wartungskosten f\u00fcr die Server auf drei\u00dfig (35) GB f\u00fcr einen Monat zu begrenzen. Dennoch versucht die Mega-Gesch\u00e4ftsf\u00fchrung, diese durch ein Belohnungssystem in der Plattform auszugleichen.<\/p>\n\n\n\n<p>Belohnungen k\u00f6nnen durch die Installation des Mega-Programms f\u00fcr Windows und der Mega-Anwendungen f\u00fcr Android und iOS erhalten werden. Die Einladung von Freunden und viele weitere Aufgaben k\u00f6nnen jedem Benutzer als Belohnung f\u00fcr diese Leistungen zus\u00e4tzliche Cloud-Speicherkapazit\u00e4t zur Verf\u00fcgung stellen.<\/p>\n\n\n\n<h2>Mega Zug\u00e4nglichkeit<\/h2>\n\n\n\n<p>Die Entwicklung der Mega File Hosting Service (FHS)-Plattform oder Cloud Storage wurde sorgf\u00e4ltig untersucht und so konzipiert, dass sie mit ihren benutzerfreundlichen Schnittstellen Mega-Programm f\u00fcr Windows und Mega-Anwendung f\u00fcr Android und iOS eine ergonomische und nahtlose Erfahrung f\u00fcr ihre Benutzer bietet. Auch die Mega-Website selbst wurde unter Ber\u00fccksichtigung der Vielfalt und der Ressourcen ihrer Benutzer aus der ganzen Welt entworfen. Auf die Mega-Website kann mit den wichtigsten Mainstream-Internetbrowsern wie Google Chrome, Mozilla Firefox, Internet Explorer, Safari und Opera f\u00fcr verschiedene Betriebssysteme wie Windows, iOS, Linux, Ubuntu und Android f\u00fcr mobile Ger\u00e4te leicht zugegriffen werden.<\/p>\n\n\n\n<p>Mega bietet Anreizspeicher f\u00fcr die Erledigung von Aufgaben und f\u00fcr bestimmte Leistungen<\/p>\n\n\n\n<h2>Mega Innovation<\/h2>\n\n\n\n<p>Um jeden seiner Kunden und Klienten noch zufriedener zu machen, entwickelt Mega seine Software kontinuierlich weiter, indem es zus\u00e4tzliche Funktionen f\u00fcr seine Produkte neu entwickelt und zur Verf\u00fcgung stellt, wie zum Beispiel die folgenden:<\/p>\n\n\n\n<p>1. MEGAchat \u2013 Wie Ihre \u00fcblichen Web-Messaging-Dienste ist MEGAchat eine browserbasierte Plattform f\u00fcr die Kommunikation. MEGAchat bietet Chat-, Videoanruf- und Videokonferenzdienste mit zus\u00e4tzlichen Funktionen. Nicht wie Ihr \u00fcblicher Web-Messenger ist MEGAchat mit der h\u00f6chsten Datenverschl\u00fcsselung als Gegenst\u00fcck zu seinem Cloud Storage integriert, um seine Nutzer vor Kommunikationshackern und Abh\u00f6rger\u00e4ten zu sch\u00fctzen.<\/p>\n\n\n\n<p>2. MEGA <a rel=\"noreferrer noopener\" aria-label=\"Erweiterungen (\u00f6ffnet in neuem Tab)\" href=\"https:\/\/www.forbes.com\/sites\/adrianbridgwater\/2019\/04\/16\/how-browser-extensions-work\/\" target=\"_blank\">Erweiterungen<\/a> \u2013 Mega war in der Lage, Erweiterungen f\u00fcr Ihre wichtigsten Mainstream-Internetbrowser wie Google Chrome, Mozilla Firefox, Internet Explorer, Safari und Opera f\u00fcr verschiedene Betriebssysteme wie Windows, iOS,  <a rel=\"noreferrer noopener\" aria-label=\" (\u00f6ffnet in neuem Tab)\" href=\"https:\/\/opensource.com\/resources\/linux\" target=\"_blank\">Linux<\/a> und <a rel=\"noreferrer noopener\" aria-label=\" (\u00f6ffnet in neuem Tab)\" href=\"https:\/\/ubuntu.com\/\" target=\"_blank\">Ubuntu<\/a> zu entwickeln. Diese Erweiterungen boten, wie berichtet, mehr Komfort, da die Installation von Browser-Erweiterungen das Hoch- und Herunterladen schneller machte und einen Schutz auf der Client-Seite bot.<\/p>\n\n\n\n<h2>Mega Schlussfolgerung<\/h2>\n\n\n\n<p>Sind Sie also bereit, die Zug\u00e4nglichkeit und Sicherheit Ihrer Daten und Informationen auf die n\u00e4chste Stufe zu heben? Melden Sie sich kostenlos an und erleben Sie die Mega-Vorteile der Nutzung der Mega File Hosting Service (FHS)-Plattform. Dabei handelt es sich um einen Cloud-Speicher, auf den von der Basis aus zugegriffen werden kann, der aber einen Mega-Cloud-Speicher bietet.<\/p>\n\n\n\n<h2>Frequently Asked Questions (FAQ)<\/h2>\n\n\n\n<h3><strong>1. Kann ich bei Problemen und Schwierigkeiten bei der Nutzung des Mega File Hosting Service (FHS) mit Mega kommunizieren?<\/strong><\/h3>\n\n\n\n<p>Ja, Mega hat ein Mega-Kundenbetreuungsteam, das Ihnen zuh\u00f6rt und Ihre Probleme und Schwierigkeiten bei der Nutzung des Mega-Datei-Hosting-Service (FHS) l\u00f6st. Das Kundensupport-Team steht online zu jeder Tageszeit, rund um die Uhr (24\/7) oder an sieben (7) Tagen in der Woche f\u00fcr alle L\u00e4nder der Welt zur Verf\u00fcgung. Denn Mega bietet seinen Benutzern und Kunden die gr\u00f6\u00dftm\u00f6gliche Sorgfalt und Unterst\u00fctzung. Auch die Benutzer von Mega Premium Account Pro (Lite, II, III und IV) haben f\u00fcr die Kundenbetreuung Vorrang, dennoch k\u00fcmmert sich das Mega-Management so schnell wie m\u00f6glich um alle Belange.<\/p>\n\n\n\n<h3><strong>&nbsp;2. Sind meine Dateien auf dem Mega-Cloud-Speicher sicher?<\/strong><\/h3>\n\n\n\n<p>Die Mega-Entwickler konzentrierten sich darauf, ein Maximum an Datenschutz f\u00fcr ihre Nutzer zu gew\u00e4hrleisten. Die Plattform wurde sorgf\u00e4ltig so konzipiert, dass sie durch ihre client-seitige Skriptsprache den bestehenden lokalen und internationalen Gesetzen entspricht. Beim client-seitigen Scripting werden alle Informationen jedes Benutzers verschl\u00fcsselt, bevor sie mit dem AES-Algorithmus auf den Server gelangen. Jede verschl\u00fcsselte Information wird in zwei (2) Servern gespeichert, die sich an zwei (2) getrennten Orten befinden, um die Sicherheit und den Schutz aller Benutzer vor Datenphishing und Datendiebstahl zu gew\u00e4hrleisten.<\/p>\n\n\n\n<h3><strong>&nbsp;3. Kann ich den Mega File Hosting Service (FHS) nutzen, ohne zu bezahlen?<\/strong><\/h3>\n\n\n\n<p>Die Mega hat ein kostenloses Kontosystem mit einer Zuteilung von f\u00fcnfzehn (15) GB verf\u00fcgbarem Cloud-Speicher, f\u00fcnfunddrei\u00dfig (35) GB Cloud-Speicher f\u00fcr einen (1) Monat zur Probe und eine zus\u00e4tzliche Zuteilung von maximal f\u00fcnfunddrei\u00dfig (35) GB je nach den erzielten Ergebnissen. Andernfalls k\u00f6nnen sich Benutzer f\u00fcr ein Upgrade auf ein Mega Premium Account Pro (Lite, I, II, III, IV) entscheiden, um auf mehr Cloud-Speicher zuzugreifen.<\/p>\n\n\n\n<h3><strong>&nbsp;4. Kann ich mit meinem integrierten Webbrowser auf den Mega File Hosting Service (FHS) zugreifen?<\/strong><\/h3>\n\n\n\n<p>Ja, die Mega-Website kann mit den g\u00e4ngigen und integrierten Internet-Browsern wie Google Chrome, Mozilla Firefox, Internet Explorer, Safari und Opera f\u00fcr verschiedene Betriebssysteme, darunter Windows, iOS, Linux, Ubuntu und Android f\u00fcr Mobiltelefone, problemlos aufgerufen werden. Dar\u00fcber hinaus verf\u00fcgt Mega \u00fcber eine Erweiterung f\u00fcr jeden der oben genannten Browser, die seinen Nutzern Komfort und Bequemlichkeit bietet, indem sie Uploads und Downloads beschleunigt und einen clientseitigen Schutz f\u00fcr seine Nutzer bietet.<\/p>\n\n\n<a class=\"maxbutton-2 maxbutton maxbutton-cta\" target=\"_blank\" rel=\"nofollow noopener\" href=\"\/go\/\"><span class='mb-text'>&gt;&gt; Gehen Sie zur urspr\u00fcnglichen Linkifier Website<\/span><\/a>\n\n\n<p><\/p>\n","protected":false},"excerpt":{"rendered":"<p>Mega ist Ihre sichere und bequeme Cloud-Speicher kostenlos. Dieser Cloud-Speicher wird st\u00e4ndig aktualisiert und umgestaltet, um den internationalen Standards f\u00fcr<\/p>\n","protected":false},"author":2,"featured_media":0,"parent":0,"menu_order":0,"comment_status":"closed","ping_status":"closed","template":"","meta":[],"yoast_head":"<!-- This site is optimized with the Yoast SEO plugin v18.3 - https:\/\/yoast.com\/wordpress\/plugins\/seo\/ -->\n<title>Mega Premium Account \u2013 Der Filehoster auf einen Blick<\/title>\n<meta name=\"description\" content=\"Ist Mega ein seri\u00f6ser Anbieter oder nicht, finden Sie die Antwort im aktuellen Test auf Multihoster.org \u279c. Klicken Sie jetzt \u271a und lesen Sie unsere Erfahrungen!\" \/>\n<meta name=\"robots\" content=\"index, follow, max-snippet:-1, max-image-preview:large, max-video-preview:-1\" \/>\n<link rel=\"canonical\" href=\"https:\/\/multihoster.org\/de\/mega\/\" \/>\n<meta property=\"og:locale\" content=\"de_DE\" \/>\n<meta property=\"og:type\" content=\"article\" \/>\n<meta property=\"og:title\" content=\"Mega Premium Account \u2013 Der Filehoster auf einen Blick\" \/>\n<meta property=\"og:description\" content=\"Ist Mega ein seri\u00f6ser Anbieter oder nicht, finden Sie die Antwort im aktuellen Test auf Multihoster.org \u279c. Klicken Sie jetzt \u271a und lesen Sie unsere Erfahrungen!\" \/>\n<meta property=\"og:url\" content=\"https:\/\/multihoster.org\/de\/mega\/\" \/>\n<meta property=\"og:site_name\" content=\"Multihoster.org\" \/>\n<meta property=\"article:modified_time\" content=\"2020-05-29T10:29:47+00:00\" \/>\n<meta property=\"og:image\" content=\"https:\/\/lh5.googleusercontent.com\/ziFsG1DkHhIGJyIU2hWhpt6qMoGKojcN-gTFptnOvGyD6gg2nqjB2Pv2xjpsSN9Wd_8XNgyv8zEvv_3om4-z7X1l5bYHfG9DBymKYAxnVaU5JQWfhQozCW24eOoS1CLrvNHJ3UU\" \/>\n<meta name=\"twitter:card\" content=\"summary\" \/>\n<meta name=\"twitter:label1\" content=\"Gesch\u00e4tzte Lesezeit\" \/>\n\t<meta name=\"twitter:data1\" content=\"8\u00a0Minuten\" \/>\n<script type=\"application\/ld+json\" class=\"yoast-schema-graph\">{\"@context\":\"https:\/\/schema.org\",\"@graph\":[{\"@type\":\"WebSite\",\"@id\":\"https:\/\/multihoster.org\/#website\",\"url\":\"https:\/\/multihoster.org\/\",\"name\":\"Multihoster.org\",\"description\":\"Reviews of the major Filehosting services\",\"potentialAction\":[{\"@type\":\"SearchAction\",\"target\":{\"@type\":\"EntryPoint\",\"urlTemplate\":\"https:\/\/multihoster.org\/?s={search_term_string}\"},\"query-input\":\"required name=search_term_string\"}],\"inLanguage\":\"de\"},{\"@type\":\"ImageObject\",\"@id\":\"https:\/\/multihoster.org\/de\/mega\/#primaryimage\",\"inLanguage\":\"de\",\"url\":\"https:\/\/lh5.googleusercontent.com\/ziFsG1DkHhIGJyIU2hWhpt6qMoGKojcN-gTFptnOvGyD6gg2nqjB2Pv2xjpsSN9Wd_8XNgyv8zEvv_3om4-z7X1l5bYHfG9DBymKYAxnVaU5JQWfhQozCW24eOoS1CLrvNHJ3UU\",\"contentUrl\":\"https:\/\/lh5.googleusercontent.com\/ziFsG1DkHhIGJyIU2hWhpt6qMoGKojcN-gTFptnOvGyD6gg2nqjB2Pv2xjpsSN9Wd_8XNgyv8zEvv_3om4-z7X1l5bYHfG9DBymKYAxnVaU5JQWfhQozCW24eOoS1CLrvNHJ3UU\"},{\"@type\":\"WebPage\",\"@id\":\"https:\/\/multihoster.org\/de\/mega\/#webpage\",\"url\":\"https:\/\/multihoster.org\/de\/mega\/\",\"name\":\"Mega Premium Account \u2013 Der Filehoster auf einen Blick\",\"isPartOf\":{\"@id\":\"https:\/\/multihoster.org\/#website\"},\"primaryImageOfPage\":{\"@id\":\"https:\/\/multihoster.org\/de\/mega\/#primaryimage\"},\"datePublished\":\"2020-03-20T11:48:37+00:00\",\"dateModified\":\"2020-05-29T10:29:47+00:00\",\"description\":\"Ist Mega ein seri\u00f6ser Anbieter oder nicht, finden Sie die Antwort im aktuellen Test auf Multihoster.org \u279c. Klicken Sie jetzt \u271a und lesen Sie unsere Erfahrungen!\",\"breadcrumb\":{\"@id\":\"https:\/\/multihoster.org\/de\/mega\/#breadcrumb\"},\"inLanguage\":\"de\",\"potentialAction\":[{\"@type\":\"ReadAction\",\"target\":[\"https:\/\/multihoster.org\/de\/mega\/\"]}]},{\"@type\":\"BreadcrumbList\",\"@id\":\"https:\/\/multihoster.org\/de\/mega\/#breadcrumb\",\"itemListElement\":[{\"@type\":\"ListItem\",\"position\":1,\"name\":\"Startseite\",\"item\":\"https:\/\/multihoster.org\/de\/\"},{\"@type\":\"ListItem\",\"position\":2,\"name\":\"Mega Premium-Konto: Der Filehoster auf einen Blick\"}]}]}<\/script>\n<!-- \/ Yoast SEO plugin. -->","yoast_head_json":{"title":"Mega Premium Account \u2013 Der Filehoster auf einen Blick","description":"Ist Mega ein seri\u00f6ser Anbieter oder nicht, finden Sie die Antwort im aktuellen Test auf Multihoster.org \u279c. Klicken Sie jetzt \u271a und lesen Sie unsere Erfahrungen!","robots":{"index":"index","follow":"follow","max-snippet":"max-snippet:-1","max-image-preview":"max-image-preview:large","max-video-preview":"max-video-preview:-1"},"canonical":"https:\/\/multihoster.org\/de\/mega\/","og_locale":"de_DE","og_type":"article","og_title":"Mega Premium Account \u2013 Der Filehoster auf einen Blick","og_description":"Ist Mega ein seri\u00f6ser Anbieter oder nicht, finden Sie die Antwort im aktuellen Test auf Multihoster.org \u279c. Klicken Sie jetzt \u271a und lesen Sie unsere Erfahrungen!","og_url":"https:\/\/multihoster.org\/de\/mega\/","og_site_name":"Multihoster.org","article_modified_time":"2020-05-29T10:29:47+00:00","og_image":[{"url":"https:\/\/lh5.googleusercontent.com\/ziFsG1DkHhIGJyIU2hWhpt6qMoGKojcN-gTFptnOvGyD6gg2nqjB2Pv2xjpsSN9Wd_8XNgyv8zEvv_3om4-z7X1l5bYHfG9DBymKYAxnVaU5JQWfhQozCW24eOoS1CLrvNHJ3UU"}],"twitter_card":"summary","twitter_misc":{"Gesch\u00e4tzte Lesezeit":"8\u00a0Minuten"},"schema":{"@context":"https:\/\/schema.org","@graph":[{"@type":"WebSite","@id":"https:\/\/multihoster.org\/#website","url":"https:\/\/multihoster.org\/","name":"Multihoster.org","description":"Reviews of the major Filehosting services","potentialAction":[{"@type":"SearchAction","target":{"@type":"EntryPoint","urlTemplate":"https:\/\/multihoster.org\/?s={search_term_string}"},"query-input":"required name=search_term_string"}],"inLanguage":"de"},{"@type":"ImageObject","@id":"https:\/\/multihoster.org\/de\/mega\/#primaryimage","inLanguage":"de","url":"https:\/\/lh5.googleusercontent.com\/ziFsG1DkHhIGJyIU2hWhpt6qMoGKojcN-gTFptnOvGyD6gg2nqjB2Pv2xjpsSN9Wd_8XNgyv8zEvv_3om4-z7X1l5bYHfG9DBymKYAxnVaU5JQWfhQozCW24eOoS1CLrvNHJ3UU","contentUrl":"https:\/\/lh5.googleusercontent.com\/ziFsG1DkHhIGJyIU2hWhpt6qMoGKojcN-gTFptnOvGyD6gg2nqjB2Pv2xjpsSN9Wd_8XNgyv8zEvv_3om4-z7X1l5bYHfG9DBymKYAxnVaU5JQWfhQozCW24eOoS1CLrvNHJ3UU"},{"@type":"WebPage","@id":"https:\/\/multihoster.org\/de\/mega\/#webpage","url":"https:\/\/multihoster.org\/de\/mega\/","name":"Mega Premium Account \u2013 Der Filehoster auf einen Blick","isPartOf":{"@id":"https:\/\/multihoster.org\/#website"},"primaryImageOfPage":{"@id":"https:\/\/multihoster.org\/de\/mega\/#primaryimage"},"datePublished":"2020-03-20T11:48:37+00:00","dateModified":"2020-05-29T10:29:47+00:00","description":"Ist Mega ein seri\u00f6ser Anbieter oder nicht, finden Sie die Antwort im aktuellen Test auf Multihoster.org \u279c. Klicken Sie jetzt \u271a und lesen Sie unsere Erfahrungen!","breadcrumb":{"@id":"https:\/\/multihoster.org\/de\/mega\/#breadcrumb"},"inLanguage":"de","potentialAction":[{"@type":"ReadAction","target":["https:\/\/multihoster.org\/de\/mega\/"]}]},{"@type":"BreadcrumbList","@id":"https:\/\/multihoster.org\/de\/mega\/#breadcrumb","itemListElement":[{"@type":"ListItem","position":1,"name":"Startseite","item":"https:\/\/multihoster.org\/de\/"},{"@type":"ListItem","position":2,"name":"Mega Premium-Konto: Der Filehoster auf einen Blick"}]}]}},"_links":{"self":[{"href":"https:\/\/multihoster.org\/de\/wp-json\/wp\/v2\/pages\/2395"}],"collection":[{"href":"https:\/\/multihoster.org\/de\/wp-json\/wp\/v2\/pages"}],"about":[{"href":"https:\/\/multihoster.org\/de\/wp-json\/wp\/v2\/types\/page"}],"author":[{"embeddable":true,"href":"https:\/\/multihoster.org\/de\/wp-json\/wp\/v2\/users\/2"}],"replies":[{"embeddable":true,"href":"https:\/\/multihoster.org\/de\/wp-json\/wp\/v2\/comments?post=2395"}],"version-history":[{"count":5,"href":"https:\/\/multihoster.org\/de\/wp-json\/wp\/v2\/pages\/2395\/revisions"}],"predecessor-version":[{"id":4515,"href":"https:\/\/multihoster.org\/de\/wp-json\/wp\/v2\/pages\/2395\/revisions\/4515"}],"wp:attachment":[{"href":"https:\/\/multihoster.org\/de\/wp-json\/wp\/v2\/media?parent=2395"}],"curies":[{"name":"wp","href":"https:\/\/api.w.org\/{rel}","templated":true}]}}