{"id":2453,"date":"2020-03-20T11:55:21","date_gmt":"2020-03-20T11:55:21","guid":{"rendered":"https:\/\/multihoster.org\/?page_id=2453"},"modified":"2020-03-23T15:07:12","modified_gmt":"2020-03-23T15:07:12","slug":"openload","status":"publish","type":"page","link":"https:\/\/multihoster.org\/de\/openload\/","title":{"rendered":"Openload Premium-Konto: Der Filehoster auf einen Blick"},"content":{"rendered":"\n<figure class=\"wp-block-image\"><img src=\"https:\/\/lh5.googleusercontent.com\/zV-SviouA7daBi8XugOcCpDkWQex4kXx8M9Vf7o2khVu4x6L7g7Xzcm_Z_MCXx37l-jre3m8D_bsoBYz19rCNEpdq4_lj5tULatS1vbk1d0_-LC6OlHPlvNtysq_a8-q3U1RKqs\" alt=\"Openload Logo\"\/><\/figure>\n\n\n\n<p>Es ist traurig zu sagen, dass jetzt, wenn jemand versucht, auf die Openload.co-Website zuzugreifen oder sie zu besuchen, diese Fehlermeldung auf der Website &#8222;Die Website ist aufgrund einer Urheberrechtsverletzung nicht mehr verf\u00fcgbar. Sie werden zu alliance4creativity.com umgeleitet&#8220;. Ja, die Website Openload.co und ihre Dienste wurden seit dem 31. Oktober 2019 geschlossen, und sie wird nach f\u00fcnf (5) Sekunden Z\u00e4hlung automatisch auf die Website der Alliance for Creativity and Entertainment oder ACE umgeleitet. Dies liegt an der gro\u00dfen Anzahl von Inhalten, die unter der Dom\u00e4ne von Openload zu finden sind und raubkopiert werden. Streammango ist ebenfalls geschlossen.<\/p>\n\n\n\n<p>Es f\u00e4llt auf, dass die meisten Menschen auf der Welt jetzt immer nach kostenlosen Downloads von Dateien wie Videos, Musik und Dokumenten suchen. Eine der empfohlenen Websites, die kostenlos sind und die M\u00f6glichkeit des Datei-Hostings bieten, ist Openload. <\/p>\n\n\n\n<p>Openload ist dasselbe wie die Speicherung, jedoch in digitaler Form. Es ist die Website, auf der ein Benutzer jede Art von Dateien hochladen kann, um sie auf der Website zu speichern, und sie herunterladen kann, um eine Datei von der Website zu erhalten. Ein Benutzer kann auch verschiedene Dateien mit anderen teilen.<\/p>\n\n\n\n<p>Es gibt eine Premium-Version, n\u00e4mlich die Openload-Pr\u00e4mie.<\/p>\n\n\n<a class=\"maxbutton-2 maxbutton maxbutton-cta\" target=\"_blank\" rel=\"nofollow noopener\" href=\"\/go\/\"><span class='mb-text'>&gt;&gt; Gehen Sie zur urspr\u00fcnglichen Linkifier Website<\/span><\/a>\n\n\n<p><\/p>\n\n\n\n<h2>Was bieten das Openload Free und das Open Premium Account?<\/h2>\n\n\n\n<figure class=\"wp-block-table\"><table class=\"\"><tbody><tr><td>Openload Version:<\/td><td>Openload Kostenlos<\/td><\/tr><tr><td>Preis:<\/td><td>Kostenlos<\/td><\/tr><tr><td>Speicherkapazit\u00e4t:<\/td><td>Beschr\u00e4nkt<\/td><\/tr><tr><td> Supported Devices: <\/td><td>Alle Ger\u00e4te mit einer Internetverbindung<\/td><\/tr><\/tbody><\/table><\/figure>\n\n\n\n<figure class=\"wp-block-table\"><table class=\"\"><tbody><tr><td>Openload Version:<\/td><td>Openload Premium<\/td><\/tr><tr><td>Preis:<\/td><td>Kostenlos<\/td><\/tr><tr><td>Speicherkapazit\u00e4t:<\/td><td>Unbegrenzt<\/td><\/tr><tr><td> Supported Devices: <\/td><td>Alle Ger\u00e4te mit einer Internetverbindung<\/td><\/tr><\/tbody><\/table><\/figure>\n\n\n\n<p>Vergleicht man die beiden Versionen von Openload, so sind beide kostenlos, aber der Openload Premium Account enth\u00e4lt mehr Funktionalit\u00e4ten und hat eine gr\u00f6\u00dfere Speicherkapazit\u00e4t als die kostenlose Version von Openload.<\/p>\n\n\n\n<h2>Openload: Hochladen von Dateien<\/h2>\n\n\n\n<h2><\/h2>\n\n\n\n<p>Sie k\u00f6nnen Dateien, Dokumente, Musik und Videos auf Openload hochladen, insbesondere wenn Sie das Openload Premium Account verwenden. Befolgen Sie einfach die unten aufgef\u00fchrten Verfahren.<\/p>\n\n\n\n<p>1. Gehen Sie auf die Openload-Website.<\/p>\n\n\n\n<p>2. Durchsuchen Sie Ihre Ordner und suchen Sie die Datei oder das Dokument oder die Musik oder das Video, das Sie hochladen m\u00f6chten. 3. Wenn Sie sie gefunden haben, w\u00e4hlen Sie diese Datei aus.<\/p>\n\n\n\n<p>4. Ziehen Sie die Datei per Drag &amp; Drop auf die Openload-Upload-Seite.<\/p>\n\n\n\n<p>5. Ihre Datei wird automatisch auf die Openload-Site hochgeladen.<\/p>\n\n\n\n<h2>Openload: Herunterladen von Dateien<\/h2>\n\n\n\n<h3><strong>Wie kann man Videos auf der OpenLoad-Datei-Hosting-Site herunterladen?<\/strong><\/h3>\n\n\n\n<p>Sie m\u00fcssen sich keine Sorgen machen, denn das Herunterladen von Dateien ist hier kostenlos. Es gibt zwei (2) M\u00f6glichkeiten, eine Datei auf Openload herunterzuladen. Um Dateien von der Openload-Datei-Hosting-Site herunterzuladen, befolgen Sie die folgenden Verfahren.<\/p>\n\n\n\n<p><\/p>\n\n\n\n<figure class=\"wp-block-table\"><table class=\"\"><tbody><tr><td>Die erste M\u00f6glichkeit, eine Datei herunterzuladen:<br><br>1. Gehen Sie auf die Openload-Website.<br>2. Suchen Sie eine Datei, die Sie herunterladen m\u00f6chten.<br>3. Klicken Sie auf diese Datei und Sie werden auf die Seite der Datei weitergeleitet.<br>4. Suchen Sie auf der Seite die Schaltfl\u00e4che &#8222;DOWNLOAD&#8220; und klicken Sie darauf. Schlie\u00dfen Sie die Anzeigen, die erscheinen werden.<br>5. Es erscheint eine weitere Schaltfl\u00e4che, die den &#8222;FREE DOWNLOAD&#8220; darstellt. Warten Sie 3 bis 5 Sekunden, um die Schaltfl\u00e4che zu aktivieren, klicken Sie auf die Schaltfl\u00e4che, und die Datei beginnt nun mit dem Herunterladen.<br>6. Ihr Download \u00f6ffnet automatisch Ihre Downloader-Software wie den Internet Download Manager (IDM) oder, falls Sie keine solche Software haben, ist der Browser derjenige, der Ihren Download handhabt.<\/td><td>Die zweite M\u00f6glichkeit zum Herunterladen (A TRICK &#8211; f\u00fcr Videos):<br> Dieser Weg ist f\u00fcr die Videodateitypen.<br>Anstatt auf die Schaltfl\u00e4che DOWNLOAD zu klicken, gibt es eine andere trickreiche M\u00f6glichkeit f\u00fcr einen Benutzer, sie herunterzuladen. Siehe unten.<br>1. Gehen Sie auf die Openload-Website.<br>2. Finden Sie ein Video, das Sie zum Ansehen herunterladen m\u00f6chten.<br>3. Klicken Sie auf dieses Video und Sie werden auf die Seite des Videos weitergeleitet.<br>4. Hier ist der <a rel=\"noreferrer noopener\" aria-label=\" (\u00f6ffnet in neuem Tab)\" href=\"https:\/\/dictionary.cambridge.org\/us\/dictionary\/english\/trick\" target=\"_blank\">trick<\/a>. Klicken Sie auf die Schaltfl\u00e4che &#8222;SPIELEN&#8220; und schlie\u00dfen Sie die angezeigten Anzeigen. Wenn das Video durch die Anzeigen angehalten wurde, klicken Sie einfach weiter auf die Schaltfl\u00e4che &#8222;PLAY&#8220;, bis das Video geladen wird.<br>5. Wenn das Video geladen wird, klicken Sie mit der rechten Maustaste auf das Video und klicken Sie auf &#8222;Video speichern unter&#8220;.<br>6. W\u00e4hlen Sie einen Ort auf Ihrem Ger\u00e4t, an dem Sie die Videodatei speichern m\u00f6chten.<br>7. Klicken Sie auf &#8222;OK&#8220;.<br>8. Ihr Download \u00f6ffnet automatisch Ihre Downloader-Software wie den Internet Download Manager (IDM) oder, falls Sie keine solche Software haben, ist der Browser derjenige, der Ihren Download handhabt.<\/td><\/tr><\/tbody><\/table><\/figure>\n\n\n\n<ul><li>Um sicherzustellen, dass das Video ordnungsgem\u00e4\u00df heruntergeladen wird, sollte die Internetverbindung Ihres Ger\u00e4ts stabil sein. Wenn dies nicht der Fall ist, wird das Video nicht vollst\u00e4ndig heruntergeladen oder es wird besch\u00e4digt.<\/li><li>Wenn die Website in Ihrem Land verboten ist, k\u00f6nnen die Benutzer auch ein virtuelles privates Netzwerk oder <a rel=\"noreferrer noopener\" aria-label=\"VPN  (\u00f6ffnet in neuem Tab)\" href=\"https:\/\/us.norton.com\/internetsecurity-privacy-what-is-a-vpn.html\" target=\"_blank\">VPN <\/a>verwenden, um auf die Website zuzugreifen und Videos herunterzuladen.<\/li><\/ul>\n\n\n\n<h2>Openload: Videos anschauen<\/h2>\n\n\n\n<p>Es ist sehr einfach, sich hier auf der Openload-Datei-Hosting-Site beliebige Videos anzusehen. Sie brauchen nur auf die Website zu gehen und das gew\u00fcnschte Video zu finden, <\/p>\n\n\n\n<p>1. Gehen Sie auf die Openload-Website.<\/p>\n\n\n\n<p>2. Finden Sie ein Video, das Sie sich online ansehen m\u00f6chten.<\/p>\n\n\n\n<p>3. Klicken Sie auf dieses Video und Sie werden auf die Seite des Videos weitergeleitet.<\/p>\n\n\n\n<p>4. Klicken Sie einfach auf die Schaltfl\u00e4che &#8222;PLAY&#8220; und warten Sie, bis das Video geladen ist. Danach k\u00f6nnen Sie sich das gesamte Video jetzt online ansehen.<\/p>\n\n\n\n<h2>Openload: Gemeinsame Nutzung von Dateien<\/h2>\n\n\n\n<p>Benutzer k\u00f6nnen \u00fcber die Links Dateien mit anderen Personen austauschen.<br><\/p>\n\n\n\n<figure class=\"wp-block-table\"><table class=\"\"><tbody><tr><td>F\u00fcr nicht registrierte Benutzer:<br>1. Gehen Sie auf die Openload-Website.<br>2. Suchen Sie eine Datei, die Sie online freigeben m\u00f6chten.<br>3. Kopieren Sie einfach den Link der Datei, die Sie freigeben m\u00f6chten.<br>4. F\u00fcgen Sie den kopierten Link ein, f\u00fcr wen oder wo Sie ihn freigeben m\u00f6chten.<\/td><td>F\u00fcr registrierte Benutzer:<br>1. Gehen Sie auf die Openload-Website.<br>2. Melden Sie sich an und gehen Sie zum Datei-Manager im Benutzer-Panel.<br>3. Suchen Sie eine Datei, die Sie online freigeben m\u00f6chten.<br>4. W\u00e4hlen Sie die Datei aus und kopieren Sie den Link der Datei, der sich unter der Seite befindet, oder klicken Sie auf die Schaltfl\u00e4che &#8222;COPY LINK&#8220;, um die Datei freizugeben.<br>5. F\u00fcgen Sie den kopierten Link ein, f\u00fcr wen oder wo Sie ihn freigeben m\u00f6chten.<\/td><\/tr><\/tbody><\/table><\/figure>\n\n\n<a class=\"maxbutton-2 maxbutton maxbutton-cta\" target=\"_blank\" rel=\"nofollow noopener\" href=\"\/go\/\"><span class='mb-text'>&gt;&gt; Gehen Sie zur urspr\u00fcnglichen Linkifier Website<\/span><\/a>\n\n\n<p><\/p>\n\n\n\n<p>Um auf die Datei zuzugreifen, sollten andere auf den Link klicken, und sie werden automatisch zu der Datei weitergeleitet.<\/p>\n\n\n\n<h2>Openload: Benutzer-Panel<\/h2>\n\n\n\n<p>Das Benutzer-Panel besteht aus den folgenden Elementen: Dashboard, Dateimanager, Remote-Upload, Multi-Upload, Benutzereinstellungen, Partnerprogramm, Konvertierungseinstellungen und Statistik.<\/p>\n\n\n\n<p>Bevor Sie auf das Benutzer-Panel zugreifen k\u00f6nnen, muss sich ein Benutzer bei Openload anmelden, um die oben genannten Funktionen nutzen zu k\u00f6nnen.<\/p>\n\n\n\n<ul><li>Dashboard<\/li><\/ul>\n\n\n\n<p>Dies zeigt den aktuellen Benutzerstatus, die Anzahl der gesamten Downloads, Dateien und Speicherplatz an.<\/p>\n\n\n\n<ul><li>Datei-Manager<\/li><\/ul>\n\n\n\n<p>Dies ist die Seite, auf der ein Benutzer seine Ordner und Dateien auf der Openload-Website verwaltet. Sie enth\u00e4lt die angelegten Ordner und die hinzugef\u00fcgten Dateien (aktive und inaktive Dateien) eines Benutzers, die Ordner- oder Dateigr\u00f6\u00dfe, den Inhaltstyp, die Links dieser Ordner und Dateien, das Upload-Datum und die Anzahl der Downloads f\u00fcr einen Ordner oder eine Datei.<\/p>\n\n\n\n<ul><li>Fern-Upload<\/li><\/ul>\n\n\n\n<p>Hier kommt eine Datei von einem Quell-Link, die in das Openload-Konto des Benutzers hochgeladen werden soll.<\/p>\n\n\n\n<ul><li>Mehrfach-Upload<\/li><\/ul>\n\n\n\n<p>Ein Benutzer kann mehrere Dateien in jedem Dateityp hochladen. Klicken Sie einfach auf die Schaltfl\u00e4che &#8222;ADD FILES&#8220;, um die Dateien hinzuzuf\u00fcgen, und klicken Sie auf die Schaltfl\u00e4che &#8222;START UPLOAD&#8220;, um die Dateien, die Sie gerade auf der Openload-Website hinzugef\u00fcgt haben, hochzuladen. <\/p>\n\n\n\n<p>Benutzer k\u00f6nnen die hochladende Datei jederzeit abbrechen, indem sie auf die Schaltfl\u00e4che &#8222;Abbrechen&#8220; neben der hochladenden Datei klicken. Sie k\u00f6nnen auch alles abbrechen oder die gesamte Upload-Liste l\u00f6schen, indem Sie einfach auf die Schaltfl\u00e4che &#8222;CANCEL ALL\/CLEAR ALL&#8220; klicken. <\/p>\n\n\n\n<p>Die hochgeladene Datei wird hinzugef\u00fcgt und auf der Dateimanager-Seite des Benutzerpanels angezeigt.<\/p>\n\n\n\n<ul><li>Benutzer-Einstellungen<\/li><\/ul>\n\n\n\n<p>Hier verwalten die Benutzer ihre Konten und Informationen.<\/p>\n\n\n\n<ul><li>Affiliate-Programm<\/li><\/ul>\n\n\n\n<p>Damit ein Benutzer dem Partnerprogramm beitreten kann, muss er den Regeln und Bedingungen des Openload-Partnerprogramms zustimmen und diese akzeptieren, da es Arten von Dateien gibt, die nicht auf die Openload-Website hochgeladen werden d\u00fcrfen.<\/p>\n\n\n\n<ul><li>Statistik<\/li><\/ul>\n\n\n\n<p>Diese zeigt die Belohnung oder das Einkommen eines Benutzers in Dollar, den Traffic und die L\u00e4nder, in denen es <a rel=\"noreferrer noopener\" aria-label=\"Verkehr  (\u00f6ffnet in neuem Tab)\" href=\"https:\/\/www.computerhope.com\/jargon\/t\/traffic.htm\" target=\"_blank\">Verkehr <\/a>gibt. Diese werden nach Tag, nach Monat und nach Jahr angezeigt. <\/p>\n\n\n\n<ul><li>Konvertierungs-Einstellungen<\/li><\/ul>\n\n\n\n<p>Hier wird die Konvertierung f\u00fcr ein Video eingestellt. Openload verf\u00fcgt \u00fcber eine automatische Konvertierungsfunktion, mit der die Qualit\u00e4t eines Videos beim Streaming durch einen Benutzer automatisch in die Aufl\u00f6sung konvertiert wird, die der Benutzer bereits in den Konvertierungseinstellungen festgelegt und gespeichert hat.<\/p>\n\n\n\n<figure class=\"wp-block-table\"><table class=\"\"><tbody><tr><td>Unterst\u00fctzte Openload-Resolutionen<\/td><\/tr><tr><td>HD, HD 720p, SD 480p, and SD 360p<\/td><\/tr><\/tbody><\/table><\/figure>\n\n\n\n<h2>Openload: Pay-Per-Download (PPD)-Programm<\/h2>\n\n\n\n<p>Openload, insbesondere mit dem Openload-Premium-Konto, verf\u00fcgt \u00fcber ein Programm namens Pay-Per-Download oder PPD-Programm, das f\u00fcr die Benutzer erstellt wird, um Einnahmen zu generieren. Ein bestimmter Benutzer kann Openload verwenden, um durch einfaches Herunterladen oder Streaming auf der Openload-Website zu verdienen. Openload bezahlt die Benutzer, die Inhalte auf ihrer Website erstellen, mit einem festen Betrag pro 10.000 Downloads oder Streams, aber es h\u00e4ngt davon ab, in welchem Land die Downloads oder Streams durchgef\u00fchrt werden (siehe die Abbildung des Openload-Tier f\u00fcr das Pay-Per-Download (PPD)-Programm unten). <\/p>\n\n\n\n<p>Auszahlungen: F\u00fcr nur zwanzig Dollar ($20) kann ein Benutzer eine Auszahlung beantragen und die Auszahlungen werden innerhalb eines Tages bearbeitet.<\/p>\n\n\n\n<h3><strong>Wie werden die Downloads oder Streams in Openload gez\u00e4hlt?<\/strong><\/h3>\n\n\n\n<p>Bei Openload werden die Downloads oder Streams jeder <a href=\"https:\/\/www.wpbeginner.com\/glossary\/ip-address\/\">Internet Protocol (IP) <\/a> -Adresse nur bis zu dreimal (3x) am ganzen Tag gez\u00e4hlt, aber dies f\u00fcr die automatische Art der Downloads, Openload wird diese nicht belohnen.<br><\/p>\n\n\n\n<p>Bei Openload werden die Downloads oder Streams jeder Internet Protocol (IP)-Adresse nur bis zu dreimal (3x) am ganzen Tag gez\u00e4hlt, aber dies f\u00fcr die automatische Art der Downloads, Openload wird diese nicht belohnen.<\/p>\n\n\n\n<h3><strong>Openload-Tiers f\u00fcr das Pay-Per-Download (PPD)-Programm<\/strong><\/h3>\n\n\n\n<p>Die folgende Abbildung zeigt, wie Openload die verschiedenen L\u00e4nder von der untersten Ebene bis zur h\u00f6chsten Ebene, auf der sie f\u00fcr die Downloads oder Streams auf der Website bezahlen, sortiert.<\/p>\n\n\n\n<p class=\"has-text-align-center\"><img loading=\"lazy\" width=\"387\" height=\"479\" class=\"wp-image-2440\" style=\"width: 400px;\" src=\"https:\/\/multihoster.org\/wp-content\/uploads\/2020\/03\/Tier-1.png\" alt=\"\" srcset=\"https:\/\/multihoster.org\/wp-content\/uploads\/2020\/03\/Tier-1.png 387w, https:\/\/multihoster.org\/wp-content\/uploads\/2020\/03\/Tier-1-242x300.png 242w\" sizes=\"(max-width: 387px) 100vw, 387px\" \/><\/p>\n\n\n\n<figure class=\"wp-block-table\"><table class=\"\"><tbody><tr><td>Tier-Ebenen<\/td><td>Belohnung<\/td><\/tr><tr><td>H\u00f6chste Stufe<\/td><td>F\u00fcnfunddrei\u00dfig Dollar (35 Dollar)<\/td><\/tr><tr><td>Hohe Stufe<\/td><td>F\u00fcnfundzwanzig Dollar (25 Dollar)<\/td><\/tr><tr><td>M\u00e4\u00dfige Stufe<\/td><td>F\u00fcnfzehn Dollar (15 Dollar)<\/td><\/tr><tr><td>Niedrige Stufe<\/td><td>Sieben Dollar und f\u00fcnfzig Cent ($7,50)<\/td><\/tr><tr><td>Niedrigste Stufe<\/td><td>F\u00fcnf Dollar (5 Dollar)<\/td><\/tr><\/tbody><\/table><\/figure>\n\n\n<a class=\"maxbutton-2 maxbutton maxbutton-cta\" target=\"_blank\" rel=\"nofollow noopener\" href=\"\/go\/\"><span class='mb-text'>&gt;&gt; Gehen Sie zur urspr\u00fcnglichen Linkifier Website<\/span><\/a>\n\n\n<p><\/p>\n","protected":false},"excerpt":{"rendered":"<p>Es ist traurig zu sagen, dass jetzt, wenn jemand versucht, auf die Openload.co-Website zuzugreifen oder sie zu besuchen, diese Fehlermeldung<\/p>\n","protected":false},"author":2,"featured_media":0,"parent":0,"menu_order":0,"comment_status":"closed","ping_status":"closed","template":"","meta":[],"yoast_head":"<!-- This site is optimized with the Yoast SEO plugin v18.3 - https:\/\/yoast.com\/wordpress\/plugins\/seo\/ -->\n<title>Openload Premium Account - Der Filehoster auf einen Blick<\/title>\n<meta name=\"description\" content=\"Ist Openload ein seri\u00f6ser Anbieter oder nicht, finden Sie die Antwort im aktuellen Test auf Multihoster.org \u279c. Klicken Sie jetzt \u271a und lesen Sie unsere Erfahrungen!\" \/>\n<meta name=\"robots\" content=\"index, follow, max-snippet:-1, max-image-preview:large, max-video-preview:-1\" \/>\n<link rel=\"canonical\" href=\"https:\/\/multihoster.org\/de\/openload\/\" \/>\n<meta property=\"og:locale\" content=\"de_DE\" \/>\n<meta property=\"og:type\" content=\"article\" \/>\n<meta property=\"og:title\" content=\"Openload Premium Account - Der Filehoster auf einen Blick\" \/>\n<meta property=\"og:description\" content=\"Ist Openload ein seri\u00f6ser Anbieter oder nicht, finden Sie die Antwort im aktuellen Test auf Multihoster.org \u279c. Klicken Sie jetzt \u271a und lesen Sie unsere Erfahrungen!\" \/>\n<meta property=\"og:url\" content=\"https:\/\/multihoster.org\/de\/openload\/\" \/>\n<meta property=\"og:site_name\" content=\"Multihoster.org\" \/>\n<meta property=\"article:modified_time\" content=\"2020-03-23T15:07:12+00:00\" \/>\n<meta property=\"og:image\" content=\"https:\/\/lh5.googleusercontent.com\/zV-SviouA7daBi8XugOcCpDkWQex4kXx8M9Vf7o2khVu4x6L7g7Xzcm_Z_MCXx37l-jre3m8D_bsoBYz19rCNEpdq4_lj5tULatS1vbk1d0_-LC6OlHPlvNtysq_a8-q3U1RKqs\" \/>\n<meta name=\"twitter:card\" content=\"summary\" \/>\n<meta name=\"twitter:label1\" content=\"Gesch\u00e4tzte Lesezeit\" \/>\n\t<meta name=\"twitter:data1\" content=\"8\u00a0Minuten\" \/>\n<script type=\"application\/ld+json\" class=\"yoast-schema-graph\">{\"@context\":\"https:\/\/schema.org\",\"@graph\":[{\"@type\":\"WebSite\",\"@id\":\"https:\/\/multihoster.org\/#website\",\"url\":\"https:\/\/multihoster.org\/\",\"name\":\"Multihoster.org\",\"description\":\"Reviews of the major Filehosting services\",\"potentialAction\":[{\"@type\":\"SearchAction\",\"target\":{\"@type\":\"EntryPoint\",\"urlTemplate\":\"https:\/\/multihoster.org\/?s={search_term_string}\"},\"query-input\":\"required name=search_term_string\"}],\"inLanguage\":\"de\"},{\"@type\":\"ImageObject\",\"@id\":\"https:\/\/multihoster.org\/de\/openload\/#primaryimage\",\"inLanguage\":\"de\",\"url\":\"https:\/\/lh5.googleusercontent.com\/zV-SviouA7daBi8XugOcCpDkWQex4kXx8M9Vf7o2khVu4x6L7g7Xzcm_Z_MCXx37l-jre3m8D_bsoBYz19rCNEpdq4_lj5tULatS1vbk1d0_-LC6OlHPlvNtysq_a8-q3U1RKqs\",\"contentUrl\":\"https:\/\/lh5.googleusercontent.com\/zV-SviouA7daBi8XugOcCpDkWQex4kXx8M9Vf7o2khVu4x6L7g7Xzcm_Z_MCXx37l-jre3m8D_bsoBYz19rCNEpdq4_lj5tULatS1vbk1d0_-LC6OlHPlvNtysq_a8-q3U1RKqs\"},{\"@type\":\"WebPage\",\"@id\":\"https:\/\/multihoster.org\/de\/openload\/#webpage\",\"url\":\"https:\/\/multihoster.org\/de\/openload\/\",\"name\":\"Openload Premium Account - Der Filehoster auf einen Blick\",\"isPartOf\":{\"@id\":\"https:\/\/multihoster.org\/#website\"},\"primaryImageOfPage\":{\"@id\":\"https:\/\/multihoster.org\/de\/openload\/#primaryimage\"},\"datePublished\":\"2020-03-20T11:55:21+00:00\",\"dateModified\":\"2020-03-23T15:07:12+00:00\",\"description\":\"Ist Openload ein seri\u00f6ser Anbieter oder nicht, finden Sie die Antwort im aktuellen Test auf Multihoster.org \u279c. Klicken Sie jetzt \u271a und lesen Sie unsere Erfahrungen!\",\"breadcrumb\":{\"@id\":\"https:\/\/multihoster.org\/de\/openload\/#breadcrumb\"},\"inLanguage\":\"de\",\"potentialAction\":[{\"@type\":\"ReadAction\",\"target\":[\"https:\/\/multihoster.org\/de\/openload\/\"]}]},{\"@type\":\"BreadcrumbList\",\"@id\":\"https:\/\/multihoster.org\/de\/openload\/#breadcrumb\",\"itemListElement\":[{\"@type\":\"ListItem\",\"position\":1,\"name\":\"Startseite\",\"item\":\"https:\/\/multihoster.org\/de\/\"},{\"@type\":\"ListItem\",\"position\":2,\"name\":\"Openload Premium-Konto: Der Filehoster auf einen Blick\"}]}]}<\/script>\n<!-- \/ Yoast SEO plugin. -->","yoast_head_json":{"title":"Openload Premium Account - Der Filehoster auf einen Blick","description":"Ist Openload ein seri\u00f6ser Anbieter oder nicht, finden Sie die Antwort im aktuellen Test auf Multihoster.org \u279c. Klicken Sie jetzt \u271a und lesen Sie unsere Erfahrungen!","robots":{"index":"index","follow":"follow","max-snippet":"max-snippet:-1","max-image-preview":"max-image-preview:large","max-video-preview":"max-video-preview:-1"},"canonical":"https:\/\/multihoster.org\/de\/openload\/","og_locale":"de_DE","og_type":"article","og_title":"Openload Premium Account - Der Filehoster auf einen Blick","og_description":"Ist Openload ein seri\u00f6ser Anbieter oder nicht, finden Sie die Antwort im aktuellen Test auf Multihoster.org \u279c. Klicken Sie jetzt \u271a und lesen Sie unsere Erfahrungen!","og_url":"https:\/\/multihoster.org\/de\/openload\/","og_site_name":"Multihoster.org","article_modified_time":"2020-03-23T15:07:12+00:00","og_image":[{"url":"https:\/\/lh5.googleusercontent.com\/zV-SviouA7daBi8XugOcCpDkWQex4kXx8M9Vf7o2khVu4x6L7g7Xzcm_Z_MCXx37l-jre3m8D_bsoBYz19rCNEpdq4_lj5tULatS1vbk1d0_-LC6OlHPlvNtysq_a8-q3U1RKqs"}],"twitter_card":"summary","twitter_misc":{"Gesch\u00e4tzte Lesezeit":"8\u00a0Minuten"},"schema":{"@context":"https:\/\/schema.org","@graph":[{"@type":"WebSite","@id":"https:\/\/multihoster.org\/#website","url":"https:\/\/multihoster.org\/","name":"Multihoster.org","description":"Reviews of the major Filehosting services","potentialAction":[{"@type":"SearchAction","target":{"@type":"EntryPoint","urlTemplate":"https:\/\/multihoster.org\/?s={search_term_string}"},"query-input":"required name=search_term_string"}],"inLanguage":"de"},{"@type":"ImageObject","@id":"https:\/\/multihoster.org\/de\/openload\/#primaryimage","inLanguage":"de","url":"https:\/\/lh5.googleusercontent.com\/zV-SviouA7daBi8XugOcCpDkWQex4kXx8M9Vf7o2khVu4x6L7g7Xzcm_Z_MCXx37l-jre3m8D_bsoBYz19rCNEpdq4_lj5tULatS1vbk1d0_-LC6OlHPlvNtysq_a8-q3U1RKqs","contentUrl":"https:\/\/lh5.googleusercontent.com\/zV-SviouA7daBi8XugOcCpDkWQex4kXx8M9Vf7o2khVu4x6L7g7Xzcm_Z_MCXx37l-jre3m8D_bsoBYz19rCNEpdq4_lj5tULatS1vbk1d0_-LC6OlHPlvNtysq_a8-q3U1RKqs"},{"@type":"WebPage","@id":"https:\/\/multihoster.org\/de\/openload\/#webpage","url":"https:\/\/multihoster.org\/de\/openload\/","name":"Openload Premium Account - Der Filehoster auf einen Blick","isPartOf":{"@id":"https:\/\/multihoster.org\/#website"},"primaryImageOfPage":{"@id":"https:\/\/multihoster.org\/de\/openload\/#primaryimage"},"datePublished":"2020-03-20T11:55:21+00:00","dateModified":"2020-03-23T15:07:12+00:00","description":"Ist Openload ein seri\u00f6ser Anbieter oder nicht, finden Sie die Antwort im aktuellen Test auf Multihoster.org \u279c. Klicken Sie jetzt \u271a und lesen Sie unsere Erfahrungen!","breadcrumb":{"@id":"https:\/\/multihoster.org\/de\/openload\/#breadcrumb"},"inLanguage":"de","potentialAction":[{"@type":"ReadAction","target":["https:\/\/multihoster.org\/de\/openload\/"]}]},{"@type":"BreadcrumbList","@id":"https:\/\/multihoster.org\/de\/openload\/#breadcrumb","itemListElement":[{"@type":"ListItem","position":1,"name":"Startseite","item":"https:\/\/multihoster.org\/de\/"},{"@type":"ListItem","position":2,"name":"Openload Premium-Konto: Der Filehoster auf einen Blick"}]}]}},"_links":{"self":[{"href":"https:\/\/multihoster.org\/de\/wp-json\/wp\/v2\/pages\/2453"}],"collection":[{"href":"https:\/\/multihoster.org\/de\/wp-json\/wp\/v2\/pages"}],"about":[{"href":"https:\/\/multihoster.org\/de\/wp-json\/wp\/v2\/types\/page"}],"author":[{"embeddable":true,"href":"https:\/\/multihoster.org\/de\/wp-json\/wp\/v2\/users\/2"}],"replies":[{"embeddable":true,"href":"https:\/\/multihoster.org\/de\/wp-json\/wp\/v2\/comments?post=2453"}],"version-history":[{"count":4,"href":"https:\/\/multihoster.org\/de\/wp-json\/wp\/v2\/pages\/2453\/revisions"}],"predecessor-version":[{"id":2724,"href":"https:\/\/multihoster.org\/de\/wp-json\/wp\/v2\/pages\/2453\/revisions\/2724"}],"wp:attachment":[{"href":"https:\/\/multihoster.org\/de\/wp-json\/wp\/v2\/media?parent=2453"}],"curies":[{"name":"wp","href":"https:\/\/api.w.org\/{rel}","templated":true}]}}