{"id":2507,"date":"2020-03-20T11:52:13","date_gmt":"2020-03-20T11:52:13","guid":{"rendered":"https:\/\/multihoster.org\/?page_id=2507"},"modified":"2020-03-25T14:02:52","modified_gmt":"2020-03-25T14:02:52","slug":"mediafire","status":"publish","type":"page","link":"https:\/\/multihoster.org\/de\/mediafire\/","title":{"rendered":"Mediafire Premium Konto: Der Filehoster Auf Einen Blick"},"content":{"rendered":"\n<figure class=\"wp-block-image\"><img src=\"https:\/\/lh5.googleusercontent.com\/zNXndndjxVA0YDOnOq4pjuulNSt_TmkOKKarck7VbnRykHu0xfRGfdekc3c9o24_zkfmAZBYEVa3GLesmBe4x1CXsS9XVfk8NsAWlUs3yzt-eHG5YUGNEC_GwN4_j21iCZb_t54\" alt=\"MediaFire logo\"\/><\/figure>\n\n\n\n<p>MediaFire ist eine perfekte Plattform f\u00fcr alle, die eine Datei austauschen und aufbewahren m\u00fcssen. Die Dateien, die auf MediaFire hinzugef\u00fcgt werden, werden alle online in der <a rel=\"noreferrer noopener\" aria-label=\"Cloud  (opens in a new tab)\" href=\"https:\/\/www.techopedia.com\/definition\/26535\/cloud-storage\" target=\"_blank\">Cloud <\/a>gespeichert, wo verschiedene Benutzer auf diese Dateien zugreifen und sie \u00fcberall leicht freigeben k\u00f6nnen.<\/p>\n\n\n\n<p>Jede Art von Dateien, wie Bilder, Videos, Musik und Dokumente, k\u00f6nnen auf MediaFire hochgeladen werden. Auf diese Dateien und die MediaFire selbst kann mit Hilfe des Internets \u00fcber Handy, Tablet, Desktop-Computer oder Laptop zugegriffen werden.<\/p>\n\n\n\n<p>MediaFire ist einer der besten Orte, um alle wichtigen Dateien des Benutzers zu sichern, ob f\u00fcr den pers\u00f6nlichen oder beruflichen Gebrauch. Es bietet Benutzern bis zu f\u00fcnfzig Gigabyte (50 GB) freie Speicherkapazit\u00e4t und wird noch gr\u00f6\u00dfer, wenn ein Benutzer die MediaFire Pro-Version mit seinem MediaFire Premium Konto und seinen Diensten erworben hat.<\/p>\n\n\n\n<p>Aufgrund des Bedarfs an Dateispeicher und Dateisicherheit nutzen zweifellos immer mehr Menschen die MediaFire kostenlos und erwerben die verschiedenen Versionen wie die MediaFire Pro-Version, um jeden Monat die Funktionen und Dienste des MediaFire Premium Konto zu nutzen. Sch\u00e4tzungsweise mehr als hundertf\u00fcnfzig (150) Millionen Menschen auf der Welt nutzen MediaFire.<\/p>\n\n\n\n<p>MediaFire kann die t\u00e4gliche <a rel=\"noreferrer noopener\" aria-label=\"Arbeitsablauf  (opens in a new tab)\" href=\"https:\/\/dictionary.cambridge.org\/us\/dictionary\/english\/workflow\" target=\"_blank\">Arbeitsablauf <\/a>der Benutzer einfacher machen, weil es sehr n\u00fctzliche Funktionen zur Handhabung Ihrer Dateien hat. Siehe seine Funktionen unten.<\/p>\n\n\n<a class=\"maxbutton-2 maxbutton maxbutton-cta\" target=\"_blank\" rel=\"nofollow noopener\" href=\"\/go\/\"><span class='mb-text'>&gt;&gt; Gehen Sie zur urspr\u00fcnglichen Linkifier Website<\/span><\/a>\n\n\n<p><\/p>\n\n\n\n<h2><strong>MediaFire Free und MediaFire Premium Konto<\/strong><\/h2>\n\n\n\n<figure class=\"wp-block-table\"><table class=\"\"><tbody><tr><td class=\"has-text-align-center\" data-align=\"center\"><strong> MediaFire Premium<\/strong> <strong>Konto<\/strong><\/td><\/tr><\/tbody><\/table><\/figure>\n\n\n\n<figure class=\"wp-block-table\"><table class=\"\"><tbody><tr><td> <strong>FEATURES <\/strong><\/td><td class=\"has-text-align-center\" data-align=\"center\"><strong>Grundlegend <\/strong><\/td><td class=\"has-text-align-center\" data-align=\"center\"><strong>Pro <\/strong><\/td><td class=\"has-text-align-center\" data-align=\"center\"><strong>Business <\/strong><\/td><\/tr><tr><td>Unterst\u00fctzung einer gro\u00dfen Anzahl von Downloads  <\/td><td class=\"has-text-align-center\" data-align=\"center\"> Nein<\/td><td class=\"has-text-align-center\" data-align=\"center\">Ja<\/td><td class=\"has-text-align-center\" data-align=\"center\"> Ja<\/td><\/tr><tr><td>Laden Sie den gesamten Ordner und seine Unterordner herunter  <\/td><td class=\"has-text-align-center\" data-align=\"center\"> Nein<\/td><td class=\"has-text-align-center\" data-align=\"center\">Ja<\/td><td class=\"has-text-align-center\" data-align=\"center\"> Ja<\/td><\/tr><tr><td>Hat keine Werbung beim Teilen und Herunterladen  <\/td><td class=\"has-text-align-center\" data-align=\"center\"> Nein<\/td><td class=\"has-text-align-center\" data-align=\"center\">Ja<\/td><td class=\"has-text-align-center\" data-align=\"center\"> Ja<\/td><\/tr><tr><td>Speicherkapazit\u00e4t in Terabyte (TB) <\/td><td class=\"has-text-align-center\" data-align=\"center\">0.01<\/td><td class=\"has-text-align-center\" data-align=\"center\">1<\/td><td class=\"has-text-align-center\" data-align=\"center\">100<\/td><\/tr><tr><td>Unterst\u00fctzung von zwanzig Gigabyte (20 GB) pro Datei <\/td><td class=\"has-text-align-center\" data-align=\"center\"> Nein<\/td><td class=\"has-text-align-center\" data-align=\"center\">Ja<\/td><td class=\"has-text-align-center\" data-align=\"center\"> Ja<\/td><\/tr><tr><td> Langfristige Lagerung  <\/td><td class=\"has-text-align-center\" data-align=\"center\"> Nein<\/td><td class=\"has-text-align-center\" data-align=\"center\">Ja<\/td><td class=\"has-text-align-center\" data-align=\"center\"> Ja<\/td><\/tr><tr><td> Ohne Captcha-Codes <\/td><td class=\"has-text-align-center\" data-align=\"center\"> Nein<\/td><td class=\"has-text-align-center\" data-align=\"center\">Ja<\/td><td class=\"has-text-align-center\" data-align=\"center\"> Ja<\/td><\/tr><tr><td> Datei-Links (direkt)    <\/td><td class=\"has-text-align-center\" data-align=\"center\"> Nein<\/td><td class=\"has-text-align-center\" data-align=\"center\">Ja<\/td><td class=\"has-text-align-center\" data-align=\"center\"> Ja<\/td><\/tr><tr><td>Uploader f\u00fcr FileDrop <\/td><td class=\"has-text-align-center\" data-align=\"center\"> Nein<\/td><td class=\"has-text-align-center\" data-align=\"center\">Ja<\/td><td class=\"has-text-align-center\" data-align=\"center\"> Ja<\/td><\/tr><tr><td> FileDrop <\/td><td class=\"has-text-align-center\" data-align=\"center\">Nein<\/td><td class=\"has-text-align-center\" data-align=\"center\">Ja<\/td><td class=\"has-text-align-center\" data-align=\"center\">Ja<\/td><\/tr><tr><td>Kann von beliebigen Websites hochladen <\/td><td class=\"has-text-align-center\" data-align=\"center\"> Nein<\/td><td class=\"has-text-align-center\" data-align=\"center\">Ja<\/td><td class=\"has-text-align-center\" data-align=\"center\"> Ja<\/td><\/tr><tr><td>Die Priorit\u00e4t der Unterst\u00fctzung <\/td><td class=\"has-text-align-center\" data-align=\"center\">Nein<\/td><td class=\"has-text-align-center\" data-align=\"center\">Ja<\/td><td class=\"has-text-align-center\" data-align=\"center\"> Ja<\/td><\/tr><tr><td>Verwendung eines Passworts zum Schutz der Dateien <\/td><td class=\"has-text-align-center\" data-align=\"center\"> Nein<\/td><td class=\"has-text-align-center\" data-align=\"center\">Ja<\/td><td class=\"has-text-align-center\" data-align=\"center\"> Ja<\/td><\/tr><tr><td>Werkzeug zur einmaligen Verkn\u00fcpfung <\/td><td class=\"has-text-align-center\" data-align=\"center\"> Nein<\/td><td class=\"has-text-align-center\" data-align=\"center\">Ja<\/td><td class=\"has-text-align-center\" data-align=\"center\"> Ja<\/td><\/tr><tr><td>Vollst\u00e4ndige Anpassung der Marke  <\/td><td class=\"has-text-align-center\" data-align=\"center\"> Nein<\/td><td class=\"has-text-align-center\" data-align=\"center\">Nein  <\/td><td class=\"has-text-align-center\" data-align=\"center\"> Ja<\/td><\/tr><tr><td>Sicherheitsprotokolle sind detailliert  <\/td><td class=\"has-text-align-center\" data-align=\"center\"> Nein<\/td><td class=\"has-text-align-center\" data-align=\"center\">Nein  <\/td><td class=\"has-text-align-center\" data-align=\"center\"> Ja<\/td><\/tr><tr><td>100+ Benutzer k\u00f6nnen hinzugef\u00fcgt werden  <\/td><td class=\"has-text-align-center\" data-align=\"center\"> Nein<\/td><td class=\"has-text-align-center\" data-align=\"center\">Nein <\/td><td class=\"has-text-align-center\" data-align=\"center\"> Ja<\/td><\/tr><\/tbody><\/table><\/figure>\n\n\n\n<h3>Aktualisieren Sie Ihr MediaFire-Konto<\/h3>\n\n\n\n<p>Mediafire gibt einem Benutzer Zugang zu seinen neuen und anderen Funktionen und seinen M\u00f6glichkeiten zum Hoch- und Herunterladen und zur gemeinsamen Nutzung, wenn ein Benutzer sein MediaFire-Konto aktualisiert und Benutzer k\u00f6nnen ihr MediaFire-Konto jederzeit aktualisieren. Ein Upgrade des MediaFire-Accounts schaltet au\u00dferdem eine gr\u00f6\u00dfere Speicherkapazit\u00e4t, mehr Optionen f\u00fcr die gemeinsame Nutzung und eine gr\u00f6\u00dfere Bandbreite frei.  <\/p>\n\n\n\n<p>Wenn ein Benutzer noch nicht f\u00fcr MediaFire registriert ist, kann er zun\u00e4chst auf der MediaFire-Upgrade-Seite w\u00e4hlen, welchen MediaFire-Plan er erhalten m\u00f6chte. Die Erstellung eines MediaFire-Accounts erfolgt w\u00e4hrend des MediaFire-Upgrade-Prozesses. Davor kann ein Benutzer auch zuerst sein MediaFire-Konto erstellen, bevor er das Upgrade durchf\u00fchrt.<\/p>\n\n\n\n<p>MediaFire Premium hat drei (3) Pl\u00e4ne (MediaFire Basic Plan, MediaFire Pro Plan und MediaFire Business Plan), die sich in ihren Funktionen und M\u00f6glichkeiten unterscheiden. Denken Sie jetzt dar\u00fcber nach, welchen Plan Sie w\u00e4hlen werden?<\/p>\n\n\n\n<figure class=\"wp-block-table\"><table class=\"\"><tbody><tr><td class=\"has-text-align-center\" data-align=\"center\"><strong> MediaFire Premium Konto <\/strong><\/td><\/tr><\/tbody><\/table><\/figure>\n\n\n\n<p>Table<\/p>\n\n\n\n<figure class=\"wp-block-table\"><table class=\"\"><tbody><tr><td><strong>MediaFire Free Basisplan <\/strong><\/td><td><strong> Pro Plan <\/strong><\/td><td><strong>Gesch\u00e4ftsplan <\/strong><\/td><\/tr><tr><td>Enth\u00e4lt Anzeigen<\/td><td>Keine Anzeigen<\/td><td>Keine Anzeigen<\/td><\/tr><tr><td>Die Speicherkapazit\u00e4t ist auf 10 GB oder 0,01 TB begrenzt. <\/td><td>Die Speicherkapazit\u00e4t betr\u00e4gt 1 TB (1000 GB) <\/td><td>Die Speicherkapazit\u00e4t betr\u00e4gt 1 TB bis zu 100 TB <\/td><\/tr><tr><td>Der Preis ist frei <\/td><td> Preis (mit 50% Rabatt):<br> Urspr\u00fcnglicher Preis: $7,50 pro Monat<\/td><td> Preis (mit 50% Rabatt):<br> Originalpreis (monatlich):<br> 80 Dollar pro Monat<br> Monatlich: 50 Dollar pro Monat<\/td><\/tr><tr><td> Die Anzahl der Zugriffe auf das 1-Time Download-Link-Tool betr\u00e4gt 10 pro Tag. <\/td><td> J\u00e4hrlich: $3,75 pro Monat<br> Monatlich: 5 Dollar pro Monat<\/td><td> Originalpreis (viertelj\u00e4hrlich): $100 pro Monat<br> Viertelj\u00e4hrlich: 40 Dollar pro Monat<\/td><\/tr><tr><td>\ufeff<\/td><td> Es wird j\u00e4hrlich in Rechnung gestellt.<br> oder 5 Dollar pro Monat <\/td><td> Es wird viertelj\u00e4hrlich abgerechnet.<br> oder 50 Dollar pro Monat <\/td><\/tr><tr><td>\ufeff<\/td><td>Die Anzahl der Zugriffe auf das 1-Time Download Link-Tool betr\u00e4gt 100 pro Tag.  <\/td><td> Die Anzahl der Zugriffe auf das 1-Time Download Link-Tool betr\u00e4gt 5000 pro Tag. <\/td><\/tr><tr><td>\ufeff<\/td><td>1 Benutzer <\/td><td> 100+ Benutzer <\/td><\/tr><\/tbody><\/table><\/figure>\n\n\n\n<p>*1 TB = 1024 GB<\/p>\n\n\n\n<p>Beachten Sie, dass alle MediaFire-Kontotypen die gleiche grafische Benutzeroberfl\u00e4che (GUI) verwenden, wie die des MediaFire Free-Accounts, aber nur die Premium-Accounts haben Anzeigen darauf, so dass einige Benutzer den MediaFire Premium-Accounttyp verwenden, weil sie finden, dass die Anzeigen f\u00fcr den MediaFire Free Basic-Account st\u00f6rend sind. <\/p>\n\n\n\n<p>Die MediaFire Premium-Accounts &#8211; der Professional- und der Business-Account &#8211; geben den Benutzern die Werkzeuge an die Hand, die sie ben\u00f6tigen, um ihre Dateien sicher aufzubewahren, den Zugriff anderer Benutzer auf die Dateien zu kontrollieren und mit den anderen Personen, insbesondere im gesch\u00e4ftlichen Bereich, effektiver zusammenzuarbeiten. <\/p>\n\n\n\n<p>Das Gute an all dem ist, dass die MediaFire-Konten nie ablaufen.<\/p>\n\n\n\n<h3>Mediafire Premium Account Steuer<\/h3>\n\n\n\n<p>Es gibt keine <a rel=\"noreferrer noopener\" aria-label=\"Steuer  (opens in a new tab)\" href=\"https:\/\/www.investopedia.com\/terms\/t\/taxes.asp\" target=\"_blank\">Steuer <\/a>Geb\u00fchren f\u00fcr Benutzer, die ein Mediafire-Premium-Konto abonniert haben, aber wenn ein Benutzer zu den Einwohnern von Texas geh\u00f6rt, muss dieser Benutzer die 8,25% f\u00fcr die Steuergeb\u00fchr pro Einzeltransaktion bezahlen.<\/p>\n\n\n\n<h3>Bezahlung f\u00fcr MediaFire<\/h3>\n\n\n\n<p>MediaFire unterst\u00fctzt nur den direkten Weg der Zahlung per Kredit- oder Debitkarte. Die Karte kann eine VISA, MasterCard, Discover und American Express sein.<\/p>\n\n\n\n<h2><strong>Hochladen<\/strong><\/h2>\n\n\n\n<p>Das Hochladen von Dateien ist jetzt wirklich einfach!<\/p>\n\n\n\n<p>MediaFire ist hier, um Ihnen zu helfen, Ihre Dateien zu behalten und zu organisieren, um Ihnen das Leben zu erleichtern. MediaFire hat eine &#8222;Drag and Drop&#8220;-Funktion, die das Hochladen schneller macht. Es unterst\u00fctzt auch das Hochladen von mehreren verschiedenen Dateien mit unterschiedlichen Dateitypen.<\/p>\n\n\n\n<p>Benutzer k\u00f6nnen ihren Ordner oder ihre Datei einfach von ihrem Ger\u00e4t ziehen und auf ihrer MediaFire Seite Meine Dateien ablegen.  Danach wird MediaFire automatisch den gesamten Inhalt des Ordners oder der Datei f\u00fcr Sie hochladen. <\/p>\n\n\n\n<p>Das Hochladen von Ordnern oder Dateien \u00fcber mobile Ger\u00e4te kann mit der Option &#8222;Freigabe f\u00fcr&#8220; und der Auswahl von &#8222;MediaFire&#8220; direkt auf das MediaFire-Konto des Benutzers erfolgen.<\/p>\n\n\n\n<p>Gehen Sie jetzt zur MediaFire-Website oder -App und versuchen Sie, Ihre Dateien hochzuladen!<\/p>\n\n\n\n<h2><strong>Downloads<\/strong><\/h2>\n\n\n\n<p>Benutzer k\u00f6nnen die Datei jetzt einfach von der MediaFire-Website, per E-Mail und in sozialen Netzwerken oder von \u00fcberall her herunterladen, indem sie den bereitgestellten Link von MediaFire f\u00fcr die Dateien verwenden. Die Benutzer m\u00fcssen nur auf den Link klicken und werden dann zur Datei zum Herunterladen weitergeleitet.<\/p>\n\n\n<a class=\"maxbutton-2 maxbutton maxbutton-cta\" target=\"_blank\" rel=\"nofollow noopener\" href=\"\/go\/\"><span class='mb-text'>&gt;&gt; Gehen Sie zur urspr\u00fcnglichen Linkifier Website<\/span><\/a>\n\n\n<p><\/p>\n\n\n\n<h2><strong>Gemeinsame Nutzung: Einmalige Verbindung<\/strong><\/h2>\n\n\n\n<p>Der Einmalige Link ist ein Link zu dem Ordner oder der Datei, der bzw. die ben\u00f6tigt wird, um den Zugriff beim Teilen und Herunterladen zu kontrollieren.<\/p>\n\n\n\n<p>Andere Personen k\u00f6nnen die Verbindung nicht mit anderen Personen teilen. Der Link ist nur f\u00fcr den Eigent\u00fcmer und den gemeinsamen Benutzer zug\u00e4nglich. Dies wird normalerweise f\u00fcr private oder pers\u00f6nliche oder berufliche Dateien verwendet. <\/p>\n\n\n\n<p>Es besteht kein Grund zur Sorge, wenn ein Benutzer alle verf\u00fcgbaren Einmal-Links verbraucht hat, da die Anzahl der Links einmal t\u00e4glich aktualisiert wird.<\/p>\n\n\n\n<h2><strong>Von MediaFire unterst\u00fctzte Ger\u00e4te<\/strong><\/h2>\n\n\n\n<p>MediaFire gew\u00e4hrleistet seinen Benutzern, dass ihre Dateien mit Hilfe verschiedener Ger\u00e4te immer bei ihnen sind. Ein Benutzer kann \u00fcber diese unterst\u00fctzten Ger\u00e4te auf die MediaFire-Website oder -Anwendung zugreifen, egal wo er sich befindet.<\/p>\n\n\n\n<ul><li>Mobile oder Tablet-Vorrichtungen<\/li><\/ul>\n\n\n\n<p>MediaFire wurde im Januar 2013 f\u00fcr Android-Telefone und im Juli 2012 f\u00fcr <a rel=\"noreferrer noopener\" aria-label=\"iOS (opens in a new tab)\" href=\"https:\/\/www.techopedia.com\/definition\/25206\/ios\" target=\"_blank\">iOS<\/a>-Telefone ver\u00f6ffentlicht.<\/p>\n\n\n\n<p>Die mobile Anwendung von MediaFire ist eine sehr hilfreiche und sehr bequeme M\u00f6glichkeit, um die Dateien schneller zu sichern oder wiederherzustellen, und alle Dateien werden im MediaFire-Konto des Benutzers sicher aufbewahrt, wenn das Ger\u00e4t des Benutzers kaputt oder besch\u00e4digt ist.<\/p>\n\n\n\n<figure class=\"wp-block-table\"><table class=\"\"><tbody><tr><td><strong>MediaFire f\u00fcr iOS<\/strong><\/td><td><strong>MediaFire f\u00fcr Android<\/strong><\/td><\/tr><tr><td>Auto &#8211; Synchronisation von Fotos und VideosOrdner- und DateiverwaltungHochladen von Fotos und VideosDokumente mit der MediaFire-Anwendung ansehenDateien mit anderen Anwendungen gemeinsam nutzenVerkn\u00fcpfungen durch Kopieren und Einf\u00fcgenKompatibel mit mobilen Apple-Ger\u00e4ten mit iOS 9 Version und h\u00f6her.<\/td><td>Auto &#8211; Synchronisation von Fotos und VideosOrdner- und DateiverwaltungDateien mit beliebigen Dateitypen hochladenDateien mit anderen Anwendungen \u00f6ffnenDateien mit anderen Anwendungen teilenLinks durch Kopieren und Einf\u00fcgen teilenKompatibel mit mobilen Android-Ger\u00e4ten mit Android-Version #16 (4.1) und h\u00f6her.<\/td><\/tr><\/tbody><\/table><\/figure>\n\n\n\n<ul><li>MediaFire f\u00fcr Desktop oder Laptop (Web)<\/li><\/ul>\n\n\n\n<p>MediaFire f\u00fcr das Web wurde erstmals im November des Jahres 2013 ver\u00f6ffentlicht.<\/p>\n\n\n\n<p>Die MediaFire-Website kann von Desktop- oder Laptop-Benutzern mit einem anderen unterst\u00fctzten Webbrowser aufgerufen werden und ist mit dem Mac-Betriebssystem und dem Microsoft Windows-Betriebssystem kompatibel. Es erm\u00f6glicht dem System die Synchronisation von Ordnern und Dateien mit einem MediaFire-Benutzerkonto. <\/p>\n\n\n\n<p>Betriebssysteme (O.S.), die mit MediaFire Web kompatibel sind:<\/p>\n\n\n\n<p>1. F\u00fcr Microsoft Windows OS<\/p>\n\n\n\n<p>&#8211; Windows XP, Windows Vista, Windows 7 und Windows 8 oder h\u00f6here Windows-Versionen mit mindestens 1 GB RAM und 600 MB Festplattenspeicher.<\/p>\n\n\n\n<p>2. F\u00fcr Mac OS<\/p>\n\n\n\n<p>&nbsp;&#8211; Mac OS X 10.7 oder h\u00f6here Windows-Versionen mit mindestens 1 GB RAM und 600 MB Festplattenspeicher. <\/p>\n\n\n\n<p>Web-Browser, die mit MediaFire Web kompatibel sind:<\/p>\n\n\n\n<p>1. Google Chrome,<\/p>\n\n\n\n<p>2. Internet Explorer (IE), and<\/p>\n\n\n\n<p>3. Mozilla Firefox<\/p>\n\n\n\n<p>MediaFire Web-Funktionen:<\/p>\n\n\n\n<p>1. Synchronisierung von Ordnern und Dateien<\/p>\n\n\n\n<p>2. Gemeinsame Nutzung von Ordnern und Dateien<\/p>\n\n\n\n<p>3. Benachrichtigungen<\/p>\n\n\n\n<p>4. Aufnehmen des Bildschirms<\/p>\n\n\n\n<h2><strong>MediaFire-Zusammenarbeit<\/strong><\/h2>\n\n\n\n<p>Wenn es um Zusammenarbeit geht, kann MediaFire Ordner und Dateien austauschen und ist mit sozialen Medienplattformen wie Facebook, Google, Twitter und sogar E-Mail-Plattformen verbunden. Beim Austausch von Dateien mit MediaFire kann ein Benutzer andere Personen einladen, Dateien \u00fcber diese Plattformen zu teilen. Ein Benutzer kann auch den Zugriff einer Person oder mehrerer Personen steuern, um ihren Ordner oder ihre Datei anzuzeigen oder auch zu bearbeiten. MediaFire unterst\u00fctzt mehr als zweihundert (200) Dateitypen. Die Dateien k\u00f6nnen Fotos, Videos, Musik, Dokumente und andere enthalten.<\/p>\n\n\n<a class=\"maxbutton-2 maxbutton maxbutton-cta\" target=\"_blank\" rel=\"nofollow noopener\" href=\"\/go\/\"><span class='mb-text'>&gt;&gt; Gehen Sie zur urspr\u00fcnglichen Linkifier Website<\/span><\/a>\n\n\n<p><\/p>\n","protected":false},"excerpt":{"rendered":"<p>MediaFire ist eine perfekte Plattform f\u00fcr alle, die eine Datei austauschen und aufbewahren m\u00fcssen. Die Dateien, die auf MediaFire hinzugef\u00fcgt<\/p>\n","protected":false},"author":2,"featured_media":0,"parent":0,"menu_order":0,"comment_status":"closed","ping_status":"closed","template":"","meta":[],"yoast_head":"<!-- This site is optimized with the Yoast SEO plugin v18.3 - https:\/\/yoast.com\/wordpress\/plugins\/seo\/ -->\n<title>Mediafire Premium Account - Der Filehoster auf einen Blick<\/title>\n<meta name=\"description\" content=\"Ist Mediafire ein seri\u00f6ser Anbieter oder nicht, k\u00f6nnen Sie die Antwort im aktuellen Test auf Multihoster.org \u279c finden. Klicken Sie jetzt \u271a, um unsere Erfahrungen zu lesen!\" \/>\n<meta name=\"robots\" content=\"index, follow, max-snippet:-1, max-image-preview:large, max-video-preview:-1\" \/>\n<link rel=\"canonical\" href=\"https:\/\/multihoster.org\/de\/mediafire\/\" \/>\n<meta property=\"og:locale\" content=\"de_DE\" \/>\n<meta property=\"og:type\" content=\"article\" \/>\n<meta property=\"og:title\" content=\"Mediafire Premium Account - Der Filehoster auf einen Blick\" \/>\n<meta property=\"og:description\" content=\"Ist Mediafire ein seri\u00f6ser Anbieter oder nicht, k\u00f6nnen Sie die Antwort im aktuellen Test auf Multihoster.org \u279c finden. Klicken Sie jetzt \u271a, um unsere Erfahrungen zu lesen!\" \/>\n<meta property=\"og:url\" content=\"https:\/\/multihoster.org\/de\/mediafire\/\" \/>\n<meta property=\"og:site_name\" content=\"Multihoster.org\" \/>\n<meta property=\"article:modified_time\" content=\"2020-03-25T14:02:52+00:00\" \/>\n<meta property=\"og:image\" content=\"https:\/\/lh5.googleusercontent.com\/zNXndndjxVA0YDOnOq4pjuulNSt_TmkOKKarck7VbnRykHu0xfRGfdekc3c9o24_zkfmAZBYEVa3GLesmBe4x1CXsS9XVfk8NsAWlUs3yzt-eHG5YUGNEC_GwN4_j21iCZb_t54\" \/>\n<meta name=\"twitter:card\" content=\"summary\" \/>\n<meta name=\"twitter:label1\" content=\"Gesch\u00e4tzte Lesezeit\" \/>\n\t<meta name=\"twitter:data1\" content=\"7\u00a0Minuten\" \/>\n<script type=\"application\/ld+json\" class=\"yoast-schema-graph\">{\"@context\":\"https:\/\/schema.org\",\"@graph\":[{\"@type\":\"WebSite\",\"@id\":\"https:\/\/multihoster.org\/#website\",\"url\":\"https:\/\/multihoster.org\/\",\"name\":\"Multihoster.org\",\"description\":\"Reviews of the major Filehosting services\",\"potentialAction\":[{\"@type\":\"SearchAction\",\"target\":{\"@type\":\"EntryPoint\",\"urlTemplate\":\"https:\/\/multihoster.org\/?s={search_term_string}\"},\"query-input\":\"required name=search_term_string\"}],\"inLanguage\":\"de\"},{\"@type\":\"ImageObject\",\"@id\":\"https:\/\/multihoster.org\/de\/mediafire\/#primaryimage\",\"inLanguage\":\"de\",\"url\":\"https:\/\/lh5.googleusercontent.com\/zNXndndjxVA0YDOnOq4pjuulNSt_TmkOKKarck7VbnRykHu0xfRGfdekc3c9o24_zkfmAZBYEVa3GLesmBe4x1CXsS9XVfk8NsAWlUs3yzt-eHG5YUGNEC_GwN4_j21iCZb_t54\",\"contentUrl\":\"https:\/\/lh5.googleusercontent.com\/zNXndndjxVA0YDOnOq4pjuulNSt_TmkOKKarck7VbnRykHu0xfRGfdekc3c9o24_zkfmAZBYEVa3GLesmBe4x1CXsS9XVfk8NsAWlUs3yzt-eHG5YUGNEC_GwN4_j21iCZb_t54\"},{\"@type\":\"WebPage\",\"@id\":\"https:\/\/multihoster.org\/de\/mediafire\/#webpage\",\"url\":\"https:\/\/multihoster.org\/de\/mediafire\/\",\"name\":\"Mediafire Premium Account - Der Filehoster auf einen Blick\",\"isPartOf\":{\"@id\":\"https:\/\/multihoster.org\/#website\"},\"primaryImageOfPage\":{\"@id\":\"https:\/\/multihoster.org\/de\/mediafire\/#primaryimage\"},\"datePublished\":\"2020-03-20T11:52:13+00:00\",\"dateModified\":\"2020-03-25T14:02:52+00:00\",\"description\":\"Ist Mediafire ein seri\u00f6ser Anbieter oder nicht, k\u00f6nnen Sie die Antwort im aktuellen Test auf Multihoster.org \u279c finden. Klicken Sie jetzt \u271a, um unsere Erfahrungen zu lesen!\",\"breadcrumb\":{\"@id\":\"https:\/\/multihoster.org\/de\/mediafire\/#breadcrumb\"},\"inLanguage\":\"de\",\"potentialAction\":[{\"@type\":\"ReadAction\",\"target\":[\"https:\/\/multihoster.org\/de\/mediafire\/\"]}]},{\"@type\":\"BreadcrumbList\",\"@id\":\"https:\/\/multihoster.org\/de\/mediafire\/#breadcrumb\",\"itemListElement\":[{\"@type\":\"ListItem\",\"position\":1,\"name\":\"Startseite\",\"item\":\"https:\/\/multihoster.org\/de\/\"},{\"@type\":\"ListItem\",\"position\":2,\"name\":\"Mediafire Premium Konto: Der Filehoster Auf Einen Blick\"}]}]}<\/script>\n<!-- \/ Yoast SEO plugin. -->","yoast_head_json":{"title":"Mediafire Premium Account - Der Filehoster auf einen Blick","description":"Ist Mediafire ein seri\u00f6ser Anbieter oder nicht, k\u00f6nnen Sie die Antwort im aktuellen Test auf Multihoster.org \u279c finden. Klicken Sie jetzt \u271a, um unsere Erfahrungen zu lesen!","robots":{"index":"index","follow":"follow","max-snippet":"max-snippet:-1","max-image-preview":"max-image-preview:large","max-video-preview":"max-video-preview:-1"},"canonical":"https:\/\/multihoster.org\/de\/mediafire\/","og_locale":"de_DE","og_type":"article","og_title":"Mediafire Premium Account - Der Filehoster auf einen Blick","og_description":"Ist Mediafire ein seri\u00f6ser Anbieter oder nicht, k\u00f6nnen Sie die Antwort im aktuellen Test auf Multihoster.org \u279c finden. Klicken Sie jetzt \u271a, um unsere Erfahrungen zu lesen!","og_url":"https:\/\/multihoster.org\/de\/mediafire\/","og_site_name":"Multihoster.org","article_modified_time":"2020-03-25T14:02:52+00:00","og_image":[{"url":"https:\/\/lh5.googleusercontent.com\/zNXndndjxVA0YDOnOq4pjuulNSt_TmkOKKarck7VbnRykHu0xfRGfdekc3c9o24_zkfmAZBYEVa3GLesmBe4x1CXsS9XVfk8NsAWlUs3yzt-eHG5YUGNEC_GwN4_j21iCZb_t54"}],"twitter_card":"summary","twitter_misc":{"Gesch\u00e4tzte Lesezeit":"7\u00a0Minuten"},"schema":{"@context":"https:\/\/schema.org","@graph":[{"@type":"WebSite","@id":"https:\/\/multihoster.org\/#website","url":"https:\/\/multihoster.org\/","name":"Multihoster.org","description":"Reviews of the major Filehosting services","potentialAction":[{"@type":"SearchAction","target":{"@type":"EntryPoint","urlTemplate":"https:\/\/multihoster.org\/?s={search_term_string}"},"query-input":"required name=search_term_string"}],"inLanguage":"de"},{"@type":"ImageObject","@id":"https:\/\/multihoster.org\/de\/mediafire\/#primaryimage","inLanguage":"de","url":"https:\/\/lh5.googleusercontent.com\/zNXndndjxVA0YDOnOq4pjuulNSt_TmkOKKarck7VbnRykHu0xfRGfdekc3c9o24_zkfmAZBYEVa3GLesmBe4x1CXsS9XVfk8NsAWlUs3yzt-eHG5YUGNEC_GwN4_j21iCZb_t54","contentUrl":"https:\/\/lh5.googleusercontent.com\/zNXndndjxVA0YDOnOq4pjuulNSt_TmkOKKarck7VbnRykHu0xfRGfdekc3c9o24_zkfmAZBYEVa3GLesmBe4x1CXsS9XVfk8NsAWlUs3yzt-eHG5YUGNEC_GwN4_j21iCZb_t54"},{"@type":"WebPage","@id":"https:\/\/multihoster.org\/de\/mediafire\/#webpage","url":"https:\/\/multihoster.org\/de\/mediafire\/","name":"Mediafire Premium Account - Der Filehoster auf einen Blick","isPartOf":{"@id":"https:\/\/multihoster.org\/#website"},"primaryImageOfPage":{"@id":"https:\/\/multihoster.org\/de\/mediafire\/#primaryimage"},"datePublished":"2020-03-20T11:52:13+00:00","dateModified":"2020-03-25T14:02:52+00:00","description":"Ist Mediafire ein seri\u00f6ser Anbieter oder nicht, k\u00f6nnen Sie die Antwort im aktuellen Test auf Multihoster.org \u279c finden. Klicken Sie jetzt \u271a, um unsere Erfahrungen zu lesen!","breadcrumb":{"@id":"https:\/\/multihoster.org\/de\/mediafire\/#breadcrumb"},"inLanguage":"de","potentialAction":[{"@type":"ReadAction","target":["https:\/\/multihoster.org\/de\/mediafire\/"]}]},{"@type":"BreadcrumbList","@id":"https:\/\/multihoster.org\/de\/mediafire\/#breadcrumb","itemListElement":[{"@type":"ListItem","position":1,"name":"Startseite","item":"https:\/\/multihoster.org\/de\/"},{"@type":"ListItem","position":2,"name":"Mediafire Premium Konto: Der Filehoster Auf Einen Blick"}]}]}},"_links":{"self":[{"href":"https:\/\/multihoster.org\/de\/wp-json\/wp\/v2\/pages\/2507"}],"collection":[{"href":"https:\/\/multihoster.org\/de\/wp-json\/wp\/v2\/pages"}],"about":[{"href":"https:\/\/multihoster.org\/de\/wp-json\/wp\/v2\/types\/page"}],"author":[{"embeddable":true,"href":"https:\/\/multihoster.org\/de\/wp-json\/wp\/v2\/users\/2"}],"replies":[{"embeddable":true,"href":"https:\/\/multihoster.org\/de\/wp-json\/wp\/v2\/comments?post=2507"}],"version-history":[{"count":6,"href":"https:\/\/multihoster.org\/de\/wp-json\/wp\/v2\/pages\/2507\/revisions"}],"predecessor-version":[{"id":2881,"href":"https:\/\/multihoster.org\/de\/wp-json\/wp\/v2\/pages\/2507\/revisions\/2881"}],"wp:attachment":[{"href":"https:\/\/multihoster.org\/de\/wp-json\/wp\/v2\/media?parent=2507"}],"curies":[{"name":"wp","href":"https:\/\/api.w.org\/{rel}","templated":true}]}}