{"id":2527,"date":"2020-03-20T14:33:05","date_gmt":"2020-03-20T14:33:05","guid":{"rendered":"https:\/\/multihoster.org\/?page_id=2527"},"modified":"2020-12-14T18:46:16","modified_gmt":"2020-12-14T18:46:16","slug":"uptobox","status":"publish","type":"page","link":"https:\/\/multihoster.org\/de\/uptobox\/","title":{"rendered":"Uptobox Premium Konto: Der Filehoster Auf Einen Blick"},"content":{"rendered":"\n<figure class=\"wp-block-image\"><img src=\"https:\/\/lh4.googleusercontent.com\/xv77LN-168QhF1RoSxdXh1MjQwqUr05MsdRowLG3ns8v4mB8SIfgagayRIOS2mSr5z3ZacePc7jeItnedhkyU9zJI8E04UxYUfzxXbmj5fVfg7ssk9wtBHMEG8wU42jnzz7IFiw\" alt=\"Uptobox Homepage\"\/><\/figure>\n\n\n\n<p>Wollen und m\u00fcssen Sie Ihre Dateien und Dokumente online speichern? Es geht nicht um die Speicherung der Daten f\u00fcr Ihre Online-Sites, sondern um private und individuelle Dateien, Bilder, Dokumente usw.<\/p>\n\n\n\n<p>Wollen und m\u00fcssen Sie Ihre Dateien und Dokumente online speichern? Es geht nicht um die Speicherung der Daten f\u00fcr Ihre Online-Sites, sondern um private und individuelle Dateien, Bilder, Dokumente usw.<\/p>\n\n\n\n<p><strong>Seien Sie eine Person, die immer bereit ist.<\/strong><\/p>\n\n\n\n<p>Es gibt einen Dienst wie File Hosting, der Ihnen die Freiheit gibt, Dateien auf einen Server hochzuladen und von jedem beliebigen Ger\u00e4t aus auf sie zuzugreifen. Es gibt \u00e4hnliche Dienste, und das sind Dropbox oder Google Drive, aber f\u00fcr mehr Kontrolle ben\u00f6tigen und ben\u00f6tigen Sie m\u00f6glicherweise andere File-Hosting-Anbieter. <\/p>\n\n\n\n<p>Dateispeicherprogramme unterscheiden sich je nach Dateigr\u00f6\u00dfenbeschr\u00e4nkungen, Speicherplatz, Preisen und Mitteln, mit denen Sie Ihre Online-Daten mit anderen Personen, z.B. Ihrem Remote-Mitarbeiter, verteilen k\u00f6nnen.<\/p>\n\n\n\n<p>Und da wir wollten, dass Sie vorbereitet sind, werden wir Ihnen einen der besten Premium-Accounts im Bereich File Hosting anbieten. In dieser Diskussion werden wir auf die Wunder der Premium-Dienste von Uptobox eingehen.<\/p>\n\n\n<a class=\"maxbutton-2 maxbutton maxbutton-cta\" target=\"_blank\" rel=\"nofollow noopener\" href=\"\/uptobox\/goto\/\"><span class='mb-text'>&gt;&gt; Gehen Sie zur urspr\u00fcnglichen Uptobox Website<\/span><\/a>\n\n\n<p><\/p>\n\n\n\n\n\n\n\n<figure class=\"wp-block-image\"><img src=\"https:\/\/lh4.googleusercontent.com\/kItRDMH2CIrSQJ_UT8akXzJKIV6mWUHbI6Tz6OlX0bhoIb2-56RgHYrK9ir1uSHHpqPiMHSe6zP2oFkNAeXU65feQaKsXcntwg0y20n6ct51FSKOxYLKuCU_0Hfs2pnHEkt7B44\" alt=\"Uptobox Logo\"\/><\/figure>\n\n\n\n<h2>Was ist Uptobox?<\/h2>\n\n\n\n<p>Uptobox ist ein echter Datei-Hosting-Anbieter. Er erm\u00f6glicht Fern-Backup-Kapazit\u00e4ten, Online-Speicherung, erweiterte Download- und Upload- und Download-Tools. Mit Uptobox k\u00f6nnen Benutzer Dateien, Audios, Bilder, Videos und Flash an derselben Stelle hosten.<\/p>\n\n\n\n<p>Uptobox ist stolz darauf, nicht nur ein File-Hosting-Anbieter, sondern auch eine File-Sharing-Plattform zu sein. Sie k\u00f6nnen zwei Fliegen mit einer Klappe schlagen, wenn Sie ein Uptobox Premium konto abonnieren. Aber was genau ist der Unterschied zwischen File Hosting und File Sharing?<\/p>\n\n\n\n<ul><li>Datei-Hosting<\/li><\/ul>\n\n\n\n<p>Datei-Hosting ist jede Hilfe, die es Ihnen erm\u00f6glicht, Ihre Dateien auf den Server eines anderen Nutzers hochzuladen und zu verwalten. Es k\u00f6nnte auf einem echten Server gehostet werden oder Cloud-Storage verwenden &#8211; das gleiche Ergebnis w\u00fcrde passieren. Sie laden Ihre Dokumente auf den Server hoch, und dieser bleibt so lange bestehen, bis Sie sie wieder entfernen (es sei denn, Ihre Dateien werden vom Unternehmen aus irgendeinem Grund, der gegen die Gesch\u00e4ftsbedingungen versto\u00dfen haben k\u00f6nnte, entfernt).<\/p>\n\n\n\n<ul><li>Dateifreigabe<\/li><\/ul>\n\n\n\n<p>Ein Dateiverteilungsdienst kann als eine Art von Datei-Hosting betrachtet werden. Mit der Dateifreigabe erhalten Sie nicht nur das Recht, Ihre Dateien auf die Server des Unternehmens hochzuladen und zu verwalten, sondern auch die Freiheit, anderen Personen einen Download-Link zu geben. Mit diesem Download-Link k\u00f6nnen diese anderen Benutzer Ihre Datei f\u00fcr ihre Verwendung erhalten und herunterladen.<\/p>\n\n\n\n<figure class=\"wp-block-image\"><img src=\"https:\/\/lh3.googleusercontent.com\/ooi_fJxD8rz548IY4kL6Ssuz2j4bryUW42uR81xe_k4IVN-VFRmw_xRW3KDdFGopKo6YgipyRODEzo796Zx80AABer8Td3aARU79Z0B4QhLmsp-wG5bwg9aJUoNRG44WpdJ9b-k\" alt=\"Uptobox Premium Account Pricing\"\/><\/figure>\n\n\n\n<h2>Ist Uptobox Premium das wert?<\/h2>\n\n\n\n<p>Mit Uptobox Premium k\u00f6nnen Sie alle Tools und Dienstprogramme des Datei-Hostingunternehmens optimal nutzen. Ein kostenloser Uptobox-Account ist zwar schon gro\u00dfartig, aber die M\u00f6glichkeit, alle fortgeschrittenen Tools zu nutzen, ist einfach zu cool.<\/p>\n\n\n\n<p>Je nach G\u00fcltigkeitsdauer des Kontos k\u00f6nnen Sie mit Uptobox Premium mehr von Ihrem Abonnement verwalten, indem Sie je nach den Tagen der Nutzung des Kontos das beste Paketangebot anbieten. Ihr Service soll Ihnen das Leben leichter machen, warum also nicht auch das Abonnement sehr einfach und erschwinglich machen, richtig?<\/p>\n\n\n\n<figure class=\"wp-block-table\"><table><tbody><tr><td>BETRAG<\/td><td>G\u00dcLTIGKEIT DES ABONNEMENTS<\/td><\/tr><tr><td>$5.42<\/td><td>30 Tage<\/td><\/tr><tr><td>$27.11<\/td><td>1 Jahr<\/td><\/tr><tr><td>$48.79<\/td><td>2 Jahr<\/td><\/tr><tr><td>$135.53<\/td><td>5 Jahr<\/td><\/tr><\/tbody><\/table><\/figure>\n\n\n\n<p>Alle Anliegen der Benutzer haben f\u00fcr sie oberste Priorit\u00e4t und sind auf Ihre Bequemlichkeit ausgerichtet. Daher werden alle erweiterten Einstellungen und Tools aufgelistet und Sie k\u00f6nnen sich selbst davon \u00fcberzeugen, ob ein Premium-Account wirklich einen Versuch wert ist.<\/p>\n\n\n\n<figure class=\"wp-block-table\"><table><tbody><tr><td><br><\/td><td>KOSTENLOS<\/td><td>EINGESCHRIEBEN<\/td><td>PREMIUM<\/td><\/tr><tr><td>Maximale Dateigr\u00f6\u00dfe beim Hochladen <\/td><td>1 GB<\/td><td>200 GB<\/td><td>200 GB<\/td><\/tr><tr><td>Raum \/ Lagerung<\/td><td>\u2716<\/td><td>1 TB<\/td><td>Unlimited<\/td><\/tr><tr><td>Download-Geschwindigkeit<\/td><td>Sehr begrenzt<\/td><td>Beschr\u00e4nkt<\/td><td>Maximum<\/td><\/tr><tr><td>Remote-Link-Upload<\/td><td>\u2716<\/td><td>\u2714\ufe0f<\/td><td>\u2714\ufe0f<\/td><\/tr><tr><td>Hochladen mit FTP-Client<\/td><td>\u2716<\/td><td>\u2716<\/td><td>\u2714\ufe0f<\/td><\/tr><tr><td>Passwort-gesch\u00fctzte Download-Links<\/td><td>\u2716<\/td><td>\u2714\ufe0f<\/td><td>\u2714\ufe0f<\/td><\/tr><tr><td>Hochverf\u00fcgbarkeit von Dateien<\/td><td>\u2716<\/td><td>\u2716<\/td><td>\u2714\ufe0f<\/td><\/tr><tr><td>Wartezeit vor dem Herunterladen<\/td><td>\u2716<\/td><td>\u2716<\/td><td>\u2714\ufe0f<\/td><\/tr><tr><td>Direkter Download<\/td><td>\u2716<\/td><td>\u2716<\/td><td>\u2714\ufe0f<\/td><\/tr><tr><td>Verschl\u00fcsselte Downloads<\/td><td>\u2716<\/td><td>\u2716<\/td><td>\u2714\ufe0f<\/td><\/tr><tr><td>Werbefrei<\/td><td>\u2716<\/td><td>\u2716<\/td><td>\u2714\ufe0f<\/td><\/tr><tr><td>Download-Beschleuniger<\/td><td>\u2714\ufe0f<\/td><td>\u2714\ufe0f<\/td><td>\u2714\ufe0f<\/td><\/tr><tr><td>L\u00f6schung von Dateien<\/td><td>30 Tage seit dem letzten Download<\/td><td>90 Tage seit dem letzten Download<\/td><td>Niemals<\/td><\/tr><\/tbody><\/table><\/figure>\n\n\n\n<h3>Zus\u00e4tzliche Funktionen f\u00fcr das Uptobox Premium konto<\/h3>\n\n\n\n<figure class=\"wp-block-table\"><table><tbody><tr><td><br><\/td><td>KOSTENLOS<\/td><td>EINGESCHRIEBEN<\/td><td>PREMIUM<\/td><\/tr><tr><td>Resume<\/td><td>\u2714\ufe0f<\/td><td>\u2714\ufe0f<\/td><td>\u2714\ufe0f<\/td><\/tr><tr><td>HD-Videos<\/td><td>\u2714\ufe0f<\/td><td>\u2714\ufe0f<\/td><td>\u2714\ufe0f<\/td><\/tr><tr><td>Kodierungs-Priorit\u00e4t<\/td><td>\u2716<\/td><td>\u2716<\/td><td>\u2714\ufe0f<\/td><\/tr><tr><td>Unbegrenzte \u00dcberwachungszeit<\/td><td>\u2716<\/td><td>\u2716<\/td><td>\u2714\ufe0f<\/td><\/tr><tr><td>Kommerziell \/ Anzeigen- Frei<\/td><td>\u2716<\/td><td>\u2716<\/td><td>\u2714\ufe0f<\/td><\/tr><\/tbody><\/table><\/figure>\n\n\n\n<h2>Warum Uptobox Premium verwenden?<\/h2>\n\n\n\n<p>Wann immer Sie eine Datei \u00fcbertragen m\u00f6chten, die zu schwer f\u00fcr Mails ist, kann Uptobox Ihnen dabei helfen. Wenn Sie eine gesch\u00fctzte und sichere Remote Area-Funktion f\u00fcr externe Reserven w\u00fcnschen, steuert Uptobox Aufl\u00f6sungen f\u00fcr Sie bei.<\/p>\n\n\n<a class=\"maxbutton-2 maxbutton maxbutton-cta\" target=\"_blank\" rel=\"nofollow noopener\" href=\"\/uptobox\/goto\/\"><span class='mb-text'>&gt;&gt; Gehen Sie zur urspr\u00fcnglichen Uptobox Website<\/span><\/a>\n\n\n<p><br><\/p>\n\n\n\n<p>Wenn Sie pers\u00f6nliche Daten von einer Vielzahl von Arbeitspl\u00e4tzen aus erreichen m\u00f6chten und nicht \u00fcberall ein Flash-Laufwerk halten wollen, ist der Uptobox Premium Account ein hervorragendes Mittel, um dies zu erreichen.<\/p>\n\n\n\n<figure class=\"wp-block-image\"><img src=\"https:\/\/lh6.googleusercontent.com\/Qi_hpwDep5TgCTSGhPa0L1KvIsvCKwyrEqn4E7RP4UOwmTOFGeiETyMAPtRdnHY7742KwHemblps9xGn4HRQvVjUoKOpkTgLrdLNdwu6uaa9c2wkoGGz-yAyfR3TGxy75-N0AaE\" alt=\"Uptobox Security\"\/><\/figure>\n\n\n\n<h2>Uptobox Sicherheit und Schutzma\u00dfnahmen<\/h2>\n\n\n\n<p>Die Verwaltung von Uptobox sichert, genau wie das andere Datei-Hosting-Unternehmen, Schutzma\u00dfnahmen, um sicherzustellen, dass alle Benutzer w\u00e4hrend der Nutzung des Dienstes vor b\u00f6swilligen Personen und anderen illegalen Aktivit\u00e4ten gesch\u00fctzt sind.<\/p>\n\n\n\n<p>Wie alle Nutzer sollte nun auch Uptobox das Recht haben, die direkte Verlinkung auf Konten, die extreme Bandbreiten praktizieren, oder auf andere Weise die Vorteile des Systems auszunutzen, zu unterbinden. Solange Uptobox vor einer solchen Ausnutzung und einem solchen Missbrauch gewarnt wurde, werden sie sicherstellen, dass sie unverz\u00fcglich Ma\u00dfnahmen ergreifen, um die Integrit\u00e4t des Systems zu gew\u00e4hrleisten.<\/p>\n\n\n\n<figure class=\"wp-block-table\"><table><tbody><tr><td><br>Pornographie, Nacktheit, sexuelle Bilder und andere Arten von Nacktvideos oder -bildern sind illegal. Auch urheberrechtlich gesch\u00fctztes Material kann streng illegal sein. Wir behalten uns das Recht vor, eine geeignete Datei auszuw\u00e4hlen und k\u00f6nnen Videos oder Bilder jederzeit ohne Mitteilung des Benutzers entfernen.<\/td><\/tr><\/tbody><\/table><\/figure>\n\n\n\n<p>Benutzer sollten sich auch an Sicherheitsma\u00dfnahmen beteiligen, indem sie alle Gesetze, die ihr eigenes Land betreffen, einschlie\u00dflich der Marken- und Urheberrechtsgesetzgebung, einhalten. Bilder, Videos und Dateien, die Urheberrechte oder Warenzeichen verletzen, sind nicht erlaubt.<\/p>\n\n\n\n<p>Wenn jemand eine Klage wegen Verletzung gegen Sie pers\u00f6nlich hat, werden Sie bald aufgefordert, die urheberrechtlich gesch\u00fctzte Datei zu entfernen, bis die Situation gekl\u00e4rt ist. Wenn es einen Streit zwischen den Teilnehmern dieser Website gibt, ist Uptobox nicht verpflichtet, sich einzumischen.<\/p>\n\n\n\n<p>Uptobox ist nicht verantwortlich f\u00fcr Ihre eigenen Dateien, Bilder oder Videos oder f\u00fcr verlorene Gesch\u00e4fte, die aufgrund der Nichtverf\u00fcgbarkeit oder des Mangels an der Website entstehen. Wenn Nachforschungen angestellt werden sollten, ist Uptobox verpflichtet, mit allen rechtm\u00e4\u00dfigen Beh\u00f6rden zusammenzuarbeiten.<\/p>\n\n\n\n<h3>Andere Schutzma\u00dfnahmen, die die Benutzer kennen m\u00fcssen<\/h3>\n\n\n\n<ul><li>Das Herunterladen von verschiedenen Orten zu einer \u00e4hnlichen Zeit ist verboten. Uptobox erlaubt keine gemeinsame Nutzung von Benutzerkonten.<\/li><li> Die Verwendung von Uptobox als riesiger K\u00fchlspeicher, in dem Dateien nur gespeichert und nicht heruntergeladen werden, ist in diesem Fall verboten. Benutzer k\u00f6nnen jedoch unbegrenzten Speicherplatz f\u00fcr den Hei\u00dfspeicher erhalten.<\/li><li> Die Nutzung bestimmter Server ist verboten, wenn die Benutzer den ganzen Tag \u00fcber alle Dateien erhalten oder massiven Datenverkehr f\u00fcr die Website erzeugen.<\/li><li> Die Verwendung von Add-Ons von Drittanbietern f\u00fcr Upstream ist verboten. Benutzer von Uptobox-Premium-Accounts haben das Privileg, Upstream zu nutzen, aber sie sollten einen solchen Vorteil nicht missbrauchen. Jede Datei und jedes Dokument wird entfernt, wenn die Benutzer nicht folgen. Benutzer erhalten ausschlie\u00dflich einen bestimmten Player von Uptobox.<\/li><\/ul>\n\n\n\n<figure class=\"wp-block-image\"><img src=\"https:\/\/lh3.googleusercontent.com\/ebMs-arMcOk4E3QrPbj4xCk9oLpNxq6EirwdtmloKnZ48uJs651NFwUYFO1DpXmqMJFayJ7o_17g7C2rBx4vONK7MwARkcZeR58HPQQwh1z8zufcTzOtG0mkFaVhGZVK3HUpGIE\" alt=\"Information, Solution and Questions\"\/><\/figure>\n\n\n\n<h2>Weitere Informationen, die Sie \u00fcber Uptobox wissen sollten<\/h2>\n\n\n\n<ul><li>Sind andere Dateien, die von anderen Benutzern hochgeladen wurden, zug\u00e4nglich?<\/li><\/ul>\n\n\n\n<p>Da Uptobox eine sichere Plattform ist, lautet die Antwort nein. Denn nicht alle anderen m\u00f6chten die Dateien, die sie zusammen mit allen anderen hochladen, mit Ihnen teilen. Andere k\u00f6nnen jedoch auf die Datei anderer Benutzer zugreifen, wenn sie die Erlaubnis dazu erhalten haben. Auf diese Weise kann Uptobox dazu verwendet werden, Dateien mit jedem beliebigen Benutzer zu teilen, zus\u00e4tzlich zur Speicherung f\u00fcr Sie selbst als Backup oder zum Herunterladen von jedem beliebigen Ort der Erde.<\/p>\n\n\n\n<ul><li>Gibt es Einschr\u00e4nkungen f\u00fcr jede hochzuladende Datei?<\/li><\/ul>\n\n\n\n<p>Es gibt keinerlei Einschr\u00e4nkungen, au\u00dfer f\u00fcr illegale oder b\u00f6sartige Arten von Dateien. Bei den illegalen oder b\u00f6sartigen Dateien handelt es sich um Nacktheit, Pornos, sexuelle Bilder und andere Arten von anst\u00f6\u00dfigem Material, nat\u00fcrlich auch um urheberrechtlich gesch\u00fctztes Material. Aber alles in allem k\u00f6nnen alle Arten von Dateien in Uptobox hochgeladen werden, von den Fotos Ihrer Feier bis hin zu wichtigen Dokumenten. <\/p>\n\n\n\n<ul><li>Ist Hotlinking f\u00fcr die vom Benutzer hochgeladene Datei erlaubt?<\/li><\/ul>\n\n\n\n<p>Uptobox erlaubt kein Hotlinking. Hotlinking ist eine Methode, um den Link einer Datei, z.B. eines Bildes, vom Hosting zu erhalten und ihn auf einer Website zur Anzeige einzugeben.<\/p>\n\n\n\n<ul><li>Wie k\u00f6nnen die Dateien, die ein Benutzer hochgeladen hat, entfernt werden?<\/li><\/ul>\n\n\n\n<p>Alle hochgeladenen Dateien k\u00f6nnen unter der Registerkarte &#8222;Meine Dateien&#8220; verwaltet werden. Der Uptobox File Manager ist benutzerfreundlich, so dass es den Benutzern nicht schwer fallen wird, ihre Dokumente zu verwalten.<\/p>\n\n\n\n<ul><li>Falls Sie eine R\u00fcckerstattung w\u00fcnschen, was sind die Einzelheiten zu beachten?<\/li><\/ul>\n\n\n\n<p>Jeder Benutzer kann vom Kundensupport eine R\u00fcckerstattung verlangen, solange es nicht mehr als 7 Tage ab dem Zeitpunkt des Abonnements des Uptobox Premium kontos dauert, und nur dann, wenn das Konto noch nicht benutzt wurde.<\/p>\n\n\n\n<p>F\u00fcr die anderen R\u00fcckerstattungsarten hat Uptobox jedoch die Befugnis, keine R\u00fcckerstattung durchzuf\u00fchren, wenn sie dies nicht tun kann.<\/p>\n\n\n\n<ul><li>Was ist, wenn ein Benutzer noch weitere Diskussionen \u00fcber andere Angelegenheiten ben\u00f6tigt?<\/li><\/ul>\n\n\n\n<p>Uptobox verf\u00fcgt \u00fcber einen prompten Kundendienst f\u00fcr verschiedene Angelegenheiten, wie z.B. Zahlungsprobleme, Belange des Benutzerkontos, Fehlerberichte, einige Ideen und Vorschl\u00e4ge, Partnerschaften, Missbrauchsmeldungen, Uptostream-Nutzung und mehr. Benutzer k\u00f6nnen auf die Registerkarte &#8222;Support&#8220; der Plattform gehen und mit ihren Anliegen fortfahren.<\/p>\n\n\n\n<h2>Abschlie\u00dfende Empfehlungen<\/h2>\n\n\n\n<p>Heutzutage gibt es viele File-Hosting-Provider. Was w\u00fcrde also eine Person wie Sie hier tun? Wir empfehlen Ihnen eine gr\u00fcndliche Recherche, bevor Sie sich bei einem solchen Anbieter anmelden, und stellen sicher, dass alle Ihre Anforderungen von einem bestimmten Datei-Hosting-Anbieter erf\u00fcllt werden. Wir haben gerade einen f\u00fcr Sie \u00fcber das Uptobox-Datei-Hosting gemacht.<\/p>\n\n\n\n<p>Es ist wichtig, dass das Datei-Hosting zuverl\u00e4ssig, sicher, erschwinglich und immer verf\u00fcgbar ist und m\u00f6glichst keine Ausfallzeiten hat. Au\u00dferdem ist der Kundenservice in den meisten F\u00e4llen sehr gut. Diese Eigenschaften werden von Uptobox erf\u00fcllt, und wir sind stolz darauf, diese Art von Service zu nutzen.<\/p>\n\n\n\n<p>Referenzen<\/p>\n\n\n\n<p><a rel=\"noreferrer noopener\" aria-label=\"https:\/\/www.techopedia.com\/definition\/25310\/file-hosting-service (opens in a new tab)\" href=\"https:\/\/www.techopedia.com\/definition\/25310\/file-hosting-service\" target=\"_blank\">https:\/\/www.techopedia.com\/definition\/25310\/file-hosting-service<\/a><br><a rel=\"noreferrer noopener\" aria-label=\" (opens in a new tab)\" href=\"https:\/\/searchmobilecomputing.techtarget.com\/definition\/file-sharing\" target=\"_blank\">https:\/\/searchmobilecomputing.techtarget.com\/definition\/file-sharing<\/a><br><a rel=\"noreferrer noopener\" aria-label=\" (opens in a new tab)\" href=\"https:\/\/ezinearticles.com\/?File-Sharing-and-Its-Importance-in-Web-Hosting&amp;id=5950843\" target=\"_blank\">https:\/\/ezinearticles.com\/?File-Sharing-and-Its-Importance-in-Web-Hosting&amp;id=5950843<\/a><br><a rel=\"noreferrer noopener\" aria-label=\" (opens in a new tab)\" href=\"http:\/\/www.nextprocess.com\/document-management\/6-reasons-store-data-electronically\/\" target=\"_blank\">http:\/\/www.nextprocess.com\/document-management\/6-reasons-store-data-electronically\/<\/a><br><a rel=\"noreferrer noopener\" aria-label=\" (opens in a new tab)\" href=\"https:\/\/www.slideshare.net\/Qecart1\/want-to-know-benefits-of-file-hosting-service\" target=\"_blank\">https:\/\/www.slideshare.net\/Qecart1\/want-to-know-benefits-of-file-hosting-service<\/a><\/p>\n\n\n<a class=\"maxbutton-2 maxbutton maxbutton-cta\" target=\"_blank\" rel=\"nofollow noopener\" href=\"\/uptobox\/goto\/\"><span class='mb-text'>&gt;&gt; Gehen Sie zur urspr\u00fcnglichen Uptobox Website<\/span><\/a>\n\n\n<p><\/p>\n","protected":false},"excerpt":{"rendered":"<p>Wollen und m\u00fcssen Sie Ihre Dateien und Dokumente online speichern? Es geht nicht um die Speicherung der Daten f\u00fcr Ihre<\/p>\n","protected":false},"author":2,"featured_media":0,"parent":0,"menu_order":0,"comment_status":"closed","ping_status":"closed","template":"","meta":[],"yoast_head":"<!-- This site is optimized with the Yoast SEO plugin v18.3 - https:\/\/yoast.com\/wordpress\/plugins\/seo\/ -->\n<title>Uptobox Premium Konto - Der Filehoster auf einen Blick<\/title>\n<meta name=\"description\" content=\"Ist Uptobox ein seri\u00f6ser Anbieter oder nicht, finden Sie die Antwort im aktuellen Test auf Multihoster.org \u279c. Klicken Sie jetzt \u271a und lesen Sie unsere Erfahrungen!\" \/>\n<meta name=\"robots\" content=\"index, follow, max-snippet:-1, max-image-preview:large, max-video-preview:-1\" \/>\n<link rel=\"canonical\" href=\"https:\/\/multihoster.org\/de\/uptobox\/\" \/>\n<meta property=\"og:locale\" content=\"de_DE\" \/>\n<meta property=\"og:type\" content=\"article\" \/>\n<meta property=\"og:title\" content=\"Uptobox Premium Konto - Der Filehoster auf einen Blick\" \/>\n<meta property=\"og:description\" content=\"Ist Uptobox ein seri\u00f6ser Anbieter oder nicht, finden Sie die Antwort im aktuellen Test auf Multihoster.org \u279c. Klicken Sie jetzt \u271a und lesen Sie unsere Erfahrungen!\" \/>\n<meta property=\"og:url\" content=\"https:\/\/multihoster.org\/de\/uptobox\/\" \/>\n<meta property=\"og:site_name\" content=\"Multihoster.org\" \/>\n<meta property=\"article:modified_time\" content=\"2020-12-14T18:46:16+00:00\" \/>\n<meta property=\"og:image\" content=\"https:\/\/lh4.googleusercontent.com\/xv77LN-168QhF1RoSxdXh1MjQwqUr05MsdRowLG3ns8v4mB8SIfgagayRIOS2mSr5z3ZacePc7jeItnedhkyU9zJI8E04UxYUfzxXbmj5fVfg7ssk9wtBHMEG8wU42jnzz7IFiw\" \/>\n<meta name=\"twitter:card\" content=\"summary\" \/>\n<meta name=\"twitter:label1\" content=\"Gesch\u00e4tzte Lesezeit\" \/>\n\t<meta name=\"twitter:data1\" content=\"8\u00a0Minuten\" \/>\n<script type=\"application\/ld+json\" class=\"yoast-schema-graph\">{\"@context\":\"https:\/\/schema.org\",\"@graph\":[{\"@type\":\"WebSite\",\"@id\":\"https:\/\/multihoster.org\/#website\",\"url\":\"https:\/\/multihoster.org\/\",\"name\":\"Multihoster.org\",\"description\":\"Reviews of the major Filehosting services\",\"potentialAction\":[{\"@type\":\"SearchAction\",\"target\":{\"@type\":\"EntryPoint\",\"urlTemplate\":\"https:\/\/multihoster.org\/?s={search_term_string}\"},\"query-input\":\"required name=search_term_string\"}],\"inLanguage\":\"de\"},{\"@type\":\"ImageObject\",\"@id\":\"https:\/\/multihoster.org\/de\/uptobox\/#primaryimage\",\"inLanguage\":\"de\",\"url\":\"https:\/\/lh4.googleusercontent.com\/xv77LN-168QhF1RoSxdXh1MjQwqUr05MsdRowLG3ns8v4mB8SIfgagayRIOS2mSr5z3ZacePc7jeItnedhkyU9zJI8E04UxYUfzxXbmj5fVfg7ssk9wtBHMEG8wU42jnzz7IFiw\",\"contentUrl\":\"https:\/\/lh4.googleusercontent.com\/xv77LN-168QhF1RoSxdXh1MjQwqUr05MsdRowLG3ns8v4mB8SIfgagayRIOS2mSr5z3ZacePc7jeItnedhkyU9zJI8E04UxYUfzxXbmj5fVfg7ssk9wtBHMEG8wU42jnzz7IFiw\"},{\"@type\":\"WebPage\",\"@id\":\"https:\/\/multihoster.org\/de\/uptobox\/#webpage\",\"url\":\"https:\/\/multihoster.org\/de\/uptobox\/\",\"name\":\"Uptobox Premium Konto - Der Filehoster auf einen Blick\",\"isPartOf\":{\"@id\":\"https:\/\/multihoster.org\/#website\"},\"primaryImageOfPage\":{\"@id\":\"https:\/\/multihoster.org\/de\/uptobox\/#primaryimage\"},\"datePublished\":\"2020-03-20T14:33:05+00:00\",\"dateModified\":\"2020-12-14T18:46:16+00:00\",\"description\":\"Ist Uptobox ein seri\u00f6ser Anbieter oder nicht, finden Sie die Antwort im aktuellen Test auf Multihoster.org \u279c. Klicken Sie jetzt \u271a und lesen Sie unsere Erfahrungen!\",\"breadcrumb\":{\"@id\":\"https:\/\/multihoster.org\/de\/uptobox\/#breadcrumb\"},\"inLanguage\":\"de\",\"potentialAction\":[{\"@type\":\"ReadAction\",\"target\":[\"https:\/\/multihoster.org\/de\/uptobox\/\"]}]},{\"@type\":\"BreadcrumbList\",\"@id\":\"https:\/\/multihoster.org\/de\/uptobox\/#breadcrumb\",\"itemListElement\":[{\"@type\":\"ListItem\",\"position\":1,\"name\":\"Startseite\",\"item\":\"https:\/\/multihoster.org\/de\/\"},{\"@type\":\"ListItem\",\"position\":2,\"name\":\"Uptobox Premium Konto: Der Filehoster Auf Einen Blick\"}]}]}<\/script>\n<!-- \/ Yoast SEO plugin. -->","yoast_head_json":{"title":"Uptobox Premium Konto - Der Filehoster auf einen Blick","description":"Ist Uptobox ein seri\u00f6ser Anbieter oder nicht, finden Sie die Antwort im aktuellen Test auf Multihoster.org \u279c. Klicken Sie jetzt \u271a und lesen Sie unsere Erfahrungen!","robots":{"index":"index","follow":"follow","max-snippet":"max-snippet:-1","max-image-preview":"max-image-preview:large","max-video-preview":"max-video-preview:-1"},"canonical":"https:\/\/multihoster.org\/de\/uptobox\/","og_locale":"de_DE","og_type":"article","og_title":"Uptobox Premium Konto - Der Filehoster auf einen Blick","og_description":"Ist Uptobox ein seri\u00f6ser Anbieter oder nicht, finden Sie die Antwort im aktuellen Test auf Multihoster.org \u279c. Klicken Sie jetzt \u271a und lesen Sie unsere Erfahrungen!","og_url":"https:\/\/multihoster.org\/de\/uptobox\/","og_site_name":"Multihoster.org","article_modified_time":"2020-12-14T18:46:16+00:00","og_image":[{"url":"https:\/\/lh4.googleusercontent.com\/xv77LN-168QhF1RoSxdXh1MjQwqUr05MsdRowLG3ns8v4mB8SIfgagayRIOS2mSr5z3ZacePc7jeItnedhkyU9zJI8E04UxYUfzxXbmj5fVfg7ssk9wtBHMEG8wU42jnzz7IFiw"}],"twitter_card":"summary","twitter_misc":{"Gesch\u00e4tzte Lesezeit":"8\u00a0Minuten"},"schema":{"@context":"https:\/\/schema.org","@graph":[{"@type":"WebSite","@id":"https:\/\/multihoster.org\/#website","url":"https:\/\/multihoster.org\/","name":"Multihoster.org","description":"Reviews of the major Filehosting services","potentialAction":[{"@type":"SearchAction","target":{"@type":"EntryPoint","urlTemplate":"https:\/\/multihoster.org\/?s={search_term_string}"},"query-input":"required name=search_term_string"}],"inLanguage":"de"},{"@type":"ImageObject","@id":"https:\/\/multihoster.org\/de\/uptobox\/#primaryimage","inLanguage":"de","url":"https:\/\/lh4.googleusercontent.com\/xv77LN-168QhF1RoSxdXh1MjQwqUr05MsdRowLG3ns8v4mB8SIfgagayRIOS2mSr5z3ZacePc7jeItnedhkyU9zJI8E04UxYUfzxXbmj5fVfg7ssk9wtBHMEG8wU42jnzz7IFiw","contentUrl":"https:\/\/lh4.googleusercontent.com\/xv77LN-168QhF1RoSxdXh1MjQwqUr05MsdRowLG3ns8v4mB8SIfgagayRIOS2mSr5z3ZacePc7jeItnedhkyU9zJI8E04UxYUfzxXbmj5fVfg7ssk9wtBHMEG8wU42jnzz7IFiw"},{"@type":"WebPage","@id":"https:\/\/multihoster.org\/de\/uptobox\/#webpage","url":"https:\/\/multihoster.org\/de\/uptobox\/","name":"Uptobox Premium Konto - Der Filehoster auf einen Blick","isPartOf":{"@id":"https:\/\/multihoster.org\/#website"},"primaryImageOfPage":{"@id":"https:\/\/multihoster.org\/de\/uptobox\/#primaryimage"},"datePublished":"2020-03-20T14:33:05+00:00","dateModified":"2020-12-14T18:46:16+00:00","description":"Ist Uptobox ein seri\u00f6ser Anbieter oder nicht, finden Sie die Antwort im aktuellen Test auf Multihoster.org \u279c. Klicken Sie jetzt \u271a und lesen Sie unsere Erfahrungen!","breadcrumb":{"@id":"https:\/\/multihoster.org\/de\/uptobox\/#breadcrumb"},"inLanguage":"de","potentialAction":[{"@type":"ReadAction","target":["https:\/\/multihoster.org\/de\/uptobox\/"]}]},{"@type":"BreadcrumbList","@id":"https:\/\/multihoster.org\/de\/uptobox\/#breadcrumb","itemListElement":[{"@type":"ListItem","position":1,"name":"Startseite","item":"https:\/\/multihoster.org\/de\/"},{"@type":"ListItem","position":2,"name":"Uptobox Premium Konto: Der Filehoster Auf Einen Blick"}]}]}},"_links":{"self":[{"href":"https:\/\/multihoster.org\/de\/wp-json\/wp\/v2\/pages\/2527"}],"collection":[{"href":"https:\/\/multihoster.org\/de\/wp-json\/wp\/v2\/pages"}],"about":[{"href":"https:\/\/multihoster.org\/de\/wp-json\/wp\/v2\/types\/page"}],"author":[{"embeddable":true,"href":"https:\/\/multihoster.org\/de\/wp-json\/wp\/v2\/users\/2"}],"replies":[{"embeddable":true,"href":"https:\/\/multihoster.org\/de\/wp-json\/wp\/v2\/comments?post=2527"}],"version-history":[{"count":7,"href":"https:\/\/multihoster.org\/de\/wp-json\/wp\/v2\/pages\/2527\/revisions"}],"predecessor-version":[{"id":5460,"href":"https:\/\/multihoster.org\/de\/wp-json\/wp\/v2\/pages\/2527\/revisions\/5460"}],"wp:attachment":[{"href":"https:\/\/multihoster.org\/de\/wp-json\/wp\/v2\/media?parent=2527"}],"curies":[{"name":"wp","href":"https:\/\/api.w.org\/{rel}","templated":true}]}}