{"id":2588,"date":"2020-03-20T16:34:34","date_gmt":"2020-03-20T16:34:34","guid":{"rendered":"https:\/\/multihoster.org\/?page_id=2588"},"modified":"2020-03-30T14:06:28","modified_gmt":"2020-03-30T14:06:28","slug":"4share","status":"publish","type":"page","link":"https:\/\/multihoster.org\/de\/4share\/","title":{"rendered":"4share Premium Konto: Der Filehoster Auf Einen Blick"},"content":{"rendered":"\n<figure class=\"wp-block-image\"><img src=\"https:\/\/lh3.googleusercontent.com\/RrbU4oZEm4QWQKICoZLyymhFtYa8lbr9pXG3GYEgIjcXl-e1SHUFBrLO4GvlZAt1bGGxzdjop4KvAsHTOgT02oisMpTGlnhNxTCtO6KVy24hCDffb1nmnOyrDKLKxgDucv-ks1w\" alt=\"4share logo\"\/><\/figure>\n\n\n\n<p>Die Suche nach einem zuverl\u00e4ssigen Datei-Hoster im Internet ist wie die Suche nach der Nadel im Heuhaufen. Es gibt viele File-Hoster, aber sie bieten meist nicht den Qualit\u00e4tsservice, den sie versprechen. Es gibt jedoch gute Dienstleister, die billige und vertrauensw\u00fcrdige File-Hosting-Dienste anbieten. Einer davon ist der 4Share-Datei-Hosting-Service (nicht zu verwechseln mit 4shared). 4share hat eine der billigsten Geb\u00fchren in jedem Datei-Hosting-Dienst da drau\u00dfen, hat aber immer noch die Eigenschaften der popul\u00e4reren Datei-Hosts. <\/p>\n\n\n<a class=\"maxbutton-2 maxbutton maxbutton-cta\" target=\"_blank\" rel=\"nofollow noopener\" href=\"\/go\/\"><span class='mb-text'>&gt;&gt; Gehen Sie zur urspr\u00fcnglichen Linkifier Website<\/span><\/a>\n\n\n<p><\/p>\n\n\n\n<h2>Was ist 4share?<\/h2>\n\n\n\n<p>4share ist ein Datei-Hosting-Service, der zur Speicherung seiner Dateien die Cloud-Technologie nutzt. 4share bietet eine der g\u00fcnstigsten Geb\u00fchren in allen Datei-Hostern, die es gibt. F\u00fcr nur 50.000 VND oder 2,20 Dollar pro Monat kann ein 4share-Premium-Account-Besitzer zahlreiche Dienste nutzen, die bis zu mehreren hundert Dollar kosten k\u00f6nnen, nur um sie mit anderen Datei-Hosting-Diensten zu nutzen. Ihre Website verf\u00fcgt \u00fcber eine Verzeichnisfunktion, mit der Sie Ihre Dateien einfach verwalten k\u00f6nnen.<\/p>\n\n\n\n<p>Der Austausch von Dateien mit 4share ist sehr einfach und problemlos. Das 4share verwendet direkte Links f\u00fcr den schnellen Austausch von Dateien. F\u00fcr zus\u00e4tzlichen Schutz und Sicherheit k\u00f6nnen Sie sogar Passw\u00f6rter in Ihre Dateien aufnehmen, wenn Sie den Premium-Account-Service nutzen.<\/p>\n\n\n\n<p>Durchsuchen Sie Millionen von Dateien aus ihrer riesigen Bibliothek von Inhalten und Medien f\u00fcr verschiedene Benutzer auf der ganzen Welt. Geben Sie Ihre Inhalte einfach und sofort an Ihre Freunde und Kollegen weiter. Sie m\u00fcssen nur den Link und das Passwort freigeben, und schon ist alles f\u00fcr die Freigabe vorbereitet. Sie k\u00f6nnen auch Geld verdienen, indem Sie einfach verschiedene Dateien \u00fcber das 4share-Premium-Konto Belohnungssystem und den Uploader-Bonus herunterladen und hochladen. Diese Punkte k\u00f6nnen in Gold umgewandelt werden, das dann in Bargeld umgewandelt werden kann.<\/p>\n\n\n\n<figure class=\"wp-block-image\"><img src=\"https:\/\/lh5.googleusercontent.com\/UqjTF6dyAIxPnGl0cG9cZKd5-ISTAysBk0Km5fS-pdki6nUVmGnzLWP9N7E6lsdcOlewtGUjdr-ThYbNJNK01Dnm7QBFhuP7SkTy7MgF_mQpduSUB6pZkiK98R5sbmLoG9-tiso\" alt=\"4share website\"\/><\/figure>\n\n\n\n<h2>4share Premium Funktionen<\/h2>\n\n\n\n<ul><li>Unbegrenzte Geschwindigkeit<\/li><\/ul>\n\n\n\n<p>Durch die Erstellung eines 4share-Premium-Accounts k\u00f6nnen Sie auf Dateien ohne Geschwindigkeitsbeschr\u00e4nkung zugreifen. Das bedeutet, dass die Geschwindigkeit Ihres Up- oder Downloads vollst\u00e4ndig von Ihrer Internetverbindung abh\u00e4ngt. Perfekt f\u00fcr Benutzer, die ihre Inhalte st\u00e4ndig online hoch- und herunterladen m\u00fcssen, wie K\u00fcnstler und Redakteure. Ein Benutzer mit einem kostenlosen Konto hat jedoch aufgrund der geringen Priorit\u00e4t des Netzwerkverkehrs eine begrenzte Geschwindigkeit. Auch die Bandbreite f\u00fcr Benutzer mit einem kostenlosen Konto ist limitiert.<\/p>\n\n\n\n<ul><li>Lange Lagerdauer<\/li><\/ul>\n\n\n\n<p>Benutzer von 4share-Premium-Accounts haben eine l\u00e4ngere Speicherzeit auf dem Cloud-Server. Benutzer mit einem Premium-Account haben insgesamt 30 Tage Speicherzeit plus zus\u00e4tzliche V.I.P.-Zeit f\u00fcr l\u00e4ngere Zeitr\u00e4ume. Ein kostenloser Benutzer ist jedoch nur auf 15 Tage beschr\u00e4nkt. Ein Premium-Account ist ratsam, da alle Dateien l\u00e4nger auf dem Server gespeichert werden und Sie sich keine Sorgen machen m\u00fcssen, Ihre Medien und Dateien f\u00fcr l\u00e4ngere Zeit ohne \u00dcberpr\u00fcfung zu verlassen.<\/p>\n\n\n\n<ul><li>H\u00f6heres Datei-Download-Limit<\/li><\/ul>\n\n\n\n<p>Ein kostenloser Benutzer kann nur eine begrenzte Anzahl von Dateien pro Tag herunterladen. Mit einem 4share-Premium-Konto k\u00f6nnen Sie jedoch t\u00e4glich insgesamt 500 GB an Pfiff-Downloads genie\u00dfen. Sie k\u00f6nnen Ihre Dateien \u00fcberall und jederzeit frei verwalten und mit zus\u00e4tzlicher Geschwindigkeit, um sicherzustellen, dass Sie bei jedem Bedarf einfach auf Ihre Dateien zugreifen k\u00f6nnen.<\/p>\n\n\n\n<ul><li>Mehrere Downloads<\/li><\/ul>\n\n\n\n<p>Mit dem Premium-Konto k\u00f6nnen Sie Dateien gleichzeitig herunterladen. Das bedeutet, dass Sie mit dem 4share-Premium-Account alle ben\u00f6tigten Dateien schnell und unkompliziert mitnehmen k\u00f6nnen. Ein kostenloser Benutzer ist nur auf 1 Download pro Zugang beschr\u00e4nkt und muss mehrere Sekunden warten, bevor er wieder mit dem Herunterladen beginnen kann.<\/p>\n\n\n\n<ul><li>4share Werkzeug<\/li><\/ul>\n\n\n\n<p>Das 4share Tool ist ein besonderes Feature der 4share Premium, das Ihre Downloads verwaltet. Es ist eines der Werkzeuge, die 4share auszeichnen. Mit ihm k\u00f6nnen Sie Ihre Downloads gleichzeitig \u00fcberwachen. Sie k\u00f6nnen mit dem Tool auch alle Downloads anhalten und wieder aufnehmen. Als Download-Manager zeigt es alle notwendigen Informationen \u00fcber die Dateien an, die Sie gerade herunterladen.<\/p>\n\n\n\n<figure class=\"wp-block-image\"><img src=\"https:\/\/lh3.googleusercontent.com\/FU1HIpkqN2mjTD0NQ9L6upbQoXOAO1Sx8rWUABkhEoBfRDvFsP4KqwQdRXOmAZaxpnjPn5RWEoHy50yPBfL_OPAzPl35SlCBxY_0MjDbXq0qWZWBb6xP0qT71UEmcotfljgXZ_w\" alt=\"4share Tool App window\"\/><\/figure>\n\n\n\n<ul><li>H\u00f6here Speichergrenze<\/li><\/ul>\n\n\n\n<p>Benutzer eines 4share-Premium-Kontos genie\u00dfen h\u00f6here Speicherplatzlimits als Benutzer eines kostenlosen Kontos. Benutzer mit einem Premium-Konto erhalten 300 GB Speicherplatz, den sie frei nutzen k\u00f6nnen. Ob f\u00fcr Videos oder nur einfache Dokumente f\u00fcr Arbeit und Schule, mit 4share Premium steht den Nutzern viel Speicherplatz zur Verf\u00fcgung. Filme oder andere Medien k\u00f6nnen gespeichert werden, ohne dass man sich \u00fcber die Speicherplatzgrenze Gedanken machen muss, w\u00e4hrend ein Benutzer eines kostenlosen Kontos nur \u00fcber begrenzten Speicherplatz verf\u00fcgt.<\/p>\n\n\n\n<ul><li>Verzeichnis-Manager<\/li><\/ul>\n\n\n\n<p>Benutzer, die ihre eigenen 4share-Premium-Accounts nutzen, kommen in den Genuss einer weiteren reibungslosen Funktion, dem Directory Manager. Mit dem DIrectory Manager k\u00f6nnen Sie alles, was Sie in Ihren Speicher hochgeladen haben, verwalten und sortieren. Greifen Sie jederzeit und \u00fcberall problemlos auf Ihre Dateien und Medien zu. Der Directory Manager erm\u00f6glicht eine reibungslose und nahtlose Suche von Dateien.<\/p>\n\n\n\n<ul><li>Passwortschutz<\/li><\/ul>\n\n\n\n<p>Alle Dateien, die von Benutzern eines 4share Premium-Accounts hochgeladen werden, sind durch ein Passwort gesch\u00fctzt. Andere Benutzer k\u00f6nnen nicht auf Ihre Dateien zugreifen, wenn Sie ihnen kein Passwort geben. Sehr praktisch f\u00fcr die sichere Aufbewahrung von Dateien f\u00fcr die Arbeit oder Ihre selbst erstellten Medien wie Kunst und Videos. Ein kostenloser Benutzer auf der anderen Seite hat seine Dateien f\u00fcr andere Benutzer zug\u00e4nglich gemacht und kann \u00fcber seinen Link darauf zugreifen. Wenn Sie Ihre privaten Dateien sch\u00fctzen wollen, ist ein 4share Premium-Account sehr empfehlenswert. Das Internet ist voll von b\u00f6sartigen Entit\u00e4ten, die darauf abzielen, Dateien und andere Inhalte zu stehlen. Das 4share Premium-Passwortsystem schlie\u00dft die M\u00f6glichkeit solcher Risiken f\u00fcr ihre Nutzer vollst\u00e4ndig aus.<\/p>\n\n\n\n<ul><li>Direkter Link<\/li><\/ul>\n\n\n<a class=\"maxbutton-2 maxbutton maxbutton-cta\" target=\"_blank\" rel=\"nofollow noopener\" href=\"\/go\/\"><span class='mb-text'>&gt;&gt; Gehen Sie zur urspr\u00fcnglichen Linkifier Website<\/span><\/a>\n\n\n<p><\/p>\n\n\n\n<p>Der Austausch von Dateien mit der 4share Premium erfolgt \u00fcber direkte Links. Sie erhalten einen Link zu Ihrer Datei, die Sie teilen m\u00f6chten, und senden ihn einfach an die andere Person, mit der Sie die Datei teilen m\u00f6chten. Sie k\u00f6nnen auch ein Passwort f\u00fcr einen sichereren Austausch angeben.<\/p>\n\n\n\n<ul><li>G\u00fcnstiges monatliches Abonnement<\/li><\/ul>\n\n\n\n<p>4share Premium hat die niedrigste Abonnementgeb\u00fchr aller Datei-Hosting-Dienste im Web. Mit nur ca. 50.000 VND oder 2,20 $ pro Monat steht Ihnen jede Funktion des 4share Premium-Accounts zur Verf\u00fcgung. Andere Datei-Hosting-Dienste k\u00f6nnen bis zu \u00fcber 250 Dollar pro Monat kosten, obwohl die Funktionen und die Qualit\u00e4t des Dienstes fast identisch mit 4share sind. 4share hat sich zum Ziel gesetzt, seinen Nutzern eine preiswertere Alternative zum herk\u00f6mmlichen Datei-Hosting und mit einer zus\u00e4tzlichen Funktion anzubieten. Wenn Sie ein Student oder ein Kleinunternehmer sind, der jederzeit Zugriff auf seine Dateien und Medien ben\u00f6tigt, aber nur \u00fcber ein begrenztes Budget f\u00fcr die Dateiverwaltung verf\u00fcgt, ist der 4share Premium-Account genau das Richtige f\u00fcr Sie.<\/p>\n\n\n\n<ul><li>Benutzerhandbuch<\/li><\/ul>\n\n\n\n<p>F\u00fcr eine bequemere Nutzung wird den Benutzern ein n\u00fctzlicher Leitfaden zur Verf\u00fcgung gestellt, der ihnen hilft, die Funktionen besser zu nutzen und durch die Website der App-Anzeigen zu navigieren. Alle erforderlichen Informationen sind bereits im Benutzerhandbuch aufgef\u00fchrt, vom Herunter- und Hochladen \u00fcber die gemeinsame Nutzung von Links bis hin zum Bonuspunktesystem. Es sind auch Anleitungen zur Verl\u00e4ngerung des Abonnements f\u00fcr Ihr 4share Premium-Konto verf\u00fcgbar.<\/p>\n\n\n\n<h2>4share Premium Bonus-Punkte<\/h2>\n\n\n\n<p>4share Premium Bonuspunkte ist ein Belohnungssystem f\u00fcr seine Benutzer. Ein Benutzer eines Premium-Kontos kann durch Downloads und Uploads von Dateien Punkte sammeln. F\u00fcr einen Download von 2 GB erhalten Sie 1 Punkt oder 10 Bandbreitenpunkte. Diese Punkte k\u00f6nnen gegen Gold (das in der App verwendete innere Geld) eingetauscht werden. Dieses Gold kann dann von 4share gegen andere Produkte und Dienstleistungen eingetauscht werden. Sie k\u00f6nnen dies auch nutzen, um Ihr Abonnement zu verl\u00e4ngern. 40 Belohnungspunkte entsprechen 1 Gold. Downloads der gleichen Datei werden jedoch nur 3 Mal pro Stunde in Punkte umgewandelt.<\/p>\n\n\n\n<h2>Verdienen Sie Geld mit dem 4share Premium Konto-Belohnungssystem<\/h2>\n\n\n\n<p>Wussten Sie, dass die 4share Premium Account Points in Bargeld eingetauscht werden k\u00f6nnen? Die entsprechenden Punkte k\u00f6nnen in Bargeld umgewandelt und direkt auf Ihr Bankkonto \u00fcberwiesen werden. Ein einzelner Gold-Punkt kann gegen 300 VND oder 0,015 $ eingetauscht werden. Dieses System bietet die M\u00f6glichkeit f\u00fcr ein zus\u00e4tzliches Einkommen, wenn man Dateien \u00fcber das Internet austauscht. Der Mindestauszahlungsbetrag betr\u00e4gt 500.000 oder 21,00 $.<\/p>\n\n\n\n<p>Es wird auch darauf hingewiesen, dass das Belohnungssystem jeden Monat \u00c4nderungen unterzogen werden kann, um das System vollst\u00e4ndig zu optimieren und die Qualit\u00e4t des Dienstes weiter zu verbessern.<\/p>\n\n\n\n<h2>Wie Sie Ihr Einkommen mit den Pr\u00e4mien des 4share-Premiumkontos abheben<\/h2>\n\n\n\n<p>Sie k\u00f6nnen Ihre Eink\u00fcnfte mit dem Belohnungssystem mit nur einfachen Schritten abheben.<\/p>\n\n\n\n<p><strong>Schritt 1.<\/strong> Senden Sie Ihre Informationen und Ihre Telefonnummer an die App.<\/p>\n\n\n\n<p><strong>Schritt 2.<\/strong> Warten Sie auf die Best\u00e4tigung des Kontos.<\/p>\n\n\n\n<p><strong>Schritt 3.<\/strong> Warten Sie, bis das Geld auf Ihrem Bankkonto erscheint.<br><\/p>\n\n\n\n<h2>Verf\u00fcgen \u00fcber ein 4share Premium Konto<\/h2>\n\n\n\n<p>Das 4share Premium-Konto akzeptiert verschiedene Arten von Zahlungsmethoden VISA und MasterCard.<\/p>\n\n\n\n<h2>4share Premium-Konto VS Kostenloses Konto<\/h2>\n\n\n\n<figure class=\"wp-block-table\"><table class=\"\"><tbody><tr><td>Merkmale<\/td><td>4share Premium<\/td><td>Kostenloses Konto<\/td><\/tr><tr><td>Monatliche Abonnementgeb\u00fchr<\/td><td>$2.20 \/ 50,000 VND<\/td><td>kostenlos<\/td><\/tr><tr><td>Speicherzeit<\/td><td>30 Tage + Bonus<\/td><td>15 Tage<\/td><\/tr><tr><td>Download-Geschwindigkeit<\/td><td>unbegrenzte Geschwindigkeit<\/td><td>begrenzt<\/td><\/tr><tr><td>Anzahl der Dateien pro Download<\/td><td>unbegrenzt<\/td><td>Einzelner Download<\/td><\/tr><tr><td>Speichergr\u00f6\u00dfe<\/td><td>300GB<\/td><td>begrenzt<\/td><\/tr><tr><td>Wiederaufnahme-F\u00e4higkeit<\/td><td>verf\u00fcgbar<\/td><td>verf\u00fcgbar<\/td><\/tr><tr><td>Passwortschutz<\/td><td>verf\u00fcgbar<\/td><td>verf\u00fcgbar<\/td><\/tr><tr><td>Die Wartezeit<\/td><td>sofort<\/td><td>einige Sekunden<\/td><\/tr><tr><td>T\u00e4gliches Download-Limit<\/td><td>500GB pro Tag<\/td><td>begrenzt<\/td><\/tr><\/tbody><\/table><\/figure>\n\n\n\n<h2>4share Premium: G\u00fcnstigster Filehoster im Web<\/h2>\n\n\n\n<p>Der 4share Premium ist definitiv einer der billigsten Datei-Hosting-Dienste im Web. F\u00fcr nur 2 Dollar pro Monat hat ein Benutzer mit einem Premium-Account Anspruch auf eine Vielzahl von Diensten und Tools, mit denen er seine Dateien nahtlos verwalten kann. Es gibt noch andere Datei-Hosting-Dienste, aber die meisten werden Ihnen f\u00fcr mehrere hundert Dollar die gleiche Funktion berechnen, die Ihnen 4share Premium bieten kann. Und mit dem Uploader-Bonussystem k\u00f6nnen Sie auf den Seiten Geld verdienen, also was kann man sich besseres Angebot w\u00fcnschen?<\/p>\n\n\n<a class=\"maxbutton-2 maxbutton maxbutton-cta\" target=\"_blank\" rel=\"nofollow noopener\" href=\"\/go\/\"><span class='mb-text'>&gt;&gt; Gehen Sie zur urspr\u00fcnglichen Linkifier Website<\/span><\/a>\n\n\n<p><\/p>\n","protected":false},"excerpt":{"rendered":"<p>Die Suche nach einem zuverl\u00e4ssigen Datei-Hoster im Internet ist wie die Suche nach der Nadel im Heuhaufen. Es gibt viele<\/p>\n","protected":false},"author":2,"featured_media":0,"parent":0,"menu_order":0,"comment_status":"closed","ping_status":"closed","template":"","meta":[],"yoast_head":"<!-- This site is optimized with the Yoast SEO plugin v18.3 - https:\/\/yoast.com\/wordpress\/plugins\/seo\/ -->\n<title>4share Premium Konto - Der Filehoster auf einen Blick<\/title>\n<meta name=\"description\" content=\"Ist 4share ein seri\u00f6ser Anbieter oder nicht, finden Sie die Antwort im aktuellen Test auf Multihoster.org \u279c. Klicken Sie jetzt \u271a und lesen Sie unsere Erfahrungen!\" \/>\n<meta name=\"robots\" content=\"index, follow, max-snippet:-1, max-image-preview:large, max-video-preview:-1\" \/>\n<link rel=\"canonical\" href=\"https:\/\/multihoster.org\/de\/4share\/\" \/>\n<meta property=\"og:locale\" content=\"de_DE\" \/>\n<meta property=\"og:type\" content=\"article\" \/>\n<meta property=\"og:title\" content=\"4share Premium Konto - Der Filehoster auf einen Blick\" \/>\n<meta property=\"og:description\" content=\"Ist 4share ein seri\u00f6ser Anbieter oder nicht, finden Sie die Antwort im aktuellen Test auf Multihoster.org \u279c. Klicken Sie jetzt \u271a und lesen Sie unsere Erfahrungen!\" \/>\n<meta property=\"og:url\" content=\"https:\/\/multihoster.org\/de\/4share\/\" \/>\n<meta property=\"og:site_name\" content=\"Multihoster.org\" \/>\n<meta property=\"article:modified_time\" content=\"2020-03-30T14:06:28+00:00\" \/>\n<meta property=\"og:image\" content=\"https:\/\/lh3.googleusercontent.com\/RrbU4oZEm4QWQKICoZLyymhFtYa8lbr9pXG3GYEgIjcXl-e1SHUFBrLO4GvlZAt1bGGxzdjop4KvAsHTOgT02oisMpTGlnhNxTCtO6KVy24hCDffb1nmnOyrDKLKxgDucv-ks1w\" \/>\n<meta name=\"twitter:card\" content=\"summary\" \/>\n<meta name=\"twitter:label1\" content=\"Gesch\u00e4tzte Lesezeit\" \/>\n\t<meta name=\"twitter:data1\" content=\"8\u00a0Minuten\" \/>\n<script type=\"application\/ld+json\" class=\"yoast-schema-graph\">{\"@context\":\"https:\/\/schema.org\",\"@graph\":[{\"@type\":\"WebSite\",\"@id\":\"https:\/\/multihoster.org\/#website\",\"url\":\"https:\/\/multihoster.org\/\",\"name\":\"Multihoster.org\",\"description\":\"Reviews of the major Filehosting services\",\"potentialAction\":[{\"@type\":\"SearchAction\",\"target\":{\"@type\":\"EntryPoint\",\"urlTemplate\":\"https:\/\/multihoster.org\/?s={search_term_string}\"},\"query-input\":\"required name=search_term_string\"}],\"inLanguage\":\"de\"},{\"@type\":\"ImageObject\",\"@id\":\"https:\/\/multihoster.org\/de\/4share\/#primaryimage\",\"inLanguage\":\"de\",\"url\":\"https:\/\/lh3.googleusercontent.com\/RrbU4oZEm4QWQKICoZLyymhFtYa8lbr9pXG3GYEgIjcXl-e1SHUFBrLO4GvlZAt1bGGxzdjop4KvAsHTOgT02oisMpTGlnhNxTCtO6KVy24hCDffb1nmnOyrDKLKxgDucv-ks1w\",\"contentUrl\":\"https:\/\/lh3.googleusercontent.com\/RrbU4oZEm4QWQKICoZLyymhFtYa8lbr9pXG3GYEgIjcXl-e1SHUFBrLO4GvlZAt1bGGxzdjop4KvAsHTOgT02oisMpTGlnhNxTCtO6KVy24hCDffb1nmnOyrDKLKxgDucv-ks1w\"},{\"@type\":\"WebPage\",\"@id\":\"https:\/\/multihoster.org\/de\/4share\/#webpage\",\"url\":\"https:\/\/multihoster.org\/de\/4share\/\",\"name\":\"4share Premium Konto - Der Filehoster auf einen Blick\",\"isPartOf\":{\"@id\":\"https:\/\/multihoster.org\/#website\"},\"primaryImageOfPage\":{\"@id\":\"https:\/\/multihoster.org\/de\/4share\/#primaryimage\"},\"datePublished\":\"2020-03-20T16:34:34+00:00\",\"dateModified\":\"2020-03-30T14:06:28+00:00\",\"description\":\"Ist 4share ein seri\u00f6ser Anbieter oder nicht, finden Sie die Antwort im aktuellen Test auf Multihoster.org \u279c. Klicken Sie jetzt \u271a und lesen Sie unsere Erfahrungen!\",\"breadcrumb\":{\"@id\":\"https:\/\/multihoster.org\/de\/4share\/#breadcrumb\"},\"inLanguage\":\"de\",\"potentialAction\":[{\"@type\":\"ReadAction\",\"target\":[\"https:\/\/multihoster.org\/de\/4share\/\"]}]},{\"@type\":\"BreadcrumbList\",\"@id\":\"https:\/\/multihoster.org\/de\/4share\/#breadcrumb\",\"itemListElement\":[{\"@type\":\"ListItem\",\"position\":1,\"name\":\"Startseite\",\"item\":\"https:\/\/multihoster.org\/de\/\"},{\"@type\":\"ListItem\",\"position\":2,\"name\":\"4share Premium Konto: Der Filehoster Auf Einen Blick\"}]}]}<\/script>\n<!-- \/ Yoast SEO plugin. -->","yoast_head_json":{"title":"4share Premium Konto - Der Filehoster auf einen Blick","description":"Ist 4share ein seri\u00f6ser Anbieter oder nicht, finden Sie die Antwort im aktuellen Test auf Multihoster.org \u279c. Klicken Sie jetzt \u271a und lesen Sie unsere Erfahrungen!","robots":{"index":"index","follow":"follow","max-snippet":"max-snippet:-1","max-image-preview":"max-image-preview:large","max-video-preview":"max-video-preview:-1"},"canonical":"https:\/\/multihoster.org\/de\/4share\/","og_locale":"de_DE","og_type":"article","og_title":"4share Premium Konto - Der Filehoster auf einen Blick","og_description":"Ist 4share ein seri\u00f6ser Anbieter oder nicht, finden Sie die Antwort im aktuellen Test auf Multihoster.org \u279c. Klicken Sie jetzt \u271a und lesen Sie unsere Erfahrungen!","og_url":"https:\/\/multihoster.org\/de\/4share\/","og_site_name":"Multihoster.org","article_modified_time":"2020-03-30T14:06:28+00:00","og_image":[{"url":"https:\/\/lh3.googleusercontent.com\/RrbU4oZEm4QWQKICoZLyymhFtYa8lbr9pXG3GYEgIjcXl-e1SHUFBrLO4GvlZAt1bGGxzdjop4KvAsHTOgT02oisMpTGlnhNxTCtO6KVy24hCDffb1nmnOyrDKLKxgDucv-ks1w"}],"twitter_card":"summary","twitter_misc":{"Gesch\u00e4tzte Lesezeit":"8\u00a0Minuten"},"schema":{"@context":"https:\/\/schema.org","@graph":[{"@type":"WebSite","@id":"https:\/\/multihoster.org\/#website","url":"https:\/\/multihoster.org\/","name":"Multihoster.org","description":"Reviews of the major Filehosting services","potentialAction":[{"@type":"SearchAction","target":{"@type":"EntryPoint","urlTemplate":"https:\/\/multihoster.org\/?s={search_term_string}"},"query-input":"required name=search_term_string"}],"inLanguage":"de"},{"@type":"ImageObject","@id":"https:\/\/multihoster.org\/de\/4share\/#primaryimage","inLanguage":"de","url":"https:\/\/lh3.googleusercontent.com\/RrbU4oZEm4QWQKICoZLyymhFtYa8lbr9pXG3GYEgIjcXl-e1SHUFBrLO4GvlZAt1bGGxzdjop4KvAsHTOgT02oisMpTGlnhNxTCtO6KVy24hCDffb1nmnOyrDKLKxgDucv-ks1w","contentUrl":"https:\/\/lh3.googleusercontent.com\/RrbU4oZEm4QWQKICoZLyymhFtYa8lbr9pXG3GYEgIjcXl-e1SHUFBrLO4GvlZAt1bGGxzdjop4KvAsHTOgT02oisMpTGlnhNxTCtO6KVy24hCDffb1nmnOyrDKLKxgDucv-ks1w"},{"@type":"WebPage","@id":"https:\/\/multihoster.org\/de\/4share\/#webpage","url":"https:\/\/multihoster.org\/de\/4share\/","name":"4share Premium Konto - Der Filehoster auf einen Blick","isPartOf":{"@id":"https:\/\/multihoster.org\/#website"},"primaryImageOfPage":{"@id":"https:\/\/multihoster.org\/de\/4share\/#primaryimage"},"datePublished":"2020-03-20T16:34:34+00:00","dateModified":"2020-03-30T14:06:28+00:00","description":"Ist 4share ein seri\u00f6ser Anbieter oder nicht, finden Sie die Antwort im aktuellen Test auf Multihoster.org \u279c. Klicken Sie jetzt \u271a und lesen Sie unsere Erfahrungen!","breadcrumb":{"@id":"https:\/\/multihoster.org\/de\/4share\/#breadcrumb"},"inLanguage":"de","potentialAction":[{"@type":"ReadAction","target":["https:\/\/multihoster.org\/de\/4share\/"]}]},{"@type":"BreadcrumbList","@id":"https:\/\/multihoster.org\/de\/4share\/#breadcrumb","itemListElement":[{"@type":"ListItem","position":1,"name":"Startseite","item":"https:\/\/multihoster.org\/de\/"},{"@type":"ListItem","position":2,"name":"4share Premium Konto: Der Filehoster Auf Einen Blick"}]}]}},"_links":{"self":[{"href":"https:\/\/multihoster.org\/de\/wp-json\/wp\/v2\/pages\/2588"}],"collection":[{"href":"https:\/\/multihoster.org\/de\/wp-json\/wp\/v2\/pages"}],"about":[{"href":"https:\/\/multihoster.org\/de\/wp-json\/wp\/v2\/types\/page"}],"author":[{"embeddable":true,"href":"https:\/\/multihoster.org\/de\/wp-json\/wp\/v2\/users\/2"}],"replies":[{"embeddable":true,"href":"https:\/\/multihoster.org\/de\/wp-json\/wp\/v2\/comments?post=2588"}],"version-history":[{"count":4,"href":"https:\/\/multihoster.org\/de\/wp-json\/wp\/v2\/pages\/2588\/revisions"}],"predecessor-version":[{"id":2775,"href":"https:\/\/multihoster.org\/de\/wp-json\/wp\/v2\/pages\/2588\/revisions\/2775"}],"wp:attachment":[{"href":"https:\/\/multihoster.org\/de\/wp-json\/wp\/v2\/media?parent=2588"}],"curies":[{"name":"wp","href":"https:\/\/api.w.org\/{rel}","templated":true}]}}