{"id":2626,"date":"2020-03-23T14:50:11","date_gmt":"2020-03-23T14:50:11","guid":{"rendered":"https:\/\/multihoster.org\/?page_id=2626"},"modified":"2020-03-30T11:33:12","modified_gmt":"2020-03-30T11:33:12","slug":"fileshark","status":"publish","type":"page","link":"https:\/\/multihoster.org\/de\/fileshark\/","title":{"rendered":"Fileshark Premium Konto: Der Filehoster Im \u00dcberblick"},"content":{"rendered":"\n<figure class=\"wp-block-image\"><img src=\"https:\/\/lh4.googleusercontent.com\/N5IM2C40_yjvv_zNuUXu_SxRfezN8Y3UuSImioDPIB7qgYp675Bu-9gKwYTRBFSYFMrhZaGjkGxm8jlfgHOY7Rq1gtoupayw2C0T3YGPzQlLEQd--oMxWZwfJxjT65ei4p-A8fA\" alt=\"FileShark logo\"\/><\/figure>\n\n\n<a class=\"maxbutton-2 maxbutton maxbutton-cta\" target=\"_blank\" rel=\"nofollow noopener\" href=\"\/go\/\"><span class='mb-text'>&gt;&gt; Gehen Sie zur urspr\u00fcnglichen Linkifier Website<\/span><\/a>\n\n\n<p><\/p>\n\n\n\n<h2>Was ist FileShark?<\/h2>\n\n\n\n<p>FileShark ist eine der Websites zum Hoch- und Herunterladen von Dateien. Sie gew\u00e4hrleistet den Benutzern Sicherheit f\u00fcr ihre Dateien. Hier kann ein Benutzer seine Dateien hoch- und herunterladen, ansehen und mit anderen teilen. <\/p>\n\n\n\n<p>Bevor Sie auf die FileShark-Website zugreifen oder die Website weiter nutzen k\u00f6nnen, m\u00fcssen die Benutzer zuerst die Pop-up-Bedingungen von FileShark lesen.<\/p>\n\n\n\n<p>Die FileShark-Website ist urspr\u00fcnglich auf Polnisch, der Sprache in Polen, erstellt worden. Ein Benutzer kann die Sprache einfach und automatisch ins Englische oder in seine Muttersprache \u00fcbersetzen, indem er die Google-\u00dcbersetzungsfunktion des Webbrowsers nutzt.<\/p>\n\n\n\n<h2>FileShark Konten<\/h2>\n\n\n\n<ul><li>FileShark Nicht &#8211; Registriertes Benutzerkonto<\/li><\/ul>\n\n\n\n<p>Jeder Benutzer, auch wenn er noch nicht bei FileShark registriert ist, kann auf die FileShark-Website zugreifen. Nachfolgend sind die Dinge aufgef\u00fchrt, die ein nicht &#8211; registrierter Benutzer nur mit dem FileShark tun kann.<\/p>\n\n\n\n<p>1. Ein Benutzer kann die FileShark-Website durchsuchen und navigieren.<\/p>\n\n\n\n<p>2. Ein Premium-Benutzer kann auf einige der Funktionen der FileShark-Website zugreifen und diese nutzen.<\/p>\n\n\n\n<p>3. Ein Benutzer kann eine Datei herunterladen, aber mit einem Limit f\u00fcr die Download-Geschwindigkeit und die maximale Geschwindigkeit betr\u00e4gt nur bis zu 150 Kilobyte pro Sekunde (kbps).<\/p>\n\n\n\n<p>4. Wenn ein Benutzer eine Datei herunterl\u00e4dt, muss er sechzig (60) Sekunden warten, bevor der Download beginnt.<\/p>\n\n\n\n<p>5.&nbsp; Ein Benutzer kann nicht in der Lage sein, mehrere Dateien gleichzeitig herunterzuladen.<\/p>\n\n\n\n<p>6. Wenn ein Benutzer eine Datei hochl\u00e4dt, darf diese Datei nicht gr\u00f6\u00dfer als die maximale Gr\u00f6\u00dfe der Datei sein, die 1024 Megabyte (MB) betr\u00e4gt, und ein Benutzer darf nur eine (1) Datei auf einmal hochladen.<\/p>\n\n\n\n<p>7. Es gibt eine Zeitbegrenzung f\u00fcr die gespeicherte Datei. Fileshark gew\u00e4hrt nur nicht registrierten Benutzern drei\u00dfig (30) Tage f\u00fcr die Speicherung der Datei. <\/p>\n\n\n\n<ul><li>FileShark Kostenloses Konto<\/li><\/ul>\n\n\n\n<p>Ein Benutzer kann sich kostenlos als kostenloses Benutzerkonto bei FileShark registrieren. Die Benutzer des FileShark Free Account haben die gleichen Vorteile wie nicht registrierte Benutzer von FileShark.<\/p>\n\n\n\n<p>1. Ein kostenloses Konto kann die FileShark-Website durchsuchen und navigieren.<\/p>\n\n\n\n<p>2. Ein kostenloses Benutzerkonto kann auf die meisten Funktionen der FileShark-Website zugreifen und diese nutzen.<\/p>\n\n\n\n<p>3. Ein Benutzer mit einem kostenlosen Konto kann eine Datei herunterladen, aber mit einem Limit f\u00fcr die Download-Geschwindigkeit und die maximale Geschwindigkeit betr\u00e4gt bis zu 150 Kilobyte pro Sekunde (kbps) nur wie bei den nicht registrierten Benutzern von FileShark.<\/p>\n\n\n\n<p>4. Wenn eine Datei heruntergeladen wird, muss ein kostenloses Konto sechzig (60) Sekunden warten, bevor der Download beginnt.<\/p>\n\n\n\n<p>5. Ein kostenloses Konto kann nicht in der Lage sein, mehrere Dateien gleichzeitig herunterzuladen.<\/p>\n\n\n\n<p>6. Wenn ein Benutzer eine Datei hochl\u00e4dt, darf diese Datei nicht gr\u00f6\u00dfer als die maximale Gr\u00f6\u00dfe der Datei sein, die 10240 Megabyte (MB) betr\u00e4gt, und ein Benutzer darf nur zwanzig (20) Dateien gleichzeitig hochladen.<\/p>\n\n\n\n<p>7. Es gibt eine Zeitbegrenzung f\u00fcr die gespeicherte Datei. Fileshark gew\u00e4hrt den Benutzern eines kostenlosen Kontos nur drei\u00dfig (30) Tage f\u00fcr die Speicherung von Dateien. <\/p>\n\n\n\n<p>8. Ein einzelner Benutzer kann Daten bis zur maximalen Kapazit\u00e4t von acht Terabyte (8 TB) speichern.<\/p>\n\n\n\n<p>9. F\u00fcr ein kostenloses Konto m\u00fcssen Sie lediglich bis zu drei\u00dfig Gigabyte (30 GB) an Daten innerhalb der Zeit f\u00fcr einen ganzen Tag oder vierundzwanzig (24) Stunden herunterladen.<\/p>\n\n\n\n<ul><li>FileShark Premium Konto<\/li><\/ul>\n\n\n\n<p>Was sind die Vorteile, die ein Benutzer f\u00fcr den FileShark-Premium-Account erhalten kann?<\/p>\n\n\n\n<p>1.&nbsp; Ein Premium-Benutzer kann \u00fcberall auf der FileShark-Website browsen und navigieren.<\/p>\n\n\n\n<p>2.&nbsp; Ein Premium-Benutzer kann auf die besten Funktionen der FileShark-Website zugreifen und diese nutzen.<\/p>\n\n\n\n<p>3. Es gibt keine Wartezeit f\u00fcr Downloads, da die Benutzer die Downloads sofort automatisch starten k\u00f6nnen.<\/p>\n\n\n\n<p>4. Ein Premium-Benutzer kann die Download-Geschwindigkeit auf der maximalen Stufe erleben. Denken Sie nur daran, dass die Internetverbindung eines Benutzers die Geschwindigkeit der Downloads beeinflusst, wenn also die Internetverbindung eines Benutzers schnell ist, wird auch das Herunterladen der Datei schnell sein.<\/p>\n\n\n\n<p>5. Ein Premium-Benutzer hat keine zeitliche Begrenzung f\u00fcr die Dateiablage<\/p>\n\n\n\n<p>6. Einem Premium-Nutzer ist es erlaubt, mehrere Male gleichzeitig oder gleichzeitig herunterzuladen.<\/p>\n\n\n\n<p>7. Ein Premium-Benutzer ist eine Option zum Anhalten oder Wiederaufnehmen der Benutzer-Downloads.<\/p>\n\n\n\n<p>8. Ein Premium-Benutzer wird nicht l\u00e4nger auf Downloads warten, da es bei einem FileShark-Premium-Account keine Warteschlangen gibt.<\/p>\n\n\n\n<p>9. Ein Premium-Benutzer hat Unterst\u00fctzung f\u00fcr Streaming-Zwecke<\/p>\n\n\n\n<p class=\"has-text-align-center\"><strong> FileShark Premium <\/strong><\/p>\n\n\n\n<figure class=\"wp-block-table\"><table class=\"\"><tbody><tr><td class=\"has-text-align-center\" data-align=\"center\">Anzahl der Tage <\/td><td class=\"has-text-align-center\" data-align=\"center\"> Preis in Dollar (USD) <\/td><td class=\"has-text-align-center\" data-align=\"center\">Preis in Euro<\/td><td class=\"has-text-align-center\" data-align=\"center\">Preis in Polen Zloty (PLN) <\/td><\/tr><tr><td class=\"has-text-align-center\" data-align=\"center\">3<\/td><td class=\"has-text-align-center\" data-align=\"center\">$6.99<\/td><td class=\"has-text-align-center\" data-align=\"center\"> \u20ac 6<\/td><td class=\"has-text-align-center\" data-align=\"center\">25 z\u0142<\/td><\/tr><tr><td class=\"has-text-align-center\" data-align=\"center\">15<\/td><td class=\"has-text-align-center\" data-align=\"center\">$8.99<\/td><td class=\"has-text-align-center\" data-align=\"center\"> \u20ac 7.99<\/td><td class=\"has-text-align-center\" data-align=\"center\">33 z\u0142 <\/td><\/tr><tr><td class=\"has-text-align-center\" data-align=\"center\">30<\/td><td class=\"has-text-align-center\" data-align=\"center\">$12.49<\/td><td class=\"has-text-align-center\" data-align=\"center\"> \u20ac 10.99<\/td><td class=\"has-text-align-center\" data-align=\"center\">46 z\u0142 <\/td><\/tr><tr><td class=\"has-text-align-center\" data-align=\"center\">60<\/td><td class=\"has-text-align-center\" data-align=\"center\">$22.99<\/td><td class=\"has-text-align-center\" data-align=\"center\"> \u20ac 19.99<\/td><td class=\"has-text-align-center\" data-align=\"center\">84 z\u0142 <\/td><\/tr><tr><td class=\"has-text-align-center\" data-align=\"center\">90<\/td><td class=\"has-text-align-center\" data-align=\"center\">$32.99<\/td><td class=\"has-text-align-center\" data-align=\"center\"> \u20ac 28.99<\/td><td class=\"has-text-align-center\" data-align=\"center\">121 z\u0142 <\/td><\/tr><tr><td class=\"has-text-align-center\" data-align=\"center\">365<\/td><td class=\"has-text-align-center\" data-align=\"center\">$129<\/td><td class=\"has-text-align-center\" data-align=\"center\"> \u20ac 111<\/td><td class=\"has-text-align-center\" data-align=\"center\">475 z\u0142 <\/td><\/tr><\/tbody><\/table><\/figure>\n\n\n\n<p class=\"has-text-align-center\"><strong> FileShark Premium Konto (doppelt) <\/strong><\/p>\n\n\n\n<figure class=\"wp-block-table\"><table class=\"\"><tbody><tr><td>Gesamtzahl der Tage: <\/td><td>3 Tage<\/td><\/tr><tr><td>Speichergr\u00f6\u00dfe: <\/td><td>100 GB Transfer \/ 24 Stunden <\/td><\/tr><tr><td>Preis in USD: <\/td><td> $13.50 <\/td><\/tr><tr><td>Preis in Euro: <\/td><td> \u20ac 12 <\/td><\/tr><tr><td>Preis in Polen Gold: <\/td><td> 49.90 z\u0142 <\/td><\/tr><tr><td><\/td><td><\/td><\/tr><tr><td>Gesamtzahl der Tage:  <\/td><td>30 Tage <\/td><\/tr><tr><td>Speichergr\u00f6\u00dfe: <\/td><td>100 GB Transfer \/ 24 Stunden <\/td><\/tr><tr><td>Preis in Dollar (USD): <\/td><td> $24 <\/td><\/tr><tr><td>Preis in Euro: <\/td><td> \u20ac20.50 <\/td><\/tr><tr><td>Preis in Polen PLN: <\/td><td> 91.90 z\u0142 <\/td><\/tr><\/tbody><\/table><\/figure>\n\n\n\n<p>*GB bedeutet Gigabyte<\/p>\n\n\n<a class=\"maxbutton-2 maxbutton maxbutton-cta\" target=\"_blank\" rel=\"nofollow noopener\" href=\"\/go\/\"><span class='mb-text'>&gt;&gt; Gehen Sie zur urspr\u00fcnglichen Linkifier Website<\/span><\/a>\n\n\n<p><\/p>\n\n\n\n<h2>FileShark Zahlungen<\/h2>\n\n\n\n<p>F\u00fcr die FileShark-Zahlungen kann ein Benutzer den FileShark-Premium-Account mit den unten unterst\u00fctzten Zahlungsmethoden bezahlen.<\/p>\n\n\n\n<p>1. Paypal,<\/p>\n\n\n\n<p>2. Visa,<\/p>\n\n\n\n<p>3. MasterCard,<\/p>\n\n\n\n<p>4.American Express or AMEX,<\/p>\n\n\n\n<p>5. Unionpay,<\/p>\n\n\n\n<p>6. Sofort,<\/p>\n\n\n\n<p>7. Ideal,<\/p>\n\n\n\n<p>8. Giropay,&nbsp;<\/p>\n\n\n\n<p>9. Bitcoin, and<\/p>\n\n\n\n<p>10. FileShark Wiederverk\u00e4ufer<br><\/p>\n\n\n\n<p>FileShark-Lieferzeit: Die Lieferzeit des FileShark-Premium-Produkts betr\u00e4gt etwa eine (1) Minute bis zwei (2) Stunden des Tages nach der Bezahlung.<\/p>\n\n\n\n<h2>Aktivierung des FileShark Premium Kontos <\/h2>\n\n\n\n<p>Um den FileShark Premium Account zu aktivieren, sollte ein Benutzer den Schl\u00fcssel oder Code daf\u00fcr haben. Machen Sie sich keine Sorgen, denn nach der Nutzung des FileShark Premium-Accounts erh\u00e4lt der Benutzer den Schl\u00fcssel oder Code f\u00fcr die Aktivierung des FileShark Premium-Accounts. <\/p>\n\n\n\n<p>Wenn ein Benutzer bereits \u00fcber den Schl\u00fcssel verf\u00fcgt, folgen Sie einfach den folgenden Schritten:<\/p>\n\n\n\n<p>1. Ein Benutzer, der noch nicht bei FileShark registriert ist, muss sich zuerst registrieren. Der Benutzer kann sich also einloggen und zum FileShark-Panel gehen, um den Schl\u00fcssel oder Code f\u00fcr die FileShark-Pr\u00e4mie einzugeben.  Klicken Sie dann auf die Schaltfl\u00e4che &#8222;Anwenden&#8220;, um ihn zu speichern.<br><\/p>\n\n\n\n<p>2. Wenn ein Benutzerkonto bereits registriert ist, kann er sich bei FileShark anmelden und zum FileShark-Panel gehen, um den Schl\u00fcssel oder Code zur Aktivierung des FileShark-Premium-Kontos einzugeben. Klicken Sie dann auf die Schaltfl\u00e4che &#8222;Anwenden&#8220;, um ihn zu speichern.<br><\/p>\n\n\n\n<p>Nachdem der Schl\u00fcssel oder Code eingegeben und angewendet wurde und vom FileShark validiert wurde, wird der kostenlose Account des Benutzers automatisch auf den Premium-Account umgestellt oder der Premium-Account automatisch verl\u00e4ngert.<\/p>\n\n\n\n<h2>Hochladen von Dateien auf FileShark<\/h2>\n\n\n\n<p>Es gibt drei (3) M\u00f6glichkeiten f\u00fcr Benutzer, eine Datei auf FileShark hochzuladen:<\/p>\n\n\n\n<p>1. Hochladen einer Datei mit einem Youtube-Link &#8211; Ein Benutzer kann einfach den Link der Datei kopieren und in die FileShark Upload-Leiste einf\u00fcgen, um sie hochzuladen. Die maximale Gr\u00f6\u00dfe der Datei betr\u00e4gt 1 Gigabyte (GB).<br><\/p>\n\n\n\n<p>2. Hochladen einer Datei in das Cloud-Netzwerk &#8211; Auf diese Weise betr\u00e4gt die maximale Gr\u00f6\u00dfe der Datei 1 Gigabyte (GB).<br><\/p>\n\n\n\n<p>3. Hochladen mit dem File Transfer Protocol (FTP). Siehe unten, was FTP ist.<\/p>\n\n\n\n<p>Die maximale Gr\u00f6\u00dfe der Datei betr\u00e4gt 1 Gigabyte (GB)<\/p>\n\n\n\n<p>Wenn die Datei hochgeladen wird, wird die Datei hinzugef\u00fcgt und auf der Homepage von FileShark angezeigt.<\/p>\n\n\n\n<p>Was ist dann das FTP?<\/p>\n\n\n\n<p>FTP ist die Kurzbezeichnung f\u00fcr das File Transfer Protocol. Es ist eine Art <a rel=\"noreferrer noopener\" aria-label=\"Protokoll  (opens in a new tab)\" href=\"https:\/\/dictionary.cambridge.org\/us\/dictionary\/english\/protocol\" target=\"_blank\">Protokoll <\/a>des Internets und wird f\u00fcr die \u00dcbertragung von Dateien von einem Ger\u00e4t im Internet verwendet. Ein Benutzer wird eine Datei mit seinem Ger\u00e4t anfordern und dann gibt es einen Server, entweder lokal oder entfernt, der die vom Benutzer angeforderte Datei zur Verf\u00fcgung stellt.<br><\/p>\n\n\n\n<p>Unten sind die Kategorien aufgef\u00fchrt, wenn ein Benutzer eine Datei hochgeladen hat:<\/p>\n\n\n\n<p>Alle Kategorien &#8211; Alle Dateien werden hinzugef\u00fcgt und auf dieser Seite einschlie\u00dflich des Titels der Dateien angezeigt. <\/p>\n\n\n\n<figure class=\"wp-block-table\"><table class=\"\"><tbody><tr><td> Anf\u00e4nger<\/td><td> Spiele <\/td><td> Motto <\/td><td> Politik <\/td><td>Fernsehsendungen <\/td><\/tr><tr><td> B\u00fcro <\/td><td> Geschichte <\/td><td> Musik <\/td><td> Anleitungen<\/td><td>Kaputte Filme <\/td><\/tr><tr><td> Extreme Videos <\/td><td> Japanisch <\/td><td>Wissenschaft und Technik <\/td><td> Ads <\/td><td>Youtube Reihe <\/td><\/tr><tr><td> Filme <\/td><td>Theater oder Musiktheater <\/td><td>Nostalgie <\/td><td> Sexy <\/td><td>Lustige Videos <\/td><\/tr><tr><td>Filmfragmente <\/td><td>Zeichentrickfilme oder Animationen <\/td><td> Parodien <\/td><td> Sports <\/td><td> Haustiere <\/td><\/tr><tr><td> Gadgets <\/td><td> Magie <\/td><td>Bier Filme <\/td><td> Anh\u00e4nger <\/td><td><\/td><\/tr><\/tbody><\/table><\/figure>\n\n\n\n<h2>Herunterladen<\/h2>\n\n\n\n<p>Benutzer von FileShark, die nicht registriert sind, FileShark Free Account und FileShark Premium Account k\u00f6nnen Dateien \u00fcber die Download-Links von FileShark herunterladen. Die Download-Links einer Datei m\u00fcssen von einem Benutzer angeklickt werden, um auf die Download-Seite des FileShark zuzugreifen. Wenn sich ein Benutzer auf der Download-Seite einer Datei befindet, braucht er nur auf die Schaltfl\u00e4che &#8222;Download&#8220; zu klicken, um den Download zu starten.<\/p>\n\n\n\n<h2>Gemeinsame Nutzung<\/h2>\n\n\n\n<p>Ein Benutzer kann seine Datei(en) \u00fcber die vom FileShark bereitgestellten Links freigeben. Er oder sie kann sie auf sozialen Medienplattformen wie Facebook, Twitter und Instagram oder sogar auf E-Mails wie Yahoo Mail oder Google Mail freigeben.<\/p>\n\n\n\n<h2>Berichte<\/h2>\n\n\n\n<p>Wenn in irgendeinem Fall eine Missbrauchsaktion gemacht wird, muss diese an FileShark gemeldet werden.<\/p>\n\n\n\n<p>Ein Benutzer, unabh\u00e4ngig davon, ob er registriert ist oder nicht, sollte den Missbrauchsfall auf der Kontaktseite oder der Missbrauchsseite von FileShark melden. Er muss seine E-Mail-Adresse und den Inhalt der Meldung angeben. Um den Bericht abzuschicken, klicken Sie einfach auf die Schaltfl\u00e4che &#8222;Senden&#8220;.<\/p>\n\n\n<a class=\"maxbutton-2 maxbutton maxbutton-cta\" target=\"_blank\" rel=\"nofollow noopener\" href=\"\/go\/\"><span class='mb-text'>&gt;&gt; Gehen Sie zur urspr\u00fcnglichen Linkifier Website<\/span><\/a>\n\n\n<p><\/p>\n","protected":false},"excerpt":{"rendered":"<p>Was ist FileShark? FileShark ist eine der Websites zum Hoch- und Herunterladen von Dateien. Sie gew\u00e4hrleistet den Benutzern Sicherheit f\u00fcr<\/p>\n","protected":false},"author":2,"featured_media":0,"parent":0,"menu_order":0,"comment_status":"closed","ping_status":"closed","template":"","meta":[],"yoast_head":"<!-- This site is optimized with the Yoast SEO plugin v18.3 - https:\/\/yoast.com\/wordpress\/plugins\/seo\/ -->\n<title>Fileshark Premium Konto - Der Filehoster auf einen Blick<\/title>\n<meta name=\"description\" content=\"Ist Fileshark ein seri\u00f6ser Anbieter oder nicht, finden Sie die Antwort im aktuellen Test auf Multihoster.org \u279c. Klicken Sie jetzt \u271a und lesen Sie unsere Erfahrungen!\" \/>\n<meta name=\"robots\" content=\"index, follow, max-snippet:-1, max-image-preview:large, max-video-preview:-1\" \/>\n<link rel=\"canonical\" href=\"https:\/\/multihoster.org\/de\/fileshark\/\" \/>\n<meta property=\"og:locale\" content=\"de_DE\" \/>\n<meta property=\"og:type\" content=\"article\" \/>\n<meta property=\"og:title\" content=\"Fileshark Premium Konto - Der Filehoster auf einen Blick\" \/>\n<meta property=\"og:description\" content=\"Ist Fileshark ein seri\u00f6ser Anbieter oder nicht, finden Sie die Antwort im aktuellen Test auf Multihoster.org \u279c. Klicken Sie jetzt \u271a und lesen Sie unsere Erfahrungen!\" \/>\n<meta property=\"og:url\" content=\"https:\/\/multihoster.org\/de\/fileshark\/\" \/>\n<meta property=\"og:site_name\" content=\"Multihoster.org\" \/>\n<meta property=\"article:modified_time\" content=\"2020-03-30T11:33:12+00:00\" \/>\n<meta property=\"og:image\" content=\"https:\/\/lh4.googleusercontent.com\/N5IM2C40_yjvv_zNuUXu_SxRfezN8Y3UuSImioDPIB7qgYp675Bu-9gKwYTRBFSYFMrhZaGjkGxm8jlfgHOY7Rq1gtoupayw2C0T3YGPzQlLEQd--oMxWZwfJxjT65ei4p-A8fA\" \/>\n<meta name=\"twitter:card\" content=\"summary\" \/>\n<meta name=\"twitter:label1\" content=\"Gesch\u00e4tzte Lesezeit\" \/>\n\t<meta name=\"twitter:data1\" content=\"7\u00a0Minuten\" \/>\n<script type=\"application\/ld+json\" class=\"yoast-schema-graph\">{\"@context\":\"https:\/\/schema.org\",\"@graph\":[{\"@type\":\"WebSite\",\"@id\":\"https:\/\/multihoster.org\/#website\",\"url\":\"https:\/\/multihoster.org\/\",\"name\":\"Multihoster.org\",\"description\":\"Reviews of the major Filehosting services\",\"potentialAction\":[{\"@type\":\"SearchAction\",\"target\":{\"@type\":\"EntryPoint\",\"urlTemplate\":\"https:\/\/multihoster.org\/?s={search_term_string}\"},\"query-input\":\"required name=search_term_string\"}],\"inLanguage\":\"de\"},{\"@type\":\"ImageObject\",\"@id\":\"https:\/\/multihoster.org\/de\/fileshark\/#primaryimage\",\"inLanguage\":\"de\",\"url\":\"https:\/\/lh4.googleusercontent.com\/N5IM2C40_yjvv_zNuUXu_SxRfezN8Y3UuSImioDPIB7qgYp675Bu-9gKwYTRBFSYFMrhZaGjkGxm8jlfgHOY7Rq1gtoupayw2C0T3YGPzQlLEQd--oMxWZwfJxjT65ei4p-A8fA\",\"contentUrl\":\"https:\/\/lh4.googleusercontent.com\/N5IM2C40_yjvv_zNuUXu_SxRfezN8Y3UuSImioDPIB7qgYp675Bu-9gKwYTRBFSYFMrhZaGjkGxm8jlfgHOY7Rq1gtoupayw2C0T3YGPzQlLEQd--oMxWZwfJxjT65ei4p-A8fA\"},{\"@type\":\"WebPage\",\"@id\":\"https:\/\/multihoster.org\/de\/fileshark\/#webpage\",\"url\":\"https:\/\/multihoster.org\/de\/fileshark\/\",\"name\":\"Fileshark Premium Konto - Der Filehoster auf einen Blick\",\"isPartOf\":{\"@id\":\"https:\/\/multihoster.org\/#website\"},\"primaryImageOfPage\":{\"@id\":\"https:\/\/multihoster.org\/de\/fileshark\/#primaryimage\"},\"datePublished\":\"2020-03-23T14:50:11+00:00\",\"dateModified\":\"2020-03-30T11:33:12+00:00\",\"description\":\"Ist Fileshark ein seri\u00f6ser Anbieter oder nicht, finden Sie die Antwort im aktuellen Test auf Multihoster.org \u279c. Klicken Sie jetzt \u271a und lesen Sie unsere Erfahrungen!\",\"breadcrumb\":{\"@id\":\"https:\/\/multihoster.org\/de\/fileshark\/#breadcrumb\"},\"inLanguage\":\"de\",\"potentialAction\":[{\"@type\":\"ReadAction\",\"target\":[\"https:\/\/multihoster.org\/de\/fileshark\/\"]}]},{\"@type\":\"BreadcrumbList\",\"@id\":\"https:\/\/multihoster.org\/de\/fileshark\/#breadcrumb\",\"itemListElement\":[{\"@type\":\"ListItem\",\"position\":1,\"name\":\"Startseite\",\"item\":\"https:\/\/multihoster.org\/de\/\"},{\"@type\":\"ListItem\",\"position\":2,\"name\":\"Fileshark Premium Konto: Der Filehoster Im \u00dcberblick\"}]}]}<\/script>\n<!-- \/ Yoast SEO plugin. -->","yoast_head_json":{"title":"Fileshark Premium Konto - Der Filehoster auf einen Blick","description":"Ist Fileshark ein seri\u00f6ser Anbieter oder nicht, finden Sie die Antwort im aktuellen Test auf Multihoster.org \u279c. Klicken Sie jetzt \u271a und lesen Sie unsere Erfahrungen!","robots":{"index":"index","follow":"follow","max-snippet":"max-snippet:-1","max-image-preview":"max-image-preview:large","max-video-preview":"max-video-preview:-1"},"canonical":"https:\/\/multihoster.org\/de\/fileshark\/","og_locale":"de_DE","og_type":"article","og_title":"Fileshark Premium Konto - Der Filehoster auf einen Blick","og_description":"Ist Fileshark ein seri\u00f6ser Anbieter oder nicht, finden Sie die Antwort im aktuellen Test auf Multihoster.org \u279c. Klicken Sie jetzt \u271a und lesen Sie unsere Erfahrungen!","og_url":"https:\/\/multihoster.org\/de\/fileshark\/","og_site_name":"Multihoster.org","article_modified_time":"2020-03-30T11:33:12+00:00","og_image":[{"url":"https:\/\/lh4.googleusercontent.com\/N5IM2C40_yjvv_zNuUXu_SxRfezN8Y3UuSImioDPIB7qgYp675Bu-9gKwYTRBFSYFMrhZaGjkGxm8jlfgHOY7Rq1gtoupayw2C0T3YGPzQlLEQd--oMxWZwfJxjT65ei4p-A8fA"}],"twitter_card":"summary","twitter_misc":{"Gesch\u00e4tzte Lesezeit":"7\u00a0Minuten"},"schema":{"@context":"https:\/\/schema.org","@graph":[{"@type":"WebSite","@id":"https:\/\/multihoster.org\/#website","url":"https:\/\/multihoster.org\/","name":"Multihoster.org","description":"Reviews of the major Filehosting services","potentialAction":[{"@type":"SearchAction","target":{"@type":"EntryPoint","urlTemplate":"https:\/\/multihoster.org\/?s={search_term_string}"},"query-input":"required name=search_term_string"}],"inLanguage":"de"},{"@type":"ImageObject","@id":"https:\/\/multihoster.org\/de\/fileshark\/#primaryimage","inLanguage":"de","url":"https:\/\/lh4.googleusercontent.com\/N5IM2C40_yjvv_zNuUXu_SxRfezN8Y3UuSImioDPIB7qgYp675Bu-9gKwYTRBFSYFMrhZaGjkGxm8jlfgHOY7Rq1gtoupayw2C0T3YGPzQlLEQd--oMxWZwfJxjT65ei4p-A8fA","contentUrl":"https:\/\/lh4.googleusercontent.com\/N5IM2C40_yjvv_zNuUXu_SxRfezN8Y3UuSImioDPIB7qgYp675Bu-9gKwYTRBFSYFMrhZaGjkGxm8jlfgHOY7Rq1gtoupayw2C0T3YGPzQlLEQd--oMxWZwfJxjT65ei4p-A8fA"},{"@type":"WebPage","@id":"https:\/\/multihoster.org\/de\/fileshark\/#webpage","url":"https:\/\/multihoster.org\/de\/fileshark\/","name":"Fileshark Premium Konto - Der Filehoster auf einen Blick","isPartOf":{"@id":"https:\/\/multihoster.org\/#website"},"primaryImageOfPage":{"@id":"https:\/\/multihoster.org\/de\/fileshark\/#primaryimage"},"datePublished":"2020-03-23T14:50:11+00:00","dateModified":"2020-03-30T11:33:12+00:00","description":"Ist Fileshark ein seri\u00f6ser Anbieter oder nicht, finden Sie die Antwort im aktuellen Test auf Multihoster.org \u279c. Klicken Sie jetzt \u271a und lesen Sie unsere Erfahrungen!","breadcrumb":{"@id":"https:\/\/multihoster.org\/de\/fileshark\/#breadcrumb"},"inLanguage":"de","potentialAction":[{"@type":"ReadAction","target":["https:\/\/multihoster.org\/de\/fileshark\/"]}]},{"@type":"BreadcrumbList","@id":"https:\/\/multihoster.org\/de\/fileshark\/#breadcrumb","itemListElement":[{"@type":"ListItem","position":1,"name":"Startseite","item":"https:\/\/multihoster.org\/de\/"},{"@type":"ListItem","position":2,"name":"Fileshark Premium Konto: Der Filehoster Im \u00dcberblick"}]}]}},"_links":{"self":[{"href":"https:\/\/multihoster.org\/de\/wp-json\/wp\/v2\/pages\/2626"}],"collection":[{"href":"https:\/\/multihoster.org\/de\/wp-json\/wp\/v2\/pages"}],"about":[{"href":"https:\/\/multihoster.org\/de\/wp-json\/wp\/v2\/types\/page"}],"author":[{"embeddable":true,"href":"https:\/\/multihoster.org\/de\/wp-json\/wp\/v2\/users\/2"}],"replies":[{"embeddable":true,"href":"https:\/\/multihoster.org\/de\/wp-json\/wp\/v2\/comments?post=2626"}],"version-history":[{"count":4,"href":"https:\/\/multihoster.org\/de\/wp-json\/wp\/v2\/pages\/2626\/revisions"}],"predecessor-version":[{"id":2785,"href":"https:\/\/multihoster.org\/de\/wp-json\/wp\/v2\/pages\/2626\/revisions\/2785"}],"wp:attachment":[{"href":"https:\/\/multihoster.org\/de\/wp-json\/wp\/v2\/media?parent=2626"}],"curies":[{"name":"wp","href":"https:\/\/api.w.org\/{rel}","templated":true}]}}