{"id":2653,"date":"2020-03-24T10:34:31","date_gmt":"2020-03-24T10:34:31","guid":{"rendered":"https:\/\/multihoster.org\/?page_id=2653"},"modified":"2020-03-30T11:38:22","modified_gmt":"2020-03-30T11:38:22","slug":"filespace","status":"publish","type":"page","link":"https:\/\/multihoster.org\/de\/filespace\/","title":{"rendered":"FileSpace Premium Konto: Der Filehoster Im \u00dcberblick"},"content":{"rendered":"\n<figure class=\"wp-block-image\"><img src=\"https:\/\/lh4.googleusercontent.com\/ZlNxd9tp6QAC8NYVn7sS81txC1GN292jtBZXWzo5HeZmw7cG-D62mGS9VIPg_g9wXTN3YgBUTKdFfpRXi1ks9dHqy8SQs1OU77XHIIGd4BKzqx0H0b5sP_VAu_TudblE8pKPbSA\" alt=\"FileSpace logo\"\/><\/figure>\n\n\n\n<p>Die FileSpace-Site gilt als einer der besten File-Hosting-Anbieter der Welt. Sie befindet sich in der Bayside Ltd, 112 Bonadie Street, Kingstown, im Land von St. Vincent &amp; den Grenadinen. <\/p>\n\n\n\n<p>Der FileSpace hat die Anzahl seiner Server erh\u00f6ht, um mehr als genug Speicherplatz f\u00fcr seine Benutzer oder Kunden zur Verf\u00fcgung zu stellen. Er bietet auch Online-Speicherplatz, um das Hochladen, Teilen und Aufbewahren einer oder mehrerer Dateien zu vereinfachen.<\/p>\n\n\n\n<p>Dar\u00fcber hinaus bietet die Website des FileSpace den Nutzern die M\u00f6glichkeit, ihre verschiedenen Dateien online hoch- und herunterzuladen, zu teilen und zu speichern. \u00dcber den FileSpace kann ein Benutzer immer einfach und schnell auf seine Dateien zugreifen und sie verwalten, wann immer er sie braucht und wo immer er sich befindet: auf der Arbeit, in der Schule, zu Hause, in den Einkaufszentren, in den Restaurants oder sogar im Auto. Es unterst\u00fctzt auch die Upload-Funktion mit dem <a rel=\"noreferrer noopener\" aria-label=\"File Transfer Protocol (opens in a new tab)\" href=\"https:\/\/www.webopedia.com\/TERM\/F\/ftp.html\" target=\"_blank\">File Transfer Protocol<\/a> oder FTP-Upload, Web-Upload und Remote Upload.<br><\/p>\n\n\n\n<p>Die Website des FileSpace wird in verschiedenen Sprachen unterst\u00fctzt; dies sind Englisch, Deutsch, Indonesisch, Spanisch, Thail\u00e4ndisch, Franz\u00f6sisch, T\u00fcrkisch, Arabisch, Russisch, Japanisch, Polnisch, Niederl\u00e4ndisch und Hebr\u00e4isch. Ein Benutzer kann auf diese verschiedenen Sprachen umschalten, je nachdem, was er versteht.<\/p>\n\n\n<a class=\"maxbutton-2 maxbutton maxbutton-cta\" target=\"_blank\" rel=\"nofollow noopener\" href=\"\/go\/\"><span class='mb-text'>&gt;&gt; Gehen Sie zur urspr\u00fcnglichen Linkifier Website<\/span><\/a>\n\n\n<p><\/p>\n\n\n\n<h2>Zwei der FileSpace Funktionen<\/h2>\n\n\n\n<h3>Das Link-Checker-Feature des FileSpace<\/h3>\n\n\n\n<p>Der FileSpace verf\u00fcgt \u00fcber eine Funktion namens Link Checker, die den Uniform Resource Locator oder URL-Link einer Datei oder von Dateien \u00fcberpr\u00fcft, ob diese in der Datenbank und auf dem Server des FileSpace verf\u00fcgbar sind oder nicht.<\/p>\n\n\n\n<p>Um zu pr\u00fcfen, ob eine Datei verf\u00fcgbar ist, geben Sie einfach den URL-Link einer Datei in das Feld &#8222;Link Checker&#8220; ein (siehe Bild unten) und klicken Sie auf die Schaltfl\u00e4che &#8222;Check URLs&#8220;, um den Antrag einzureichen. Dann wird das FileSpace-System automatisch f\u00fcr Sie die Pr\u00fcfung durchf\u00fchren.<br><\/p>\n\n\n\n<figure class=\"wp-block-image\"><img src=\"https:\/\/lh3.googleusercontent.com\/ct8ssgeQ3Tc9slZLlOKbro7K0knCMN1O8xlIF94jUoU6tVLnxtN1LdhRt7zSuYr0t2ojlR3V3Vhl_2uG9mxGjpziKHk6CzySYdQJPRNs-6mzsde67spjnW8C7LGrcRxT7-IPlnI\" alt=\"FileSpace Link Checker - URL field\"\/><\/figure>\n\n\n\n<h3>Die Passwort-Wiederherstellungsfunktion des FileSpace<\/h3>\n\n\n\n<p>Ein Benutzer des FileSpace kann manchmal sein Kontopasswort vergessen, aber er oder sie muss sich keine Sorgen machen, denn der FileSpace hat eine Funktion, die Password Recovery genannt wird, um das Kontopasswort seiner Benutzer wiederherzustellen.<\/p>\n\n\n\n<p>Was sind die Details, die ein Benutzer f\u00fcr die Passwort-Wiederherstellung ben\u00f6tigt?<\/p>\n\n\n\n<ul><li>Der Benutzername oder die E-Mail-Adresse des Benutzers des FileSpace. (Stellen Sie sicher, dass die eingegebene E-Mail-Adresse eine g\u00fcltige und aktive Adresse ist, um die E-Mail vom FileSpace zu erhalten).<\/li><li>Das <a rel=\"noreferrer noopener\" aria-label=\"CAPTCHA  (opens in a new tab)\" href=\"https:\/\/en.wikipedia.org\/wiki\/CAPTCHA\" target=\"_blank\">CAPTCHA <\/a>ist notwendig, um korrekt vorzugehen.<\/li><\/ul>\n\n\n\n<p>Damit der FileSpace das neue Passwort zur Wiederherstellung an die E-Mail-Adresse des Benutzers sendet, sollte dieser auf die Schaltfl\u00e4che &#8222;Reset my password&#8220; klicken, um den Antrag auf Passwortwiederherstellung zu stellen. <\/p>\n\n\n\n<p>Ein Benutzer sollte seine E-Mail-Ordner (Posteingang, Spam oder Junk) auf die FileSpace-Passwortwiederherstellungsnachricht \u00fcberpr\u00fcfen. Ein Benutzer kann sein neues, vom FileSpace gesendetes Passwort in seinen Account-Einstellungen auf der FileSpace-Website \u00e4ndern.<\/p>\n\n\n\n<h2>Die Merkmale der FileSpace-Konten<\/h2>\n\n\n\n<p>FileSpace hat zwei verschiedene Arten von Konten. Diese sind der FileSpace Regular Account und der FileSpace Premium Account. Siehe die untenstehende Tabelle, um den Unterschied zwischen den beiden Arten von Accounts von FileSpace zu kennen.<\/p>\n\n\n\n<figure class=\"wp-block-table\"><table class=\"\"><tbody><tr><td>Verschiedene Funktionen des FileSpace <\/td><td>Verschiedene Arten von FileSpace-Konten<\/td><\/tr><tr><td>Regul\u00e4res Konto<\/td><td>\u22c6Premium Konto<\/td><\/tr><tr><td>Geschwindigkeitsrate f\u00fcr das Herunterladen einer Datei<\/td><td>Einhundert Kilobyte pro Sekunde (100 KB\/s)<\/td><td>grenzenlos<\/td><\/tr><tr><td>Startzeit f\u00fcr einen Download<\/td><td>Der Download beginnt nach sechzig (60) Sekunden.<\/td><td>Der Download wird sofort gestartet<\/td><\/tr><tr><td>Wie viele Dateien k\u00f6nnen heruntergeladen werden?<\/td><td>Kann immer nur eine Datei auf einmal herunterladen<\/td><td>Kann mehrere Anzahl von Dateien gleichzeitig herunterladen<\/td><\/tr><tr><td>Wie lange kann eine Datei gespeichert werden?<\/td><td>Dateien k\u00f6nnen nur f\u00fcr genau sechzig (60) Tage nach dem letzten Download gespeichert werden.<\/td><td>grenzenlos<\/td><\/tr><tr><td>Wie viel Platz f\u00fcr die Lagerung?<\/td><td>F\u00fcnfzig Gigabyte (50 GB) oder f\u00fcnfzigtausend Megabyte (50000 MB)<\/td><td>F\u00fcnfhundert Gigabyte (500 GB) oder F\u00fcnfhunderttausend Megabyte (500000 MB)<\/td><\/tr><tr><td>Kann ein Benutzer eine Datei direkt herunterladen?<\/td><td><strong>X<\/strong><\/td><td>\u2714&nbsp;<\/td><\/tr><tr><td>Kann ein Benutzer eine Datei mit dem File Transfer Protocol oder FTP hochladen?<\/td><td><strong>X<\/strong><\/td><td>\u2714<\/td><\/tr><tr><td>Kann ein Benutzer eine Datei per Fernzugriff hochladen?<\/td><td><strong>X<\/strong><\/td><td>\u2714<\/td><\/tr><tr><td>Web-Upload<\/td><td>\u2714<\/td><td>\u2714<\/td><\/tr><tr><td>Enth\u00e4lt Anzeigen<\/td><td>\u2714<\/td><td><strong>X<\/strong><\/td><\/tr><\/tbody><\/table><\/figure>\n\n\n\n<p><\/p>\n\n\n\n<h2>FileSpace Premium Account Pakete<\/h2>\n\n\n\n<p>Der FileSpace hat verschiedene Pl\u00e4ne f\u00fcr den FileSpace Premium Account. Der Preis des Plans h\u00e4ngt von der Anzahl der Tage ab. Siehe die untenstehende Tabelle.<\/p>\n\n\n\n<figure class=\"wp-block-table\"><table class=\"\"><tbody><tr><td><strong>Die FileSpace Premium Account Pl\u00e4ne<\/strong><\/td><\/tr><tr><td>Wie viele Tage?<\/td><td>Wie hoch ist der Preis?<\/td><\/tr><tr><td>30 Tage<\/td><td>13.71 USD<\/td><\/tr><tr><td>90 Tage<\/td><td>34.92 USD<\/td><\/tr><tr><td>330 Tage<\/td><td>97.54 USD<\/td><\/tr><\/tbody><\/table><\/figure>\n\n\n<a class=\"maxbutton-2 maxbutton maxbutton-cta\" target=\"_blank\" rel=\"nofollow noopener\" href=\"\/go\/\"><span class='mb-text'>&gt;&gt; Gehen Sie zur urspr\u00fcnglichen Linkifier Website<\/span><\/a>\n\n\n<p><\/p>\n\n\n\n<h2>FileSpace-Zahlungsmethoden<\/h2>\n\n\n\n<p>Die Optionen f\u00fcr das Zahlungssystem des FileSpace wurde erweitert, damit die Benutzer mehr M\u00f6glichkeiten und Komfort bei der Bezahlung der FileShare Premium Account Pl\u00e4ne haben. Es besteht also kein Grund zur Sorge, da die Zahlung hier im FileSpace sehr genau und sehr zuverl\u00e4ssig ist.<\/p>\n\n\n\n<figure class=\"wp-block-table\"><table class=\"\"><tbody><tr><td><strong>Wie bezahlt man den FileSpace Premium Account Plan?<\/strong><\/td><\/tr><tr><td>Credit cards (Visa and MasterCard)<\/td><td>Web Money Transfer or WMZ<\/td><td>Sofort Banking<\/td><\/tr><tr><td>PayPal<\/td><td>QIWI wallet and Digital wallets<\/td><td>PaySafeCard<\/td><\/tr><tr><td>Bitcoin, Ripple, Litecoin, and Ethereum<\/td><td>AdvCash<\/td><td>CashU<\/td><\/tr><tr><td>Skrill<\/td><td>TrustPay (Internet Banking)<\/td><td>AliPay<\/td><\/tr><tr><td>Taobao.com<\/td><td>Interkassa<\/td><td>Offizielle FileSpace-Wiederverk\u00e4ufer<\/td><\/tr><\/tbody><\/table><\/figure>\n\n\n\n<p>F\u00fcr den FileSpace Premium Account Key hat der FileSpace viele Wiederverk\u00e4ufer, die zuverl\u00e4ssig sind. Ein Benutzer kann bei diesen Resellern des FileSpace kaufen, weil sie die FileSpace Premium Account Keys verkaufen. <\/p>\n\n\n\n<p>Wenn ein Benutzer weitere Fragen zur Zahlung und zu den FileSpace Premium-Pl\u00e4nen oder -Dienstleistungen hat, kann er sich an den Kundendienst des FileSpace wenden, indem er eine Nachricht an seine E-Mail-Adresse cs@filespace.com sendet.<\/p>\n\n\n\n<h2>FileSpace-Partnerprogramm: Seien Sie einer der FileSpace-Partner!<\/h2>\n\n\n\n<p>FileSpace hat ein Programm namens &#8222;Affiliate-Programm&#8220; entwickelt, das seinen Nutzern oder Mitgliedern die M\u00f6glichkeit gibt, mit der Nutzung der Website Geld zu verdienen.<\/p>\n\n\n\n<p>Im Folgenden finden Sie die folgenden Vorteile, die ein Benutzer oder ein Mitglied des FileSpace erhalten kann, wenn er oder sie dem Partnerprogramm beitritt:<\/p>\n\n\n\n<p>&nbsp;&nbsp;\u2022 Ein Nutzer des Filespace kann bis zu sechzig Prozent (60%) der Filespace-Premium-Verk\u00e4ufe \u00fcber den Pay-Per-Sale- oder PPS-Profit-Modus verdienen.<\/p>\n\n\n\n<p>&nbsp;&nbsp;\u2022 Ein Nutzer des Filespace kann bis zu achtunddrei\u00dfig Dollar (38 Dollar) f\u00fcr je eintausend (1000) Downloads plus zwanzig Prozent (20%) der Filespace-Verk\u00e4ufe im Mixed-Profit-Modus verdienen.<\/p>\n\n\n\n<p>&nbsp;&nbsp;\u2022 Der Filespace gibt den Eigent\u00fcmern der Website des Filespace zwanzig Prozent (20%) und f\u00fcnf Prozent (5%) f\u00fcr die Einnahmen aus der Weiterleitung. F\u00fcr die Verdienstm\u00f6glichkeiten bedeutet dies, dass alle Personen, die sich erfolgreich registriert haben und dem FileSpace \u00fcber die Links des FileSpace-Mitglieds beigetreten sind, automatisch zu den Verweisen des Mitglieds hinzugef\u00fcgt werden.<\/p>\n\n\n\n<p>&nbsp;&nbsp;\u2022 Die Statistiken sind sehr detailliert und es hat auch Zugriff auf das File Transfer Protocol oder FTP und auf den Remote-URL-Upload.<\/p>\n\n\n\n<p>&nbsp;&nbsp;\u2022 Die Filespace-Zahlungen hierf\u00fcr werden innerhalb von zwei (2) Arbeitstagen abgeschlossen. Der Mindestauszahlungsbetrag f\u00fcr den Filespace betr\u00e4gt nur zehn Dollar ($10). Sie zahlen ihre Benutzer oder Kunden \u00fcber WebMoney, Bitcoin oder Ethereum oder andere digitale W\u00e4hrungen, PayPal, AdvCash und andere (siehe die oben genannten Zahlungsoptionen).<br><\/p>\n\n\n\n<p>Ein Benutzer der FileSpace-Site hat die Freiheit, seine oder ihre Gewinnart im Partnerprogramm zu w\u00e4hlen. Bitte beachten Sie die untenstehenden Gewinnmodi.<\/p>\n\n\n\n<h3>Zwei (2) Gewinnmodi des FileSpace<\/h3>\n\n\n\n<p>1. Pay-Per-Sale oder PPS &#8211; Mit diesem Modus kann ein Benutzer bis zu sechzig Prozent (60%) des urspr\u00fcnglichen Verkaufs jedes FileSpace-Benutzers oder Mitglieds und f\u00fcnfzig Prozent (50%) f\u00fcr die anderen Verk\u00e4ufe und Rechnungen verdienen.<\/p>\n\n\n\n<p>2. Gemischt aus Pay-Per-Download oder PPD + Pay-Per-Sale oder PPS &#8211; Mit diesem Modus kann ein Benutzer bis zu zwanzig Dollar ($20) pro tausend (1000) Downloads und zwanzig Prozent (20%) f\u00fcr alle Verk\u00e4ufe und Rechnungen verdienen.<\/p>\n\n\n\n<h3>Wie kann man beantragen, dem Partnerprogramm des Filespace beizutreten?<\/h3>\n\n\n\n<p>Damit ein Benutzer einen Antrag auf Teilnahme am Partnerprogramm des Filespace stellen kann, muss er eine Nachricht per E-Mail oder \u00fcber die Kontaktseite der FileSpace-Site erstellen. <\/p>\n\n\n\n<p>Ein Benutzer muss den <a rel=\"noreferrer noopener\" aria-label=\"Uniform Resource Locator (opens in a new tab)\" href=\"https:\/\/en.wikipedia.org\/wiki\/URL\" target=\"_blank\">Uniform Resource Locator<\/a> oder den URL-Link seiner Website oder die URL-Links aus seinen Beitr\u00e4gen auf anderen Websites, wie z.B. in Foren, Blogs, sozialen Medien und anderen, kopieren. Er oder sie sollte den Link in den Inhalt der Nachricht einf\u00fcgen und an die E-Mail des FileSpace senden oder, wenn Sie die Filespace-Website verwenden, einfach auf die Schaltfl\u00e4che &#8222;Submit&#8220; klicken, um die Anfrage abzuschicken. <br><\/p>\n\n\n\n<p>Ein Benutzer kann auch angeben, wie gro\u00df der Platz ist, den er f\u00fcr die Speicherung der Dateien ben\u00f6tigt. Er kann auch alle wichtigen Details zum Inhalt der Nachricht angeben. Ein Benutzer kann auch seinen Kontakt hinzuf\u00fcgen. <\/p>\n\n\n\n<p>Der Affiliate-Manager des FileSpace wird derjenige sein, der daf\u00fcr verantwortlich ist, die Anfragen oder Nachrichten der Benutzer innerhalb von nur achtundvierzig Stunden (48 Std.) zu beantworten.<\/p>\n\n\n\n<h2>Haben Sie Fragen oder Bedenken?<\/h2>\n\n\n\n<p>Wenn jemals ein Benutzer eine Frage oder ein Anliegen \u00fcber die FileSpace Website, Premium-Pl\u00e4ne, Zahlungen, Affiliate-Programm, Funktionen und Dienstleistungen, er oder sie braucht nicht zu z\u00f6gern, die FileSpace \u00fcber ihre E-Mail-Adresse unter cs@filespace.com oder \u00fcber das Kontaktformular auf ihrer FileSpace Website (http:\/\/www.filespace.com) oder \u00fcber ihre Telefonnummer, die 855-218-6668, aber bevor Sie eine Nachricht senden, nehmen Sie sich bitte einige Zeit, um die Nutzungsbedingungen und Politik der FileSpace zu lesen. <\/p>\n\n\n\n<p>Der FileSpace ist sehr verantwortlich f\u00fcr die Beantwortung von Fragen und Bedenken der Benutzer. Erwarten Sie immer, dass sie innerhalb von zwei (2) Arbeitstagen eine Antwort senden.<\/p>\n\n\n<a class=\"maxbutton-2 maxbutton maxbutton-cta\" target=\"_blank\" rel=\"nofollow noopener\" href=\"\/go\/\"><span class='mb-text'>&gt;&gt; Gehen Sie zur urspr\u00fcnglichen Linkifier Website<\/span><\/a>\n\n\n<p><br><\/p>\n","protected":false},"excerpt":{"rendered":"<p>Die FileSpace-Site gilt als einer der besten File-Hosting-Anbieter der Welt. Sie befindet sich in der Bayside Ltd, 112 Bonadie Street,<\/p>\n","protected":false},"author":2,"featured_media":0,"parent":0,"menu_order":0,"comment_status":"closed","ping_status":"closed","template":"","meta":[],"yoast_head":"<!-- This site is optimized with the Yoast SEO plugin v18.3 - https:\/\/yoast.com\/wordpress\/plugins\/seo\/ -->\n<title>FileSpace Premium Konto - Der Filehoster auf einen Blick<\/title>\n<meta name=\"description\" content=\"Ist FileSpace ein seri\u00f6ser Anbieter oder nicht, k\u00f6nnen Sie die Antwort im aktuellen Test auf Multihoster.org \u279c finden. Klicken Sie jetzt \u271a um unsere Erfahrungen zu lesen!\" \/>\n<meta name=\"robots\" content=\"index, follow, max-snippet:-1, max-image-preview:large, max-video-preview:-1\" \/>\n<link rel=\"canonical\" href=\"https:\/\/multihoster.org\/de\/filespace\/\" \/>\n<meta property=\"og:locale\" content=\"de_DE\" \/>\n<meta property=\"og:type\" content=\"article\" \/>\n<meta property=\"og:title\" content=\"FileSpace Premium Konto - Der Filehoster auf einen Blick\" \/>\n<meta property=\"og:description\" content=\"Ist FileSpace ein seri\u00f6ser Anbieter oder nicht, k\u00f6nnen Sie die Antwort im aktuellen Test auf Multihoster.org \u279c finden. Klicken Sie jetzt \u271a um unsere Erfahrungen zu lesen!\" \/>\n<meta property=\"og:url\" content=\"https:\/\/multihoster.org\/de\/filespace\/\" \/>\n<meta property=\"og:site_name\" content=\"Multihoster.org\" \/>\n<meta property=\"article:modified_time\" content=\"2020-03-30T11:38:22+00:00\" \/>\n<meta property=\"og:image\" content=\"https:\/\/lh4.googleusercontent.com\/ZlNxd9tp6QAC8NYVn7sS81txC1GN292jtBZXWzo5HeZmw7cG-D62mGS9VIPg_g9wXTN3YgBUTKdFfpRXi1ks9dHqy8SQs1OU77XHIIGd4BKzqx0H0b5sP_VAu_TudblE8pKPbSA\" \/>\n<meta name=\"twitter:card\" content=\"summary\" \/>\n<meta name=\"twitter:label1\" content=\"Gesch\u00e4tzte Lesezeit\" \/>\n\t<meta name=\"twitter:data1\" content=\"7\u00a0Minuten\" \/>\n<script type=\"application\/ld+json\" class=\"yoast-schema-graph\">{\"@context\":\"https:\/\/schema.org\",\"@graph\":[{\"@type\":\"WebSite\",\"@id\":\"https:\/\/multihoster.org\/#website\",\"url\":\"https:\/\/multihoster.org\/\",\"name\":\"Multihoster.org\",\"description\":\"Reviews of the major Filehosting services\",\"potentialAction\":[{\"@type\":\"SearchAction\",\"target\":{\"@type\":\"EntryPoint\",\"urlTemplate\":\"https:\/\/multihoster.org\/?s={search_term_string}\"},\"query-input\":\"required name=search_term_string\"}],\"inLanguage\":\"de\"},{\"@type\":\"ImageObject\",\"@id\":\"https:\/\/multihoster.org\/de\/filespace\/#primaryimage\",\"inLanguage\":\"de\",\"url\":\"https:\/\/lh4.googleusercontent.com\/ZlNxd9tp6QAC8NYVn7sS81txC1GN292jtBZXWzo5HeZmw7cG-D62mGS9VIPg_g9wXTN3YgBUTKdFfpRXi1ks9dHqy8SQs1OU77XHIIGd4BKzqx0H0b5sP_VAu_TudblE8pKPbSA\",\"contentUrl\":\"https:\/\/lh4.googleusercontent.com\/ZlNxd9tp6QAC8NYVn7sS81txC1GN292jtBZXWzo5HeZmw7cG-D62mGS9VIPg_g9wXTN3YgBUTKdFfpRXi1ks9dHqy8SQs1OU77XHIIGd4BKzqx0H0b5sP_VAu_TudblE8pKPbSA\"},{\"@type\":\"WebPage\",\"@id\":\"https:\/\/multihoster.org\/de\/filespace\/#webpage\",\"url\":\"https:\/\/multihoster.org\/de\/filespace\/\",\"name\":\"FileSpace Premium Konto - Der Filehoster auf einen Blick\",\"isPartOf\":{\"@id\":\"https:\/\/multihoster.org\/#website\"},\"primaryImageOfPage\":{\"@id\":\"https:\/\/multihoster.org\/de\/filespace\/#primaryimage\"},\"datePublished\":\"2020-03-24T10:34:31+00:00\",\"dateModified\":\"2020-03-30T11:38:22+00:00\",\"description\":\"Ist FileSpace ein seri\u00f6ser Anbieter oder nicht, k\u00f6nnen Sie die Antwort im aktuellen Test auf Multihoster.org \u279c finden. Klicken Sie jetzt \u271a um unsere Erfahrungen zu lesen!\",\"breadcrumb\":{\"@id\":\"https:\/\/multihoster.org\/de\/filespace\/#breadcrumb\"},\"inLanguage\":\"de\",\"potentialAction\":[{\"@type\":\"ReadAction\",\"target\":[\"https:\/\/multihoster.org\/de\/filespace\/\"]}]},{\"@type\":\"BreadcrumbList\",\"@id\":\"https:\/\/multihoster.org\/de\/filespace\/#breadcrumb\",\"itemListElement\":[{\"@type\":\"ListItem\",\"position\":1,\"name\":\"Startseite\",\"item\":\"https:\/\/multihoster.org\/de\/\"},{\"@type\":\"ListItem\",\"position\":2,\"name\":\"FileSpace Premium Konto: Der Filehoster Im \u00dcberblick\"}]}]}<\/script>\n<!-- \/ Yoast SEO plugin. -->","yoast_head_json":{"title":"FileSpace Premium Konto - Der Filehoster auf einen Blick","description":"Ist FileSpace ein seri\u00f6ser Anbieter oder nicht, k\u00f6nnen Sie die Antwort im aktuellen Test auf Multihoster.org \u279c finden. Klicken Sie jetzt \u271a um unsere Erfahrungen zu lesen!","robots":{"index":"index","follow":"follow","max-snippet":"max-snippet:-1","max-image-preview":"max-image-preview:large","max-video-preview":"max-video-preview:-1"},"canonical":"https:\/\/multihoster.org\/de\/filespace\/","og_locale":"de_DE","og_type":"article","og_title":"FileSpace Premium Konto - Der Filehoster auf einen Blick","og_description":"Ist FileSpace ein seri\u00f6ser Anbieter oder nicht, k\u00f6nnen Sie die Antwort im aktuellen Test auf Multihoster.org \u279c finden. Klicken Sie jetzt \u271a um unsere Erfahrungen zu lesen!","og_url":"https:\/\/multihoster.org\/de\/filespace\/","og_site_name":"Multihoster.org","article_modified_time":"2020-03-30T11:38:22+00:00","og_image":[{"url":"https:\/\/lh4.googleusercontent.com\/ZlNxd9tp6QAC8NYVn7sS81txC1GN292jtBZXWzo5HeZmw7cG-D62mGS9VIPg_g9wXTN3YgBUTKdFfpRXi1ks9dHqy8SQs1OU77XHIIGd4BKzqx0H0b5sP_VAu_TudblE8pKPbSA"}],"twitter_card":"summary","twitter_misc":{"Gesch\u00e4tzte Lesezeit":"7\u00a0Minuten"},"schema":{"@context":"https:\/\/schema.org","@graph":[{"@type":"WebSite","@id":"https:\/\/multihoster.org\/#website","url":"https:\/\/multihoster.org\/","name":"Multihoster.org","description":"Reviews of the major Filehosting services","potentialAction":[{"@type":"SearchAction","target":{"@type":"EntryPoint","urlTemplate":"https:\/\/multihoster.org\/?s={search_term_string}"},"query-input":"required name=search_term_string"}],"inLanguage":"de"},{"@type":"ImageObject","@id":"https:\/\/multihoster.org\/de\/filespace\/#primaryimage","inLanguage":"de","url":"https:\/\/lh4.googleusercontent.com\/ZlNxd9tp6QAC8NYVn7sS81txC1GN292jtBZXWzo5HeZmw7cG-D62mGS9VIPg_g9wXTN3YgBUTKdFfpRXi1ks9dHqy8SQs1OU77XHIIGd4BKzqx0H0b5sP_VAu_TudblE8pKPbSA","contentUrl":"https:\/\/lh4.googleusercontent.com\/ZlNxd9tp6QAC8NYVn7sS81txC1GN292jtBZXWzo5HeZmw7cG-D62mGS9VIPg_g9wXTN3YgBUTKdFfpRXi1ks9dHqy8SQs1OU77XHIIGd4BKzqx0H0b5sP_VAu_TudblE8pKPbSA"},{"@type":"WebPage","@id":"https:\/\/multihoster.org\/de\/filespace\/#webpage","url":"https:\/\/multihoster.org\/de\/filespace\/","name":"FileSpace Premium Konto - Der Filehoster auf einen Blick","isPartOf":{"@id":"https:\/\/multihoster.org\/#website"},"primaryImageOfPage":{"@id":"https:\/\/multihoster.org\/de\/filespace\/#primaryimage"},"datePublished":"2020-03-24T10:34:31+00:00","dateModified":"2020-03-30T11:38:22+00:00","description":"Ist FileSpace ein seri\u00f6ser Anbieter oder nicht, k\u00f6nnen Sie die Antwort im aktuellen Test auf Multihoster.org \u279c finden. Klicken Sie jetzt \u271a um unsere Erfahrungen zu lesen!","breadcrumb":{"@id":"https:\/\/multihoster.org\/de\/filespace\/#breadcrumb"},"inLanguage":"de","potentialAction":[{"@type":"ReadAction","target":["https:\/\/multihoster.org\/de\/filespace\/"]}]},{"@type":"BreadcrumbList","@id":"https:\/\/multihoster.org\/de\/filespace\/#breadcrumb","itemListElement":[{"@type":"ListItem","position":1,"name":"Startseite","item":"https:\/\/multihoster.org\/de\/"},{"@type":"ListItem","position":2,"name":"FileSpace Premium Konto: Der Filehoster Im \u00dcberblick"}]}]}},"_links":{"self":[{"href":"https:\/\/multihoster.org\/de\/wp-json\/wp\/v2\/pages\/2653"}],"collection":[{"href":"https:\/\/multihoster.org\/de\/wp-json\/wp\/v2\/pages"}],"about":[{"href":"https:\/\/multihoster.org\/de\/wp-json\/wp\/v2\/types\/page"}],"author":[{"embeddable":true,"href":"https:\/\/multihoster.org\/de\/wp-json\/wp\/v2\/users\/2"}],"replies":[{"embeddable":true,"href":"https:\/\/multihoster.org\/de\/wp-json\/wp\/v2\/comments?post=2653"}],"version-history":[{"count":4,"href":"https:\/\/multihoster.org\/de\/wp-json\/wp\/v2\/pages\/2653\/revisions"}],"predecessor-version":[{"id":2792,"href":"https:\/\/multihoster.org\/de\/wp-json\/wp\/v2\/pages\/2653\/revisions\/2792"}],"wp:attachment":[{"href":"https:\/\/multihoster.org\/de\/wp-json\/wp\/v2\/media?parent=2653"}],"curies":[{"name":"wp","href":"https:\/\/api.w.org\/{rel}","templated":true}]}}