{"id":2824,"date":"2020-03-30T14:03:25","date_gmt":"2020-03-30T14:03:25","guid":{"rendered":"https:\/\/multihoster.org\/?page_id=2824"},"modified":"2020-03-31T15:47:14","modified_gmt":"2020-03-31T15:47:14","slug":"4shared","status":"publish","type":"page","link":"https:\/\/multihoster.org\/de\/4shared\/","title":{"rendered":"4shared Premium Konto: Der Filehoster Auf Einen Blick"},"content":{"rendered":"\n<figure class=\"wp-block-image size-large\"><img loading=\"lazy\" width=\"350\" height=\"91\" src=\"https:\/\/multihoster.org\/wp-content\/uploads\/2020\/03\/4shared.png\" alt=\"4shared logo\" class=\"wp-image-3094\" srcset=\"https:\/\/multihoster.org\/wp-content\/uploads\/2020\/03\/4shared.png 350w, https:\/\/multihoster.org\/wp-content\/uploads\/2020\/03\/4shared-300x78.png 300w\" sizes=\"(max-width: 350px) 100vw, 350px\" \/><\/figure>\n\n\n<a class=\"maxbutton-2 maxbutton maxbutton-cta\" target=\"_blank\" rel=\"nofollow noopener\" href=\"\/go\/\"><span class='mb-text'>&gt;&gt; Gehen Sie zur urspr\u00fcnglichen Linkifier Website<\/span><\/a>\n\n\n<p><\/p>\n\n\n\n<h2>Die 4shared<\/h2>\n\n\n\n<p>4shared ist eine der sichersten und vertrauensw\u00fcrdigsten File-Hosting- und File-Transfer-Sites weltweit. Es gibt mehr als zehn (10) Millionen Dateien, die Benutzer auf 4shared gemeinsam nutzen.<\/p>\n\n\n\n<p>4shared wurde im Jahr 2005 in der Ukraine und in Kiew geschaffen und ver\u00f6ffentlicht und ist bis heute f\u00fcr viele Menschen sehr n\u00fctzlich. Es verf\u00fcgt \u00fcber Funktionen zum Speichern, Hochladen, Herunterladen und Teilen einer Datei oder von Dateien f\u00fcr andere Benutzer oder andere Ger\u00e4te. Es hilft Menschen, ihre Dateien \u00fcberall im Internet zu speichern, hochzuladen und zu \u00f6ffnen, indem sie diese Website f\u00fcr alle m\u00f6glichen Zwecke nutzen.<\/p>\n\n\n\n<p>Die 4shared-Benutzeroberfl\u00e4che ist sehr einfach und sehr benutzerfreundlich, was es f\u00fcr viele Benutzer leichter macht, sie und ihre Funktionen zu verstehen.<\/p>\n\n\n\n<p>Ein Benutzer kann seine Bibliothek f\u00fcr Musik oder Lieder in seinem 4shared-Konto erstellen. Das Sch\u00f6ne daran ist, dass 4shared das Streaming f\u00fcr Musik unterst\u00fctzt. Ein Benutzer kann Musik \u00fcber die Webbrowser seines Mobiltelefons (Android und iOS) oder \u00fcber Desktop-Ger\u00e4te h\u00f6ren.<\/p>\n\n\n\n<p>Das 4shared verf\u00fcgt \u00fcber ein Hilfecenter, in dem die Benutzer Antworten auf einige ihrer Fragen zu den 4shared-Funktionen und deren Dienstleistungen finden k\u00f6nnen. Sie haben auch technische Unterst\u00fctzung, um die Bedenken von Kunden oder Benutzern bez\u00fcglich ihrer Website oder Produkte zu unterst\u00fctzen.<\/p>\n\n\n\n<p>Das 4shared hat zwei Arten von Konten &#8211; das kostenlose 4shared-Konto und das 4shared-Premium-Konto. <\/p>\n\n\n\n<p>Ein Konto zu haben ist einfach. Ein Benutzer kann sich mit seinem Social-Media-Konto bei Twitter, Facebook oder Google oder mit einer beliebigen E-Mail-Adresse eines Benutzers anmelden. Nach der Erstellung des Kontos muss ein Benutzer es in seiner E-Mail im Posteingangs- oder Spam-Ordner verifizieren, indem er auf den Link in der Nachricht von 4shared klickt. Anschlie\u00dfend benachrichtigt 4shared den Nutzer, wenn sein Konto verifiziert wurde.<\/p>\n\n\n\n<p>Ein Benutzer des 4shared kann die folgenden Vorteile erfahren:<\/p>\n\n\n\n<p>1. Ein Benutzer kann die Anpassung seines Profils auf 4shared vornehmen. Er kann das Design und andere in den Kontoeinstellungen eines Benutzers hinzuf\u00fcgen oder \u00e4ndern.<\/p>\n\n\n\n<p>2. Ein Benutzer kann mit anderen Benutzern durch private Nachrichten oder durch das Senden von Kommentaren zu \u00f6ffentlichen Beitr\u00e4gen kommunizieren.<\/p>\n\n\n\n<p>3. Ein Benutzer kann auf der Website von 4shared Musik oder beliebige Mediendateien ansehen und streamen.<\/p>\n\n\n\n<p>4. Ein Benutzer kann mit der mobilen App von 4shared auf sein Konto zugreifen und es dann verwalten. <\/p>\n\n\n\n<p>Benutzer k\u00f6nnen auch die Sprache der 4shared-Site in die unten unterst\u00fctzten Sprachen \u00fcbersetzen.<\/p>\n\n\n\n<h3>Die Sprachen auf der 4shared Site:<\/h3>\n\n\n\n<ul><li>English,<\/li><li>Deutsch,<\/li><li>Italian,<\/li><li>French,<\/li><li>Polish,<\/li><li>Turkish,<\/li><li>Indonesian oder Malay,<\/li><li>Portuguese,<\/li><li>Thai,<\/li><li>Arabic,<\/li><li>Mandarin oder Chinese,<\/li><li>Vietnamese,<\/li><li>Japanese,<\/li><li>und Korean.<\/li><\/ul>\n\n\n\n<h2>Der 4shared Blog<\/h2>\n\n\n\n<p>Jeder Benutzer kann hier seine Artikel ver\u00f6ffentlichen, denn 4shared hat seine Blog-Site, die verschiedene Artikel \u00fcber die neuen Funktionen oder andere Updates \u00fcber 4shared selbst enth\u00e4lt. Die Artikel werden von verschiedenen Benutzern geschrieben und verschiedene Benutzer k\u00f6nnen einen bestimmten Artikel kommentieren und sie k\u00f6nnen auch den Link des Artikels \u00fcber soziale Medien wie Twitter oder Facebook teilen. <\/p>\n\n\n\n<p>Zeigt auf dem 4shared-Blog ihre Statistiken an, wo die Benutzer die Anzahl der Benutzer, die 4shared benutzen, die Anzahl der t\u00e4glichen Besuche eines Benutzers, die Gr\u00f6\u00dfe der Dateien, die auf der 4shared-Site gehostet werden, und die Gr\u00f6\u00dfe der Dateien, die t\u00e4glich \u00fcbertragen werden, sehen k\u00f6nnen.<\/p>\n\n\n\n<p>Benutzer k\u00f6nnen die Sprache der 4shared-Blog-Site auch auf Englisch, Indonesisch, Portugiesisch, Thai, Arabisch und Koreanisch \u00fcbersetzen.<\/p>\n\n\n\n<h2>Die 4shared Premium Konto<\/h2>\n\n\n\n<p>Der 4shared Premium Account hat mehr Funktionen als der 4shared Free Account. Wenn ein Benutzer keine Werbung auf der Seite der Website beim Teilen und Herunterladen w\u00fcnscht, wenn ein Benutzer eine erweiterte Sicherheit f\u00fcr seine Dateien und sein Konto w\u00fcnscht, wenn ein Benutzer einen gro\u00dfen Speicherplatz w\u00fcnscht und wenn ein Benutzer einen sehr schnellen Weg beim Hoch- und Herunterladen w\u00fcnscht, dann sollte er oder sie den 4shared Premium Account erhalten.<\/p>\n\n\n\n<figure class=\"wp-block- table\"><table class=\"\"><body><tr><td>4shared Premium<\/td><td>4shared Free<\/td><\/tr><tr><td><li>Zahlungspflichtig<br><li>Hat keine Anzeigen<br><li>Ein hundert Gigabyte (100 GB) f\u00fcr die Speicherung <br><li>Hundert Gigabyte (100 GB) f\u00fcr den Upload <br><li>Hat technische Unterst\u00fctzung <br><li>Hat <a href=\"https: \/\/www. IhrW\u00f6rterbuch. com\/accelerator\">Beschleuniger<\/a> zum Herunterladen<br><li>Kann das Herunterladen fortsetzen<br><li>Hat einen direkten Download-Link f\u00fcr eine Datei<br><li>Hat detaillierte Statistiken<br><li>Hat eine Funktion zum Suchen<br><li>Kann die Datei wiederherstellen<br><li>Kann eine Datei wiederherstellen up<br><li> Dateien und Artikel in sozialen Mediennetzwerken oder E-Mails freigeben<br><li>Verwendung von QR-Codes<br><li>Ein Passwort setzen, um die Ordner zu sperren<br><li>Musik- oder andere Mediendateien streamen k\u00f6nnen<br><li>einen Fotobetrachter haben<br><li>Die Dateien mit einem Anti virus<br><li>Kann \u00fcber die Mobil- und Desktop-Anwendung von 4shared auf eine Datei zugreifen <br><li>Ein Benutzer kann eine Datei kommentieren <\/td><td><li>Keine Notwendigkeit zu zahlen <br><li>Hat Werbung <br><li> F\u00fcnfzehn Gigabyte (15 GB) f\u00fcr Speicher <br><li> 2048 MB f\u00fcr den Upload <br><li> Hat technischen Support <br><li> Hat keinen Beschleuniger f\u00fcr den Download <br><li> Kann den Download nicht fortsetzen <br><li> Hat keinen direkten Download-Link f\u00fcr eine Datei <br><li> Verf\u00fcgt \u00fcber keine detaillierten Statistiken <br><li> Hat eine Funktion zum Suchen <br><li> Kann die Datei wiederherstellen <br><li> Kann keine Datei sichern <br><li> Dateien und Artikel in sozialen Mediennetzwerken oder E-Mails freigeben <br><li> Verwendung von QR-Codes <br><li> Setzen Sie ein Passwort, um die Ordner zu sperren <br><li> Kann Musik oder andere Mediendateien streamen <br><li> Hat einen Fotobetrachter <br><li> \u00dcberpr\u00fcft die Dateien mit einem Anti virus<br><li> Kann \u00fcber die mobile und Desktop-App von 4shared zugreifen <br><li> Ein Benutzer kann eine Datei kommentieren<br><li> Dateiverwaltung<br><li> Kann viele Dateien hochladen<\/td><\/tr><\/tbody><\/table><\/figure>\n\n\n\n<h3>Die 4shared Premium Konto Pl\u00e4ne<\/h3>\n\n\n\n<figure class=\"wp-block-table\"><table class=\"\"><tbody><tr><td>4shared Premium Konto Pl\u00e4ne<\/td><\/tr><tr><td># der Monate:<\/td><td>1<\/td><td>3<\/td><td>6<\/td><td>12<\/td><\/tr><tr><td>Betrag, der pro Monat zu zahlen ist:<\/td><td>$ 9.95<\/td><td>$ 7.98<\/td><td>$ 7.16<\/td><td>$ 6.50<\/td><\/tr><\/tbody><\/table><\/figure>\n\n\n\n<p>Die oben genannten 4shared-Premium-Account-Pl\u00e4ne sollten an die offiziellen Wiederverk\u00e4ufer von 4shared oder direkt an die 4shared-Site bezahlt werden. Ein Benutzer kann beim Kauf eines Plans einen Rabatt erhalten, wenn er einen Rabatt-Gutschein von 4shared angewendet hat. Au\u00dferdem kann ein Benutzer bei Anfragen zur Bezahlung des Premium-Plans \u00fcber seine E-Mail-Adresse Kontakt mit 4shared aufnehmen.<\/p>\n\n\n\n<p>Die offiziellen Wiederverk\u00e4ufer von 4shared sind unten aufgef\u00fchrt:<\/p>\n\n\n\n<ul><li>24instant.com<\/li><li>BigShareShop<\/li><li>Fast-Premium.com<\/li><li>Premium.Us &#8211; Diese akzeptiert die Paypal-Zahlung, die Ihre Zahlung schnell versenden kann.<\/li><li>PremiumInstant &#8211; Diese akzeptiert die Paypal-Zahlung<\/li><\/ul>\n\n\n<a class=\"maxbutton-2 maxbutton maxbutton-cta\" target=\"_blank\" rel=\"nofollow noopener\" href=\"\/go\/\"><span class='mb-text'>&gt;&gt; Gehen Sie zur urspr\u00fcnglichen Linkifier Website<\/span><\/a>\n\n\n<p><\/p>\n\n\n\n<p>4shared empfiehlt die oben genannten Wiederverk\u00e4ufer und sie raten den Benutzern, keine Produkte von anderen Wiederverk\u00e4ufern oder Verk\u00e4ufern zu kaufen, die nicht auf der Liste stehen.<\/p>\n\n\n\n<h2>Was ist mit Ihren Akten zu tun?<\/h2>\n\n\n\n<p>Die Dateien auf der 4shared-Site sind nach Gr\u00f6\u00dfe, nach Dateitypen, nach Datum und Uhrzeit oder nach Namen sortiert.<\/p>\n\n\n\n<p>Die Dateien sind nach ihrer Gr\u00f6\u00dfe sortiert:<\/p>\n\n\n\n<ul><li>Dateien, die weniger als 1 MB gro\u00df sind<\/li><li> Kleine Dateien &#8211; dies ist von 1 MB bis 10 MB<\/li><li> Mittlere Dateien &#8211; dies ist von 10 MB bis 100 MB<\/li><li> Gro\u00dfe Dateien &#8211; dies ist von 100 MB bis 1000 MB oder 1 GB<\/li><li> Dateien, die gr\u00f6\u00dfer als 1 GB sind<\/li><\/ul>\n\n\n\n<p>Die Dateien werden nach ihrem Dateityp sortiert:<\/p>\n\n\n\n<ul><li>rar<\/li><li>zip<\/li><li>7-zip or 7z<\/li><li>cso<\/li><li>Iso<\/li><li>img<\/li><li>Tar<\/li><li>gz<\/li><li>Paket<\/li><\/ul>\n\n\n\n<p>Die Dateien werden nach dem Datum und der Uhrzeit ihres Hochladens sortiert:<\/p>\n\n\n\n<ul><li>Vom j\u00fcngsten zum \u00e4ltesten<\/li><li> Vom \u00c4ltesten zum Neuesten<\/li><\/ul>\n\n\n\n<p>Die Dateien sind nach ihrem Namen sortiert:<\/p>\n\n\n\n<ul><li>Name von A bis Z<\/li><li> Name von Z bis A<\/li><\/ul>\n\n\n\n<h3>1. Hochladen<\/h3>\n\n\n\n<p>Nachdem ein Benutzer eine Datei hochgeladen hat, zeigt 4shared den Namen des Hochladenden (Benutzers), den Namen des Albums oder Ordners, das Cover-Foto der Datei, das Datum, an dem die Datei hochgeladen wurde, den Dateinamen, die Dateigr\u00f6\u00dfe, die Datei-Bitrate, die Dateierweiterung und die Datei-Tags an.<\/p>\n\n\n\n<figure class=\"wp-block-image\"><img src=\"https:\/\/lh6.googleusercontent.com\/a_ax3EiHjZa6eEKmxT6O7lglKqEKGdW21vC6NVRSGLpKBnOEJWBC_vtMK96YVkE2vpD1ueIgg0BOoJQZFNBN68cy9M_qNCf76Eb_xQHuMPGnPjeSmJRe1an-NvAH9EqrWMzo0jE\" alt=\"Plus button when adding files to a 4shared account\"\/><\/figure>\n\n\n\n<figure class=\"wp-block-image\"><img src=\"https:\/\/lh5.googleusercontent.com\/brDHiN-SpQWpYp1widxU6wBUEG-qcQhsGBj-ps_vlVwm-rMtMXTH95_jz279RxopjPnp1n_VUugzpFbo_L8FC0XxKlIiwc24MJECa7oci6RS8TeIk6MGnZy9_CiBFtM8uBTaZJQ\" alt=\"Button when adding files to a 4shared account\"\/><\/figure>\n\n\n\n<p>Ein Benutzer kann die Dateien auch zu seinem eigenen Konto auf 4shared hinzuf\u00fcgen. Er braucht nur auf das Pluszeichen oder die Schaltfl\u00e4che &#8222;Zu meinem Konto hinzuf\u00fcgen&#8220; der Datei zu klicken.<\/p>\n\n\n\n<p>Benutzer k\u00f6nnen auf die Schaltfl\u00e4che &#8222;Load more&#8220; klicken, um die n\u00e4chsten anderen Dateien zu laden, oder sie k\u00f6nnen auf die Schaltfl\u00e4che &#8222;Next&#8220; klicken, um die Dateien der n\u00e4chsten Seite zu laden.<\/p>\n\n\n\n<p>Nachfolgend finden Sie die Art der Dateien, die auf 4shared hochgeladen werden k\u00f6nnen:<\/p>\n\n\n\n<ul><li>Musik oder Audio<\/li><li> Videos<\/li><li> Anwendungen und Spiele<\/li><li> B\u00fccher oder E-B\u00fccher<\/li><li> Archivieren oder komprimieren<\/li><\/ul>\n\n\n\n<h3>2. Herunterladen <\/h3>\n\n\n\n<figure class=\"wp-block-image\"><img src=\"https:\/\/lh5.googleusercontent.com\/oyBfDjUy1_xgoLHfPGM-edYkEWqQlu03KFB1SH9vVC91cfAYGclV0Af174-2Blc-ATmvn6XAngZvy5M2bwJGMfU_i9wQd02AkMPRS1-PpZlQq0QxgDa3-cL7CGG1XvbJtjyAdzI\" alt=\"Download button of 4shared\"\/><\/figure>\n\n\n\n<p>Um eine Datei freizugeben, sollten die Benutzer auf die Schaltfl\u00e4che &#8222;Download&#8220; auf dem Download-Link oder durch die Verwendung von Datei <a rel=\"noreferrer noopener\" aria-label=\"QR-Code (opens in a new tab)\" href=\"https:\/\/whatis.techtarget.com\/definition\/QR-code-quick-response-code\" target=\"_blank\">QR-Code<\/a> oder auf der Seite der spezifischen Datei klicken.<\/p>\n\n\n\n<h3>3. Teilen Sie es<\/h3>\n\n\n\n<figure class=\"wp-block-image\"><img src=\"https:\/\/lh3.googleusercontent.com\/wd9_yQb7-lEsBKiVYZ2VlyLGY7NTz42OEEdaQ2p7rzOVxbCZLXw9MuHqqPecrmLmhv11hswTqVqeZumt6le9zFLqrpPx5nXFghhGyAHfZddYoNlqQ-97k4k0r5lVrnJacPcuCgo\" alt=\"Share button of 4shared\"\/><\/figure>\n\n\n\n<p>Um eine Datei zu teilen, m\u00fcssen die Benutzer auf die Schaltfl\u00e4che &#8222;Teilen&#8220; auf dem Link oder durch die Verwendung des Datei-QR-Codes oder auf der Seite der spezifischen Datei klicken.<\/p>\n\n\n\n<p>Au\u00dferdem kann ein Benutzer den Link der Datei nur mit dem Webbrowser eines beliebigen Ger\u00e4ts kopieren und einf\u00fcgen.<\/p>\n\n\n\n<p>Unten sind die von 4shared erlaubten Dateierweiterungen aufgef\u00fchrt:<\/p>\n\n\n\n<figure class=\"wp-block-table\"><table class=\"\"><tbody><tr><td>Dokumente<\/td><td>Audio-Musik<\/td><td>Videos<\/td><td>Fotos<\/td><td>Archiv<\/td><\/tr><tr><td>.txt.doc.rtf.pdf.xls<\/td><td>.wav.mp3.ogg.mid<\/td><td>.avi.mpeg.mpg<br><\/td><td>.jpg.png.gif.bmp<\/td><td>.rar.zip.jar<\/td><\/tr><\/tbody><\/table><\/figure>\n\n\n\n<p>Ein Benutzer kann jede Datei hochladen und freigeben, die von 4shared unterst\u00fctzt wird, aber er kann und sollte keine Datei hochladen und freigeben, die mit <a rel=\"noreferrer noopener\" aria-label=\"Pornographie (opens in a new tab)\" href=\"https:\/\/www.merriam-webster.com\/dictionary\/pornography\" target=\"_blank\">Pornographie<\/a>, illegalen oder urheberrechtlichen Dingen oder irgendetwas, das nicht mit den 4shared Nutzungsbedingungen \u00fcbereinstimmt, zu tun hat.<\/p>\n\n\n\n<h2>Die 4shared Bewerbungen<\/h2>\n\n\n\n<h3>A. App f\u00fcr Mobiltelefone<\/h3>\n\n\n\n<p>Ein Benutzer kann die 4shared-Anwendung \u00fcber seine Mobiltelefone in Google Play des Android, App Store des iOS, Phone Store f\u00fcr Windows herunterladen.<\/p>\n\n\n\n<h3>B. App f\u00fcr Desktops<\/h3>\n\n\n\n<p>Ein Benutzer kann die 4shared-Anwendung \u00fcber seinen Computer-Desktop oder seinen Laptop f\u00fcr Mac OS und Windows, die von der 4shared-Site betrieben werden, herunterladen.<\/p>\n\n\n<a class=\"maxbutton-2 maxbutton maxbutton-cta\" target=\"_blank\" rel=\"nofollow noopener\" href=\"\/go\/\"><span class='mb-text'>&gt;&gt; Gehen Sie zur urspr\u00fcnglichen Linkifier Website<\/span><\/a>\n\n\n<p><br><\/p>\n","protected":false},"excerpt":{"rendered":"<p>Die 4shared 4shared ist eine der sichersten und vertrauensw\u00fcrdigsten File-Hosting- und File-Transfer-Sites weltweit. Es gibt mehr als zehn (10) Millionen<\/p>\n","protected":false},"author":2,"featured_media":0,"parent":0,"menu_order":0,"comment_status":"closed","ping_status":"closed","template":"","meta":[],"yoast_head":"<!-- This site is optimized with the Yoast SEO plugin v18.3 - https:\/\/yoast.com\/wordpress\/plugins\/seo\/ -->\n<title>4shared Premium Konto: Der Filehoster Auf Einen Blick<\/title>\n<meta name=\"description\" content=\"Ist 4shared ein seri\u00f6ser Anbieter oder nicht, finden Sie die Antwort im aktuellen Test auf Multihoster.org \u279c. Klicken Sie jetzt \u271a und lesen Sie unsere Erfahrungen!\" \/>\n<meta name=\"robots\" content=\"index, follow, max-snippet:-1, max-image-preview:large, max-video-preview:-1\" \/>\n<link rel=\"canonical\" href=\"https:\/\/multihoster.org\/de\/4shared\/\" \/>\n<meta property=\"og:locale\" content=\"de_DE\" \/>\n<meta property=\"og:type\" content=\"article\" \/>\n<meta property=\"og:title\" content=\"4shared Premium Konto: Der Filehoster Auf Einen Blick\" \/>\n<meta property=\"og:description\" content=\"Ist 4shared ein seri\u00f6ser Anbieter oder nicht, finden Sie die Antwort im aktuellen Test auf Multihoster.org \u279c. Klicken Sie jetzt \u271a und lesen Sie unsere Erfahrungen!\" \/>\n<meta property=\"og:url\" content=\"https:\/\/multihoster.org\/de\/4shared\/\" \/>\n<meta property=\"og:site_name\" content=\"Multihoster.org\" \/>\n<meta property=\"article:modified_time\" content=\"2020-03-31T15:47:14+00:00\" \/>\n<meta property=\"og:image\" content=\"https:\/\/multihoster.org\/wp-content\/uploads\/2020\/03\/4shared.png\" \/>\n<meta name=\"twitter:card\" content=\"summary\" \/>\n<meta name=\"twitter:label1\" content=\"Gesch\u00e4tzte Lesezeit\" \/>\n\t<meta name=\"twitter:data1\" content=\"7\u00a0Minuten\" \/>\n<script type=\"application\/ld+json\" class=\"yoast-schema-graph\">{\"@context\":\"https:\/\/schema.org\",\"@graph\":[{\"@type\":\"WebSite\",\"@id\":\"https:\/\/multihoster.org\/#website\",\"url\":\"https:\/\/multihoster.org\/\",\"name\":\"Multihoster.org\",\"description\":\"Reviews of the major Filehosting services\",\"potentialAction\":[{\"@type\":\"SearchAction\",\"target\":{\"@type\":\"EntryPoint\",\"urlTemplate\":\"https:\/\/multihoster.org\/?s={search_term_string}\"},\"query-input\":\"required name=search_term_string\"}],\"inLanguage\":\"de\"},{\"@type\":\"ImageObject\",\"@id\":\"https:\/\/multihoster.org\/de\/4shared\/#primaryimage\",\"inLanguage\":\"de\",\"url\":\"https:\/\/multihoster.org\/wp-content\/uploads\/2020\/03\/4shared.png\",\"contentUrl\":\"https:\/\/multihoster.org\/wp-content\/uploads\/2020\/03\/4shared.png\",\"width\":350,\"height\":91,\"caption\":\"4shared logo\"},{\"@type\":\"WebPage\",\"@id\":\"https:\/\/multihoster.org\/de\/4shared\/#webpage\",\"url\":\"https:\/\/multihoster.org\/de\/4shared\/\",\"name\":\"4shared Premium Konto: Der Filehoster Auf Einen Blick\",\"isPartOf\":{\"@id\":\"https:\/\/multihoster.org\/#website\"},\"primaryImageOfPage\":{\"@id\":\"https:\/\/multihoster.org\/de\/4shared\/#primaryimage\"},\"datePublished\":\"2020-03-30T14:03:25+00:00\",\"dateModified\":\"2020-03-31T15:47:14+00:00\",\"description\":\"Ist 4shared ein seri\u00f6ser Anbieter oder nicht, finden Sie die Antwort im aktuellen Test auf Multihoster.org \u279c. Klicken Sie jetzt \u271a und lesen Sie unsere Erfahrungen!\",\"breadcrumb\":{\"@id\":\"https:\/\/multihoster.org\/de\/4shared\/#breadcrumb\"},\"inLanguage\":\"de\",\"potentialAction\":[{\"@type\":\"ReadAction\",\"target\":[\"https:\/\/multihoster.org\/de\/4shared\/\"]}]},{\"@type\":\"BreadcrumbList\",\"@id\":\"https:\/\/multihoster.org\/de\/4shared\/#breadcrumb\",\"itemListElement\":[{\"@type\":\"ListItem\",\"position\":1,\"name\":\"Startseite\",\"item\":\"https:\/\/multihoster.org\/de\/\"},{\"@type\":\"ListItem\",\"position\":2,\"name\":\"4shared Premium Konto: Der Filehoster Auf Einen Blick\"}]}]}<\/script>\n<!-- \/ Yoast SEO plugin. -->","yoast_head_json":{"title":"4shared Premium Konto: Der Filehoster Auf Einen Blick","description":"Ist 4shared ein seri\u00f6ser Anbieter oder nicht, finden Sie die Antwort im aktuellen Test auf Multihoster.org \u279c. Klicken Sie jetzt \u271a und lesen Sie unsere Erfahrungen!","robots":{"index":"index","follow":"follow","max-snippet":"max-snippet:-1","max-image-preview":"max-image-preview:large","max-video-preview":"max-video-preview:-1"},"canonical":"https:\/\/multihoster.org\/de\/4shared\/","og_locale":"de_DE","og_type":"article","og_title":"4shared Premium Konto: Der Filehoster Auf Einen Blick","og_description":"Ist 4shared ein seri\u00f6ser Anbieter oder nicht, finden Sie die Antwort im aktuellen Test auf Multihoster.org \u279c. Klicken Sie jetzt \u271a und lesen Sie unsere Erfahrungen!","og_url":"https:\/\/multihoster.org\/de\/4shared\/","og_site_name":"Multihoster.org","article_modified_time":"2020-03-31T15:47:14+00:00","og_image":[{"url":"https:\/\/multihoster.org\/wp-content\/uploads\/2020\/03\/4shared.png"}],"twitter_card":"summary","twitter_misc":{"Gesch\u00e4tzte Lesezeit":"7\u00a0Minuten"},"schema":{"@context":"https:\/\/schema.org","@graph":[{"@type":"WebSite","@id":"https:\/\/multihoster.org\/#website","url":"https:\/\/multihoster.org\/","name":"Multihoster.org","description":"Reviews of the major Filehosting services","potentialAction":[{"@type":"SearchAction","target":{"@type":"EntryPoint","urlTemplate":"https:\/\/multihoster.org\/?s={search_term_string}"},"query-input":"required name=search_term_string"}],"inLanguage":"de"},{"@type":"ImageObject","@id":"https:\/\/multihoster.org\/de\/4shared\/#primaryimage","inLanguage":"de","url":"https:\/\/multihoster.org\/wp-content\/uploads\/2020\/03\/4shared.png","contentUrl":"https:\/\/multihoster.org\/wp-content\/uploads\/2020\/03\/4shared.png","width":350,"height":91,"caption":"4shared logo"},{"@type":"WebPage","@id":"https:\/\/multihoster.org\/de\/4shared\/#webpage","url":"https:\/\/multihoster.org\/de\/4shared\/","name":"4shared Premium Konto: Der Filehoster Auf Einen Blick","isPartOf":{"@id":"https:\/\/multihoster.org\/#website"},"primaryImageOfPage":{"@id":"https:\/\/multihoster.org\/de\/4shared\/#primaryimage"},"datePublished":"2020-03-30T14:03:25+00:00","dateModified":"2020-03-31T15:47:14+00:00","description":"Ist 4shared ein seri\u00f6ser Anbieter oder nicht, finden Sie die Antwort im aktuellen Test auf Multihoster.org \u279c. Klicken Sie jetzt \u271a und lesen Sie unsere Erfahrungen!","breadcrumb":{"@id":"https:\/\/multihoster.org\/de\/4shared\/#breadcrumb"},"inLanguage":"de","potentialAction":[{"@type":"ReadAction","target":["https:\/\/multihoster.org\/de\/4shared\/"]}]},{"@type":"BreadcrumbList","@id":"https:\/\/multihoster.org\/de\/4shared\/#breadcrumb","itemListElement":[{"@type":"ListItem","position":1,"name":"Startseite","item":"https:\/\/multihoster.org\/de\/"},{"@type":"ListItem","position":2,"name":"4shared Premium Konto: Der Filehoster Auf Einen Blick"}]}]}},"_links":{"self":[{"href":"https:\/\/multihoster.org\/de\/wp-json\/wp\/v2\/pages\/2824"}],"collection":[{"href":"https:\/\/multihoster.org\/de\/wp-json\/wp\/v2\/pages"}],"about":[{"href":"https:\/\/multihoster.org\/de\/wp-json\/wp\/v2\/types\/page"}],"author":[{"embeddable":true,"href":"https:\/\/multihoster.org\/de\/wp-json\/wp\/v2\/users\/2"}],"replies":[{"embeddable":true,"href":"https:\/\/multihoster.org\/de\/wp-json\/wp\/v2\/comments?post=2824"}],"version-history":[{"count":4,"href":"https:\/\/multihoster.org\/de\/wp-json\/wp\/v2\/pages\/2824\/revisions"}],"predecessor-version":[{"id":3102,"href":"https:\/\/multihoster.org\/de\/wp-json\/wp\/v2\/pages\/2824\/revisions\/3102"}],"wp:attachment":[{"href":"https:\/\/multihoster.org\/de\/wp-json\/wp\/v2\/media?parent=2824"}],"curies":[{"name":"wp","href":"https:\/\/api.w.org\/{rel}","templated":true}]}}