{"id":2844,"date":"2020-03-30T13:37:39","date_gmt":"2020-03-30T13:37:39","guid":{"rendered":"https:\/\/multihoster.org\/?page_id=2844"},"modified":"2020-03-30T13:37:51","modified_gmt":"2020-03-30T13:37:51","slug":"sendspace","status":"publish","type":"page","link":"https:\/\/multihoster.org\/de\/sendspace\/","title":{"rendered":"SendSpace Premium Konto: Der Filehoster Auf Einen Blick"},"content":{"rendered":"\n<figure class=\"wp-block-image\"><img src=\"https:\/\/lh3.googleusercontent.com\/WjQlUlQJ23MPthwlLGbf0ndBToObt7-IkPsMKXMXS2OfiicbFdZ4ldswnaQLxICp2JVD3xJvbAjxBtJjxKKsA8yr9VuA3jcROL2jtcjuflbiG3n0kEBG9xjnPOjVzxfFV0fQZCM\" alt=\"Sendspace on desktop\"\/><\/figure>\n\n\n<a class=\"maxbutton-2 maxbutton maxbutton-cta\" target=\"_blank\" rel=\"nofollow noopener\" href=\"\/go\/\"><span class='mb-text'>&gt;&gt; Gehen Sie zur urspr\u00fcnglichen Linkifier Website<\/span><\/a>\n\n\n<p><\/p>\n\n\n\n<h2>Sendspace \u00dcbersicht<\/h2>\n\n\n\n<p>Sendspace ist nicht nur ein einfacher Datei-Hosting-Anbieter, sondern auch eine Software zur gemeinsamen Nutzung von Dateien. Aufgrund der hohen Nachfrage nach ihren seri\u00f6sen und effizienten Dienstleistungen liefern sie heute in nur einer Woche millionenfach Dokumente aus. Ja, Millionen von Dateien!<\/p>\n\n\n\n<p>Sendspace erkennt, dass jede Datei, die Sie liefern, f\u00fcr Ihre Bem\u00fchungen unerl\u00e4sslich ist, und sorgt daf\u00fcr, dass sie sicher und bequem heruntergeladen werden kann.<\/p>\n\n\n\n<p>Das Unternehmen widmet sich dem Dateitransfer und ist bem\u00fcht, den zuverl\u00e4ssigsten Service zu bieten. Seit 2005 vertrauen Privatpersonen und kleine bis mittlere Unternehmen darauf, dass sie ihre gro\u00dfen Dateien \u00fcbermitteln, und sie garantieren, dass der von ihnen angebotene Service einfach zu benutzen und vertrauensw\u00fcrdig ist.<\/p>\n\n\n\n<p>Sendspace sch\u00e4tzt seine Benutzer, und ihr Feedback oder ihre Vorschl\u00e4ge sind immer willkommen. Sie stellen sicher, dass jede Nachricht \u00fcberpr\u00fcft wird. F\u00fcr sie ist es nur ein Teil ihres Engagements, so n\u00fctzlich wie m\u00f6glich zu sein.<\/p>\n\n\n\n<h2>Fern-Upload: Was ist das?<\/h2>\n\n\n\n<p>Diese Einstellung ist f\u00fcr Sendspace-Premium-Benutzer zug\u00e4nglich. Wenn Ihr Ordner zuvor irgendwo im Internet gehostet wurde, kann Sendspace ihn f\u00fcr Sie abrufen und mit Ihrem Benutzerkonto kombinieren. Die einzige Voraussetzung f\u00fcr Sendspace ist der FTP- oder HTT-Link zu den Daten, und diese werden gesammelt. Um diese Einstellung zu nutzen, gehen Sie zu dem als &#8222;Remote Upload&#8220; bezeichneten Link und geben Sie dann die Link-Details ein. Sendspace verifiziert auch den Benutzernamen und das Passwort zur Authentifizierung, falls erforderlich. Ein URL-Formular f\u00fcr Ordnerpl\u00e4tze, die eine Autorisierung erfordern, w\u00fcrde \u00e4hnlich aussehen wie <\/p>\n\n\n\n<p>http:\/\/username:password@http.site.com\/file\/path\/name.example for an HTTP and link.ftp:\/\/username:password@ftp.yoursite.com\/file\/path\/name.example for an FTP URL.<\/p>\n\n\n\n<h2>Sendspace Premium Konto Funktionen<\/h2>\n\n\n\n<p>Neben dem FREE Sendspace-Account gibt es zwei Arten von Sendspace-Premium-Accounts, die herausragende Funktionen bieten. Wir stellen Ihnen eine Vergleichstabelle zur Verf\u00fcgung, um Ihnen auf einfache Weise die Unterschiede zwischen einem kostenlosen und einem Sendspace-Premium-Account von Pro-Base und Pro-Plus zu zeigen.<\/p>\n\n\n\n<figure class=\"wp-block-table\"><table class=\"\"><tbody><tr><td>FEATURES<\/td><td>FREI (lebenslang)<\/td><td>PRO-BASE<\/td><td>PRO-PLUS<\/td><\/tr><tr><td>Einzelne Dateigr\u00f6\u00dfe bis zu*<\/td><td>300 MB<\/td><td>5 GB<\/td><td>10 GB<\/td><\/tr><tr><td>Bandbreite des direkten Download-Links<\/td><td>\u2716<\/td><td>100 GB<\/td><td>300 GB<\/td><\/tr><tr><td>Unbegrenzte Lebenslange Speicherung<\/td><td>Begrenzt (30 Tage verf\u00fcgbar)<\/td><td>\u2714\ufe0f<\/td><td>\u2714\ufe0f<\/td><\/tr><tr><td>Schnelle und werbefreie Uploads &amp; Downloads<\/td><td>\u2716<\/td><td>\u2714\ufe0f<\/td><td>\u2714\ufe0f<\/td><\/tr><tr><td>Gemeinsame Nutzung einer Gruppe von Dateien mit einem Link<\/td><td>Beschr\u00e4nkt<\/td><td>\u2714\ufe0f<\/td><td>\u2714\ufe0f<\/td><\/tr><tr><td>Passwortgesch\u00fctzte Dateien und Ordner<\/td><td>\u2716<\/td><td>\u2714\ufe0f<\/td><td>\u2714\ufe0f<\/td><\/tr><tr><td>\u00d6ffentlicher Upload-Ordner\/Widget<\/td><td>\u2716<\/td><td>\u2714\ufe0f<\/td><td>\u2714\ufe0f<\/td><\/tr><tr><td>Passen Sie Ihre Download-Seiten an<\/td><td>\u2716<\/td><td>\u2714\ufe0f<\/td><td>\u2714\ufe0f<\/td><\/tr><tr><td>Statistiken zum Hoch- und Herunterladen von Dateien<\/td><td>Grundlegend<\/td><td>\u2714\ufe0f<\/td><td>\u2714\ufe0f<\/td><\/tr><tr><td>Datei-Versionierung<\/td><td>\u2716<\/td><td>\u2714\ufe0f<\/td><td>\u2714\ufe0f<\/td><\/tr><tr><td>Kontrolldatei-Downloads und Verf\u00fcgbarkeitsgrenzen<\/td><td>\u2716<\/td><td>\u2714\ufe0f<\/td><td>\u2714\ufe0f<\/td><\/tr><tr><td>Kopieren Sie Sendspace-Dateien auf Ihr Konto<\/td><td>\u2716<\/td><td>\u2714\ufe0f<\/td><td>\u2714\ufe0f<\/td><\/tr><tr><td>Vorrangige Unterst\u00fctzung, Dateiwiederherstellung<\/td><td>\u2716<\/td><td>\u2714\ufe0f<\/td><td>\u2714\ufe0f<\/td><\/tr><tr><td>Desktop &amp; mobile Werkzeuge<\/td><td>Beschr\u00e4nkt<\/td><td>\u2714\ufe0f<\/td><td>\u2714\ufe0f<\/td><\/tr><\/tbody><\/table><\/figure>\n\n\n\n<p>Der beliebte Plan von Sendspace ist der Pro-Base Sendspace Premium Account, dessen Funktionen wahrscheinlich die idealsten Werkzeuge sind, die die Menschen heutzutage brauchen. Wenn Sie jedoch derjenige sind, der diesen Aufschwung im Bereich des Dateiaustauschs wirklich brauchte, dann ist der Pro-Plus Sendspace Premium Account sicher der richtige f\u00fcr Sie.<\/p>\n\n\n\n<h2>Sendspace Pro-Base and Pro-Plus Rates<\/h2>\n\n\n\n<p>Wie viel w\u00fcrden Sie also f\u00fcr diese Art von herausragenden Merkmalen eines Systems bezahlen? Unten finden Sie eine Vorschau auf die Sendspace-Tarife mit drei verschiedenen Planzeiten, die in Sendspace verf\u00fcgbar sind.<\/p>\n\n\n\n<figure class=\"wp-block-table\"><table class=\"\"><tbody><tr><td>DURATION<\/td><td>PRO-BASE<\/td><td>PRO-PLUS<\/td><\/tr><tr><td>30 Tage<\/td><td>$8.99<\/td><td>$19.99<\/td><\/tr><tr><td>6 Monate<\/td><td>$50.99<\/td><td>$113.99<\/td><\/tr><tr><td>1 Jahr<\/td><td>$96.99<\/td><td>$215.99<\/td><\/tr><\/tbody><\/table><\/figure>\n\n\n\n<p>Sendspace-Premium-Benutzer k\u00f6nnen auch unbegrenztes Datei-Hosting f\u00fcr ihre Dateien genie\u00dfen, die schon lange nicht mehr heruntergeladen wurden. Da Sendspace free nur 30 Tage Hosting f\u00fcr eine Datei bietet, die bereits als inaktiv gilt.<\/p>\n\n\n\n<figure class=\"wp-block-image\"><img src=\"https:\/\/lh5.googleusercontent.com\/cb-Vw18TYphxG5xo6f69gF-LIvAo7vPWCn5c2XRE9tFfAab6WIuzkY1ZkvBOVY1xqvYwFkxa0pzi7p_igobHG7hm9SNK97VPSDhkjDxyuWFGFF-xcJAMfVOiQpm5n-u9wt_xAMc\" alt=\"Sendspace for Business\"\/><\/figure>\n\n\n\n<h2>Gesch\u00e4ftsplan in Sendspace<\/h2>\n\n\n\n<p>Wenn Sie die kostenlose Version ausprobiert haben und der Sendspace-Premium-Account jedoch mehr Dateiverwaltung zusammen mit anderen Benutzern oder Ihren anderen Mitarbeitern ben\u00f6tigt, sollten Sie den Sendspace-Premium-Account f\u00fcr Unternehmen ausprobieren.<\/p>\n\n\n\n<p>Sendspace hat kleinen und mittleren Unternehmen bei der Bearbeitung ihrer Dateien geholfen, und sie haben die Effizienz des Systems \u00fcber die Jahre hinweg unter Beweis gestellt.<\/p>\n\n\n\n<figure class=\"wp-block-table\"><table class=\"\"><tbody><tr><td>MERKMALE DES GESCH\u00c4FTSPLANS<\/td><td>KOSTENLOS (14 Tage)<\/td><td>GESCH\u00c4FTSGRUNDLAGE<\/td><\/tr><tr><td>Kombinieren Sie eine Arbeitsgruppe von Benutzern<\/td><td>\u2714\ufe0f<\/td><\/tr><tr><td>Zusammenarbeit mit freigegebenen Ordnern<\/td><td>\u2714\ufe0f<\/td><\/tr><tr><td>Instant Messaging vor Ort<\/td><td>\u2714\ufe0f<\/td><\/tr><tr><td>Einzelne Dateigr\u00f6\u00dfe bis zu*<\/td><td>10 GB<\/td><\/tr><tr><td>Bandbreite des direkten Download-Links<\/td><td>300 GB<\/td><\/tr><tr><td>Unbegrenzte Lebenslange Speicherung<\/td><td>\u2714\ufe0f<\/td><\/tr><tr><td>Schnelle und werbefreie Uploads &amp; Downloads<\/td><td>\u2714\ufe0f<\/td><\/tr><tr><td>Gemeinsame Nutzung einer Gruppe von Dateien mit einem Link<\/td><td>\u2714\ufe0f<\/td><\/tr><tr><td>Passwortgesch\u00fctzte Dateien und Ordner<\/td><td>\u2714\ufe0f<\/td><\/tr><tr><td>\u00d6ffentlicher Upload-Ordner\/Widget<\/td><td>\u2714\ufe0f<\/td><\/tr><tr><td>Passen Sie Ihre Download-Seiten an<\/td><td>\u2714\ufe0f<\/td><\/tr><tr><td>Statistiken zum Hoch- und Herunterladen von Dateien<\/td><td>\u2714\ufe0f<\/td><\/tr><tr><td>Datei-Versionierung<\/td><td>\u2714\ufe0f<\/td><\/tr><tr><td>Kontrolldatei-Downloads und Verf\u00fcgbarkeitsgrenzen<\/td><td>\u2714\ufe0f<\/td><\/tr><tr><td>Kopieren Sie Sendspace-Dateien auf Ihr Konto<\/td><td>\u2714\ufe0f<\/td><\/tr><tr><td>Vorrangige Unterst\u00fctzung, Dateiwiederherstellung<\/td><td>\u2714\ufe0f<\/td><\/tr><tr><td>Desktop &amp; mobile Werkzeuge<\/td><td>\u2714\ufe0f<\/td><\/tr><\/tbody><\/table><\/figure>\n\n\n\n<p>F\u00fcr den Gesch\u00e4ftsplan auf Sendspace sind die Preise unten aufgef\u00fchrt:<\/p>\n\n\n<a class=\"maxbutton-2 maxbutton maxbutton-cta\" target=\"_blank\" rel=\"nofollow noopener\" href=\"\/go\/\"><span class='mb-text'>&gt;&gt; Gehen Sie zur urspr\u00fcnglichen Linkifier Website<\/span><\/a>\n\n\n<p><\/p>\n\n\n\n<figure class=\"wp-block-table\"><table class=\"\"><tbody><tr><td>DAUER<\/td><td>GESCH\u00c4FTSGRUNDLAGE<\/td><\/tr><tr><td>30 Tage<\/td><td>$49.99<\/td><\/tr><tr><td>6 Monate<\/td><td>$49.99<\/td><\/tr><tr><td>1 Jahr<\/td><td>$49.99<\/td><\/tr><\/tbody><\/table><\/figure>\n\n\n\n<figure class=\"wp-block-image\"><img src=\"https:\/\/lh5.googleusercontent.com\/F8Jn5bmDjZg7P5yMSdTdw7-V0r78J_POAqxXQxRSXytvCJRPJ52T-0mkS8ZlilMqQxIj83yEEY2e6pUnSrr_kN4gThgSJK0nLDPScMVFevUrNu3YahZmHJc608Wflj0pn8y4OpQ\" alt=\"Sendspace for Mobile\"\/><\/figure>\n\n\n\n<figure class=\"wp-block-image\"><img src=\"https:\/\/lh5.googleusercontent.com\/S4KqTjrL_fxRPqmAvqwe_9A_LoEqwHqO-Xdmb9wHhUDtS7oLYVyuoYWm9DXjh4mbI-mSaLS-r9IxCPbNAwt6zm9uJm0JSnCKe1pyiwmnrg8K29KiMtU7oW3xBGyzGjGuKt7frBQ\" alt=\"Google Play Icon\"\/><\/figure>\n\n\n\n<h2>Sendspace f\u00fcr Mobile<\/h2>\n\n\n\n<p>Um Ihnen das Leben leichter zu machen, hat Sendspace seine mobile App entwickelt, um sicherzustellen, dass Ihre gesamte Datei jederzeit zug\u00e4nglich und verf\u00fcgbar ist, und zwar in Ihrer Handfl\u00e4che. Mit Sendspace f\u00fcr Android-Handys k\u00f6nnen Sie Dateien auf Ihrem Handy austauschen, hoch- und herunterladen.<\/p>\n\n\n\n<p>\u00dcber Sendspace f\u00fcr Android kann ein Benutzer<\/p>\n\n\n\n<ul><li>Hochladen und Verteilen von Dateien von Ihrem Sendspace-f\u00e4higen Mobiltelefon<\/li><li> Ver\u00f6ffentlichen Sie so viele Dateien wie Sie ben\u00f6tigen, ohne dass der Speicherplatz begrenzt wird.<\/li><li> Versenden von Download-Links an andere Personen per E-Mail<\/li><li> Benutzer k\u00f6nnen ihre Dateien direkt von ihrem Handy herunterladen<\/li><li> Garantiert, dass das Sendspace Mobile keinen Schaden anrichtet, da keine Werbung oder Malware vorhanden ist.<\/li><li> Die Sendspace Mobile-Version wird kostenlos genutzt. F\u00fcr den Download der App von Google Play ist keine Zahlung erforderlich.<\/li><\/ul>\n\n\n\n<figure class=\"wp-block-image\"><img src=\"https:\/\/lh4.googleusercontent.com\/W9Y2KW9D9rhP413G6C67zuhqXX22TpboVGUv6UISccgpZGU_H1kN6AAgDFGiRj3oM9Urnce7-udMHVmTVgpde1-8Dh-gsxY49_7_SC7JFrG3ILZfqaJg0sPxPkMe2Yr2YNDiLNk\" alt=\"Sendspace Bar code\"\/><\/figure>\n\n\n\n<p>Sie k\u00f6nnen den Barcode auch mit Ihrem Android-Ger\u00e4t scannen, um Sendspace f\u00fcr Android in Google Play zu finden.<\/p>\n\n\n\n<p>Die Verwendung von Sendspace auf Ihrem Android-Mobilger\u00e4t, das Hochladen und Senden oder die gemeinsame Nutzung jeglicher Art von Dateien ist in Ordnung. All dies kann auch mit Ihrem kostenlosen Sendspace-Konto durchgef\u00fchrt werden. Benutzer k\u00f6nnen auch einen Link per E-Mail an den Absender senden. Erstaunlich, nicht wahr?<\/p>\n\n\n\n<p>Die Sendspace Mobile App pr\u00e4sentiert keine Werbung oder andere irrelevante Dinge in der Schnittstelle, nur eine glatte, um mit einer Schnittstelle zu beginnen &#8211; das Verteilen von Uploads und das Herunterladen von Dateien von Ihrem Mobiltelefon.<\/p>\n\n\n\n<h2>Assistentenwerkzeug f\u00fcr Sendspace-Desktop<\/h2>\n\n\n\n<figure class=\"wp-block-image\"><img src=\"https:\/\/lh6.googleusercontent.com\/n4hXh_UcGOvOahjTMUv-ewjtu-EeuDCEud8pF2jtHprhYm7vjA3K5dx_YvarqlzlLCOXsCZCrhv0FX8296RIWXX0g-M9kelJBmM7b0lYrXL1BdURk8e2EzfO4_9FhsBc31lL-GY\" alt=\"Sendspace for Desktop (Windows, Mac &amp; Linux)\"\/><\/figure>\n\n\n\n<p>Wizard Tool ist ein Desktop-Tool, das f\u00fcr Inhaber eines Sendspace-Premium-Kontos und sogar f\u00fcr kostenlose Mitglieder kostenlos ist. Dieses Tool soll die Nutzung von Sendspace einfacher und effizienter machen. Das Tool kann von Windows-Benutzern, Mac-Benutzern und sogar von Linux-Benutzern verwendet werden.<\/p>\n\n\n\n<p>Mit dem Assistenten-Tool k\u00f6nnen alle Benutzer mehrere Dateien gleichzeitig hochladen, einfach per Drag &amp; Drop, die Beschreibungen der einzelnen Dateien vor dem Hochladen anpassen, Dateiverkn\u00fcpfungen per E-Mail verteilen, die Dateiverwaltung wurde mit dem Tool noch nie so individuell gestaltet und Sie erhalten automatische Aktualisierungen.<\/p>\n\n\n\n<h2>Sendspace DropBox<\/h2>\n\n\n\n<p>Eine Sendspace-DropBox ist ein einzigartiges Upload-Tool, mit dem Daten von jeder Person, die kein Konto bei Sendspace besitzt, oder auch von au\u00dferhalb von Sendspace an Sie \u00fcbertragen werden k\u00f6nnen. Alle in eine Sendspace-DropBox hochgeladenen Daten gehen sofort in ein von Ihnen gew\u00e4hltes Portfolio. Es ist \u00e4hnlich wie der Besitz Ihrer personalisierten digitalen Postbox f\u00fcr gro\u00dfe Datenportfolios.<\/p>\n\n\n\n<p>Sie setzen den kleinen DropBox-Widget-Schl\u00fcssel innerhalb Ihrer Webseiten, und die Personen k\u00f6nnen in Ihrer Erkl\u00e4rung direkt aus Ihrem Web hochladen. Die Person, die hochl\u00e4dt, erh\u00e4lt keinen Ordner-Link. Es ist Ihre individuelle Entscheidung, in jedem Moment, in dem Ihre DropBox benutzt wird, eine E-Mail zu erhalten.<\/p>\n\n\n\n<p>Wenn die Mappe jemals privat ist, erhalten Sie die Mappe, die Sie nach Belieben verwenden k\u00f6nnen. Der Kontoinhaber bestimmt, ob die Datei weiter gespeichert oder verteilt werden soll. Wenn das Portfolio verteilt wird, k\u00f6nnen au\u00dferdem alle, die den Link zur gemeinsamen Datei identifizieren, die hochgeladenen Daten sehen und sie herunterladen.<\/p>\n\n\n\n<p>Mit einer Sendspace-DropBox k\u00f6nnen Sie Daten annehmen oder Ihre pers\u00f6nliche Dateifreigabekette aufbauen und diese praktisch f\u00fcr Freunde und Unternehmen pr\u00e4sentieren, um Dateien effizient auszutauschen. Diese Einstellung ist f\u00fcr Mitglieder des Sendspace-Premium-Accounts zug\u00e4nglich und wird innerhalb von Mysendspace konzipiert und geregelt<\/p>\n\n\n\n<figure class=\"wp-block-image\"><img src=\"https:\/\/lh6.googleusercontent.com\/y8H0Mk1d7Gi2ZlW1JjOSzW2lVrKrl8weP2Bf5w3DMID2lXHiF1rLf-H5G0Mgtb4aTeDF5OHNPZlldo5bKjkx7o4Mj44Ybfks10-3TVSyd5ENwmCc1f6y5dEcmU8umGeRiBfoKME\" alt=\"Files accessible anywhere and anytime\"\/><\/figure>\n\n\n\n<h2>Was ist nach dem Verlust des Links zum L\u00f6schen von Dateien zu tun? <\/h2>\n\n\n\n<p>Angemeldete und eingeloggte Konten k\u00f6nnen Daten und Ordner in ihrem Konto l\u00f6schen, indem Sie zu Mein Konto -&gt; Meine Dateien gehen. Sendspace konnte nicht authentifizieren, dass Sie der Eigent\u00fcmer der Dokumente sind, wenn Sie nicht registriert und eingeloggt sind und nicht \u00fcber den L\u00f6sch-Link verf\u00fcgen. Folglich wird die Datei einen Monat nach dem letzten Download automatisch vernichtet. Alle weiteren Aktionen, die Sie durchf\u00fchren, f\u00fchren zu keiner weiteren Vernichtung.<\/p>\n\n\n\n<h2>Wer hat die Befugnis, eine Datei in Ihrem Konto zu l\u00f6schen?<\/h2>\n\n\n\n<p>Das Benutzerkonto und Sendspace k\u00f6nnen die Datei nur entfernen. Nach dem Hochladen eines Dokuments wird ein eindeutiger Link zum L\u00f6schen der Datei bereitgestellt. Wenn Sie andererseits eine E-Mail-Authentifizierung w\u00e4hlen, wird der L\u00f6sch-Link in dieser speziellen E-Mail angeh\u00e4ngt.<\/p>\n\n\n\n<p>Wenn jemand unter Verwendung einer DropBox hochl\u00e4dt, wird er nicht mit Links versorgt oder eine Mail weitergeleitet. Der DropBox-Benutzer oder Kontoinhaber kann das Dokument vollst\u00e4ndig entfernen. Angemeldete Konten k\u00f6nnen Informationen aktualisieren und ihre Dateien auf ihrer &#8222;Meine Dateien&#8220;-Webseite \u00fcbertragen. Die Empf\u00e4nger Ihrer Daten sind nicht in der Lage, diese zu verwerfen (au\u00dfer sie werden mit der L\u00f6sch-URL pr\u00e4sentiert) oder zu aktualisieren.<\/p>\n\n\n\n<h2>Zusammenfassung<\/h2>\n\n\n\n<p>Nun sind wir am Ende, und Sie m\u00fcssen jetzt die Pl\u00e4ne studieren, die f\u00fcr Sie oder Ihr Unternehmen geeignet sind. Wann immer Sie sich f\u00fcr etwas entscheiden m\u00fcssen, sollte es gr\u00fcndlich recherchiert werden.<\/p>\n\n\n\n<p>Sendspace hat eine Menge Rezensionen online, die Sie ebenfalls erkunden k\u00f6nnen. Suchen Sie weiter, bis Sie einen Dienst finden, der Ihren Bed\u00fcrfnissen entspricht.<\/p>\n\n\n\n<h2>Referenzen<\/h2>\n\n\n\n<p><a href=\"https:\/\/www.cmpod.net\/all-transcripts\/history-file-sharing-part-1-2-rise-fall-napster_text\/\">www.cmpod.net\/all-transcripts\/history-file-sharing-part-1-2-rise-fall-napster_text\/<\/a><br><a href=\"https:\/\/www.smartfile.com\/blog\/an-all-too-brief-history-of-file-sharing\/\">www.smartfile.com\/blog\/an-all-too-brief-history-of-file-sharing\/<\/a><br><a href=\"https:\/\/www.thefreedictionary.com\/File+hosting\">www.thefreedictionary.com\/File+hosting<\/a><br><a href=\"https:\/\/beginnersbook.com\/2013\/04\/advantages-and-disadvantages-of-online-data-storage\/\">www.beginnersbook.com\/2013\/04\/advantages-and-disadvantages-of-online-data-storage\/<\/a><br><a href=\"https:\/\/www.technobezz.com\/5-benefits-online-data-storage\/\">www.technobezz.com\/5-benefits-online-data-storage\/<\/a><br><a href=\"https:\/\/www.quora.com\/What-is-cloud-storage-What-is-its-importance-in-the-modern-computer-world\">www.quora.com\/What-is-cloud-storage-What-is-its-importance-in-the-modern-computer-world<\/a><\/p>\n\n\n<a class=\"maxbutton-2 maxbutton maxbutton-cta\" target=\"_blank\" rel=\"nofollow noopener\" href=\"\/go\/\"><span class='mb-text'>&gt;&gt; Gehen Sie zur urspr\u00fcnglichen Linkifier Website<\/span><\/a>\n\n\n<p><\/p>\n","protected":false},"excerpt":{"rendered":"<p>Sendspace \u00dcbersicht Sendspace ist nicht nur ein einfacher Datei-Hosting-Anbieter, sondern auch eine Software zur gemeinsamen Nutzung von Dateien. Aufgrund der<\/p>\n","protected":false},"author":2,"featured_media":0,"parent":0,"menu_order":0,"comment_status":"closed","ping_status":"closed","template":"","meta":[],"yoast_head":"<!-- This site is optimized with the Yoast SEO plugin v18.3 - https:\/\/yoast.com\/wordpress\/plugins\/seo\/ -->\n<title>SendSpace Premium Konto: Der Filehoster Auf Einen Blick<\/title>\n<meta name=\"description\" content=\"Ist SendSpace ein seri\u00f6ser Anbieter oder nicht, finden Sie die Antwort im aktuellen Test auf Multihoster.org \u279c. Klicken Sie jetzt \u271a und lesen Sie unsere Erfahrungen!\" \/>\n<meta name=\"robots\" content=\"index, follow, max-snippet:-1, max-image-preview:large, max-video-preview:-1\" \/>\n<link rel=\"canonical\" href=\"https:\/\/multihoster.org\/de\/sendspace\/\" \/>\n<meta property=\"og:locale\" content=\"de_DE\" \/>\n<meta property=\"og:type\" content=\"article\" \/>\n<meta property=\"og:title\" content=\"SendSpace Premium Konto: Der Filehoster Auf Einen Blick\" \/>\n<meta property=\"og:description\" content=\"Ist SendSpace ein seri\u00f6ser Anbieter oder nicht, finden Sie die Antwort im aktuellen Test auf Multihoster.org \u279c. Klicken Sie jetzt \u271a und lesen Sie unsere Erfahrungen!\" \/>\n<meta property=\"og:url\" content=\"https:\/\/multihoster.org\/de\/sendspace\/\" \/>\n<meta property=\"og:site_name\" content=\"Multihoster.org\" \/>\n<meta property=\"article:modified_time\" content=\"2020-03-30T13:37:51+00:00\" \/>\n<meta property=\"og:image\" content=\"https:\/\/lh3.googleusercontent.com\/WjQlUlQJ23MPthwlLGbf0ndBToObt7-IkPsMKXMXS2OfiicbFdZ4ldswnaQLxICp2JVD3xJvbAjxBtJjxKKsA8yr9VuA3jcROL2jtcjuflbiG3n0kEBG9xjnPOjVzxfFV0fQZCM\" \/>\n<meta name=\"twitter:card\" content=\"summary\" \/>\n<meta name=\"twitter:label1\" content=\"Gesch\u00e4tzte Lesezeit\" \/>\n\t<meta name=\"twitter:data1\" content=\"8\u00a0Minuten\" \/>\n<script type=\"application\/ld+json\" class=\"yoast-schema-graph\">{\"@context\":\"https:\/\/schema.org\",\"@graph\":[{\"@type\":\"WebSite\",\"@id\":\"https:\/\/multihoster.org\/#website\",\"url\":\"https:\/\/multihoster.org\/\",\"name\":\"Multihoster.org\",\"description\":\"Reviews of the major Filehosting services\",\"potentialAction\":[{\"@type\":\"SearchAction\",\"target\":{\"@type\":\"EntryPoint\",\"urlTemplate\":\"https:\/\/multihoster.org\/?s={search_term_string}\"},\"query-input\":\"required name=search_term_string\"}],\"inLanguage\":\"de\"},{\"@type\":\"ImageObject\",\"@id\":\"https:\/\/multihoster.org\/de\/sendspace\/#primaryimage\",\"inLanguage\":\"de\",\"url\":\"https:\/\/lh3.googleusercontent.com\/WjQlUlQJ23MPthwlLGbf0ndBToObt7-IkPsMKXMXS2OfiicbFdZ4ldswnaQLxICp2JVD3xJvbAjxBtJjxKKsA8yr9VuA3jcROL2jtcjuflbiG3n0kEBG9xjnPOjVzxfFV0fQZCM\",\"contentUrl\":\"https:\/\/lh3.googleusercontent.com\/WjQlUlQJ23MPthwlLGbf0ndBToObt7-IkPsMKXMXS2OfiicbFdZ4ldswnaQLxICp2JVD3xJvbAjxBtJjxKKsA8yr9VuA3jcROL2jtcjuflbiG3n0kEBG9xjnPOjVzxfFV0fQZCM\"},{\"@type\":\"WebPage\",\"@id\":\"https:\/\/multihoster.org\/de\/sendspace\/#webpage\",\"url\":\"https:\/\/multihoster.org\/de\/sendspace\/\",\"name\":\"SendSpace Premium Konto: Der Filehoster Auf Einen Blick\",\"isPartOf\":{\"@id\":\"https:\/\/multihoster.org\/#website\"},\"primaryImageOfPage\":{\"@id\":\"https:\/\/multihoster.org\/de\/sendspace\/#primaryimage\"},\"datePublished\":\"2020-03-30T13:37:39+00:00\",\"dateModified\":\"2020-03-30T13:37:51+00:00\",\"description\":\"Ist SendSpace ein seri\u00f6ser Anbieter oder nicht, finden Sie die Antwort im aktuellen Test auf Multihoster.org \u279c. Klicken Sie jetzt \u271a und lesen Sie unsere Erfahrungen!\",\"breadcrumb\":{\"@id\":\"https:\/\/multihoster.org\/de\/sendspace\/#breadcrumb\"},\"inLanguage\":\"de\",\"potentialAction\":[{\"@type\":\"ReadAction\",\"target\":[\"https:\/\/multihoster.org\/de\/sendspace\/\"]}]},{\"@type\":\"BreadcrumbList\",\"@id\":\"https:\/\/multihoster.org\/de\/sendspace\/#breadcrumb\",\"itemListElement\":[{\"@type\":\"ListItem\",\"position\":1,\"name\":\"Startseite\",\"item\":\"https:\/\/multihoster.org\/de\/\"},{\"@type\":\"ListItem\",\"position\":2,\"name\":\"SendSpace Premium Konto: Der Filehoster Auf Einen Blick\"}]}]}<\/script>\n<!-- \/ Yoast SEO plugin. -->","yoast_head_json":{"title":"SendSpace Premium Konto: Der Filehoster Auf Einen Blick","description":"Ist SendSpace ein seri\u00f6ser Anbieter oder nicht, finden Sie die Antwort im aktuellen Test auf Multihoster.org \u279c. Klicken Sie jetzt \u271a und lesen Sie unsere Erfahrungen!","robots":{"index":"index","follow":"follow","max-snippet":"max-snippet:-1","max-image-preview":"max-image-preview:large","max-video-preview":"max-video-preview:-1"},"canonical":"https:\/\/multihoster.org\/de\/sendspace\/","og_locale":"de_DE","og_type":"article","og_title":"SendSpace Premium Konto: Der Filehoster Auf Einen Blick","og_description":"Ist SendSpace ein seri\u00f6ser Anbieter oder nicht, finden Sie die Antwort im aktuellen Test auf Multihoster.org \u279c. Klicken Sie jetzt \u271a und lesen Sie unsere Erfahrungen!","og_url":"https:\/\/multihoster.org\/de\/sendspace\/","og_site_name":"Multihoster.org","article_modified_time":"2020-03-30T13:37:51+00:00","og_image":[{"url":"https:\/\/lh3.googleusercontent.com\/WjQlUlQJ23MPthwlLGbf0ndBToObt7-IkPsMKXMXS2OfiicbFdZ4ldswnaQLxICp2JVD3xJvbAjxBtJjxKKsA8yr9VuA3jcROL2jtcjuflbiG3n0kEBG9xjnPOjVzxfFV0fQZCM"}],"twitter_card":"summary","twitter_misc":{"Gesch\u00e4tzte Lesezeit":"8\u00a0Minuten"},"schema":{"@context":"https:\/\/schema.org","@graph":[{"@type":"WebSite","@id":"https:\/\/multihoster.org\/#website","url":"https:\/\/multihoster.org\/","name":"Multihoster.org","description":"Reviews of the major Filehosting services","potentialAction":[{"@type":"SearchAction","target":{"@type":"EntryPoint","urlTemplate":"https:\/\/multihoster.org\/?s={search_term_string}"},"query-input":"required name=search_term_string"}],"inLanguage":"de"},{"@type":"ImageObject","@id":"https:\/\/multihoster.org\/de\/sendspace\/#primaryimage","inLanguage":"de","url":"https:\/\/lh3.googleusercontent.com\/WjQlUlQJ23MPthwlLGbf0ndBToObt7-IkPsMKXMXS2OfiicbFdZ4ldswnaQLxICp2JVD3xJvbAjxBtJjxKKsA8yr9VuA3jcROL2jtcjuflbiG3n0kEBG9xjnPOjVzxfFV0fQZCM","contentUrl":"https:\/\/lh3.googleusercontent.com\/WjQlUlQJ23MPthwlLGbf0ndBToObt7-IkPsMKXMXS2OfiicbFdZ4ldswnaQLxICp2JVD3xJvbAjxBtJjxKKsA8yr9VuA3jcROL2jtcjuflbiG3n0kEBG9xjnPOjVzxfFV0fQZCM"},{"@type":"WebPage","@id":"https:\/\/multihoster.org\/de\/sendspace\/#webpage","url":"https:\/\/multihoster.org\/de\/sendspace\/","name":"SendSpace Premium Konto: Der Filehoster Auf Einen Blick","isPartOf":{"@id":"https:\/\/multihoster.org\/#website"},"primaryImageOfPage":{"@id":"https:\/\/multihoster.org\/de\/sendspace\/#primaryimage"},"datePublished":"2020-03-30T13:37:39+00:00","dateModified":"2020-03-30T13:37:51+00:00","description":"Ist SendSpace ein seri\u00f6ser Anbieter oder nicht, finden Sie die Antwort im aktuellen Test auf Multihoster.org \u279c. Klicken Sie jetzt \u271a und lesen Sie unsere Erfahrungen!","breadcrumb":{"@id":"https:\/\/multihoster.org\/de\/sendspace\/#breadcrumb"},"inLanguage":"de","potentialAction":[{"@type":"ReadAction","target":["https:\/\/multihoster.org\/de\/sendspace\/"]}]},{"@type":"BreadcrumbList","@id":"https:\/\/multihoster.org\/de\/sendspace\/#breadcrumb","itemListElement":[{"@type":"ListItem","position":1,"name":"Startseite","item":"https:\/\/multihoster.org\/de\/"},{"@type":"ListItem","position":2,"name":"SendSpace Premium Konto: Der Filehoster Auf Einen Blick"}]}]}},"_links":{"self":[{"href":"https:\/\/multihoster.org\/de\/wp-json\/wp\/v2\/pages\/2844"}],"collection":[{"href":"https:\/\/multihoster.org\/de\/wp-json\/wp\/v2\/pages"}],"about":[{"href":"https:\/\/multihoster.org\/de\/wp-json\/wp\/v2\/types\/page"}],"author":[{"embeddable":true,"href":"https:\/\/multihoster.org\/de\/wp-json\/wp\/v2\/users\/2"}],"replies":[{"embeddable":true,"href":"https:\/\/multihoster.org\/de\/wp-json\/wp\/v2\/comments?post=2844"}],"version-history":[{"count":2,"href":"https:\/\/multihoster.org\/de\/wp-json\/wp\/v2\/pages\/2844\/revisions"}],"predecessor-version":[{"id":2939,"href":"https:\/\/multihoster.org\/de\/wp-json\/wp\/v2\/pages\/2844\/revisions\/2939"}],"wp:attachment":[{"href":"https:\/\/multihoster.org\/de\/wp-json\/wp\/v2\/media?parent=2844"}],"curies":[{"name":"wp","href":"https:\/\/api.w.org\/{rel}","templated":true}]}}