{"id":2922,"date":"2020-03-30T13:33:12","date_gmt":"2020-03-30T13:33:12","guid":{"rendered":"https:\/\/multihoster.org\/?page_id=2922"},"modified":"2020-05-29T12:52:38","modified_gmt":"2020-05-29T12:52:38","slug":"streamcloud","status":"publish","type":"page","link":"https:\/\/multihoster.org\/de\/streamcloud\/","title":{"rendered":"StreamCloud Premium Konto: Der Filehoster Auf Einen Blick"},"content":{"rendered":"<a class=\"maxbutton-2 maxbutton maxbutton-cta\" target=\"_blank\" rel=\"nofollow noopener\" href=\"\/go\/\"><span class='mb-text'>&gt;&gt; Gehen Sie zur urspr\u00fcnglichen Linkifier Website<\/span><\/a>\n\n\n<p>Streamcloud Premium ist der Durchbruch, der <a rel=\"noreferrer noopener\" aria-label=\"Online-Webspeicher (opens in a new tab)\" href=\"https:\/\/cloud.google.com\/storage\" target=\"_blank\">Online-Webspeicher<\/a> (Cloud Storage) und Videostreaming im Web in einem einzigen Produkt vereint. W\u00e4hrend alle Ihre Dateien auf einem verschl\u00fcsselten Server gespeichert werden, k\u00f6nnen Sie \u00fcber die Plattform auch Videos streamen.  Erfahren Sie mehr dar\u00fcber, indem Sie die unten stehende \u00dcbersicht lesen. <\/p>\n\n\n\n<h2>\u00dcber die Streamcloud Premium Plattform<\/h2>\n\n\n\n<p>Die Streamcloud-Premium-Plattform war eine Website, die von New Ventures Services, Corp am 4. Oktober 2012 entwickelt wurde. Sie ist jetzt sieben (7) Jahre und vier (4) Monate in Betrieb und wird immer noch von ihren Gr\u00fcndern gepflegt. Sch\u00e4tzungen von verschiedenen Websites haben ihre Legitimit\u00e4t bewiesen, da die Website 8,95 Dollar wert ist und 0,15 Dollar verdient. Sie ist durch ihre guten Parameter als sicher gekennzeichnet<\/p>\n\n\n\n<figure class=\"wp-block-image\"><img src=\"https:\/\/lh4.googleusercontent.com\/xcxpv9Ok39mZs2azSQyAMZjRiJmA_UPp2NkcIGgn7jTknebXHbBFvyI5GpychS6EqvN1AwTPLUvFkGzWwaxFzbX_4LcrW3vqqHLE04zHgp4L49tAp32tiZ8kelyfa6cjvEWkctM\" alt=\"Streamcloud descriptive image\"\/><\/figure>\n\n\n\n<p><br>Die Streamcloud ist Ihre beste Datei-Hosting-Plattform mit zus\u00e4tzlichen Funktionen<\/p>\n\n\n\n<p>Jetzt, da Sie wissen, was die Streamcloud-Premium-Plattform legitimiert, erfahren Sie mehr dar\u00fcber, was Streamcloud Premium f\u00fcr Sie und Ihre Dateien tun kann, indem Sie das n\u00e4chste Thema lesen.<\/p>\n\n\n\n<h2>Die Funktionen der Streamcloud Premium Plattform<\/h2>\n\n\n\n<p>Die Streamcloud-Premium-Plattform ist im Grunde ein Online-Webspeicher (Cloud Storage) und Videostreaming im Web kombiniert. Sie kann alle Ihre Dateien auf einem verschl\u00fcsselten <a rel=\"noreferrer noopener\" aria-label=\"Server speichern (opens in a new tab)\" href=\"https:\/\/computersciencewiki.org\/index.php\/Client-side_scripting_and_server-side_scripting\" target=\"_blank\">Server speichern<\/a>, Sie k\u00f6nnen auch Videos \u00fcber die Plattform streamen. The Network Solutions, LLC wird von seinen Experten in Web-Engineering und Web-Programmierung unterst\u00fctzt, die Kombinationen verschiedener Sprachen (wie HTML, CSS, Javascript, Python, C#, C+ und C++) verwenden, um die Zuverl\u00e4ssigkeit der Website zu gew\u00e4hrleisten, damit die versprochenen Dienste nahtlos geliefert werden k\u00f6nnen und die maximale Sicherheit f\u00fcr die Uploader durch die in die Website integrierte gleichzeitige Verschl\u00fcsselung gew\u00e4hrleistet ist. Damit werden die Daten und Informationen der Benutzer, einschlie\u00dflich aller Datei-Uploads, verschl\u00fcsselt, bevor sie \u00fcberhaupt ins Internet gehen, und zwar mit Hilfe von Client-seitigem Skripting. Durch den Einsatz des AES-Algorithmus werden alle Daten und Informationen auf den Servern von Streamcloud Premium gesichert, die sich an mehreren Standorten befinden, was die h\u00f6chste Sicherheit f\u00fcr die Nutzer noch weiter erh\u00f6ht.<\/p>\n\n\n\n<p>Man mag von den Funktionen der Streamcloud Premium nicht beeindruckt sein, da andere File-Hosting-Service (FHS)-Anbieter das Gleiche anbieten, aber Streamcloud Premium ist einzigartig unter all seinen Konkurrenten. Die Streamcloud Premium verf\u00fcgt \u00fcber einen integrierten Videoplayer, der die wichtigsten Arten von Videodateien wie 3gp, mp4, webm, flv und alle anderen Videodateien abspielen kann. Sie k\u00f6nnen alle Ihre Videos im Streamcloud Premium-Online-Webspeicher oder im Cloud-Storage mit dem Streamcloud Premium-Videostreaming sowie alle Videos anderer Nutzer ansehen, wenn diese ihre Dateien freigeben m\u00f6chten. Auf die Datenschutzeinstellungen f\u00fcr die Videodateien kann \u00fcber die Eigenschaften der ausgew\u00e4hlten Videodatei zugegriffen werden. Klicken Sie einfach auf die Eigenschaften und w\u00e4hlen Sie die \u00f6ffentliche Einstellung aus, wenn die Videodatei f\u00fcr alle verf\u00fcgbar sein soll, oder die private Einstellung, wenn die Videodatei nur f\u00fcr Sie zug\u00e4nglich sein soll. Die Eigenschaften von Videodateien k\u00f6nnen auch so eingestellt werden, dass sie nur f\u00fcr ausgew\u00e4hlte Benutzer zug\u00e4nglich sind, indem Sie nur ausw\u00e4hlen und dann die Namen oder E-Mail-Adressen der Streamcloud Premium-Benutzer eingeben, f\u00fcr die Sie die Datei freigeben m\u00f6chten.<\/p>\n\n\n\n<figure class=\"wp-block-image\"><img src=\"https:\/\/lh6.googleusercontent.com\/bnFLG5PFEBQOPMFDAWo3rHyJYiu5nEEu9aSxZAy7r_ohcySBJa8icgsb0tprIBpaFsF61MTqBMn4OgCrcJSlR-hVaBJfVCPILVqfvqdQYnQ69kSFjOa-zleyxB2GZk4xBkZ0a1I\" alt=\"Streamcloud online video streaming\"\/><\/figure>\n\n\n\n<p>Die Streamcloud hat eine integrierte Web-Streaming-Funktion, um hochgeladene Videos anzusehen<\/p>\n\n\n\n<p>Der <a rel=\"noreferrer noopener\" aria-label=\"eingebettete Videoplayer (opens in a new tab)\" href=\"https:\/\/developer.mozilla.org\/en\/docs\/Web\/HTML\/Element\/video\" target=\"_blank\">eingebettete Videoplayer<\/a> Streamcloud Premium kann Videos in 240p-, 360p-, 480p-, 720p-, HD- und Blu-Ray-Qualit\u00e4t wiedergeben, so dass Sie Ihre Videodateien sicher genie\u00dfen k\u00f6nnen und gleichzeitig die Gewissheit haben, dass alle Ihre Dateien in einem Online-Host \u00fcber die Streamcloud Premium-Plattform gesichert sind.<\/p>\n\n\n\n<h2>Das Streamcloud-Betrugsproblem<\/h2>\n\n\n\n<p>Im Internet kursieren Ger\u00fcchte \u00fcber das Streamcloud-Betrugsproblem, aber die Network Solutions, LLC verurteilt dieses Problem auf das Sch\u00e4rfste, da Streamcloud eine v\u00f6llig legitime Website ist. Sie haben die Urspr\u00fcnge und sogar die Komponenten der Website bis hin zu den tats\u00e4chlichen Einnahmen gelesen, um dies zu beweisen. Dieses Problem wird eindeutig von den Konkurrenten ausgemacht, da Streamcloud ein einzigartiges Produkt ist, das von vielen seiner Nutzer gew\u00fcnscht wird. Viele Unternehmen versuchten sogar, es f\u00fcr seinen Wert zu kaufen, aber die Streamcloud unter der Leitung von Network Solutions, LLC hat sich verpflichtet, Ihnen die besten Dienstleistungen anzubieten, w\u00e4hrend Sie Ihre Videos streamen und den sichersten Datei-Hosting-Service in der Cloud nutzen.<\/p>\n\n\n\n<h2>Die Streamcloud Premium Arten von Konten<\/h2>\n\n\n\n<p>Die Streamcloud Premium verf\u00fcgt \u00fcber verschiedene Arten von <a rel=\"noreferrer noopener\" aria-label=\"Konten (opens in a new tab)\" href=\"https:\/\/www.techopedia.com\/definition\/13458\/user-accountKEwiU-5z0i4joAhUYfd4KHczKAH8QFjAQegQIBxAB&amp;url=https%3A%2F%2Fwww.techopedia.com%2Fdefinition%2F13458%2Fuser-account&amp;usg=AOvVaw2CezyjXl4sE6JmdNqYBYSu\" target=\"_blank\">Konten<\/a>, die auf die t\u00e4glichen Bed\u00fcrfnisse unserer Nutzer zugeschnitten sind. Grunds\u00e4tzlich bietet die Streamcloud Premium den Freemium File Hosting Service (FHS), aber es gibt auch Streamcloud Premium-Accounts, die mehr Funktionalit\u00e4t bieten k\u00f6nnen. Wir haben die Details der einzelnen Konten in der folgenden Tabelle dargestellt.<\/p>\n\n\n\n<p>Tabelle 1. Verschiedene Arten von Streamcloud-Konten<\/p>\n\n\n\n<figure class=\"wp-block-table\"><table><tbody><tr><td>Konto-Typ<\/td><td>Wartungsgeb\u00fchr<\/td><td>Speicherzuweisung<\/td><td>Bandbreite<\/td><\/tr><tr><td>Streamcloud Freemium<\/td><td>Kostenlos<\/td><td>15 GB pro Monat<\/td><td>35 GB pro Monat<\/td><\/tr><tr><td>Streamcloud Premium<\/td><td>$ 11.00 pro Monat<\/td><td>400 GB pro Monat<\/td><td>1 TB pro Monat<\/td><\/tr><tr><td>Streamcloud Premium Fortgeschrittene<\/td><td>$ 23 pro Monat<\/td><td>2 TB pro Monat<\/td><td>2 TB pro Monat<\/td><\/tr><tr><td>Streamcloud Premium Prestige<\/td><td>$ 30.00 pro Monat<\/td><td>8 TB pro Monat<\/td><td>8 TB pro Monat<\/td><\/tr><tr><td>Streamcloud Premium Lizenzgeb\u00fchr<\/td><td>$ 53.00 pro Monat<\/td><td>16 TB pro Monat<\/td><td>16 TB pro Monat<\/td><\/tr><\/tbody><\/table><\/figure>\n\n\n\n<p>Wie oben gezeigt, sind die verschiedenen Arten von Streamcloud-Premium-Accounts Streamcloud Freemium Account, Streamcloud Premium Account, Streamcloud Premium Advanced Account, Streamcloud Premium Prestige Account und Streamcloud Premium Royalty Account, jeder mit seinen eigenen Vorteilen.<\/p>\n\n\n\n<p>Wir sind sicher, dass Ihnen unser Streamcloud Freemium Account File Hosting Service (FHS) gefallen w\u00fcrde, aber wir sind sehr sicher, dass Ihnen auch unsere Streamcloud Premium Accounts f\u00fcr zus\u00e4tzliche Funktionen und Features, die Ihren Bed\u00fcrfnissen entsprechen, gefallen werden. Streamcloud bietet vier (4) verschiedene Premium-Accounts an, die mehr Speicherplatz f\u00fcr jede Art von Dateien bieten, die Sie mitbringen, ob es sich nun um Dokumente, Powerpoint, Audio- oder Videodateien handelt. Der Streamcloud Premium File Hosting Service (FHS) ist sicherlich in guten H\u00e4nden.<\/p>\n\n\n<a class=\"maxbutton-2 maxbutton maxbutton-cta\" target=\"_blank\" rel=\"nofollow noopener\" href=\"\/go\/\"><span class='mb-text'>&gt;&gt; Gehen Sie zur urspr\u00fcnglichen Linkifier Website<\/span><\/a>\n\n\n<p><\/p>\n\n\n\n<figure class=\"wp-block-image\"><img src=\"https:\/\/lh4.googleusercontent.com\/EwSoUUcLaV1VFD69SnYqb4OUrI1isFgChdnJuRgj0tvdu0tMRV-LQGsOL1olFcHCENiI5ZofW8_15Akd2hZ20mry27bXDGCwUzDbyF7otnD4SQgJl1Adbi9Qyrl4bWmUr91kpUQ\" alt=\"Streamcloud features works across devices regardless of the account type\"\/><\/figure>\n\n\n\n<p>Unabh\u00e4ngig vom Kontotyp oder dem Ger\u00e4t passt sich die Streamcloud automatisch und dynamisch an<\/p>\n\n\n\n<p>Wie auch immer Ihr Konto aussieht, die Streamcloud-Plattform verschl\u00fcsselt dieselben Dateien mit den gleichen Sicherheiten und Funktionen f\u00fcr Ihre Privatsph\u00e4re. Dasselbe gilt f\u00fcr die zus\u00e4tzliche Funktion: Streamcloud-Online-Video-Streaming-Dienst. Egal, ob Sie ein Streamcloud Freemium-Konto, ein Streamcloud Premium-Konto, ein Streamcloud Premium Advanced-Konto, ein Streamcloud Premium Prestige-Konto oder ein Streamcloud Premium Royalty-Konto haben; Sie k\u00f6nnen Ihre hochgeladenen Videos und die von den Nutzern ver\u00f6ffentlichten Videos weiterhin streamen und ansehen. Sie m\u00fcssen Ihre Videos auch \u00fcber beliebige Konten f\u00fcr die \u00d6ffentlichkeit freigeben. Denn Streamcloud k\u00fcmmert sich um alle seine Nutzer, unabh\u00e4ngig vom Typ ihres Streamcloud-Kontos.<\/p>\n\n\n\n<h2>Abschlie\u00dfende \u00dcberlegungen zu Streamcloud Premium<\/h2>\n\n\n\n<p>Vielleicht werden Sie von der Streamcloud-Plattform als File-Hosting-Service (FHS)-Anbieter nicht beeindruckt sein, da es im Internet eine Menge Wolken oder Online-Webspeicher gibt, aber wir fordern Sie auf, auszuprobieren, was die Streamcloud-Pr\u00e4mie einzigartig macht, und staunen Sie, denn die Streamcloud-Pr\u00e4mie ist nicht nur eine File-Hosting-Service (FHS)-Plattform, sondern auch eine Online-Video-Streaming-Website, auf der Sie alle \u00f6ffentlich verf\u00fcgbaren Videos der Plattform unabh\u00e4ngig von ihrer Gr\u00f6\u00dfe und Qualit\u00e4t ansehen k\u00f6nnen.<\/p>\n\n\n\n<h2>H\u00e4ufig gestellte Fragen (FAQs) zu Streamcloud Premium<\/h2>\n\n\n\n<h3>1. Bietet Streamcloud kostenlose Dienste an?<\/h3>\n\n\n\n<p>Ja, die Streamcloud Premium hat einen Freemium-Service, den ein Nutzer allein durch die Verwendung seiner E-Mail-Adresse nutzen kann. Die Streamcloud-Premium bietet einen Cloud-Speicher von f\u00fcnfzehn Gigabyte (15 GB) f\u00fcr einen Monat mit einer maximalen Bandbreite von f\u00fcnfunddrei\u00dfig Gigabyte (35 GB), so dass Sie Ihre gesamten Dateien mit so viel Online-Webspeicher oder Cloud-Speicher einen Monat lang speichern und freigeben sowie \u00f6ffentliche Videos auf der Streamcloud-Plattform kostenlos streamen k\u00f6nnen. Streamcloud bietet auch Streamcloud-Premium-Konten mit mehr Funktionen und Merkmalen, die Ihren Anforderungen entsprechen.<\/p>\n\n\n\n<h3>2. Was ist das beste Streamcloud-Premium-Konto?<\/h3>\n\n\n\n<p>Die Streamcloud Premium verf\u00fcgt \u00fcber vier (4) Arten von Streamcloud-Premium-Konten, aber das Konto mit der gr\u00f6\u00dften Funktionalit\u00e4t und den meisten Funktionen ist das Streamcloud Premium Royalty-Konto. Mit nur dreiundf\u00fcnfzig Dollar ($ 53,00) pro Monat hat ein Nutzer Anspruch auf sechzehn Terabyte (16 TB) Online-Webspeicher oder Cloud-Speicher mit einer maximalen Bandbreite von ebenfalls sechzehn Terabyte (16 TB) f\u00fcr einen Monat. Dies bedeutet mehr Speicherplatz f\u00fcr Ihre wichtigsten Dateien und ein Backup f\u00fcr Ihre speziellen Dateien, unabh\u00e4ngig von deren Dateityp und -gr\u00f6\u00dfe, solange Sie noch \u00fcber eine Restdatenzuweisung verf\u00fcgen. Sie k\u00f6nnen auch mehr Filme freigeben und ansehen, was die Plattform noch spezieller macht, denn die Streamcloud-Pr\u00e4mie ist nicht nur ein Datei-Hosting-Service (FHS), sondern auch eine Online-Video-Streaming-Site, auf der Sie alle \u00f6ffentlich verf\u00fcgbaren Dateien der Plattform ansehen k\u00f6nnen.<\/p>\n\n\n\n<h3>3. Ich benutze nur meinen Standardbrowser, kann ich trotzdem die Streamcloud-Plattform nutzen?<\/h3>\n\n\n\n<p>Ob Windows, Linux, Ubuntu, iOs oder Android, die Streamcloud-Website ist dynamisch f\u00fcr alle Arten von Browsern verf\u00fcgbar. Die Streamcloud-Website wurde so optimiert und programmiert, dass sie sich automatisch an die Aufl\u00f6sung des Ger\u00e4ts eines jeden Benutzers anpasst, so dass Sie sicher sein k\u00f6nnen, dass Sie keine Probleme bei der Nutzung haben werden. Sie wird sicher auf Internet Explorer, Google Chrome, Mozilla Firefox, Opera, Safari und sogar auf dem Tor-Browser angezeigt. Trotz der Verwendung jeglicher Art von Browsern ist die Streamcloud-Plattform sicher, dass sie die Dateien ihrer Nutzer mit dem fortschrittlichen AES-Verschl\u00fcsselungsalgorithmus verschl\u00fcsselt, um sich vor jeder Art von Daten-Phishing und Datendiebstahl zu sch\u00fctzen.<\/p>\n\n\n\n<h3>&nbsp;4. K\u00f6nnen andere auf meine hochgeladenen Dateien in der Streamcloud-Premiumplattform zugreifen?<\/h3>\n\n\n\n<p>Alle Uploads in der Streamcloud-Premiumplattform werden mit privaten Datenschutzeinstellungen hochgeladen, so dass andere Nutzer Ihre Dateien in der Streamcloud-Premiumplattform weder sehen noch auf sie zugreifen k\u00f6nnen, es sei denn, ein Nutzer hat die Datenschutzeinstellungen f\u00fcr die \u00d6ffentlichkeit ge\u00e4ndert.<\/p>\n\n\n\n<h3>5. Verf\u00fcgt Streamcloud Premium \u00fcber einen Kundenbetreuer?<\/h3>\n\n\n\n<p>F\u00fcr Fragen, Klarstellungen und andere Anliegen hat die Network Solutions, LLC die Streamcloud-Premium-Supportservices \u00fcber die Streamcloud-Premium-Kundenbetreuer benannt, um sich um Ihre Anliegen oder Probleme zu k\u00fcmmern, obwohl dies nur sehr selten geschieht, da die Streamcloud-Plattform ihre Nutzer stets mit ihren Funktionen und Merkmalen wie einem Datei-Hosting-Service (FHS) und einer Online-Video-Streaming-Site zum Ansehen aller \u00f6ffentlich verf\u00fcgbaren Dateien auf der Plattform zufrieden stellt.<\/p>\n\n\n<a class=\"maxbutton-2 maxbutton maxbutton-cta\" target=\"_blank\" rel=\"nofollow noopener\" href=\"\/go\/\"><span class='mb-text'>&gt;&gt; Gehen Sie zur urspr\u00fcnglichen Linkifier Website<\/span><\/a>\n\n\n<p><br><\/p>\n","protected":false},"excerpt":{"rendered":"<p>Streamcloud Premium ist der Durchbruch, der Online-Webspeicher (Cloud Storage) und Videostreaming im Web in einem einzigen Produkt vereint. W\u00e4hrend alle<\/p>\n","protected":false},"author":2,"featured_media":0,"parent":0,"menu_order":0,"comment_status":"closed","ping_status":"closed","template":"","meta":[],"yoast_head":"<!-- This site is optimized with the Yoast SEO plugin v18.3 - https:\/\/yoast.com\/wordpress\/plugins\/seo\/ -->\n<title>StreamCloud Premium Konto: Der Filehoster Auf Einen Blick<\/title>\n<meta name=\"description\" content=\"Ist StreamCloud ein seri\u00f6ser Anbieter oder nicht, finden Sie die Antwort im aktuellen Test auf Multihoster.org \u279c. Klicken Sie jetzt \u271a und lesen Sie unsere Erfahrungen!\" \/>\n<meta name=\"robots\" content=\"index, follow, max-snippet:-1, max-image-preview:large, max-video-preview:-1\" \/>\n<link rel=\"canonical\" href=\"https:\/\/multihoster.org\/de\/streamcloud\/\" \/>\n<meta property=\"og:locale\" content=\"de_DE\" \/>\n<meta property=\"og:type\" content=\"article\" \/>\n<meta property=\"og:title\" content=\"StreamCloud Premium Konto: Der Filehoster Auf Einen Blick\" \/>\n<meta property=\"og:description\" content=\"Ist StreamCloud ein seri\u00f6ser Anbieter oder nicht, finden Sie die Antwort im aktuellen Test auf Multihoster.org \u279c. Klicken Sie jetzt \u271a und lesen Sie unsere Erfahrungen!\" \/>\n<meta property=\"og:url\" content=\"https:\/\/multihoster.org\/de\/streamcloud\/\" \/>\n<meta property=\"og:site_name\" content=\"Multihoster.org\" \/>\n<meta property=\"article:modified_time\" content=\"2020-05-29T12:52:38+00:00\" \/>\n<meta property=\"og:image\" content=\"https:\/\/lh4.googleusercontent.com\/xcxpv9Ok39mZs2azSQyAMZjRiJmA_UPp2NkcIGgn7jTknebXHbBFvyI5GpychS6EqvN1AwTPLUvFkGzWwaxFzbX_4LcrW3vqqHLE04zHgp4L49tAp32tiZ8kelyfa6cjvEWkctM\" \/>\n<meta name=\"twitter:card\" content=\"summary\" \/>\n<meta name=\"twitter:label1\" content=\"Gesch\u00e4tzte Lesezeit\" \/>\n\t<meta name=\"twitter:data1\" content=\"8\u00a0Minuten\" \/>\n<script type=\"application\/ld+json\" class=\"yoast-schema-graph\">{\"@context\":\"https:\/\/schema.org\",\"@graph\":[{\"@type\":\"WebSite\",\"@id\":\"https:\/\/multihoster.org\/#website\",\"url\":\"https:\/\/multihoster.org\/\",\"name\":\"Multihoster.org\",\"description\":\"Reviews of the major Filehosting services\",\"potentialAction\":[{\"@type\":\"SearchAction\",\"target\":{\"@type\":\"EntryPoint\",\"urlTemplate\":\"https:\/\/multihoster.org\/?s={search_term_string}\"},\"query-input\":\"required name=search_term_string\"}],\"inLanguage\":\"de\"},{\"@type\":\"ImageObject\",\"@id\":\"https:\/\/multihoster.org\/de\/streamcloud\/#primaryimage\",\"inLanguage\":\"de\",\"url\":\"https:\/\/lh4.googleusercontent.com\/xcxpv9Ok39mZs2azSQyAMZjRiJmA_UPp2NkcIGgn7jTknebXHbBFvyI5GpychS6EqvN1AwTPLUvFkGzWwaxFzbX_4LcrW3vqqHLE04zHgp4L49tAp32tiZ8kelyfa6cjvEWkctM\",\"contentUrl\":\"https:\/\/lh4.googleusercontent.com\/xcxpv9Ok39mZs2azSQyAMZjRiJmA_UPp2NkcIGgn7jTknebXHbBFvyI5GpychS6EqvN1AwTPLUvFkGzWwaxFzbX_4LcrW3vqqHLE04zHgp4L49tAp32tiZ8kelyfa6cjvEWkctM\"},{\"@type\":\"WebPage\",\"@id\":\"https:\/\/multihoster.org\/de\/streamcloud\/#webpage\",\"url\":\"https:\/\/multihoster.org\/de\/streamcloud\/\",\"name\":\"StreamCloud Premium Konto: Der Filehoster Auf Einen Blick\",\"isPartOf\":{\"@id\":\"https:\/\/multihoster.org\/#website\"},\"primaryImageOfPage\":{\"@id\":\"https:\/\/multihoster.org\/de\/streamcloud\/#primaryimage\"},\"datePublished\":\"2020-03-30T13:33:12+00:00\",\"dateModified\":\"2020-05-29T12:52:38+00:00\",\"description\":\"Ist StreamCloud ein seri\u00f6ser Anbieter oder nicht, finden Sie die Antwort im aktuellen Test auf Multihoster.org \u279c. Klicken Sie jetzt \u271a und lesen Sie unsere Erfahrungen!\",\"breadcrumb\":{\"@id\":\"https:\/\/multihoster.org\/de\/streamcloud\/#breadcrumb\"},\"inLanguage\":\"de\",\"potentialAction\":[{\"@type\":\"ReadAction\",\"target\":[\"https:\/\/multihoster.org\/de\/streamcloud\/\"]}]},{\"@type\":\"BreadcrumbList\",\"@id\":\"https:\/\/multihoster.org\/de\/streamcloud\/#breadcrumb\",\"itemListElement\":[{\"@type\":\"ListItem\",\"position\":1,\"name\":\"Startseite\",\"item\":\"https:\/\/multihoster.org\/de\/\"},{\"@type\":\"ListItem\",\"position\":2,\"name\":\"StreamCloud Premium Konto: Der Filehoster Auf Einen Blick\"}]}]}<\/script>\n<!-- \/ Yoast SEO plugin. -->","yoast_head_json":{"title":"StreamCloud Premium Konto: Der Filehoster Auf Einen Blick","description":"Ist StreamCloud ein seri\u00f6ser Anbieter oder nicht, finden Sie die Antwort im aktuellen Test auf Multihoster.org \u279c. Klicken Sie jetzt \u271a und lesen Sie unsere Erfahrungen!","robots":{"index":"index","follow":"follow","max-snippet":"max-snippet:-1","max-image-preview":"max-image-preview:large","max-video-preview":"max-video-preview:-1"},"canonical":"https:\/\/multihoster.org\/de\/streamcloud\/","og_locale":"de_DE","og_type":"article","og_title":"StreamCloud Premium Konto: Der Filehoster Auf Einen Blick","og_description":"Ist StreamCloud ein seri\u00f6ser Anbieter oder nicht, finden Sie die Antwort im aktuellen Test auf Multihoster.org \u279c. Klicken Sie jetzt \u271a und lesen Sie unsere Erfahrungen!","og_url":"https:\/\/multihoster.org\/de\/streamcloud\/","og_site_name":"Multihoster.org","article_modified_time":"2020-05-29T12:52:38+00:00","og_image":[{"url":"https:\/\/lh4.googleusercontent.com\/xcxpv9Ok39mZs2azSQyAMZjRiJmA_UPp2NkcIGgn7jTknebXHbBFvyI5GpychS6EqvN1AwTPLUvFkGzWwaxFzbX_4LcrW3vqqHLE04zHgp4L49tAp32tiZ8kelyfa6cjvEWkctM"}],"twitter_card":"summary","twitter_misc":{"Gesch\u00e4tzte Lesezeit":"8\u00a0Minuten"},"schema":{"@context":"https:\/\/schema.org","@graph":[{"@type":"WebSite","@id":"https:\/\/multihoster.org\/#website","url":"https:\/\/multihoster.org\/","name":"Multihoster.org","description":"Reviews of the major Filehosting services","potentialAction":[{"@type":"SearchAction","target":{"@type":"EntryPoint","urlTemplate":"https:\/\/multihoster.org\/?s={search_term_string}"},"query-input":"required name=search_term_string"}],"inLanguage":"de"},{"@type":"ImageObject","@id":"https:\/\/multihoster.org\/de\/streamcloud\/#primaryimage","inLanguage":"de","url":"https:\/\/lh4.googleusercontent.com\/xcxpv9Ok39mZs2azSQyAMZjRiJmA_UPp2NkcIGgn7jTknebXHbBFvyI5GpychS6EqvN1AwTPLUvFkGzWwaxFzbX_4LcrW3vqqHLE04zHgp4L49tAp32tiZ8kelyfa6cjvEWkctM","contentUrl":"https:\/\/lh4.googleusercontent.com\/xcxpv9Ok39mZs2azSQyAMZjRiJmA_UPp2NkcIGgn7jTknebXHbBFvyI5GpychS6EqvN1AwTPLUvFkGzWwaxFzbX_4LcrW3vqqHLE04zHgp4L49tAp32tiZ8kelyfa6cjvEWkctM"},{"@type":"WebPage","@id":"https:\/\/multihoster.org\/de\/streamcloud\/#webpage","url":"https:\/\/multihoster.org\/de\/streamcloud\/","name":"StreamCloud Premium Konto: Der Filehoster Auf Einen Blick","isPartOf":{"@id":"https:\/\/multihoster.org\/#website"},"primaryImageOfPage":{"@id":"https:\/\/multihoster.org\/de\/streamcloud\/#primaryimage"},"datePublished":"2020-03-30T13:33:12+00:00","dateModified":"2020-05-29T12:52:38+00:00","description":"Ist StreamCloud ein seri\u00f6ser Anbieter oder nicht, finden Sie die Antwort im aktuellen Test auf Multihoster.org \u279c. Klicken Sie jetzt \u271a und lesen Sie unsere Erfahrungen!","breadcrumb":{"@id":"https:\/\/multihoster.org\/de\/streamcloud\/#breadcrumb"},"inLanguage":"de","potentialAction":[{"@type":"ReadAction","target":["https:\/\/multihoster.org\/de\/streamcloud\/"]}]},{"@type":"BreadcrumbList","@id":"https:\/\/multihoster.org\/de\/streamcloud\/#breadcrumb","itemListElement":[{"@type":"ListItem","position":1,"name":"Startseite","item":"https:\/\/multihoster.org\/de\/"},{"@type":"ListItem","position":2,"name":"StreamCloud Premium Konto: Der Filehoster Auf Einen Blick"}]}]}},"_links":{"self":[{"href":"https:\/\/multihoster.org\/de\/wp-json\/wp\/v2\/pages\/2922"}],"collection":[{"href":"https:\/\/multihoster.org\/de\/wp-json\/wp\/v2\/pages"}],"about":[{"href":"https:\/\/multihoster.org\/de\/wp-json\/wp\/v2\/types\/page"}],"author":[{"embeddable":true,"href":"https:\/\/multihoster.org\/de\/wp-json\/wp\/v2\/users\/2"}],"replies":[{"embeddable":true,"href":"https:\/\/multihoster.org\/de\/wp-json\/wp\/v2\/comments?post=2922"}],"version-history":[{"count":3,"href":"https:\/\/multihoster.org\/de\/wp-json\/wp\/v2\/pages\/2922\/revisions"}],"predecessor-version":[{"id":4532,"href":"https:\/\/multihoster.org\/de\/wp-json\/wp\/v2\/pages\/2922\/revisions\/4532"}],"wp:attachment":[{"href":"https:\/\/multihoster.org\/de\/wp-json\/wp\/v2\/media?parent=2922"}],"curies":[{"name":"wp","href":"https:\/\/api.w.org\/{rel}","templated":true}]}}