{"id":2994,"date":"2020-03-30T15:51:09","date_gmt":"2020-03-30T15:51:09","guid":{"rendered":"https:\/\/multihoster.org\/uloz\/"},"modified":"2020-03-30T16:49:15","modified_gmt":"2020-03-30T16:49:15","slug":"uloz","status":"publish","type":"page","link":"https:\/\/multihoster.org\/de\/uloz\/","title":{"rendered":"Uloz Premium Konto: Der Filehoster Auf Einen Blick"},"content":{"rendered":"\n<figure class=\"wp-block-image\"><img src=\"https:\/\/lh5.googleusercontent.com\/DSso4_iy_x8XL-_Dzwlt3-uz1hpxM25zgpxOGdudM89UryFHdWhEDp_vTHuLAD9ofIDr1yF2225Bjq9DnvEk07QdYZhSxKxox3O0Ny7-KmqOcc0zMTUJi8_3tuxh82T5GK0o3oU\" alt=\"Uloz Dashboard\"\/><\/figure>\n\n\n<a class=\"maxbutton-2 maxbutton maxbutton-cta\" target=\"_blank\" rel=\"nofollow noopener\" href=\"\/go\/\"><span class='mb-text'>&gt;&gt; Gehen Sie zur urspr\u00fcnglichen Linkifier Website<\/span><\/a>\n\n\n<p><\/p>\n\n\n\n<h2>Was ist Uloz?<\/h2>\n\n\n\n<p>Uloz gilt als das gr\u00f6\u00dfte Netzwerk der tschechischen Cloud-Speicher. Mit Uloz k\u00f6nnen Personen, die kein Konto haben oder nicht registriert sind, eine Datei in den Speicher hochladen, sie per E-Mail oder auf Facebook teilen und den Link auf Twitter twittern. Sehr einfach und super zug\u00e4nglich f\u00fcr fast jeden. Mit Uloz k\u00f6nnen Sie eine Datei kostenlos hochladen, freigeben, erkunden und erhalten. Ja, alles umsonst.<\/p>\n\n\n\n<p>Uloz bietet auch sein Premium-Konto an, wo es Ihnen erlaubt, jede Datei mit unbegrenzter oder immenser Geschwindigkeit herunterzuladen. Obwohl das kostenlose Herunterladen von Dateien immer noch ein gutes Feature ist, bietet Ihnen ein Premium-Account einfach mehr Dateiverwaltung und Downloadgeschwindigkeit. Ein Uloz-Premium-Konto ist wirklich ideal f\u00fcr Benutzer, die eine wirklich schwere Datei herunterladen, weil sie dadurch Zeit sparen.<\/p>\n\n\n\n<figure class=\"wp-block-image\"><img src=\"https:\/\/lh4.googleusercontent.com\/vyCXEh_9xmbsW8_C9IPWDQU5PMGqvkzt86JfeQyJ44gn0MFl4EQ049AjUjpUbSjGgyLUdrbnmn4vE7L5Q5Kz4TDa4XJEf1GajUzS_0s1QNtQiwicIFEc8HpYzDaPnpDucVh1H34\" alt=\"Uloz File Sharing &amp; File Storage\"\/><\/figure>\n\n\n\n<h2>Wer kann Uloz Premium verwenden?<\/h2>\n\n\n\n<p>Ein Uloz-Premium-Konto kann f\u00fcr jemanden sein, der mehr von den Vorteilen von Uloz nutzen m\u00f6chte, wenn es darum geht, seine hochgeladenen Videos zu speichern. Wenn Sie ein Premium-Konto abonniert haben, bedeutet dies, dass alle Ihre hochgeladenen Dateien an einem Ort sicher sind.<\/p>\n\n\n\n<h2>Wann ben\u00f6tigen Sie Uloz Premium?<\/h2>\n\n\n\n<p>Es ist wahr, dass Sie wirklich Dateien in Uloz hochladen k\u00f6nnen, was immer Ihre Daten sein m\u00f6gen, keine Einschr\u00e4nkungen bei allen Speichern werden nicht gez\u00e4hlt. Allerdings erm\u00f6glicht Ihnen das Abonnement, Ihre Dateien an einem sicheren Ort zu speichern und sie gehen niemals verloren. Nicht registrierte Benutzer k\u00f6nnen ihre Dateien leicht verlieren, wenn der Download-Link und der Streaming-Link verloren gegangen sind, und ein kostenloses Konto zu haben, garantiert nicht, dass Ihre Dateien l\u00e4ngere Zeit dort bleiben. Wenn Sie also Dateiablage, Dateifreigabe und eine Streaming-Website an einem Ort ben\u00f6tigen, dann abonnieren Sie ein Uloz Premium-Konto.<\/p>\n\n\n\n<h2>Wie kann man anonym und kostenlos in Uloz hochladen?<\/h2>\n\n\n\n<p>Wann immer Sie Uloz kostenlos ausprobieren wollen, k\u00f6nnen Sie sich schnell auf ihrem System informieren, auch ohne ein Konto zu registrieren. Bei Uloz k\u00f6nnen Sie jede Datei hochladen, die Sie wollen, ja, alles.<\/p>\n\n\n\n<figure class=\"wp-block-image\"><img src=\"https:\/\/lh3.googleusercontent.com\/dFKTijjasJGkOvQ_J790u_ApKWPAAY8_ydaXBFtx3y69Rd5aYeNlmJouV-dCF9KaA6T5ilCRwwkr5XuFpcZi18OnIg8t1gwYdqb2bqrz5z0yCQYca3as8_82GGElQH0-86hKuRY\" alt=\"Uloz File Uploading\"\/><\/figure>\n\n\n\n<p>Klicken Sie einfach auf die Schaltfl\u00e4che &#8222;Dateien hochladen&#8220;, die Sie in der oberen rechten Ecke der Website sehen. Nachdem Sie auf die Schaltfl\u00e4che geklickt haben, werden Sie zu einer Seite weitergeleitet, auf der Sie Ihre Dateien hochladen und die Einstellungen f\u00fcr den Zugriff auf Ihre Dateien anpassen k\u00f6nnen. Es gibt zwei Optionen, und zwar &#8222;\u00f6ffentlich&#8220; und &#8222;\u00fcber Link&#8220; oder privat.<\/p>\n\n\n\n<p>Wenn Sie ein Video hochladen und es als \u00f6ffentlich einstellen, wird es einmal von vielen Benutzern allein durch die Suche im Suchfeld aufgerufen. Klicken Sie einfach auf die Schaltfl\u00e4che &#8222;Dateien hochladen&#8220;, die Sie in der oberen rechten Ecke der Website sehen. Nachdem Sie auf die Schaltfl\u00e4che geklickt haben, werden Sie zu einer Seite weitergeleitet, auf der Sie Ihre Dateien hochladen und die Einstellungen f\u00fcr den Zugriff auf Ihre Daten anpassen k\u00f6nnen. Es gibt zwei Optionen, und zwar &#8222;\u00f6ffentlich&#8220; und &#8222;\u00fcber Link&#8220; oder privat.<\/p>\n\n\n\n<p>Wenn Sie ein Video hochladen und es als \u00f6ffentlich einstellen, wird es einmal von vielen Benutzern nur durch eine Suche im Suchfeld aufgerufen und umgekehrt, wenn Sie ein Video hochladen und es nur durch einen Link aufrufen. Beim privaten Hochladen werden Ihnen einige Auswahlm\u00f6glichkeiten angeboten, wie Sie jede Datei aufrufen m\u00f6chten.<\/p>\n\n\n\n<p>Wenn Sie jemals ein Konto bei Uloz haben, sind alle Ihre heruntergeladenen Dateien \u00fcber Ihr Konto zug\u00e4nglich und k\u00f6nnen verwaltet werden. Das ist der Nachteil, wenn man kein Premium-Konto hat. Sie werden nicht alles verwalten k\u00f6nnen. Und wenn es sich um ein kostenloses Konto handelt, besteht die M\u00f6glichkeit, dass Ihre Dateien verschwinden werden.<\/p>\n\n\n\n<figure class=\"wp-block-image\"><img src=\"https:\/\/lh5.googleusercontent.com\/53dUYaUP29M3UJqW-Z03Vl_XS9rXDURzDRr6JlI2WgAbqFqF1KbNsvpTHolEe_d_VElAPRAtMSIXQe38S-Kth-3PIfPKu3BeqoncfRvStcB8WdAyOdTtgLVPxpPrBzLFgo8osIY\" alt=\"Uloz Registration\"\/><\/figure>\n\n\n\n<h2>Kostenlos bei Uloz registrieren<\/h2>\n\n\n\n<p>Die Plattform ist f\u00fcr alle Personen sehr offen. Es sind keine Geb\u00fchren, Kosten, Versuche oder Kreditkarten erforderlich, damit Sie Teil ihrer Gemeinschaft werden k\u00f6nnen. F\u00fcllen Sie einfach das Formular auf ihrer Website aus und melden Sie sich an. \u00dcberpr\u00fcfen Sie Ihre E-Mails, indem Sie Ihre E-Mails \u00fcberpr\u00fcfen, und danach steht es Ihnen frei, die Plattform zu nutzen.<\/p>\n\n\n\n<p>Wenn Sie aus der Tschechischen Republik oder Slowenien kommen und das Ausf\u00fcllen und Abtippen von Formularen hassen, gibt es eine Schnellregistrierung, bei der Sie je nach Ihrem Standort nur eine Nachricht senden m\u00fcssen.<\/p>\n\n\n\n<p>F\u00fcr Personen aus der Tschechischen Republik oder Tschechien senden Sie eine SMS mit dem Wort &#8222;ULOZTO&#8220; und senden Sie diese an 9094499. Sie erhalten automatisch ein Guthaben von 10 GB. F\u00fcr Personen aus Slowenien haben Sie ein Guthaben von 15 GB auf Ihrem Konto, nachdem Sie &#8222;ULOZTO 6&#8220; an 8877 gesendet haben. Bitte beachten Sie, dass alle Texte kostenpflichtig sind. Sobald Sie die SMS abgeschickt haben, k\u00f6nnen Sie auf eine weitere SMS mit Ihren Login-Daten warten, damit Sie die Plattform nutzen k\u00f6nnen.<\/p>\n\n\n\n<h2>Uloz File-Sharing-Plattform<\/h2>\n\n\n\n<p>Wie bereits erw\u00e4hnt, gibt es viele M\u00f6glichkeiten, wie Sie eine auf die Uloz-Plattform hochgeladene Datei gemeinsam nutzen k\u00f6nnen. Das kann \u00fcber Links, Mails, Facebook und Twitter geschehen. Nachdem Sie eine Datei hochgeladen haben, werden Sie auf eine Seite weitergeleitet, auf der Sie einen Link und die andere Option erhalten. Wenn Sie ein Video hochgeladen haben, wird Ihr Video auch auf der Plattform geteilt, wenn es f\u00fcr die \u00d6ffentlichkeit bestimmt ist.<\/p>\n\n\n\n<p>Genie\u00dfen Sie Uloz kostenlos, aber Uloz Premium wird dringend empfohlen, um die maximalen Vorteile der Plattform voll auszusch\u00f6pfen.<\/p>\n\n\n\n<h2>Uloz Premium Konto<\/h2>\n\n\n\n<p>Uloz Premium kann selbst von kostenlosen Benutzern einfach durch den Kauf von CREDITS erreicht werden. Wenn das Guthaben ersch\u00f6pft ist, k\u00f6nnen sie, wenn sie wollen, mehr in Anspruch nehmen. Hier sind die Kosten f\u00fcr jeden Kredit.<\/p>\n\n\n<a class=\"maxbutton-2 maxbutton maxbutton-cta\" target=\"_blank\" rel=\"nofollow noopener\" href=\"\/go\/\"><span class='mb-text'>&gt;&gt; Gehen Sie zur urspr\u00fcnglichen Linkifier Website<\/span><\/a>\n\n\n<p><br><\/p>\n\n\n\n<figure class=\"wp-block-table\"><table class=\"\"><tbody><tr><td>DATEN<\/td><td>PREIS<\/td><td>SOFORTIGE KREDITZUSTELLUNG<\/td><td>SP\u00c4TERE KREDITZUSTELLUNG<\/td><\/tr><tr><td>340 Gigabytes<\/td><td>38,99 Euro<\/td><td>Mit einer Karte bezahlen<\/td><td>Zahlung per Bank\u00fcberweisung<\/td><\/tr><tr><td>150 Gigabytes<\/td><td>19,49 Euro<\/td><td>Mit einer Karte bezahlen<\/td><td>Zahlung per Bank\u00fcberweisung<\/td><\/tr><tr><td>70 Gigabytes<\/td><td>9,99 Euro<\/td><td>Mit einer Karte bezahlen<\/td><td>Zahlung per Bank\u00fcberweisung<\/td><\/tr><tr><td>40 Gigabytes<\/td><td>5,99 Euro<\/td><td>Mit einer Karte bezahlen<\/td><td>Zahlung per Bank\u00fcberweisung<\/td><\/tr><tr><td>25 Gigabytes<\/td><td>3,99 Euro<\/td><td>Mit einer Karte bezahlen<\/td><td>Zahlung per Bank\u00fcberweisung<\/td><\/tr><\/tbody><\/table><\/figure>\n\n\n\n<h2>Uloz H\u00e4ufig gestellte Fragen <\/h2>\n\n\n\n<h3>Sichtbarkeit der Datei<\/h3>\n\n\n\n<p>Bei den Uloz-Konten k\u00f6nnen Sie auf drei Arten w\u00e4hlen, wie Ihre Dateien verf\u00fcgbar sein sollen:<\/p>\n\n\n\n<ol><li>Privater Zugang oder &#8222;Nur f\u00fcr mich&#8220; &#8211; Sie k\u00f6nnen auf diese bestimmte Datei nur dann zugreifen, wenn Sie in dem Konto angemeldet sind, in dem Sie sie abgelegt haben. Niemand anderes kann ebenfalls von der Plattform aus darauf zugreifen.<\/li><li> Zugriff \u00fcber einen Link &#8211; auch diese Art von Datei ist nur f\u00fcr die Personen verf\u00fcgbar, die den Link haben, und sie ist f\u00fcr andere Benutzer nicht sichtbar, die versuchen werden, in der Uloz-Suchleiste danach zu suchen.<\/li><li> \u00d6ffentlicher Zugang &#8211; dieser Dateityp ist in der Suchmaschine der Plattform durchsuchbar und kann auch \u00fcber einen Link aufgerufen werden.<\/li><\/ol>\n\n\n\n<h3>Dateiverf\u00fcgbarkeit und Dateieigenschaften<\/h3>\n\n\n\n<p>Benutzer oder sogar nicht registrierte Personen k\u00f6nnen die Verf\u00fcgbarkeit der Datei bereits beim Hochladen feststellen oder es wird angegeben, wer auf die Datei zugreifen wird. Die \u00c4nderung der Dateieigenschaften und die Aktualisierung der Verf\u00fcgbarkeit kann jedoch nur von registrierten Benutzern, ob kostenlos oder Premium, durchgef\u00fchrt werden. Die Daten k\u00f6nnen an jedem beliebigen Punkt in Meine Dateien oder \u00fcber Dateidetails verwaltet werden. Au\u00dferdem k\u00f6nnen Sie die Eigenschaften anderer \u00f6ffentlicher Dateien nicht \u00e4ndern, und nur Ihre eigenen Dateien k\u00f6nnen von Ihnen aktualisiert werden.<\/p>\n\n\n\n<h3>Unzensierte Fotos und ihre Sicherheit<\/h3>\n\n\n\n<p>Das Hochladen einiger Dateien, die wirklich nicht f\u00fcr jeden sichtbar sind, ist sehr gef\u00e4hrlich. Manchmal kann es ein Familienmitglied oder Ihr Kind sein, das sich beim Baden am\u00fcsiert, und Sie wollten sicher nicht, dass dies durchsickert, da die Online-Welt heutzutage wirklich schwierig ist.<\/p>\n\n\n\n<p>Nur f\u00fcr den Fall, dass Sie Erinnerungen an Fotos speichern, die f\u00fcr andere Augen ein Alarmsignal sein k\u00f6nnen, sollten Sie immer daran denken, alle Ihre Ordner und Dateien zu privatisieren. Sch\u00fctzen Sie Ihre eigene Datei, indem Sie Ihren Speicher durch ein Passwort sch\u00fctzen. Eine Passworteinstellung ist immer dann empfehlenswert, wenn Ihre Jugendlichen teilweise oder ganz enth\u00fcllt werden.<\/p>\n\n\n\n<h3>Anonyme Uploads und ihre Einschr\u00e4nkungen<\/h3>\n\n\n\n<p>Ja, wie bereits besprochen, k\u00f6nnen Sie die Uloz-Plattform auch dann nutzen, wenn Sie nicht angemeldet oder als Benutzer registriert sind. Daher kann das anonyme Hochladen von Dateien wirklich passieren. Allerdings hat die Verwaltung diese Art von Aktivit\u00e4t wirklich nicht empfohlen, insbesondere wenn Sie sensible oder pers\u00f6nliche Fotos oder Videos hochladen. <\/p>\n\n\n\n<p>Die Sache ist die, dass Sie Ihre hochgeladenen Dateien nicht in eine private Datei einstellen k\u00f6nnen. Wieso nicht? Weil Sie keine Kontrolle dar\u00fcber haben, weil Sie nicht eingeloggt sind. Sie k\u00f6nnen Ihre Dateien nur f\u00fcr die \u00d6ffentlichkeit einstellen und sie \u00fcber einen Link freigeben. Aber im Allgemeinen haben Sie keine Kontrolle dar\u00fcber, wohin Ihre Daten genommen oder verschoben werden, da es so ist, als h\u00e4tten Sie Daten in einen freien Raum hochgeladen. Kein Konto bedeutet auch keine Speicherung. Und sobald Sie Ihren Freigabelink verloren haben, k\u00f6nnen Sie ihn vollst\u00e4ndig verlieren.<\/p>\n\n\n\n<p>Dennoch bef\u00fcrwortet das Uloz-Team bei privaten Bildern und Videos ewig, mit ihnen nur als ein angemeldetes Benutzerkonto zu verwalten, dem vollst\u00e4ndige Alternativen zur Verf\u00fcgung stehen.<\/p>\n\n\n\n<h3>Alterskontrolle: 18 Jahre unter oder \u00fcber 18 Jahre<\/h3>\n\n\n\n<p>Sie werden sich fragen, warum das System wissen muss, ob Sie vollj\u00e4hrig sind oder nicht. Dieses Detail ist jedoch dringend erforderlich, damit das System den Inhalt dessen, was Sie sehen werden, festlegen kann. Wenn Sie zum Beispiel 18 Jahre j\u00fcnger sind und das System wei\u00df, dass Sie es sind, besteht die Wahrscheinlichkeit, dass das System Ihnen niemals eine Werbung \u00fcber Tabak oder Alkohol und \u00c4hnliches zeigen wird. Deshalb wird die Kenntnis Ihres Alters das System darauf beschr\u00e4nken, Ihnen irrelevante Inhalte zu zeigen. <\/p>\n\n\n\n<h3>Video-Streaming<\/h3>\n\n\n\n<p>Besucher, die sich Videos anschauen wollten, die in Uloz \u00f6ffentlich hochgeladen wurden, k\u00f6nnen sich diese abspielen lassen. Aber es gibt Einschr\u00e4nkungen, und wenn ein Video 10 Minuten l\u00e4nger ist, wird es nicht abgespielt. Am besten w\u00e4re es, wenn Sie eingeloggt oder mit Abspann registriert w\u00e4ren, um gr\u00f6\u00dfere Videos ansehen zu k\u00f6nnen.<\/p>\n\n\n\n<h3>Hochladen von<\/h3>\n\n\n\n<p>Sie k\u00f6nnen in der Regel Daten bis zu 18 GB hochladen. Die gr\u00f6\u00dfte Gr\u00f6\u00dfe der hochgeladenen Daten ist wirklich auf die Browser-Ansicht beschr\u00e4nkt. Es wird dringend empfohlen, Dateien mit einer Gr\u00f6\u00dfe von mehr als 18 GB in zahlreiche k\u00fcrzere Archive (wie in WinRAR oder WinZIP) aufzuteilen, dann k\u00f6nnen Sie diese komprimierten Dateien hochladen. Das Hochladen \u00fcber die Kommandozeile kann auch von erfahrenen Benutzern genutzt werden.<\/p>\n\n\n\n<h3>L\u00f6schung von Dateien<\/h3>\n\n\n\n<p>Nach dem Hochladen der Daten wird die Download-URL sowie ein weiterer Link zum L\u00f6schen der hochgeladenen Daten angezeigt.<\/p>\n\n\n\n<p>Wenn Sie als registrierter oder eingeloggter Benutzer eine Datei hochgeladen haben, k\u00f6nnen Sie Ihre Daten auch verwalten und l\u00f6schen, was immer Sie m\u00f6chten. Wenn Sie jemals den Dateimanager zum Hochladen einer Datei verwenden, empfehlen wir Ihnen, Ihr Konto vollst\u00e4ndig zu er\u00f6ffnen. Umgekehrt k\u00f6nnen Sie die Datei nicht erfolgreich l\u00f6schen. Sie k\u00f6nnen sich an das Uloz-Support-Team wenden, wenn Ihnen nicht alle Optionen zur Verf\u00fcgung stehen. <\/p>\n\n\n\n<h2>Zusammenfassung<\/h2>\n\n\n\n<p>Es gibt so viel mehr \u00fcber Uloz zu wissen, und Sie k\u00f6nnen es auf ihrer Website nachlesen. Mit der Plattform k\u00f6nnen Sie schnell und einfach Dateien austauschen. Es gibt auch ein Online-Streaming, bei dem Sie viele von anderen Benutzern hochgeladene Videos genie\u00dfen k\u00f6nnen. Am besten ist es, wenn Sie auf Ihrem Konto Guthaben f\u00fcr eine umfassende Kontrolle \u00fcber Ihre Dateien haben, sehr schnell herunterladen, l\u00e4ngere Videos ansehen und vieles mehr.<\/p>\n\n\n\n<h2>Referenzen<\/h2>\n\n\n\n<p><a href=\"https:\/\/www.techopedia.com\/definition\/25310\/file-hosting-service\">https:\/\/www.techopedia.com\/definition\/25310\/file-hosting-service<\/a><br> <a href=\"https:\/\/www.computerhope.com\/jargon\/f\/fileshar.htm\">https:\/\/www.computerhope.com\/jargon\/f\/fileshar.htm<\/a><br> <a href=\"https:\/\/www.lifewire.com\/internet-streaming-how-it-works-1999513\">https:\/\/www.lifewire.com\/internet-streaming-how-it-works-1999513<\/a><br> <a href=\"https:\/\/whatis.techtarget.com\/definition\/video-streaming-service\">https:\/\/whatis.techtarget.com\/definition\/video-streaming-service<\/a><br> <a href=\"https:\/\/www.cloudflare.com\/learning\/performance\/what-is-streaming\/\">https:\/\/www.cloudflare.com\/learning\/performance\/what-is-streaming\/<\/a><\/p>\n\n\n<a class=\"maxbutton-2 maxbutton maxbutton-cta\" target=\"_blank\" rel=\"nofollow noopener\" href=\"\/go\/\"><span class='mb-text'>&gt;&gt; Gehen Sie zur urspr\u00fcnglichen Linkifier Website<\/span><\/a>\n\n\n<p><\/p>\n","protected":false},"excerpt":{"rendered":"<p>Was ist Uloz? Uloz gilt als das gr\u00f6\u00dfte Netzwerk der tschechischen Cloud-Speicher. Mit Uloz k\u00f6nnen Personen, die kein Konto haben<\/p>\n","protected":false},"author":2,"featured_media":0,"parent":0,"menu_order":0,"comment_status":"closed","ping_status":"closed","template":"","meta":[],"yoast_head":"<!-- This site is optimized with the Yoast SEO plugin v18.3 - https:\/\/yoast.com\/wordpress\/plugins\/seo\/ -->\n<title>Uloz Premium Konto: Der Filehoster Auf Einen Blick<\/title>\n<meta name=\"description\" content=\"Ist Uloz ein seri\u00f6ser Anbieter oder nicht, finden Sie die Antwort im aktuellen Test auf Multihoster.org \u279c. Klicken Sie jetzt \u271a und lesen Sie unsere Erfahrungen!\" \/>\n<meta name=\"robots\" content=\"index, follow, max-snippet:-1, max-image-preview:large, max-video-preview:-1\" \/>\n<link rel=\"canonical\" href=\"https:\/\/multihoster.org\/de\/uloz\/\" \/>\n<meta property=\"og:locale\" content=\"de_DE\" \/>\n<meta property=\"og:type\" content=\"article\" \/>\n<meta property=\"og:title\" content=\"Uloz Premium Konto: Der Filehoster Auf Einen Blick\" \/>\n<meta property=\"og:description\" content=\"Ist Uloz ein seri\u00f6ser Anbieter oder nicht, finden Sie die Antwort im aktuellen Test auf Multihoster.org \u279c. Klicken Sie jetzt \u271a und lesen Sie unsere Erfahrungen!\" \/>\n<meta property=\"og:url\" content=\"https:\/\/multihoster.org\/de\/uloz\/\" \/>\n<meta property=\"og:site_name\" content=\"Multihoster.org\" \/>\n<meta property=\"article:modified_time\" content=\"2020-03-30T16:49:15+00:00\" \/>\n<meta property=\"og:image\" content=\"https:\/\/lh5.googleusercontent.com\/DSso4_iy_x8XL-_Dzwlt3-uz1hpxM25zgpxOGdudM89UryFHdWhEDp_vTHuLAD9ofIDr1yF2225Bjq9DnvEk07QdYZhSxKxox3O0Ny7-KmqOcc0zMTUJi8_3tuxh82T5GK0o3oU\" \/>\n<meta name=\"twitter:card\" content=\"summary\" \/>\n<meta name=\"twitter:label1\" content=\"Gesch\u00e4tzte Lesezeit\" \/>\n\t<meta name=\"twitter:data1\" content=\"10\u00a0Minuten\" \/>\n<script type=\"application\/ld+json\" class=\"yoast-schema-graph\">{\"@context\":\"https:\/\/schema.org\",\"@graph\":[{\"@type\":\"WebSite\",\"@id\":\"https:\/\/multihoster.org\/#website\",\"url\":\"https:\/\/multihoster.org\/\",\"name\":\"Multihoster.org\",\"description\":\"Reviews of the major Filehosting services\",\"potentialAction\":[{\"@type\":\"SearchAction\",\"target\":{\"@type\":\"EntryPoint\",\"urlTemplate\":\"https:\/\/multihoster.org\/?s={search_term_string}\"},\"query-input\":\"required name=search_term_string\"}],\"inLanguage\":\"de\"},{\"@type\":\"ImageObject\",\"@id\":\"https:\/\/multihoster.org\/de\/uloz\/#primaryimage\",\"inLanguage\":\"de\",\"url\":\"https:\/\/lh5.googleusercontent.com\/DSso4_iy_x8XL-_Dzwlt3-uz1hpxM25zgpxOGdudM89UryFHdWhEDp_vTHuLAD9ofIDr1yF2225Bjq9DnvEk07QdYZhSxKxox3O0Ny7-KmqOcc0zMTUJi8_3tuxh82T5GK0o3oU\",\"contentUrl\":\"https:\/\/lh5.googleusercontent.com\/DSso4_iy_x8XL-_Dzwlt3-uz1hpxM25zgpxOGdudM89UryFHdWhEDp_vTHuLAD9ofIDr1yF2225Bjq9DnvEk07QdYZhSxKxox3O0Ny7-KmqOcc0zMTUJi8_3tuxh82T5GK0o3oU\"},{\"@type\":\"WebPage\",\"@id\":\"https:\/\/multihoster.org\/de\/uloz\/#webpage\",\"url\":\"https:\/\/multihoster.org\/de\/uloz\/\",\"name\":\"Uloz Premium Konto: Der Filehoster Auf Einen Blick\",\"isPartOf\":{\"@id\":\"https:\/\/multihoster.org\/#website\"},\"primaryImageOfPage\":{\"@id\":\"https:\/\/multihoster.org\/de\/uloz\/#primaryimage\"},\"datePublished\":\"2020-03-30T15:51:09+00:00\",\"dateModified\":\"2020-03-30T16:49:15+00:00\",\"description\":\"Ist Uloz ein seri\u00f6ser Anbieter oder nicht, finden Sie die Antwort im aktuellen Test auf Multihoster.org \u279c. Klicken Sie jetzt \u271a und lesen Sie unsere Erfahrungen!\",\"breadcrumb\":{\"@id\":\"https:\/\/multihoster.org\/de\/uloz\/#breadcrumb\"},\"inLanguage\":\"de\",\"potentialAction\":[{\"@type\":\"ReadAction\",\"target\":[\"https:\/\/multihoster.org\/de\/uloz\/\"]}]},{\"@type\":\"BreadcrumbList\",\"@id\":\"https:\/\/multihoster.org\/de\/uloz\/#breadcrumb\",\"itemListElement\":[{\"@type\":\"ListItem\",\"position\":1,\"name\":\"Startseite\",\"item\":\"https:\/\/multihoster.org\/de\/\"},{\"@type\":\"ListItem\",\"position\":2,\"name\":\"Uloz Premium Konto: Der Filehoster Auf Einen Blick\"}]}]}<\/script>\n<!-- \/ Yoast SEO plugin. -->","yoast_head_json":{"title":"Uloz Premium Konto: Der Filehoster Auf Einen Blick","description":"Ist Uloz ein seri\u00f6ser Anbieter oder nicht, finden Sie die Antwort im aktuellen Test auf Multihoster.org \u279c. Klicken Sie jetzt \u271a und lesen Sie unsere Erfahrungen!","robots":{"index":"index","follow":"follow","max-snippet":"max-snippet:-1","max-image-preview":"max-image-preview:large","max-video-preview":"max-video-preview:-1"},"canonical":"https:\/\/multihoster.org\/de\/uloz\/","og_locale":"de_DE","og_type":"article","og_title":"Uloz Premium Konto: Der Filehoster Auf Einen Blick","og_description":"Ist Uloz ein seri\u00f6ser Anbieter oder nicht, finden Sie die Antwort im aktuellen Test auf Multihoster.org \u279c. Klicken Sie jetzt \u271a und lesen Sie unsere Erfahrungen!","og_url":"https:\/\/multihoster.org\/de\/uloz\/","og_site_name":"Multihoster.org","article_modified_time":"2020-03-30T16:49:15+00:00","og_image":[{"url":"https:\/\/lh5.googleusercontent.com\/DSso4_iy_x8XL-_Dzwlt3-uz1hpxM25zgpxOGdudM89UryFHdWhEDp_vTHuLAD9ofIDr1yF2225Bjq9DnvEk07QdYZhSxKxox3O0Ny7-KmqOcc0zMTUJi8_3tuxh82T5GK0o3oU"}],"twitter_card":"summary","twitter_misc":{"Gesch\u00e4tzte Lesezeit":"10\u00a0Minuten"},"schema":{"@context":"https:\/\/schema.org","@graph":[{"@type":"WebSite","@id":"https:\/\/multihoster.org\/#website","url":"https:\/\/multihoster.org\/","name":"Multihoster.org","description":"Reviews of the major Filehosting services","potentialAction":[{"@type":"SearchAction","target":{"@type":"EntryPoint","urlTemplate":"https:\/\/multihoster.org\/?s={search_term_string}"},"query-input":"required name=search_term_string"}],"inLanguage":"de"},{"@type":"ImageObject","@id":"https:\/\/multihoster.org\/de\/uloz\/#primaryimage","inLanguage":"de","url":"https:\/\/lh5.googleusercontent.com\/DSso4_iy_x8XL-_Dzwlt3-uz1hpxM25zgpxOGdudM89UryFHdWhEDp_vTHuLAD9ofIDr1yF2225Bjq9DnvEk07QdYZhSxKxox3O0Ny7-KmqOcc0zMTUJi8_3tuxh82T5GK0o3oU","contentUrl":"https:\/\/lh5.googleusercontent.com\/DSso4_iy_x8XL-_Dzwlt3-uz1hpxM25zgpxOGdudM89UryFHdWhEDp_vTHuLAD9ofIDr1yF2225Bjq9DnvEk07QdYZhSxKxox3O0Ny7-KmqOcc0zMTUJi8_3tuxh82T5GK0o3oU"},{"@type":"WebPage","@id":"https:\/\/multihoster.org\/de\/uloz\/#webpage","url":"https:\/\/multihoster.org\/de\/uloz\/","name":"Uloz Premium Konto: Der Filehoster Auf Einen Blick","isPartOf":{"@id":"https:\/\/multihoster.org\/#website"},"primaryImageOfPage":{"@id":"https:\/\/multihoster.org\/de\/uloz\/#primaryimage"},"datePublished":"2020-03-30T15:51:09+00:00","dateModified":"2020-03-30T16:49:15+00:00","description":"Ist Uloz ein seri\u00f6ser Anbieter oder nicht, finden Sie die Antwort im aktuellen Test auf Multihoster.org \u279c. Klicken Sie jetzt \u271a und lesen Sie unsere Erfahrungen!","breadcrumb":{"@id":"https:\/\/multihoster.org\/de\/uloz\/#breadcrumb"},"inLanguage":"de","potentialAction":[{"@type":"ReadAction","target":["https:\/\/multihoster.org\/de\/uloz\/"]}]},{"@type":"BreadcrumbList","@id":"https:\/\/multihoster.org\/de\/uloz\/#breadcrumb","itemListElement":[{"@type":"ListItem","position":1,"name":"Startseite","item":"https:\/\/multihoster.org\/de\/"},{"@type":"ListItem","position":2,"name":"Uloz Premium Konto: Der Filehoster Auf Einen Blick"}]}]}},"_links":{"self":[{"href":"https:\/\/multihoster.org\/de\/wp-json\/wp\/v2\/pages\/2994"}],"collection":[{"href":"https:\/\/multihoster.org\/de\/wp-json\/wp\/v2\/pages"}],"about":[{"href":"https:\/\/multihoster.org\/de\/wp-json\/wp\/v2\/types\/page"}],"author":[{"embeddable":true,"href":"https:\/\/multihoster.org\/de\/wp-json\/wp\/v2\/users\/2"}],"replies":[{"embeddable":true,"href":"https:\/\/multihoster.org\/de\/wp-json\/wp\/v2\/comments?post=2994"}],"version-history":[{"count":2,"href":"https:\/\/multihoster.org\/de\/wp-json\/wp\/v2\/pages\/2994\/revisions"}],"predecessor-version":[{"id":3013,"href":"https:\/\/multihoster.org\/de\/wp-json\/wp\/v2\/pages\/2994\/revisions\/3013"}],"wp:attachment":[{"href":"https:\/\/multihoster.org\/de\/wp-json\/wp\/v2\/media?parent=2994"}],"curies":[{"name":"wp","href":"https:\/\/api.w.org\/{rel}","templated":true}]}}