{"id":3029,"date":"2020-03-31T11:27:13","date_gmt":"2020-03-31T11:27:13","guid":{"rendered":"https:\/\/multihoster.org\/fastshare-premium-account-the-filehoster-at-a-glance\/"},"modified":"2020-03-31T14:50:28","modified_gmt":"2020-03-31T14:50:28","slug":"fastshare","status":"publish","type":"page","link":"https:\/\/multihoster.org\/de\/fastshare\/","title":{"rendered":"FastShare Premium Konto: Der Filehoster Auf Einen Blick"},"content":{"rendered":"<a class=\"maxbutton-2 maxbutton maxbutton-cta\" target=\"_blank\" rel=\"nofollow noopener\" href=\"\/go\/\"><span class='mb-text'>&gt;&gt; Gehen Sie zur urspr\u00fcnglichen Linkifier Website<\/span><\/a>\n\n\n<p><\/p>\n\n\n\n<h2>\u00dcber FastShare<\/h2>\n\n\n\n<figure class=\"wp-block-image\"><img src=\"https:\/\/lh5.googleusercontent.com\/qkSKbflSi_69f0YXAUWBrRmR7tMHNjLfpjTJxJhSPoozavL_4PZ37Jn5-G489WpO-S7Eqa4GCPa8EvioRruH3MDRss6xfnZA3GJqfBO9pYXytWHDPRjlxnBxbFqWNsmav1kbYM8\" alt=\"FastShare Logo\"\/><\/figure>\n\n\n\n<h3>Was bietet FastShare?<\/h3>\n\n\n\n<p>FastShare ist eine der schnellsten File-Hosting-Sites und bietet den Benutzern die unten aufgef\u00fchrten Vorteile.<\/p>\n\n\n\n<figure class=\"wp-block-image\"><img src=\"https:\/\/lh3.googleusercontent.com\/H5_-8YfL8c9JkU2IWw3jxc-yX990JcAtCd27N6cjM2wg8919yYWhCWbChmwy_bU9g1lcLtyl2tivZSRJFtPBwvtT7Mh3L0-EwfzkQl1p40Bd1_SfdcyQNKdJ0SQTb_Ulc7kYoWo\" alt=\"FastShare Benefits\"\/><\/figure>\n\n\n\n<figure class=\"wp-block-table\"><table class=\"\"><tbody><tr><td>Das FastShare Premium Konto<\/td><\/tr><tr><td>Anzahl der Monate:<\/td><td>1<\/td><td>3<\/td><td>12<\/td><\/tr><tr><td>Preis in CZK:<\/td><td>99<\/td><td>279<br><\/td><td>699<\/td><\/tr><tr><td>Download Beschr\u00e4nkung:<\/td><td>unbegrenzt<\/td><td>unbegrenzt<\/td><td>unbegrenzt<\/td><\/tr><tr><td>        Jetzt verf\u00fcgbar! &lt;&lt;    <\/td><\/tr><\/tbody><\/table><\/figure>\n\n\n\n<h3>Optionen f\u00fcr Zahlungen<\/h3>\n\n\n\n<figure class=\"wp-block-table\"><table class=\"\"><tbody><tr><td>SAZKA Terminals <\/td><td>SMS oder Textnachricht<\/td><\/tr><tr><td>Bank\u00fcberweisung (beste Option)<\/td><td>Bitcoin (Adresse der digitalen Brieftasche)<\/td><\/tr><tr><td>Kreditkarten &#8211; VISA oder Mastercard (schnellste Option)<\/td><\/tr><\/tbody><\/table><\/figure>\n\n\n\n<p>*Erh\u00e4lt ein Benutzer kein FastShare-Premium-Konto, kann er die Zahlungsquittung per E-Mail (info@fastshare.com) an FastShare senden, um sie zu verfolgen. Ich habe keine Bitcoin-Zahlung erhalten.<\/p>\n\n\n\n<h3>Installieren der FastShare-Software<\/h3>\n\n\n\n<h4>FastShare-Software f\u00fcr PC<\/h4>\n\n\n\n<p>Um die FastShare-Software zu installieren, muss ein Benutzer auf seine Download-Site gehen und w\u00e4hlen, welche FastShare-Version f\u00fcr sein Ger\u00e4t geeignet ist.<\/p>\n\n\n\n<p>FastShare-Versionen:<\/p>\n\n\n\n<figure class=\"wp-block-table\"><table class=\"\"><tbody><tr><td>Versions-Nr:<\/td><td>v2.4.0<\/td><td>V2.3.1<\/td><\/tr><tr><td>Gr\u00f6\u00dfe:<\/td><td>6.2 MB<\/td><td>6.2 MB<\/td><\/tr><tr><td>        Jetzt installieren! &lt;&lt;    <\/td><\/tr><\/tbody><\/table><\/figure>\n\n\n\n<p>Haben Sie ein Problem mit der Installation der FastShare-Software? <\/p>\n\n\n\n<p>&#8222;Windows hat Ihren Computer gesch\u00fctzt&#8220; <\/p>\n\n\n\n<p>Wenn die Meldung &#8222;Windows hat Ihren Computer gesch\u00fctzt&#8220; auf dem Ger\u00e4t eines Benutzers w\u00e4hrend der Installation erscheint, sollte der Benutzer auf den Link &#8222;Weitere Informationen&#8220; klicken, um die Details zu sehen, oder auf die Schaltfl\u00e4che &#8222;Ausf\u00fchren&#8220; klicken, um einfach an dieser Meldung vorbeizugehen.<\/p>\n\n\n\n<p>FastShare ist eine sichere Software, so dass Sie sich keine Sorgen \u00fcber die Meldung machen m\u00fcssen, die bei der Installation erscheint.<\/p>\n\n\n\n<h4>FastShare-Anwendung f\u00fcr mobile Endger\u00e4te (Android)<\/h4>\n\n\n\n<p>FastShare hat auch eine Anwendung f\u00fcr Handynutzer. <\/p>\n\n\n\n<p>Die M\u00f6glichkeiten der mobilen FastShare-Anwendung:<\/p>\n\n\n\n<ul><li>Suche von Dateien<\/li><li> Herunterladen von Dateien<\/li><li> Speichern von Dateien und vieles mehr<\/li><\/ul>\n\n\n\n<p>Ein Benutzer kann die FastShare-App f\u00fcr Android-Handys \u00fcber Google Play erhalten. Die FastShare-App ist kostenlos, Sie k\u00f6nnen sie also jetzt bekommen!<\/p>\n\n\n\n<h2>Benutzerkonto auf der FastShare<\/h2>\n\n\n\n<p>Die Registrierung auf FastShare ist sehr schnell! Es dauert nicht ein oder zwei Minuten, um sich zu registrieren.<\/p>\n\n\n\n<figure class=\"wp-block-image\"><img src=\"https:\/\/lh4.googleusercontent.com\/JCmkkXGYq6M5MBuEioAbmYcWCvdIFHDcsUbutflUqDx2aIBk1IgWASzfDnYn-IZLva95PbBft-qtw7e_oMWW3Yjp_PeQlguYWzypkb-soc1LkwO_gBuVqhJWRZKm7x_nJSJ8E5k\" alt=\"FastShare Registration via FB\"\/><\/figure>\n\n\n\n<p>Damit ein Benutzer ein Konto bei FastShare haben kann, muss er zuerst auf dem FastShare-Registrierungsformular registriert werden. Ein Benutzer kann sich auch registrieren, indem er FastShare mit seinem Facebook-Konto verbindet.<\/p>\n\n\n\n<figure class=\"wp-block-image\"><img src=\"https:\/\/lh4.googleusercontent.com\/lxHoUuNgqyknh53L9BMVkjZcpfM6elXfCu0WYskezCJi1Brl0Zyho0FDBqLGVVrcbheKSuo7EQgAW6Qz8H2zRUM2aAaKEjoEoAGJSVXq7tDA_4Jy6qTGDj0O23g7-j1QbipZ9rA\" alt=\"FastShare Eye Button for Passwords\"\/><\/figure>\n\n\n\n<p>Um das Passwort w\u00e4hrend der Eingabe zu sehen, klicken Sie auf die Augen-Schaltfl\u00e4che, um es anzuzeigen.  Wenn diese Augen-Schaltfl\u00e4che deaktiviert ist, wird das eingegebene Passwort nur noch mit Punkten angezeigt, um es zu verbergen, wie im Bild unten.<\/p>\n\n\n\n<figure class=\"wp-block-image\"><img src=\"https:\/\/lh5.googleusercontent.com\/EmBpWnXwW38P5T9zxHWxySFD6maxFRhIQIQHEYHCK1gisI_mbutqjS-SqJ_1qQjHk2jcrzPrWEpSEPED4QwQPsUHJyqUU8n7OdOvKmLMdwC1fs-b4OeI_XLQf1JfJULEsYVCANg\" alt=\"Hide the password\"\/><\/figure>\n\n\n\n<figure class=\"wp-block-image\"><img src=\"https:\/\/lh6.googleusercontent.com\/3hdQHwq_zqcaiWLlPLS7WnSA1UyVsc6lbEYzochMrgVk0bpjSGbedTb4rogStwYYneBnv27wtqv0TyCthxfp6cvIxUi2fjkxcIZ2dZuBryChvJwTCGJfebXu_HW4YcrGmsHWMaA\" alt=\"Show the password\"\/><\/figure>\n\n\n\n<p> or <\/p>\n\n\n\n<h3>Anmelden bei FastShare<\/h3>\n\n\n\n<figure class=\"wp-block-image\"><img src=\"https:\/\/lh3.googleusercontent.com\/W2tDWJXjxzjf4kaE_taLx8udmUlJ0YbzC4TQZJHkOsUCRVZGYe0VGiYEGOH253dprxMm-_IYRNbdNGmdlktqtVT-_8FwdM5qqqRzdugrEpfKQ1qu8T1hlnESQV9thprT7Pe8A7A\" alt=\"FastShare Login\"\/><\/figure>\n\n\n\n<p>Um sich anzumelden, muss ein Benutzer seinen Benutzernamen oder seine E-Mail-Adresse und sein Passwort f\u00fcr FastShare eingeben.<\/p>\n\n\n\n<figure class=\"wp-block-image\"><img src=\"https:\/\/lh3.googleusercontent.com\/W2tDWJXjxzjf4kaE_taLx8udmUlJ0YbzC4TQZJHkOsUCRVZGYe0VGiYEGOH253dprxMm-_IYRNbdNGmdlktqtVT-_8FwdM5qqqRzdugrEpfKQ1qu8T1hlnESQV9thprT7Pe8A7A\" alt=\"FastShare Login via FB\"\/><\/figure>\n\n\n\n<p>Ein Benutzer kann sich auch \u00fcber sein Facebook-Konto anmelden. Klicken Sie einfach auf diese Schaltfl\u00e4che auf der FastShare-Anmeldeseite \u2192 <\/p>\n\n\n\n<p>Wenn ein Benutzer sein Passwort oder seine E-Mail-Adresse \u00e4ndern m\u00f6chte, kann er auf der Seite Mein Konto von FastShare erneut ein neues Passwort festlegen.<\/p>\n\n\n\n<p>Was ist, wenn ein Benutzer sein Kontopasswort vergessen hat?<\/p>\n\n\n\n<figure class=\"wp-block-image\"><img src=\"https:\/\/lh4.googleusercontent.com\/cXG7DGoNczbXRjA_l55kn9U5md-565qc3clyh84kVTZawzVs-22vL58SGcT9z5FqpqPi7FzgpIqtgPQqWiGWtTMvQwa9n5LKbKSWf59OEVPZgwGzTdc0Twm6tdfDLJQ8CupfcGc\" alt=\"FastShare Forgot Password\"\/><\/figure>\n\n\n\n<p>L\u00f6sung:  Wenn sich ein Benutzer jemals nicht mehr an sein Passwort erinnern kann, ist das Passwort zur\u00fccksetzen die beste M\u00f6glichkeit, dies zu tun. Klicken Sie auf das &#8222;PASSWORT VERGEBEN&#8220;, um fortzufahren. Ein Benutzer muss seine registrierte E-Mail auf FastShare eingeben, um das Kontopasswort auf der Seite &#8222;Passwort vergessen&#8220; zu \u00e4ndern. Klicken Sie auf &#8222;Passwort senden&#8220;, damit FastShare das neue tempor\u00e4re Passwort an seine E-Mail-Adresse sendet, um das Konto des Benutzers zu \u00f6ffnen. Wenn ein Benutzer das neue Passwort nicht erh\u00e4lt, senden Sie eine Nachricht an FastShare.<\/p>\n\n\n\n<h2>LinkChecker von FastShare<\/h2>\n\n\n\n<figure class=\"wp-block-image\"><img src=\"https:\/\/lh3.googleusercontent.com\/5rKZY9pT7Z1o09V1OkAQ0S0dhL0cwf9Z6QU08G6vnXywTUN310hRYyGlBLAb8NeFqGOxbNfW5q7nqo6puRmbtaxObHSYZRyI80k7mdLcUa7aLQR_P8DgWYE5D8-Z-KjtkTZ_QYs\" alt=\"FastShare LinkChecker\"\/><\/figure>\n\n\n\n<p>FastShare verf\u00fcgt \u00fcber einen LinkChecker, der \u00fcberpr\u00fcft, ob die Datei, nach der ein Benutzer sucht, noch verf\u00fcgbar ist.<\/p>\n\n\n<a class=\"maxbutton-2 maxbutton maxbutton-cta\" target=\"_blank\" rel=\"nofollow noopener\" href=\"\/go\/\"><span class='mb-text'>&gt;&gt; Gehen Sie zur urspr\u00fcnglichen Linkifier Website<\/span><\/a>\n\n\n<p><\/p>\n\n\n\n<h2>Wie l\u00e4dt man eine Datei auf FastShare hoch?<\/h2>\n\n\n\n<p>Um eine oder mehrere Dateien hochzuladen, sollte ein Benutzer oder ein Gast auf die Schaltfl\u00e4che &#8222;Dateien ausw\u00e4hlen&#8220; klicken und die Datei(en) ausw\u00e4hlen, die Sie von Ihrem Ger\u00e4t auf FastShare hochladen m\u00f6chten. Nach der Auswahl der Datei(en) wird FastShare automatisch den Upload f\u00fcr einen Benutzer durchf\u00fchren.<\/p>\n\n\n\n<p>W\u00e4hrend des Hochladens kann ein Benutzer oder ein Gast den Hochladevorgang abbrechen. Klicken Sie einfach auf &#8222;Upload abbrechen&#8220;, dann wird FastShare das Hochladen der Datei(en) stoppen. <\/p>\n\n\n\n<p>Ein Benutzer oder ein Gast kann das K\u00e4stchen &#8222;Alle Dateien haben erotischen Inhalt&#8220; ankreuzen, wenn die von ihm hochgeladene Datei sexuelle Dinge enth\u00e4lt.<\/p>\n\n\n\n<figure class=\"wp-block-image\"><img src=\"https:\/\/lh4.googleusercontent.com\/xv3EHmOnLHODJXoQHHKCUOvB9nTNYQgQpmQjnnB3WbdRs9GLzisMVs0NXJDbaUpFaS2oPYGTFC65otQFpqqCchxCEMQ3FHOiBLLn82HMJ2kdH6W07Pt_WvJlmI83hGyrdGz6w1w\" alt=\"Upload Files on FastShare\"\/><\/figure>\n\n\n\n<p>Wenn ein Benutzer seine Datei(en) auf sein FastShare-Konto hochladen m\u00f6chte, muss er sich zuerst bei seinem Konto anmelden. Ein Benutzer kann eine oder mehrere Dateien \u00fcber den Download- oder Upload-Manager von FastShare hochladen und darf eine Datei mit einer Dateigr\u00f6\u00dfe von drei\u00dfig Gigabyte (30 GB) hochladen. Ein Benutzer kann auch Dateien oder Dateien mit einem Webbrowser hochladen, aber er kann nur bis zu zwei Gigabyte (2 GB) in der Gr\u00f6\u00dfe einer Datei hochladen.<\/p>\n\n\n\n<p>Die fertig hochgeladenen Dateien werden in der Liste der hochgeladenen Dateien von FastShare angezeigt. (Bitte sehen Sie sich das Bild unten an).<\/p>\n\n\n\n<figure class=\"wp-block-image\"><img src=\"https:\/\/lh4.googleusercontent.com\/IX0JvdbpbHZiVku6NyFKEOuFr7pBRWSv4c5eQIUqxWPNWNK01IKy9EgHKLj_mCjmyMXce513ITIIlnL_spjFhDdl4fOWS2z29u-uyMdgFVRO9gfqHnU7mMpqjBCsBEWOtaFrlLw\" alt=\"Uploaded Files List\"\/><\/figure>\n\n\n\n<p>Ein Benutzer kann auch am Hochladen seiner Datei(en) verdienen. Je mehr Leute die von Ihnen hochgeladenen Dateien heruntergeladen haben, desto mehr kann ein Benutzer (Datei-Uploader) verdienen. Ein Benutzer kann die Links seiner Dateien freigeben, um sie weltweit zu verbreiten, z.B. in Blogs, Foren, Social Media Sites, Videoblogs und anderen.<\/p>\n\n\n\n<p>Ein Benutzer erh\u00e4lt f\u00fcnfzehn Cent in Dollar ($ 0,15) pro ein Gigabyte (1GB) Download seiner hochgeladenen Dateien. Daf\u00fcr gibt FastShare jeden Montag in der Woche die Zahlung bis zu hundert tschechischen (100 CZK) entweder per Bank oder \u00dcberweisung oder \u00fcber die Bitcoin-Brieftasche aus.<\/p>\n\n\n\n<p>Sie wollen also jetzt hochladen?  Gehen Sie jetzt zu FastShare und verdienen Sie! \u2192 <\/p>\n\n\n\n<h2>Sortierung von FastShare<\/h2>\n\n\n\n<figure class=\"wp-block-image\"><img src=\"https:\/\/lh4.googleusercontent.com\/wiVWpm0Htzv9nb_B40t3sb0eG-FzBunTfN10vYrG2jik78YRGzoqGyzZXeJgk5Q-G1Z6qb6Ank5VOok0Vr0z33v-PokXBOHkUkIf3MfigyItVhvJdkuW5ykA1GmvkGAP4TURGbk\" alt=\"FastShare Sorting files\"\/><\/figure>\n\n\n\n<p>Die Dateien sind nach verschiedenen Ordnungen sortiert.<\/p>\n\n\n\n<p>1. Relevanz<\/p>\n\n\n\n<ul><li>Die Dateien sind so sortiert, dass sie mit der im Suchfeld eingegebenen Suchanfrage des Benutzers am ehesten in Verbindung stehen. Die relevantesten oder am meisten verwandten Dateien werden auf der ersten Seite der Suche angezeigt.<\/li><\/ul>\n\n\n\n<p>2. Von der gr\u00f6\u00dften<\/p>\n\n\n\n<ul><li>Wenn eine Datei gro\u00df ist, steht sie ganz oben in der Liste, die auf der Suchseite angezeigt wird. Die Dateien werden von der gr\u00f6\u00dften bis zur kleinsten Gr\u00f6\u00dfe sortiert.<\/li><\/ul>\n\n\n\n<p>3. Von der kleinsten<\/p>\n\n\n\n<ul><li>Wenn eine Datei eine geringe Gr\u00f6\u00dfe hat, steht sie in der Liste ganz oben, um auf der Suchseite angezeigt zu werden. Die Dateien werden von der kleinsten bis zur gr\u00f6\u00dften Gr\u00f6\u00dfe sortiert.<\/li><\/ul>\n\n\n\n<p>4. Meist heruntergeladen<\/p>\n\n\n\n<ul><li>Die Dateien werden von der gr\u00f6\u00dften bis zur kleinsten Anzahl von Downloads sortiert. Wenn eine Datei eine gr\u00f6\u00dfere Anzahl von Downloads erh\u00e4lt, wird sie oben in der Liste angezeigt. <\/li><\/ul>\n\n\n\n<p>5. Aktuellste<\/p>\n\n\n\n<ul><li>Die Datei mit dem j\u00fcngsten Hochlade-Datum wird auf der ersten Seite der Suche angezeigt.<\/li><\/ul>\n\n\n\n<p>6. Partitur<\/p>\n\n\n\n<ul><li>In FastShare kann ein Benutzer oder ein Gast eine Datei bewerten. Die Dateien werden von der h\u00f6chsten bis zur niedrigsten Bewertung sortiert. Wenn eine Datei die h\u00f6chste Bewertung hat, wird sie auf der Suchseite ganz oben in der Liste angezeigt. <\/li><\/ul>\n\n\n\n<h2>Herunterladen auf FastShare<\/h2>\n\n\n\n<h3>Wie kann man eine Datei herunterladen?<\/h3>\n\n\n\n<p>Ein Benutzer kann eine Datei auf FastShare herunterladen, indem er einen Webbrowser verwendet und den Download- oder Upload-Manager der FastShare-Software oder der mobilen Anwendung nutzt. Ein Benutzer, der ein FastShare-Premium-Konto hat, kann die Dateien viele Male herunterladen, da FastShare-Premium-Konten die unbegrenzte Anzahl von Datei-Downloads unterst\u00fctzt.<\/p>\n\n\n\n<p>Die heruntergeladene Datei wird auf FastShare mit den folgenden Details angezeigt:<\/p>\n\n\n\n<ul><li>Dateigr\u00f6\u00dfe<\/li><li> Dateityp<\/li><li> Videoqualit\u00e4t oder Aufl\u00f6sung<\/li><li> Titel der Datei<\/li><li> Upload-Datum<\/li><li> Dauer der Datei<\/li><li> Datei-<a rel=\"noreferrer noopener\" aria-label=\"Codec (opens in a new tab)\" href=\"https:\/\/www.merriam-webster.com\/dictionary\/codec\" target=\"_blank\">Codec<\/a>, Bitrate, Framerate, Audio-Codec und Kan\u00e4le<\/li><\/ul>\n\n\n\n<h3>Sie k\u00f6nnen eine Datei nicht herunterladen?<\/h3>\n\n\n\n<p>Wenn ein Benutzer eine Datei nicht herunterladen kann, sind unten die Gr\u00fcnde daf\u00fcr aufgef\u00fchrt.<\/p>\n\n\n\n<p>1. \u00dcberpr\u00fcfen Sie die Einstellungen der Ger\u00e4te-<a rel=\"noreferrer noopener\" aria-label=\"Firewall (opens in a new tab)\" href=\"https:\/\/www.webopedia.com\/TERM\/F\/firewall.html\" target=\"_blank\">Firewall<\/a>, des Virenschutzes und des Netzwerks des Benutzers, da diese Dinge die Verbindung zum Herunterladen von der Website unterbrechen oder blockieren k\u00f6nnen.<\/p>\n\n\n\n<p>2. Benutzer k\u00f6nnen FastShare erreichen, um auf der Kontaktseite von FastShare oder per E-Mail (info@fastshare.com) um Hilfe zu bitten.<\/p>\n\n\n\n<h2>L\u00f6schen einer Datei auf FastShare<\/h2>\n\n\n\n<p>Das L\u00f6schen einer Datei oder mehrerer Dateien auf FastShare ist sehr einfach. Ein Benutzer muss nur eine Anfrage f\u00fcr das L\u00f6schen einer oder mehrerer Dateien an FastShare senden. Um einen L\u00f6schauftrag zu senden, muss der Benutzer den Link zur Datei kopieren und in das Nachrichtenfeld des Kontaktformulars von FastShare einf\u00fcgen. Dann wird das FastShare-Team die L\u00f6schung der Datei oder der Dateien eines Benutzers verwalten.<\/p>\n\n\n\n<p>FastShare l\u00f6scht die Datei nur dann und nur dann, wenn der Inhaber des Urheberrechts die L\u00f6schung der Datei oder der Dateien beantragt hat. Sie f\u00fchren den L\u00f6schvorgang nicht durch, es sei denn, er wird dazu aufgefordert.<\/p>\n\n\n\n<h2>Anmerkungen zu den FastShare-Dateien<\/h2>\n\n\n\n<p>Jeder FastShare-Benutzer (FastShare Free oder FastShare Premium Account) kann zu jeder der auf seiner Website hochgeladenen Dateien einen Kommentar hinzuf\u00fcgen und einreichen, wenn er oder sie etwas \u00fcber die Datei oder \u00fcber den Uploader der Datei zu sagen oder zu fragen hat.<\/p>\n\n\n\n<h2>Das Affiliate-Programm von FastShare<\/h2>\n\n\n\n<p>Ein Benutzer kann mit dem Partnerprogramm von FastShare Geld verdienen. Dies wird auch als &#8222;Partnerprogramm&#8220; bezeichnet.<\/p>\n\n\n\n<p>Um Geld zu verdienen, muss ein Benutzer nur die FastShare-Website oder -App empfehlen. Ein Benutzer (Einlader oder Empfehlungsgeber) kann f\u00fcnfzig Prozent (50%) aller Zahlungen erhalten, die durch seine Einladungen geleistet werden. Jede Person, die sie eingeladen hat, muss erfolgreich registriert sein und alle Pl\u00e4ne von FastShare erworben haben, damit FastShare den Benutzer, der sie empfohlen oder eingeladen hat, bezahlen kann.<\/p>\n\n\n\n<p>FastShare zahlt jeden ersten Tag der Woche, d.h. am Montag, wenn und nur wenn die Provision des Benutzers zweihundert tschechische (200 CZK) \u00fcbersteigt.<\/p>\n\n\n\n<p>Dar\u00fcber hinaus erh\u00e4lt ein FastShare-Nutzer eine zus\u00e4tzliche <a rel=\"noreferrer noopener\" aria-label=\"Provision  (opens in a new tab)\" href=\"https:\/\/www.merriam-webster.com\/dictionary\/commission\" target=\"_blank\">Provision <\/a>in H\u00f6he von zehn Prozent (10%), wenn eine der eingeladenen Personen beginnt, f\u00fcr die Website oder App von FastShare zu werben.<br><\/p>\n\n\n\n<p>Ein Benutzer kann auf jede beliebige Art und Weise werben, z. B. durch Austausch in sozialen Medien, Videoblogs, E-Mails, Blogs, SMS oder Textnachrichten und andere.<\/p>\n\n\n\n<p>Wie und wann kann ein Benutzer seine Provision aus dem FastShare-Partnerprogramm erhalten?<\/p>\n\n\n\n<p>Ein Benutzer muss nur seine Kontonummer oder die Adresse seiner digitalen Brieftasche f\u00fcr Bitcoin oder einfach nur seine BitCoin-Adresse auf der Dateiliste seiner Mein Konto-Seite auf FastShare angeben.<\/p>\n\n\n\n<p>Wenn ein Benutzer seine Auszahlungen begrenzen m\u00f6chte, kann er das Auszahlungslimit auf bis zu f\u00fcnfhundert Dollar (500 Dollar) festlegen. M\u00f6chten Sie also jetzt an ihrem Programm teilnehmen?  Gehen Sie jetzt zu FastShare und verdienen Sie! \u2192<\/p>\n\n\n<a class=\"maxbutton-2 maxbutton maxbutton-cta\" target=\"_blank\" rel=\"nofollow noopener\" href=\"\/go\/\"><span class='mb-text'>&gt;&gt; Gehen Sie zur urspr\u00fcnglichen Linkifier Website<\/span><\/a>\n\n\n<p><\/p>\n","protected":false},"excerpt":{"rendered":"<p>\u00dcber FastShare Was bietet FastShare? FastShare ist eine der schnellsten File-Hosting-Sites und bietet den Benutzern die unten aufgef\u00fchrten Vorteile. Das<\/p>\n","protected":false},"author":2,"featured_media":0,"parent":0,"menu_order":0,"comment_status":"closed","ping_status":"closed","template":"","meta":[],"yoast_head":"<!-- This site is optimized with the Yoast SEO plugin v18.3 - https:\/\/yoast.com\/wordpress\/plugins\/seo\/ -->\n<title>FastShare Premium Konto: Der Filehoster Auf Einen Blick<\/title>\n<meta name=\"description\" content=\"Ist FastShare ein seri\u00f6ser Anbieter oder nicht, finden Sie die Antwort im aktuellen Test auf Multihoster.org \u279c. Klicken Sie jetzt \u271a und lesen Sie unsere Erfahrungen!\" \/>\n<meta name=\"robots\" content=\"index, follow, max-snippet:-1, max-image-preview:large, max-video-preview:-1\" \/>\n<link rel=\"canonical\" href=\"https:\/\/multihoster.org\/de\/fastshare\/\" \/>\n<meta property=\"og:locale\" content=\"de_DE\" \/>\n<meta property=\"og:type\" content=\"article\" \/>\n<meta property=\"og:title\" content=\"FastShare Premium Konto: Der Filehoster Auf Einen Blick\" \/>\n<meta property=\"og:description\" content=\"Ist FastShare ein seri\u00f6ser Anbieter oder nicht, finden Sie die Antwort im aktuellen Test auf Multihoster.org \u279c. Klicken Sie jetzt \u271a und lesen Sie unsere Erfahrungen!\" \/>\n<meta property=\"og:url\" content=\"https:\/\/multihoster.org\/de\/fastshare\/\" \/>\n<meta property=\"og:site_name\" content=\"Multihoster.org\" \/>\n<meta property=\"article:modified_time\" content=\"2020-03-31T14:50:28+00:00\" \/>\n<meta property=\"og:image\" content=\"https:\/\/lh5.googleusercontent.com\/qkSKbflSi_69f0YXAUWBrRmR7tMHNjLfpjTJxJhSPoozavL_4PZ37Jn5-G489WpO-S7Eqa4GCPa8EvioRruH3MDRss6xfnZA3GJqfBO9pYXytWHDPRjlxnBxbFqWNsmav1kbYM8\" \/>\n<meta name=\"twitter:card\" content=\"summary\" \/>\n<meta name=\"twitter:label1\" content=\"Gesch\u00e4tzte Lesezeit\" \/>\n\t<meta name=\"twitter:data1\" content=\"8\u00a0Minuten\" \/>\n<script type=\"application\/ld+json\" class=\"yoast-schema-graph\">{\"@context\":\"https:\/\/schema.org\",\"@graph\":[{\"@type\":\"WebSite\",\"@id\":\"https:\/\/multihoster.org\/#website\",\"url\":\"https:\/\/multihoster.org\/\",\"name\":\"Multihoster.org\",\"description\":\"Reviews of the major Filehosting services\",\"potentialAction\":[{\"@type\":\"SearchAction\",\"target\":{\"@type\":\"EntryPoint\",\"urlTemplate\":\"https:\/\/multihoster.org\/?s={search_term_string}\"},\"query-input\":\"required name=search_term_string\"}],\"inLanguage\":\"de\"},{\"@type\":\"ImageObject\",\"@id\":\"https:\/\/multihoster.org\/de\/fastshare\/#primaryimage\",\"inLanguage\":\"de\",\"url\":\"https:\/\/lh5.googleusercontent.com\/qkSKbflSi_69f0YXAUWBrRmR7tMHNjLfpjTJxJhSPoozavL_4PZ37Jn5-G489WpO-S7Eqa4GCPa8EvioRruH3MDRss6xfnZA3GJqfBO9pYXytWHDPRjlxnBxbFqWNsmav1kbYM8\",\"contentUrl\":\"https:\/\/lh5.googleusercontent.com\/qkSKbflSi_69f0YXAUWBrRmR7tMHNjLfpjTJxJhSPoozavL_4PZ37Jn5-G489WpO-S7Eqa4GCPa8EvioRruH3MDRss6xfnZA3GJqfBO9pYXytWHDPRjlxnBxbFqWNsmav1kbYM8\"},{\"@type\":\"WebPage\",\"@id\":\"https:\/\/multihoster.org\/de\/fastshare\/#webpage\",\"url\":\"https:\/\/multihoster.org\/de\/fastshare\/\",\"name\":\"FastShare Premium Konto: Der Filehoster Auf Einen Blick\",\"isPartOf\":{\"@id\":\"https:\/\/multihoster.org\/#website\"},\"primaryImageOfPage\":{\"@id\":\"https:\/\/multihoster.org\/de\/fastshare\/#primaryimage\"},\"datePublished\":\"2020-03-31T11:27:13+00:00\",\"dateModified\":\"2020-03-31T14:50:28+00:00\",\"description\":\"Ist FastShare ein seri\u00f6ser Anbieter oder nicht, finden Sie die Antwort im aktuellen Test auf Multihoster.org \u279c. Klicken Sie jetzt \u271a und lesen Sie unsere Erfahrungen!\",\"breadcrumb\":{\"@id\":\"https:\/\/multihoster.org\/de\/fastshare\/#breadcrumb\"},\"inLanguage\":\"de\",\"potentialAction\":[{\"@type\":\"ReadAction\",\"target\":[\"https:\/\/multihoster.org\/de\/fastshare\/\"]}]},{\"@type\":\"BreadcrumbList\",\"@id\":\"https:\/\/multihoster.org\/de\/fastshare\/#breadcrumb\",\"itemListElement\":[{\"@type\":\"ListItem\",\"position\":1,\"name\":\"Startseite\",\"item\":\"https:\/\/multihoster.org\/de\/\"},{\"@type\":\"ListItem\",\"position\":2,\"name\":\"FastShare Premium Konto: Der Filehoster Auf Einen Blick\"}]}]}<\/script>\n<!-- \/ Yoast SEO plugin. -->","yoast_head_json":{"title":"FastShare Premium Konto: Der Filehoster Auf Einen Blick","description":"Ist FastShare ein seri\u00f6ser Anbieter oder nicht, finden Sie die Antwort im aktuellen Test auf Multihoster.org \u279c. Klicken Sie jetzt \u271a und lesen Sie unsere Erfahrungen!","robots":{"index":"index","follow":"follow","max-snippet":"max-snippet:-1","max-image-preview":"max-image-preview:large","max-video-preview":"max-video-preview:-1"},"canonical":"https:\/\/multihoster.org\/de\/fastshare\/","og_locale":"de_DE","og_type":"article","og_title":"FastShare Premium Konto: Der Filehoster Auf Einen Blick","og_description":"Ist FastShare ein seri\u00f6ser Anbieter oder nicht, finden Sie die Antwort im aktuellen Test auf Multihoster.org \u279c. Klicken Sie jetzt \u271a und lesen Sie unsere Erfahrungen!","og_url":"https:\/\/multihoster.org\/de\/fastshare\/","og_site_name":"Multihoster.org","article_modified_time":"2020-03-31T14:50:28+00:00","og_image":[{"url":"https:\/\/lh5.googleusercontent.com\/qkSKbflSi_69f0YXAUWBrRmR7tMHNjLfpjTJxJhSPoozavL_4PZ37Jn5-G489WpO-S7Eqa4GCPa8EvioRruH3MDRss6xfnZA3GJqfBO9pYXytWHDPRjlxnBxbFqWNsmav1kbYM8"}],"twitter_card":"summary","twitter_misc":{"Gesch\u00e4tzte Lesezeit":"8\u00a0Minuten"},"schema":{"@context":"https:\/\/schema.org","@graph":[{"@type":"WebSite","@id":"https:\/\/multihoster.org\/#website","url":"https:\/\/multihoster.org\/","name":"Multihoster.org","description":"Reviews of the major Filehosting services","potentialAction":[{"@type":"SearchAction","target":{"@type":"EntryPoint","urlTemplate":"https:\/\/multihoster.org\/?s={search_term_string}"},"query-input":"required name=search_term_string"}],"inLanguage":"de"},{"@type":"ImageObject","@id":"https:\/\/multihoster.org\/de\/fastshare\/#primaryimage","inLanguage":"de","url":"https:\/\/lh5.googleusercontent.com\/qkSKbflSi_69f0YXAUWBrRmR7tMHNjLfpjTJxJhSPoozavL_4PZ37Jn5-G489WpO-S7Eqa4GCPa8EvioRruH3MDRss6xfnZA3GJqfBO9pYXytWHDPRjlxnBxbFqWNsmav1kbYM8","contentUrl":"https:\/\/lh5.googleusercontent.com\/qkSKbflSi_69f0YXAUWBrRmR7tMHNjLfpjTJxJhSPoozavL_4PZ37Jn5-G489WpO-S7Eqa4GCPa8EvioRruH3MDRss6xfnZA3GJqfBO9pYXytWHDPRjlxnBxbFqWNsmav1kbYM8"},{"@type":"WebPage","@id":"https:\/\/multihoster.org\/de\/fastshare\/#webpage","url":"https:\/\/multihoster.org\/de\/fastshare\/","name":"FastShare Premium Konto: Der Filehoster Auf Einen Blick","isPartOf":{"@id":"https:\/\/multihoster.org\/#website"},"primaryImageOfPage":{"@id":"https:\/\/multihoster.org\/de\/fastshare\/#primaryimage"},"datePublished":"2020-03-31T11:27:13+00:00","dateModified":"2020-03-31T14:50:28+00:00","description":"Ist FastShare ein seri\u00f6ser Anbieter oder nicht, finden Sie die Antwort im aktuellen Test auf Multihoster.org \u279c. Klicken Sie jetzt \u271a und lesen Sie unsere Erfahrungen!","breadcrumb":{"@id":"https:\/\/multihoster.org\/de\/fastshare\/#breadcrumb"},"inLanguage":"de","potentialAction":[{"@type":"ReadAction","target":["https:\/\/multihoster.org\/de\/fastshare\/"]}]},{"@type":"BreadcrumbList","@id":"https:\/\/multihoster.org\/de\/fastshare\/#breadcrumb","itemListElement":[{"@type":"ListItem","position":1,"name":"Startseite","item":"https:\/\/multihoster.org\/de\/"},{"@type":"ListItem","position":2,"name":"FastShare Premium Konto: Der Filehoster Auf Einen Blick"}]}]}},"_links":{"self":[{"href":"https:\/\/multihoster.org\/de\/wp-json\/wp\/v2\/pages\/3029"}],"collection":[{"href":"https:\/\/multihoster.org\/de\/wp-json\/wp\/v2\/pages"}],"about":[{"href":"https:\/\/multihoster.org\/de\/wp-json\/wp\/v2\/types\/page"}],"author":[{"embeddable":true,"href":"https:\/\/multihoster.org\/de\/wp-json\/wp\/v2\/users\/2"}],"replies":[{"embeddable":true,"href":"https:\/\/multihoster.org\/de\/wp-json\/wp\/v2\/comments?post=3029"}],"version-history":[{"count":4,"href":"https:\/\/multihoster.org\/de\/wp-json\/wp\/v2\/pages\/3029\/revisions"}],"predecessor-version":[{"id":3085,"href":"https:\/\/multihoster.org\/de\/wp-json\/wp\/v2\/pages\/3029\/revisions\/3085"}],"wp:attachment":[{"href":"https:\/\/multihoster.org\/de\/wp-json\/wp\/v2\/media?parent=3029"}],"curies":[{"name":"wp","href":"https:\/\/api.w.org\/{rel}","templated":true}]}}