{"id":3138,"date":"2020-04-07T13:16:22","date_gmt":"2020-04-07T13:16:22","guid":{"rendered":"https:\/\/multihoster.org\/?page_id=3138"},"modified":"2020-05-29T13:42:32","modified_gmt":"2020-05-29T13:42:32","slug":"webshare","status":"publish","type":"page","link":"https:\/\/multihoster.org\/de\/webshare\/","title":{"rendered":"WebShare Premium Konto: Der Filehoster Auf Einen Blick"},"content":{"rendered":"\n<div class=\"wp-block-image\"><figure class=\"aligncenter size-large\"><img loading=\"lazy\" width=\"337\" height=\"100\" src=\"https:\/\/multihoster.org\/wp-content\/uploads\/2020\/04\/webshare.png\" alt=\"\" class=\"wp-image-3125\" srcset=\"https:\/\/multihoster.org\/wp-content\/uploads\/2020\/04\/webshare.png 337w, https:\/\/multihoster.org\/wp-content\/uploads\/2020\/04\/webshare-300x89.png 300w\" sizes=\"(max-width: 337px) 100vw, 337px\" \/><\/figure><\/div>\n\n\n<a class=\"maxbutton-2 maxbutton maxbutton-cta\" target=\"_blank\" rel=\"nofollow noopener\" href=\"\/go\/\"><span class='mb-text'>&gt;&gt; Gehen Sie zur urspr\u00fcnglichen Linkifier Website<\/span><\/a>\n\n\n<p><\/p>\n\n\n\n<h2>Was ist Webshare?<\/h2>\n\n\n\n<p>Webshare ist eine Online-Cloud-Speicherplattform, die Sie nutzen k\u00f6nnen, indem Sie verschiedene Arten von Daten speichern, darunter Bilder, Musik, Filme, Dokumente, komprimierte Dateien und mehr. Alle Daten, die Sie aufbewahren und speichern, sind f\u00fcr Sie \u00fcberall auf der Welt zug\u00e4nglich. Wenn Sie also eine sehr g\u00fcnstige und zuverl\u00e4ssige Dateiablage ben\u00f6tigen, ist Webshare die richtige Plattform f\u00fcr Sie.<\/p>\n\n\n\n<figure class=\"wp-block-image\"><img src=\"https:\/\/lh3.googleusercontent.com\/FTuLvNkvS9rm_YkW9WzPyn54PGM_G44j4io1Xm9PjsowHHoj5ldYZ2ZdvdroAKv1QNwHEg34vsUwhn-H26ooVtQ4VscLe1cVcnHBUPjANDgmb_3efqZqslmxpkNCzb-ew6h5uf8n\" alt=\"Webshare Homepage\"\/><\/figure>\n\n\n\n<h2>Hinter der Webshare-Plattform<\/h2>\n\n\n\n<p>Webshare wurde am 10. September 2009 erstellt und eingerichtet. Vorher war es nur ein Hobby. Nach mehreren Jahren des Betriebs der Plattform, genau drei Jahre, entdeckten sie, dass Webshare bei Tausenden von Account-Benutzern ber\u00fchmt geworden ist. Deshalb beschlossen sie, eine neue und stark verbesserte Web-Freigabe zu schaffen. Ihr Ziel ist es, ein starker Konkurrent unter anderen namhaften Akteuren auf dem Markt in der Tschechischen Republik zu werden und mehr Nutzern eine leistungsf\u00e4hige und einfache M\u00f6glichkeit zur Verwaltung aller Daten zu bieten.<\/p>\n\n\n\n<p>Ihr Team besteht aus vier Personen. Zbyn\u011bk und Luk\u00e1\u0161 sind der Server-Administrator, und sie sind f\u00fcr die Wartung und Verwaltung der Server verantwortlich. Adam ist ihr leitender Programmierer, und das letzte Mitglied ist Honza, der f\u00fcr die Gestaltung der Website und andere Marketingstrategien verantwortlich ist. F\u00fcr sie ist Webshare nicht nur ein Garagenplan und -projekt, sondern ein fortschrittlicher Dienst, der es seinen Nutzern erm\u00f6glicht, ihre Daten zu behalten, alles von verschiedenen Ger\u00e4ten aus zu verwalten und sie mit Menschen ihres Vertrauens zu teilen.<\/p>\n\n\n\n<p>Die Aufgabe des Teams ist es, Webshare zum au\u00dfergew\u00f6hnlichsten Service in seiner Branche und auf dem Markt in der Tschechischen und Slowakischen Republik zu machen. Sie wissen, dass dieses Ziel eine bemerkenswerte Ambition ist, aber sie wissen das, und sie streben danach, dieses Ziel zu verwirklichen. <\/p>\n\n\n\n<p>Sie wollen ihren Benutzern ein moderneres und verfeinertes Werkzeug anbieten, das ihnen hilft, ihre Daten zu verwalten und sie in verschiedenen Ger\u00e4ten zu synchronisieren. Aus diesem Grund ist Webshare nicht nur ein einfaches Download- und Upload-Tool, sondern sie erweitern es um ein Gegenst\u00fcck zu mobilen Anwendungen und ein intelligentes Desktop-Tool, um die Effizienz ihrer Plattform zu maximieren. Alles ist f\u00fcr Ihre Bequemlichkeit.<\/p>\n\n\n\n<p>Bei all den Dingen, die sie tun, ist f\u00fcr ihr Team eines sicher, n\u00e4mlich die Anforderungen, Bed\u00fcrfnisse und W\u00fcnsche ihrer Nutzer zu erf\u00fcllen. Ihre Kunden sind ihre oberste Priorit\u00e4t. Deshalb machen sie Webshare nicht nur zum Service, sondern auch zu einem echten Werkzeug f\u00fcr alle Nutzer.<\/p>\n\n\n\n<h2>Warum sollten Sie Webshare verwenden?<\/h2>\n\n\n\n<p>Ihre Dateien und andere Daten in der Cloud zu speichern, ist einfach nur bequem. Aus diesem Grund m\u00fcssen Sie keine Flash-Laufwerke mit sich herumtragen, wo auch immer Sie hingehen. Alles, was Sie tun m\u00fcssen, ist, all Ihre wichtigen oder beliebigen Dateien wie Bilder, Dokumente, Musik, Filme und andere unvergessliche Dateien auf Ihr Konto hochzuladen. Sie brauchen nur das Internet, damit Sie auf Ihr Webshare-Konto zugreifen k\u00f6nnen.<\/p>\n\n\n\n<p>Webshare ist wirklich ideal f\u00fcr Ihre Schulprojekte, Hausaufgaben, Firmendokumente, Videos und Musik, die Sie auch mit Ihren Kollegen, Mitarbeitern, Freunden oder einfach mit allen Daten teilen m\u00f6chten, auf die Sie \u00fcberall Zugriff haben m\u00f6chten.<\/p>\n\n\n\n<figure class=\"wp-block-table\"><table class=\"\"><tbody><tr><td><li>Benutzer haben einen immensen Datenspeicher unter ihrer Kontrolle<br><\/li><li>Alle Ihre Dateien ruhen nur auf Cloud Storage, mit dem Internet k\u00f6nnen Sie \u00fcberall darauf zugreifen.<br><\/li><li>Flash-Laufwerke werden nie eine Option sein<br>Die Website-Oberfl\u00e4che von Webshare ist sehr freundlich und kann sofort aufgerufen werden<br><\/li><li>Der Webshare-Client-Support stellt sicher, mit jedem Benutzer in Kontakt zu bleiben, um sicherzustellen, dass er in jeder Hinsicht unterst\u00fctzt wird.<br><\/li><li>Das System und die Plattform von Webshare wird nach und nach verbessert und an die Bed\u00fcrfnisse jedes Benutzers angepasst.<br><\/li><li>Webshare entwickelt derzeit eine mobile Anwendung f\u00fcr Ihre Bequemlichkeit. <\/li><\/td><\/tr><\/tbody><\/table><\/figure>\n\n\n\n<h2>Wie hoch sind die Kosten f\u00fcr ein Webshare Premium-Konto?<\/h2>\n\n\n\n<p>Es gibt viele Zahlungsoptionen, um von ihren VIP- oder Webshare Premium-Accounts Gebrauch zu machen. Unten finden Sie die Optionen, und sie stellen sicher, dass alles f\u00fcr Ihre Bequemlichkeit ist, also w\u00e4hlen Sie aus, was Ihnen besser passt.<\/p>\n\n\n\n<p><strong>Zahlung per Kreditkarte<br><\/strong>Geben Sie einfach einige notwendige Daten ein, die auf Ihrer Karte aufgedruckt sind, und schon k\u00f6nnen Sie loslegen.<\/p>\n\n\n\n<figure class=\"wp-block-table\"><table><tbody><tr><td>Mitgliedschaft<\/td><td>Dauer<\/td><td>Private Dateien<\/td><td>Geb\u00fchr<\/td><\/tr><tr><td>Silberner VIP<\/td><td>1 Monat<\/td><td>10 GB privater Speicher<\/td><td>59.00 K\u010d<\/td><\/tr><tr><td>Gold-VIP<\/td><td>3 Monate<\/td><td>20 GB Private Storage <\/td><td>169.00 K\u010d<\/td><\/tr><tr><td>Platin-VIP<\/td><td>1 Jahr<\/td><td>50 GB privater Speicher<\/td><td>599.00 K\u010d<\/td><\/tr><\/tbody><\/table><\/figure>\n\n\n\n<p>Alle Preise beinhalten die Mehrwertsteuer (21%)<\/p>\n\n\n\n<p><strong>Online-Zahlung<br><\/strong>Die GoPay Online-\u00dcberweisungshilfe &#8211; w\u00e4hlen Sie die Zahlungsart, die Ihren Anforderungen entspricht.<\/p>\n\n\n\n<figure class=\"wp-block-table\"><table><tbody><tr><td> Mitgliedschaft <\/td><td> Dauer <\/td><td> Private Dateien <\/td><td> Geb\u00fchr <\/td><\/tr><tr><td> Silberner VIP <\/td><td> 1 Monat <\/td><td> 10 GB privater Speicher <\/td><td>59.00 K\u010d<\/td><\/tr><tr><td> Gold-VIP <\/td><td> 3 Monate <\/td><td> 20 GB Private Storage  <\/td><td>169.00 K\u010d<\/td><\/tr><tr><td> Platin-VIP <\/td><td> 1 Jahr <\/td><td> 50 GB privater Speicher <\/td><td>599.00 K\u010d<\/td><\/tr><\/tbody><\/table><\/figure>\n\n\n\n<p>Alle Preise beinhalten die Mehrwertsteuer (21%)<\/p>\n\n\n\n<p><strong>Zahlung per Bank\u00fcberweisung<br><\/strong>Schicken Sie die erwarteten Gelder einfach auf das Bankkonto von Webshare.<\/p>\n\n\n<a class=\"maxbutton-2 maxbutton maxbutton-cta\" target=\"_blank\" rel=\"nofollow noopener\" href=\"\/go\/\"><span class='mb-text'>&gt;&gt; Gehen Sie zur urspr\u00fcnglichen Linkifier Website<\/span><\/a>\n\n\n<p><\/p>\n\n\n\n<figure class=\"wp-block-table\"><table><tbody><tr><td>  Mitgliedschaft  <\/td><td> Dauer <\/td><td> Private Dateien <\/td><td> Geb\u00fchr <\/td><\/tr><tr><td>Silberner VIP  <\/td><td>1 month<\/td><td>10 GB privater Speicher  <\/td><td>59.00 K\u010d<\/td><\/tr><tr><td>Gold-VIP<\/td><td>3 Monate  <\/td><td> 20 GB Private Storage <\/td><td>169.00 K\u010d<\/td><\/tr><tr><td>Platin-VIP<\/td><td>1 Jahr <\/td><td> 50 GB privater Speicher  <\/td><td>599.00 K\u010d<\/td><\/tr><\/tbody><\/table><\/figure>\n\n\n\n<p>Alle Preise beinhalten die Mehrwertsteuer (21%)<\/p>\n\n\n\n<p><strong>Webshare-Punkte-Zahlung<br><\/strong>Webshare bietet Ihnen die M\u00f6glichkeit, Ihre Webshare Punkte in ein Premium-Konto umzuwandeln.<\/p>\n\n\n\n<figure class=\"wp-block-table\"><table><tbody><tr><td>Mitgliedschaft<\/td><td>Dauer<\/td><td>Private Dateien<\/td><td>Geb\u00fchr<\/td><\/tr><tr><td>Silberner VIP<\/td><td>1 Monat<\/td><td>10 GB privater Speicher<\/td><td>10000 B<\/td><\/tr><tr><td>Gold-VIP<\/td><td>3 Monate<\/td><td>20 GB privater Speicher<\/td><td>30000 B<\/td><\/tr><tr><td>Platin-VIP<\/td><td>1 Jahr<\/td><td>50 GB privater Speicher<\/td><td>120000 B<\/td><\/tr><\/tbody><\/table><\/figure>\n\n\n\n<p>Alle Preise beinhalten die Mehrwertsteuer (21%)<\/p>\n\n\n\n<p><strong>SMS-Zahlung<br><\/strong>Die Geb\u00fchr ist aufgrund von Sonderkonditionen f\u00fcr den \u00dcberweisungsanbieter teurer.<\/p>\n\n\n\n<figure class=\"wp-block-table\"><table><tbody><tr><td>Mitgliedschaft<\/td><td>Dauer<\/td><td>Private Dateien<\/td><td>Geb\u00fchr<\/td><\/tr><tr><td>Silberner VIP<\/td><td>1 Monat<\/td><td>10 GB privater Speicher<\/td><td>99 K\u010d<\/td><\/tr><\/tbody><\/table><\/figure>\n\n\n\n<p>Alle Preise beinhalten die Mehrwertsteuer (21%)<\/p>\n\n\n\n<h2>Was sind die Vorteile eines Webshare Premium-Kontos?<\/h2>\n\n\n\n<p>Sie k\u00f6nnen die Vorteile eines Premium-Mitglieds f\u00fcr nur 2,39 \u20ac pro Monat genie\u00dfen. Mit ihrer Premium- oder VIP-Mitgliedschaft kann jeder Nutzer seine unbegrenzte Downloadgeschwindigkeit auf Webshare maximieren, mehr Speicherplatz erhalten und vieles mehr.<\/p>\n\n\n\n<p>Denken Sie nur an dieses Szenario: Ihr Desktop-Computer ist abgest\u00fcrzt, Ihr Laptop ist verloren gegangen oder eine Datei wurde besch\u00e4digt, ohne dass Sie ein Backup f\u00fcr Ihre wichtigen Daten haben. Mit der heutigen Technologie sollte das nicht passieren, oder es ist nicht so, wie es gewesen w\u00e4re. Webshare an der Hand zu haben, ist sehr bequem. Ihr Desktop-Computer muss abgest\u00fcrzt sein, aber Sie k\u00f6nnen trotzdem auf Ihre Dateien auf anderen Ger\u00e4ten \u00fcber Webshare zugreifen. Sie k\u00f6nnen beruhigt schlafen, da Sie wissen, dass Ihre Daten sicher und gesch\u00fctzt sind.<\/p>\n\n\n\n<figure class=\"wp-block-table\"><table><tbody><tr><td>Es ist erschwinglich, nur 2,39 \u20ac. Es kostet Sie fast nichts und Sie k\u00f6nnen Ihren Tarif w\u00e4hlen.<\/td><td>1\/4 eines Jahres\u20ac6,39 f\u00fcr 3 Monate<\/td><td>1 Jahr\u20ac22,95 pro Jahr<\/td><\/tr><tr><td>Schnelles &amp; schnelles HerunterladenErleben Sie das Maximum aus Ihrer Internetverbindung.<\/td><td>500+Bis zu 500 Mb\/s<\/td><td>20+Download-Steckpl\u00e4tze<\/td><\/tr><tr><td>10 GB privater SpeicherErweitern Sie Ihre private Speicherkapazit\u00e4t auf 10 Gigabyte.<\/td><td>5 GB+Mehr privater Raum<\/td><td>24\/7Dateiverf\u00fcgbarkeit<\/td><\/tr><tr><td>Download wiederherstellenSie k\u00f6nnen einen unterbrochenen Download fortsetzen.<\/td><td>99%Kann wieder eingef\u00fchrt werden<\/td><td>10\/1010 Downloads<\/td><\/tr><tr><td>Keine AnzeigenEs wird keine Anzeigen in den Dateidetailabschnitten und im Suchfeld geben.<\/td><td>4\/44\/4-Anzeigen wird es nicht geben<\/td><td>0Nicht einmal eine einzige Anzeige<\/td><\/tr><\/tbody><\/table><\/figure>\n\n\n\n<h2>Andere h\u00e4ufig gestellte Fragen in Webshare<\/h2>\n\n\n\n<h3>Warum sich bei Webshare anmelden?<\/h3>\n\n\n\n<p>Es ist kostenlos, sich in Webshare zu registrieren oder ein Konto zu erstellen. Sie erhalten 5 Gigabyte kostenlosen Speicherplatz. Sie k\u00f6nnen ein Tool mit vielen Vorteilen nutzen, darunter den Zugang zu Kommentaren zu den Dateien verschiedener Benutzer, das Sammeln von Punkten, die Verwaltung und Organisation eigener Daten und vieles mehr, denn was k\u00f6nnen Sie sich w\u00fcnschen? Warum nicht ein Tool nutzen, das Ihre Produktivit\u00e4t steigert, richtig? <\/p>\n\n\n\n<h3>Was sind die Vorteile eines Webshare Premium-Kontos?<\/h3>\n\n\n\n<p>Wie oben erw\u00e4hnt, haben die Nutzer durch die Anmeldung f\u00fcr ein Premium-Konto Anspruch auf die \u00fcberlegene Leistung der Plattform, wenn es um die Download-Geschwindigkeit geht, obwohl Sie trotzdem Ihren eigenen Internet-Provider \u00fcberpr\u00fcfen sollten, da dies den Fortschritt beeinflusst und die maximale Hilfe, die der Webshare bieten kann, einschr\u00e4nken kann. Es wird auch einen Download-Manager geben, der es dem Benutzer erm\u00f6glicht, einen Download fortzusetzen, wenn das Internet ausf\u00e4llt. F\u00fcr die Art der Mitgliedschaft, die Sie in Anspruch nehmen, wird dies bestimmen, wie viel Speicherplatz Sie erhalten. Es gibt keine unn\u00f6tige Werbung, und alle Ihre Dateien werden gesichert. Webshare sichert Ihre Sicherungsdatei.<\/p>\n\n\n\n<h3>Abrechnung Ihrer Zahlung f\u00fcr Webshare Premium-Accounts<\/h3>\n\n\n\n<p>F\u00fcr Ihre Bequemlichkeit und Ihren Komfort bietet Webshare eine Vielzahl von Optionen f\u00fcr die Zahlung der Premium-Mitgliedschaft, einschlie\u00dflich Kredit- oder Debitkarte, Bank\u00fcberweisung, Punkte und per Textnachricht.<\/p>\n\n\n\n<h3>Was passiert mit den im Konto gespeicherten Dateien, wenn ein Premium-Account abl\u00e4uft?<\/h3>\n\n\n\n<p>Solange Sie ein Premium-Mitglied sind, werden alle Ihre Dateien gesch\u00fctzt und nicht angetastet. Wenn Ihre Mitgliedschaft jedoch ausl\u00e4uft und Sie nicht in der Lage sind, Ihre Mitgliedschaft innerhalb von zwei Monaten zu aktualisieren, entfernt das System Daten, die die 5 GB Speicherplatz f\u00fcr kostenlose Benutzer \u00fcberschreiten.<\/p>\n\n\n\n<h3>Hochladen in Webshare<\/h3>\n\n\n\n<p>Es gibt viele M\u00f6glichkeiten, wie Sie Daten auf Webshare hochladen k\u00f6nnen. Vom Ziehen und Ablegen von Dateien an beliebiger Stelle auf der Website oder einfach durch Klicken auf die Schaltfl\u00e4che &#8222;Meine Dateien&#8220;, und Sie werden aufgefordert, die Datei oder den Ordner auszuw\u00e4hlen, den Sie hochladen m\u00f6chten. Warten Sie dann, bis der Upload abgeschlossen ist.<\/p>\n\n\n\n<p>Ein Benutzer kann so viele Dateien hochladen, wie er m\u00f6chte, und die maximale Dateigr\u00f6\u00dfe, die hochgeladen werden kann, betr\u00e4gt 20 GB. F\u00fcr eine h\u00f6here Upload-Datei k\u00f6nnen Sie sie vor dem Hochladen einfach aufteilen.<\/p>\n\n\n\n<h2>Webshare-Zusammenfassung<\/h2>\n\n\n\n<p>Webshare hat eine Menge zu bieten und wird noch mehr werden, wenn die Plattform immer weiter vorangetrieben und entwickelt wird. Alle Premium-Geb\u00fchren sind sehr g\u00fcnstig, wenn Sie die Dienstleistungen und Innovationen vergleichen wollen, die Sie gewinnen k\u00f6nnen. Achten Sie darauf, die beste Mitgliedschaft f\u00fcr Sie auszuw\u00e4hlen, um die Nutzung zu maximieren.<\/p>\n\n\n\n<h2>Referenzen<\/h2>\n\n\n\n<p><a rel=\"noreferrer noopener\" aria-label=\" (opens in a new tab)\" href=\"https:\/\/www.gearcoupon.com\/the-best-czech-and-foreign-storage-for-easy-file-sharing\/\" target=\"_blank\">https:\/\/www.gearcoupon.com\/the-best-czech-and-foreign-storage-for-easy-file-sharing\/<\/a><br><a rel=\"noreferrer noopener\" aria-label=\" (opens in a new tab)\" href=\"https:\/\/alternative.app\/webshare\" target=\"_blank\">https:\/\/alternative.app\/webshare<\/a><br><a rel=\"noreferrer noopener\" aria-label=\" (opens in a new tab)\" href=\"https:\/\/webshare.cz.cutestat.com\/\" target=\"_blank\">https:\/\/webshare.cz.cutestat.com\/<\/a><br><a rel=\"noreferrer noopener\" aria-label=\" (opens in a new tab)\" href=\"https:\/\/safeweb.norton.com\/reviews?url=webshare.cz\" target=\"_blank\">https:\/\/safeweb.norton.com\/reviews?url=webshare.cz<\/a><br><a rel=\"noreferrer noopener\" aria-label=\"https:\/\/www.thesiterate.com\/stats\/webshare.cz (opens in a new tab)\" href=\"https:\/\/www.thesiterate.com\/stats\/webshare.cz\" target=\"_blank\">https:\/\/www.thesiterate.com\/stats\/webshare.cz<\/a><\/p>\n\n\n<a class=\"maxbutton-2 maxbutton maxbutton-cta\" target=\"_blank\" rel=\"nofollow noopener\" href=\"\/go\/\"><span class='mb-text'>&gt;&gt; Gehen Sie zur urspr\u00fcnglichen Linkifier Website<\/span><\/a>\n\n\n<p><\/p>\n","protected":false},"excerpt":{"rendered":"<p>Was ist Webshare? Webshare ist eine Online-Cloud-Speicherplattform, die Sie nutzen k\u00f6nnen, indem Sie verschiedene Arten von Daten speichern, darunter Bilder,<\/p>\n","protected":false},"author":2,"featured_media":0,"parent":0,"menu_order":0,"comment_status":"closed","ping_status":"closed","template":"","meta":[],"yoast_head":"<!-- This site is optimized with the Yoast SEO plugin v18.3 - https:\/\/yoast.com\/wordpress\/plugins\/seo\/ -->\n<title>WebShare Premium Konto: Der Filehoster Auf Einen Blick<\/title>\n<meta name=\"description\" content=\"Ist WebShare ein seri\u00f6ser Anbieter oder nicht, finden Sie die Antwort im aktuellen Test auf Multihoster.org \u279c. Klicken Sie jetzt \u271a und lesen Sie unsere Erfahrungen!\" \/>\n<meta name=\"robots\" content=\"index, follow, max-snippet:-1, max-image-preview:large, max-video-preview:-1\" \/>\n<link rel=\"canonical\" href=\"https:\/\/multihoster.org\/de\/webshare\/\" \/>\n<meta property=\"og:locale\" content=\"de_DE\" \/>\n<meta property=\"og:type\" content=\"article\" \/>\n<meta property=\"og:title\" content=\"WebShare Premium Konto: Der Filehoster Auf Einen Blick\" \/>\n<meta property=\"og:description\" content=\"Ist WebShare ein seri\u00f6ser Anbieter oder nicht, finden Sie die Antwort im aktuellen Test auf Multihoster.org \u279c. Klicken Sie jetzt \u271a und lesen Sie unsere Erfahrungen!\" \/>\n<meta property=\"og:url\" content=\"https:\/\/multihoster.org\/de\/webshare\/\" \/>\n<meta property=\"og:site_name\" content=\"Multihoster.org\" \/>\n<meta property=\"article:modified_time\" content=\"2020-05-29T13:42:32+00:00\" \/>\n<meta property=\"og:image\" content=\"https:\/\/multihoster.org\/wp-content\/uploads\/2020\/04\/webshare.png\" \/>\n<meta name=\"twitter:card\" content=\"summary\" \/>\n<meta name=\"twitter:label1\" content=\"Gesch\u00e4tzte Lesezeit\" \/>\n\t<meta name=\"twitter:data1\" content=\"8\u00a0Minuten\" \/>\n<script type=\"application\/ld+json\" class=\"yoast-schema-graph\">{\"@context\":\"https:\/\/schema.org\",\"@graph\":[{\"@type\":\"WebSite\",\"@id\":\"https:\/\/multihoster.org\/#website\",\"url\":\"https:\/\/multihoster.org\/\",\"name\":\"Multihoster.org\",\"description\":\"Reviews of the major Filehosting services\",\"potentialAction\":[{\"@type\":\"SearchAction\",\"target\":{\"@type\":\"EntryPoint\",\"urlTemplate\":\"https:\/\/multihoster.org\/?s={search_term_string}\"},\"query-input\":\"required name=search_term_string\"}],\"inLanguage\":\"de\"},{\"@type\":\"ImageObject\",\"@id\":\"https:\/\/multihoster.org\/de\/webshare\/#primaryimage\",\"inLanguage\":\"de\",\"url\":\"https:\/\/multihoster.org\/wp-content\/uploads\/2020\/04\/webshare.png\",\"contentUrl\":\"https:\/\/multihoster.org\/wp-content\/uploads\/2020\/04\/webshare.png\",\"width\":337,\"height\":100},{\"@type\":\"WebPage\",\"@id\":\"https:\/\/multihoster.org\/de\/webshare\/#webpage\",\"url\":\"https:\/\/multihoster.org\/de\/webshare\/\",\"name\":\"WebShare Premium Konto: Der Filehoster Auf Einen Blick\",\"isPartOf\":{\"@id\":\"https:\/\/multihoster.org\/#website\"},\"primaryImageOfPage\":{\"@id\":\"https:\/\/multihoster.org\/de\/webshare\/#primaryimage\"},\"datePublished\":\"2020-04-07T13:16:22+00:00\",\"dateModified\":\"2020-05-29T13:42:32+00:00\",\"description\":\"Ist WebShare ein seri\u00f6ser Anbieter oder nicht, finden Sie die Antwort im aktuellen Test auf Multihoster.org \u279c. Klicken Sie jetzt \u271a und lesen Sie unsere Erfahrungen!\",\"breadcrumb\":{\"@id\":\"https:\/\/multihoster.org\/de\/webshare\/#breadcrumb\"},\"inLanguage\":\"de\",\"potentialAction\":[{\"@type\":\"ReadAction\",\"target\":[\"https:\/\/multihoster.org\/de\/webshare\/\"]}]},{\"@type\":\"BreadcrumbList\",\"@id\":\"https:\/\/multihoster.org\/de\/webshare\/#breadcrumb\",\"itemListElement\":[{\"@type\":\"ListItem\",\"position\":1,\"name\":\"Startseite\",\"item\":\"https:\/\/multihoster.org\/de\/\"},{\"@type\":\"ListItem\",\"position\":2,\"name\":\"WebShare Premium Konto: Der Filehoster Auf Einen Blick\"}]}]}<\/script>\n<!-- \/ Yoast SEO plugin. -->","yoast_head_json":{"title":"WebShare Premium Konto: Der Filehoster Auf Einen Blick","description":"Ist WebShare ein seri\u00f6ser Anbieter oder nicht, finden Sie die Antwort im aktuellen Test auf Multihoster.org \u279c. Klicken Sie jetzt \u271a und lesen Sie unsere Erfahrungen!","robots":{"index":"index","follow":"follow","max-snippet":"max-snippet:-1","max-image-preview":"max-image-preview:large","max-video-preview":"max-video-preview:-1"},"canonical":"https:\/\/multihoster.org\/de\/webshare\/","og_locale":"de_DE","og_type":"article","og_title":"WebShare Premium Konto: Der Filehoster Auf Einen Blick","og_description":"Ist WebShare ein seri\u00f6ser Anbieter oder nicht, finden Sie die Antwort im aktuellen Test auf Multihoster.org \u279c. Klicken Sie jetzt \u271a und lesen Sie unsere Erfahrungen!","og_url":"https:\/\/multihoster.org\/de\/webshare\/","og_site_name":"Multihoster.org","article_modified_time":"2020-05-29T13:42:32+00:00","og_image":[{"url":"https:\/\/multihoster.org\/wp-content\/uploads\/2020\/04\/webshare.png"}],"twitter_card":"summary","twitter_misc":{"Gesch\u00e4tzte Lesezeit":"8\u00a0Minuten"},"schema":{"@context":"https:\/\/schema.org","@graph":[{"@type":"WebSite","@id":"https:\/\/multihoster.org\/#website","url":"https:\/\/multihoster.org\/","name":"Multihoster.org","description":"Reviews of the major Filehosting services","potentialAction":[{"@type":"SearchAction","target":{"@type":"EntryPoint","urlTemplate":"https:\/\/multihoster.org\/?s={search_term_string}"},"query-input":"required name=search_term_string"}],"inLanguage":"de"},{"@type":"ImageObject","@id":"https:\/\/multihoster.org\/de\/webshare\/#primaryimage","inLanguage":"de","url":"https:\/\/multihoster.org\/wp-content\/uploads\/2020\/04\/webshare.png","contentUrl":"https:\/\/multihoster.org\/wp-content\/uploads\/2020\/04\/webshare.png","width":337,"height":100},{"@type":"WebPage","@id":"https:\/\/multihoster.org\/de\/webshare\/#webpage","url":"https:\/\/multihoster.org\/de\/webshare\/","name":"WebShare Premium Konto: Der Filehoster Auf Einen Blick","isPartOf":{"@id":"https:\/\/multihoster.org\/#website"},"primaryImageOfPage":{"@id":"https:\/\/multihoster.org\/de\/webshare\/#primaryimage"},"datePublished":"2020-04-07T13:16:22+00:00","dateModified":"2020-05-29T13:42:32+00:00","description":"Ist WebShare ein seri\u00f6ser Anbieter oder nicht, finden Sie die Antwort im aktuellen Test auf Multihoster.org \u279c. Klicken Sie jetzt \u271a und lesen Sie unsere Erfahrungen!","breadcrumb":{"@id":"https:\/\/multihoster.org\/de\/webshare\/#breadcrumb"},"inLanguage":"de","potentialAction":[{"@type":"ReadAction","target":["https:\/\/multihoster.org\/de\/webshare\/"]}]},{"@type":"BreadcrumbList","@id":"https:\/\/multihoster.org\/de\/webshare\/#breadcrumb","itemListElement":[{"@type":"ListItem","position":1,"name":"Startseite","item":"https:\/\/multihoster.org\/de\/"},{"@type":"ListItem","position":2,"name":"WebShare Premium Konto: Der Filehoster Auf Einen Blick"}]}]}},"_links":{"self":[{"href":"https:\/\/multihoster.org\/de\/wp-json\/wp\/v2\/pages\/3138"}],"collection":[{"href":"https:\/\/multihoster.org\/de\/wp-json\/wp\/v2\/pages"}],"about":[{"href":"https:\/\/multihoster.org\/de\/wp-json\/wp\/v2\/types\/page"}],"author":[{"embeddable":true,"href":"https:\/\/multihoster.org\/de\/wp-json\/wp\/v2\/users\/2"}],"replies":[{"embeddable":true,"href":"https:\/\/multihoster.org\/de\/wp-json\/wp\/v2\/comments?post=3138"}],"version-history":[{"count":5,"href":"https:\/\/multihoster.org\/de\/wp-json\/wp\/v2\/pages\/3138\/revisions"}],"predecessor-version":[{"id":4547,"href":"https:\/\/multihoster.org\/de\/wp-json\/wp\/v2\/pages\/3138\/revisions\/4547"}],"wp:attachment":[{"href":"https:\/\/multihoster.org\/de\/wp-json\/wp\/v2\/media?parent=3138"}],"curies":[{"name":"wp","href":"https:\/\/api.w.org\/{rel}","templated":true}]}}