{"id":3171,"date":"2020-04-07T11:19:22","date_gmt":"2020-04-07T11:19:22","guid":{"rendered":"https:\/\/multihoster.org\/?page_id=3171"},"modified":"2020-05-29T14:44:24","modified_gmt":"2020-05-29T14:44:24","slug":"zippyshare","status":"publish","type":"page","link":"https:\/\/multihoster.org\/de\/zippyshare\/","title":{"rendered":"Zippyshare Premium Konto: Der Filehoster Auf Einen Blick"},"content":{"rendered":"\n<p>Zippyshare Premium ist ein <a rel=\"noreferrer noopener\" aria-label=\"File-Hosting-Service (FHS) (opens in a new tab)\" href=\"https:\/\/cloud.google.com\/storage\" target=\"_blank\">File-Hosting-Service (FHS)<\/a>, der es Nutzern aus aller Welt erm\u00f6glicht, Cloud-Storage zu erwerben, ohne dass eine Registrierung erforderlich ist, und der v\u00f6llig kostenlos ist. Zippyshare Premium hat keine Download-Limits und bietet gro\u00dfen Cloud-Speicherplatz. Lesen Sie mehr \u00fcber Zippyshare Premium, indem Sie die folgenden Themen lesen.<\/p>\n\n\n<a class=\"maxbutton-2 maxbutton maxbutton-cta\" target=\"_blank\" rel=\"nofollow noopener\" href=\"\/go\/\"><span class='mb-text'>&gt;&gt; Gehen Sie zur urspr\u00fcnglichen Linkifier Website<\/span><\/a>\n\n\n<p><\/p>\n\n\n\n<h2>Hintergrund der Zippyshare-Pr\u00e4mie<\/h2>\n\n\n\n<p>Zippyshare Premium wurde 2006 von der Firma Tucows, Inc. mit Sitz in Frankreich eingef\u00fchrt. Damals war der Speicherplatz nur von f\u00fcnfzig Megabyte (50 MB) auf achtzig Megabyte (80 MB) begrenzt. Dieser stieg schlie\u00dflich auf hundert Megabyte (100 MB) und entwickelte sich mit der Zeit mit der heutigen Technologie, um unendliche Mengen an Cloud-Speicher oder Online-Speicher anzubieten.<\/p>\n\n\n\n<figure class=\"wp-block-image\"><img src=\"https:\/\/lh5.googleusercontent.com\/jGG6ExEvxfLXvl7PU9quzMr96-jrFDO7CNN3Co5zBomf-zazQ8B5hToKCi1QhjvNOxFuVTntQ1C1aM8un7SfqlJ_yXHTC25smlgCgvmKFB9T0FRf5qUKFO3VxycFTqW2nqg1Rck\" alt=\"Zippyshare Website Layout\"\/><\/figure>\n\n\n\n<p>Das neueste Update der Zippyshare Premium-Schnittstelle<\/p>\n\n\n\n<p>Die Zippyshare-Pr\u00e4mie hat sich als sicher und vertrauensw\u00fcrdig erwiesen, da sie derzeit ein (1) Jahrzehnt, drei (3) Jahre und f\u00fcnf (5) Monate alt ist. Dies sind die Details, die die Legitimit\u00e4t der Zippyshare Premium-Plattform beweisen. Der Zippyshare Premium-Account genie\u00dft bereits seit mehr als einem Jahrzehnt Vertrauen und wird st\u00e4ndig verbessert, um den effizientesten und innovativsten Datei-Hosting-Service in der Cloud anzubieten. Um mehr \u00fcber die Zippyshare Premium-Plattform zu erfahren, lesen Sie die folgenden Themen, die spezifische Details \u00fcber die Plattform n\u00e4her erl\u00e4utern.<\/p>\n\n\n\n<h2>Vorteile der Nutzung von Zippyshare Premium<\/h2>\n\n\n\n<p>Im Vergleich zu anderen File-Hosting-Diensten (FHS) und Cloud-Storage hat die Zippyshare Premium-Plattform dank der innovativen und flexiblen Experten von Tucows, Inc. zahlreiche Vorteile. Die Zippyshare Premium-Plattform nutzt die neuesten Trends in der Softwareentwicklung und -programmierung und ist vollgepackt mit Vorteilen, um die beste Benutzererfahrung beim File-Hosting-Service (FHS) und Online-Webspeicher oder Cloud-Storage zu bieten. Die folgende Tabelle zeigt die Vorteile des Zippyshare Premium-Accounts gegen\u00fcber den anderen konkurrierenden File-Hosting-Service-Providern und Cloud-Storage-Anbietern.<\/p>\n\n\n\n<p>Tabelle 1. Merkmale Ihres \u00fcblichen Datei-Hostings und Zippyshare Premium<\/p>\n\n\n\n<figure class=\"wp-block-table\"><table><tbody><tr><td>Feature<\/td><td>\u00dcblicher File-Hosting-Dienstleister (FHS)<\/td><td>Zippyshare-Pr\u00e4mie<\/td><\/tr><tr><td>Wartungsgeb\u00fchr<\/td><td>Sie m\u00fcssen mindestens $ 20,00 zahlen.<\/td><td>Kostenlos und ohne versteckte Kosten<\/td><\/tr><tr><td>Zug\u00e4nglichkeit<\/td><td>Hat ein sehr technisches Website-Design<\/td><td>Hat ein sehr innovatives und ergonomisches Website-Design<\/td><\/tr><tr><td>Download-Beschr\u00e4nkung<\/td><td>Maximal 1 GB pro Tag<\/td><td>Kein Download-Limit<\/td><\/tr><tr><td>Maximale Dateigr\u00f6\u00dfe beim Hochladen<\/td><td>Sehr kleine maximale Dateigr\u00f6\u00dfe beim Hochladen<\/td><td>Maximale Dateigr\u00f6\u00dfe von 500 MB<\/td><\/tr><tr><td>Maximale Speicherzuweisung<\/td><td>Maximal 1 GB pro Monat<\/td><td>Unbegrenzte Speicherzuweisung pro Monat<\/td><\/tr><tr><td>Maximale Bandbreite<\/td><td>Maximal 1 GB pro Monat<\/td><td>Unbegrenzte Bandbreite erlaubt<\/td><\/tr><tr><td>Schutz vor Datendiebstahl und Datenphishing<\/td><td>Anf\u00e4llig f\u00fcr Datendiebstahl und Daten-Phishing (durch Adware, Spyware, Malware, Trojanische Pferde und W\u00fcrmer)<\/td><td>Hat <a rel=\"noreferrer noopener\" aria-label=\"Schutz  (opens in a new tab)\" href=\"https:\/\/computersciencewiki.org\/index.php\/Client-side_scripting_and_server-side_scripting\" target=\"_blank\">Schutz <\/a>gegen Adware, Spyware, Malware, Trojanische Pferde und W\u00fcrmer<\/td><\/tr><tr><td>Erforderliche Warteschlangen und Captchas<\/td><td>Erforderlich, um lange Warteschlangen und Captchas zu f\u00fcllen<\/td><td>Keine langen Warteschlangen und Captchas<\/td><\/tr><tr><td>Ablauf der gespeicherten Datei<\/td><td>Maximal 15 Tage, wenn nicht aktualisiert<\/td><td>Maximal 1 Monat nach der letzten Aktivit\u00e4t<\/td><\/tr><tr><td>Registrierungspflicht<\/td><td>Kontoregistrierung, Verifizierung und Anmeldung erforderlich<\/td><td>Keine Anmeldung erforderlich<\/td><\/tr><\/tbody><\/table><\/figure>\n\n\n\n<p>Wie Sie oben dargestellt haben, k\u00f6nnen wir deutlich sehen, dass sich die Zippyshare Premium-Plattform von den \u00fcblichen Datei-Hosting-Dienstleistern Ihrer Wettbewerber abhebt, da sie kostenlos und ohne versteckte Kosten ist; sie hat ein sehr innovatives und ergonomisches Website-Design; sie hat keine Download-Begrenzung; kann maximal f\u00fcnfhundert Dateien (500 MB) hochladen; mit unbegrenzter Speicherzuweisung pro Monat; unbegrenzte Bandbreite erlaubt; es hat Schutz vor Adware, Spyware, Malware, Trojanern und W\u00fcrmern; es hat keine langen Warteschlangen und Captchas; kann Ihre Dateien bis zu einem (1) Monat nach Ihrer letzten Aktivit\u00e4t aufbewahren; und schlie\u00dflich erfordert das Zippyshare Premium-Konto keine Registrierung oder Anmeldung f\u00fcr seine Nutzer, um auf die Dienste von Zippyshare Premium zuzugreifen, da wir uns um Ihr Zippyshare Premium-Konto k\u00fcmmern, indem wir Ihre wichtigsten Dateien f\u00fcr Sie zippen, damit Sie sie aufbewahren und mit anderen teilen k\u00f6nnen.<\/p>\n\n\n\n<p>Um die genannten Vorteile durch die Funktion und die Eigenschaften der Zippyshare Premium-Plattform kennen zu lernen und zu genie\u00dfen, lesen Sie das unten stehende Thema und beginnen Sie, Ihre wichtigsten Dateien zu sichern oder Ihre sch\u00f6nsten Erinnerungen zu teilen, je nach Ihrer Bereitschaft.<\/p>\n\n\n\n<h2>Verwendung der Zippyshare-Pr\u00e4mie<\/h2>\n\n\n\n<p>Die Nutzung der Zippyshare Premium-Plattform ist sehr einfach. Egal ob auf Ihrem PC Windows, MacOS, Linux oder Unix installiert ist oder ob Ihr Ger\u00e4t ein Android oder iOS ist, Sie k\u00f6nnen einfach auf seine Webseite \u00fcber seine dynamische Webseite zugreifen. Folgen Sie dem untenstehenden Tutorial und beginnen Sie mit der Nutzung von Zippyshare Premium.<\/p>\n\n\n<a class=\"maxbutton-2 maxbutton maxbutton-cta\" target=\"_blank\" rel=\"nofollow noopener\" href=\"\/go\/\"><span class='mb-text'>&gt;&gt; Gehen Sie zur urspr\u00fcnglichen Linkifier Website<\/span><\/a>\n\n\n<p><\/p>\n\n\n\n<figure class=\"wp-block-image\"><img src=\"https:\/\/lh4.googleusercontent.com\/EFl5s6kpJizQDTuwrRpBT6PMrDMgmMYyY2iX2Ak0KMnrA6_oTqZA3_MRaqnwT5L3_1KarpiQicNkY5T2CYCqGeFmKfKcWxsnkdFo7VUEoofIrsHrbsraZOASi8TXaDm6fznAp0M\" alt=\"Zippshare Premium Across Different Devices\"\/><\/figure>\n\n\n\n<p>Das Zippyshare Premium-Konto verf\u00fcgt \u00fcber eine dynamische Website, die auf verschiedenen Ger\u00e4ten l\u00e4uft<\/p>\n\n\n\n<p>1. W\u00e4hlen Sie einfach die Datei aus, die Sie hochladen m\u00f6chten, und speichern Sie sie auf der Zippyshare Premium-Plattform, indem Sie auf die Schaltfl\u00e4che &#8222;Durchsuchen&#8220; klicken. Nachdem Sie auf die Schaltfl\u00e4che &#8222;Durchsuchen&#8220; geklickt haben, erscheint ein Pop-up-Dateimanager, um Ihre Datei zu finden. Das Hochladen von Dateien auf der Zippyshare Premium-Plattform wird unabh\u00e4ngig von ihrem <a rel=\"noreferrer noopener\" aria-label=\"Datei (opens in a new tab)\" href=\"https:\/\/en.wikipedia.org\/wiki\/List_of_file_formats\" target=\"_blank\">Datei<\/a>-Typ nicht behindert. Jede Art von Datei, sei es ein Bild, Audio, Video, Dokument, Pr\u00e4sentation und alle anderen Dateien k\u00f6nnen auf der Zippyshare Premium-Plattform hochgeladen werden. Sie k\u00f6nnen maximal f\u00fcnfhundert Megabyte (500 MB) pro Datei auf der Zippyshare Premium-Plattform hochladen.<\/p>\n\n\n\n<p>2. Nachdem Sie Ihre Datei ausgew\u00e4hlt haben, k\u00f6nnen Sie sie sofort hochladen, indem Sie auf die Schaltfl\u00e4che &#8222;Upload starten&#8220; klicken. Sie sehen den Fortschritt des Uploads in Prozent im Pop-up-Status des Zippyshare Premium-Accounts. Seien Sie vorsichtig und beenden Sie weder Ihren Browser noch trennen Sie die Verbindung zu Ihrer Internetverbindung, um Datenkorruption, Datenverlust oder den Abbruch des Datei-Uploads zu vermeiden.<\/p>\n\n\n\n<p>3. Wenn Ihr Upload abgeschlossen ist, k\u00f6nnen Sie schlie\u00dflich die Privatsph\u00e4re Ihrer Datei in der \u00d6ffentlichkeit oder privat festlegen oder sie ausgew\u00e4hlten Personen zeigen. Wenn Sie den Datenschutz Ihrer Datei f\u00fcr die \u00d6ffentlichkeit einstellen, kann Ihre Datei grunds\u00e4tzlich von anderen Nutzern auf der Zippyshare Premium-Plattform eingesehen werden und ist f\u00fcr andere Nutzer durchsuchbar. Diese Funktion maximiert die gemeinsame Nutzung Ihrer Datei oder Dateien. Wenn Sie den Datenschutz Ihrer Datei auf privat setzen, k\u00f6nnen nur Sie mit Ihrem Konto auf Ihre Datei in der Zippyshare Premium-Plattform zugreifen. Wenn Sie anschlie\u00dfend die Privatsph\u00e4re Ihrer Datei ausgew\u00e4hlt haben, um sie ausgew\u00e4hlten Personen zu zeigen, m\u00fcssen Sie den Namen oder die E-Mail-Adressen der Personen eingeben, die Ihre Datei freigeben m\u00f6chten.<\/p>\n\n\n\n<p>Beachten Sie, dass jede Datei einen eindeutigen Link zur Zippyshare Premium-Website hat, um Ihre Datei herunterzuladen. Dateien, die als privat oder nur ausgew\u00e4hlten Personen angezeigt werden sollen, k\u00f6nnen von anderen anonymen Benutzern nicht eingesehen werden, es sei denn, Sie erlauben ihnen den Zugriff. Zippyshare Premium k\u00fcmmert sich um die gemeinsame Nutzung Ihrer Dateien sowie um Ihre Privatsph\u00e4re, um Sie vor all der unerw\u00fcnschten Adware, Spyware, Malware, Trojanern und W\u00fcrmern zu sch\u00fctzen, die \u00fcber Ihr Konto Datenklau und Datenphishing betreiben k\u00f6nnen.<\/p>\n\n\n\n<p>Dar\u00fcber hinaus kann die Zippyshare Premium-Plattform definitiv in allen verf\u00fcgbaren Browsern ausgef\u00fchrt werden, sei es der Microsoft Internet Explorer, Microsoft Edge, Mozilla Firefox, Safari, Opera Tor und alle anderen wichtigen Internet-Browser auf allen Ger\u00e4ten. Die Experten von Tucows, Inc. stellten sicher, dass die Zug\u00e4nglichkeit der Zippyshare Premium-Website aktiv und dynamisch in jedem Ger\u00e4t rund um den Globus verf\u00fcgbar sein wird, indem sie fortschrittliche <a rel=\"noreferrer noopener\" aria-label=\"Computerprogrammierung  (opens in a new tab)\" href=\"https:\/\/www.khanacademy.org\/computing\/computer-programming\/programming\/intro-to-programming\/v\/programming-intro\" target=\"_blank\">Computerprogrammierung <\/a>und ausgekl\u00fcgelte Algorithmen verwendeten.<\/p>\n\n\n\n<h2>\u00dcber das Problem des Zippyshare-Pr\u00e4mienbetrugs<\/h2>\n\n\n\n<p>Die Zippyshare Premium-Plattform, die von Tucows, Inc. unterst\u00fctzt wird, ist eine v\u00f6llig legitime und verifizierte Website. Die oben genannten numerischen Daten wurden ver\u00f6ffentlicht, um zu beweisen, dass die Zippyshare Premium-Plattform kein Betrugsprodukt ist, sondern ein v\u00f6llig echter File-Hosting-Service-Provider und Cloud-Storage-Anbieter. Der Zippyshare Premium-Account k\u00fcmmert sich um all Ihre Dateien, da wir Ihre wichtigsten Dateien in Zip-Dateien zusammenfassen, damit Sie sie aufbewahren und mit anderen teilen k\u00f6nnen.<\/p>\n\n\n\n<h2>Schlussbemerkungen zur Zippyshare-Pr\u00e4mie<\/h2>\n\n\n\n<p>Die Zippyshare-Premium-Plattform ist seit mehr als einem Jahrzehnt erprobt und bew\u00e4hrt, um Ihre Dateien sicher vor unerw\u00fcnschten Trackern und Hackern zu sch\u00fctzen. Zippyshare Premium sorgt daf\u00fcr, dass Ihre wichtigsten Dateien gezippt werden, damit Sie sie aufbewahren und mit anderen teilen k\u00f6nnen. Starten Sie mit dem Zippyshare Premium-Account und erleben Sie die neuesten Durchbr\u00fcche im Bereich File-Hosting-Service (FHS) und Cloud-Storage, indem Sie die Zippyshare Premium-Plattform nutzen.<\/p>\n\n\n\n<h2>H\u00e4ufig gestellte Fragen zum Zippyshare Premium-Konto<\/h2>\n\n\n\n<h3>1. Ist die Zippyshare Premium-Plattform legitim und kein Betrug?<\/h3>\n\n\n\n<p>Die Zippyshare Premium-Plattform wurde von Tucows, Inc. mit Sitz in Frankreich entwickelt. hat sich seit ihrer Einf\u00fchrung im Jahr 2006 als sicher und vertrauensw\u00fcrdig erwiesen, und zwar seit einem (1) Jahrzehnt, drei (3) Jahren und f\u00fcnf (5) Monaten.<\/p>\n\n\n\n<h3>2. Wie wird die Zippyshare-Pr\u00e4mie verdient, wenn sie ihre Dienste kostenlos zur Verf\u00fcgung stellt?<\/h3>\n\n\n\n<p>Die File-Hosting-Plattform (FHS) verdient durch ihre in die Zippyshare Premium-Website eingebetteten Anzeigen. Es wird gesch\u00e4tzt, dass es bis zu f\u00fcnfunddrei\u00dfigtausend neunhundertdreiundf\u00fcnfzig Dollar ($ 35.953,00) pro Tag verdient und einen Wert von etwa achtunddrei\u00dfig Millionen achthundertneunundzwanzigtausend zweihundertvierzig Dollar ($ 38.829.240,00) hat.<\/p>\n\n\n\n<h3>3. Wann l\u00e4uft die Zippyshare-Premium-Domain aus?<\/h3>\n\n\n\n<p>Der Domain-Status von Zippyshare Premium l\u00e4uft am 6. September 2021 aus, also in fast zwei (2) Jahren.  Es ist immer noch und immer als SICHER gekennzeichnet durch cutestat.org f\u00fcr die v\u00f6llige Abwesenheit jeglicher Risikoprobleme, die es ber\u00fchmt genug gemacht haben, um t\u00e4glich von vier Millionen vierhundertneunundvierzigtausend (4.494.077) verschiedenen Menschen aus der ganzen Welt besucht zu werden, wobei die Website t\u00e4glich f\u00fcnfunddrei\u00dfig Millionen neunhundertzweiundf\u00fcnfzigtausend und sechshundertsechs (35.952.616) Seitenaufrufe aufrief. Derzeit steht sie auf Platz dreihundertachtundneunzig (398) des Alexa-Rank. Die Plattform wird auch von Google um eine Million sechshundert drei\u00dfigtausend mit Google-Backlinks bis zu neunzehn Millionen achthunderttausend (19.800.000) indexiert. Die Entwickler von Tucows, Inc. haben daf\u00fcr gesorgt, dass die Nutzer die Sicherheit ihrer Dateien auf der Plattform gew\u00e4hrleisten k\u00f6nnen, da das Zippyshare-Premium-Konto ihre wichtigsten Dateien zippt, damit sie diese speichern und mit anderen teilen k\u00f6nnen.<\/p>\n\n\n<a class=\"maxbutton-2 maxbutton maxbutton-cta\" target=\"_blank\" rel=\"nofollow noopener\" href=\"\/go\/\"><span class='mb-text'>&gt;&gt; Gehen Sie zur urspr\u00fcnglichen Linkifier Website<\/span><\/a>\n\n\n<p><\/p>\n","protected":false},"excerpt":{"rendered":"<p>Zippyshare Premium ist ein File-Hosting-Service (FHS), der es Nutzern aus aller Welt erm\u00f6glicht, Cloud-Storage zu erwerben, ohne dass eine Registrierung<\/p>\n","protected":false},"author":2,"featured_media":0,"parent":0,"menu_order":0,"comment_status":"closed","ping_status":"closed","template":"","meta":[],"yoast_head":"<!-- This site is optimized with the Yoast SEO plugin v18.3 - https:\/\/yoast.com\/wordpress\/plugins\/seo\/ -->\n<title>Zippyshare Premium Konto: Der Filehoster Auf Einen Blick<\/title>\n<meta name=\"description\" content=\"Ist Zippyshare ein seri\u00f6ser Anbieter oder nicht, finden Sie die Antwort im aktuellen Test auf Multihoster.org \u279c. Klicken Sie jetzt \u271a und lesen Sie unsere Erfahrungen!\" \/>\n<meta name=\"robots\" content=\"index, follow, max-snippet:-1, max-image-preview:large, max-video-preview:-1\" \/>\n<link rel=\"canonical\" href=\"https:\/\/multihoster.org\/de\/zippyshare\/\" \/>\n<meta property=\"og:locale\" content=\"de_DE\" \/>\n<meta property=\"og:type\" content=\"article\" \/>\n<meta property=\"og:title\" content=\"Zippyshare Premium Konto: Der Filehoster Auf Einen Blick\" \/>\n<meta property=\"og:description\" content=\"Ist Zippyshare ein seri\u00f6ser Anbieter oder nicht, finden Sie die Antwort im aktuellen Test auf Multihoster.org \u279c. Klicken Sie jetzt \u271a und lesen Sie unsere Erfahrungen!\" \/>\n<meta property=\"og:url\" content=\"https:\/\/multihoster.org\/de\/zippyshare\/\" \/>\n<meta property=\"og:site_name\" content=\"Multihoster.org\" \/>\n<meta property=\"article:modified_time\" content=\"2020-05-29T14:44:24+00:00\" \/>\n<meta property=\"og:image\" content=\"https:\/\/lh5.googleusercontent.com\/jGG6ExEvxfLXvl7PU9quzMr96-jrFDO7CNN3Co5zBomf-zazQ8B5hToKCi1QhjvNOxFuVTntQ1C1aM8un7SfqlJ_yXHTC25smlgCgvmKFB9T0FRf5qUKFO3VxycFTqW2nqg1Rck\" \/>\n<meta name=\"twitter:card\" content=\"summary\" \/>\n<meta name=\"twitter:label1\" content=\"Gesch\u00e4tzte Lesezeit\" \/>\n\t<meta name=\"twitter:data1\" content=\"8\u00a0Minuten\" \/>\n<script type=\"application\/ld+json\" class=\"yoast-schema-graph\">{\"@context\":\"https:\/\/schema.org\",\"@graph\":[{\"@type\":\"WebSite\",\"@id\":\"https:\/\/multihoster.org\/#website\",\"url\":\"https:\/\/multihoster.org\/\",\"name\":\"Multihoster.org\",\"description\":\"Reviews of the major Filehosting services\",\"potentialAction\":[{\"@type\":\"SearchAction\",\"target\":{\"@type\":\"EntryPoint\",\"urlTemplate\":\"https:\/\/multihoster.org\/?s={search_term_string}\"},\"query-input\":\"required name=search_term_string\"}],\"inLanguage\":\"de\"},{\"@type\":\"ImageObject\",\"@id\":\"https:\/\/multihoster.org\/de\/zippyshare\/#primaryimage\",\"inLanguage\":\"de\",\"url\":\"https:\/\/lh5.googleusercontent.com\/jGG6ExEvxfLXvl7PU9quzMr96-jrFDO7CNN3Co5zBomf-zazQ8B5hToKCi1QhjvNOxFuVTntQ1C1aM8un7SfqlJ_yXHTC25smlgCgvmKFB9T0FRf5qUKFO3VxycFTqW2nqg1Rck\",\"contentUrl\":\"https:\/\/lh5.googleusercontent.com\/jGG6ExEvxfLXvl7PU9quzMr96-jrFDO7CNN3Co5zBomf-zazQ8B5hToKCi1QhjvNOxFuVTntQ1C1aM8un7SfqlJ_yXHTC25smlgCgvmKFB9T0FRf5qUKFO3VxycFTqW2nqg1Rck\"},{\"@type\":\"WebPage\",\"@id\":\"https:\/\/multihoster.org\/de\/zippyshare\/#webpage\",\"url\":\"https:\/\/multihoster.org\/de\/zippyshare\/\",\"name\":\"Zippyshare Premium Konto: Der Filehoster Auf Einen Blick\",\"isPartOf\":{\"@id\":\"https:\/\/multihoster.org\/#website\"},\"primaryImageOfPage\":{\"@id\":\"https:\/\/multihoster.org\/de\/zippyshare\/#primaryimage\"},\"datePublished\":\"2020-04-07T11:19:22+00:00\",\"dateModified\":\"2020-05-29T14:44:24+00:00\",\"description\":\"Ist Zippyshare ein seri\u00f6ser Anbieter oder nicht, finden Sie die Antwort im aktuellen Test auf Multihoster.org \u279c. Klicken Sie jetzt \u271a und lesen Sie unsere Erfahrungen!\",\"breadcrumb\":{\"@id\":\"https:\/\/multihoster.org\/de\/zippyshare\/#breadcrumb\"},\"inLanguage\":\"de\",\"potentialAction\":[{\"@type\":\"ReadAction\",\"target\":[\"https:\/\/multihoster.org\/de\/zippyshare\/\"]}]},{\"@type\":\"BreadcrumbList\",\"@id\":\"https:\/\/multihoster.org\/de\/zippyshare\/#breadcrumb\",\"itemListElement\":[{\"@type\":\"ListItem\",\"position\":1,\"name\":\"Startseite\",\"item\":\"https:\/\/multihoster.org\/de\/\"},{\"@type\":\"ListItem\",\"position\":2,\"name\":\"Zippyshare Premium Konto: Der Filehoster Auf Einen Blick\"}]}]}<\/script>\n<!-- \/ Yoast SEO plugin. -->","yoast_head_json":{"title":"Zippyshare Premium Konto: Der Filehoster Auf Einen Blick","description":"Ist Zippyshare ein seri\u00f6ser Anbieter oder nicht, finden Sie die Antwort im aktuellen Test auf Multihoster.org \u279c. Klicken Sie jetzt \u271a und lesen Sie unsere Erfahrungen!","robots":{"index":"index","follow":"follow","max-snippet":"max-snippet:-1","max-image-preview":"max-image-preview:large","max-video-preview":"max-video-preview:-1"},"canonical":"https:\/\/multihoster.org\/de\/zippyshare\/","og_locale":"de_DE","og_type":"article","og_title":"Zippyshare Premium Konto: Der Filehoster Auf Einen Blick","og_description":"Ist Zippyshare ein seri\u00f6ser Anbieter oder nicht, finden Sie die Antwort im aktuellen Test auf Multihoster.org \u279c. Klicken Sie jetzt \u271a und lesen Sie unsere Erfahrungen!","og_url":"https:\/\/multihoster.org\/de\/zippyshare\/","og_site_name":"Multihoster.org","article_modified_time":"2020-05-29T14:44:24+00:00","og_image":[{"url":"https:\/\/lh5.googleusercontent.com\/jGG6ExEvxfLXvl7PU9quzMr96-jrFDO7CNN3Co5zBomf-zazQ8B5hToKCi1QhjvNOxFuVTntQ1C1aM8un7SfqlJ_yXHTC25smlgCgvmKFB9T0FRf5qUKFO3VxycFTqW2nqg1Rck"}],"twitter_card":"summary","twitter_misc":{"Gesch\u00e4tzte Lesezeit":"8\u00a0Minuten"},"schema":{"@context":"https:\/\/schema.org","@graph":[{"@type":"WebSite","@id":"https:\/\/multihoster.org\/#website","url":"https:\/\/multihoster.org\/","name":"Multihoster.org","description":"Reviews of the major Filehosting services","potentialAction":[{"@type":"SearchAction","target":{"@type":"EntryPoint","urlTemplate":"https:\/\/multihoster.org\/?s={search_term_string}"},"query-input":"required name=search_term_string"}],"inLanguage":"de"},{"@type":"ImageObject","@id":"https:\/\/multihoster.org\/de\/zippyshare\/#primaryimage","inLanguage":"de","url":"https:\/\/lh5.googleusercontent.com\/jGG6ExEvxfLXvl7PU9quzMr96-jrFDO7CNN3Co5zBomf-zazQ8B5hToKCi1QhjvNOxFuVTntQ1C1aM8un7SfqlJ_yXHTC25smlgCgvmKFB9T0FRf5qUKFO3VxycFTqW2nqg1Rck","contentUrl":"https:\/\/lh5.googleusercontent.com\/jGG6ExEvxfLXvl7PU9quzMr96-jrFDO7CNN3Co5zBomf-zazQ8B5hToKCi1QhjvNOxFuVTntQ1C1aM8un7SfqlJ_yXHTC25smlgCgvmKFB9T0FRf5qUKFO3VxycFTqW2nqg1Rck"},{"@type":"WebPage","@id":"https:\/\/multihoster.org\/de\/zippyshare\/#webpage","url":"https:\/\/multihoster.org\/de\/zippyshare\/","name":"Zippyshare Premium Konto: Der Filehoster Auf Einen Blick","isPartOf":{"@id":"https:\/\/multihoster.org\/#website"},"primaryImageOfPage":{"@id":"https:\/\/multihoster.org\/de\/zippyshare\/#primaryimage"},"datePublished":"2020-04-07T11:19:22+00:00","dateModified":"2020-05-29T14:44:24+00:00","description":"Ist Zippyshare ein seri\u00f6ser Anbieter oder nicht, finden Sie die Antwort im aktuellen Test auf Multihoster.org \u279c. Klicken Sie jetzt \u271a und lesen Sie unsere Erfahrungen!","breadcrumb":{"@id":"https:\/\/multihoster.org\/de\/zippyshare\/#breadcrumb"},"inLanguage":"de","potentialAction":[{"@type":"ReadAction","target":["https:\/\/multihoster.org\/de\/zippyshare\/"]}]},{"@type":"BreadcrumbList","@id":"https:\/\/multihoster.org\/de\/zippyshare\/#breadcrumb","itemListElement":[{"@type":"ListItem","position":1,"name":"Startseite","item":"https:\/\/multihoster.org\/de\/"},{"@type":"ListItem","position":2,"name":"Zippyshare Premium Konto: Der Filehoster Auf Einen Blick"}]}]}},"_links":{"self":[{"href":"https:\/\/multihoster.org\/de\/wp-json\/wp\/v2\/pages\/3171"}],"collection":[{"href":"https:\/\/multihoster.org\/de\/wp-json\/wp\/v2\/pages"}],"about":[{"href":"https:\/\/multihoster.org\/de\/wp-json\/wp\/v2\/types\/page"}],"author":[{"embeddable":true,"href":"https:\/\/multihoster.org\/de\/wp-json\/wp\/v2\/users\/2"}],"replies":[{"embeddable":true,"href":"https:\/\/multihoster.org\/de\/wp-json\/wp\/v2\/comments?post=3171"}],"version-history":[{"count":3,"href":"https:\/\/multihoster.org\/de\/wp-json\/wp\/v2\/pages\/3171\/revisions"}],"predecessor-version":[{"id":4576,"href":"https:\/\/multihoster.org\/de\/wp-json\/wp\/v2\/pages\/3171\/revisions\/4576"}],"wp:attachment":[{"href":"https:\/\/multihoster.org\/de\/wp-json\/wp\/v2\/media?parent=3171"}],"curies":[{"name":"wp","href":"https:\/\/api.w.org\/{rel}","templated":true}]}}