{"id":3241,"date":"2020-04-07T15:14:19","date_gmt":"2020-04-07T15:14:19","guid":{"rendered":"https:\/\/multihoster.org\/pobierz\/"},"modified":"2020-05-29T15:20:17","modified_gmt":"2020-05-29T15:20:17","slug":"pobierz","status":"publish","type":"page","link":"https:\/\/multihoster.org\/de\/pobierz\/","title":{"rendered":"Pobierz Premium Konto: Der Filehoster Auf Einen Blick"},"content":{"rendered":"<a class=\"maxbutton-2 maxbutton maxbutton-cta\" target=\"_blank\" rel=\"nofollow noopener\" href=\"\/go\/\"><span class='mb-text'>&gt;&gt; Zur urspr\u00fcnglichen Linkifier Website<\/span><\/a>\n\n\n<figure class=\"wp-block-image\"><img src=\"https:\/\/lh5.googleusercontent.com\/3wfv5DvQ8nXJrn63afXmHk3vHDU2P9Qc52t0gcb1DGySTk2gMQeM2Xw8-xt8A3_h79_uhIAePowyrlqubfV6Jkh3GlmEnY9ZOdwMTu8kqoaQZ7Ew4S7urFH2qT9pQxRCA3n63XM\" alt=\"Pobierz Logo\"\/><\/figure>\n\n\n\n<p>Pobierz ist ein <a href=\"https:\/\/www.techopedia.com\/definition\/25310\/file-hosting-service\" target=\"_blank\" rel=\"noreferrer noopener\" aria-label=\"Filehosting (opens in a new tab)\">Filehosting<\/a>-Dienst, der Ihnen und Ihren Freunden oder Gleichgesinnten einfache L\u00f6sungen f\u00fcr den Austausch von Dateien bietet. Obwohl er weniger beliebt ist als viele andere Filehoster, l\u00e4sst sich nicht leugnen, dass Pobierz etwas zu sagen hat, wenn es um die Qualit\u00e4t des Dienstes geht. Ganz zu schweigen von der hohen Betonung der Sicherheit, die den meisten Datei-Hosting-Diensten fehlt. Pobierz unterst\u00fctzt au\u00dferdem fast alle Arten von Dateien und bietet seinen Benutzern Flexibilit\u00e4t. Mit einer Servicequalit\u00e4t, die mit den meisten popul\u00e4ren Datei-Hostern gleichwertig ist, bleibt Pobierz immer noch einer der preiswertesten Datei-Hosting-Dienste online.<\/p>\n\n\n\n<p>Trotz dieser Funktionen, die das kostenlose Pobierz-Konto frei nutzen kann, bietet das aktualisierte Konto einen noch besseren Service. Besitzer eines Pobierz-Premium-Kontos haben Anspruch auf signifikante Upgrades in Bezug auf Geschwindigkeit, Download-Limit und Speicherkapazit\u00e4t, die alle mit einer sehr g\u00fcnstigen Abonnementgeb\u00fchr einhergehen.<\/p>\n\n\n\n<figure class=\"wp-block-image\"><img src=\"https:\/\/lh3.googleusercontent.com\/Poc3zmnhybCZ6FYacWZHTat-CFbQP_-L93ZhxzPDd6VDqJRdfcSPowg06SmyrAVlwdi_vrxsl881fgTzHMFsFIgH2-7EsjxhaTNs4VDZZHiqcBPeIpBwGM7ZTfPwSagmy2vPs_Y\" alt=\"Pobierz Premium website\"\/><\/figure>\n\n\n\n<h2>Pobierz Premium Notable Features<\/h2>\n\n\n\n<h3>H\u00f6here Speicherkapazit\u00e4t<\/h3>\n\n\n\n<p>Mit einem Pobierz Premium-Konto k\u00f6nnen Sie bis zu 10 TB Speicherplatz nutzen. Perfekt, wenn Sie sich mit gro\u00dfen Dateien wie Videos, hochwertigen Filmen und anderen Arten von Medien eindecken wollen. Autoren von digitalen Inhalten k\u00f6nnen Backups und Archive ihrer Inhalte in ihrem Online-<a href=\"https:\/\/searchstorage.techtarget.com\/definition\/cloud-storage\" target=\"_blank\" rel=\"noreferrer noopener\" aria-label=\"Cloud-Speicher (opens in a new tab)\">Cloud-Speicher<\/a> anlegen.<\/p>\n\n\n\n<h3>Keine Anzeigen<\/h3>\n\n\n\n<p>Anzeigen k\u00f6nnen sehr \u00e4rgerlich sein und Malware enthalten, die Ihr Ger\u00e4t sch\u00e4digen kann, aber bei anderen kostenlosen Datei-Hosting-Sites ist dies die einzige M\u00f6glichkeit f\u00fcr sie, Einnahmen zu erzielen. Der Kauf eines Pobierz Premium-Accounts deaktiviert jedoch automatisch alle Anzeigen oder Pop-ups, w\u00e4hrend Sie deren Online-Speicherdienst nutzen.<\/p>\n\n\n\n<h3>Unbegrenzte Download-Geschwindigkeit<\/h3>\n\n\n\n<p>Kostenlose Benutzer werden im Datenverkehr mit geringerer Priorit\u00e4t behandelt, aber Besitzer eines Pobierz-Premium-Kontos haben eine h\u00f6here Bandbreitenzuweisung, die schnellere Downloads von Dateien und Medien erm\u00f6glicht. Mit Pobierz ist ein einfacher Zugriff auf Ihre Dateien m\u00f6glich, da den Inhabern von Premium-Accounts eine unbegrenzte Download-Geschwindigkeit und eine h\u00f6here Bandbreite zur Verf\u00fcgung steht.<\/p>\n\n\n\n<h3>Mehrere Dateien herunterladen<\/h3>\n\n\n\n<p>Die M\u00f6glichkeit, mehrere Dateien herunterladen zu k\u00f6nnen, ist sehr hilfreich, wenn Sie in Eile sind, aber leider bietet das kostenlose Konto keine Unterst\u00fctzung f\u00fcr eine solche Funktion. Um die Mehrfach-Download-Funktion nutzen zu k\u00f6nnen, m\u00fcssten Sie ein Pobierz Premium-Konto verwenden. Aber es ist sehr effizient, und diese Funktion ist einer der Gr\u00fcnde, warum immer mehr Menschen ein eigenes Pobierz-Premium-Konto erhalten. Sie k\u00f6nnen alle gew\u00fcnschten Dateien gleichzeitig herunterladen, Ihre Internetverbindung ist die einzige Beschr\u00e4nkung.<\/p>\n\n\n\n<h3>Accelerator-Unterst\u00fctzung herunterladen<\/h3>\n\n\n\n<p>Wenn Sie noch mehr <a href=\"http:\/\/ask-leo.com\/how_do_download_accelerators_work.html\" target=\"_blank\" rel=\"noreferrer noopener\" aria-label=\"Download-Geschwindigkeit (opens in a new tab)\">Download-Geschwindigkeit<\/a> ben\u00f6tigen, k\u00f6nnen Sie Download-Beschleuniger verwenden. Gl\u00fccklicherweise bietet die Pobierz Premium volle Unterst\u00fctzung f\u00fcr alle online verf\u00fcgbaren Download-Beschleuniger. Diese Funktion erm\u00f6glicht es den Benutzern, ihre Download-Geschwindigkeit vollst\u00e4ndig zu verbessern und den Zugriff auf ihre Dateien und Medien schneller und einfacher zu machen.<\/p>\n\n\n\n<h3>Sichere Online-Speicherung<\/h3>\n\n\n\n<p>Der Pobierz Premium verf\u00fcgt \u00fcber einen der sichersten Online-Speicherdienste, die es gibt. Vielleicht m\u00f6chten Sie sich der Sicherheit Ihrer Dateien sicher sein, besonders wenn diese f\u00fcr ein Unternehmen bestimmt sind, wie Dokumente oder Inhalte im Allgemeinen. Selbst wenn Sie gerade alle Ihre Lieblingsfilme in Ihrem Cloud-Speicher speichern, ist die Sicherheit Ihrer Dateien immer noch sehr wichtig.<\/p>\n\n\n\n<h2>Wie Sie Ihr eigenes Pobierz-Premium-Konto erhalten<\/h2>\n\n\n\n<p>Einen eigenen Pobierz-Premium-Account zu bekommen, ist ziemlich einfach. Sie bieten verschiedene Zahlungsmethoden an, um jedem Kunden gerecht zu werden. Sie akzeptieren VISA, MasterCard und Paypal. DotPay ist auch als Zahlungsmethode verf\u00fcgbar.<\/p>\n\n\n\n<p><strong>Auswahl einer Zahlungsmethode:<\/strong><\/p>\n\n\n\n<figure class=\"wp-block-table\"><table><tbody><tr><td><\/td><td>VISA und\/oder MasterCard<\/td><td>3 Premium-Tage kosten \u20ac 4,00<\/td><\/tr><tr><td><\/td><td>DotPay<\/td><td>3 Pr\u00e4mientage kosten 6,00 PLN<\/td><\/tr><tr><td><\/td><td>Premium-Voucher \u00fcber Takevoucher.com kaufen<\/td><td>Wo ein potentieller Benutzer einen Premium-Gutschein kaufen kann und \u00fcber Paypal, Visa, MasterCard, Bitcoin und Amazon bezahlt werden kann. Nachdem Sie diese Zahlung ausgew\u00e4hlt haben, sollten Sie erneut das gew\u00fcnschte Paket ausw\u00e4hlen<\/td><\/tr><tr><td><\/td><td>Premium-Gutschein \u00fcber KeyInstant.com kaufen<\/td><td>Hier kann ein potenzieller Nutzer einen Premium-Gutschein kaufen und \u00fcber Paypal, Visa, MasterCard, Bitcoin und Amazon bezahlt werden.<\/td><\/tr><tr><td><\/td><td>Andere ausl\u00e4ndische Zahlungsmethoden wie Paysera, SafetyPay, HSBC, Nordea, Maxima, Barclays, SwedBank, Lloyds Bank, Sofort, DNB, RBS, WebMoney, Bitcoin usw.<\/td><td>Nachricht Pobierz Unterst\u00fctzung f\u00fcr die Liste der Zahlungsmethoden-Partner.<\/td><\/tr><tr><td><\/td><td>SMS-Dienst<\/td><td>Bezahlen Sie mit dem SMS-Dienst. SMS-Zahlungen sind nur f\u00fcr ein bestehendes Benutzerkonto verf\u00fcgbar.<\/td><\/tr><\/tbody><\/table><\/figure>\n\n\n<a class=\"maxbutton-2 maxbutton maxbutton-cta\" target=\"_blank\" rel=\"nofollow noopener\" href=\"\/go\/\"><span class='mb-text'>&gt;&gt; Zur urspr\u00fcnglichen Linkifier Website<\/span><\/a>\n\n\n<p><\/p>\n\n\n\n<h2>Vorteile eines Pobierz-Premiumkontos<\/h2>\n\n\n\n<p>\u2714\ufe0f Direkter Download, kein Warten mehr.<\/p>\n\n\n\n<p>\u2714\ufe0f Anzeigenfrei &#8211; Maximieren Sie die Nutzung Ihres Kontos ohne jegliche Unterbrechung.<\/p>\n\n\n\n<p>\u2714\ufe0f Unbegrenzte Anzahl gleichzeitiger Downloads &#8211; Nutzen Sie sie bis zum \u00c4u\u00dfersten Ihrer Ressourcen aus.<\/p>\n\n\n\n<p>\u2714\ufe0f H\u00f6chste Download-Geschwindigkeit &#8211; Problemloses Download-Tempo.<\/p>\n\n\n\n<p>\u2714\ufe0f Unterst\u00fctzung f\u00fcr Download-Beschleuniger<\/p>\n\n\n\n<p>\u2714\ufe0f Unbegrenzte Festplattenoberfl\u00e4che &#8211; Genie\u00dfen Sie eine grenzenlose externe Festplatte.<\/p>\n\n\n\n<p>\u2714\ufe0f Dateiablage ohne Einschr\u00e4nkungen<\/p>\n\n\n\n<p>\u2714\ufe0f Dateigr\u00f6\u00dfe bis zu 10GB &#8211; Einfach wow!<\/p>\n\n\n\n<h2>H\u00e4ufig gestellte Fragen (FAQ)<\/h2>\n\n\n\n<h3><strong>Q<\/strong>: Ist der Pobierz-Dienst kostenlos?<\/h3>\n\n\n\n<p><strong>A<\/strong>: Ja, das Hoch- und Herunterladen ist kostenlos. Aber wir bieten einen Premium-Account-Service an, der mehr Uploads und\/oder Downloads flexibel zul\u00e4sst..<\/p>\n\n\n\n<h3><strong>Q<\/strong>: Werden meine Dateien, die ich gespeichert habe, gel\u00f6scht?<\/h3>\n\n\n\n<p><strong>A<\/strong>: F\u00fcr Benutzer ohne Konto (Gast) oder mit einem kostenlosen Konto werden die Dateien nur 30 Tage lang gespeichert. Dateien oder Dokumente f\u00fcr den Premium-Account werden ohne Einschr\u00e4nkungen gespeichert. In \u00dcbereinstimmung mit den Regeln und Bestimmungen der Website.<\/p>\n\n\n\n<h3><strong>Q<\/strong>: Wie viele Dateien kann ich auf mein Konto \u00fcbertragen?<\/h3>\n\n\n\n<p><strong>A<\/strong>: Sie k\u00f6nnen beliebig viele Dateien hochladen, solange ihr Inhalt unseren Vorschriften entspricht und die zul\u00e4ssige Gr\u00f6\u00dfe nicht \u00fcberschreitet.<\/p>\n\n\n\n<h3><strong>Q<\/strong>: Welche Arten von Dateien kann ich hochladen?<\/h3>\n\n\n\n<p><strong>A<\/strong>: Sie k\u00f6nnen jede Art von Datei hochladen, an der Sie Rechte haben, die sich nicht auf die minderwertige Bewertung der Plattform auswirken, die Kontoinhaber und den Administrator der Website nicht einsch\u00fcchtern und niemanden t\u00e4uschen, in \u00dcbereinstimmung mit der Reihenfolge der Website.<\/p>\n\n\n\n<h3><strong>Q<\/strong>: Gibt es irgendwelche Beschr\u00e4nkungen bez\u00fcglich des Volumens meiner hochgeladenen Dateien?<\/h3>\n\n\n\n<p><strong>A<\/strong>: Jede Ihrer Dateien muss kleiner als 10,00 GB sein. Diese Seite muss die einzige Grenze sein..<\/p>\n\n\n\n<h3><strong>Q<\/strong>: Ist es machbar, das Herunterladen fortzusetzen?<\/h3>\n\n\n\n<p><strong>A<\/strong>: Ja, das Fortsetzen des Herunterladens ist bis zu 2 Minuten nach einer gest\u00f6rten \u00dcbertragung m\u00f6glich, ohne dass die \u00dcbertragung f\u00fcr die heruntergeladene Datei neu berechnet wird.<\/p>\n\n\n\n<h3><strong>Q<\/strong>: Wie kann ich meine allt\u00e4gliche \u00dcbertragungsbeschr\u00e4nkung erweitern \/ neu formulieren?<\/h3>\n\n\n\n<p><strong>A<\/strong>: Alles, was Sie tun m\u00fcssen, ist Ihren Pobierz Premium-Kontoservice zu kaufen oder zu verl\u00e4ngern, und die \u00dcberweisung wird automatisch &#8222;nullgestellt&#8220;.<\/p>\n\n\n\n<h2>Warum ist die Pobierz-Website im Moment nicht verf\u00fcgbar?<\/h2>\n\n\n\n<figure class=\"wp-block-image\"><img src=\"https:\/\/lh6.googleusercontent.com\/1-c0Di-QKZ4ot-F-my44mxt__MYaNhu35C_qGkstJU2Z7VqKFpBbBzTfvY5IXMY9EhhO6nCsKEb-gKl6UmFEUIBou-T11BHy0ZrV9NSmqjrYwaThwWoOoIMjJ47S7C3R0YOlnpA\" alt=\"Pobierz contact support field\"\/><\/figure>\n\n\n\n<p>Die Pobierz-Website wird derzeit besonders gepflegt. F\u00fcr aktuelle Benutzer, die wichtige Dateien in ihrem Konto haben, wird empfohlen, diese herunterzuladen und an einen anderen sicheren Ort zu kopieren. Auch im Rahmen des Partnerprogramms gesammelte Gelder wurden alle ausgezahlt, wobei der Mindestauszahlungsbetrag auf 5 PLN ge\u00e4ndert wurde.<\/p>\n\n\n\n<p>Wenn Sie daran interessiert sind, die Dienstleistung zu erwerben, k\u00f6nnen Sie sich \u00fcber das Kontaktformular an den offiziellen Site-Support wenden. Und wenn Sie ein Benutzer sind, der noch \u00fcber ein aktives PREMIUM-Konto verf\u00fcgt und sich nicht mit dem Pobierz-Support in Verbindung gesetzt hat, um eine Entsch\u00e4digung zu erhalten, tun Sie dies bitte ebenfalls \u00fcber das Kontaktformular.<\/p>\n\n\n\n<p>Damit soll jedoch der Service f\u00fcr ihre Kunden verbessert werden. Seien Sie versichert, dass die Pobierz nach ihrer R\u00fcckkehr \u00fcber einen sichereren und schnelleren Filehosting-Service verf\u00fcgen wird. <\/p>\n\n\n<a class=\"maxbutton-2 maxbutton maxbutton-cta\" target=\"_blank\" rel=\"nofollow noopener\" href=\"\/go\/\"><span class='mb-text'>&gt;&gt; Zur urspr\u00fcnglichen Linkifier Website<\/span><\/a>","protected":false},"excerpt":{"rendered":"<p>Pobierz ist ein Filehosting-Dienst, der Ihnen und Ihren Freunden oder Gleichgesinnten einfache L\u00f6sungen f\u00fcr den Austausch von Dateien bietet. Obwohl<\/p>\n","protected":false},"author":2,"featured_media":0,"parent":0,"menu_order":0,"comment_status":"closed","ping_status":"closed","template":"","meta":[],"yoast_head":"<!-- This site is optimized with the Yoast SEO plugin v18.3 - https:\/\/yoast.com\/wordpress\/plugins\/seo\/ -->\n<title>Pobierz Premium Konto: Der Filehoster Auf Einen Blick<\/title>\n<meta name=\"description\" content=\"Ist Pobierz ein seri\u00f6ser Anbieter oder nicht, finden Sie die Antwort im aktuellen Test auf Multihoster.org \u279c. Klicken Sie jetzt \u271a und lesen Sie unsere Erfahrungen!\" \/>\n<meta name=\"robots\" content=\"index, follow, max-snippet:-1, max-image-preview:large, max-video-preview:-1\" \/>\n<link rel=\"canonical\" href=\"https:\/\/multihoster.org\/de\/pobierz\/\" \/>\n<meta property=\"og:locale\" content=\"de_DE\" \/>\n<meta property=\"og:type\" content=\"article\" \/>\n<meta property=\"og:title\" content=\"Pobierz Premium Konto: Der Filehoster Auf Einen Blick\" \/>\n<meta property=\"og:description\" content=\"Ist Pobierz ein seri\u00f6ser Anbieter oder nicht, finden Sie die Antwort im aktuellen Test auf Multihoster.org \u279c. Klicken Sie jetzt \u271a und lesen Sie unsere Erfahrungen!\" \/>\n<meta property=\"og:url\" content=\"https:\/\/multihoster.org\/de\/pobierz\/\" \/>\n<meta property=\"og:site_name\" content=\"Multihoster.org\" \/>\n<meta property=\"article:modified_time\" content=\"2020-05-29T15:20:17+00:00\" \/>\n<meta property=\"og:image\" content=\"https:\/\/lh5.googleusercontent.com\/3wfv5DvQ8nXJrn63afXmHk3vHDU2P9Qc52t0gcb1DGySTk2gMQeM2Xw8-xt8A3_h79_uhIAePowyrlqubfV6Jkh3GlmEnY9ZOdwMTu8kqoaQZ7Ew4S7urFH2qT9pQxRCA3n63XM\" \/>\n<meta name=\"twitter:card\" content=\"summary\" \/>\n<meta name=\"twitter:label1\" content=\"Gesch\u00e4tzte Lesezeit\" \/>\n\t<meta name=\"twitter:data1\" content=\"6\u00a0Minuten\" \/>\n<script type=\"application\/ld+json\" class=\"yoast-schema-graph\">{\"@context\":\"https:\/\/schema.org\",\"@graph\":[{\"@type\":\"WebSite\",\"@id\":\"https:\/\/multihoster.org\/#website\",\"url\":\"https:\/\/multihoster.org\/\",\"name\":\"Multihoster.org\",\"description\":\"Reviews of the major Filehosting services\",\"potentialAction\":[{\"@type\":\"SearchAction\",\"target\":{\"@type\":\"EntryPoint\",\"urlTemplate\":\"https:\/\/multihoster.org\/?s={search_term_string}\"},\"query-input\":\"required name=search_term_string\"}],\"inLanguage\":\"de\"},{\"@type\":\"ImageObject\",\"@id\":\"https:\/\/multihoster.org\/de\/pobierz\/#primaryimage\",\"inLanguage\":\"de\",\"url\":\"https:\/\/lh5.googleusercontent.com\/3wfv5DvQ8nXJrn63afXmHk3vHDU2P9Qc52t0gcb1DGySTk2gMQeM2Xw8-xt8A3_h79_uhIAePowyrlqubfV6Jkh3GlmEnY9ZOdwMTu8kqoaQZ7Ew4S7urFH2qT9pQxRCA3n63XM\",\"contentUrl\":\"https:\/\/lh5.googleusercontent.com\/3wfv5DvQ8nXJrn63afXmHk3vHDU2P9Qc52t0gcb1DGySTk2gMQeM2Xw8-xt8A3_h79_uhIAePowyrlqubfV6Jkh3GlmEnY9ZOdwMTu8kqoaQZ7Ew4S7urFH2qT9pQxRCA3n63XM\"},{\"@type\":\"WebPage\",\"@id\":\"https:\/\/multihoster.org\/de\/pobierz\/#webpage\",\"url\":\"https:\/\/multihoster.org\/de\/pobierz\/\",\"name\":\"Pobierz Premium Konto: Der Filehoster Auf Einen Blick\",\"isPartOf\":{\"@id\":\"https:\/\/multihoster.org\/#website\"},\"primaryImageOfPage\":{\"@id\":\"https:\/\/multihoster.org\/de\/pobierz\/#primaryimage\"},\"datePublished\":\"2020-04-07T15:14:19+00:00\",\"dateModified\":\"2020-05-29T15:20:17+00:00\",\"description\":\"Ist Pobierz ein seri\u00f6ser Anbieter oder nicht, finden Sie die Antwort im aktuellen Test auf Multihoster.org \u279c. Klicken Sie jetzt \u271a und lesen Sie unsere Erfahrungen!\",\"breadcrumb\":{\"@id\":\"https:\/\/multihoster.org\/de\/pobierz\/#breadcrumb\"},\"inLanguage\":\"de\",\"potentialAction\":[{\"@type\":\"ReadAction\",\"target\":[\"https:\/\/multihoster.org\/de\/pobierz\/\"]}]},{\"@type\":\"BreadcrumbList\",\"@id\":\"https:\/\/multihoster.org\/de\/pobierz\/#breadcrumb\",\"itemListElement\":[{\"@type\":\"ListItem\",\"position\":1,\"name\":\"Startseite\",\"item\":\"https:\/\/multihoster.org\/de\/\"},{\"@type\":\"ListItem\",\"position\":2,\"name\":\"Pobierz Premium Konto: Der Filehoster Auf Einen Blick\"}]}]}<\/script>\n<!-- \/ Yoast SEO plugin. -->","yoast_head_json":{"title":"Pobierz Premium Konto: Der Filehoster Auf Einen Blick","description":"Ist Pobierz ein seri\u00f6ser Anbieter oder nicht, finden Sie die Antwort im aktuellen Test auf Multihoster.org \u279c. Klicken Sie jetzt \u271a und lesen Sie unsere Erfahrungen!","robots":{"index":"index","follow":"follow","max-snippet":"max-snippet:-1","max-image-preview":"max-image-preview:large","max-video-preview":"max-video-preview:-1"},"canonical":"https:\/\/multihoster.org\/de\/pobierz\/","og_locale":"de_DE","og_type":"article","og_title":"Pobierz Premium Konto: Der Filehoster Auf Einen Blick","og_description":"Ist Pobierz ein seri\u00f6ser Anbieter oder nicht, finden Sie die Antwort im aktuellen Test auf Multihoster.org \u279c. Klicken Sie jetzt \u271a und lesen Sie unsere Erfahrungen!","og_url":"https:\/\/multihoster.org\/de\/pobierz\/","og_site_name":"Multihoster.org","article_modified_time":"2020-05-29T15:20:17+00:00","og_image":[{"url":"https:\/\/lh5.googleusercontent.com\/3wfv5DvQ8nXJrn63afXmHk3vHDU2P9Qc52t0gcb1DGySTk2gMQeM2Xw8-xt8A3_h79_uhIAePowyrlqubfV6Jkh3GlmEnY9ZOdwMTu8kqoaQZ7Ew4S7urFH2qT9pQxRCA3n63XM"}],"twitter_card":"summary","twitter_misc":{"Gesch\u00e4tzte Lesezeit":"6\u00a0Minuten"},"schema":{"@context":"https:\/\/schema.org","@graph":[{"@type":"WebSite","@id":"https:\/\/multihoster.org\/#website","url":"https:\/\/multihoster.org\/","name":"Multihoster.org","description":"Reviews of the major Filehosting services","potentialAction":[{"@type":"SearchAction","target":{"@type":"EntryPoint","urlTemplate":"https:\/\/multihoster.org\/?s={search_term_string}"},"query-input":"required name=search_term_string"}],"inLanguage":"de"},{"@type":"ImageObject","@id":"https:\/\/multihoster.org\/de\/pobierz\/#primaryimage","inLanguage":"de","url":"https:\/\/lh5.googleusercontent.com\/3wfv5DvQ8nXJrn63afXmHk3vHDU2P9Qc52t0gcb1DGySTk2gMQeM2Xw8-xt8A3_h79_uhIAePowyrlqubfV6Jkh3GlmEnY9ZOdwMTu8kqoaQZ7Ew4S7urFH2qT9pQxRCA3n63XM","contentUrl":"https:\/\/lh5.googleusercontent.com\/3wfv5DvQ8nXJrn63afXmHk3vHDU2P9Qc52t0gcb1DGySTk2gMQeM2Xw8-xt8A3_h79_uhIAePowyrlqubfV6Jkh3GlmEnY9ZOdwMTu8kqoaQZ7Ew4S7urFH2qT9pQxRCA3n63XM"},{"@type":"WebPage","@id":"https:\/\/multihoster.org\/de\/pobierz\/#webpage","url":"https:\/\/multihoster.org\/de\/pobierz\/","name":"Pobierz Premium Konto: Der Filehoster Auf Einen Blick","isPartOf":{"@id":"https:\/\/multihoster.org\/#website"},"primaryImageOfPage":{"@id":"https:\/\/multihoster.org\/de\/pobierz\/#primaryimage"},"datePublished":"2020-04-07T15:14:19+00:00","dateModified":"2020-05-29T15:20:17+00:00","description":"Ist Pobierz ein seri\u00f6ser Anbieter oder nicht, finden Sie die Antwort im aktuellen Test auf Multihoster.org \u279c. Klicken Sie jetzt \u271a und lesen Sie unsere Erfahrungen!","breadcrumb":{"@id":"https:\/\/multihoster.org\/de\/pobierz\/#breadcrumb"},"inLanguage":"de","potentialAction":[{"@type":"ReadAction","target":["https:\/\/multihoster.org\/de\/pobierz\/"]}]},{"@type":"BreadcrumbList","@id":"https:\/\/multihoster.org\/de\/pobierz\/#breadcrumb","itemListElement":[{"@type":"ListItem","position":1,"name":"Startseite","item":"https:\/\/multihoster.org\/de\/"},{"@type":"ListItem","position":2,"name":"Pobierz Premium Konto: Der Filehoster Auf Einen Blick"}]}]}},"_links":{"self":[{"href":"https:\/\/multihoster.org\/de\/wp-json\/wp\/v2\/pages\/3241"}],"collection":[{"href":"https:\/\/multihoster.org\/de\/wp-json\/wp\/v2\/pages"}],"about":[{"href":"https:\/\/multihoster.org\/de\/wp-json\/wp\/v2\/types\/page"}],"author":[{"embeddable":true,"href":"https:\/\/multihoster.org\/de\/wp-json\/wp\/v2\/users\/2"}],"replies":[{"embeddable":true,"href":"https:\/\/multihoster.org\/de\/wp-json\/wp\/v2\/comments?post=3241"}],"version-history":[{"count":6,"href":"https:\/\/multihoster.org\/de\/wp-json\/wp\/v2\/pages\/3241\/revisions"}],"predecessor-version":[{"id":4593,"href":"https:\/\/multihoster.org\/de\/wp-json\/wp\/v2\/pages\/3241\/revisions\/4593"}],"wp:attachment":[{"href":"https:\/\/multihoster.org\/de\/wp-json\/wp\/v2\/media?parent=3241"}],"curies":[{"name":"wp","href":"https:\/\/api.w.org\/{rel}","templated":true}]}}