{"id":3332,"date":"2020-04-08T06:46:37","date_gmt":"2020-04-08T06:46:37","guid":{"rendered":"https:\/\/multihoster.org\/katfile-premium-account-the-filehoster-at-a-glance\/"},"modified":"2020-12-14T18:21:02","modified_gmt":"2020-12-14T18:21:02","slug":"katfile","status":"publish","type":"page","link":"https:\/\/multihoster.org\/de\/katfile\/","title":{"rendered":"KatFile Premium Konto: Der Filehoster Auf Einen Blick"},"content":{"rendered":"\n<p>\u00c4hnlich wie ein Katzenkumpel k\u00f6nnen Sie sich darauf verlassen, dass Katfile Premium Account der beste <a href=\"https:\/\/cloud.google.com\/storage\" target=\"_blank\" rel=\"noreferrer noopener\" aria-label=\"File-Hosting-Service (FHS) (opens in a new tab)\">File-Hosting-Service (FHS)<\/a>-Anbieter f\u00fcr all Ihre Dateien ist. Ob es sich um Dokumente, Video- und Audiodateien oder alle anderen Arten von Dateien handelt, der Katfile-Premium-Account begleitet Sie bei der Sicherung Ihrer wichtigsten Dateien im Internet.<\/p>\n\n\n\n<p>Katfile Premium ist ein seri\u00f6ser Anbieter von Online-Datei-Hosting-Diensten (FHS). Weitere Informationen finden Sie im aktuellen Test auf unserer Website. Lesen Sie die folgenden Artikel und lassen Sie sich von den Funktionen und Merkmalen des Katfile-Premium-Kontos bereichern.<\/p>\n\n\n<a class=\"maxbutton-2 maxbutton maxbutton-cta\" target=\"_blank\" rel=\"nofollow noopener\" href=\"\/katfile\/goto\/\"><span class='mb-text'>&gt;&gt; Gehen Sie zur urspr\u00fcnglichen Katfile Website<\/span><\/a>\n\n\n<p><\/p>\n\n\n\n<h2>Katfile Premium-Konto-Hintergrund<\/h2>\n\n\n\n<p>Ein Katfile-Premium-Account erm\u00f6glicht Ihnen den Zugriff auf den Katfile-Datei-Hosting-Service (FHS) oder den Cloud-Speicher, der als Backup-Speicher f\u00fcr alle Ihre Dateien dienen kann, auch wenn es sich um ein Dokument, Videos, Audios und alle anderen Arten von Dateien handelt. Nachdem Sie nun die Entwickler und die Zahlen zum Katfile-Premium-Account kennen, erfahren Sie mehr \u00fcber dessen reichhaltige Funktionalit\u00e4t und Eigenschaften, indem Sie den unten stehenden Artikel lesen.<\/p>\n\n\n\n<h2>Katfile-Premium-Account-Plattform mit zahlreichen Funktionen und Merkmalen<\/h2>\n\n\n\n<p>Katfile kann mit einem katzenartigen Reisebegleiter verglichen werden, der Ihnen Komfort und Sicherheit bietet, wenn er Sie begleitet. Durch die Nutzung der Katfile-Plattform k\u00f6nnen Sie leicht auf die Funktion und die Funktionen des Katfile-Premium-Accounts zugreifen, da Sie sich Ihren eigenen Platz beim Katfile-Datei-Hosting-Service (FHS) Provider sichern k\u00f6nnen. W\u00e4hrend andere File-Hosting-Service-Provider (FHS) oder Cloud-Storage die Art der hochzuladenden Datei einschr\u00e4nken, k\u00f6nnen Sie mit der Katfile-Plattform \u00fcber den Katfile-Premium-Account alles hochladen, unabh\u00e4ngig von <a href=\"https:\/\/en.wikipedia.org\/wiki\/List_of_file_formats\" target=\"_blank\" rel=\"noreferrer noopener\" aria-label=\"Format (opens in a new tab)\">Format<\/a>, Qualit\u00e4t, Aufl\u00f6sung oder anderen Eigenschaften. Die Katfile-Plattform \u00fcber den Katfile-Premium-Account bietet Ihnen einen perfekten Komfort beim Hochladen und Speichern Ihrer Dateien im Katfile-Datei-Hosting-Service (FHS) und im Cloud-Speicher.<\/p>\n\n\n\n<figure class=\"wp-block-image\"><img src=\"https:\/\/lh4.googleusercontent.com\/ICW4PskowWMx4NNoWX0_wnL0e6OGgDagLfk6YByo5Ck6vIknmqjaig7lCrb72BuX46NRzVjhi1oelhmHexdwloJmyYt87n8mqgEkzXXCWMhzXKsyrAyD3h2yl5Q15nFfcnuJvJG-\" alt=\"The Katfile File Hosting Service (FHS) Platform\"\/><\/figure>\n\n\n\n<p>Die Katfile File Hosting Service (FHS)-Plattform<\/p>\n\n\n\n<p>Obwohl wir sagen, dass Sie alles hochladen k\u00f6nnen, unabh\u00e4ngig von Format, Qualit\u00e4t, Aufl\u00f6sung oder anderen Dateieigenschaften, entspricht die Katfile-Plattform \u00fcber das Katfile-Premium-Konto allen lokalen und internationalen Standards, insbesondere dem <a href=\"https:\/\/en.wikipedia.org\/wiki\/Digital_Millennium_Copyright_Act\" target=\"_blank\" rel=\"noreferrer noopener\" aria-label=\"Digital Millennium Copyright Act (DMCA) (opens in a new tab)\">Digital Millennium Copyright Act (DMCA)<\/a>. Sobald Sie Ihre Datei hochgeladen haben, f\u00fchrt die Katfile-Plattform \u00fcber den Katfile-Premium-Account ihre integrierte Programmierung aus, um jede Art von Akt, Pornographie und urheberrechtlich gesch\u00fctzten Dateien zu erkennen, die gegen bestehende Online-Internetgesetze und -vorschriften weltweit versto\u00dfen.<\/p>\n\n\n\n<p>Die Domain Protection Services, Inc. hat die Copyright-Sicherheitsfunktion integriert, um die Zug\u00e4nglichkeit mit Sicherheit zum Nutzen seiner Benutzer auf der ganzen Welt zu begleiten. Die Katfile-Plattform bietet \u00fcber den Katfile-Premium-Account nicht nur den Katfile File Hosting Service (FHS) und Cloud Storage, sondern gew\u00e4hrleistet auch die Sicherheit der Dateien seiner Benutzer, da die Plattform kontinuierlich die Gesetze zum Schutz des geistigen Eigentums weltweit einh\u00e4lt.<\/p>\n\n\n\n<figure class=\"wp-block-image\"><img src=\"https:\/\/lh6.googleusercontent.com\/9BB5t0_ql0oRvoYLgk_ZsLEHEV4oLQtgJzOoRqdOHYNpegyu1qkFnjE-bTii2UQWKKfI3KrqYIPovAakyVKT13ZCe3hHr3pZdE6ILu9lwL0Yym6gYaQvqhO9pD3ELksBf1j_E1H8\" alt=\"Copyright Security is a priority\"\/><\/figure>\n\n\n\n<p>Die Sicherheit des Urheberrechts ist eine Priorit\u00e4t f\u00fcr die Katfile-Plattform<\/p>\n\n\n\n<p>Dateien, die \u00fcber den Katfile-Premium-Account auf die Katfile-Plattform hochgeladen wurden, k\u00f6nnen jederzeit einfach gel\u00f6scht werden, indem Sie einfach in den Dropdown-Men\u00fcs f\u00fcr die Dateien der einzelnen Benutzer navigieren. Mehrfache L\u00f6schungen in der Katfile-Plattform \u00fcber das Katfile-Premium-Konto k\u00f6nnen auch einfach \u00fcber die Markierung aller Funktionen der Katfile-Plattform erfolgen. Mit dem Ablauf Ihres Katfile-Premium-Accounts werden auch automatisch alle von den Benutzern hochgeladenen Dateien gel\u00f6scht. <\/p>\n\n\n\n<p>Diese reichhaltigen Funktionen und Merkmale werden von den konkurrierenden File-Hosting-Dienstleistern (FHS) und Cloud-Storage-Anbietern sehr beneidet. Viele Mitbewerber imitieren bereits die Katfile-Plattform \u00fcber den Katfile-Premium-Account, konnten aber nicht mithalten, da sich die Katfile-Plattform \u00fcber den Katfile-Premium-Account kontinuierlich an die neuesten Technologien anpasst und sich weiter entwickelt, um den besten File-Hosting-Service (FHS) und Cloud-Storage-Zugriff f\u00fcr alle Nutzer aus aller Welt zu bieten.<\/p>\n\n\n\n<p>Die Eigenschaften der Katfile-Plattform haben wir in der folgenden Tabelle detailliert aufgef\u00fchrt. Erfahren Sie mehr und greifen Sie auf die Sicherheit der Katfile-Premium-Plattform zu.<\/p>\n\n\n\n<figure class=\"wp-block-table\"><table><tbody><tr><td>Einzelheiten<\/td><td>Katfile Kostenloses Konto<\/td><td>Katfile Premium-Konto(s)<\/td><\/tr><tr><td>Anmeldegeb\u00fchr<\/td><td>V\u00f6llig frei<\/td><td>Der Betrag variiert zwischen f\u00fcnfzehn und neunundneunzig US-Dollar ($ 15,99); vierundvierzig und neunundneunzig US-Dollar ($ 44,99); neunundneunzig und neunundneunzig US-Dollar ($ 99,99) und einhundertneunzig und neunundneunzig US-Dollar ($ 199,99)<\/td><\/tr><tr><td>Zug\u00e4nglichkeit<\/td><td>Hat ein sehr technisches Website-Design<\/td><td>Integriert mit ergonomischer und innovativer Website-Programmierung und Schnittstelle<\/td><\/tr><tr><td>Download-Volumen pro Tag<\/td><td>Maximal ein (1) Gigabyte (GB) pro Tag<\/td><td>Maximal 50 Gigabyte (GB) pro Tag<\/td><\/tr><tr><td>Maximaler Speicherplatz<\/td><td>Maximal ein (1) Terabyte (TB) pro Monat<\/td><td>Unbegrenzte Speicherzuweisung<\/td><\/tr><tr><td>Wiederaufnahme des Herunterladens<\/td><td>Pausierte oder unterbrochene Downloads k\u00f6nnen nicht fortgesetzt werden<\/td><td>Kann den Download jederzeit wieder aufnehmen<\/td><\/tr><tr><td>Maximale Download-Geschwindigkeit<\/td><td>Bietet nur bis zu einhundert (100) Kilobyte (KB) pro Sekunde<\/td><td>Gibt die maximale Download-Geschwindigkeit an, die eine Internet-Bandbreite bieten kann<\/td><\/tr><tr><td>Schutz vor Datendiebstahl und Datenphishing<\/td><td>Hat <a href=\"https:\/\/computersciencewiki.org\/index.php\/Client-side_scripting_and_server-side_scripting\" target=\"_blank\" rel=\"noreferrer noopener\" aria-label=\"Schutz  (opens in a new tab)\">Schutz <\/a>vor Adware, Spyware, Malware, Trojanern und W\u00fcrmern; und entspricht dem DMCA und anderen verwandten Gesetzen<\/td><td>Hat <a href=\"https:\/\/computersciencewiki.org\/index.php\/Client-side_scripting_and_server-side_scripting\" target=\"_blank\" rel=\"noreferrer noopener\" aria-label=\"Schutz  (opens in a new tab)\">Schutz <\/a>vor Adware, Spyware, Malware, Trojanern und W\u00fcrmern; und entspricht dem DMCA und anderen verwandten Gesetzen<\/td><\/tr><tr><td>Katfile Captchas und Warteschlangen<\/td><td>Erf\u00fcllen Sie alle erforderlichen Captchas und Warteschlangen<\/td><td>Keine Notwendigkeit, erforderliche Captchas und Warteschlangen durchzuf\u00fchren<\/td><\/tr><tr><td>Verfall gespeicherter Dateien<\/td><td>Drei\u00dfig (30) Tage nach dem letzten Hoch- oder Herunterladen<\/td><td>Sechzig (60) Tage nach dem letzten Hoch- oder Herunterladen<\/td><\/tr><tr><td>Download Wartezeit<\/td><td>Warten Sie auf drei\u00dfig (30) Sekunden Ladezeit<\/td><td>Keine Download-Wartezeit<\/td><\/tr><tr><td>Katfile-Sponsorenwerbung<\/td><td>Siehe Katfile-Sponsorenwerbung<\/td><td>Frei von allen internen und externen Anzeigen<\/td><\/tr><tr><td>Maximales gleichzeitiges Herunterladen<\/td><td>Nur ein (1) maximales gleichzeitiges Herunterladen<\/td><td>Unbegrenztes gleichzeitiges Herunterladen<\/td><\/tr><\/tbody><\/table><\/figure>\n\n\n<a class=\"maxbutton-2 maxbutton maxbutton-cta\" target=\"_blank\" rel=\"nofollow noopener\" href=\"\/katfile\/goto\/\"><span class='mb-text'>&gt;&gt; Gehen Sie zur urspr\u00fcnglichen Katfile Website<\/span><\/a>\n\n\n<p><\/p>\n\n\n\n<p>Wie oben gezeigt, hat das Katfile-Premium-Konto eine Menge Vorteile gegen\u00fcber dem Katfile-Free-Konto. Der kostenpflichtige Katfile-Premium-Account hat ein h\u00f6heres Download-Volumen pro Tag und bietet bis zu 50 Gigabyte (GB) pro Tag. Das Katfile-Premium-Konto bietet auch unbegrenzten Online-Webspeicher oder Cloud-Speicher, der angehaltene oder abgebrochene Downloads von Browsern wie Internet Explorer, Microsoft Edge, Safari, Opera, Google Chrome und Mozilla Firefox wieder aufnehmen kann.<\/p>\n\n\n\n<p>Mit dem Katfile-Premium-Konto k\u00f6nnen Sie auch mit unbegrenzter Bandbreite herunterladen &#8211; das hei\u00dft, Sie werden nicht behindert und k\u00f6nnen Ihre schnellste Internet-Geschwindigkeit nutzen, w\u00e4hrend Sie die Katfile-Plattform \u00fcber das Katfile-Premium-Konto nutzen. Um die Wartung der Katfile-Plattform zu unterst\u00fctzen, hat die Domain Protection Services, Inc. Captchas, Warteschlangen und Sponsorenwerbung f\u00fcr das Katfile-Free-Konto eingesetzt, aber mit dem Katfile-Premium-Konto versichern wir Ihnen, dass Sie nicht durch die Anforderung, Captchas und Warteschlangen durchzuf\u00fchren oder irgendeine Art von Werbung zu sehen, bel\u00e4stigt werden. Dar\u00fcber hinaus werden Sie beim Katfile-Premium-Konto nicht auf den Beginn des Downloads warten, im Gegensatz zum Katfile-Premium-Konto, bei dem Sie drei\u00dfig (30) Sekunden Ladezeit warten m\u00fcssen. Dar\u00fcber hinaus k\u00f6nnen Sie mit dem Katfile-Premium-Konto mehrere Dateien (unabh\u00e4ngig von ihrem Typ) gleichzeitig auf der Katfile-Plattform herunterladen, was die Effizienz und den Komfort bei der Nutzung unserer Katfile-Premium-Konto-Kunden gew\u00e4hrleistet.<\/p>\n\n\n\n<p>Wir haben die Katfile-Plattform mit Features und Funktionen vollgepackt, um als bester Online-Webspeicher und Cloud-Speicher zu dienen. W\u00e4hrend wir sicher sind, dass das Katfile-Free-Konto Ihren Bedarf an Online-Webspeicher und Cloud-Storage befriedigen wird, bietet das Katfile-Premium-Konto eine zus\u00e4tzliche Funktion und Funktionen, um im Gegenzug zu der geringen Registrierungsgeb\u00fchr f\u00fcr die Katfile-Plattform noch mehr Komfort und Effizienz zu bieten.<\/p>\n\n\n\n<h2>Katfile Premium-Konto-Registrierung Promos&#8216;<\/h2>\n\n\n\n<p>Der Katfile-Premium-Account bietet die g\u00fcnstigsten Registrierungsgeb\u00fchren unter den konkurrierenden Online-Web- und Cloud-Speichern. Wir haben die Registrierungsschemata f\u00fcr den Katfile-Premium-Account weiter unten ausf\u00fchrlich beschrieben.<\/p>\n\n\n\n<figure class=\"wp-block-table\"><table><tbody><tr><td>Katfile-Premium-Konto-Registrierungsschemata<\/td><td>Anmeldegeb\u00fchr<\/td><\/tr><tr><td>Katfile-Premium-Konto f\u00fcr drei\u00dfig (30) Tage<\/td><td>$ 15.99 USD<\/td><\/tr><tr><td>Katfile-Premium-Konto f\u00fcr neunzig (90) Tage<\/td><td>$ 44.99 USD<\/td><\/tr><tr><td>Katfile-Premium-Konto f\u00fcr ein (1) Jahr<\/td><td>$ 99.99 USD<\/td><\/tr><tr><td>Katfile Premium-Lebensdauer-Konto<\/td><td>$ 199.99 USD<\/td><\/tr><\/tbody><\/table><\/figure>\n\n\n\n<p>Der Katfile-Premium-Account verf\u00fcgt \u00fcber vier (4) Registrierungsschemata f\u00fcr die Zug\u00e4nglichkeit und Kompatibilit\u00e4t der verschiedenen Benutzer. Die Domain Protection Services, Inc. hat diese so gestaltet, dass sie den Bed\u00fcrfnissen jedes einzelnen Benutzers entsprechen. Man kann w\u00e4hlen, ob man ein Katfile-Premium-Konto f\u00fcr drei\u00dfig (30) Tage f\u00fcr f\u00fcnfzehn und neunundneunzig ($ 15,99 USD) US-Dollar, ein Katfile-Premium-Konto f\u00fcr neunzig (90) Tage f\u00fcr vierundvierzig und neunundneunzig ($ 44,99 USD) US-Dollar oder ein Katfile-Premium-Konto f\u00fcr ein (1) Jahr f\u00fcr neunundneunzig und neunundneunzig ($ 99,99 USD) US-Dollar haben m\u00f6chte.<\/p>\n\n\n\n<figure class=\"wp-block-image\"><img src=\"https:\/\/lh6.googleusercontent.com\/MC_3H6xFCnoQKBqgzNpY49fsbqHIwS1Ps-qDYMNX1rbB7wZYPfOj9ZjeKkTlkz3U7I21uX51wk2OwsTAgWxWgfFZJDfi4WNxnOhMKf3Asq_4MvwD9P8NbLKVMIm9XBYfJdlFi5js\" alt=\"Flexible registration schemes for Katfile Premium Account\"\/><\/figure>\n\n\n\n<p>Katfile-Premium-Konto bietet flexible Registrierungsschemata<\/p>\n\n\n\n<p>Von diesen empfehlen wir dringend, ein Katfile-Premium-Lifetime-Konto f\u00fcr einhundertneunundneunzig ($ 199,99 USD) US-Dollar zu besitzen, um die Funktionen und den Funktionsreichtum der Katfile-Plattform \u00fcber das Katfile-Premium-Konto in vollem Umfang nutzen zu k\u00f6nnen.<\/p>\n\n\n\n<h2>Schlussfolgerungen zum Katfile-Premium-Konto<\/h2>\n\n\n\n<p>Wenn Sie sich immer noch nicht entschieden haben, die Katfile-Plattform zu nutzen und zu genie\u00dfen, k\u00f6nnen Sie zun\u00e4chst unseren kostenlosen Katfile-Account ausprobieren, und wir versichern Ihnen, dass alle H\u00e4rten der Domain Protection Services, Inc. nicht umsonst sind, denn wir haben uns mit der Zeit bew\u00e4hrt, um der beste File-Hosting-Service-Provider (FHS) f\u00fcr alle Ihre Dateien zu sein, die Sie nutzen k\u00f6nnen und die Sie einfach genie\u00dfen und nutzen k\u00f6nnen, wie ein gehender Katzenfreund!<\/p>\n\n\n<a class=\"maxbutton-2 maxbutton maxbutton-cta\" target=\"_blank\" rel=\"nofollow noopener\" href=\"\/katfile\/goto\/\"><span class='mb-text'>&gt;&gt; Gehen Sie zur urspr\u00fcnglichen Katfile Website<\/span><\/a>\n\n\n<p><\/p>\n","protected":false},"excerpt":{"rendered":"<p>\u00c4hnlich wie ein Katzenkumpel k\u00f6nnen Sie sich darauf verlassen, dass Katfile Premium Account der beste File-Hosting-Service (FHS)-Anbieter f\u00fcr all Ihre<\/p>\n","protected":false},"author":2,"featured_media":0,"parent":0,"menu_order":0,"comment_status":"closed","ping_status":"closed","template":"","meta":[],"yoast_head":"<!-- This site is optimized with the Yoast SEO plugin v18.3 - https:\/\/yoast.com\/wordpress\/plugins\/seo\/ -->\n<title>KatFile Premium Konto: Der Filehoster Auf Einen Blick<\/title>\n<meta name=\"description\" content=\"Ist KatFile ein seri\u00f6ser Anbieter oder nicht, k\u00f6nnen Sie die Antwort im aktuellen Test auf Multihoster.org \u279c finden. Klicken Sie jetzt \u271a, um unsere Erfahrungen zu lesen!\" \/>\n<meta name=\"robots\" content=\"index, follow, max-snippet:-1, max-image-preview:large, max-video-preview:-1\" \/>\n<link rel=\"canonical\" href=\"https:\/\/multihoster.org\/de\/katfile\/\" \/>\n<meta property=\"og:locale\" content=\"de_DE\" \/>\n<meta property=\"og:type\" content=\"article\" \/>\n<meta property=\"og:title\" content=\"KatFile Premium Konto: Der Filehoster Auf Einen Blick\" \/>\n<meta property=\"og:description\" content=\"Ist KatFile ein seri\u00f6ser Anbieter oder nicht, k\u00f6nnen Sie die Antwort im aktuellen Test auf Multihoster.org \u279c finden. Klicken Sie jetzt \u271a, um unsere Erfahrungen zu lesen!\" \/>\n<meta property=\"og:url\" content=\"https:\/\/multihoster.org\/de\/katfile\/\" \/>\n<meta property=\"og:site_name\" content=\"Multihoster.org\" \/>\n<meta property=\"article:modified_time\" content=\"2020-12-14T18:21:02+00:00\" \/>\n<meta property=\"og:image\" content=\"https:\/\/lh4.googleusercontent.com\/ICW4PskowWMx4NNoWX0_wnL0e6OGgDagLfk6YByo5Ck6vIknmqjaig7lCrb72BuX46NRzVjhi1oelhmHexdwloJmyYt87n8mqgEkzXXCWMhzXKsyrAyD3h2yl5Q15nFfcnuJvJG-\" \/>\n<meta name=\"twitter:card\" content=\"summary\" \/>\n<meta name=\"twitter:label1\" content=\"Gesch\u00e4tzte Lesezeit\" \/>\n\t<meta name=\"twitter:data1\" content=\"7\u00a0Minuten\" \/>\n<script type=\"application\/ld+json\" class=\"yoast-schema-graph\">{\"@context\":\"https:\/\/schema.org\",\"@graph\":[{\"@type\":\"WebSite\",\"@id\":\"https:\/\/multihoster.org\/#website\",\"url\":\"https:\/\/multihoster.org\/\",\"name\":\"Multihoster.org\",\"description\":\"Reviews of the major Filehosting services\",\"potentialAction\":[{\"@type\":\"SearchAction\",\"target\":{\"@type\":\"EntryPoint\",\"urlTemplate\":\"https:\/\/multihoster.org\/?s={search_term_string}\"},\"query-input\":\"required name=search_term_string\"}],\"inLanguage\":\"de\"},{\"@type\":\"ImageObject\",\"@id\":\"https:\/\/multihoster.org\/de\/katfile\/#primaryimage\",\"inLanguage\":\"de\",\"url\":\"https:\/\/lh4.googleusercontent.com\/ICW4PskowWMx4NNoWX0_wnL0e6OGgDagLfk6YByo5Ck6vIknmqjaig7lCrb72BuX46NRzVjhi1oelhmHexdwloJmyYt87n8mqgEkzXXCWMhzXKsyrAyD3h2yl5Q15nFfcnuJvJG-\",\"contentUrl\":\"https:\/\/lh4.googleusercontent.com\/ICW4PskowWMx4NNoWX0_wnL0e6OGgDagLfk6YByo5Ck6vIknmqjaig7lCrb72BuX46NRzVjhi1oelhmHexdwloJmyYt87n8mqgEkzXXCWMhzXKsyrAyD3h2yl5Q15nFfcnuJvJG-\"},{\"@type\":\"WebPage\",\"@id\":\"https:\/\/multihoster.org\/de\/katfile\/#webpage\",\"url\":\"https:\/\/multihoster.org\/de\/katfile\/\",\"name\":\"KatFile Premium Konto: Der Filehoster Auf Einen Blick\",\"isPartOf\":{\"@id\":\"https:\/\/multihoster.org\/#website\"},\"primaryImageOfPage\":{\"@id\":\"https:\/\/multihoster.org\/de\/katfile\/#primaryimage\"},\"datePublished\":\"2020-04-08T06:46:37+00:00\",\"dateModified\":\"2020-12-14T18:21:02+00:00\",\"description\":\"Ist KatFile ein seri\u00f6ser Anbieter oder nicht, k\u00f6nnen Sie die Antwort im aktuellen Test auf Multihoster.org \u279c finden. Klicken Sie jetzt \u271a, um unsere Erfahrungen zu lesen!\",\"breadcrumb\":{\"@id\":\"https:\/\/multihoster.org\/de\/katfile\/#breadcrumb\"},\"inLanguage\":\"de\",\"potentialAction\":[{\"@type\":\"ReadAction\",\"target\":[\"https:\/\/multihoster.org\/de\/katfile\/\"]}]},{\"@type\":\"BreadcrumbList\",\"@id\":\"https:\/\/multihoster.org\/de\/katfile\/#breadcrumb\",\"itemListElement\":[{\"@type\":\"ListItem\",\"position\":1,\"name\":\"Startseite\",\"item\":\"https:\/\/multihoster.org\/de\/\"},{\"@type\":\"ListItem\",\"position\":2,\"name\":\"KatFile Premium Konto: Der Filehoster Auf Einen Blick\"}]}]}<\/script>\n<!-- \/ Yoast SEO plugin. -->","yoast_head_json":{"title":"KatFile Premium Konto: Der Filehoster Auf Einen Blick","description":"Ist KatFile ein seri\u00f6ser Anbieter oder nicht, k\u00f6nnen Sie die Antwort im aktuellen Test auf Multihoster.org \u279c finden. Klicken Sie jetzt \u271a, um unsere Erfahrungen zu lesen!","robots":{"index":"index","follow":"follow","max-snippet":"max-snippet:-1","max-image-preview":"max-image-preview:large","max-video-preview":"max-video-preview:-1"},"canonical":"https:\/\/multihoster.org\/de\/katfile\/","og_locale":"de_DE","og_type":"article","og_title":"KatFile Premium Konto: Der Filehoster Auf Einen Blick","og_description":"Ist KatFile ein seri\u00f6ser Anbieter oder nicht, k\u00f6nnen Sie die Antwort im aktuellen Test auf Multihoster.org \u279c finden. Klicken Sie jetzt \u271a, um unsere Erfahrungen zu lesen!","og_url":"https:\/\/multihoster.org\/de\/katfile\/","og_site_name":"Multihoster.org","article_modified_time":"2020-12-14T18:21:02+00:00","og_image":[{"url":"https:\/\/lh4.googleusercontent.com\/ICW4PskowWMx4NNoWX0_wnL0e6OGgDagLfk6YByo5Ck6vIknmqjaig7lCrb72BuX46NRzVjhi1oelhmHexdwloJmyYt87n8mqgEkzXXCWMhzXKsyrAyD3h2yl5Q15nFfcnuJvJG-"}],"twitter_card":"summary","twitter_misc":{"Gesch\u00e4tzte Lesezeit":"7\u00a0Minuten"},"schema":{"@context":"https:\/\/schema.org","@graph":[{"@type":"WebSite","@id":"https:\/\/multihoster.org\/#website","url":"https:\/\/multihoster.org\/","name":"Multihoster.org","description":"Reviews of the major Filehosting services","potentialAction":[{"@type":"SearchAction","target":{"@type":"EntryPoint","urlTemplate":"https:\/\/multihoster.org\/?s={search_term_string}"},"query-input":"required name=search_term_string"}],"inLanguage":"de"},{"@type":"ImageObject","@id":"https:\/\/multihoster.org\/de\/katfile\/#primaryimage","inLanguage":"de","url":"https:\/\/lh4.googleusercontent.com\/ICW4PskowWMx4NNoWX0_wnL0e6OGgDagLfk6YByo5Ck6vIknmqjaig7lCrb72BuX46NRzVjhi1oelhmHexdwloJmyYt87n8mqgEkzXXCWMhzXKsyrAyD3h2yl5Q15nFfcnuJvJG-","contentUrl":"https:\/\/lh4.googleusercontent.com\/ICW4PskowWMx4NNoWX0_wnL0e6OGgDagLfk6YByo5Ck6vIknmqjaig7lCrb72BuX46NRzVjhi1oelhmHexdwloJmyYt87n8mqgEkzXXCWMhzXKsyrAyD3h2yl5Q15nFfcnuJvJG-"},{"@type":"WebPage","@id":"https:\/\/multihoster.org\/de\/katfile\/#webpage","url":"https:\/\/multihoster.org\/de\/katfile\/","name":"KatFile Premium Konto: Der Filehoster Auf Einen Blick","isPartOf":{"@id":"https:\/\/multihoster.org\/#website"},"primaryImageOfPage":{"@id":"https:\/\/multihoster.org\/de\/katfile\/#primaryimage"},"datePublished":"2020-04-08T06:46:37+00:00","dateModified":"2020-12-14T18:21:02+00:00","description":"Ist KatFile ein seri\u00f6ser Anbieter oder nicht, k\u00f6nnen Sie die Antwort im aktuellen Test auf Multihoster.org \u279c finden. Klicken Sie jetzt \u271a, um unsere Erfahrungen zu lesen!","breadcrumb":{"@id":"https:\/\/multihoster.org\/de\/katfile\/#breadcrumb"},"inLanguage":"de","potentialAction":[{"@type":"ReadAction","target":["https:\/\/multihoster.org\/de\/katfile\/"]}]},{"@type":"BreadcrumbList","@id":"https:\/\/multihoster.org\/de\/katfile\/#breadcrumb","itemListElement":[{"@type":"ListItem","position":1,"name":"Startseite","item":"https:\/\/multihoster.org\/de\/"},{"@type":"ListItem","position":2,"name":"KatFile Premium Konto: Der Filehoster Auf Einen Blick"}]}]}},"_links":{"self":[{"href":"https:\/\/multihoster.org\/de\/wp-json\/wp\/v2\/pages\/3332"}],"collection":[{"href":"https:\/\/multihoster.org\/de\/wp-json\/wp\/v2\/pages"}],"about":[{"href":"https:\/\/multihoster.org\/de\/wp-json\/wp\/v2\/types\/page"}],"author":[{"embeddable":true,"href":"https:\/\/multihoster.org\/de\/wp-json\/wp\/v2\/users\/2"}],"replies":[{"embeddable":true,"href":"https:\/\/multihoster.org\/de\/wp-json\/wp\/v2\/comments?post=3332"}],"version-history":[{"count":4,"href":"https:\/\/multihoster.org\/de\/wp-json\/wp\/v2\/pages\/3332\/revisions"}],"predecessor-version":[{"id":5427,"href":"https:\/\/multihoster.org\/de\/wp-json\/wp\/v2\/pages\/3332\/revisions\/5427"}],"wp:attachment":[{"href":"https:\/\/multihoster.org\/de\/wp-json\/wp\/v2\/media?parent=3332"}],"curies":[{"name":"wp","href":"https:\/\/api.w.org\/{rel}","templated":true}]}}