{"id":3365,"date":"2020-04-08T09:30:20","date_gmt":"2020-04-08T09:30:20","guid":{"rendered":"https:\/\/multihoster.org\/catshare\/"},"modified":"2020-06-01T10:23:08","modified_gmt":"2020-06-01T10:23:08","slug":"catshare","status":"publish","type":"page","link":"https:\/\/multihoster.org\/de\/catshare\/","title":{"rendered":"Catshare Premium Konto: Der Filehoster Auf Einen Blick"},"content":{"rendered":"\n<p>Die Catshare-Plattform ist der bequemste und sicherste File-Hosting-Service (<a rel=\"noreferrer noopener\" aria-label=\"FHS (opens in a new tab)\" href=\"https:\/\/cloud.google.com\/storage\" target=\"_blank\">FHS<\/a>)-Anbieter der Welt. Es ist wie Ihr kleiner pelziger Katzenfreund, der au\u00dfen so pelzig und flauschig ist, aber innen eine wilde Bestie versteckt. Er bietet eine Vielzahl von Funktionen, die Ihnen zur Verf\u00fcgung stehen. Es ist sehr einfach zu benutzen. Sie werden nicht einmal die Zeit bemerken, w\u00e4hrend Sie sie benutzen, da es sehr unterhaltsam ist, unsere Plattform zu benutzen.<\/p>\n\n\n\n<p>Lesen Sie unseren Artikel und erleben Sie, wie dieser gro\u00dfe Durchbruch im Bereich der Datei-Hosting-Dienste (FHS) die perfekte Balance zwischen Komfort und Sicherheit demonstriert. Lesen Sie mehr und erfahren Sie mehr \u00fcber die Geschichte und das Web-Ranking des Catshare File Hosting Service (FHS), den Start Ihres ersten Accounts in der File Hosting Service (FHS) Plattform, die einzigartigen Funktionen unseres File Hosting Service (FHS), die verschiedenen Arten von Catshare File Hosting Service (FHS) Premium-Paketen und einige h\u00e4ufig gestellte Fragen zur Catshare Plattform.<\/p>\n\n\n\n<p>Jetzt, da Sie eine Grundlage f\u00fcr die Glaubw\u00fcrdigkeit und die Ehre der Plattform haben, sehen Sie, was die Plattform bietet, und wir versichern Ihnen, dass Sie es nie bereuen werden, ein Konto f\u00fcr die reichen und zug\u00e4nglichen Funktionen zu er\u00f6ffnen, die Ihnen zur Verf\u00fcgung stehen.<\/p>\n\n\n<a class=\"maxbutton-2 maxbutton maxbutton-cta\" target=\"_blank\" rel=\"nofollow noopener\" href=\"\/go\/\"><span class='mb-text'>&gt;&gt; Gehen Sie zur urspr\u00fcnglichen Linkifier Website<\/span><\/a>\n\n\n<p><\/p>\n\n\n\n<h2>Merkmale des Catshare File Hosting Service<\/h2>\n\n\n\n<p>Der Catshare File Hosting Service (FHS) hat die richtige Balance zwischen Zug\u00e4nglichkeit und Funktion. Siehe Tabelle 1. Um zu erfahren, was die Plattform von ihren Konkurrenten unterscheidet.<\/p>\n\n\n\n<p>Tabelle 1. Die Merkmale von Catshare-Accounts (kostenlos und Premium) im Vergleich zu anderen Cloud-Storage-Plattformen<\/p>\n\n\n\n<figure class=\"wp-block-table\"><table><tbody><tr><td class=\"has-text-align-center\" data-align=\"center\">Catshare-Konten <\/td><\/tr><\/tbody><\/table><\/figure>\n\n\n\n<figure class=\"wp-block-table\"><table><tbody><tr><td>Catshare-Merkmale<\/td><td>Andere Cloud-Storage-Plattformen <\/td><td>Catshare-Free-Konto <\/td><td>Catshare Premium Konto <\/td><\/tr><tr><td>Bezahlung f\u00fcr die Anmeldung <\/td><td>Teure Zahlung bei der Anmeldung erforderlich <\/td><td>Erfordert keine Zahlung bei der Anmeldung <\/td><td>Bietet eine flexible und erschwingliche Zahlung bei der Anmeldung <\/td><\/tr><tr><td>Maximale Download-Geschwindigkeit <\/td><td>70 kb pro Sekunde <\/td><td>70 kb pro Sekunde <\/td><td>KEINE BEGRENZUNG DER DOWNLOAD-GESCHWINDIGKEIT <\/td><\/tr><tr><td>Anzahl der Downloads pro Tag <\/td><td>Kann nur 1 Datei pro Tag herunterladen <\/td><td>Kann nach 1 Stunde Wartezeit sofort herunterladen <\/td><td>STARTET DEN DOWNLOAD SOFORT <\/td><\/tr><tr><td>Unterst\u00fctzung f\u00fcr Mehrfach-Downloads <\/td><td>Es ist nicht erlaubt, mehrere Dateien gleichzeitig herunterzuladen <\/td><td>Es ist nicht erlaubt, mehrere Dateien gleichzeitig herunterzuladen <\/td><td>UNTERST\u00dcTZT DAS MEHRFACHE HERUNTERLADEN <\/td><\/tr><tr><td>Wiederaufnahme des Herunterladens <\/td><td>Unterst\u00fctzt nicht wiederaufnehmbares Herunterladen <\/td><td>Unterst\u00fctzt nicht wiederaufnehmbares Herunterladen <\/td><td>UNTERST\u00dcTZT WIEDERAUFNEHMBARES HERUNTERLADEN <\/td><\/tr><tr><td>Online-Speicherplatz zugeteilt <\/td><td>Nur 500 mb <\/td><td>Mit einem zugewiesenen 3 TB Online-Speicher <\/td><td>HAT EINEN ZUGEWIESENEN ONLINE-SPEICHER VON 300 GB <\/td><\/tr><tr><td>Anzeigen auf der Website <\/td><td>Hat zahlreiche Anzeigen auf der Website <\/td><td>Hat wenig Werbung auf der Website <\/td><td>HAT KEINE L\u00c4STIGE WERBUNG <\/td><\/tr><tr><td>Integration von Captchas und Warteschlangen <\/td><td>Gef\u00fcllt mit zahlreichen l\u00e4stigen Captchas und Warteschlangen <\/td><td>Integriert mit einigen wenigen Captchas und Warteschlangen <\/td><td>KEINE L\u00c4STIGEN CAPTCHAS UND WARTESCHLANGEN <\/td><\/tr><tr><td>Verwahrung von Dateien <\/td><td>Ihre Akte wird 30 Tage lang nach Ihrer letzten Anmeldung aufbewahrt. <\/td><td>Ihre Akte wird f\u00fcr 60 Tage nach Ihrer letzten Anmeldung aufbewahrt. <\/td><td>IHRE DATEIEN WERDEN NIE GEL\u00d6SCHT UND SIND SICHER. <\/td><\/tr><tr><td>Unterst\u00fctzung f\u00fcr Download-Manager von Drittanbietern <\/td><td>Unterst\u00fctzt keine Download-Manager von Drittanbietern <\/td><td>Unterst\u00fctzt keine Download-Manager von Drittanbietern <\/td><td>UNTERST\u00dcTZT DOWNLOAD-MANAGER VON DRITTANBIETERN <\/td><\/tr><\/tbody><\/table><\/figure>\n\n\n\n<p>Oben sind die besonderen Merkmale des Catshare File Hosting Service (FHS) dargestellt, die ihn von seinen anderen Konkurrenten im Bereich der Cloud-Speicherung unterscheiden. Unser kostenloses Konto hat eine Reihe von Vorteilen im Vergleich zu anderen Cloud-Storage-Plattformen, wie z.B. die Tatsache, dass keine Zahlungen f\u00fcr die erste Registrierung erforderlich sind. Sie haben richtig geh\u00f6rt, der Catshare Free Account erfordert keine Zahlung bei der Erstregistrierung, was bedeutet, dass Sie unsere Plattform mit allen Funktionen kostenlos nutzen k\u00f6nnen, im Gegensatz zu Cloud-Storage-Plattformen, die eine teure Zahlung bei der Registrierung erfordern. Der Catshare Free Account kann auch bis zu 150 kb pro Sekunde herunterladen, im Gegensatz zu seinem Konkurrenten, der normalerweise nur bis zu 70 kb pro Sekunde herunterladen kann. Sie k\u00f6nnen auch sofort nach 1 Stunde herunterladen, im Gegensatz zu unserem Konkurrenten, der normalerweise nur 1 Datei pro Tag herunterladen kann. Das Gratis-Konto hat mit seinem zugewiesenen 3 TB Online-Speicher auch einen h\u00f6heren Speicherplatz, im Gegensatz zu den Marken der Konkurrenz, die nur 500 mb Online-Speicher zugewiesen haben. Es gibt auch weniger Werbung in unserem Gratis-Konto im Vergleich zu unseren Konkurrenten, die in der Regel zahlreiche l\u00e4stige Anzeigen haben. Weitere l\u00e4stige Dinge auf der File-Hosting-Site unserer Wettbewerber sind die zahlreichen l\u00e4stigen <a rel=\"noreferrer noopener\" aria-label=\"Captchas  (opens in a new tab)\" href=\"http:\/\/www.en.wikipedia.org\/wiki\/CAPTCHA\" target=\"_blank\">Captchas <\/a>und Warteschlangen, w\u00e4hrend wir in unserem kostenlosen Konto nur wenige Captchas und Warteschlangen in die Website integriert haben. Unser kostenloses Konto hat auch eine l\u00e4ngere Aufbewahrungsfrist, in der Ihre Datei 60 Tage nach Ihrer letzten Anmeldung aufbewahrt wird, im Vergleich zu unseren Konkurrenten, die Ihre Dateien normalerweise nur 30 Tage nach Ihrer letzten Anmeldung speichern. Alles in allem bietet der Catshare Premium Account eine Menge Funktionen und Vorteile im Vergleich zu unseren Mitbewerbern.<\/p>\n\n\n\n<div class=\"wp-block-image\"><figure class=\"aligncenter size-large\"><img loading=\"lazy\" width=\"401\" height=\"267\" src=\"https:\/\/multihoster.org\/wp-content\/uploads\/2020\/04\/Catshare.png\" alt=\"Catshare\" class=\"wp-image-3351\" srcset=\"https:\/\/multihoster.org\/wp-content\/uploads\/2020\/04\/Catshare.png 401w, https:\/\/multihoster.org\/wp-content\/uploads\/2020\/04\/Catshare-300x200.png 300w\" sizes=\"(max-width: 401px) 100vw, 401px\" \/><\/figure><\/div>\n\n\n\n<p>Mit einem Catshare Premium Account k\u00f6nnen Sie unbegrenzte Download-Geschwindigkeiten<\/p>\n\n\n\n<p>Aber dann bieten wir mehr Funktionen im Catshare Premium Account an. Wenn Sie unseren Premium-Account nutzen, abonnieren Sie ein flexibles und erschwingliches Zahlungssystem, das Ihnen die Freiheit gibt, keine Geschwindigkeitsbeschr\u00e4nkung f\u00fcr den Download zu haben, Ihre Datei sofort herunterl\u00e4dt, auch nach dem letzten Download, Unterst\u00fctzung f\u00fcr mehrfaches Herunterladen sowie f\u00fcr das Wiederaufnehmen des Downloads, das auch eine massive 300 GB Online-Speicherzuweisung bietet, ohne l\u00e4stige Werbung oder l\u00e4stige Captchas und Warteschlangen. Wir versichern Ihnen auch, dass Sie alle Download-Manager von Drittanbietern verwenden k\u00f6nnen und dass Ihre Dateien im Catshare Premium Account niemals gel\u00f6scht werden und f\u00fcr immer sicher sind. Zu sch\u00f6n, um wahr zu sein? Nein, denn der Catshare Premium Account ist darauf ausgerichtet, Ihnen den besten File-Hosting-Service (FHS) zu bieten, den Sie verdienen.<\/p>\n\n\n\n<p>Nun, da Sie bereits wissen, was der Catshare Premium Account leisten kann. Beginnen Sie nun mit der Nutzung, indem Sie im folgenden Artikel lernen, sich zu registrieren.<\/p>\n\n\n\n<h2>Anmelden beim Catshare File Hosting Service<\/h2>\n\n\n\n<p>Sie k\u00f6nnen sich ganz einfach beim Catshare File Hosting Service (FHS) anmelden, indem Sie unsere Website auf der Anmeldeseite aufrufen. <a href=\"https:\/\/www.online-tech-tips.com\/ms-office-tips\/how-to-create-fillable-forms-in-word\/\" target=\"_blank\" rel=\"noreferrer noopener\" aria-label=\"Geben  (opens in a new tab)\">Geben <\/a>Sie einfach Ihren vollst\u00e4ndigen Namen (Vorname, zweiter Vorname und Nachname) mit Ihrem Geburtstag, Ihrem Geschlecht und Ihrer Arbeits-E-Mail-Adresse an. Nachdem Sie diese Angaben gemacht haben, erhalten Sie von uns eine Best\u00e4tigungs-E-Mail f\u00fcr Ihr Konto. Klicken Sie einfach auf den Link, \u00fcber den Sie bereits Ihr pers\u00f6nliches Catshare Free Konto haben.<\/p>\n\n\n\n<p>Um ein Upgrade auf ein Premium-Konto durchzuf\u00fchren, lesen Sie das folgende Unterthema.<\/p>\n\n\n<a class=\"maxbutton-2 maxbutton maxbutton-cta\" target=\"_blank\" rel=\"nofollow noopener\" href=\"\/go\/\"><span class='mb-text'>&gt;&gt; Gehen Sie zur urspr\u00fcnglichen Linkifier Website<\/span><\/a>\n\n\n<p><\/p>\n\n\n\n<h2>Upgrade auf ein Catshare Premium Konto<\/h2>\n\n\n\n<p>W\u00e4hlen Sie einen der folgenden Catshare Premium Account-Pl\u00e4ne und genie\u00dfen Sie die reichhaltigen Funktionen, auf die die Namecheap Inc. aufgrund ihrer Zug\u00e4nglichkeit und Erschwinglichkeit so stolz sind.<\/p>\n\n\n\n<p>Tabelle 2. Zahlungsmodalit\u00e4ten f\u00fcr Catshare Premium Account<\/p>\n\n\n\n<figure class=\"wp-block-table\"><table><tbody><tr><td class=\"has-text-align-center\" data-align=\"center\">Catshare Premium Konto Pl\u00e4ne <\/td><\/tr><\/tbody><\/table><\/figure>\n\n\n\n<figure class=\"wp-block-table\"><table><tbody><tr><td> Funktion<\/td><td>Kontoplan f\u00fcr 30 Tage <\/td><td>Kontoplan f\u00fcr 60 Tage <\/td><td>Kontoplan f\u00fcr 90 Tage <\/td><td>Kontoplan f\u00fcr 180 Tage <\/td><td>Kontoplan f\u00fcr 365 Tage <\/td><td>Kontoplan f\u00fcr 730 Tage <\/td><\/tr><tr><td>Maximale Dateigr\u00f6\u00dfe Downloads pro Tag <\/td><td> 1 TB pro Tag<\/td><td> 2 TB  pro Tag <\/td><td> 4 TB  pro Tag <\/td><td> 6 TB  pro Tag  <\/td><td>  12  pro Tag   <\/td><td> 24  pro Tag   <\/td><\/tr><tr><td>Maximale Zuteilung von Speichervolumen <\/td><td> 3 TB <\/td><td> 3 TB <\/td><td>UNBEGRENZTE SPEICHERZUWEISUNG <\/td><td>UNBEGRENZTE SPEICHERZUWEISUNG <\/td><td>UNBEGRENZTE SPEICHERZUWEISUNG <\/td><td>UNBEGRENZTE SPEICHERZUWEISUNG <\/td><\/tr><tr><td>Erstmalige Zahlung bei der Anmeldung <\/td><td> $ 13.99 USD <\/td><td>$ 28.99 USD <\/td><td> $ 38.99 USD <\/td><td> $ 48.99 USD <\/td><td> $ 68.99 USD <\/td><td> $ 98.99 USD <\/td><\/tr><\/tbody><\/table><\/figure>\n\n\n\n<p>W\u00e4hlen Sie aus den sechs erschwinglichen und zug\u00e4nglichen Catshare Premium Account-Pl\u00e4nen. Sie k\u00f6nnen sich entscheiden, ob Sie es f\u00fcr die ersten 30 Tage mit maximal 3 TB Speicherplatz f\u00fcr 13,99 USD oder f\u00fcr den 60-Tage-Premium-Account mit maximal 3 TB Speicherplatz f\u00fcr 28,99 USD versuchen m\u00f6chten, aber wir empfehlen jedem, die Account-Pl\u00e4ne mit unbegrenzter Speicherplatzzuweisung auszuprobieren. Dies sind die Kontopl\u00e4ne f\u00fcr 90, 365 und 730 Tage, die eine sehr niedrige anf\u00e4ngliche Anmeldezahlung f\u00fcr nur 28,99 USD, 38,99 USD, 48,99 USD, 68,99 USD und 98,99 USD vorsehen, um die volle Funktionalit\u00e4t des Catshare Premium-Kontos zu genie\u00dfen. Sie k\u00f6nnen \u00fcber unsere <a rel=\"noreferrer noopener\" aria-label=\"Partner  (opens in a new tab)\" href=\"http:\/\/www.wisegeek.net\/what-is-a-financial-services-corporation.htm\" target=\"_blank\">Partner <\/a>Bitcoin, Ripple, MasterCard, Visa, Paypal, Qiwi Wallet, Ethereum, Litecoin, Alipay, Sofort Banking, Interkassa, Taobao, Trustpay Internet Banking, Skrill, Pay safe card, UCash und WebMoney bezahlen.<\/p>\n\n\n\n<h2>Schlussbemerkungen zu Catshare<\/h2>\n\n\n\n<p>Das Catshare-Angebot ist der vielseitigste und zugleich erschwinglichste Anbieter von Datei-Hosting-Diensten (FHS), der bisher angeboten wurde. Wir sind sicher, dass wir Sie nie entt\u00e4uschen werden, wenn wir unsere Plattform mit ihren reichen und zug\u00e4nglichen Funktionen f\u00fcr Sie weiterentwickeln.<\/p>\n\n\n\n<h2>H\u00e4ufig gestellte Fragen zum Catshare File Hosting Service<\/h2>\n\n\n\n<h3>1. Verf\u00fcgt Catshare \u00fcber ein kostenloses Konto?<\/h3>\n\n\n\n<p>Wir verf\u00fcgen \u00fcber ein kostenloses Catshare-Konto, das Sie ohne eine anf\u00e4ngliche Anmeldegeb\u00fchr nutzen k\u00f6nnen. Mit unserem kostenlosen Konto k\u00f6nnen Sie Ihre Dateien bis zu 30 GB speichern.<\/p>\n\n\n\n<h3>2. Wie viel Speicherplatz steht Ihnen f\u00fcr den Catshare Premium Account zur Verf\u00fcgung?<\/h3>\n\n\n\n<p>Die Speicherzuweisung f\u00fcr den Catshare Premium Account variiert. Bei den Account-Pl\u00e4nen 30 und 60 Tage haben Sie 3 TB Speicherplatz, w\u00e4hrend bei den Account-Pl\u00e4nen f\u00fcr 90 Tage, 180 Tage, 365 Tage und 730 Tage unbegrenzter Speicherplatz zur Verf\u00fcgung steht.<\/p>\n\n\n\n<h3>3. Wie verdient der Catshare File Hosting Service (FHS) als kostenloser Dienst?<\/h3>\n\n\n\n<p>Die Catshare-Plattform verdient sowohl an den Anzeigen als auch an den integrierten Captchas und Warteschlangen in der Catshare Free. Die anf\u00e4ngliche Anmeldezahlung unterst\u00fctzt auch den Betrieb und die Wartung der Catshare-Plattform.<\/p>\n\n\n<a class=\"maxbutton-2 maxbutton maxbutton-cta\" target=\"_blank\" rel=\"nofollow noopener\" href=\"\/go\/\"><span class='mb-text'>&gt;&gt; Gehen Sie zur urspr\u00fcnglichen Linkifier Website<\/span><\/a>\n\n\n<p><\/p>\n","protected":false},"excerpt":{"rendered":"<p>Die Catshare-Plattform ist der bequemste und sicherste File-Hosting-Service (FHS)-Anbieter der Welt. Es ist wie Ihr kleiner pelziger Katzenfreund, der au\u00dfen<\/p>\n","protected":false},"author":2,"featured_media":0,"parent":0,"menu_order":0,"comment_status":"closed","ping_status":"closed","template":"","meta":[],"yoast_head":"<!-- This site is optimized with the Yoast SEO plugin v18.3 - https:\/\/yoast.com\/wordpress\/plugins\/seo\/ -->\n<title>Catshare Premium Konto: Der Filehoster Auf Einen Blick<\/title>\n<meta name=\"description\" content=\"Ist Catshare ein seri\u00f6ser Anbieter oder nicht, finden Sie die Antwort im aktuellen Test auf Multihoster.org \u279c Klicken Sie jetzt \u271a und lesen Sie unsere Erfahrungen!\" \/>\n<meta name=\"robots\" content=\"index, follow, max-snippet:-1, max-image-preview:large, max-video-preview:-1\" \/>\n<link rel=\"canonical\" href=\"https:\/\/multihoster.org\/de\/catshare\/\" \/>\n<meta property=\"og:locale\" content=\"de_DE\" \/>\n<meta property=\"og:type\" content=\"article\" \/>\n<meta property=\"og:title\" content=\"Catshare Premium Konto: Der Filehoster Auf Einen Blick\" \/>\n<meta property=\"og:description\" content=\"Ist Catshare ein seri\u00f6ser Anbieter oder nicht, finden Sie die Antwort im aktuellen Test auf Multihoster.org \u279c Klicken Sie jetzt \u271a und lesen Sie unsere Erfahrungen!\" \/>\n<meta property=\"og:url\" content=\"https:\/\/multihoster.org\/de\/catshare\/\" \/>\n<meta property=\"og:site_name\" content=\"Multihoster.org\" \/>\n<meta property=\"article:modified_time\" content=\"2020-06-01T10:23:08+00:00\" \/>\n<meta property=\"og:image\" content=\"https:\/\/multihoster.org\/wp-content\/uploads\/2020\/04\/Catshare.png\" \/>\n<meta name=\"twitter:card\" content=\"summary\" \/>\n<meta name=\"twitter:label1\" content=\"Gesch\u00e4tzte Lesezeit\" \/>\n\t<meta name=\"twitter:data1\" content=\"7\u00a0Minuten\" \/>\n<script type=\"application\/ld+json\" class=\"yoast-schema-graph\">{\"@context\":\"https:\/\/schema.org\",\"@graph\":[{\"@type\":\"WebSite\",\"@id\":\"https:\/\/multihoster.org\/#website\",\"url\":\"https:\/\/multihoster.org\/\",\"name\":\"Multihoster.org\",\"description\":\"Reviews of the major Filehosting services\",\"potentialAction\":[{\"@type\":\"SearchAction\",\"target\":{\"@type\":\"EntryPoint\",\"urlTemplate\":\"https:\/\/multihoster.org\/?s={search_term_string}\"},\"query-input\":\"required name=search_term_string\"}],\"inLanguage\":\"de\"},{\"@type\":\"ImageObject\",\"@id\":\"https:\/\/multihoster.org\/de\/catshare\/#primaryimage\",\"inLanguage\":\"de\",\"url\":\"https:\/\/multihoster.org\/wp-content\/uploads\/2020\/04\/Catshare.png\",\"contentUrl\":\"https:\/\/multihoster.org\/wp-content\/uploads\/2020\/04\/Catshare.png\",\"width\":401,\"height\":267},{\"@type\":\"WebPage\",\"@id\":\"https:\/\/multihoster.org\/de\/catshare\/#webpage\",\"url\":\"https:\/\/multihoster.org\/de\/catshare\/\",\"name\":\"Catshare Premium Konto: Der Filehoster Auf Einen Blick\",\"isPartOf\":{\"@id\":\"https:\/\/multihoster.org\/#website\"},\"primaryImageOfPage\":{\"@id\":\"https:\/\/multihoster.org\/de\/catshare\/#primaryimage\"},\"datePublished\":\"2020-04-08T09:30:20+00:00\",\"dateModified\":\"2020-06-01T10:23:08+00:00\",\"description\":\"Ist Catshare ein seri\u00f6ser Anbieter oder nicht, finden Sie die Antwort im aktuellen Test auf Multihoster.org \u279c Klicken Sie jetzt \u271a und lesen Sie unsere Erfahrungen!\",\"breadcrumb\":{\"@id\":\"https:\/\/multihoster.org\/de\/catshare\/#breadcrumb\"},\"inLanguage\":\"de\",\"potentialAction\":[{\"@type\":\"ReadAction\",\"target\":[\"https:\/\/multihoster.org\/de\/catshare\/\"]}]},{\"@type\":\"BreadcrumbList\",\"@id\":\"https:\/\/multihoster.org\/de\/catshare\/#breadcrumb\",\"itemListElement\":[{\"@type\":\"ListItem\",\"position\":1,\"name\":\"Startseite\",\"item\":\"https:\/\/multihoster.org\/de\/\"},{\"@type\":\"ListItem\",\"position\":2,\"name\":\"Catshare Premium Konto: Der Filehoster Auf Einen Blick\"}]}]}<\/script>\n<!-- \/ Yoast SEO plugin. -->","yoast_head_json":{"title":"Catshare Premium Konto: Der Filehoster Auf Einen Blick","description":"Ist Catshare ein seri\u00f6ser Anbieter oder nicht, finden Sie die Antwort im aktuellen Test auf Multihoster.org \u279c Klicken Sie jetzt \u271a und lesen Sie unsere Erfahrungen!","robots":{"index":"index","follow":"follow","max-snippet":"max-snippet:-1","max-image-preview":"max-image-preview:large","max-video-preview":"max-video-preview:-1"},"canonical":"https:\/\/multihoster.org\/de\/catshare\/","og_locale":"de_DE","og_type":"article","og_title":"Catshare Premium Konto: Der Filehoster Auf Einen Blick","og_description":"Ist Catshare ein seri\u00f6ser Anbieter oder nicht, finden Sie die Antwort im aktuellen Test auf Multihoster.org \u279c Klicken Sie jetzt \u271a und lesen Sie unsere Erfahrungen!","og_url":"https:\/\/multihoster.org\/de\/catshare\/","og_site_name":"Multihoster.org","article_modified_time":"2020-06-01T10:23:08+00:00","og_image":[{"url":"https:\/\/multihoster.org\/wp-content\/uploads\/2020\/04\/Catshare.png"}],"twitter_card":"summary","twitter_misc":{"Gesch\u00e4tzte Lesezeit":"7\u00a0Minuten"},"schema":{"@context":"https:\/\/schema.org","@graph":[{"@type":"WebSite","@id":"https:\/\/multihoster.org\/#website","url":"https:\/\/multihoster.org\/","name":"Multihoster.org","description":"Reviews of the major Filehosting services","potentialAction":[{"@type":"SearchAction","target":{"@type":"EntryPoint","urlTemplate":"https:\/\/multihoster.org\/?s={search_term_string}"},"query-input":"required name=search_term_string"}],"inLanguage":"de"},{"@type":"ImageObject","@id":"https:\/\/multihoster.org\/de\/catshare\/#primaryimage","inLanguage":"de","url":"https:\/\/multihoster.org\/wp-content\/uploads\/2020\/04\/Catshare.png","contentUrl":"https:\/\/multihoster.org\/wp-content\/uploads\/2020\/04\/Catshare.png","width":401,"height":267},{"@type":"WebPage","@id":"https:\/\/multihoster.org\/de\/catshare\/#webpage","url":"https:\/\/multihoster.org\/de\/catshare\/","name":"Catshare Premium Konto: Der Filehoster Auf Einen Blick","isPartOf":{"@id":"https:\/\/multihoster.org\/#website"},"primaryImageOfPage":{"@id":"https:\/\/multihoster.org\/de\/catshare\/#primaryimage"},"datePublished":"2020-04-08T09:30:20+00:00","dateModified":"2020-06-01T10:23:08+00:00","description":"Ist Catshare ein seri\u00f6ser Anbieter oder nicht, finden Sie die Antwort im aktuellen Test auf Multihoster.org \u279c Klicken Sie jetzt \u271a und lesen Sie unsere Erfahrungen!","breadcrumb":{"@id":"https:\/\/multihoster.org\/de\/catshare\/#breadcrumb"},"inLanguage":"de","potentialAction":[{"@type":"ReadAction","target":["https:\/\/multihoster.org\/de\/catshare\/"]}]},{"@type":"BreadcrumbList","@id":"https:\/\/multihoster.org\/de\/catshare\/#breadcrumb","itemListElement":[{"@type":"ListItem","position":1,"name":"Startseite","item":"https:\/\/multihoster.org\/de\/"},{"@type":"ListItem","position":2,"name":"Catshare Premium Konto: Der Filehoster Auf Einen Blick"}]}]}},"_links":{"self":[{"href":"https:\/\/multihoster.org\/de\/wp-json\/wp\/v2\/pages\/3365"}],"collection":[{"href":"https:\/\/multihoster.org\/de\/wp-json\/wp\/v2\/pages"}],"about":[{"href":"https:\/\/multihoster.org\/de\/wp-json\/wp\/v2\/types\/page"}],"author":[{"embeddable":true,"href":"https:\/\/multihoster.org\/de\/wp-json\/wp\/v2\/users\/2"}],"replies":[{"embeddable":true,"href":"https:\/\/multihoster.org\/de\/wp-json\/wp\/v2\/comments?post=3365"}],"version-history":[{"count":2,"href":"https:\/\/multihoster.org\/de\/wp-json\/wp\/v2\/pages\/3365\/revisions"}],"predecessor-version":[{"id":4609,"href":"https:\/\/multihoster.org\/de\/wp-json\/wp\/v2\/pages\/3365\/revisions\/4609"}],"wp:attachment":[{"href":"https:\/\/multihoster.org\/de\/wp-json\/wp\/v2\/media?parent=3365"}],"curies":[{"name":"wp","href":"https:\/\/api.w.org\/{rel}","templated":true}]}}