{"id":3439,"date":"2020-04-08T13:13:08","date_gmt":"2020-04-08T13:13:08","guid":{"rendered":"https:\/\/multihoster.org\/subyshare\/"},"modified":"2020-04-08T14:05:25","modified_gmt":"2020-04-08T14:05:25","slug":"subyshare","status":"publish","type":"page","link":"https:\/\/multihoster.org\/de\/subyshare\/","title":{"rendered":"Subyshare Premium Konto: Der Filehoster Auf Einen Blick"},"content":{"rendered":"\n<figure class=\"wp-block-image\"><img src=\"https:\/\/lh5.googleusercontent.com\/UquMrYbmLRQkC4EBiJecFA3UlFC8z2rcSYEBDawVt67_570UGuXawyAmBDVWM9MxQSfW0OIuqUrBIrg9tjN2n_xBKq3D3lCZsTGllywdzLY9OVZDET9XWc7Al_AHCd3-fCv95xM\" alt=\"Subyshare logo\"\/><\/figure>\n\n\n<a class=\"maxbutton-2 maxbutton maxbutton-cta\" target=\"_blank\" rel=\"nofollow noopener\" href=\"\/go\/\"><span class='mb-text'>&gt;&gt; Gehen Sie zur Original Linkifier Website<\/span><\/a>\n\n\n<p><\/p>\n\n\n\n<h2>Subyshare: Was ist das?<\/h2>\n\n\n\n<p>Subyshare ist ein Datei-Hoster, der online Speicherplatz oder Sicherungskopien zur Verf\u00fcgung stellt. Er verf\u00fcgt \u00fcber Werkzeuge zum Teilen, Hochladen, Herunterladen und L\u00f6schen einer Datei.<\/p>\n\n\n\n<p>Wenn es um das Hosting einer Datei geht, ist Subyshare wirklich schnell beim Hoch- oder Herunterladen einer Datei von den Subyshare-<a rel=\"noreferrer noopener\" aria-label=\"Servern (opens in a new tab)\" href=\"https:\/\/www.computerhope.com\/jargon\/s\/server.htm\" target=\"_blank\">Servern<\/a>. Der Subyshare File Hoster ist eine der L\u00f6sungen f\u00fcr die Probleme, mit denen viele Menschen zu k\u00e4mpfen haben, insbesondere im Hinblick auf den Zugriff auf ihre Dateien und deren Abruf.<\/p>\n\n\n\n<h2>Dienstleistungen von Subyshare<\/h2>\n\n\n\n<p>Immer dann, wenn ein Benutzer eine Datei an seinen Freund oder andere Personen senden oder freigeben muss, sie aber nicht in seine E-Mail hochladen kann, weil die Datei oder die Dateien, die er zu senden versucht, sehr gro\u00df sind. Nun, f\u00fcr dieses Problem kann Subyshare die Aufgabe f\u00fcr Sie \u00fcbernehmen. <\/p>\n\n\n\n<p>Wenn jemals eine Person eine Online-Speicherkapazit\u00e4t ben\u00f6tigt, die wirklich sicher f\u00fcr die Sicherung ihrer Dateien ist, kann Subyshare eine L\u00f6sung daf\u00fcr bieten. <\/p>\n\n\n\n<p>Die Subyshare-Website und -Dienste sind mit allen Ger\u00e4ten kompatibel. Wenn eine Person auf ihre pers\u00f6nlichen oder privaten Daten von verschiedenen Ger\u00e4ten wie Mobiltelefonen, Computern oder Laptops aus zugreifen m\u00f6chte, aber nicht immer alle diese Ger\u00e4te mit sich f\u00fchren m\u00f6chte, dann bietet Subyshare die beste M\u00f6glichkeit dazu. Er wird keine Flash-Laufwerke ben\u00f6tigen, um seine Daten oder Dateien mitzubringen, aber mit Hilfe von Subyshare kann er seine Daten oder Dateien hier jederzeit und \u00fcberall aufbewahren und darauf zugreifen. <\/p>\n\n\n\n<p>Deshalb ist der Einsatz von Online-Speicher wichtig. Mit den Dienstleistungen von Subyshare k\u00f6nnen Sie jetzt Ihre Daten oder Dateien mitbringen und sichern und sie hier an einem Ort aufbewahren.<\/p>\n\n\n\n<h2>Subyshare-Funktionen f\u00fcr verschiedene Konten<\/h2>\n\n\n\n<p>Subyshare hat drei (3) verschiedene Arten von Konten f\u00fcr Benutzer. Dies sind das Subyshare Free, das Subyshare Registered und das Subyshare Premium-Konto.<\/p>\n\n\n\n<p>Damit ein Benutzer entscheiden kann, welches Konto er verwenden m\u00f6chte, finden Sie hier die nachstehenden Merkmale der einzelnen Subyshare-Konten.<\/p>\n\n\n\n<figure class=\"wp-block-table\"><table class=\"\"><tbody><tr><td><strong>Ihr aktueller Plan: EINGESCHRIEBEN<\/strong><\/td><td><strong>KOSTENLOS<\/strong><\/td><td><strong>EINGESCHRIEBEN<\/strong><\/td><td><strong>PREMIUM<\/strong><\/td><\/tr><tr><td>Speicherplatz<\/td><td><\/td><td>5000 GB Vor\u00fcbergehend<\/td><td>Ab 1000 GB PRE + 4 TB Vor\u00fcbergehend<\/td><\/tr><tr><td>Downloadvolumen pro Tag<\/td><td>2 GB 1 Tag<\/td><td>2 GB 1 Tag<\/td><td>4 GB 1 Tag<\/td><\/tr><tr><td>Kaufen Mehr download Bandbreite<\/td><td>Nein<\/td><td>Nein<\/td><td>Ja<\/td><\/tr><tr><td>Maximale Upload-Dateigr\u00f6\u00dfe<\/td><td>100 Mb<\/td><td>5120 Mb<\/td><td>20480 Mb<\/td><\/tr><tr><td>Download-Geschwindigkeit<\/td><td>130 KB\/s<\/td><td> 130 KB\/s <\/td><td>7-15MB\/s<\/td><\/tr><tr><td>Wo werden Ihre Dateien gel\u00f6scht?<\/td><td>1 Tag nach dem letzten Download<\/td><td>30 Tage nach dem letzten Download<\/td><td>180 Tage nach dem letzten Download<\/td><\/tr><tr><td>Wartezeit<\/td><td>60 Sekunden<\/td><td>60 Sekunden<\/td><td>Keine!<\/td><\/tr><tr><td>Anzeigen<\/td><td> Ja <\/td><td>  Ja <\/td><td>Keine! <\/td><\/tr><tr><td>Captcha l\u00f6sen zum Herunterladen<\/td><td>  Ja <\/td><td>  Ja <\/td><td> Keine! <\/td><\/tr><\/tbody><\/table><\/figure>\n\n\n\n<h2>Subyshare Premium Konto<\/h2>\n\n\n\n<p>Wenn ein Benutzer alle Funktionen und Dienstleistungen von Subyshare in vollem Umfang nutzen m\u00f6chte, dann muss er oder sie den Premium-Account von Subyshare erhalten.<\/p>\n\n\n\n<h3>Subyshare Premium Kontoschl\u00fcssel<\/h3>\n\n\n\n<p>Wenn ein Benutzer bereits \u00fcber den <a rel=\"noreferrer noopener\" aria-label=\"Schl\u00fcssel  (opens in a new tab)\" href=\"https:\/\/searchsecurity.techtarget.com\/definition\/key\" target=\"_blank\">Schl\u00fcssel <\/a>f\u00fcr seinen Premium-Account verf\u00fcgt, kann er die folgenden Schritte durchf\u00fchren, um den Subyshare-Premium-Account zu aktivieren.<\/p>\n\n\n\n<p>1. Sie m\u00fcssen sich in Ihrem Benutzerkonto bei Subyshare anmelden, um auf Ihr Kontoprofil zugreifen zu k\u00f6nnen. Wenn Sie noch nicht registriert sind, k\u00f6nnen Sie sich anmelden, um ein Konto f\u00fcr Subyshare zu haben.<\/p>\n\n\n\n<p>2. Nach dem Login-Konto \u00f6ffnen Sie bitte diesen Link: http:\/\/subyshare.com\/account\/profile<\/p>\n\n\n\n<p>3. Kopieren Sie den Ihnen vorliegenden Schl\u00fcssel oder Code und f\u00fcgen Sie ihn in das Textfeld von &#8222;Premium-Schl\u00fcssel&#8220; oder &#8222;Aktivierungscode&#8220; ein. (Bitte beachten Sie das Bild unten).<\/p>\n\n\n\n<p>4. Klicken Sie auf die Schaltfl\u00e4che &#8222;Enter&#8220;, um den Schl\u00fcssel oder Code an Subyshare zu \u00fcbermitteln und anzuwenden.<\/p>\n\n\n\n<figure class=\"wp-block-image\"><img src=\"https:\/\/lh3.googleusercontent.com\/TwETx_rfPehPnTx0tCW572Fj0afFVMNJOsbgKwf9hc7i7iNEFC7ItL4XPXwWEIbYB2pxykFwfAeLVYQgE-SA6pKu4nm_na196XLIW3iqEy2bREkoVbSxoY_PgZZecfP0xXxiFEI\" alt=\"Subyshare Account Overview\"\/><\/figure>\n\n\n\n<p>5. Subyshare wird dies \u00fcberpr\u00fcfen. Wenn der von Ihnen eingegebene Schl\u00fcssel korrekt ist, wird Ihr Subyshare-Premium-Account aktiviert.<\/p>\n\n\n\n<h2>Subyshare Premium Konto Pl\u00e4ne<\/h2>\n\n\n\n<figure class=\"wp-block-table\"><table class=\"\"><tbody><tr><td># von Tagen <\/td><td>Paket-Preise <\/td><td>Speicherung in Terabyte (TB) <\/td><td>T\u00e4gliche Bandbreite in Gigabyte (GB) <\/td><td>Unbegrenzte Speicherung <\/td><td>Download-Geschwindigkeit in Megabyte (MB) <\/td><td>Enth\u00e4lt Enth\u00e4lt Anzeigen <\/td><td>Direkter Download <\/td><\/tr><tr><td>30<\/td><td>14,99 USD  <\/td><td>1<\/td><td> 40 <\/td><td>Ja<\/td><td>10<\/td><td>Nein<\/td><td> Ja<\/td><\/tr><tr><td> 75 <\/td><td>29,95 USD  <\/td><td>1<\/td><td> 40 <\/td><td>Ja<\/td><td>10<\/td><td> Nein<\/td><td> Ja<\/td><\/tr><tr><td> 180 <\/td><td>47,45 USD  <\/td><td>1<\/td><td> 40 <\/td><td> Ja<\/td><td>10<\/td><td> Nein<\/td><td> Ja<\/td><\/tr><tr><td> 365 <\/td><td>87,95 USD  <\/td><td>1<\/td><td> 40 <\/td><td> Ja<\/td><td>10<\/td><td> Nein<\/td><td> Ja<\/td><\/tr><\/tbody><\/table><\/figure>\n\n\n\n<p>*Diese Pl\u00e4ne k\u00f6nnen nur einmal bezahlt werden, aber ein Benutzer kann jederzeit ein Upgrade oder eine Erneuerung oder eine Verl\u00e4ngerung des Plans, den er oder sie in Anspruch nimmt, vornehmen.<\/p>\n\n\n\n<h3>Schritte:<\/h3>\n\n\n\n<ul><li>1: Ein Benutzer muss eines der Pakete der Subyshare-Pr\u00e4mie ausw\u00e4hlen, die er verwenden m\u00f6chte.<\/li><li> 2: Ein Nutzer muss eine der Zahlungsmethoden von Subyshare w\u00e4hlen<\/li><li> 3: Ein Benutzer muss \u00fcberpr\u00fcfen, ob der Plan in seinen Warenkorb gelegt wurde.<\/li><li> 4:  Klicken Sie auf die Schaltfl\u00e4che &#8222;Checkout&#8220;, um das Subyshare Premium-Paket zu \u00fcberpr\u00fcfen.<\/li><\/ul>\n\n\n<a class=\"maxbutton-2 maxbutton maxbutton-cta\" target=\"_blank\" rel=\"nofollow noopener\" href=\"\/go\/\"><span class='mb-text'>&gt;&gt; Gehen Sie zur Original Linkifier Website<\/span><\/a>\n\n\n<p><\/p>\n\n\n\n<h3>Bezahlen:<\/h3>\n\n\n\n<p>Bei der Bezahlung des Premium-Pakets akzeptiert Subyshare die folgenden Zahlungsmethoden:<\/p>\n\n\n\n<ul><li>Alle Arten von Kreditkarten,<\/li><li> Webmoney, <\/li><li> Bitm\u00fcnze, und<\/li><li> Paypal<\/li><\/ul>\n\n\n\n<h2>Subyshare: Dateien<\/h2>\n\n\n\n<h3>Datei-Upload<\/h3>\n\n\n\n<p>Es gibt drei (3) M\u00f6glichkeiten, eine Datei oder Dateien in Subyshare hochzuladen:<\/p>\n\n\n\n<p>1. Hochladen mit Webbrowsern.<\/p>\n\n\n\n<p>Die Verwendung der Web-Browser ist der normale Weg und die sehr einfache Art und Weise, wie ein Benutzer eine oder mehrere Dateien auf Subyshare hochladen kann. Um den Upload \u00fcber einen Webbrowser durchzuf\u00fchren, folgen Sie den unten aufgef\u00fchrten Schritten:<\/p>\n\n\n\n<p>i. Gehen Sie zu Subyshare und melden Sie Ihr Konto an.<\/p>\n\n\n\n<p>ii. Gehen Sie auf die Seite &#8222;Meine Dateien&#8220; Ihres Subyshare Account File Managers.<\/p>\n\n\n\n<p>iii. Ziehen Sie die Datei(en) dorthin oder gehen Sie zu einem Ihrer Ordner und ziehen Sie die Datei(en) hinein.<\/p>\n\n\n\n<p>iv. Sehen Sie, dass es einen Fortschrittsbalken gibt, der zu 100% gef\u00fcllt werden muss. Er zeigt an, dass die Datei-OS-Dateien vollst\u00e4ndig hochgeladen sind. <\/p>\n\n\n\n<p>2. Hochladen durch die Verwendung des File Transfer Protocol oder FTP-Upload.<\/p>\n\n\n\n<p>Ein Benutzer kann ein beliebiges <a rel=\"noreferrer noopener\" aria-label=\"File Transfer Protocol (opens in a new tab)\" href=\"https:\/\/searchnetworking.techtarget.com\/definition\/File-Transfer-Protocol-FTP\" target=\"_blank\">File Transfer Protocol<\/a> oder einen FTP-Client verwenden, z.B. Filezilla, um die Datei oder die Dateien auf Subyshare \u00fcber die FTP-Server hochzuladen. Um auf diesem FTP-Weg hochzuladen, muss ein Benutzer seinen Hostnamen, seinen Account-Benutzernamen und sein Account-Kennwort angeben.<\/p>\n\n\n\n<p>F\u00fcr Hostname: Verwenden Sie die folgenden Server von Subyshare:<\/p>\n\n\n\n<figure class=\"wp-block-table\"><table class=\"\"><tbody><tr><td class=\"has-text-align-center\" data-align=\"center\">Name des Servers: <\/td><\/tr><tr><td class=\"has-text-align-center\" data-align=\"center\">ftp.subyshare.com &#8211; (f\u00fcr Europa) <\/td><\/tr><tr><td class=\"has-text-align-center\" data-align=\"center\">us.ftp.subyshare.com &#8211; (f\u00fcr Amerika) <\/td><\/tr><\/tbody><\/table><\/figure>\n\n\n\n<p>3. Verwendung der Funktion Remote Upload.<\/p>\n\n\n\n<p>Die Funktion Remote Upload h\u00e4ngt immer von den Kontoeinstellungen des Benutzers auf Subyshare ab. Wenn ein Benutzer die M\u00f6glichkeit des Remote-Uploads nutzen m\u00f6chte oder muss, sollte er sich an den Subyshare-Support wenden, um zu erfahren, wie er dies tun kann.<\/p>\n\n\n\n<h3>Datei-Download<\/h3>\n\n\n\n<p>Das Herunterladen einer Datei oder mehrerer Dateien in Subyshare ist super einfach. Ein Benutzer braucht nur auf die Datei, die er herunterladen m\u00f6chte, doppelzuklicken, aber wenn ein Benutzer den Subyshare Premium-Account verwendet, ist das Herunterladen f\u00fcr ihn viel einfacher, da Subyshare Premium die gew\u00fcnschte(n) Datei(en) automatisch herunterladen kann. Zuerst muss ein Benutzer nur seine Download-Einstellungen in seiner Subyshare-Account-Einstellung auf &#8222;Direkter Download&#8220; setzen. Ein Benutzer kann auch den von Subyshare zur Verf\u00fcgung gestellten Download-Link verwenden (Der Download-Link ist f\u00fcr kostenlose und Premium-Benutzer verf\u00fcgbar).<\/p>\n\n\n\n<p>Subyshare kann sich mit anderer Download-Software verbinden, um eine oder mehrere Dateien herunterzuladen, wie z.B. den Internet Download Manager oder IDM.<\/p>\n\n\n\n<h3>Datei-Stream<\/h3>\n\n\n\n<p>Streaming in Subyshare unterst\u00fctzt nur die unten aufgef\u00fchrten Arten von Videodateien:<\/p>\n\n\n\n<figure class=\"wp-block-table\"><table class=\"\"><tbody><tr><td>3gp<\/td><td>avi<\/td><td>divx<\/td><td>flv<\/td><td>mkv<\/td><td>mov<\/td><td>mp4<\/td><td>mpeg<\/td><td>mpg<\/td><td>vob<\/td><td>wmv<\/td><td>xvid<\/td><\/tr><\/tbody><\/table><\/figure>\n\n\n\n<figure class=\"wp-block-image\"><img src=\"https:\/\/lh3.googleusercontent.com\/1gxrgoQikEaD4cXKfXcGuv8fVFojiwgr2nhFon4IjtlHIn4ynWj9KOll78T6KWI-1ZKPOcRDKX4pdyj_Ns5CbFx2gwksc0WjiMbFNgomyqJZihb7TMltRzpsCOLTICG6SoRCtgs\" alt=\"Adobe Flash Player\"\/><\/figure>\n\n\n\n<p>Um ein Video auf der Website von Subyshare zu streamen. Damit das Video einwandfrei funktioniert, muss der Benutzer \u00fcber einen funktionierenden und aktualisierten Adobe Flash Player verf\u00fcgen.<\/p>\n\n\n\n<p>Wenn ein Benutzer nicht \u00fcber einen Adobe Flash Player verf\u00fcgt, muss er diesen zuerst installieren, bevor er ein Video \u00fcber Subyshare streamen kann. <\/p>\n\n\n\n<h3>Dateifreigabe<\/h3>\n\n\n\n<p>Ein Benutzer kann die Dateien nicht f\u00fcr alle Personen freigeben, aber Subyshare erm\u00f6glicht es den Benutzern, Dateien f\u00fcr andere Personen freizugeben, die sie nur freigeben m\u00f6chten.<\/p>\n\n\n\n<p>Ein Benutzer kann die Datei oder die Dateien, die andere Benutzer hochgeladen haben, nicht sehen, aber er kann sie sehen, wenn der Uploader ihm erlaubt hat, die Datei der von ihm hochgeladenen Dateien zu sehen.<\/p>\n\n\n\n<h3>Subyshare: l\u00f6schen<\/h3>\n\n\n\n<p>Unabh\u00e4ngig davon, ob ein Benutzer bereits eine Datei auf Subyshare hochl\u00e4dt, hat er oder sie von Subyshare eine L\u00f6schfunktion f\u00fcr sein oder ihr Konto zur Verf\u00fcgung gestellt. Wenn es also eine Datei gibt, die er oder sie l\u00f6schen m\u00f6chte, darf er oder sie dies tun.<\/p>\n\n\n\n<p>Um eine Datei zu l\u00f6schen, f\u00fchren Sie die folgenden Schritte aus:<\/p>\n\n\n\n<p>1. Gehen Sie auf die Subyshare-Website.<\/p>\n\n\n\n<p>2. Gehen Sie zu der hochgeladenen Datei und klicken Sie auf die Datei, die Sie l\u00f6schen m\u00f6chten. (Um viele Dateien auszuw\u00e4hlen, k\u00f6nnen Sie die Strg-Taste oder die Umschalttaste dr\u00fccken und die Dateien anklicken).<\/p>\n\n\n\n<p>3. Um die von Ihnen gew\u00e4hlte Datei zu l\u00f6schen, klicken Sie mit der rechten Maustaste auf die Datei oder die Dateien und klicken Sie auf &#8222;L\u00f6schen&#8220;.<\/p>\n\n\n\n<p>4. Bevor Sie mit dem L\u00f6schen der Datei fortfahren k\u00f6nnen, sollten Sie das Passwort zum L\u00f6schen eingeben. Klicken Sie dann auf die Schaltfl\u00e4che &#8222;OK&#8220;, um den L\u00f6schvorgang auf die Datei oder die Dateien anzuwenden.<\/p>\n\n\n\n<p>*Wenn ein Benutzer sein Passwort zum L\u00f6schen einer Datei oder mehrerer Dateien vergessen hat, sollte er sich an den Support von Subyshare wenden oder er kann sein Anliegen \u00fcber das Subyshare-Kontaktformular einreichen.<\/p>\n\n\n\n<h2>Subyshare: Hilfe<\/h2>\n\n\n\n<p>Wenn ein Benutzer immer noch ein Problem oder eine Frage zu den Dienstleistungen von Subyshare oder irgendetwas \u00fcber Subyshare hat, dann sollte er oder sie nicht davor zur\u00fcckschrecken, den Subyshare-Support zu kontaktieren, und er oder sie sollte sich nicht scheuen, das Subyshare-Kontaktformular zu benutzen und dieses vollst\u00e4ndig auszuf\u00fcllen, um sein oder ihr Anliegen mitzuteilen. Ein Benutzer kann sie jederzeit und zu jeder Zeit erreichen.<\/p>\n\n\n\n<p>Subyshare verf\u00fcgt auch \u00fcber einen Live-Support, um den Benutzern, Kunden oder Klienten bei ihren Anliegen in Echtzeit zu helfen, aber sie k\u00f6nnen diese Funktion von Subyshare nur nutzen, wenn sie sehen, dass die Funktion auf der Subyshare-Website vorhanden ist. Wenn sich der Live-Support nicht auf der Subyshare-Site befindet, wird dem Benutzer mitgeteilt, dass er sein Anliegen immer \u00fcber das Kontaktformular, das das Ticket f\u00fcr den Subyshare-Support ist, einreichen wird.<\/p>\n\n\n<a class=\"maxbutton-2 maxbutton maxbutton-cta\" target=\"_blank\" rel=\"nofollow noopener\" href=\"\/go\/\"><span class='mb-text'>&gt;&gt; Gehen Sie zur Original Linkifier Website<\/span><\/a>\n\n\n<p><\/p>\n","protected":false},"excerpt":{"rendered":"<p>Subyshare: Was ist das? Subyshare ist ein Datei-Hoster, der online Speicherplatz oder Sicherungskopien zur Verf\u00fcgung stellt. Er verf\u00fcgt \u00fcber Werkzeuge<\/p>\n","protected":false},"author":2,"featured_media":0,"parent":0,"menu_order":0,"comment_status":"closed","ping_status":"closed","template":"","meta":[],"yoast_head":"<!-- This site is optimized with the Yoast SEO plugin v18.3 - https:\/\/yoast.com\/wordpress\/plugins\/seo\/ -->\n<title>Subyshare Premium Konto: Der Filehoster Auf Einen Blick<\/title>\n<meta name=\"description\" content=\"Ist Subyshare ein seri\u00f6ser Anbieter oder nicht, finden Sie die Antwort im aktuellen Test auf Multihoster.org \u279c Klicken Sie jetzt \u271a und lesen Sie unsere Erfahrungen!\" \/>\n<meta name=\"robots\" content=\"index, follow, max-snippet:-1, max-image-preview:large, max-video-preview:-1\" \/>\n<link rel=\"canonical\" href=\"https:\/\/multihoster.org\/de\/subyshare\/\" \/>\n<meta property=\"og:locale\" content=\"de_DE\" \/>\n<meta property=\"og:type\" content=\"article\" \/>\n<meta property=\"og:title\" content=\"Subyshare Premium Konto: Der Filehoster Auf Einen Blick\" \/>\n<meta property=\"og:description\" content=\"Ist Subyshare ein seri\u00f6ser Anbieter oder nicht, finden Sie die Antwort im aktuellen Test auf Multihoster.org \u279c Klicken Sie jetzt \u271a und lesen Sie unsere Erfahrungen!\" \/>\n<meta property=\"og:url\" content=\"https:\/\/multihoster.org\/de\/subyshare\/\" \/>\n<meta property=\"og:site_name\" content=\"Multihoster.org\" \/>\n<meta property=\"article:modified_time\" content=\"2020-04-08T14:05:25+00:00\" \/>\n<meta property=\"og:image\" content=\"https:\/\/lh5.googleusercontent.com\/UquMrYbmLRQkC4EBiJecFA3UlFC8z2rcSYEBDawVt67_570UGuXawyAmBDVWM9MxQSfW0OIuqUrBIrg9tjN2n_xBKq3D3lCZsTGllywdzLY9OVZDET9XWc7Al_AHCd3-fCv95xM\" \/>\n<meta name=\"twitter:card\" content=\"summary\" \/>\n<meta name=\"twitter:label1\" content=\"Gesch\u00e4tzte Lesezeit\" \/>\n\t<meta name=\"twitter:data1\" content=\"8\u00a0Minuten\" \/>\n<script type=\"application\/ld+json\" class=\"yoast-schema-graph\">{\"@context\":\"https:\/\/schema.org\",\"@graph\":[{\"@type\":\"WebSite\",\"@id\":\"https:\/\/multihoster.org\/#website\",\"url\":\"https:\/\/multihoster.org\/\",\"name\":\"Multihoster.org\",\"description\":\"Reviews of the major Filehosting services\",\"potentialAction\":[{\"@type\":\"SearchAction\",\"target\":{\"@type\":\"EntryPoint\",\"urlTemplate\":\"https:\/\/multihoster.org\/?s={search_term_string}\"},\"query-input\":\"required name=search_term_string\"}],\"inLanguage\":\"de\"},{\"@type\":\"ImageObject\",\"@id\":\"https:\/\/multihoster.org\/de\/subyshare\/#primaryimage\",\"inLanguage\":\"de\",\"url\":\"https:\/\/lh5.googleusercontent.com\/UquMrYbmLRQkC4EBiJecFA3UlFC8z2rcSYEBDawVt67_570UGuXawyAmBDVWM9MxQSfW0OIuqUrBIrg9tjN2n_xBKq3D3lCZsTGllywdzLY9OVZDET9XWc7Al_AHCd3-fCv95xM\",\"contentUrl\":\"https:\/\/lh5.googleusercontent.com\/UquMrYbmLRQkC4EBiJecFA3UlFC8z2rcSYEBDawVt67_570UGuXawyAmBDVWM9MxQSfW0OIuqUrBIrg9tjN2n_xBKq3D3lCZsTGllywdzLY9OVZDET9XWc7Al_AHCd3-fCv95xM\"},{\"@type\":\"WebPage\",\"@id\":\"https:\/\/multihoster.org\/de\/subyshare\/#webpage\",\"url\":\"https:\/\/multihoster.org\/de\/subyshare\/\",\"name\":\"Subyshare Premium Konto: Der Filehoster Auf Einen Blick\",\"isPartOf\":{\"@id\":\"https:\/\/multihoster.org\/#website\"},\"primaryImageOfPage\":{\"@id\":\"https:\/\/multihoster.org\/de\/subyshare\/#primaryimage\"},\"datePublished\":\"2020-04-08T13:13:08+00:00\",\"dateModified\":\"2020-04-08T14:05:25+00:00\",\"description\":\"Ist Subyshare ein seri\u00f6ser Anbieter oder nicht, finden Sie die Antwort im aktuellen Test auf Multihoster.org \u279c Klicken Sie jetzt \u271a und lesen Sie unsere Erfahrungen!\",\"breadcrumb\":{\"@id\":\"https:\/\/multihoster.org\/de\/subyshare\/#breadcrumb\"},\"inLanguage\":\"de\",\"potentialAction\":[{\"@type\":\"ReadAction\",\"target\":[\"https:\/\/multihoster.org\/de\/subyshare\/\"]}]},{\"@type\":\"BreadcrumbList\",\"@id\":\"https:\/\/multihoster.org\/de\/subyshare\/#breadcrumb\",\"itemListElement\":[{\"@type\":\"ListItem\",\"position\":1,\"name\":\"Startseite\",\"item\":\"https:\/\/multihoster.org\/de\/\"},{\"@type\":\"ListItem\",\"position\":2,\"name\":\"Subyshare Premium Konto: Der Filehoster Auf Einen Blick\"}]}]}<\/script>\n<!-- \/ Yoast SEO plugin. -->","yoast_head_json":{"title":"Subyshare Premium Konto: Der Filehoster Auf Einen Blick","description":"Ist Subyshare ein seri\u00f6ser Anbieter oder nicht, finden Sie die Antwort im aktuellen Test auf Multihoster.org \u279c Klicken Sie jetzt \u271a und lesen Sie unsere Erfahrungen!","robots":{"index":"index","follow":"follow","max-snippet":"max-snippet:-1","max-image-preview":"max-image-preview:large","max-video-preview":"max-video-preview:-1"},"canonical":"https:\/\/multihoster.org\/de\/subyshare\/","og_locale":"de_DE","og_type":"article","og_title":"Subyshare Premium Konto: Der Filehoster Auf Einen Blick","og_description":"Ist Subyshare ein seri\u00f6ser Anbieter oder nicht, finden Sie die Antwort im aktuellen Test auf Multihoster.org \u279c Klicken Sie jetzt \u271a und lesen Sie unsere Erfahrungen!","og_url":"https:\/\/multihoster.org\/de\/subyshare\/","og_site_name":"Multihoster.org","article_modified_time":"2020-04-08T14:05:25+00:00","og_image":[{"url":"https:\/\/lh5.googleusercontent.com\/UquMrYbmLRQkC4EBiJecFA3UlFC8z2rcSYEBDawVt67_570UGuXawyAmBDVWM9MxQSfW0OIuqUrBIrg9tjN2n_xBKq3D3lCZsTGllywdzLY9OVZDET9XWc7Al_AHCd3-fCv95xM"}],"twitter_card":"summary","twitter_misc":{"Gesch\u00e4tzte Lesezeit":"8\u00a0Minuten"},"schema":{"@context":"https:\/\/schema.org","@graph":[{"@type":"WebSite","@id":"https:\/\/multihoster.org\/#website","url":"https:\/\/multihoster.org\/","name":"Multihoster.org","description":"Reviews of the major Filehosting services","potentialAction":[{"@type":"SearchAction","target":{"@type":"EntryPoint","urlTemplate":"https:\/\/multihoster.org\/?s={search_term_string}"},"query-input":"required name=search_term_string"}],"inLanguage":"de"},{"@type":"ImageObject","@id":"https:\/\/multihoster.org\/de\/subyshare\/#primaryimage","inLanguage":"de","url":"https:\/\/lh5.googleusercontent.com\/UquMrYbmLRQkC4EBiJecFA3UlFC8z2rcSYEBDawVt67_570UGuXawyAmBDVWM9MxQSfW0OIuqUrBIrg9tjN2n_xBKq3D3lCZsTGllywdzLY9OVZDET9XWc7Al_AHCd3-fCv95xM","contentUrl":"https:\/\/lh5.googleusercontent.com\/UquMrYbmLRQkC4EBiJecFA3UlFC8z2rcSYEBDawVt67_570UGuXawyAmBDVWM9MxQSfW0OIuqUrBIrg9tjN2n_xBKq3D3lCZsTGllywdzLY9OVZDET9XWc7Al_AHCd3-fCv95xM"},{"@type":"WebPage","@id":"https:\/\/multihoster.org\/de\/subyshare\/#webpage","url":"https:\/\/multihoster.org\/de\/subyshare\/","name":"Subyshare Premium Konto: Der Filehoster Auf Einen Blick","isPartOf":{"@id":"https:\/\/multihoster.org\/#website"},"primaryImageOfPage":{"@id":"https:\/\/multihoster.org\/de\/subyshare\/#primaryimage"},"datePublished":"2020-04-08T13:13:08+00:00","dateModified":"2020-04-08T14:05:25+00:00","description":"Ist Subyshare ein seri\u00f6ser Anbieter oder nicht, finden Sie die Antwort im aktuellen Test auf Multihoster.org \u279c Klicken Sie jetzt \u271a und lesen Sie unsere Erfahrungen!","breadcrumb":{"@id":"https:\/\/multihoster.org\/de\/subyshare\/#breadcrumb"},"inLanguage":"de","potentialAction":[{"@type":"ReadAction","target":["https:\/\/multihoster.org\/de\/subyshare\/"]}]},{"@type":"BreadcrumbList","@id":"https:\/\/multihoster.org\/de\/subyshare\/#breadcrumb","itemListElement":[{"@type":"ListItem","position":1,"name":"Startseite","item":"https:\/\/multihoster.org\/de\/"},{"@type":"ListItem","position":2,"name":"Subyshare Premium Konto: Der Filehoster Auf Einen Blick"}]}]}},"_links":{"self":[{"href":"https:\/\/multihoster.org\/de\/wp-json\/wp\/v2\/pages\/3439"}],"collection":[{"href":"https:\/\/multihoster.org\/de\/wp-json\/wp\/v2\/pages"}],"about":[{"href":"https:\/\/multihoster.org\/de\/wp-json\/wp\/v2\/types\/page"}],"author":[{"embeddable":true,"href":"https:\/\/multihoster.org\/de\/wp-json\/wp\/v2\/users\/2"}],"replies":[{"embeddable":true,"href":"https:\/\/multihoster.org\/de\/wp-json\/wp\/v2\/comments?post=3439"}],"version-history":[{"count":1,"href":"https:\/\/multihoster.org\/de\/wp-json\/wp\/v2\/pages\/3439\/revisions"}],"predecessor-version":[{"id":3451,"href":"https:\/\/multihoster.org\/de\/wp-json\/wp\/v2\/pages\/3439\/revisions\/3451"}],"wp:attachment":[{"href":"https:\/\/multihoster.org\/de\/wp-json\/wp\/v2\/media?parent=3439"}],"curies":[{"name":"wp","href":"https:\/\/api.w.org\/{rel}","templated":true}]}}