{"id":3553,"date":"2020-04-15T09:17:01","date_gmt":"2020-04-15T09:17:01","guid":{"rendered":"https:\/\/multihoster.org\/upstore-premium-account-the-filehoster-at-a-glance\/"},"modified":"2020-04-15T10:19:41","modified_gmt":"2020-04-15T10:19:41","slug":"upstore","status":"publish","type":"page","link":"https:\/\/multihoster.org\/de\/upstore\/","title":{"rendered":"Upstore Premium Konto: Der Filehoster Auf Einen Blick"},"content":{"rendered":"<a class=\"maxbutton-2 maxbutton maxbutton-cta\" target=\"_blank\" rel=\"nofollow noopener\" href=\"\/go\/\"><span class='mb-text'>&gt;&gt; Gehen Sie zur Original Linkifier Website<\/span><\/a>\n\n\n<p><\/p>\n\n\n\n<h2>\u00dcber Upstore<\/h2>\n\n\n\n<p>Durch die heutige Modernisierung dieser Generation ist das Cloud-Netzwerk die beste M\u00f6glichkeit zur Verwaltung von Daten und Dateien. Es ist ein Netzwerk, in dem Ger\u00e4te mit <a rel=\"noreferrer noopener\" aria-label=\"Cloud-Diensten (opens in a new tab)\" href=\"https:\/\/www.techopedia.com\/definition\/29017\/cloud-services\" target=\"_blank\">Cloud-Diensten<\/a> und <a rel=\"noreferrer noopener\" aria-label=\"Servern  (opens in a new tab)\" href=\"https:\/\/www.computerhope.com\/jargon\/s\/server.htm\" target=\"_blank\">Servern <\/a>verbunden sind. Informationstechniker haben diese Dateiablage in der Wolke namens Upstore entwickelt, und Maxiwebconsulting Ltd. ist diejenige, die die Upstore-Dienste betreibt.<\/p>\n\n\n\n<p>Upstore kann den Benutzern helfen, ihre Dateien jederzeit an Ort und Stelle und sicher aufzubewahren. Die vom Benutzer hinzugef\u00fcgten Dateien k\u00f6nnen auch von anderen Benutzern heruntergeladen werden. Diese k\u00f6nnen ebenfalls von den Benutzern gemeinsam genutzt und verwaltet werden, unabh\u00e4ngig davon, ob sie als Benutzer mit einem kostenlosen oder einem Premium-Account registriert sind.<\/p>\n\n\n\n<p>Gerne kann Upstore jede Art von Dateien wie Videos, Lieder, Dokumente und Bilder behalten, solange die hochgeladenen Dateien mit den Upstore-Bedingungen \u00fcbereinstimmen.<\/p>\n\n\n\n<p>Es ist sehr n\u00fctzlich und bequem f\u00fcr Menschen, besonders f\u00fcr Studenten und f\u00fcr Gesch\u00e4ftsleute, weil sie ihre Dateien speichern, herunterladen und mitnehmen k\u00f6nnen, ohne dass sie Flash-Laufwerke, Speicherkarten oder externe Festplatten ben\u00f6tigen, aber nat\u00fcrlich mit Hilfe der Internetverbindungen an jedem beliebigen Ort.<\/p>\n\n\n\n<h3>Benutzeroberfl\u00e4che von Upstore<\/h3>\n\n\n\n<p>Wenn wir \u00fcber die Benutzeroberfl\u00e4che von Upstore sprechen, k\u00f6nnen wir sagen, dass ihre Schnittstelle sehr einfach oder sehr simpel ist. Die Benutzer k\u00f6nnen leicht durch die Schaltfl\u00e4chen, Funktionen und Merkmale der Website navigieren. Die Benutzer k\u00f6nnen jedoch alle Funktionen und Dienstleistungen von Upstore nutzen, wenn sie sich registrieren und einen Upstore Premium-Plan abschlie\u00dfen.<\/p>\n\n\n\n<h2>Upstore Kostenloses und Premium-Konto<\/h2>\n\n\n\n<h3>Kostenloses Konto<\/h3>\n\n\n\n<p>Upstore ist gro\u00dfz\u00fcgig zu Menschen, insbesondere zu denen, die sich den Kauf des Upstore Premium-Accounts nicht leisten k\u00f6nnen. Daher haben sie den kostenlosen Account so gestaltet, dass jeder die Upstore-Dienstleistungen nutzen kann, aber nat\u00fcrlich hat ein kostenloser Account Einschr\u00e4nkungen, z. B. in Bezug auf die Upload- und Download-Geschwindigkeit, Speichergr\u00f6\u00dfe, Dateigr\u00f6\u00dfe und Bandbreite. Kostenlose Upstore-Konten werden meist von Personen genutzt, die ihre Dateien nur f\u00fcr kurze Zeit aufbewahren m\u00fcssen. Ja, Sie k\u00f6nnen Upstore als tempor\u00e4ren Speicher verwenden.<\/p>\n\n\n\n<p>Im Folgenden finden Sie die Vorteile, wenn Sie das kostenlose Konto von Upstore nutzen:<\/p>\n\n\n\n<ul><li>Benutzer k\u00f6nnen nicht viele Dateien gleichzeitig hochladen.<\/li><li> Die Geschwindigkeit f\u00fcr das Herunterladen ist langsam und die Downloads beginnen nicht sofort.<\/li><li> Benutzer k\u00f6nnen nicht viele Dateien hoch- oder herunterladen. Sie sollten warten, bis die einzelne Datei fertig heruntergeladen ist, um eine andere Datei erneut herunterzuladen.<\/li><li> Die angegebene Bandbreite betr\u00e4gt bis zu 6 Gigabyte (6 GB) pro Tag.<\/li><li> Die Gr\u00f6\u00dfe f\u00fcr Dateien, die heruntergeladen werden m\u00fcssen, betr\u00e4gt nur bis zu zwei Gigabyte (2) GB<\/li><li> Die Gr\u00f6\u00dfe der hochzuladenden Datei betr\u00e4gt nur bis zu 2 GB.<\/li><li> F\u00fcr die Speicherung der Dateien steht nur eine begrenzte Zeit zur Verf\u00fcgung. Die Dateien werden nur f\u00fcr eine kurze Zeit auf dem Cloud-Server gespeichert.<\/li><li> Es besteht immer die Notwendigkeit, das Captcha einzugeben.<\/li><li> Benutzer m\u00fcssen nicht f\u00fcr das kostenlose Upstore-Konto bezahlen, um es zu benutzen.<\/li><li> Benutzer k\u00f6nnen Werbung auf der Seite<\/li><li> Die Links zum Herunterladen sind nur f\u00fcr kurze Zeit g\u00fcltig.<\/li><\/ul>\n\n\n\n<h3>Premium-Konto<\/h3>\n\n\n\n<p>Wenn ein Benutzer schnell und ohne st\u00f6rende Werbung hoch- und herunterladen m\u00f6chte, sollte er oder sie den Upstore Premium-Account-Plan erhalten. Au\u00dferdem kann ein Benutzer sein kostenloses Konto in ein Premium-Konto umwandeln, aber er muss f\u00fcr den Preisbetrag bezahlen. <\/p>\n\n\n\n<p>Das Upstore Premium-Konto wird haupts\u00e4chlich von Personen genutzt, die ihre Dateien lange aufbewahren m\u00fcssen. Ja, Sie k\u00f6nnen Upstore als Ihren permanenten Speicherplatz verwenden.<\/p>\n\n\n\n<p>Im Folgenden finden Sie die Vorteile, wenn Sie das Premium-Konto von Upstore nutzen:<\/p>\n\n\n\n<ul><li>Benutzer k\u00f6nnen viele Dateien gleichzeitig hoch- und herunterladen<\/li><li> Benutzer k\u00f6nnen eine Datei sofort und ohne Langsamkeit mit nur einem Klick auf die Download-Schaltfl\u00e4che herunterladen<\/li><li> Die Download-Geschwindigkeit f\u00fcr Benutzer betr\u00e4gt bis zu 1000 Mbps<\/li><li> Die angegebene Bandbreite betr\u00e4gt bis zu zwanzig Gigabyte (20 GB) pro Tag.<\/li><li> Die Gr\u00f6\u00dfe der hochzuladenden Datei betr\u00e4gt bis zu f\u00fcnf Gigabyte (5 GB)<\/li><li> Es gibt keine zeitliche Begrenzung f\u00fcr die Speicherung der Dateien. Die Dateien werden f\u00fcr eine bestimmte Zeit auf dem Cloud-Server gespeichert.<\/li><li> Es besteht keine Notwendigkeit, das <a rel=\"noreferrer noopener\" aria-label=\"Captcha  (opens in a new tab)\" href=\"https:\/\/www.pandasecurity.com\/mediacenter\/panda-security\/what-is-captcha\/\" target=\"_blank\">Captcha <\/a>einzugeben.<\/li><li> Es gibt kein Zeitlimit f\u00fcr das Herunterladen von Dateien<\/li><li> Benutzer sollten den Preis des Upstore Premium Account-Plans bezahlen.<\/li><li> Die Seite enth\u00e4lt keine Werbung<\/li><li> Der Link einer freizugebenden Datei kann von einem Benutzer mit einem Passwort versehen werden.<\/li><li> Die Links zum Herunterladen sind f\u00fcr lange Zeit g\u00fcltig.<\/li><\/ul>\n\n\n\n<h2>Hat Upstore irgendwelche Einschr\u00e4nkungen?<\/h2>\n\n\n\n<p>Ja, das hat es. Upstore bietet Einschr\u00e4nkungen f\u00fcr kostenlose oder nicht registrierte Benutzer: Die Einschr\u00e4nkungen sind die folgenden:<\/p>\n\n\n\n<ul><li>F\u00fcr kostenlose Benutzer und nicht registrierte Benutzer stellt Upstore bis zu 6000 MB pro Tag f\u00fcr Downloads, maximal zwei Gigabyte (2 GB) f\u00fcr die Gr\u00f6\u00dfe der Datei-Uploads und maximal zwei Gigabyte (2 GB) f\u00fcr die Gr\u00f6\u00dfe der Datei-Downloads zur Verf\u00fcgung.<\/li><li> F\u00fcr Premium-Benutzer &#8211; Upstore stellt ihnen bis zu 20.000 MB pro Tag f\u00fcr Downloads zur Verf\u00fcgung, maximal f\u00fcnf Gigabyte (5 GB) f\u00fcr die Gr\u00f6\u00dfe der Datei-Uploads und maximal zwei Gigabyte (2 GB) f\u00fcr die Gr\u00f6\u00dfe der Datei-Downloads, und die Gr\u00f6\u00dfe der Datei-Downloads ist unbegrenzt.<\/li><\/ul>\n\n\n\n<h2>Wie viel kostet das Premium-Konto von Upstore?<\/h2>\n\n\n\n<p>Gute Nachrichten f\u00fcr alle! Das Upstore Premium-Konto ist nicht so teuer. Ja, viele Leute k\u00f6nnen es sich leisten, dieses Upstore-Konto zu bekommen. Benutzer k\u00f6nnen aus vier (4) verschiedenen Arten von Upstore-Premium-Abonnements w\u00e4hlen. Diese beinhalten die unten aufgef\u00fchrten Preise der Pl\u00e4ne:<\/p>\n\n\n\n<figure class=\"wp-block-table\"><table class=\"\"><tbody><tr><td class=\"has-text-align-center\" data-align=\"center\"><strong>Upstore Premium-Pl\u00e4ne <\/strong><\/td><\/tr><\/tbody><\/table><\/figure>\n\n\n\n<figure class=\"wp-block-table\"><table class=\"\"><tbody><tr><td>L\u00e4nge der Zeit <\/td><td> Vorteile <\/td><td> Preise <\/td><td>Preise pro Tag <\/td><\/tr><tr><td>Nur f\u00fcr 1 Monat und 3 Tage <\/td><td>Maximal 10 Dateien k\u00f6nnen gleichzeitig heruntergeladen werden <\/td><td> 11.95 \u20ac <\/td><td> 0.36 \u20ac <\/td><\/tr><tr><td>F\u00fcr 3 Monate <\/td><td>Die Bandbreite betr\u00e4gt bis zu 20 GB pro Tag <\/td><td> 25 \u20ac <\/td><td> 0.28 \u20ac <\/td><\/tr><tr><td>F\u00fcr 6 Monate <\/td><td>Die Geschwindigkeit f\u00fcr Downloads betr\u00e4gt bis zu 1000 Mbps <\/td><td> 45 \u20ac <\/td><td> 25 \u20ac <\/td><\/tr><tr><td>F\u00fcr 1 Jahr oder 12 Monate <\/td><td>V\u00f6llig sicher mit seiner hohen Geschwindigkeit <\/td><td> 75 \u20ac <\/td><td> 0.21 \u20ac <\/td><\/tr><\/tbody><\/table><\/figure>\n\n\n<a class=\"maxbutton-2 maxbutton maxbutton-cta\" target=\"_blank\" rel=\"nofollow noopener\" href=\"\/go\/\"><span class='mb-text'>&gt;&gt; Gehen Sie zur Original Linkifier Website<\/span><\/a>\n\n\n<p><\/p>\n\n\n\n<h2>Zahlung f\u00fcr Upstore Premium-Konto<\/h2>\n\n\n\n<p>Wenn Benutzer den Upstore-Premium-Account erhalten m\u00f6chten, gibt es bei Upstore verschiedene Methoden, wie sie ihr Abonnement bezahlen k\u00f6nnen. In der untenstehenden Tabelle finden Sie die verschiedenen Zahlungsmethoden von Upstore.<\/p>\n\n\n\n<figure class=\"wp-block-table\"><table class=\"\"><tbody><tr><td class=\"has-text-align-center\" data-align=\"center\"><strong>DIE UPSTORE-ZAHLUNGSMETHODEN <\/strong><\/td><\/tr><\/tbody><\/table><\/figure>\n\n\n\n<figure class=\"wp-block-table\"><table class=\"\"><tbody><tr><td class=\"has-text-align-center\" data-align=\"center\"><strong>F\u00fcr Visa- oder MasterCard-Karten (Kreditkarten) <\/strong><\/td><td class=\"has-text-align-center\" data-align=\"center\"><strong>F\u00fcr Kunden, die europ\u00e4isch sind<\/strong><\/td><\/tr><tr><td class=\"has-text-align-center\" data-align=\"center\"><img loading=\"lazy\" width=\"408\" height=\"54\" class=\"wp-image-3541\" style=\"width: 150px;\" src=\"https:\/\/multihoster.org\/wp-content\/uploads\/2020\/04\/Visa-or-MasterCard-Cards-Credit-Cards.png\" alt=\"Visa or MasterCard Cards (Credit Cards)\" srcset=\"https:\/\/multihoster.org\/wp-content\/uploads\/2020\/04\/Visa-or-MasterCard-Cards-Credit-Cards.png 408w, https:\/\/multihoster.org\/wp-content\/uploads\/2020\/04\/Visa-or-MasterCard-Cards-Credit-Cards-300x40.png 300w\" sizes=\"(max-width: 408px) 100vw, 408px\" \/><br>Visa-Karte, MasterCard-Karte, Maestro, Geschenkkarte und Pay-Karte <\/td><td class=\"has-text-align-center\" data-align=\"center\"><img loading=\"lazy\" width=\"290\" height=\"46\" class=\"wp-image-3532\" style=\"width: 150px;\" src=\"https:\/\/multihoster.org\/wp-content\/uploads\/2020\/04\/Payment-method-of-customers-who-are-European.png\" alt=\"Payment method of customers who are European\"><br>Visa-Karte, MasterCard, Qiwi, WebMoney und Moneta <\/td><\/tr><tr><td class=\"has-text-align-center\" data-align=\"center\"><strong>F\u00fcr E-Payment und Alternativen <\/strong><\/td><td class=\"has-text-align-center\" data-align=\"center\"><strong>F\u00fcr Paysera oder \u00dcberweisung <\/strong><\/td><\/tr><tr><td class=\"has-text-align-center\" data-align=\"center\"><img loading=\"lazy\" width=\"401\" height=\"43\" class=\"wp-image-3523\" style=\"width: 150px;\" src=\"https:\/\/multihoster.org\/wp-content\/uploads\/2020\/04\/For-E-Payment-and-Alternatives.png\" alt=\"For E-Payment and Alternatives\" srcset=\"https:\/\/multihoster.org\/wp-content\/uploads\/2020\/04\/For-E-Payment-and-Alternatives.png 401w, https:\/\/multihoster.org\/wp-content\/uploads\/2020\/04\/For-E-Payment-and-Alternatives-300x32.png 300w, https:\/\/multihoster.org\/wp-content\/uploads\/2020\/04\/For-E-Payment-and-Alternatives-392x43.png 392w, https:\/\/multihoster.org\/wp-content\/uploads\/2020\/04\/For-E-Payment-and-Alternatives-390x43.png 390w\" sizes=\"(max-width: 401px) 100vw, 401px\" \/><img loading=\"lazy\" width=\"177\" height=\"45\" class=\"wp-image-3514\" style=\"width: 70px;\" src=\"https:\/\/multihoster.org\/wp-content\/uploads\/2020\/04\/For-E-Payment-and-Alternatives-1.png\" alt=\"For E-Payment and Alternatives\"> <br>Bitcoin, Alipay, PaySafe, WM, Paymer, Ideal, Przelewy 24, MyBank und andere digitale Brieftaschen <\/td><td class=\"has-text-align-center\" data-align=\"center\"><img loading=\"lazy\" width=\"286\" height=\"48\" class=\"wp-image-3505\" style=\"width: 150px;\" src=\"https:\/\/multihoster.org\/wp-content\/uploads\/2020\/04\/For-Paysera-or-Wire-Transfer.png\" alt=\"For Paysera or Wire Transfer\"><img loading=\"lazy\" width=\"57\" height=\"41\" class=\"wp-image-3496\" style=\"width: 34px;\" src=\"https:\/\/multihoster.org\/wp-content\/uploads\/2020\/04\/For-Paysera-or-Wire-Transfer-1.png\" alt=\"For Paysera or Wire Transfer\"><br>cashU, Sicherheitsgeld, \u00dcberweisung oder Bank\u00fcberweisung, Euro-Geld, Paysera <\/td><\/tr><\/tbody><\/table><\/figure>\n\n\n\n<p>Ein Benutzer kann sich per E-Mail oder Helpdesk an Upstore wenden, wenn er ein Problem mit der Bezahlung hat oder wenn er Hilfe bei der Bezahlung des Upstore-Premiumkontos ben\u00f6tigt.<\/p>\n\n\n\n<h2>Hochladen auf Upstore<\/h2>\n\n\n\n<p>Die Upstore-Server befinden sich am europ\u00e4ischen Standort. Wenn also ein Benutzer im anderen Land eine Datei hochl\u00e4dt, kann es etwas langsamer sein, aber Upstore strebt derzeit die Entwicklung eines zus\u00e4tzlichen Servers in anderen L\u00e4ndern au\u00dferhalb Europas an.<\/p>\n\n\n\n<p>Ein Benutzer kann verschiedene Arten einer Datei hochladen, Upstore verbietet jedoch die anderen Dateitypen. Siehe unten, um die verbotenen Dateitypen zu kennen.<\/p>\n\n\n\n<p>Verbotene Dateitypen, die auf Upstore hochgeladen werden d\u00fcrfen:<\/p>\n\n\n\n<ul><li>Akten mit Gewalt<\/li><li> Dateien mit allen Arten von Pornos<\/li><li> Andere Akten, die nicht mit den amerikanischen oder europ\u00e4ischen Gesetzen \u00fcbereinstimmen.<\/li><\/ul>\n\n\n\n<p>Au\u00dferdem bietet Upstore einen Dienst, bei dem Benutzer eine Datei auch unter Verwendung beliebiger Torrents hochladen k\u00f6nnen.<\/p>\n\n\n\n<p>Das Hochladen von Dateien ist f\u00fcr nicht registrierte Benutzer und kostenlose Benutzer beschr\u00e4nkt, daher wird empfohlen, dass ein Benutzer \u00fcber ein Upstore Premium-Konto verf\u00fcgt (jeder Upstore Premium-Plan).<\/p>\n\n\n\n<p>Das Hochladen einer Datei kann manchmal sehr lange dauern, so dass die Benutzer die Stabilit\u00e4t und Geschwindigkeit ihrer Internetverbindung, die sie gerade benutzen, \u00fcberpr\u00fcfen m\u00fcssen.<\/p>\n\n\n\n<h2>Anmelden f\u00fcr ein Upstore-Konto<\/h2>\n\n\n\n<p>Wenn Sie Ihre Dateien behalten oder mit anderen teilen m\u00f6chten, ist Upstore eine L\u00f6sung, auf die Sie sich verlassen k\u00f6nnen. Upstore ist f\u00fcr alle Benutzer und ist kostenlos. Jeder kann sich hier jederzeit anmelden, wenn er ein Konto bei Upstore haben m\u00f6chte.<\/p>\n\n\n\n<p>Ein Konto hier bei Upstore zu haben, ist einfach und unkompliziert. Ein Benutzer braucht nur seine oder ihre Daten in das Formular einzutragen und es abzuschicken. F\u00fcr das Formular m\u00fcssen die Benutzer nur ihre E-Mail-Adresse angeben und es dann abschicken. Danach k\u00f6nnen die Benutzer damit beginnen, Dateien in ihren Konten zu verwalten, hoch- und herunterzuladen.<\/p>\n\n\n\n<h2>Abonnements auf Upstore<\/h2>\n\n\n\n<p>Wenn ein Benutzerabonnement f\u00fcr einen (1) Monat oder drei (3) Monate Upstore-Premiumplan bezahlt wird, kann er f\u00fcr sein Abonnement die Kontrolle dar\u00fcber haben, ob die Abonnements manuell oder automatisch auf dem Dashboard des Benutzers eingestellt werden sollen. <\/p>\n\n\n\n<h2>Hilfe von Upstore<\/h2>\n\n\n\n<p>Leider hat Upstore keinen Support f\u00fcr Chats oder Anrufe, aber registrierte oder nicht registrierte Upstore-Benutzer k\u00f6nnen Upstore \u00fcber ihre Helpdesk-Mitarbeiter erreichen oder die Benutzer kontaktieren sie normalerweise per E-Mail und fragen dann nach, welche Anfragen sie haben.<\/p>\n\n\n\n<h2>Irgendwelche Vorschl\u00e4ge f\u00fcr Upstore<\/h2>\n\n\n\n<p>Die Hilfe des Supports ist f\u00fcr alle Benutzer von Upstore sehr notwendig. F\u00fcr jede Art von Benutzer wird vorgeschlagen, dass Upstore Unterst\u00fctzung f\u00fcr Chats und Anrufe haben sollte, so dass die Leute sie in Echtzeit erreichen k\u00f6nnen und das Upstore-Support-Team die Anfragen der Benutzer sofort beantworten kann und sie die L\u00f6sungen f\u00fcr das Problem der Benutzer tats\u00e4chlich anleiten k\u00f6nnen.<\/p>\n\n\n<a class=\"maxbutton-2 maxbutton maxbutton-cta\" target=\"_blank\" rel=\"nofollow noopener\" href=\"\/go\/\"><span class='mb-text'>&gt;&gt; Gehen Sie zur Original Linkifier Website<\/span><\/a>\n\n\n<p><\/p>\n","protected":false},"excerpt":{"rendered":"<p>\u00dcber Upstore Durch die heutige Modernisierung dieser Generation ist das Cloud-Netzwerk die beste M\u00f6glichkeit zur Verwaltung von Daten und Dateien.<\/p>\n","protected":false},"author":2,"featured_media":0,"parent":0,"menu_order":0,"comment_status":"closed","ping_status":"closed","template":"","meta":[],"yoast_head":"<!-- This site is optimized with the Yoast SEO plugin v18.3 - https:\/\/yoast.com\/wordpress\/plugins\/seo\/ -->\n<title>Upstore Premium Konto: Der Filehoster Auf Einen Blick<\/title>\n<meta name=\"description\" content=\"Ist Upstore ein seri\u00f6ser Anbieter oder nicht, finden Sie die Antwort im aktuellen Test auf Multihoster.org \u279c Klicken Sie jetzt \u271a und lesen Sie unsere Erfahrungen!\" \/>\n<meta name=\"robots\" content=\"index, follow, max-snippet:-1, max-image-preview:large, max-video-preview:-1\" \/>\n<link rel=\"canonical\" href=\"https:\/\/multihoster.org\/de\/upstore\/\" \/>\n<meta property=\"og:locale\" content=\"de_DE\" \/>\n<meta property=\"og:type\" content=\"article\" \/>\n<meta property=\"og:title\" content=\"Upstore Premium Konto: Der Filehoster Auf Einen Blick\" \/>\n<meta property=\"og:description\" content=\"Ist Upstore ein seri\u00f6ser Anbieter oder nicht, finden Sie die Antwort im aktuellen Test auf Multihoster.org \u279c Klicken Sie jetzt \u271a und lesen Sie unsere Erfahrungen!\" \/>\n<meta property=\"og:url\" content=\"https:\/\/multihoster.org\/de\/upstore\/\" \/>\n<meta property=\"og:site_name\" content=\"Multihoster.org\" \/>\n<meta property=\"article:modified_time\" content=\"2020-04-15T10:19:41+00:00\" \/>\n<meta property=\"og:image\" content=\"https:\/\/multihoster.org\/wp-content\/uploads\/2020\/04\/Visa-or-MasterCard-Cards-Credit-Cards.png\" \/>\n<meta name=\"twitter:card\" content=\"summary\" \/>\n<meta name=\"twitter:label1\" content=\"Gesch\u00e4tzte Lesezeit\" \/>\n\t<meta name=\"twitter:data1\" content=\"8\u00a0Minuten\" \/>\n<script type=\"application\/ld+json\" class=\"yoast-schema-graph\">{\"@context\":\"https:\/\/schema.org\",\"@graph\":[{\"@type\":\"WebSite\",\"@id\":\"https:\/\/multihoster.org\/#website\",\"url\":\"https:\/\/multihoster.org\/\",\"name\":\"Multihoster.org\",\"description\":\"Reviews of the major Filehosting services\",\"potentialAction\":[{\"@type\":\"SearchAction\",\"target\":{\"@type\":\"EntryPoint\",\"urlTemplate\":\"https:\/\/multihoster.org\/?s={search_term_string}\"},\"query-input\":\"required name=search_term_string\"}],\"inLanguage\":\"de\"},{\"@type\":\"ImageObject\",\"@id\":\"https:\/\/multihoster.org\/de\/upstore\/#primaryimage\",\"inLanguage\":\"de\",\"url\":\"https:\/\/multihoster.org\/wp-content\/uploads\/2020\/04\/Visa-or-MasterCard-Cards-Credit-Cards.png\",\"contentUrl\":\"https:\/\/multihoster.org\/wp-content\/uploads\/2020\/04\/Visa-or-MasterCard-Cards-Credit-Cards.png\",\"width\":408,\"height\":54,\"caption\":\"Visa or MasterCard Cards (Credit Cards)\"},{\"@type\":\"WebPage\",\"@id\":\"https:\/\/multihoster.org\/de\/upstore\/#webpage\",\"url\":\"https:\/\/multihoster.org\/de\/upstore\/\",\"name\":\"Upstore Premium Konto: Der Filehoster Auf Einen Blick\",\"isPartOf\":{\"@id\":\"https:\/\/multihoster.org\/#website\"},\"primaryImageOfPage\":{\"@id\":\"https:\/\/multihoster.org\/de\/upstore\/#primaryimage\"},\"datePublished\":\"2020-04-15T09:17:01+00:00\",\"dateModified\":\"2020-04-15T10:19:41+00:00\",\"description\":\"Ist Upstore ein seri\u00f6ser Anbieter oder nicht, finden Sie die Antwort im aktuellen Test auf Multihoster.org \u279c Klicken Sie jetzt \u271a und lesen Sie unsere Erfahrungen!\",\"breadcrumb\":{\"@id\":\"https:\/\/multihoster.org\/de\/upstore\/#breadcrumb\"},\"inLanguage\":\"de\",\"potentialAction\":[{\"@type\":\"ReadAction\",\"target\":[\"https:\/\/multihoster.org\/de\/upstore\/\"]}]},{\"@type\":\"BreadcrumbList\",\"@id\":\"https:\/\/multihoster.org\/de\/upstore\/#breadcrumb\",\"itemListElement\":[{\"@type\":\"ListItem\",\"position\":1,\"name\":\"Startseite\",\"item\":\"https:\/\/multihoster.org\/de\/\"},{\"@type\":\"ListItem\",\"position\":2,\"name\":\"Upstore Premium Konto: Der Filehoster Auf Einen Blick\"}]}]}<\/script>\n<!-- \/ Yoast SEO plugin. -->","yoast_head_json":{"title":"Upstore Premium Konto: Der Filehoster Auf Einen Blick","description":"Ist Upstore ein seri\u00f6ser Anbieter oder nicht, finden Sie die Antwort im aktuellen Test auf Multihoster.org \u279c Klicken Sie jetzt \u271a und lesen Sie unsere Erfahrungen!","robots":{"index":"index","follow":"follow","max-snippet":"max-snippet:-1","max-image-preview":"max-image-preview:large","max-video-preview":"max-video-preview:-1"},"canonical":"https:\/\/multihoster.org\/de\/upstore\/","og_locale":"de_DE","og_type":"article","og_title":"Upstore Premium Konto: Der Filehoster Auf Einen Blick","og_description":"Ist Upstore ein seri\u00f6ser Anbieter oder nicht, finden Sie die Antwort im aktuellen Test auf Multihoster.org \u279c Klicken Sie jetzt \u271a und lesen Sie unsere Erfahrungen!","og_url":"https:\/\/multihoster.org\/de\/upstore\/","og_site_name":"Multihoster.org","article_modified_time":"2020-04-15T10:19:41+00:00","og_image":[{"url":"https:\/\/multihoster.org\/wp-content\/uploads\/2020\/04\/Visa-or-MasterCard-Cards-Credit-Cards.png"}],"twitter_card":"summary","twitter_misc":{"Gesch\u00e4tzte Lesezeit":"8\u00a0Minuten"},"schema":{"@context":"https:\/\/schema.org","@graph":[{"@type":"WebSite","@id":"https:\/\/multihoster.org\/#website","url":"https:\/\/multihoster.org\/","name":"Multihoster.org","description":"Reviews of the major Filehosting services","potentialAction":[{"@type":"SearchAction","target":{"@type":"EntryPoint","urlTemplate":"https:\/\/multihoster.org\/?s={search_term_string}"},"query-input":"required name=search_term_string"}],"inLanguage":"de"},{"@type":"ImageObject","@id":"https:\/\/multihoster.org\/de\/upstore\/#primaryimage","inLanguage":"de","url":"https:\/\/multihoster.org\/wp-content\/uploads\/2020\/04\/Visa-or-MasterCard-Cards-Credit-Cards.png","contentUrl":"https:\/\/multihoster.org\/wp-content\/uploads\/2020\/04\/Visa-or-MasterCard-Cards-Credit-Cards.png","width":408,"height":54,"caption":"Visa or MasterCard Cards (Credit Cards)"},{"@type":"WebPage","@id":"https:\/\/multihoster.org\/de\/upstore\/#webpage","url":"https:\/\/multihoster.org\/de\/upstore\/","name":"Upstore Premium Konto: Der Filehoster Auf Einen Blick","isPartOf":{"@id":"https:\/\/multihoster.org\/#website"},"primaryImageOfPage":{"@id":"https:\/\/multihoster.org\/de\/upstore\/#primaryimage"},"datePublished":"2020-04-15T09:17:01+00:00","dateModified":"2020-04-15T10:19:41+00:00","description":"Ist Upstore ein seri\u00f6ser Anbieter oder nicht, finden Sie die Antwort im aktuellen Test auf Multihoster.org \u279c Klicken Sie jetzt \u271a und lesen Sie unsere Erfahrungen!","breadcrumb":{"@id":"https:\/\/multihoster.org\/de\/upstore\/#breadcrumb"},"inLanguage":"de","potentialAction":[{"@type":"ReadAction","target":["https:\/\/multihoster.org\/de\/upstore\/"]}]},{"@type":"BreadcrumbList","@id":"https:\/\/multihoster.org\/de\/upstore\/#breadcrumb","itemListElement":[{"@type":"ListItem","position":1,"name":"Startseite","item":"https:\/\/multihoster.org\/de\/"},{"@type":"ListItem","position":2,"name":"Upstore Premium Konto: Der Filehoster Auf Einen Blick"}]}]}},"_links":{"self":[{"href":"https:\/\/multihoster.org\/de\/wp-json\/wp\/v2\/pages\/3553"}],"collection":[{"href":"https:\/\/multihoster.org\/de\/wp-json\/wp\/v2\/pages"}],"about":[{"href":"https:\/\/multihoster.org\/de\/wp-json\/wp\/v2\/types\/page"}],"author":[{"embeddable":true,"href":"https:\/\/multihoster.org\/de\/wp-json\/wp\/v2\/users\/2"}],"replies":[{"embeddable":true,"href":"https:\/\/multihoster.org\/de\/wp-json\/wp\/v2\/comments?post=3553"}],"version-history":[{"count":2,"href":"https:\/\/multihoster.org\/de\/wp-json\/wp\/v2\/pages\/3553\/revisions"}],"predecessor-version":[{"id":3564,"href":"https:\/\/multihoster.org\/de\/wp-json\/wp\/v2\/pages\/3553\/revisions\/3564"}],"wp:attachment":[{"href":"https:\/\/multihoster.org\/de\/wp-json\/wp\/v2\/media?parent=3553"}],"curies":[{"name":"wp","href":"https:\/\/api.w.org\/{rel}","templated":true}]}}