{"id":3598,"date":"2020-04-15T10:37:30","date_gmt":"2020-04-15T10:37:30","guid":{"rendered":"https:\/\/multihoster.org\/bigfile\/"},"modified":"2020-06-25T10:59:02","modified_gmt":"2020-06-25T10:59:02","slug":"bigfile","status":"publish","type":"page","link":"https:\/\/multihoster.org\/de\/bigfile\/","title":{"rendered":"BigFile Premium Account: Der Filehoster Auf Einen Blick"},"content":{"rendered":"\n<div class=\"wp-block-image\"><figure class=\"alignleft size-large\"><img loading=\"lazy\" width=\"250\" height=\"114\" src=\"https:\/\/multihoster.org\/wp-content\/uploads\/2020\/04\/pasted-image-0-1-e1586947238554.png\" alt=\"BigFile logo\" class=\"wp-image-3584\"\/><\/figure><\/div>\n\n\n\n<p>Verabschieden Sie sich von allen externen Speichern wie Flash-Laufwerken oder externen Festplatten, denn in dieser Zeit ist der Online-Speicher f\u00fcr die Dateien der Benutzer gekommen, der mit Hilfe der professionellen Entwickler entwickelt wird und der mit Hilfe der Internetverbindung auf einem Ger\u00e4t genutzt werden kann. Dieser Online-Speicher wird <strong>BigFile <\/strong>genannt.<\/p>\n\n\n<a class=\"maxbutton-2 maxbutton maxbutton-cta\" target=\"_blank\" rel=\"nofollow noopener\" href=\"\/go\/\"><span class='mb-text'>&gt;&gt; Gehen Sie zur Original Linkifier Website<\/span><\/a>\n\n\n<h2>BigFile Durchlauf<\/h2>\n\n\n\n<p>Bigfile ist fr\u00fcher als &#8222;Uploadable.ch&#8220; bekannt. Es ist eine der bekanntesten Websites f\u00fcr den Zugriff, die Speicherung, das Hoch- und Herunterladen einer oder mehrerer Dateien. Bigfile bietet ein sicheres und zuverl\u00e4ssiges Datei-Hosting und garantiert seinen Benutzern ein sicheres und gesch\u00fctztes Erlebnis mit ihrer Website sowie den Zahlungsvorg\u00e4ngen.<\/p>\n\n\n\n<p>Au\u00dferdem kann BigFile alle Dateien des Benutzers aufbewahren, unabh\u00e4ngig davon, ob es sich um ein Dokument, Videos, Musik oder andere Dateitypen handelt, und es kann diese Dateien einem Benutzer jederzeit zur Verf\u00fcgung stellen, wann immer er darauf zugreifen m\u00f6chte oder wann immer er sie braucht, \u00fcberall dort, wo er sich befindet, auf jedem Ger\u00e4t mit einer Internetverbindung, das er benutzt. Ein Benutzer kann seine Dateien (Dokumente, Videos, Musik oder andere Dateitypen) auf der Site von BigFile mit jedem beliebigen Webbrowser und jedem beliebigen Ger\u00e4t ansehen und freigeben.<\/p>\n\n\n\n<p>Wenn ein Benutzer auf Probleme oder Fragen gesto\u00dfen ist oder er oder sie einfach nur etwas \u00fcber die Seite oder Funktionen oder Dienstleistungen oder Zahlungen von BigFile fragen m\u00f6chte, dann kann er oder sie das Support-Team von BigFile erreichen, indem er oder sie das Kontaktformular auf ihrer Seite ausf\u00fcllt.<\/p>\n\n\n\n<p>Um die verschiedenen Funktionen und Dienste der Site von BigFile nutzen zu k\u00f6nnen, sollte er oder sie ein Konto erstellen, das auf der Site registriert wird. Au\u00dferdem muss jeder Benutzer seine Konten best\u00e4tigen und verifizieren, um die Sicherheit aller Transaktionen zu gew\u00e4hrleisten, die mit dem System der BigFile-Website durchgef\u00fchrt werden. Ein best\u00e4tigtes und verifiziertes Konto ist erforderlich, um Betrug oder gef\u00e4lschte Transaktionen zu vermeiden. Ein Benutzer sollte daran denken, dass er sein Konto, insbesondere die Informationen \u00fcber seine Zahlungen, zu seiner Sicherheit nicht an andere Benutzer oder an andere Personen weitergeben sollte.<\/p>\n\n\n\n<p>BigFile hat zwei verschiedene Arten von Konten, dies sind das BigFile Free Konto und das BigFile Premium Konto. Mit dem Premium-Account k\u00f6nnen die Benutzer alle Funktionen und Dienstleistungen nutzen. BigFile erlaubt es Benutzern, die einen Premium-Account haben, mehrere Dateien gleichzeitig herunterzuladen, im Gegensatz zu den Benutzern, die einen Gratis-Account haben, haben sie nur eine begrenzte Anzahl von Datei-Downloads, die jeweils nur eine (1) Datei auf einmal herunterladen, sie k\u00f6nnen den Download f\u00fcr die n\u00e4chste Datei erst dann wieder starten, wenn der Download der vorherigen Datei beendet ist. Das BigFile-Premium-Konto unterst\u00fctzt das Herunterladen einer Datei oder mehrerer Dateien mit den Download-Beschleunigern, die eine erh\u00f6hte Geschwindigkeit der Downloads erm\u00f6glichen, auch wenn die Internetverbindung des Benutzers keine h\u00f6here Geschwindigkeit hat. Dar\u00fcber hinaus hat der Premium-Account von Bigfile eine h\u00f6here Geschwindigkeit als der Gratis-Account, weil das <a href=\"https:\/\/en.wikipedia.org\/wiki\/Internet_Protocol\" target=\"_blank\" rel=\"noreferrer noopener\" aria-label=\"Internet-Protokoll (opens in a new tab)\">Internet-Protokoll<\/a> oder die IP-Adresse des Benutzers zu den Servern der BigFile-Site geleitet wird, die nicht \u00fcberlastet sind, um weniger Verkehr als die Gratis-Accounts zu haben. <\/p>\n\n\n\n<p>Beim Herunterladen einer oder mehrerer Dateien von der Bigfile-Site kann ein Benutzer ein oder mehrere Download-Tools wie den Internet Download Manager oder IDM, Jdownloader, Download Accelerator Plus oder DAP, Mipon oder jeden anderen, den ein Benutzer gewohnt ist, benutzen.<\/p>\n\n\n\n<ul><li>Einfach und zug\u00e4nglich \u2043 Ein Benutzer kann jederzeit und \u00fcberall auf die Site von BigFile zugreifen, ohne sich Gedanken dar\u00fcber machen zu m\u00fcssen, wie er Ihre Dateien transportieren soll. Au\u00dferdem kann er oder sie die Eigenschaften, Funktionen und Dienste der BigFile-Site leicht verstehen und anpassen, weil sie einfach und grundlegend sind.<\/li><li>Gesellig \u2043 Jeder Benutzer kann die BigFile-Site mit seinen Gruppen- oder Teamkollegen oder Klassenkameraden, Freunden, Familie oder anderen benutzen, indem er eine oder mehrere Dateien mit ihnen teilt. Er oder sie kann seine Datei(en) \u00fcber das Internet \u00fcber soziale Medien oder E-Mail versenden.<\/li><li>Gr\u00f6\u00dfere Dateigr\u00f6\u00dfe \u2043 Wenn sich ein Benutzer nur f\u00fcr das kostenlose Konto von BigFile entscheidet, dann kann er davon ausgehen, dass er nur eine begrenzte Gr\u00f6\u00dfe des Speicherplatzes erh\u00e4lt, n\u00e4mlich zwei Gigabyte (2 GB) oder zweitausend Megabyte (2000 MB), w\u00e4hrend ein Benutzer, der sich f\u00fcr das Premium-Konto von BigFile entscheidet, zehn Gigabyte (10 GB) zehntausend Megabyte (10.000 MB) Speicherplatz erh\u00e4lt.<\/li><li>Schnelle Lieferung \u2043 Die Lieferung des Kontos und der Produktcodes von BigFile wird schneller an die E-Mail des Benutzers gesendet.<\/li><li>Verschiedene Zahlungsmethoden \u2043 BigFile unterst\u00fctzt verschiedene Methoden f\u00fcr die Zahlung, so dass verschiedene Benutzer auf der ganzen Welt ihre Produkte und Dienstleistungen bezahlen oder kaufen k\u00f6nnen.<\/li><li>Sehr Sichere Site \u2043 Die Dateien der Benutzer sind alle gesch\u00fctzt, da BigFile die beste <a href=\"https:\/\/en.wikipedia.org\/wiki\/Encryption\" target=\"_blank\" rel=\"noreferrer noopener\" aria-label=\"Verschl\u00fcsselungstechnologie  (opens in a new tab)\">Verschl\u00fcsselungstechnologie <\/a>f\u00fcr die Sicherheitsmerkmale der Site verwendet. <\/li><li>24\/7 Support-Team \u2043 Die Site von BigFile hat ein Support-Team f\u00fcr Live-Chats und E-Mails. Das Support-Team ist in Betrieb und jede Woche 24\/7 verf\u00fcgbar.<\/li><\/ul>\n\n\n<a class=\"maxbutton-2 maxbutton maxbutton-cta\" target=\"_blank\" rel=\"nofollow noopener\" href=\"\/go\/\"><span class='mb-text'>&gt;&gt; Gehen Sie zur Original Linkifier Website<\/span><\/a>\n\n\n<h2>Die Vorteile und Merkmale des Bigfile Premium Konto<\/h2>\n\n\n\n<ul><li>Es hat die maximale Geschwindigkeit f\u00fcr das Herunterladen einer Datei oder mehrerer Dateien. Es gibt keine Geschwindigkeitsbegrenzung.<\/li><li>Es hat eine unbegrenzte Gr\u00f6\u00dfe des pers\u00f6nlichen Speichers f\u00fcr alle Premium-Benutzer.<\/li><li>Er verf\u00fcgt \u00fcber zehn Gigabyte (10 GB) oder zehntausend Megabyte (10.000 MB) zum Hochladen einer oder mehrerer Dateien.<\/li><li>Die Archivierung von Dateien ist unbegrenzt.<\/li><li>Sie verf\u00fcgt \u00fcber eine h\u00f6here <a href=\"https:\/\/dictionary.cambridge.org\/us\/dictionary\/english\/bandwidth\" target=\"_blank\" rel=\"noreferrer noopener\" aria-label=\"Bandbreite (opens in a new tab)\">Bandbreite<\/a><\/li><li>Es gibt keine Wartezeit f\u00fcr das Herunterladen einer oder mehrerer Dateien und keine Werbung, wenn Sie die Website von BigFile benutzen.<\/li><li>Es ist eine 100% sichere und 100% sichere Website und ein 100% sicheres Konto.<\/li><li>Es unterst\u00fctzt die Dateiverwaltung.<\/li><li>Es unterst\u00fctzt das gleichzeitige Herunterladen mehrerer Dateien.<\/li><li>Es hat einen Lebenslauf und eine Pause f\u00fcr das Herunterladen.<\/li><li>Es verf\u00fcgt \u00fcber einen Download-Beschleuniger, um Dateien schneller herunterzuladen.<\/li><li>Es unterst\u00fctzt verschiedene Manager oder Tools zum Herunterladen einer Datei oder mehrerer Dateien.<\/li><\/ul>\n\n\n\n<p>Bitte beachten Sie die untenstehenden Preise f\u00fcr das BigFile Free Konto und das BigFile Premium Konto.<\/p>\n\n\n\n<figure class=\"wp-block-table\"><table class=\"\"><tbody><tr><td class=\"has-text-align-center\" data-align=\"center\">BigFile-Konto Preise<\/td><\/tr><\/tbody><\/table><\/figure>\n\n\n\n<figure class=\"wp-block-table\"><table class=\"\"><tbody><tr><td>BigFile Konto Typen<\/td><td>Tage oder Monate<\/td><td>Preise<\/td><td>Die Kapazit\u00e4tsgr\u00f6\u00dfe des Speichers<\/td><td>Ist es sicher?<\/td><td>Bewertung f\u00fcr Sicherheit<\/td><\/tr><tr><td>Kostenloses Konto<\/td><td>Null (0) Tage oder Null (0) Monate<\/td><td>00.00 USD<\/td><td>klein <\/td><td>\u2611 JA<\/td><td>100%<\/td><\/tr><tr><td>\u22c6 Premium Konto<\/td><td>Drei\u00dfig (30) Tage oder ein (1) Monat<\/td><td>15.99 USD<\/td><td>gr\u00f6\u00dfer<\/td><td>\u2611 JA<\/td><td>100%<\/td><\/tr><tr><td>\u22c6 Premium Konto<\/td><td>Neunzig (90) Tage oder ein (3) Monate<\/td><td>36.99 USD<\/td><td>gr\u00f6\u00dfer<\/td><td>\u2611 JA<\/td><td>100%<\/td><\/tr><tr><td>\u22c6 Premium Konto<\/td><td>Einhundertachtzig Tage(180) Tage oder sechs (6) Monate<\/td><td>61.90 USD<\/td><td>gr\u00f6\u00dfer<\/td><td>\u2611 JA<\/td><td>100%<\/td><\/tr><tr><td>\u22c6 Premium Konto<\/td><td>Dreihundertf\u00fcnfundsechzig (365) Tage oder zw\u00f6lf (12) Monate<\/td><td>86.99 USD<\/td><td>gr\u00f6\u00dfer<\/td><td>\u2611 JA<\/td><td>100%<\/td><\/tr><\/tbody><\/table><\/figure>\n\n\n\n<h2>Gutschein-Code f\u00fcr die Aktivierung des BigFile Premium Konto<\/h2>\n\n\n\n<p>Ja, die Seite des Bigfile unterst\u00fctzt die Zahlung per PayPal, VISA oder MasterCard f\u00fcr die Premium-Produkte und Gutscheincodes. Nachdem der Benutzer den Premium-Account oder den Gutscheincode bezahlt hat, erh\u00e4lt er einen Code, der aus Buchstaben und Zahlen besteht und den er zur Aktivierung des BigFile-Premium-Accounts verwenden muss. Ohne den Gutscheincode wird das Konto eines Nutzers nicht auf das Premium-Konto hochgestuft und er kann die Funktionen und Dienstleistungen des Premium-Kontos nicht nutzen.<\/p>\n\n\n\n<p><strong>Wie geben Sie den Gutscheincode ein, wenn er oder sie ein neuer Benutzer ist?<\/strong><\/p>\n\n\n\n<ol><li>Gehen Sie auf die Website von BigFile und finden Sie die Schaltfl\u00e4che zur Anmeldung.<\/li><li>Ein Benutzer sollte sich anmelden, um ein Konto f\u00fcr die Site von BigFile zu erstellen.<\/li><li>Ein Benutzer sollte alle Felder auf dem Anmeldeformular von BigFile ausf\u00fcllen. Er oder sie sollte seinen oder ihren Benutzernamen, seine oder ihre E-Mail-Adresse und sein oder ihr Passwort eingeben.<\/li><li>Geben Sie den Gutscheincode des BigFile Premium-Accounts in das Feld &#8222;Premium-Gutscheincode&#8220; ein.<\/li><li>Klicken Sie dann auf die Schaltfl\u00e4che &#8222;Konto erstellen&#8220;, um alle Informationen eines Benutzers auf dem Anmeldeformular der Website von BigFile einzugeben.<\/li><\/ol>\n\n\n\n<figure class=\"wp-block-image\"><img src=\"https:\/\/lh3.googleusercontent.com\/I8_mopX3mrPEEN7JGhuyPdzqO1jj6OrOFL0aF2bXkaQPVaETo4xVYVFGWxV-AR87AX0ydjO2BtvzQJaETNqSxoo1nAeSD6OtWGDOBTpoHd5t9MD_iP4vC7yPtYG5Td6GNSXMCWg7\" alt=\"Enter Voucher Code on the yellow highlighted field\"\/><\/figure>\n\n\n\n<p><strong>Wie kann der Gutscheincode eingegeben werden, wenn er oder sie bereits Benutzer ist?<\/strong><\/p>\n\n\n\n<ol><li>Gehen Sie auf die Seite von BigFile und finden Sie die Schaltfl\u00e4che zum Einloggen.<\/li><li>Gehen Sie auf die Login-Seite der BigFile-Website.<\/li><li>Ein Benutzer sollte sich mit dem Benutzernamen und dem Passwort seines BigFile-Accounts einloggen.<\/li><li>Gehen Sie zur Einl\u00f6sen-Registerkarte der Website von BigFile.<\/li><li>Kopieren Sie den Gutscheincode und f\u00fcgen Sie ihn in das Feld des &#8222;Premium-Gutscheincodes&#8220; auf der Einl\u00f6seseite ein.<\/li><li>Klicken Sie anschliessend auf die Schaltfl\u00e4che &#8222;Einreichen&#8220;, um den Gutscheincode anzuwenden und den Premium-Account seines BigFile-Accounts zu aktivieren. Ein Benutzer kann nun alle Funktionen und Dienstleistungen des Premium-Accounts von BigFile nutzen.<\/li><\/ol>\n\n\n\n<figure class=\"wp-block-image\"><img src=\"https:\/\/lh5.googleusercontent.com\/Iu478QCvtTkoWyU6zrlZjC1KFVKkaTtq5MCNzq436AgZ5qP-MbuAktwuSDhTjTvvtVbCK7tR0T_bKu3-Z96e_r34TPaBE0pv0-A-Y2bwvoZxUEbX_lQ-21YikzWPKVlFQgycH-ML\" alt=\"Enter Voucher Code on the yellow highlighted field\"\/><\/figure>\n\n\n\n<p>Die durchschnittliche Zeit f\u00fcr die Lieferung des Produkts von BigFile betr\u00e4gt vierundzwanzig (24) Stunden bis drei (3) Tage. Wenn ein Benutzer also eine Zahlung f\u00fcr das Premium-Konto oder den Gutscheincode von BigFile t\u00e4tigt, muss er innerhalb der genannten Zeitspanne warten, bis er das Produkt erh\u00e4lt.<\/p>\n\n\n<a class=\"maxbutton-2 maxbutton maxbutton-cta\" target=\"_blank\" rel=\"nofollow noopener\" href=\"\/go\/\"><span class='mb-text'>&gt;&gt; Gehen Sie zur Original Linkifier Website<\/span><\/a>","protected":false},"excerpt":{"rendered":"<p>Verabschieden Sie sich von allen externen Speichern wie Flash-Laufwerken oder externen Festplatten, denn in dieser Zeit ist der Online-Speicher f\u00fcr<\/p>\n","protected":false},"author":2,"featured_media":0,"parent":0,"menu_order":0,"comment_status":"closed","ping_status":"closed","template":"","meta":[],"yoast_head":"<!-- This site is optimized with the Yoast SEO plugin v18.3 - https:\/\/yoast.com\/wordpress\/plugins\/seo\/ -->\n<title>BigFile Premium Konto: Der Filehoster Auf Einen Blick<\/title>\n<meta name=\"description\" content=\"Ist BigFile ein seri\u00f6ser Anbieter oder nicht, finden Sie die Antwort im aktuellen Test auf Multihoster.org \u279c Klicken Sie jetzt \u271a um unsere Erfahrungen zu lesen!\" \/>\n<meta name=\"robots\" content=\"index, follow, max-snippet:-1, max-image-preview:large, max-video-preview:-1\" \/>\n<link rel=\"canonical\" href=\"https:\/\/multihoster.org\/de\/bigfile\/\" \/>\n<meta property=\"og:locale\" content=\"de_DE\" \/>\n<meta property=\"og:type\" content=\"article\" \/>\n<meta property=\"og:title\" content=\"BigFile Premium Konto: Der Filehoster Auf Einen Blick\" \/>\n<meta property=\"og:description\" content=\"Ist BigFile ein seri\u00f6ser Anbieter oder nicht, finden Sie die Antwort im aktuellen Test auf Multihoster.org \u279c Klicken Sie jetzt \u271a um unsere Erfahrungen zu lesen!\" \/>\n<meta property=\"og:url\" content=\"https:\/\/multihoster.org\/de\/bigfile\/\" \/>\n<meta property=\"og:site_name\" content=\"Multihoster.org\" \/>\n<meta property=\"article:modified_time\" content=\"2020-06-25T10:59:02+00:00\" \/>\n<meta property=\"og:image\" content=\"https:\/\/multihoster.org\/wp-content\/uploads\/2020\/04\/pasted-image-0-1-e1586947238554.png\" \/>\n<meta name=\"twitter:card\" content=\"summary\" \/>\n<meta name=\"twitter:label1\" content=\"Gesch\u00e4tzte Lesezeit\" \/>\n\t<meta name=\"twitter:data1\" content=\"7\u00a0Minuten\" \/>\n<script type=\"application\/ld+json\" class=\"yoast-schema-graph\">{\"@context\":\"https:\/\/schema.org\",\"@graph\":[{\"@type\":\"WebSite\",\"@id\":\"https:\/\/multihoster.org\/#website\",\"url\":\"https:\/\/multihoster.org\/\",\"name\":\"Multihoster.org\",\"description\":\"Reviews of the major Filehosting services\",\"potentialAction\":[{\"@type\":\"SearchAction\",\"target\":{\"@type\":\"EntryPoint\",\"urlTemplate\":\"https:\/\/multihoster.org\/?s={search_term_string}\"},\"query-input\":\"required name=search_term_string\"}],\"inLanguage\":\"de\"},{\"@type\":\"ImageObject\",\"@id\":\"https:\/\/multihoster.org\/de\/bigfile\/#primaryimage\",\"inLanguage\":\"de\",\"url\":\"https:\/\/multihoster.org\/wp-content\/uploads\/2020\/04\/pasted-image-0-1-e1586947238554.png\",\"contentUrl\":\"https:\/\/multihoster.org\/wp-content\/uploads\/2020\/04\/pasted-image-0-1-e1586947238554.png\",\"width\":250,\"height\":114,\"caption\":\"BigFile logo\"},{\"@type\":\"WebPage\",\"@id\":\"https:\/\/multihoster.org\/de\/bigfile\/#webpage\",\"url\":\"https:\/\/multihoster.org\/de\/bigfile\/\",\"name\":\"BigFile Premium Konto: Der Filehoster Auf Einen Blick\",\"isPartOf\":{\"@id\":\"https:\/\/multihoster.org\/#website\"},\"primaryImageOfPage\":{\"@id\":\"https:\/\/multihoster.org\/de\/bigfile\/#primaryimage\"},\"datePublished\":\"2020-04-15T10:37:30+00:00\",\"dateModified\":\"2020-06-25T10:59:02+00:00\",\"description\":\"Ist BigFile ein seri\u00f6ser Anbieter oder nicht, finden Sie die Antwort im aktuellen Test auf Multihoster.org \u279c Klicken Sie jetzt \u271a um unsere Erfahrungen zu lesen!\",\"breadcrumb\":{\"@id\":\"https:\/\/multihoster.org\/de\/bigfile\/#breadcrumb\"},\"inLanguage\":\"de\",\"potentialAction\":[{\"@type\":\"ReadAction\",\"target\":[\"https:\/\/multihoster.org\/de\/bigfile\/\"]}]},{\"@type\":\"BreadcrumbList\",\"@id\":\"https:\/\/multihoster.org\/de\/bigfile\/#breadcrumb\",\"itemListElement\":[{\"@type\":\"ListItem\",\"position\":1,\"name\":\"Startseite\",\"item\":\"https:\/\/multihoster.org\/de\/\"},{\"@type\":\"ListItem\",\"position\":2,\"name\":\"BigFile Premium Account: Der Filehoster Auf Einen Blick\"}]}]}<\/script>\n<!-- \/ Yoast SEO plugin. -->","yoast_head_json":{"title":"BigFile Premium Konto: Der Filehoster Auf Einen Blick","description":"Ist BigFile ein seri\u00f6ser Anbieter oder nicht, finden Sie die Antwort im aktuellen Test auf Multihoster.org \u279c Klicken Sie jetzt \u271a um unsere Erfahrungen zu lesen!","robots":{"index":"index","follow":"follow","max-snippet":"max-snippet:-1","max-image-preview":"max-image-preview:large","max-video-preview":"max-video-preview:-1"},"canonical":"https:\/\/multihoster.org\/de\/bigfile\/","og_locale":"de_DE","og_type":"article","og_title":"BigFile Premium Konto: Der Filehoster Auf Einen Blick","og_description":"Ist BigFile ein seri\u00f6ser Anbieter oder nicht, finden Sie die Antwort im aktuellen Test auf Multihoster.org \u279c Klicken Sie jetzt \u271a um unsere Erfahrungen zu lesen!","og_url":"https:\/\/multihoster.org\/de\/bigfile\/","og_site_name":"Multihoster.org","article_modified_time":"2020-06-25T10:59:02+00:00","og_image":[{"url":"https:\/\/multihoster.org\/wp-content\/uploads\/2020\/04\/pasted-image-0-1-e1586947238554.png"}],"twitter_card":"summary","twitter_misc":{"Gesch\u00e4tzte Lesezeit":"7\u00a0Minuten"},"schema":{"@context":"https:\/\/schema.org","@graph":[{"@type":"WebSite","@id":"https:\/\/multihoster.org\/#website","url":"https:\/\/multihoster.org\/","name":"Multihoster.org","description":"Reviews of the major Filehosting services","potentialAction":[{"@type":"SearchAction","target":{"@type":"EntryPoint","urlTemplate":"https:\/\/multihoster.org\/?s={search_term_string}"},"query-input":"required name=search_term_string"}],"inLanguage":"de"},{"@type":"ImageObject","@id":"https:\/\/multihoster.org\/de\/bigfile\/#primaryimage","inLanguage":"de","url":"https:\/\/multihoster.org\/wp-content\/uploads\/2020\/04\/pasted-image-0-1-e1586947238554.png","contentUrl":"https:\/\/multihoster.org\/wp-content\/uploads\/2020\/04\/pasted-image-0-1-e1586947238554.png","width":250,"height":114,"caption":"BigFile logo"},{"@type":"WebPage","@id":"https:\/\/multihoster.org\/de\/bigfile\/#webpage","url":"https:\/\/multihoster.org\/de\/bigfile\/","name":"BigFile Premium Konto: Der Filehoster Auf Einen Blick","isPartOf":{"@id":"https:\/\/multihoster.org\/#website"},"primaryImageOfPage":{"@id":"https:\/\/multihoster.org\/de\/bigfile\/#primaryimage"},"datePublished":"2020-04-15T10:37:30+00:00","dateModified":"2020-06-25T10:59:02+00:00","description":"Ist BigFile ein seri\u00f6ser Anbieter oder nicht, finden Sie die Antwort im aktuellen Test auf Multihoster.org \u279c Klicken Sie jetzt \u271a um unsere Erfahrungen zu lesen!","breadcrumb":{"@id":"https:\/\/multihoster.org\/de\/bigfile\/#breadcrumb"},"inLanguage":"de","potentialAction":[{"@type":"ReadAction","target":["https:\/\/multihoster.org\/de\/bigfile\/"]}]},{"@type":"BreadcrumbList","@id":"https:\/\/multihoster.org\/de\/bigfile\/#breadcrumb","itemListElement":[{"@type":"ListItem","position":1,"name":"Startseite","item":"https:\/\/multihoster.org\/de\/"},{"@type":"ListItem","position":2,"name":"BigFile Premium Account: Der Filehoster Auf Einen Blick"}]}]}},"_links":{"self":[{"href":"https:\/\/multihoster.org\/de\/wp-json\/wp\/v2\/pages\/3598"}],"collection":[{"href":"https:\/\/multihoster.org\/de\/wp-json\/wp\/v2\/pages"}],"about":[{"href":"https:\/\/multihoster.org\/de\/wp-json\/wp\/v2\/types\/page"}],"author":[{"embeddable":true,"href":"https:\/\/multihoster.org\/de\/wp-json\/wp\/v2\/users\/2"}],"replies":[{"embeddable":true,"href":"https:\/\/multihoster.org\/de\/wp-json\/wp\/v2\/comments?post=3598"}],"version-history":[{"count":3,"href":"https:\/\/multihoster.org\/de\/wp-json\/wp\/v2\/pages\/3598\/revisions"}],"predecessor-version":[{"id":4841,"href":"https:\/\/multihoster.org\/de\/wp-json\/wp\/v2\/pages\/3598\/revisions\/4841"}],"wp:attachment":[{"href":"https:\/\/multihoster.org\/de\/wp-json\/wp\/v2\/media?parent=3598"}],"curies":[{"name":"wp","href":"https:\/\/api.w.org\/{rel}","templated":true}]}}