{"id":3686,"date":"2020-04-15T15:38:06","date_gmt":"2020-04-15T15:38:06","guid":{"rendered":"https:\/\/multihoster.org\/extmatrix\/"},"modified":"2020-06-01T11:05:37","modified_gmt":"2020-06-01T11:05:37","slug":"extmatrix","status":"publish","type":"page","link":"https:\/\/multihoster.org\/de\/extmatrix\/","title":{"rendered":"ExtMatrix Premium Konto: Der Filehoster Auf Einen Blick"},"content":{"rendered":"\n<div class=\"wp-block-image\"><figure class=\"aligncenter\"><img src=\"https:\/\/lh6.googleusercontent.com\/ajXxtb78K0qOd80BT2Q0PmNLZ9CoZlNY06w5CnxkVhNTnHG9z_D201mJ-ybLmNBhDo72X1tR4N2dV7HBQXJH5eBBn0pSUXFfou4Jme-DHtzgqVWP2YK2erUAvolG8u27ou0oqD7a\" alt=\"ExtMatrix logo\"\/><\/figure><\/div>\n\n\n<a class=\"maxbutton-2 maxbutton maxbutton-cta\" target=\"_blank\" rel=\"nofollow noopener\" href=\"\/go\/\"><span class='mb-text'>&gt;&gt; Gehen Sie zur Original Linkifier Website<\/span><\/a>\n\n\n<h2>Was ist ExtMatrix?<\/h2>\n\n\n\n<p>ExtMatrix ist eine Online-Cloud-Speicherplattform, die Sie nutzen k\u00f6nnen, indem Sie verschiedene Arten von Daten speichern, darunter Bilder, Musik, Filme, Dokumente, komprimierte Dateien und mehr. Alle Daten, die Sie aufbewahren und speichern, sind f\u00fcr Sie \u00fcberall auf der Welt zug\u00e4nglich. Wenn Sie also eine Dateiablage ben\u00f6tigen, die sehr erschwinglich und zuverl\u00e4ssig ist, ist ExtMatrix die richtige Plattform f\u00fcr Sie. Es gibt keine aktiven Bedrohungen, die in letzter Zeit von Benutzern gemeldet wurden, ExtMatrix ist sicher und sicher zu durchsuchen.<\/p>\n\n\n\n<ul><li><strong>Datei-Hosting<br><\/strong>Datei-Hosting ist ein Dienst, der es Ihnen erm\u00f6glicht, Ihre Dateien auf den Server einer anderen Person hochzuladen und zu verwalten. Er k\u00f6nnte auf einem echten Server gehostet werden oder Cloud-Storage verwenden &#8211; dasselbe Ergebnis w\u00fcrde passieren. Sie laden Ihre Dokumente auf den Server hoch. Und er bleibt so lange bestehen, bis Sie sie wieder entfernen (es sei denn, Ihre Dateien werden vom Unternehmen aus irgendeinem Grund, der gegen die Gesch\u00e4ftsbedingungen versto\u00dfen haben k\u00f6nnte, gel\u00f6scht).<br><\/li><li><strong>Gemeinsame Nutzung von Dateien<br><\/strong>Ein Dateiverteilungsdienst kann als eine Art Datei-Hosting angesehen werden. Bei der Dateifreigabe erhalten Sie nur das Recht, Ihre Dateien auf den Servern des Unternehmens hochzuladen und zu verwalten, aber Sie geben den anderen Personen auch einen Download-Link. Mit diesem Download-Link k\u00f6nnen diese anderen Benutzer Ihre Datei f\u00fcr ihre Verwendung erhalten und herunterladen.<br><\/li><li><strong>Unterst\u00fctzte Webbrowser<br><\/strong>1. Google chrome (dringend empfohlen)<br>2. Mozilla Firefox (empfohlen)<br>3. Microsoft Edge<br>4. Safari<\/li><\/ul>\n\n\n\n<h3>Warum ExtMatrix w\u00e4hlen?<\/h3>\n\n\n\n<p>ExtMatrix ist der beliebteste File Hosting Reseller und bietet einen fantastischen Service und gute Preise f\u00fcr ExtMatrix Premium-Accounts, deren Hauptaufgabe es ist, diese auf dem neuesten Stand zu halten. Um die Beziehung zu unseren Kunden durch schnellere Reaktion und p\u00fcnktliche L\u00f6sungen zu verbessern, haben wir uns f\u00fcr die besten professionellen technischen Support-Teams durch Live-Support entschieden. Kunden k\u00f6nnen sich \u00fcber ihr Produkt unterhalten und erhalten sofortige L\u00f6sungen nach ihren Bed\u00fcrfnissen. Es hilft Benutzern aus der ganzen Welt, ihre Aufzeichnungen an jedem beliebigen Tag zu \u00fcberwachen. Es ist sehr n\u00fctzlich und bequem f\u00fcr Menschen, besonders f\u00fcr Studenten und f\u00fcr Gesch\u00e4ftsleute, da sie ihre Dateien speichern, herunterladen und mitnehmen k\u00f6nnen, ohne dass sie Flash-Laufwerke, Speicherkarten oder externe Festplatten ben\u00f6tigen, aber nat\u00fcrlich mit Hilfe der Internetverbindungen an jedem beliebigen Ort. Die Gruppe kann eingeschlossene Dienste an Benutzer senden, die nach schnellen, gesch\u00fctzten und sicheren Dateiausf\u00fchrungsdiensten suchen.<\/p>\n\n\n\n<h3>Erfahren Sie mehr \u00fcber die Eigenschaften von ExtMatrix<\/h3>\n\n\n\n<ol><li>Wir unterhalten verschiedene Formate, entweder Video, Audio, Bilder oder Dokumente.<\/li><li>Es enthielt einen gro\u00dfartigen Datei-Organizer, der Dokumente m\u00fchelos verwalten kann.<\/li><li>Die Premium-Mitgliedschaft bietet die besten Download-Geschwindigkeiten aller Zeiten, grenzenlos und ohne Endspeicher f\u00fcr Ihre Unterlagen, ohne dass Sie durch Werbung gest\u00f6rt werden.<\/li><\/ol>\n\n\n\n<h2>Merkmale von ExtMatrix<\/h2>\n\n\n\n<h3>Benutzer-Panel<\/h3>\n\n\n\n<p>Das Benutzer-Panel besteht aus folgendem:<\/p>\n\n\n\n<ul><li><strong>Dashboard <\/strong>&#8211; Hier werden der aktuelle Benutzerstatus, die Anzahl der gesamten Downloads, Dateien und Speicherplatz angezeigt.<\/li><li><strong>Dateimanager <\/strong>&#8211; Dies ist die Seite, auf der ein Benutzer seine Ordner und Dateien auf der ExtMatrix-Site verwaltet. Sie enth\u00e4lt die erstellten Ordner und die hinzugef\u00fcgten Dateien (aktive und inaktive Dateien) eines Benutzers, die Ordner- oder Dateigr\u00f6\u00dfe, den Inhaltstyp, die Links dieser Ordner und Dateien, das Upload-Datum, die Upload-Zeit und die Anzahl der Downloads f\u00fcr einen Ordner oder eine Datei.<\/li><li><strong>Mehrfach-Upload <\/strong>&#8211; Ein Benutzer kann mehrere Dateien in jedem Dateityp hochladen. Klicken Sie einfach auf &#8222;Dateien hinzuf\u00fcgen&#8220; und dann auf die Schaltfl\u00e4che &#8222;Upload starten&#8220;, um die Dateien hochzuladen, die Sie gerade auf der Openload-Website hinzugef\u00fcgt haben.<\/li><li><strong>Benutzereinstellungen <\/strong>&#8211; Hier verwalten die Benutzer ihre Konten und Informationen.<\/li><li><strong>Konvertierungseinstellungen <\/strong>&#8211; Hier wird die Konvertierung f\u00fcr ein Video festgelegt. Dabei wird die Qualit\u00e4t eines Videos beim Streaming durch einen Benutzer automatisch in die Aufl\u00f6sung konvertiert, die der Benutzer bereits in den Konvertierungseinstellungen festgelegt und gespeichert hat.<\/li><\/ul>\n\n\n\n<h3>Uploads<\/h3>\n\n\n\n<p>Jetzt ist das Hochladen von Dateien kein Problem mehr!<\/p>\n\n\n\n<p>ExtMatrix ist hier, um Ihnen bei der Aufbewahrung und Organisation Ihrer Dateien zu helfen, um Ihnen das Leben zu erleichtern. ExtMatrix hat eine einfache Drag &amp; Drop-Einzigartigkeit, die das Hochladen schneller macht. Es unterst\u00fctzt auch das Hochladen von zahlreichen speziellen Dateien mit unterschiedlichen Dateitypen.<\/p>\n\n\n\n<p>Benutzer k\u00f6nnen ihren Ordner oder ihre Datei einfach von ihrem Ger\u00e4t ziehen und in ihren ExtMatrix-Dateien ablegen. Danach wird ExtMatrix den gesamten Inhalt des Ordners oder der Datei f\u00fcr Sie hochladen.<\/p>\n\n\n\n<p>Beim Hochladen von Dateien oder Ordnern mit mobilen Ger\u00e4ten k\u00f6nnen Sie die Option &#8222;Freigeben f\u00fcr&#8220; verwenden und ExtMatrix w\u00e4hlen, um sie direkt auf das ExtMatrix-Konto des Benutzers hochzuladen. Gehen Sie anschlie\u00dfend zur ExtMatrix-Website und versuchen Sie, Ihre Datei hochzuladen.<\/p>\n\n\n\n<p><strong>Unten finden Sie die Art der Dateien, die auf ExtMatrix hochgeladen werden k\u00f6nnen:<\/strong><\/p>\n\n\n\n<ul><li>Musik oder Audio<\/li><li>Videos<\/li><li>Anwendungen und Spiele<\/li><li>B\u00fccher oder E-B\u00fccher<\/li><li>Archivieren oder Komprimieren<\/li><\/ul>\n\n\n<a class=\"maxbutton-2 maxbutton maxbutton-cta\" target=\"_blank\" rel=\"nofollow noopener\" href=\"\/go\/\"><span class='mb-text'>&gt;&gt; Gehen Sie zur Original Linkifier Website<\/span><\/a>\n\n\n<h3>Downloads<\/h3>\n\n\n\n<p>Benutzer k\u00f6nnen die Datei einfach von der ExtMatrix-Website, per E-Mail und in sozialen Netzwerken oder von \u00fcberall her \u00fcber den angegebenen Link von ExtMatrix f\u00fcr die Dateien herunterladen. Die Benutzer brauchen nur auf den Link zu klicken, und schon werden sie zur Datei zum Herunterladen weitergeleitet. <\/p>\n\n\n\n<h3>Gemeinsame Nutzung<\/h3>\n\n\n\n<p>Der Link ist nur f\u00fcr den Eigent\u00fcmer und f\u00fcr den gemeinsamen Benutzer zug\u00e4nglich. Dies wird normalerweise f\u00fcr private oder pers\u00f6nliche Arbeitsdateien verwendet.<\/p>\n\n\n\n<h3>Zugang&nbsp;<\/h3>\n\n\n\n<p>Die Benutzer sind allein verantwortlich und haftbar f\u00fcr jeglichen Zugang zu den folgenden Diensten und deren Nutzung. Benutzer k\u00f6nnen auch mit Android-Telefonen, ios, Desktop oder Laptop auf Dateien zugreifen.<\/p>\n\n\n\n<h3>Daten <\/h3>\n\n\n\n<p>Die Benutzer tragen die alleinige Verantwortung und Haftung f\u00fcr die Daten, die auf Servern gespeichert sind. Der Benutzer kontrolliert seine Daten durch seinen generierten Link.<\/p>\n\n\n\n<h3>Benachrichtigungen<\/h3>\n\n\n\n<p>Benutzer werden sofort benachrichtigt, wenn ein Benutzer eine Aktivit\u00e4t bemerkt, die darauf hindeutet, dass das Konto oder die Daten des Benutzers unberechtigterweise verwendet werden.<\/p>\n\n\n\n<h2>Vorteile von ExtMatrix <\/h2>\n\n\n\n<figure class=\"wp-block-table\"><table><tbody><tr><td>Feature<\/td><td>Premium<\/td><td>Kostenlos<\/td><\/tr><tr><td>Download-Geschwindigkeit<\/td><td>Unbegrenzt<\/td><td>100kb\/s<\/td><\/tr><tr><td>Dateigr\u00f6\u00dfe hochladen<\/td><td>10.00 GB<\/td><td>250.00 MB<\/td><\/tr><tr><td>Verf\u00fcgbare Dateigr\u00f6\u00dfe<\/td><td>Unbegrenzt<\/td><td>100.00 GB<\/td><\/tr><tr><td>Inaktive Dateien werden gel\u00f6scht<\/td><td>Niemals<\/td><td>30 Tag(s)<\/td><\/tr><\/tbody><\/table><\/figure>\n\n\n\n<h2>Wie kaufe ich ein ExtMatrix Premium-Konto?<\/h2>\n\n\n\n<ol><li>W\u00e4hlen Sie einen beliebigen Tag, der g\u00fcltig ist.<\/li><li>W\u00e4hlen Sie die Auswahl PayPal oder Jetzt kaufen<\/li><li>Danach werden Sie zu den Zahlungen weitergeleitet.<\/li><li>Verwenden Sie f\u00fcr die Zahlung Ihre g\u00fcltige E-Mail-Adresse, die mit Ihrem Paypal-Konto verkn\u00fcpft ist<\/li><li>Es gibt einige Zahlungsmethoden, die Sie verwenden k\u00f6nnen, wie z.B. Kredit-\/Debitkarten wie Visa, MasterCard, AMEX und JCB \u00fcber PayPal.<\/li><li>Wenn die Zahlung erfolgreich ist, erhalten Sie eine E-Mail mit der Best\u00e4tigung, dass die Geb\u00fchr entweder in Ihrem Posteingang oder in Spam-Nachrichten eingegangen ist.<\/li><\/ol>\n\n\n\n<figure class=\"wp-block-table\"><table><tbody><tr><td>Paket-Plan<\/td><td>ExtMatrix Premium Pack 30 Tage<\/td><td>ExtMatrix Premium Pack 90 Tage<\/td><td>ExtMatrix Premium Pack 180 Tage<\/td><td>ExtMatrix Premium Pack 365 Tage<\/td><\/tr><tr><td>Anzahl Tage<\/td><td>30 Tage<\/td><td>90 Tage<br><strong>BESTER VERK\u00c4UFER<\/strong><\/td><td>180 Tage<\/td><td>365 Tage<br><strong>BESTER VERK\u00c4UFER<\/strong><\/td><\/tr><tr><td>Kosten pro Paket<\/td><td>15 dollars<\/td><td>35 dollars<\/td><td>56 dollars<\/td><td>90 dollars<\/td><\/tr><tr><td>Zahlungsmethoden<\/td><td>Paypal, MasterCard, Visa, Amex<\/td><td>Paypal, MasterCard, Visa, Amex<\/td><td>Paypal, MasterCard, Visa, Amex<\/td><td>Paypal, MasterCard, Visa, Amex<\/td><\/tr><\/tbody><\/table><\/figure>\n\n\n\n<p>*Hinweis: F\u00fcr weitere Einzelheiten zu anderen ExtMatrix-Zahlungsmethoden k\u00f6nnen Sie sich an den Support wenden.<\/p>\n\n\n\n<p>Der Gesamtumfang der ExtMatrix-Hauptseite betr\u00e4gt 275,9 kb. Dieser Effekt f\u00e4llt weiter ab als bei den Top 1 Million Websites und identifiziert eine riesige und nicht optimierte Webseite, deren Laden Ewigkeiten dauern kann. 25% der Websites ben\u00f6tigen weniger Ressourcen zum Laden. JavaScript ben\u00f6tigt 244,1 kb, was den Hauptstrom des Seitenvolumens ausmacht.<\/p>\n\n\n\n<h2>ExtMatrix Optimierung<\/h2>\n\n\n\n<p><strong>HTML-Optimierung <\/strong>&#8211; HTML-Inhalte k\u00f6nnen vom Server einer Website gek\u00fcrzt und komprimiert werden. Die leistungsf\u00e4higste Methode besteht darin, den Inhalt mit Hilfe von GZIP zu komprimieren, was die Menge der Informationen verringert, die den ganzen Weg durch das Netzwerk zwischen Server und Browser zur\u00fccklegt. Das System auf diesem Blatt ist stark vereinfacht. Es wird ausdr\u00fccklich darauf hingewiesen, dass der Inhalt dieser Website nicht komprimiert werden darf. Dadurch k\u00f6nnen Sie bis zu 3,9 kb oder 65% der Originalgr\u00f6\u00dfe einsparen.<\/p>\n\n\n\n<ul><li>Original &#8211; 6,0 kb<\/li><li>Nach der Verkleinerung &#8211; 5,6 kb<\/li><li>Nach Verdichtung &#8211; 2,1 kb<\/li><\/ul>\n\n\n\n<p><strong>Bildoptimierung <\/strong>&#8211; Die Bildoptimierung kann helfen, eine Website aufzuwerten. Die Tabelle zeigt die Variation zwischen den Gr\u00f6\u00dfen vor der Optimierung. Offensichtlich verlangt ExtMatrix eine Bildoptimierung, so dass bis zu 7,7 kb oder 51% des urspr\u00fcnglichen Volumens erhalten bleiben. Die am meisten bewunderten und gut organisierten Werkzeuge f\u00fcr die Optimierung von JPEG- und PNG-Symbolen sind Jpegoptim und PNG Crush.<\/p>\n\n\n\n<ul><li>Original &#8211; 15,0 kb<\/li><li>Nach der Optimierung &#8211; 7,3 kb<\/li><\/ul>\n\n\n\n<p><strong>JavaScript-Optimierung <\/strong>&#8211; Es ist besser, JavaScript zu vereinfachen mit dem Ziel, die Ausf\u00fchrung der Website zu verbessern, die Abbildung zeigt die derzeitige Gesamtmenge aller JavaScript. Sobald die \u00dcberarbeitung und Komprimierung abgeschlossen ist, wird dringend empfohlen, alle JavaScript-Eintr\u00e4ge zusammenzupacken und zu vereinfachen, da es bis zu 177,4 kb oder 73% der urspr\u00fcnglichen Gr\u00f6\u00dfe beibehalten kann. Der Browser hat 16 CSS-, JavaScript-, AJAX- und Zahlenanforderungen gesendet, um die bedeutendste Seite von ExtMatrix vollst\u00e4ndig darzustellen. Wir schlagen vor, dass einige JavaScript- und CSS-Archive von jeder Kategorie zu einem zusammengefasst werden m\u00fcssen. Dadurch kann der Bedarf an Assets von 7 kurz vor 1 f\u00fcr Java-Skripte verringert werden, und es kann sich auf die Geschwindigkeit der Seitenladezeit auswirken.<\/p>\n\n\n\n<ul><li>Original &#8211; 244,1 kb<\/li><li>Nach \u00c4nderung &#8211; 222,1 kb<\/li><li>Nach Kompression &#8211; 66,7 kb<\/li><\/ul>\n\n\n\n<p><strong>CSS-Optimierung <\/strong>&#8211; Die \u00c4nderung von CSS-Dateien ist sehr wichtig, um die Renderingzeit einer Webseite zu verringern. Je schneller CSS-Dateien geladen werden k\u00f6nnen, desto fr\u00fcher kann eine Seite gerendert werden. Bei ExtMatrix m\u00fcssen alle CSS-Dateien verkleinert und komprimiert werden, da sie bis zu 8,4 kb oder 78% der Originalgr\u00f6\u00dfe einsparen k\u00f6nnen.<\/p>\n\n\n\n<ul><li>Original &#8211; 10,7 kb<\/li><li>Nach der Verkleinerung &#8211; 8,2 kb<\/li><li>Nach Verdichtung &#8211; 2,3 kb<\/li><\/ul>\n\n\n\n<h2>H\u00e4ufig gestellte Fragen (FAQ)<\/h2>\n\n\n\n<h3><strong>Was ist ein ExtMatrix-Premium-Konto?<\/strong><\/h3>\n\n\n\n<p>Mit einem Premium-Account k\u00f6nnen Sie Ihre Dateien ohne Wartezeiten und Einschr\u00e4nkungen speichern und darauf zugreifen. \u00d6ffnen Sie einfach einen ExtMatrix-Link und der Download startet automatisch!<\/p>\n\n\n\n<h3><strong>L\u00f6schen Sie inaktive Dateien?<\/strong><\/h3>\n\n\n\n<p>Ja, nach 30 Tagen der Inaktivit\u00e4t. Dateien, die als Premium-Benutzer hochgeladen wurden, werden nicht gel\u00f6scht, also holen Sie sich jetzt Ihre ExtMatrix-Pr\u00e4mie!<\/p>\n\n\n\n<h3><strong>Kann ich die ExtMatrix-Server nach Dateien durchsuchen, die ich herunterladen m\u00f6chte?<\/strong><\/h3>\n\n\n\n<p>Nein! Wir sch\u00fctzen die Privatsph\u00e4re aller Benutzer. Nur die Person, die eine Datei auf ExtMatrix speichert, kann auf ihre Datei zugreifen.<\/p>\n\n\n<a class=\"maxbutton-2 maxbutton maxbutton-cta\" target=\"_blank\" rel=\"nofollow noopener\" href=\"\/go\/\"><span class='mb-text'>&gt;&gt; Gehen Sie zur Original Linkifier Website<\/span><\/a>","protected":false},"excerpt":{"rendered":"<p>Was ist ExtMatrix? ExtMatrix ist eine Online-Cloud-Speicherplattform, die Sie nutzen k\u00f6nnen, indem Sie verschiedene Arten von Daten speichern, darunter Bilder,<\/p>\n","protected":false},"author":2,"featured_media":0,"parent":0,"menu_order":0,"comment_status":"closed","ping_status":"closed","template":"","meta":[],"yoast_head":"<!-- This site is optimized with the Yoast SEO plugin v18.3 - https:\/\/yoast.com\/wordpress\/plugins\/seo\/ -->\n<title>ExtMatrix Premium Konto \u2013 Der Filehoster Auf Einen Blick<\/title>\n<meta name=\"description\" content=\"Ist ExtMatrix ein seri\u00f6ser Anbieter oder nicht, finden Sie die Antwort im aktuellen Test auf Multihoster.org \u279c Klicken Sie jetzt \u271a und lesen Sie unsere Erfahrungen!\" \/>\n<meta name=\"robots\" content=\"index, follow, max-snippet:-1, max-image-preview:large, max-video-preview:-1\" \/>\n<link rel=\"canonical\" href=\"https:\/\/multihoster.org\/de\/extmatrix\/\" \/>\n<meta property=\"og:locale\" content=\"de_DE\" \/>\n<meta property=\"og:type\" content=\"article\" \/>\n<meta property=\"og:title\" content=\"ExtMatrix Premium Konto \u2013 Der Filehoster Auf Einen Blick\" \/>\n<meta property=\"og:description\" content=\"Ist ExtMatrix ein seri\u00f6ser Anbieter oder nicht, finden Sie die Antwort im aktuellen Test auf Multihoster.org \u279c Klicken Sie jetzt \u271a und lesen Sie unsere Erfahrungen!\" \/>\n<meta property=\"og:url\" content=\"https:\/\/multihoster.org\/de\/extmatrix\/\" \/>\n<meta property=\"og:site_name\" content=\"Multihoster.org\" \/>\n<meta property=\"article:modified_time\" content=\"2020-06-01T11:05:37+00:00\" \/>\n<meta property=\"og:image\" content=\"https:\/\/lh6.googleusercontent.com\/ajXxtb78K0qOd80BT2Q0PmNLZ9CoZlNY06w5CnxkVhNTnHG9z_D201mJ-ybLmNBhDo72X1tR4N2dV7HBQXJH5eBBn0pSUXFfou4Jme-DHtzgqVWP2YK2erUAvolG8u27ou0oqD7a\" \/>\n<meta name=\"twitter:card\" content=\"summary\" \/>\n<meta name=\"twitter:label1\" content=\"Gesch\u00e4tzte Lesezeit\" \/>\n\t<meta name=\"twitter:data1\" content=\"8\u00a0Minuten\" \/>\n<script type=\"application\/ld+json\" class=\"yoast-schema-graph\">{\"@context\":\"https:\/\/schema.org\",\"@graph\":[{\"@type\":\"WebSite\",\"@id\":\"https:\/\/multihoster.org\/#website\",\"url\":\"https:\/\/multihoster.org\/\",\"name\":\"Multihoster.org\",\"description\":\"Reviews of the major Filehosting services\",\"potentialAction\":[{\"@type\":\"SearchAction\",\"target\":{\"@type\":\"EntryPoint\",\"urlTemplate\":\"https:\/\/multihoster.org\/?s={search_term_string}\"},\"query-input\":\"required name=search_term_string\"}],\"inLanguage\":\"de\"},{\"@type\":\"ImageObject\",\"@id\":\"https:\/\/multihoster.org\/de\/extmatrix\/#primaryimage\",\"inLanguage\":\"de\",\"url\":\"https:\/\/lh6.googleusercontent.com\/ajXxtb78K0qOd80BT2Q0PmNLZ9CoZlNY06w5CnxkVhNTnHG9z_D201mJ-ybLmNBhDo72X1tR4N2dV7HBQXJH5eBBn0pSUXFfou4Jme-DHtzgqVWP2YK2erUAvolG8u27ou0oqD7a\",\"contentUrl\":\"https:\/\/lh6.googleusercontent.com\/ajXxtb78K0qOd80BT2Q0PmNLZ9CoZlNY06w5CnxkVhNTnHG9z_D201mJ-ybLmNBhDo72X1tR4N2dV7HBQXJH5eBBn0pSUXFfou4Jme-DHtzgqVWP2YK2erUAvolG8u27ou0oqD7a\"},{\"@type\":\"WebPage\",\"@id\":\"https:\/\/multihoster.org\/de\/extmatrix\/#webpage\",\"url\":\"https:\/\/multihoster.org\/de\/extmatrix\/\",\"name\":\"ExtMatrix Premium Konto \u2013 Der Filehoster Auf Einen Blick\",\"isPartOf\":{\"@id\":\"https:\/\/multihoster.org\/#website\"},\"primaryImageOfPage\":{\"@id\":\"https:\/\/multihoster.org\/de\/extmatrix\/#primaryimage\"},\"datePublished\":\"2020-04-15T15:38:06+00:00\",\"dateModified\":\"2020-06-01T11:05:37+00:00\",\"description\":\"Ist ExtMatrix ein seri\u00f6ser Anbieter oder nicht, finden Sie die Antwort im aktuellen Test auf Multihoster.org \u279c Klicken Sie jetzt \u271a und lesen Sie unsere Erfahrungen!\",\"breadcrumb\":{\"@id\":\"https:\/\/multihoster.org\/de\/extmatrix\/#breadcrumb\"},\"inLanguage\":\"de\",\"potentialAction\":[{\"@type\":\"ReadAction\",\"target\":[\"https:\/\/multihoster.org\/de\/extmatrix\/\"]}]},{\"@type\":\"BreadcrumbList\",\"@id\":\"https:\/\/multihoster.org\/de\/extmatrix\/#breadcrumb\",\"itemListElement\":[{\"@type\":\"ListItem\",\"position\":1,\"name\":\"Startseite\",\"item\":\"https:\/\/multihoster.org\/de\/\"},{\"@type\":\"ListItem\",\"position\":2,\"name\":\"ExtMatrix Premium Konto: Der Filehoster Auf Einen Blick\"}]}]}<\/script>\n<!-- \/ Yoast SEO plugin. -->","yoast_head_json":{"title":"ExtMatrix Premium Konto \u2013 Der Filehoster Auf Einen Blick","description":"Ist ExtMatrix ein seri\u00f6ser Anbieter oder nicht, finden Sie die Antwort im aktuellen Test auf Multihoster.org \u279c Klicken Sie jetzt \u271a und lesen Sie unsere Erfahrungen!","robots":{"index":"index","follow":"follow","max-snippet":"max-snippet:-1","max-image-preview":"max-image-preview:large","max-video-preview":"max-video-preview:-1"},"canonical":"https:\/\/multihoster.org\/de\/extmatrix\/","og_locale":"de_DE","og_type":"article","og_title":"ExtMatrix Premium Konto \u2013 Der Filehoster Auf Einen Blick","og_description":"Ist ExtMatrix ein seri\u00f6ser Anbieter oder nicht, finden Sie die Antwort im aktuellen Test auf Multihoster.org \u279c Klicken Sie jetzt \u271a und lesen Sie unsere Erfahrungen!","og_url":"https:\/\/multihoster.org\/de\/extmatrix\/","og_site_name":"Multihoster.org","article_modified_time":"2020-06-01T11:05:37+00:00","og_image":[{"url":"https:\/\/lh6.googleusercontent.com\/ajXxtb78K0qOd80BT2Q0PmNLZ9CoZlNY06w5CnxkVhNTnHG9z_D201mJ-ybLmNBhDo72X1tR4N2dV7HBQXJH5eBBn0pSUXFfou4Jme-DHtzgqVWP2YK2erUAvolG8u27ou0oqD7a"}],"twitter_card":"summary","twitter_misc":{"Gesch\u00e4tzte Lesezeit":"8\u00a0Minuten"},"schema":{"@context":"https:\/\/schema.org","@graph":[{"@type":"WebSite","@id":"https:\/\/multihoster.org\/#website","url":"https:\/\/multihoster.org\/","name":"Multihoster.org","description":"Reviews of the major Filehosting services","potentialAction":[{"@type":"SearchAction","target":{"@type":"EntryPoint","urlTemplate":"https:\/\/multihoster.org\/?s={search_term_string}"},"query-input":"required name=search_term_string"}],"inLanguage":"de"},{"@type":"ImageObject","@id":"https:\/\/multihoster.org\/de\/extmatrix\/#primaryimage","inLanguage":"de","url":"https:\/\/lh6.googleusercontent.com\/ajXxtb78K0qOd80BT2Q0PmNLZ9CoZlNY06w5CnxkVhNTnHG9z_D201mJ-ybLmNBhDo72X1tR4N2dV7HBQXJH5eBBn0pSUXFfou4Jme-DHtzgqVWP2YK2erUAvolG8u27ou0oqD7a","contentUrl":"https:\/\/lh6.googleusercontent.com\/ajXxtb78K0qOd80BT2Q0PmNLZ9CoZlNY06w5CnxkVhNTnHG9z_D201mJ-ybLmNBhDo72X1tR4N2dV7HBQXJH5eBBn0pSUXFfou4Jme-DHtzgqVWP2YK2erUAvolG8u27ou0oqD7a"},{"@type":"WebPage","@id":"https:\/\/multihoster.org\/de\/extmatrix\/#webpage","url":"https:\/\/multihoster.org\/de\/extmatrix\/","name":"ExtMatrix Premium Konto \u2013 Der Filehoster Auf Einen Blick","isPartOf":{"@id":"https:\/\/multihoster.org\/#website"},"primaryImageOfPage":{"@id":"https:\/\/multihoster.org\/de\/extmatrix\/#primaryimage"},"datePublished":"2020-04-15T15:38:06+00:00","dateModified":"2020-06-01T11:05:37+00:00","description":"Ist ExtMatrix ein seri\u00f6ser Anbieter oder nicht, finden Sie die Antwort im aktuellen Test auf Multihoster.org \u279c Klicken Sie jetzt \u271a und lesen Sie unsere Erfahrungen!","breadcrumb":{"@id":"https:\/\/multihoster.org\/de\/extmatrix\/#breadcrumb"},"inLanguage":"de","potentialAction":[{"@type":"ReadAction","target":["https:\/\/multihoster.org\/de\/extmatrix\/"]}]},{"@type":"BreadcrumbList","@id":"https:\/\/multihoster.org\/de\/extmatrix\/#breadcrumb","itemListElement":[{"@type":"ListItem","position":1,"name":"Startseite","item":"https:\/\/multihoster.org\/de\/"},{"@type":"ListItem","position":2,"name":"ExtMatrix Premium Konto: Der Filehoster Auf Einen Blick"}]}]}},"_links":{"self":[{"href":"https:\/\/multihoster.org\/de\/wp-json\/wp\/v2\/pages\/3686"}],"collection":[{"href":"https:\/\/multihoster.org\/de\/wp-json\/wp\/v2\/pages"}],"about":[{"href":"https:\/\/multihoster.org\/de\/wp-json\/wp\/v2\/types\/page"}],"author":[{"embeddable":true,"href":"https:\/\/multihoster.org\/de\/wp-json\/wp\/v2\/users\/2"}],"replies":[{"embeddable":true,"href":"https:\/\/multihoster.org\/de\/wp-json\/wp\/v2\/comments?post=3686"}],"version-history":[{"count":3,"href":"https:\/\/multihoster.org\/de\/wp-json\/wp\/v2\/pages\/3686\/revisions"}],"predecessor-version":[{"id":4624,"href":"https:\/\/multihoster.org\/de\/wp-json\/wp\/v2\/pages\/3686\/revisions\/4624"}],"wp:attachment":[{"href":"https:\/\/multihoster.org\/de\/wp-json\/wp\/v2\/media?parent=3686"}],"curies":[{"name":"wp","href":"https:\/\/api.w.org\/{rel}","templated":true}]}}