{"id":3722,"date":"2020-04-16T09:00:53","date_gmt":"2020-04-16T09:00:53","guid":{"rendered":"https:\/\/multihoster.org\/tusfiles\/"},"modified":"2020-04-16T09:59:38","modified_gmt":"2020-04-16T09:59:38","slug":"tusfiles","status":"publish","type":"page","link":"https:\/\/multihoster.org\/de\/tusfiles\/","title":{"rendered":"TusFiles Premium Konto: Der Filehoster Auf Einen Blick"},"content":{"rendered":"\n<figure class=\"wp-block-image is-resized\"><img loading=\"lazy\" src=\"https:\/\/lh5.googleusercontent.com\/VhTENL6he9zdRkCtqxyngyJXAG-GUaCUa8ROTiJUAAon7ohctlpp5uCnm4DAJW_yRxhz0Thc2ByUcVr3_gEC7bCDlnPBxDcTWS4EHLx-6pXRxF1bm8XmzhKiPPkmoaUpaxbRwOg\" alt=\"TusFiles logo\" width=\"571\" height=\"191\"\/><\/figure>\n\n\n<a class=\"maxbutton-2 maxbutton maxbutton-cta\" target=\"_blank\" rel=\"nofollow noopener\" href=\"\/go\/\"><span class='mb-text'>&gt;&gt; Gehen Sie zur Original Linkifier Website<\/span><\/a>\n\n\n<p><\/p>\n\n\n\n<h2>TusFiles-\u00dcbersicht<\/h2>\n\n\n\n<p>TusFiles ist einer der sicheren und kostenlosen Hosting-Dienste f\u00fcr Dateien. Er ist weltweit und f\u00fcr alle Webbrowser zug\u00e4nglich. Die Benutzer dieser Website k\u00f6nnen den Zugang, die Freigabe, den Upload und den Download einer Datei vornehmen.<\/p>\n\n\n\n<p>TusFiles hat drei (3) verschiedene Kontotypen:<\/p>\n\n\n\n<ol><li>TusFiles-Gastkonto &#8211; Dies ist ein Konto f\u00fcr einen Benutzer, der nicht registriert ist oder der kein Mitglied der Tusfiles-Website ist. Gastbenutzer k\u00f6nnen jedoch nur begrenzte Vorteile erhalten und nur begrenzte Funktionen und Dienste von TusFiles nutzen. Es gibt Verz\u00f6gerungen oder lange Wartezeiten f\u00fcr Downloads, Anzeigen und CAPTCHAs.<\/li><li> Kostenloses TusFiles-Konto &#8211; Dies ist ein Konto f\u00fcr einen registrierten Benutzer oder ein Mitglied von TusFiles, der auf die TusFiles-Website zugreifen darf. Kostenlose Benutzer k\u00f6nnen jedoch nur begrenzte Vorteile erhalten und k\u00f6nnen nur die meisten Funktionen und Dienste von TusFiles nutzen, jedoch mit gr\u00f6\u00dferer Speicherkapazit\u00e4t und mit h\u00f6herer Geschwindigkeit als der Gastbenutzer. Es gibt auch eine kleine Verz\u00f6gerung oder eine kurze Wartezeit f\u00fcr Downloads, Anzeigen und CAPTCHAs.<\/li><li> TusFiles Premium-Konto &#8211; Dies ist ein Konto f\u00fcr einen Benutzer, der einen der TusFiles Premium-Pl\u00e4ne f\u00fcr sein Konto in TusFiles gekauft und aktiviert hat. Ein Benutzer mit einem TusFiles-Premium-Konto kann auf die TusFiles-Website zugreifen, ohne Einschr\u00e4nkungen bei der Nutzung aller Funktionen und Dienste von TusFiles zu haben. Es gibt keine Verz\u00f6gerungen oder Wartezeiten f\u00fcr Downloads, Anzeigen und CAPTCHAs.<\/li><\/ol>\n\n\n\n<h2>Merkmale der verschiedenen Konten von TusFiles<\/h2>\n\n\n\n<figure class=\"wp-block-table\"><table class=\"\"><tbody><tr><td><br>Merkmale der TusFiles<\/td><td>TusFiles-Typen<br> Gast-Konto<\/td><td>TusFiles-Typen<br> Kostenloses Konto<\/td><td>TusFiles-Typen<br> Premium-Konto<\/td><\/tr><tr><td>Gr\u00f6\u00dfe des Speichers<\/td><td>1000 GB oder 1 TB<\/td><td>1000 GB oder 1 TB<\/td><td>1000 GB oder  1 TB<\/td><\/tr><tr><td>Rate der Geschwindigkeit <\/td><td>begrenzt<\/td><td>begrenzt<\/td><td>unbegrenzt<\/td><\/tr><tr><td>Rate der Bandbreite<\/td><td>begrenzt<\/td><td>begrenzt<\/td><td>unbegrenzt<\/td><\/tr><tr><td>Anzahl der Uploads<\/td><td>begrenzt<\/td><td>begrenzt<\/td><td>unbegrenzt<\/td><\/tr><tr><td>Verfall der Datei<\/td><td>Eine Akte verf\u00e4llt nach sieben (7) Tagen<\/td><td>Eine Akte verf\u00e4llt nach drei\u00dfig (30) Tagen<\/td><td>Eine Datei hat kein Verfallsdatum<\/td><\/tr><tr><td>Ist die Dateigr\u00f6\u00dfe beim Hochladen begrenzt?<\/td><td>Ja<\/td><td>Ja<\/td><td>Nein<\/td><\/tr><tr><td>Hat Anzeigen<\/td><td>Ja<\/td><td>Ja<\/td><td>Nein<\/td><\/tr><tr><td>Hat Wartezeit<\/td><td>Ja<\/td><td>Ja<\/td><td>Nein<\/td><\/tr><tr><td>Hat CAPTCHAs<\/td><td>Ja<\/td><td>Ja<\/td><td>Nein<\/td><\/tr><tr><td>Hat Verz\u00f6gerungen bei Downloads<\/td><td>Ja<\/td><td>Ja<\/td><td>Nein<\/td><\/tr><tr><td>Hat einen direkten Download<\/td><td>Nein<\/td><td>Nein<\/td><td>Ja<\/td><\/tr><tr><td>Benutzer k\u00f6nnen eine Datei gleichzeitig herunterladen?<\/td><td>Nein<\/td><td>Nein<\/td><td>Ja<\/td><\/tr><tr><td>Verwendung eines Beschleunigers f\u00fcr Downloads<\/td><td>Nein<\/td><td>Nein<\/td><td>Ja<\/td><\/tr><tr><td>Kann \u00fcber URLs aus der Ferne hochladen<\/td><td>Nein<\/td><td>Nein<\/td><td>Ja<\/td><\/tr><tr><td>Kann die Downloads pausieren<\/td><td>Ja<\/td><td>Ja<\/td><td>Ja<\/td><\/tr><tr><td>Kann die fehlgeschlagenen Downloads wieder aufnehmen<\/td><td>Ja<\/td><td>Ja<\/td><td>Ja<\/td><\/tr><tr><td>Hat Zugang zur Verwendung des File Transfer Protocol (FTP)<\/td><td>Ja<\/td><td>Ja<\/td><td>Ja<\/td><\/tr><tr><td>Hat Secure Sockets Layer (SSL)-Sicherheit<\/td><td>Ja<\/td><td>Ja<\/td><td>Ja<\/td><\/tr><tr><td>Hat ein Affiliate-System<\/td><td>Ja<\/td><td>Ja<\/td><td>Ja<\/td><\/tr><tr><td>Hat TusFiles Unterst\u00fctzung<\/td><td>Ja<\/td><td>Ja<\/td><td>Ja<\/td><\/tr><tr><td>Ist es sicher und gesch\u00fctzt?<\/td><td>Ja<\/td><td>Ja<\/td><td>Ja<\/td><\/tr><\/tbody><\/table><\/figure>\n\n\n\n<h2>Kosten f\u00fcr TusFiles-Konto<\/h2>\n\n\n\n<figure class=\"wp-block-table\"><table class=\"\"><tbody><tr><td>Preise f\u00fcr TusFiles-Konto<\/td><td>TusFiles Typen Gastkonto<\/td><td>TusFiles-Typen<br> Kostenloses Konto<\/td><td>TusFiles-Typen<br> Premium-Konto<\/td><\/tr><tr><td>Preis pro Monat:<\/td><td>00.00 USD<\/td><td>00.00 USD<\/td><td>Abh\u00e4ngig vom TusFile Premium Account Plan<\/td><\/tr><\/tbody><\/table><\/figure>\n\n\n\n<h2>TusFiles Premium-Konto-Pakete<\/h2>\n\n\n\n<figure class=\"wp-block-table\"><table class=\"\"><tbody><tr><td>Tage<\/td><td>Preis<\/td><td>Ist es sicher und gesch\u00fctzt?<\/td><\/tr><tr><td>7<\/td><td>6,50 USD<\/td><td>Ja<\/td><\/tr><tr><td>30<\/td><td>13,99 USD<\/td><td>Ja<\/td><\/tr><tr><td>60<\/td><td>15,99 USD<\/td><td>Ja<\/td><\/tr><tr><td>90<\/td><td>21,99 USD (Verkauf!)<\/td><td>Ja<\/td><\/tr><tr><td>180<\/td><td>32,99 USD (Originalpreis ist 34,99)<\/td><td>Ja<\/td><\/tr><tr><td>365<\/td><td>53,99 USD<\/td><td>Ja<\/td><\/tr><\/tbody><\/table><\/figure>\n\n\n\n<p>Die Bezahlung des Plans des TusFiles Premium Kontos ist schnell und einfach. Ein Benutzer muss lediglich den Preis f\u00fcr die TusFiles Premium Account-Pl\u00e4ne \u00fcber die unten aufgef\u00fchrte Liste der Zahlungsmethoden bezahlen.<\/p>\n\n\n\n<ul><li>\u00dcber PayPal<\/li><li> \u00dcber Kreditkarten<\/li><li> Durch Rupiah<\/li><li> \u00dcber WebMoney Transfer oder WMZ<\/li><li> Durch Bitm\u00fcnzen und andere <a href=\"https:\/\/www.investopedia.com\/terms\/c\/cryptocurrency.asp\" target=\"_blank\" rel=\"noreferrer noopener\" aria-label=\"Kryptow\u00e4hrungen (opens in a new tab)\">Kryptow\u00e4hrungen<\/a><\/li><\/ul>\n\n\n\n<h3>Aktivierung des TusFiles Premium-Kontos<\/h3>\n\n\n\n<p>Um das TusFiles Premium Konto zu aktivieren, muss ein Benutzer einen TusFiles Premium Aktivierungsschl\u00fcssel besitzen. <\/p>\n\n\n\n<ol><li>Ein Benutzer sollte auf die Website von TusFiles gehen und sich mit seinem Konto anmelden. (Wenn ein Benutzer noch kein Konto hat, erstellen Sie einfach eines auf der Anmeldeseite von TusFiles). Gehen Sie jetzt auf die Website von TusFiles.<\/li><li> Sobald ein Benutzer angemeldet ist, gehen Sie auf die Seite &#8222;Mein Konto&#8220; von TusFiles.<\/li><li> Geben Sie den Schl\u00fcssel des TusFiles Premium-Kontos in das Feld &#8222;Premium-Schl\u00fcssel aktivieren&#8220; ein.<\/li><li> Ein Benutzer muss auf die Schaltfl\u00e4che &#8222;Anwenden&#8220; klicken, um den TusFiles Premium Aktivierungsschl\u00fcssel auf das Konto des Benutzers anzuwenden, damit er oder sie nun alle Funktionen und Dienste des TusFiles Premium Kontos nutzen kann.<\/li><\/ol>\n\n\n\n<h2>Erstellen Sie ein TusFiles-Konto: Eine Schritt-f\u00fcr-Schritt-Anleitung<\/h2>\n\n\n\n<p>Ein Benutzer sollte zun\u00e4chst \u00fcber ein Konto bei TusFiles verf\u00fcgen, um die verschiedenen Funktionen und Dienste der TusFiles-Website nutzen zu k\u00f6nnen, wie z.B. die gemeinsame Nutzung von Dateien, das Herunterladen von Dateien, das Hochladen von Dateien und das Anzeigen der Dateien.<\/p>\n\n\n<a class=\"maxbutton-2 maxbutton maxbutton-cta\" target=\"_blank\" rel=\"nofollow noopener\" href=\"\/go\/\"><span class='mb-text'>&gt;&gt; Gehen Sie zur Original Linkifier Website<\/span><\/a>\n\n\n<p><\/p>\n\n\n\n<p>Damit ein Benutzer ein Konto f\u00fcr TusFiles erstellen kann, f\u00fchren Sie alle folgenden Schritte aus.<\/p>\n\n\n\n<ol><li>Gehen Sie zur TusFiles-Website.<\/li><li> Gehen Sie auf der TusFiles-Homepage in die obere Ecke auf der rechten Seite der TusFiles-Website und klicken Sie auf die Schaltfl\u00e4che &#8222;Anmelden&#8220;, um das Anmeldeformular anzuzeigen.<\/li><li> Ein Benutzer sollte alle erforderlichen Details des TusFiles-Anmeldeformulars ausf\u00fcllen. (Benutzername, E-Mail-Adresse und Passwort) ausf\u00fcllen. Denken Sie daran, dass alle Angaben g\u00fcltig sein sollten.<\/li><li> F\u00fcr das Passwort muss ein Benutzer es erneut eingeben, um sicherzustellen, dass das Passwort korrekt eingegeben wurde.<\/li><li> Geben Sie den CAPTCHA-Code ein, der auf dem Anmeldeformular angezeigt wird. Der CAPTCHA-Code sollte korrekt sein, damit ein Konto akzeptiert wird.<\/li><li> Markieren Sie das Kontrollk\u00e4stchen f\u00fcr die Bedingungen und Richtlinien von TusFiles, um zu wissen, dass ein Benutzer mit allem einverstanden ist. (Ein Benutzer sollte zuerst die Bedingungen und Richtlinien der TusFiles-Website lesen).<\/li><li> Kreuzen Sie die Schaltfl\u00e4che &#8222;Submit&#8220; an, um alle Details auf dem Anmeldeformular zu \u00fcbermitteln.<ul><li>*Wenn ein Benutzer alle Details f\u00fcr den Anmeldevorgang eingegeben hat und diese g\u00fcltig sind, speichert Tusfiles automatisch alle Details und erstellt ein TusFiles-Konto f\u00fcr ihn oder sie.<\/li><\/ul><\/li><li> Danach muss ein Benutzer sein Konto auf der TusFiles-Website per E-Mail best\u00e4tigen, indem er einfach auf den Link klickt, den die Tusfiles gesendet haben. (TusFiles sendet an die E-Mail-Adresse des Benutzers einen Link f\u00fcr die Aktivierung eines Benutzerkontos).<\/li><\/ol>\n\n\n\n<p>Jetzt kann sich ein Benutzer jederzeit und \u00fcberall anmelden, wo er will!<\/p>\n\n\n\n<h3>Jetzt kann sich ein Benutzer jederzeit und \u00fcberall anmelden, wo er will!<\/h3>\n\n\n\n<p>Um sich als Benutzer anzumelden, folgen Sie den vier (4) einfachen Schritten unten.<\/p>\n\n\n\n<ol><li>Besuchen Sie die TusFiles-Website.<\/li><li> Gehen Sie zur Anmeldeseite.<\/li><li> Geben Sie den TusFiles-Benutzernamen und das TusFiles-Passwort ein.<\/li><li> Klicken Sie auf &#8222;Anmelden&#8220;.<\/li><\/ol>\n\n\n\n<p>Nachdem sich ein Benutzer angemeldet hat, wird die Seite direkt auf die Seite Mein Konto der TusFiles-Website weitergeleitet.<\/p>\n\n\n\n<h2>Hochladen, Herunterladen und Weitergeben<\/h2>\n\n\n\n<p>Ein Benutzer kann jede Datei anzeigen, hoch- und herunterladen und freigeben. Eine Datei kann sein:<\/p>\n\n\n\n<ul><li>ein Dokument, <\/li><li> ein Bild, <\/li><li> ein Video oder einen Film, <\/li><li> eine Aufnahme oder ein Musikst\u00fcck, <\/li><li> ein Spiel,<\/li><li> eine Software,<\/li><li> oder andere Arten von Dateien, die den Zuschauern oder Lesern nicht schaden und die keine Gewalt oder schlechte Inhalte enthalten. <\/li><\/ul>\n\n\n\n<h3><strong>Hochladen einer Datei auf ein Konto von TusFiles<\/strong><\/h3>\n\n\n\n<p>Um eine Datei hochzuladen, folgen Sie allen unten aufgef\u00fchrten Schritten:<\/p>\n\n\n\n<ol><li>Gehen Sie auf die Startseite der TusFiles-Website und melden Sie sich bei dem Konto auf TusFiles an.<\/li><li> Suchen Sie die Schaltfl\u00e4che &#8222;Hochladen&#8220; und klicken Sie darauf. <\/li><li> Der Datei-Explorer wird auf der Seite erscheinen. Gehen Sie zum Speicherort der Datei auf dem Ger\u00e4t.<\/li><li> W\u00e4hlen Sie die Datei(en) zum Hochladen aus und klicken Sie auf &#8222;OK&#8220;. Die Datei wird automatisch hochgeladen. <\/li><li> W\u00e4hrend des Wartens auf die hochzuladende(n) Datei(en) kann ein Benutzer die Dateibeschreibung in das Beschreibungsfeld eingeben.<\/li><li> Wenn die Uploads abgeschlossen sind. Die Datei oder die Dateien werden auf dem Server von TusFiles gespeichert.<\/li><\/ol>\n\n\n\n<p>Wenn ein Tusfiles-Gastbenutzer oder ein nicht registriertes Konto eine Datei hochgeladen hat, l\u00e4uft diese Datei ab oder wird nach f\u00fcnfzehn (15) Tagen gel\u00f6scht, aber die Dateien, die ein TusFiles-Gastbenutzer oder ein registriertes TusFiles-Konto hochgeladen hat, laufen nicht ab oder werden nicht gel\u00f6scht, wenn diese Dateien weniger als f\u00fcnfundzwanzig Megabyte (25 MB) gro\u00df sind.<\/p>\n\n\n\n<h3><strong>\u00d6ffnen und Herunterladen einer Datei \u00fcber Tusfiles<\/strong><\/h3>\n\n\n\n<p>Jeder kann eine Datei auf der Tusfiles-Website suchen und herunterladen. Die Dateien werden aus der Datenbank von TusFiles abgerufen und diese werden von den <a rel=\"noreferrer noopener\" aria-label=\"Servern  (opens in a new tab)\" href=\"https:\/\/www.webopedia.com\/TERM\/S\/server.html\" target=\"_blank\">Servern <\/a>oder Laufwerken von TusFiles heruntergeladen.<\/p>\n\n\n\n<p>Um eine Datei herunterzuladen, folgen Sie den vier (4) einfachen Schritten unten:<\/p>\n\n\n\n<ol><li>Gehen Sie auf den Link der Datei, die er oder sie herunterladen m\u00f6chte.<\/li><li> Die Download-Seite der Datei erscheint mit dem Namen, der Beschreibung und der Gr\u00f6\u00dfe der Datei.<\/li><li> Klicken Sie auf die Schaltfl\u00e4che &#8222;Download starten&#8220; oder auf die Schaltfl\u00e4che &#8222;Download&#8220;.<\/li><li> Die Datei wird automatisch von TusFiles heruntergeladen.<\/li><\/ol>\n\n\n\n<p>Ein Benutzer kann auch ein beliebiges Tool zum Herunterladen einer Datei verwenden, z.B. den Internet Download Manager oder IDM Jdownloader oder andere.<\/p>\n\n\n\n<h3><strong>Freigabe einer Datei \u00fcber Tusfiles<\/strong><\/h3>\n\n\n\n<p>Ein Benutzer von TusFiles kann die Dateien \u00fcber den <a rel=\"noreferrer noopener\" aria-label=\"URL-Link (Uniform Resource Locator) (opens in a new tab)\" href=\"https:\/\/en.wikipedia.org\/wiki\/URL\" target=\"_blank\">URL-Link (Uniform Resource Locator)<\/a> einer bestimmten Datei freigeben und f\u00fcr E-Mails oder verschiedene Social-Media-Plattformen wie z. B:<\/p>\n\n\n\n<ul><li>Facebook<\/li><li> Twitter<\/li><li> Youtube und andere<\/li><\/ul>\n\n\n\n<h2>Mit Tusfiles verdienen<\/h2>\n\n\n\n<p>TusFiles ist sehr gro\u00dfz\u00fcgig, wenn es darum geht, Menschen zu helfen. Sie haben eine M\u00f6glichkeit f\u00fcr Menschen, Geld zu verdienen. Vorher muss eine Person jedoch zuerst ein TusFiles Premium-Konto haben. Viele Leute benutzen Tusfiles, weil sie Geld verdienen k\u00f6nnen, indem sie ihre hochgeladenen Dateien einfach allen zur Verf\u00fcgung stellen, um die Anzahl der Downloads der Dateien zu erh\u00f6hen.<\/p>\n\n\n\n<p>Ein Benutzer kann so viele Dateien hochladen, wie er m\u00f6chte, denn TusFiles zahlt daf\u00fcr, wie viele Personen eine Benutzerdatei oder -dateien herunterladen. Sch\u00e4tzt man das Einkommen, so erh\u00e4lt ein Benutzer f\u00fcr jede tausend (1000) Downloads 0,50 USD bis zu 10 USD. <\/p>\n\n\n\n<figure class=\"wp-block-table\"><table class=\"\"><tbody><tr><td class=\"has-text-align-center\" data-align=\"center\"><strong>Kontakte von TusFiles<\/strong><\/td><\/tr><\/tbody><\/table><\/figure>\n\n\n\n<figure class=\"wp-block-table\"><table class=\"\"><tbody><tr><td>Webseite:<\/td><td>http:\/\/www.tusfiles.net<\/td><\/tr><tr><td>E-Mail-Adresse:<\/td><td>contact@tusfiles.net<\/td><\/tr><tr><td>Telefonnummer:<\/td><td>(432)-999-000<\/td><\/tr><tr><td>Anschrift:<\/td><td>Burgveldweg 21, 5864AJ Meerlo, Netherland<\/td><\/tr><tr><td>Zur Unterst\u00fctzung:<\/td><td>support@tusfiles<\/td><\/tr><tr><td>F\u00fcr Missbrauch:<\/td><td>abuse@tusfiles<\/td><\/tr><tr><td>F\u00fcr Systemfehler und Ideen:<\/td><td>support@tusfiles<\/td><\/tr><tr><td>F\u00fcr das Urheberrecht:<\/td><td>dmca@tusfiles<\/td><\/tr><tr><td>F\u00fcr die Rechnungsstellung:<\/td><td>billing@tusfiles<\/td><\/tr><\/tbody><\/table><\/figure>\n\n\n\n<figure class=\"wp-block-table\"><table class=\"\"><tbody><tr><td>Wenn ein Benutzer ein Problem oder eine Frage zur TusFiles-Website, den Funktionen und Diensten hat, sollte er sich an einen der oben genannten Ansprechpartner von TusFiles wenden. Alle TusFiles-Kontakte sind immer online. Sie sind immer rund um die Uhr und sieben (7) Tage in der Woche verf\u00fcgbar.<\/td><\/tr><\/tbody><\/table><\/figure>\n\n\n<a class=\"maxbutton-2 maxbutton maxbutton-cta\" target=\"_blank\" rel=\"nofollow noopener\" href=\"\/go\/\"><span class='mb-text'>&gt;&gt; Gehen Sie zur Original Linkifier Website<\/span><\/a>\n\n\n<p><\/p>\n","protected":false},"excerpt":{"rendered":"<p>TusFiles-\u00dcbersicht TusFiles ist einer der sicheren und kostenlosen Hosting-Dienste f\u00fcr Dateien. Er ist weltweit und f\u00fcr alle Webbrowser zug\u00e4nglich. Die<\/p>\n","protected":false},"author":2,"featured_media":0,"parent":0,"menu_order":0,"comment_status":"closed","ping_status":"closed","template":"","meta":[],"yoast_head":"<!-- This site is optimized with the Yoast SEO plugin v18.3 - https:\/\/yoast.com\/wordpress\/plugins\/seo\/ -->\n<title>TusFiles Premium Konto: Der Filehoster Auf Einen Blick<\/title>\n<meta name=\"description\" content=\"TusFiles est-il un fournisseur r\u00e9put\u00e9 ou non, vous pouvez trouver la r\u00e9ponse dans le test actuel sur Multihoster.org \u279c Cliquez maintenant sur \u271a pour lire nos exp\u00e9riences !\" \/>\n<meta name=\"robots\" content=\"index, follow, max-snippet:-1, max-image-preview:large, max-video-preview:-1\" \/>\n<link rel=\"canonical\" href=\"https:\/\/multihoster.org\/de\/tusfiles\/\" \/>\n<meta property=\"og:locale\" content=\"de_DE\" \/>\n<meta property=\"og:type\" content=\"article\" \/>\n<meta property=\"og:title\" content=\"TusFiles Premium Konto: Der Filehoster Auf Einen Blick\" \/>\n<meta property=\"og:description\" content=\"TusFiles est-il un fournisseur r\u00e9put\u00e9 ou non, vous pouvez trouver la r\u00e9ponse dans le test actuel sur Multihoster.org \u279c Cliquez maintenant sur \u271a pour lire nos exp\u00e9riences !\" \/>\n<meta property=\"og:url\" content=\"https:\/\/multihoster.org\/de\/tusfiles\/\" \/>\n<meta property=\"og:site_name\" content=\"Multihoster.org\" \/>\n<meta property=\"article:modified_time\" content=\"2020-04-16T09:59:38+00:00\" \/>\n<meta property=\"og:image\" content=\"https:\/\/lh5.googleusercontent.com\/VhTENL6he9zdRkCtqxyngyJXAG-GUaCUa8ROTiJUAAon7ohctlpp5uCnm4DAJW_yRxhz0Thc2ByUcVr3_gEC7bCDlnPBxDcTWS4EHLx-6pXRxF1bm8XmzhKiPPkmoaUpaxbRwOg\" \/>\n<meta name=\"twitter:card\" content=\"summary\" \/>\n<meta name=\"twitter:label1\" content=\"Gesch\u00e4tzte Lesezeit\" \/>\n\t<meta name=\"twitter:data1\" content=\"8\u00a0Minuten\" \/>\n<script type=\"application\/ld+json\" class=\"yoast-schema-graph\">{\"@context\":\"https:\/\/schema.org\",\"@graph\":[{\"@type\":\"WebSite\",\"@id\":\"https:\/\/multihoster.org\/#website\",\"url\":\"https:\/\/multihoster.org\/\",\"name\":\"Multihoster.org\",\"description\":\"Reviews of the major Filehosting services\",\"potentialAction\":[{\"@type\":\"SearchAction\",\"target\":{\"@type\":\"EntryPoint\",\"urlTemplate\":\"https:\/\/multihoster.org\/?s={search_term_string}\"},\"query-input\":\"required name=search_term_string\"}],\"inLanguage\":\"de\"},{\"@type\":\"ImageObject\",\"@id\":\"https:\/\/multihoster.org\/de\/tusfiles\/#primaryimage\",\"inLanguage\":\"de\",\"url\":\"https:\/\/lh5.googleusercontent.com\/VhTENL6he9zdRkCtqxyngyJXAG-GUaCUa8ROTiJUAAon7ohctlpp5uCnm4DAJW_yRxhz0Thc2ByUcVr3_gEC7bCDlnPBxDcTWS4EHLx-6pXRxF1bm8XmzhKiPPkmoaUpaxbRwOg\",\"contentUrl\":\"https:\/\/lh5.googleusercontent.com\/VhTENL6he9zdRkCtqxyngyJXAG-GUaCUa8ROTiJUAAon7ohctlpp5uCnm4DAJW_yRxhz0Thc2ByUcVr3_gEC7bCDlnPBxDcTWS4EHLx-6pXRxF1bm8XmzhKiPPkmoaUpaxbRwOg\"},{\"@type\":\"WebPage\",\"@id\":\"https:\/\/multihoster.org\/de\/tusfiles\/#webpage\",\"url\":\"https:\/\/multihoster.org\/de\/tusfiles\/\",\"name\":\"TusFiles Premium Konto: Der Filehoster Auf Einen Blick\",\"isPartOf\":{\"@id\":\"https:\/\/multihoster.org\/#website\"},\"primaryImageOfPage\":{\"@id\":\"https:\/\/multihoster.org\/de\/tusfiles\/#primaryimage\"},\"datePublished\":\"2020-04-16T09:00:53+00:00\",\"dateModified\":\"2020-04-16T09:59:38+00:00\",\"description\":\"TusFiles est-il un fournisseur r\u00e9put\u00e9 ou non, vous pouvez trouver la r\u00e9ponse dans le test actuel sur Multihoster.org \u279c Cliquez maintenant sur \u271a pour lire nos exp\u00e9riences !\",\"breadcrumb\":{\"@id\":\"https:\/\/multihoster.org\/de\/tusfiles\/#breadcrumb\"},\"inLanguage\":\"de\",\"potentialAction\":[{\"@type\":\"ReadAction\",\"target\":[\"https:\/\/multihoster.org\/de\/tusfiles\/\"]}]},{\"@type\":\"BreadcrumbList\",\"@id\":\"https:\/\/multihoster.org\/de\/tusfiles\/#breadcrumb\",\"itemListElement\":[{\"@type\":\"ListItem\",\"position\":1,\"name\":\"Startseite\",\"item\":\"https:\/\/multihoster.org\/de\/\"},{\"@type\":\"ListItem\",\"position\":2,\"name\":\"TusFiles Premium Konto: Der Filehoster Auf Einen Blick\"}]}]}<\/script>\n<!-- \/ Yoast SEO plugin. -->","yoast_head_json":{"title":"TusFiles Premium Konto: Der Filehoster Auf Einen Blick","description":"TusFiles est-il un fournisseur r\u00e9put\u00e9 ou non, vous pouvez trouver la r\u00e9ponse dans le test actuel sur Multihoster.org \u279c Cliquez maintenant sur \u271a pour lire nos exp\u00e9riences !","robots":{"index":"index","follow":"follow","max-snippet":"max-snippet:-1","max-image-preview":"max-image-preview:large","max-video-preview":"max-video-preview:-1"},"canonical":"https:\/\/multihoster.org\/de\/tusfiles\/","og_locale":"de_DE","og_type":"article","og_title":"TusFiles Premium Konto: Der Filehoster Auf Einen Blick","og_description":"TusFiles est-il un fournisseur r\u00e9put\u00e9 ou non, vous pouvez trouver la r\u00e9ponse dans le test actuel sur Multihoster.org \u279c Cliquez maintenant sur \u271a pour lire nos exp\u00e9riences !","og_url":"https:\/\/multihoster.org\/de\/tusfiles\/","og_site_name":"Multihoster.org","article_modified_time":"2020-04-16T09:59:38+00:00","og_image":[{"url":"https:\/\/lh5.googleusercontent.com\/VhTENL6he9zdRkCtqxyngyJXAG-GUaCUa8ROTiJUAAon7ohctlpp5uCnm4DAJW_yRxhz0Thc2ByUcVr3_gEC7bCDlnPBxDcTWS4EHLx-6pXRxF1bm8XmzhKiPPkmoaUpaxbRwOg"}],"twitter_card":"summary","twitter_misc":{"Gesch\u00e4tzte Lesezeit":"8\u00a0Minuten"},"schema":{"@context":"https:\/\/schema.org","@graph":[{"@type":"WebSite","@id":"https:\/\/multihoster.org\/#website","url":"https:\/\/multihoster.org\/","name":"Multihoster.org","description":"Reviews of the major Filehosting services","potentialAction":[{"@type":"SearchAction","target":{"@type":"EntryPoint","urlTemplate":"https:\/\/multihoster.org\/?s={search_term_string}"},"query-input":"required name=search_term_string"}],"inLanguage":"de"},{"@type":"ImageObject","@id":"https:\/\/multihoster.org\/de\/tusfiles\/#primaryimage","inLanguage":"de","url":"https:\/\/lh5.googleusercontent.com\/VhTENL6he9zdRkCtqxyngyJXAG-GUaCUa8ROTiJUAAon7ohctlpp5uCnm4DAJW_yRxhz0Thc2ByUcVr3_gEC7bCDlnPBxDcTWS4EHLx-6pXRxF1bm8XmzhKiPPkmoaUpaxbRwOg","contentUrl":"https:\/\/lh5.googleusercontent.com\/VhTENL6he9zdRkCtqxyngyJXAG-GUaCUa8ROTiJUAAon7ohctlpp5uCnm4DAJW_yRxhz0Thc2ByUcVr3_gEC7bCDlnPBxDcTWS4EHLx-6pXRxF1bm8XmzhKiPPkmoaUpaxbRwOg"},{"@type":"WebPage","@id":"https:\/\/multihoster.org\/de\/tusfiles\/#webpage","url":"https:\/\/multihoster.org\/de\/tusfiles\/","name":"TusFiles Premium Konto: Der Filehoster Auf Einen Blick","isPartOf":{"@id":"https:\/\/multihoster.org\/#website"},"primaryImageOfPage":{"@id":"https:\/\/multihoster.org\/de\/tusfiles\/#primaryimage"},"datePublished":"2020-04-16T09:00:53+00:00","dateModified":"2020-04-16T09:59:38+00:00","description":"TusFiles est-il un fournisseur r\u00e9put\u00e9 ou non, vous pouvez trouver la r\u00e9ponse dans le test actuel sur Multihoster.org \u279c Cliquez maintenant sur \u271a pour lire nos exp\u00e9riences !","breadcrumb":{"@id":"https:\/\/multihoster.org\/de\/tusfiles\/#breadcrumb"},"inLanguage":"de","potentialAction":[{"@type":"ReadAction","target":["https:\/\/multihoster.org\/de\/tusfiles\/"]}]},{"@type":"BreadcrumbList","@id":"https:\/\/multihoster.org\/de\/tusfiles\/#breadcrumb","itemListElement":[{"@type":"ListItem","position":1,"name":"Startseite","item":"https:\/\/multihoster.org\/de\/"},{"@type":"ListItem","position":2,"name":"TusFiles Premium Konto: Der Filehoster Auf Einen Blick"}]}]}},"_links":{"self":[{"href":"https:\/\/multihoster.org\/de\/wp-json\/wp\/v2\/pages\/3722"}],"collection":[{"href":"https:\/\/multihoster.org\/de\/wp-json\/wp\/v2\/pages"}],"about":[{"href":"https:\/\/multihoster.org\/de\/wp-json\/wp\/v2\/types\/page"}],"author":[{"embeddable":true,"href":"https:\/\/multihoster.org\/de\/wp-json\/wp\/v2\/users\/2"}],"replies":[{"embeddable":true,"href":"https:\/\/multihoster.org\/de\/wp-json\/wp\/v2\/comments?post=3722"}],"version-history":[{"count":2,"href":"https:\/\/multihoster.org\/de\/wp-json\/wp\/v2\/pages\/3722\/revisions"}],"predecessor-version":[{"id":3739,"href":"https:\/\/multihoster.org\/de\/wp-json\/wp\/v2\/pages\/3722\/revisions\/3739"}],"wp:attachment":[{"href":"https:\/\/multihoster.org\/de\/wp-json\/wp\/v2\/media?parent=3722"}],"curies":[{"name":"wp","href":"https:\/\/api.w.org\/{rel}","templated":true}]}}