{"id":3764,"date":"2020-04-16T11:39:11","date_gmt":"2020-04-16T11:39:11","guid":{"rendered":"https:\/\/multihoster.org\/yunfile-premium-account-the-filehoster-at-a-glance\/"},"modified":"2020-04-16T12:20:01","modified_gmt":"2020-04-16T12:20:01","slug":"yunfile","status":"publish","type":"page","link":"https:\/\/multihoster.org\/de\/yunfile\/","title":{"rendered":"YunFile Premium Konto: Der Filehoster Auf Einen Blick"},"content":{"rendered":"\n<figure class=\"wp-block-image\"><img src=\"https:\/\/lh4.googleusercontent.com\/fj3S8nsdOLj7HIxsYANKIVnqFTQIpLjmUFGUFsciGOiKAhGMWk0eqW1AEh3Dhm2ld8wO2OHAKpUXdwTHzUvJfH9aRSaRlP8Lnipg7FTuKKm_ALOHzUTIvBOFzSynNUZkEyJiHLI\" alt=\"YunFile logo\"\/><\/figure>\n\n\n<a class=\"maxbutton-2 maxbutton maxbutton-cta\" target=\"_blank\" rel=\"nofollow noopener\" href=\"\/go\/\"><span class='mb-text'>&gt;&gt; Gehen Sie zur Original Linkifier Website<\/span><\/a>\n\n\n<p><\/p>\n\n\n\n<h2>YunFile: \u00dcber <\/h2>\n\n\n\n<p>Wenn Benutzer ihre Dateien einfach hoch- und herunterladen und mit anderen teilen m\u00f6chten, wann immer und wo immer sie sind, und wenn sie Geld verdienen m\u00f6chten, dann k\u00f6nnen sie die Website von YunFile nutzen. <\/p>\n\n\n\n<p>YunFile wurde im Jahr 2011 gegr\u00fcndet. Es handelt sich um einen Dateihoster, der den Benutzern die M\u00f6glichkeit bietet, ihre Website zum Hochladen, Herunterladen und Austauschen von Dateien zu nutzen. Dadurch m\u00fcssen sich die Benutzer keine Gedanken dar\u00fcber machen, wie sie ihre Dateien mitbringen k\u00f6nnen, denn sie k\u00f6nnen die Website von YunFile einfach mit einem Webbrowser ihres Ger\u00e4ts mit Internetanschluss durchsuchen und bequem auf ihre Dateien wie Videos, Musik, Dokumente und Software zugreifen, wo immer sie sich befinden.<\/p>\n\n\n\n<ul><li>Einfache und leicht verst\u00e4ndliche Website \u2043 Die Benutzer k\u00f6nnen die verschiedenen Funktionen auf den Webseiten von YunFIle leicht verstehen und sich darin bewegen.<\/li><li> Verschiedene Zahlungsmethoden \u2043 YunFile unterst\u00fctzt verschiedene Zahlungsmodi f\u00fcr den Kauf der Premium-Accounts durch ihre Benutzer. Sie erm\u00f6glichen es auch den Wiederverk\u00e4ufern, ihre bevorzugten Zahlungsarten zu verwenden.<\/li><li> Kundensupport \u2043 YunFile hat eine Gruppe zur Unterst\u00fctzung ihrer Kunden oder Benutzer, wenn diese Bedenken oder Probleme haben. Die Unterst\u00fctzung erfolgt \u00fcber Anrufe und E-Mails. Sie sind immer 24 Stunden am Tag online, auch samstags und sonntags.<\/li><li> Einfaches Hochladen \u2043 YunFile empfiehlt die Verwendung des Browsers Google Chrome, um auf die Seiten ihrer Website ordnungsgem\u00e4\u00df zugreifen und sie laden zu k\u00f6nnen. Sie unterst\u00fctzen das Multi-Threaded-HTTP f\u00fcr ein schnelleres Hochladen von Dateien. Die unterst\u00fctzten Methoden zum Hochladen sind Browser-Upload oder Auswahl-Upload und &#8222;Drag and Drop&#8220;.<\/li><li> Einfaches Herunterladen \u2043. Die Benutzer k\u00f6nnen einen Download-Manager oder einfach einen Downloader wie den Internet Download Manager oder IDM und den Jdownloader verwenden, um eine oder mehrere Dateien von der Website von YunFile herunterzuladen und auf ihren Ger\u00e4ten zu speichern.<\/li><li> Einfaches Teilen von Dateien \u2043 Die Benutzer k\u00f6nnen ihre Dateien mit anderen Menschen \u00fcber soziale Medien oder E-Mail oder Blogs oder Vlogs \u00fcber die Website von YunFile teilen. Sie m\u00fcssen nur sicherstellen, dass sie immer mit dem Internet verbunden sind.<\/li><li> Sehr g\u00fcnstige Premium-Account-Pl\u00e4ne \u2043 Die Benutzer k\u00f6nnen Geld sparen, da YunFile einen sehr g\u00fcnstigen Preis f\u00fcr den Kauf der Premium-Account-Pl\u00e4ne bietet.<\/li><li> Geld verdienen \u2043 Die Benutzer k\u00f6nnen die Website von YunFile benutzen, um Geld durch ihr Referral-Programm zu verdienen, das Pay-Per-Sale oder PPS und Pay-Per-Download oder PPD Methoden verwendet. F\u00fcr PPS gibt YunFile den Benutzern bis zu siebzig Prozent (70%) f\u00fcr jeden verkauften Premium-Account und f\u00fcr PPD bis zu f\u00fcnfzig Dollar ($50) f\u00fcr je eintausend Datei-Downloads.<\/li><\/ul>\n\n\n\n<h2>YunFile: Konten<\/h2>\n\n\n\n<p>Damit die Benutzer auf die Funktionen und Dienste der Website von YunFile zugreifen und diese nutzen k\u00f6nnen, sollten sie sich registrieren und ihre Konten \u00fcberpr\u00fcfen lassen. Beachten Sie, dass sie f\u00fcr die Sicherheit und den Datenschutz ihrer eigenen Konten verantwortlich sein sollten.<\/p>\n\n\n\n<p>YunFile hat zwei Arten von Konten f\u00fcr alle Benutzer, n\u00e4mlich das YunFile Free Konto und das YunFile Premium Konto. Wenn die Benutzer nicht eine eingeschr\u00e4nkte Nutzung aller Funktionen und Dienste von YunFIle w\u00fcnschen, wenn sie nicht eine langsame Geschwindigkeit beim Herunterladen einer oder mehrerer Dateien w\u00fcnschen, wenn sie keine st\u00f6rende Werbung auf jeder Seite der Website von YunFile w\u00fcnschen und wenn sie einen gr\u00f6\u00dferen Speicherplatz w\u00fcnschen, dann sollten sie versuchen, den Premium-Account zu erhalten.<\/p>\n\n\n\n<h3>Die Vorteile eines YunFile Premium-Kontos<\/h3>\n\n\n\n<p>\u2713 Die Benutzer k\u00f6nnen ihre Dateien von der Website von YunFile ohne Wartezeit und ohne Captchas herunterladen.<br> \u2713 Die Benutzer werden eine hohe und nicht begrenzte Geschwindigkeit beim Herunterladen einer oder mehrerer Dateien erleben.<br> \u2713 Die Website von YunFile enth\u00e4lt keine Werbung, wenn die Benutzer auf den Seiten von YunFile navigieren und eine oder mehrere Dateien herunterladen.<br> \u2713 Die Benutzer sind nicht darauf beschr\u00e4nkt, mehrere Dateien gleichzeitig herunterzuladen.<br> \u2713 Die Benutzer haben Zugang zur Nutzung des pers\u00f6nlichen Speicherplatzes.<br> \u2713 Die Benutzerinnen und Benutzer k\u00f6nnen Geld sparen.<br> \u2713 Die Benutzer k\u00f6nnen dem Referral-Programm von YunFIle beitreten und Geld verdienen.<\/p>\n\n\n\n<p>Bitte \u00fcberpr\u00fcfen Sie die unten aufgef\u00fchrten Unterschiede zwischen dem kostenlosen und dem Premium-Account von YunFile, wenn es um die Funktionen und Dienstleistungen geht.<\/p>\n\n\n\n<h3>YunFile Premium-Konto<\/h3>\n\n\n\n<figure class=\"wp-block-table\"><table class=\"\"><tbody><tr><td>Die Funktionen und Dienste<\/td><td>Arten von kostenlosen YunFile-Konten<\/td><td>Arten von YunFile \u22c6 Premium-Konto \u22c6<\/td><\/tr><tr><td>Ist es kostenlos?<\/td><td>\u2611 Ja<\/td><td>\u2612 Nein<\/td><\/tr><tr><td>Beginnt der Download-Prozess sofort?<\/td><td>\u2612 Nein<\/td><td>\u2611 Ja<\/td><\/tr><tr><td>Hat es eine Wartezeit? <\/td><td>\u2611 Ja<\/td><td>\u2612 Nein<\/td><\/tr><tr><td>Wie lang ist die Wartezeit f\u00fcr das Herunterladen einer Datei? <\/td><td>Es dauert etwa drei\u00dfig Sekunden (30 Sekunden), um den Download zu starten<\/td><td>Es hat keine Wartezeit<\/td><\/tr><tr><td>Die Geschwindigkeitsrate beim Herunterladen einer Datei<\/td><td>Langsam und begrenzt<\/td><td>Hohe Geschwindigkeit und nicht begrenzt<\/td><\/tr><tr><td>Gleichzeitiges Herunterladen von mehreren Dateien<\/td><td>\u2612 Nicht unterst\u00fctzt<\/td><td>\u2611 Unterst\u00fctzt<\/td><\/tr><tr><td>Beschr\u00e4nkung f\u00fcr das Herunterladen einer Datei<\/td><td>Es darf nur eine Datei nach jeweils zehn Minuten heruntergeladen werden (1 Datei \/10 min).<\/td><td>Keine Einschr\u00e4nkungen f\u00fcr Premium-Benutzer<\/td><\/tr><tr><td>Schnelles Herunterladen von Dateien, wenn der Server von YunFile ausgelastet ist<\/td><td>\u2612 Nein<\/td><td>\u2611 Ja<\/td><\/tr><tr><td>Mehrzeilige Downloads<\/td><td>\u2612 Nein<\/td><td>\u2611 Ja<\/td><\/tr><tr><td>Fortsetzen und Anhalten des Herunterladens einer Datei<\/td><td>\u2612 Nicht unterst\u00fctzt<\/td><td>\u2611 Unterst\u00fctzt<\/td><\/tr><tr><td>Verf\u00fcgt es \u00fcber einen Beschleuniger f\u00fcr das Herunterladen einer Datei?<\/td><td>\u2612 Nicht unterst\u00fctzt<\/td><td>\u2611 Unterst\u00fctzt<\/td><\/tr><tr><td>K\u00f6nnen Benutzer ein Tool verwenden, um eine oder mehrere Dateien herunterzuladen?<\/td><td>\u2611 Ja<\/td><td>\u2611 Ja<\/td><\/tr><tr><td>Gr\u00f6\u00dfe des Speichers<\/td><td>Begrenzt<\/td><td>Hat einen gr\u00f6\u00dferen Speicher<\/td><\/tr><tr><td>Speicherplatz zum Speichern der heruntergeladenen Datei oder Dateien von Benutzern (zur pers\u00f6nlichen Aufbewahrung)<\/td><td>\u2612 Nicht unterst\u00fctzt<\/td><td>\u2611 Unterst\u00fctzt &#8211; Verf\u00fcgt \u00fcber einen eigenen Speicherplatz f\u00fcr Premium-Benutzer Der Speicherplatz betr\u00e4gt zweitausendacht achtundvierzig Gigabyte (2048 GB)<\/td><\/tr><tr><td>Enth\u00e4lt sie Werbung?<\/td><td>\u2611 Ja<\/td><td>\u2612 Nein<\/td><\/tr><tr><td>Ist das CAPTCHA erforderlich?<\/td><td>\u2611 Ja<\/td><td>\u2612 Nein<\/td><\/tr><tr><td>Zahlungen sind gesichert<\/td><td>\u2611 Ja<\/td><td>\u2611 Ja<\/td><\/tr><\/tbody><\/table><\/figure>\n\n\n<a class=\"maxbutton-2 maxbutton maxbutton-cta\" target=\"_blank\" rel=\"nofollow noopener\" href=\"\/go\/\"><span class='mb-text'>&gt;&gt; Gehen Sie zur Original Linkifier Website<\/span><\/a>\n\n\n<p><\/p>\n\n\n\n<p>Nachstehend finden Sie die Preise f\u00fcr das Gratis-Account- und das Premium-Account-Paket von YunFile.<\/p>\n\n\n\n<h3>YunFile Premium-Konto-Pakete<\/h3>\n\n\n\n<figure class=\"wp-block-table\"><table class=\"\"><tbody><tr><td>Kontotypen von YunFile<\/td><td>Anzahl von Tagen oder Monaten<\/td><td>Konto-Preise in Dollar<\/td><td>Konto-Preise in neuen Taiwan-Dollars<\/td><td>Konto Preise pro Tag<\/td><td>Die Kapazit\u00e4t der Speichergr\u00f6\u00dfe<\/td><td>Gibt es dort Anzeigen?<\/td><td>Ist es 100% sicher?<\/td><td>Ist es 100% sicher?<\/td><\/tr><tr><td>Kostenloses Konto<\/td><td>Null (0) Tage oder Null (0) Monate<\/td><td>00,00 USD<\/td><td>00.00 NT$<\/td><td>00.00 USD pro Tag<\/td><td>klein<\/td><td>\u2611 JA<\/td><td>\u2611 JA<\/td><td>100%<\/td><\/tr><tr><td>\u22c6Premium Konto<\/td><td>Ein (1) Tag<\/td><td>03,31 USD<\/td><td>100.00 NT$<\/td><td>03.31 USD pro Tag <\/td><td>gro\u00df<\/td><td>\u2612 NEIN<\/td><td>\u2611 JA<\/td><td>100%<\/td><\/tr><tr><td>\u22c6Premium Konto<\/td><td>Sieben (7) Tage<\/td><td>08,27 USD<\/td><td>250.00 NT$<\/td><td>00.36 USD pro Tag <\/td><td>gro\u00df<\/td><td>\u2612 NEIN<\/td><td>\u2611 JA<\/td><td>100%<\/td><\/tr><tr><td>\u22c6Premium Konto<\/td><td>Drei\u00dfig (30) Tage oder ein (1) Monat<\/td><td>10,92 USD<\/td><td>330.00 NT$<\/td><td>00.36 USD pro Tag <\/td><td>gro\u00df<\/td><td>\u2612 NEIN<\/td><td>\u2611 JA<\/td><td>100%<\/td><\/tr><tr><td>\u22c6Premium Konto<\/td><td>Neunzig (90) Tage oder ein (3) Monate<\/td><td>23,82 USD<\/td><td>720.00 NT$<\/td><td>00.26 USD pro Tag <\/td><td>gro\u00df<\/td><td>\u2612 NEIN<\/td><td>\u2611 JA<\/td><td>100%<\/td><\/tr><tr><td>\u22c6Premium Konto<\/td><td>Einhundertachtzig Tage(180) Tage oder sechs (6) Monate<\/td><td>33,74 USD<\/td><td>1020.00 NT$<\/td><td>00.19 USD pro Tag <\/td><td>gro\u00df<\/td><td>\u2612 NEIN<\/td><td>\u2611 JA<\/td><td>100%<\/td><\/tr><tr><td>\u22c6Premium Konto<\/td><td>Dreihundertf\u00fcnfundsechzig (365) Tage oder zw\u00f6lf (12) Monate<\/td><td>48,63 USD<\/td><td>1470.00 NT$<\/td><td>00.13 USD pro Tag <\/td><td>gro\u00df<\/td><td>\u2612 NEIN<\/td><td>\u2611 JA<\/td><td>100%<\/td><\/tr><tr><td>\u22c6Premium Konto<\/td><td>Lebenszeit<\/td><td>397,00 USD<\/td><td>12,000.00 NT$<\/td><td>00.01 USD pro Tag <\/td><td>gro\u00df<\/td><td>\u2612 NEIN<\/td><td>\u2611 JA<\/td><td>100%<\/td><\/tr><\/tbody><\/table><\/figure>\n\n\n\n<figure class=\"wp-block-table\"><table class=\"\"><tbody><tr><td>YunFile Zahlungsmodi: Die Benutzer k\u00f6nnen das Premium-Konto von YunFile \u00fcber Visa, MasterCard, PayPal, JCB, American Express, Amazon Gift Card, Perfect Money, WebMoney oder \u00fcber die zugelassenen Wiederverk\u00e4ufer von YunFile bezahlen.<\/td><\/tr><\/tbody><\/table><\/figure>\n\n\n\n<p>Wenn die Benutzer auf Probleme oder Fragen oder andere Bedenken bez\u00fcglich der Website, Funktionen, Dienstleistungen, Pakete, Zahlungen oder Abonnement von YunFile gesto\u00dfen sind, dann k\u00f6nnen sie versuchen, den Kunden-Support von YunFile zu kontaktieren, ihre Kontaktseite auf ihrer offiziellen Website oder wenn sie den Premium-Account von YunFile auf den Websites der Wiederverk\u00e4ufer kaufen, dann k\u00f6nnen sie versuchen, die Kontaktinformationen des Wiederverk\u00e4ufers zu finden, um sie zu erreichen.<\/p>\n\n\n<a class=\"maxbutton-2 maxbutton maxbutton-cta\" target=\"_blank\" rel=\"nofollow noopener\" href=\"\/go\/\"><span class='mb-text'>&gt;&gt; Gehen Sie zur Original Linkifier Website<\/span><\/a>\n\n\n<p><\/p>\n","protected":false},"excerpt":{"rendered":"<p>YunFile: \u00dcber Wenn Benutzer ihre Dateien einfach hoch- und herunterladen und mit anderen teilen m\u00f6chten, wann immer und wo immer<\/p>\n","protected":false},"author":2,"featured_media":0,"parent":0,"menu_order":0,"comment_status":"closed","ping_status":"closed","template":"","meta":[],"yoast_head":"<!-- This site is optimized with the Yoast SEO plugin v18.3 - https:\/\/yoast.com\/wordpress\/plugins\/seo\/ -->\n<title>YunFile Premium Konto: Der Filehoster Auf Einen Blick<\/title>\n<meta name=\"description\" content=\"Ist YunFile ein seri\u00f6ser Anbieter oder nicht, finden Sie die Antwort im aktuellen Test auf Multihoster.org \u279c Klicken Sie jetzt \u271a und lesen Sie unsere Erfahrungen!\" \/>\n<meta name=\"robots\" content=\"index, follow, max-snippet:-1, max-image-preview:large, max-video-preview:-1\" \/>\n<link rel=\"canonical\" href=\"https:\/\/multihoster.org\/de\/yunfile\/\" \/>\n<meta property=\"og:locale\" content=\"de_DE\" \/>\n<meta property=\"og:type\" content=\"article\" \/>\n<meta property=\"og:title\" content=\"YunFile Premium Konto: Der Filehoster Auf Einen Blick\" \/>\n<meta property=\"og:description\" content=\"Ist YunFile ein seri\u00f6ser Anbieter oder nicht, finden Sie die Antwort im aktuellen Test auf Multihoster.org \u279c Klicken Sie jetzt \u271a und lesen Sie unsere Erfahrungen!\" \/>\n<meta property=\"og:url\" content=\"https:\/\/multihoster.org\/de\/yunfile\/\" \/>\n<meta property=\"og:site_name\" content=\"Multihoster.org\" \/>\n<meta property=\"article:modified_time\" content=\"2020-04-16T12:20:01+00:00\" \/>\n<meta property=\"og:image\" content=\"https:\/\/lh4.googleusercontent.com\/fj3S8nsdOLj7HIxsYANKIVnqFTQIpLjmUFGUFsciGOiKAhGMWk0eqW1AEh3Dhm2ld8wO2OHAKpUXdwTHzUvJfH9aRSaRlP8Lnipg7FTuKKm_ALOHzUTIvBOFzSynNUZkEyJiHLI\" \/>\n<meta name=\"twitter:card\" content=\"summary\" \/>\n<meta name=\"twitter:label1\" content=\"Gesch\u00e4tzte Lesezeit\" \/>\n\t<meta name=\"twitter:data1\" content=\"6\u00a0Minuten\" \/>\n<script type=\"application\/ld+json\" class=\"yoast-schema-graph\">{\"@context\":\"https:\/\/schema.org\",\"@graph\":[{\"@type\":\"WebSite\",\"@id\":\"https:\/\/multihoster.org\/#website\",\"url\":\"https:\/\/multihoster.org\/\",\"name\":\"Multihoster.org\",\"description\":\"Reviews of the major Filehosting services\",\"potentialAction\":[{\"@type\":\"SearchAction\",\"target\":{\"@type\":\"EntryPoint\",\"urlTemplate\":\"https:\/\/multihoster.org\/?s={search_term_string}\"},\"query-input\":\"required name=search_term_string\"}],\"inLanguage\":\"de\"},{\"@type\":\"ImageObject\",\"@id\":\"https:\/\/multihoster.org\/de\/yunfile\/#primaryimage\",\"inLanguage\":\"de\",\"url\":\"https:\/\/lh4.googleusercontent.com\/fj3S8nsdOLj7HIxsYANKIVnqFTQIpLjmUFGUFsciGOiKAhGMWk0eqW1AEh3Dhm2ld8wO2OHAKpUXdwTHzUvJfH9aRSaRlP8Lnipg7FTuKKm_ALOHzUTIvBOFzSynNUZkEyJiHLI\",\"contentUrl\":\"https:\/\/lh4.googleusercontent.com\/fj3S8nsdOLj7HIxsYANKIVnqFTQIpLjmUFGUFsciGOiKAhGMWk0eqW1AEh3Dhm2ld8wO2OHAKpUXdwTHzUvJfH9aRSaRlP8Lnipg7FTuKKm_ALOHzUTIvBOFzSynNUZkEyJiHLI\"},{\"@type\":\"WebPage\",\"@id\":\"https:\/\/multihoster.org\/de\/yunfile\/#webpage\",\"url\":\"https:\/\/multihoster.org\/de\/yunfile\/\",\"name\":\"YunFile Premium Konto: Der Filehoster Auf Einen Blick\",\"isPartOf\":{\"@id\":\"https:\/\/multihoster.org\/#website\"},\"primaryImageOfPage\":{\"@id\":\"https:\/\/multihoster.org\/de\/yunfile\/#primaryimage\"},\"datePublished\":\"2020-04-16T11:39:11+00:00\",\"dateModified\":\"2020-04-16T12:20:01+00:00\",\"description\":\"Ist YunFile ein seri\u00f6ser Anbieter oder nicht, finden Sie die Antwort im aktuellen Test auf Multihoster.org \u279c Klicken Sie jetzt \u271a und lesen Sie unsere Erfahrungen!\",\"breadcrumb\":{\"@id\":\"https:\/\/multihoster.org\/de\/yunfile\/#breadcrumb\"},\"inLanguage\":\"de\",\"potentialAction\":[{\"@type\":\"ReadAction\",\"target\":[\"https:\/\/multihoster.org\/de\/yunfile\/\"]}]},{\"@type\":\"BreadcrumbList\",\"@id\":\"https:\/\/multihoster.org\/de\/yunfile\/#breadcrumb\",\"itemListElement\":[{\"@type\":\"ListItem\",\"position\":1,\"name\":\"Startseite\",\"item\":\"https:\/\/multihoster.org\/de\/\"},{\"@type\":\"ListItem\",\"position\":2,\"name\":\"YunFile Premium Konto: Der Filehoster Auf Einen Blick\"}]}]}<\/script>\n<!-- \/ Yoast SEO plugin. -->","yoast_head_json":{"title":"YunFile Premium Konto: Der Filehoster Auf Einen Blick","description":"Ist YunFile ein seri\u00f6ser Anbieter oder nicht, finden Sie die Antwort im aktuellen Test auf Multihoster.org \u279c Klicken Sie jetzt \u271a und lesen Sie unsere Erfahrungen!","robots":{"index":"index","follow":"follow","max-snippet":"max-snippet:-1","max-image-preview":"max-image-preview:large","max-video-preview":"max-video-preview:-1"},"canonical":"https:\/\/multihoster.org\/de\/yunfile\/","og_locale":"de_DE","og_type":"article","og_title":"YunFile Premium Konto: Der Filehoster Auf Einen Blick","og_description":"Ist YunFile ein seri\u00f6ser Anbieter oder nicht, finden Sie die Antwort im aktuellen Test auf Multihoster.org \u279c Klicken Sie jetzt \u271a und lesen Sie unsere Erfahrungen!","og_url":"https:\/\/multihoster.org\/de\/yunfile\/","og_site_name":"Multihoster.org","article_modified_time":"2020-04-16T12:20:01+00:00","og_image":[{"url":"https:\/\/lh4.googleusercontent.com\/fj3S8nsdOLj7HIxsYANKIVnqFTQIpLjmUFGUFsciGOiKAhGMWk0eqW1AEh3Dhm2ld8wO2OHAKpUXdwTHzUvJfH9aRSaRlP8Lnipg7FTuKKm_ALOHzUTIvBOFzSynNUZkEyJiHLI"}],"twitter_card":"summary","twitter_misc":{"Gesch\u00e4tzte Lesezeit":"6\u00a0Minuten"},"schema":{"@context":"https:\/\/schema.org","@graph":[{"@type":"WebSite","@id":"https:\/\/multihoster.org\/#website","url":"https:\/\/multihoster.org\/","name":"Multihoster.org","description":"Reviews of the major Filehosting services","potentialAction":[{"@type":"SearchAction","target":{"@type":"EntryPoint","urlTemplate":"https:\/\/multihoster.org\/?s={search_term_string}"},"query-input":"required name=search_term_string"}],"inLanguage":"de"},{"@type":"ImageObject","@id":"https:\/\/multihoster.org\/de\/yunfile\/#primaryimage","inLanguage":"de","url":"https:\/\/lh4.googleusercontent.com\/fj3S8nsdOLj7HIxsYANKIVnqFTQIpLjmUFGUFsciGOiKAhGMWk0eqW1AEh3Dhm2ld8wO2OHAKpUXdwTHzUvJfH9aRSaRlP8Lnipg7FTuKKm_ALOHzUTIvBOFzSynNUZkEyJiHLI","contentUrl":"https:\/\/lh4.googleusercontent.com\/fj3S8nsdOLj7HIxsYANKIVnqFTQIpLjmUFGUFsciGOiKAhGMWk0eqW1AEh3Dhm2ld8wO2OHAKpUXdwTHzUvJfH9aRSaRlP8Lnipg7FTuKKm_ALOHzUTIvBOFzSynNUZkEyJiHLI"},{"@type":"WebPage","@id":"https:\/\/multihoster.org\/de\/yunfile\/#webpage","url":"https:\/\/multihoster.org\/de\/yunfile\/","name":"YunFile Premium Konto: Der Filehoster Auf Einen Blick","isPartOf":{"@id":"https:\/\/multihoster.org\/#website"},"primaryImageOfPage":{"@id":"https:\/\/multihoster.org\/de\/yunfile\/#primaryimage"},"datePublished":"2020-04-16T11:39:11+00:00","dateModified":"2020-04-16T12:20:01+00:00","description":"Ist YunFile ein seri\u00f6ser Anbieter oder nicht, finden Sie die Antwort im aktuellen Test auf Multihoster.org \u279c Klicken Sie jetzt \u271a und lesen Sie unsere Erfahrungen!","breadcrumb":{"@id":"https:\/\/multihoster.org\/de\/yunfile\/#breadcrumb"},"inLanguage":"de","potentialAction":[{"@type":"ReadAction","target":["https:\/\/multihoster.org\/de\/yunfile\/"]}]},{"@type":"BreadcrumbList","@id":"https:\/\/multihoster.org\/de\/yunfile\/#breadcrumb","itemListElement":[{"@type":"ListItem","position":1,"name":"Startseite","item":"https:\/\/multihoster.org\/de\/"},{"@type":"ListItem","position":2,"name":"YunFile Premium Konto: Der Filehoster Auf Einen Blick"}]}]}},"_links":{"self":[{"href":"https:\/\/multihoster.org\/de\/wp-json\/wp\/v2\/pages\/3764"}],"collection":[{"href":"https:\/\/multihoster.org\/de\/wp-json\/wp\/v2\/pages"}],"about":[{"href":"https:\/\/multihoster.org\/de\/wp-json\/wp\/v2\/types\/page"}],"author":[{"embeddable":true,"href":"https:\/\/multihoster.org\/de\/wp-json\/wp\/v2\/users\/2"}],"replies":[{"embeddable":true,"href":"https:\/\/multihoster.org\/de\/wp-json\/wp\/v2\/comments?post=3764"}],"version-history":[{"count":3,"href":"https:\/\/multihoster.org\/de\/wp-json\/wp\/v2\/pages\/3764\/revisions"}],"predecessor-version":[{"id":3793,"href":"https:\/\/multihoster.org\/de\/wp-json\/wp\/v2\/pages\/3764\/revisions\/3793"}],"wp:attachment":[{"href":"https:\/\/multihoster.org\/de\/wp-json\/wp\/v2\/media?parent=3764"}],"curies":[{"name":"wp","href":"https:\/\/api.w.org\/{rel}","templated":true}]}}