{"id":3818,"date":"2020-04-16T14:55:32","date_gmt":"2020-04-16T14:55:32","guid":{"rendered":"https:\/\/multihoster.org\/movshare\/"},"modified":"2020-04-22T15:17:06","modified_gmt":"2020-04-22T15:17:06","slug":"movshare","status":"publish","type":"page","link":"https:\/\/multihoster.org\/de\/movshare\/","title":{"rendered":"Movshare Premium Konto: Der Filehoster Auf Einen Blick"},"content":{"rendered":"\n<div class=\"wp-block-image\"><figure class=\"alignleft is-resized\"><img loading=\"lazy\" src=\"https:\/\/lh3.googleusercontent.com\/MLiKmLZbc9NrvE2Mar1qwpZVlqILKjQk8z9aY5Q2gD-uOg307wXEcHv6KvoJnlW5fNz81gNpaduEG_LoToiN2Lu-b_WBGYb0Jpi9cTEc2-6W4yh0MlLHEvpyG1CXXtOW06IQUAzV\" alt=\"Movshare logo\" width=\"223\" height=\"71\"\/><\/figure><\/div>\n\n\n\n<p>In der heutigen modernen Zeit war das Verschieben und Speichern gro\u00dfer Dateien noch nie so einfach wie heute. Eine schnelle Suche im Internet f\u00fchrt zu Hunderten und Tausenden von Websites f\u00fcr das Hosting und die gemeinsame Nutzung von Dateien, und es kann m\u00fchsam sein, die richtige Website zu finden, die Ihren Bed\u00fcrfnissen entspricht. Ob f\u00fcr den pers\u00f6nlichen Gebrauch oder als Backup f\u00fcr gro\u00dfe Dateien zu Ihren Projekten und Ihrer Arbeit, ein vertrauensw\u00fcrdiger Datei-Hoster kann schwer zu finden sein. Ein schneller, sicherer und zuverl\u00e4ssiger Premium-Service ist Movshare. Movshare bietet Datei-Hosting-Dienste mit einfachem Zugang \u00fcber mehrere Ger\u00e4te und nutzt moderne Technologien und Methoden, um den Benutzern einen Premium-Service zum Bruchteil der Kosten anderer Datei-Hosting-Dienste zu bieten.<\/p>\n\n\n<a class=\"maxbutton-2 maxbutton maxbutton-cta\" target=\"_blank\" rel=\"nofollow noopener\" href=\"\/go\/\"><span class='mb-text'>&gt;&gt; Gehen Sie zur Original Linkifier Website<\/span><\/a>\n\n\n<p><\/p>\n\n\n\n<h2>WAS IST DIE MOVSHARE-PR\u00c4MIE?<\/h2>\n\n\n\n<p>Movshare ist ein zuverl\u00e4ssiger, sicherer und einfacher Datei-Hosting-Service, der <a href=\"https:\/\/searchstorage.techtarget.com\/definition\/cloud-storage\" target=\"_blank\" rel=\"noreferrer noopener\" aria-label=\"Cloud-Storage (opens in a new tab)\">Cloud-Storage<\/a>, komplexe Sicherheitsalgorithmen und Dateiverschl\u00fcsselung nutzt, um seinen Nutzern einen schnellen und zuverl\u00e4ssigen Service zu bieten. Wenn Sie sich f\u00fcr einen Premium-Account anmelden, k\u00f6nnen Sie Funktionen wie das Hochladen von Dateien und das Herunterladen von Dateien mit unbegrenzter Geschwindigkeit nutzen, Dateien \u00fcber mehrere Ger\u00e4te wie Smartphones, Desktop-Computer oder Laptops synchronisieren und Ihre Inhalte und Medien f\u00fcr Hunderte von anderen Benutzern auf der ganzen Welt freigeben. Movshare erm\u00f6glicht seinen Benutzern auch das Hochladen einer Vielzahl von Dateitypen wie Fotos, Videos, Musik, pdf-Dateien, Zip-Dateien und viele andere.  All dies wird mit Leichtigkeit und Bequemlichkeit erledigt, und mit Abonnement-Paketen, die bereits ab $9,99 beginnen, ist Movshare einer der billigsten Premium-Datei-Hosting-Dienste, die Sie heute in Anspruch nehmen k\u00f6nnen. Movshare bietet einen Service, der sogar mit den beliebteren Datei-Hosting-Websites konkurriert, ohne die Bank zu sprengen und ohne die Sicherheit zu gef\u00e4hrden.<\/p>\n\n\n\n<h2>WARUM EIN MOVSHARE-PR\u00c4MIENKONTO NUTZEN?<\/h2>\n\n\n\n<div class=\"wp-block-image\"><figure class=\"aligncenter\"><img src=\"https:\/\/lh4.googleusercontent.com\/K3gC3IH67GdYYG4EAprfsJp6Z2PlVgnvtVKGspGdO0zsRkUmp4hAJKciX6eG86Brvf-lfby-6dJpkE8G_DNxX2CTTZA88iMs7Q6XOeDX6oqq-JxNedsMYlaRVEWk5S4aLXclDqHP\" alt=\"Cloud sharing for everyone!\"\/><\/figure><\/div>\n\n\n\n<h3>UNBEGRENZTE GESCHWINDIGKEITEN<\/h3>\n\n\n\n<p>Alle Benutzer des Premium-Accounts k\u00f6nnen Dateien in ihrer maximalen Geschwindigkeit herunterladen und hochladen. Das bedeutet, dass Sie Dateien mit der von Ihrem Internet-Anbieter erlaubten H\u00f6chstgeschwindigkeit hoch- und herunterladen. Im Gegensatz zu freien Benutzern, die beim Hoch- und Herunterladen von Dateien nur \u00fcber eine begrenzte <a href=\"https:\/\/techterms.com\/definition\/bandwidth\" target=\"_blank\" rel=\"noreferrer noopener\" aria-label=\"Bandbreite  (opens in a new tab)\">Bandbreite <\/a>verf\u00fcgen, k\u00f6nnen Sie als Premium-Benutzer ohne Einschr\u00e4nkungen auf Ihre Dateien zugreifen und sie mit anderen teilen. Eine schnelle und unbegrenzte Geschwindigkeit bedeutet, dass Sie Inhalte und Medien schneller als die meisten Benutzer bereitstellen, freigeben oder \u00fcbertragen k\u00f6nnen, und sie erm\u00f6glicht Ihnen auch den problemlosen Zugriff auf die von anderen Benutzern freigegebenen und gespeicherten Inhalte.<\/p>\n\n\n\n<h3>KEINE WARTEZEITEN<\/h3>\n\n\n\n<p>Kostenlose Benutzer m\u00fcssen warten und sich die Anzeigen ansehen, bevor sie aus der riesigen Bibliothek von Movshare mit gemeinsam genutzten Dateien und Inhalten herunterladen k\u00f6nnen. Benutzer, die keine Premium-Benutzer sind, werden auch nur eine begrenzte Bandbreite nutzen k\u00f6nnen und haben f\u00fcr Downloads und Uploads nur eine geringe Priorit\u00e4t. Wenn Sie sich jedoch f\u00fcr ein Premium-Konto anmelden, k\u00f6nnen Sie sofort nach Belieben auf gro\u00dfe Dateien zugreifen, ohne sich mit Anzeigen besch\u00e4ftigen und auf den Beginn des Downloads warten zu m\u00fcssen. Sie k\u00f6nnen auch eine hohe Priorit\u00e4t beim Herunter- oder Hochladen von Dateien haben. Wenn mehrere Benutzer die gleiche Datei herunterladen, haben Premium-Benutzer die h\u00f6chste Priorit\u00e4t. Gratisbenutzer m\u00fcssen ebenfalls 2 Stunden warten, bis sie aufeinanderfolgende Dateien herunterladen, w\u00e4hrend Inhaber eines Premium-Kontos jederzeit und \u00fcberall auf alles zugreifen k\u00f6nnen. Mit einem Premium-Account k\u00f6nnen Sie mehrere Dateien gleichzeitig herunterladen, ohne die Unannehmlichkeit, vor dem Herunterladen einer weiteren Datei warten zu m\u00fcssen.<\/p>\n\n\n\n<h3>SICHERE DATEIABLAGE<\/h3>\n\n\n\n<p>Movshare bietet seinen Benutzern einen sicheren und garantierten Schutz. Premium-Benutzer haben jedoch Zugang zu sichereren Protokollen und Prozessen, um ihre Dateien vor b\u00f6swilligen Absichten zu sch\u00fctzen. Durch die M\u00f6glichkeit, Dateien zu verstecken, k\u00f6nnen nur Sie und diejenigen, die <a href=\"https:\/\/www.free-webhosts.com\/definition\/direct-linking.php\" target=\"_blank\" rel=\"noreferrer noopener\" aria-label=\"direkte Links (opens in a new tab)\">direkte Links<\/a> zu einer bestimmten Datei haben, auf diese zugreifen und sie herunterladen. Andere Benutzer k\u00f6nnen die Dateien, die Sie im Dateiverzeichnis von Movshare versteckt haben, nicht durchsuchen. Sie haben auch die M\u00f6glichkeit, Ihre eigenen Dateien mit einem Passwort zu sch\u00fctzen und so eine weitere Schutzebene hinzuzuf\u00fcgen, die neben dem Movshare-eigenen Sicherheitsdienst funktioniert. Die Premium-Verschl\u00fcsselung von Movshare stellt sicher, dass alle von Ihnen hochgeladenen Dateien gesichert und frei von jeglicher Form der Manipulation durch unbefugten und illegalen Zugriff sind.<\/p>\n\n\n\n<h3>H\u00d6HERE SPEICHERGRENZE<\/h3>\n\n\n\n<p>Durch die Nutzung des Cloud-Speichers von Movshare k\u00f6nnen alle kostenlosen Nutzer bis zu 10 GB kostenlosen Speicherplatz erhalten. Wenn Sie hingegen den Premium-Account-Service in Anspruch nehmen, stehen Ihnen bis zu 100 GB Speicherplatz zur Verf\u00fcgung. Dieser Speicher ist f\u00fcr gro\u00dfe Dateien wie Videos, Projekte oder andere Inhalte optimiert. Kombiniert mit unbegrenzten Download- und Upload-Geschwindigkeiten erm\u00f6glicht Ihnen die h\u00f6here Speichergrenze, den Speicherplatz ohne Probleme und Ausnahmen selbst zu nutzen. Eine flexible Erh\u00f6hung des Speicherlimits wird Ihnen auch zur Verf\u00fcgung gestellt, wenn Sie sich als Premium-Benutzer entscheiden, um Ihren schnellen und sicheren Speicherbedarf zu decken. Das Hochladen ist ebenfalls auf 1 GB f\u00fcr die kostenlosen Benutzer beschr\u00e4nkt, aber als Premium-Benutzer k\u00f6nnen Sie bis zu 4 GB pro Datei auf die Cloud-Server hochladen.<\/p>\n\n\n<a class=\"maxbutton-2 maxbutton maxbutton-cta\" target=\"_blank\" rel=\"nofollow noopener\" href=\"\/go\/\"><span class='mb-text'>&gt;&gt; Gehen Sie zur Original Linkifier Website<\/span><\/a>\n\n\n<h3>DATEI-SYNCING<\/h3>\n\n\n\n<p>Die Dateisynchronisierung erm\u00f6glicht es Ihnen, jederzeit und \u00fcberall auf Ihre Dateien zuzugreifen, solange es mit dem Internet verbunden ist. Ob auf Ihrem pers\u00f6nlichen Computer, Android- oder iOS-Ger\u00e4t, Laptop oder Ihrem Computer bei der Arbeit, Movshare stellt immer sicher, dass alle Dateien, die Sie hochgeladen haben, zwischen Ihren Ger\u00e4ten synchronisiert werden. Das bedeutet, dass alle \u00c4nderungen an einer Datei (z.B. die Bearbeitung von Dokumenten in einem Tabellenkalkulationsprogramm) auf allen angeschlossenen Ger\u00e4ten gleich sind. Dies bedeutet auch, dass Sie weniger Zeit f\u00fcr die \u00dcbertragung von Dateien von verschiedenen Ger\u00e4ten haben, da die Datei fast in Echtzeit aktualisiert wird.<\/p>\n\n\n\n<h3>24\/7-UNTERST\u00dcTZUNG<\/h3>\n\n\n\n<p>Das Support-Team von Movshare ist immer erreichbar, falls die Benutzer auf Probleme sto\u00dfen. Ob es sich um Probleme beim Zugriff auf das eigene Konto, um Fehler beim Hoch- und Herunterladen von Dateien oder einfach um allgemeine Fragen zu den Dienstleistungen und Tools von Movshare handelt, die Nutzer k\u00f6nnen das Support-Team erreichen und ihre Anfrage in k\u00fcrzester Zeit beantwortet bekommen. Als Premium-Benutzer haben Sie in der Warteschlange eine h\u00f6here Priorit\u00e4t und k\u00f6nnen mit dem Support-Team in Echtzeit chatten, wenn Sie dies w\u00fcnschen.<\/p>\n\n\n\n<h2>MOVSHARE&#8217;S G\u00dcNSTIGES PREMIUM-SERVICE-ABONNEMENT<\/h2>\n\n\n\n<p>Movshare geh\u00f6rt zu den billigsten Datei-Hosting-Diensten, die Sie heute in Anspruch nehmen k\u00f6nnen. Ihre Premium-Accounts haben Tonnen von Vorteilen und Verg\u00fcnstigungen gegen\u00fcber den kostenlosen Nutzern. Sollten Sie sich entscheiden, den Premium-Account-Service von Movshare in Anspruch zu nehmen, stehen Ihnen zahlreiche Zahlungsmethoden zur Verf\u00fcgung. Im Vergleich zu anderen Datei-Hosting-Diensten im Internet ist das Movshare-Abonnement flexibel und vor allem kosteng\u00fcnstig. Die Qualit\u00e4t und Sicherheit, die Movshare seinen Nutzern bietet, wird dadurch nicht beeintr\u00e4chtigt. F\u00fcr nur $9,99 k\u00f6nnen Sie 30 Tage lang in den Genuss der Premium-Vorteile kommen. F\u00fcr den Fall, dass Sie l\u00e4ngere Speicherpl\u00e4ne ben\u00f6tigen, stehen Ihnen mehrere Optionen zur Verf\u00fcgung, um Ihren Bed\u00fcrfnissen gerecht zu werden. Mit einer Reihe von Auswahlm\u00f6glichkeiten bei den Abonnementspl\u00e4nen kann jeder die Premium-Dienste auf bequeme Weise in Anspruch nehmen. Andere Datei-Hosting-Dienste berechnen Ihnen mehr f\u00fcr fast die gleichen Funktionen, die Movshare besser anbieten kann. Noch nie war es so einfach, einen Premium-Account zu erhalten, um in den Genuss aller Ihnen zur Verf\u00fcgung stehenden praktischen Vorteile zu kommen.<\/p>\n\n\n\n<h2>WIE KANN MAN EIN MOVSHARE-PR\u00c4MIENKONTO NUTZEN?<\/h2>\n\n\n\n<p>Ein Link, der zur Registrierungsseite weiterleitet, ist auf der Movshare-Webseite zu finden. Alle Anweisungen auf der Webseite sind so gestaltet, dass sie schnell, effizient und f\u00fcr jedermann einfach zu benutzen sind, und erm\u00f6glichen es jedem, der an der Nutzung eines Premium-Accounts interessiert ist, sich problemlos zu registrieren. F\u00fcllen Sie einfach die erforderlichen Informationen aus, w\u00e4hlen Sie die Dauer Ihres gew\u00e4hlten Abonnements und Sie werden auf die sichere Zahlungsseite weitergeleitet. W\u00e4hlen Sie Ihre Zahlung aus und warten Sie auf die Best\u00e4tigungs-E-Mail, die Ihnen zugeschickt wird, und geben Sie den Sicherheitscode ein, sobald Sie sich eingeloggt haben und Sie bereit sind, die Premium-Vorteile von Movshare zu nutzen.<\/p>\n\n\n\n<h2>ABONNEMENT-PL\u00c4NE VON MOVSHARE<\/h2>\n\n\n\n<p>Eine 3-t\u00e4gige Premium-Testversion ist f\u00fcr kostenlose Benutzer verf\u00fcgbar. Sie haben jedoch 15 Tage Zeit, bevor eine hochgeladene Datei, ein Dokument oder ein Medium gel\u00f6scht wird. Alle Benutzer mit einem Premium-Account haben die M\u00f6glichkeit, ihre Dateien f\u00fcr immer auf unseren Cloud-Servern zu speichern. Sollten Sie sich f\u00fcr ein l\u00e4ngeres Abonnement entscheiden, werden neuen Benutzern Rabatte gew\u00e4hrt. Wenn Sie den Premium-Service von Movshare nacheinander abonnieren, kommen Sie ebenfalls in den Genuss dieser Preisnachl\u00e4sse, und wiederkehrende Abonnenten sind ebenfalls willkommen. Sie k\u00f6nnen bis zu 20% Rabatt genie\u00dfen, wenn Sie den Premiumdienst 12 Monate lang in Anspruch nehmen. Movshare&#8217;s Premium-Pl\u00e4ne sind wie folgt:<\/p>\n\n\n\n<figure class=\"wp-block-table\"><table class=\"\"><tbody><tr><td>DAUER<\/td><td>PREIS<\/td><\/tr><tr><td>3 TAGE PREMIUM<\/td><td>KOSTENLOSER TRIAL <\/td><\/tr><tr><td>30 TAGE PREMIUM<\/td><td>$9.99  <\/td><\/tr><tr><td>60 TAGE PREMIUM<\/td><td>$18.99  <\/td><\/tr><tr><td>90 TAGE PREMIUM<\/td><td>$24.99&nbsp;&nbsp;<\/td><\/tr><tr><td>180 TAGE PREMIUM<\/td><td>$49.99<\/td><\/tr><tr><td>1 JAHR PREMIUM<\/td><td>$99.99<\/td><\/tr><\/tbody><\/table><\/figure>\n\n\n\n<figure class=\"wp-block-table\"><table class=\"\"><tbody><tr><td>ZUG\u00c4NGE<\/td><td>KOSTENLOS <\/td><td>PREMIUM<\/td><\/tr><tr><td>Download\/Upload-Beschr\u00e4nkung<\/td><td>1 Datei auf einmal<\/td><td>Keine Beschr\u00e4nkung<\/td><\/tr><tr><td>Wartezeit f\u00fcr Downloads<\/td><td>2 Stunden<\/td><td>Keine Beschr\u00e4nkung<\/td><\/tr><tr><td>Geschwindigkeits- und Bandbreitenzuweisung<\/td><td>Begrenzt<\/td><td>Unbegrenzt<\/td><\/tr><tr><td>Dauer der Datei<\/td><td>15 Tage<\/td><td>Unbegrenzt<\/td><\/tr><tr><td>Priorit\u00e4t in der Warteschlange<\/td><td>Niedrig<\/td><td>Maximum<\/td><\/tr><\/tbody><\/table><\/figure>\n\n\n\n<p>Movshare verf\u00fcgt \u00fcber eine breite Palette an Zahlungsmethoden, so dass Sie die umfangreichen Vorteile eines Premium-Nutzers nach Belieben nutzen k\u00f6nnen. Die meisten Kreditkarten werden akzeptiert, wie z.B. Visa, Mastercard und American Express. Auch Online-Zahlungen \u00fcber Paypal sind m\u00f6glich. Sollten Sie diese bequemer finden, stehen Ihnen verschiedene andere Zahlungsmethoden zur Verf\u00fcgung. Movshare stellt sicher, dass alle Zahlungsmethoden sicher und gesch\u00fctzt sind.<\/p>\n\n\n\n<div class=\"wp-block-image\"><figure class=\"aligncenter\"><img src=\"https:\/\/lh6.googleusercontent.com\/fzpCdnSsd7rxMxNU1fvvym8MRZgAihM7rvWUXa__J5MIDsaBK3XVYFX6RWAQXNFYM_AauM22kaDp-2_wSJq-xLqFDwUBDin6AvBVFOE_E1VRRNb5bm3nbSYjmPHrRseaOuxK6Xxn\" alt=\"Movshare Payment Methods\"\/><\/figure><\/div>\n\n\n\n<h2>DATENSCHUTZ UND SICHERHEIT DER BENUTZER<\/h2>\n\n\n\n<p>Die von seinem Premium-Nutzer geteilten Informationen wie pers\u00f6nliche Daten, Kontaktnummern, Passw\u00f6rter und hochgeladene Dateien werden gespeichert und mit komplexer Verschl\u00fcsselung gesichert. Es sind verschiedene Sicherheitsstufen implementiert, um unbefugten Zugriff auf Ihre gespeicherten Dateien und Medien zu verhindern. Es ist die oberste Priorit\u00e4t von Movshare, sicherzustellen, dass alle Daten, die auf ihre Cloud-Server hochgeladen werden, immer gesichert sind. Eine enge und sorgf\u00e4ltige \u00dcberwachung verd\u00e4chtiger Aktivit\u00e4ten wird stets von Ingenieuren und Spezialisten aufrechterhalten, um f\u00fcr seine Benutzer ein Top-Service-Niveau zu erreichen.<\/p>\n\n\n<a class=\"maxbutton-2 maxbutton maxbutton-cta\" target=\"_blank\" rel=\"nofollow noopener\" href=\"\/go\/\"><span class='mb-text'>&gt;&gt; Gehen Sie zur Original Linkifier Website<\/span><\/a>","protected":false},"excerpt":{"rendered":"<p>In der heutigen modernen Zeit war das Verschieben und Speichern gro\u00dfer Dateien noch nie so einfach wie heute. Eine schnelle<\/p>\n","protected":false},"author":2,"featured_media":0,"parent":0,"menu_order":0,"comment_status":"closed","ping_status":"closed","template":"","meta":[],"yoast_head":"<!-- This site is optimized with the Yoast SEO plugin v18.3 - https:\/\/yoast.com\/wordpress\/plugins\/seo\/ -->\n<title>Movshare Premium Konto \u2013 Der Filehoster Auf Einen Blick<\/title>\n<meta name=\"description\" content=\"Ist Movshare ein seri\u00f6ser Anbieter oder nicht, finden Sie die Antwort im aktuellen Test auf Multihoster.org \u279c Klicken Sie jetzt \u271a und lesen Sie unsere Erfahrungen!\" \/>\n<meta name=\"robots\" content=\"index, follow, max-snippet:-1, max-image-preview:large, max-video-preview:-1\" \/>\n<link rel=\"canonical\" href=\"https:\/\/multihoster.org\/de\/movshare\/\" \/>\n<meta property=\"og:locale\" content=\"de_DE\" \/>\n<meta property=\"og:type\" content=\"article\" \/>\n<meta property=\"og:title\" content=\"Movshare Premium Konto \u2013 Der Filehoster Auf Einen Blick\" \/>\n<meta property=\"og:description\" content=\"Ist Movshare ein seri\u00f6ser Anbieter oder nicht, finden Sie die Antwort im aktuellen Test auf Multihoster.org \u279c Klicken Sie jetzt \u271a und lesen Sie unsere Erfahrungen!\" \/>\n<meta property=\"og:url\" content=\"https:\/\/multihoster.org\/de\/movshare\/\" \/>\n<meta property=\"og:site_name\" content=\"Multihoster.org\" \/>\n<meta property=\"article:modified_time\" content=\"2020-04-22T15:17:06+00:00\" \/>\n<meta property=\"og:image\" content=\"https:\/\/lh3.googleusercontent.com\/MLiKmLZbc9NrvE2Mar1qwpZVlqILKjQk8z9aY5Q2gD-uOg307wXEcHv6KvoJnlW5fNz81gNpaduEG_LoToiN2Lu-b_WBGYb0Jpi9cTEc2-6W4yh0MlLHEvpyG1CXXtOW06IQUAzV\" \/>\n<meta name=\"twitter:card\" content=\"summary\" \/>\n<meta name=\"twitter:label1\" content=\"Gesch\u00e4tzte Lesezeit\" \/>\n\t<meta name=\"twitter:data1\" content=\"8\u00a0Minuten\" \/>\n<script type=\"application\/ld+json\" class=\"yoast-schema-graph\">{\"@context\":\"https:\/\/schema.org\",\"@graph\":[{\"@type\":\"WebSite\",\"@id\":\"https:\/\/multihoster.org\/#website\",\"url\":\"https:\/\/multihoster.org\/\",\"name\":\"Multihoster.org\",\"description\":\"Reviews of the major Filehosting services\",\"potentialAction\":[{\"@type\":\"SearchAction\",\"target\":{\"@type\":\"EntryPoint\",\"urlTemplate\":\"https:\/\/multihoster.org\/?s={search_term_string}\"},\"query-input\":\"required name=search_term_string\"}],\"inLanguage\":\"de\"},{\"@type\":\"ImageObject\",\"@id\":\"https:\/\/multihoster.org\/de\/movshare\/#primaryimage\",\"inLanguage\":\"de\",\"url\":\"https:\/\/lh3.googleusercontent.com\/MLiKmLZbc9NrvE2Mar1qwpZVlqILKjQk8z9aY5Q2gD-uOg307wXEcHv6KvoJnlW5fNz81gNpaduEG_LoToiN2Lu-b_WBGYb0Jpi9cTEc2-6W4yh0MlLHEvpyG1CXXtOW06IQUAzV\",\"contentUrl\":\"https:\/\/lh3.googleusercontent.com\/MLiKmLZbc9NrvE2Mar1qwpZVlqILKjQk8z9aY5Q2gD-uOg307wXEcHv6KvoJnlW5fNz81gNpaduEG_LoToiN2Lu-b_WBGYb0Jpi9cTEc2-6W4yh0MlLHEvpyG1CXXtOW06IQUAzV\"},{\"@type\":\"WebPage\",\"@id\":\"https:\/\/multihoster.org\/de\/movshare\/#webpage\",\"url\":\"https:\/\/multihoster.org\/de\/movshare\/\",\"name\":\"Movshare Premium Konto \u2013 Der Filehoster Auf Einen Blick\",\"isPartOf\":{\"@id\":\"https:\/\/multihoster.org\/#website\"},\"primaryImageOfPage\":{\"@id\":\"https:\/\/multihoster.org\/de\/movshare\/#primaryimage\"},\"datePublished\":\"2020-04-16T14:55:32+00:00\",\"dateModified\":\"2020-04-22T15:17:06+00:00\",\"description\":\"Ist Movshare ein seri\u00f6ser Anbieter oder nicht, finden Sie die Antwort im aktuellen Test auf Multihoster.org \u279c Klicken Sie jetzt \u271a und lesen Sie unsere Erfahrungen!\",\"breadcrumb\":{\"@id\":\"https:\/\/multihoster.org\/de\/movshare\/#breadcrumb\"},\"inLanguage\":\"de\",\"potentialAction\":[{\"@type\":\"ReadAction\",\"target\":[\"https:\/\/multihoster.org\/de\/movshare\/\"]}]},{\"@type\":\"BreadcrumbList\",\"@id\":\"https:\/\/multihoster.org\/de\/movshare\/#breadcrumb\",\"itemListElement\":[{\"@type\":\"ListItem\",\"position\":1,\"name\":\"Startseite\",\"item\":\"https:\/\/multihoster.org\/de\/\"},{\"@type\":\"ListItem\",\"position\":2,\"name\":\"Movshare Premium Konto: Der Filehoster Auf Einen Blick\"}]}]}<\/script>\n<!-- \/ Yoast SEO plugin. -->","yoast_head_json":{"title":"Movshare Premium Konto \u2013 Der Filehoster Auf Einen Blick","description":"Ist Movshare ein seri\u00f6ser Anbieter oder nicht, finden Sie die Antwort im aktuellen Test auf Multihoster.org \u279c Klicken Sie jetzt \u271a und lesen Sie unsere Erfahrungen!","robots":{"index":"index","follow":"follow","max-snippet":"max-snippet:-1","max-image-preview":"max-image-preview:large","max-video-preview":"max-video-preview:-1"},"canonical":"https:\/\/multihoster.org\/de\/movshare\/","og_locale":"de_DE","og_type":"article","og_title":"Movshare Premium Konto \u2013 Der Filehoster Auf Einen Blick","og_description":"Ist Movshare ein seri\u00f6ser Anbieter oder nicht, finden Sie die Antwort im aktuellen Test auf Multihoster.org \u279c Klicken Sie jetzt \u271a und lesen Sie unsere Erfahrungen!","og_url":"https:\/\/multihoster.org\/de\/movshare\/","og_site_name":"Multihoster.org","article_modified_time":"2020-04-22T15:17:06+00:00","og_image":[{"url":"https:\/\/lh3.googleusercontent.com\/MLiKmLZbc9NrvE2Mar1qwpZVlqILKjQk8z9aY5Q2gD-uOg307wXEcHv6KvoJnlW5fNz81gNpaduEG_LoToiN2Lu-b_WBGYb0Jpi9cTEc2-6W4yh0MlLHEvpyG1CXXtOW06IQUAzV"}],"twitter_card":"summary","twitter_misc":{"Gesch\u00e4tzte Lesezeit":"8\u00a0Minuten"},"schema":{"@context":"https:\/\/schema.org","@graph":[{"@type":"WebSite","@id":"https:\/\/multihoster.org\/#website","url":"https:\/\/multihoster.org\/","name":"Multihoster.org","description":"Reviews of the major Filehosting services","potentialAction":[{"@type":"SearchAction","target":{"@type":"EntryPoint","urlTemplate":"https:\/\/multihoster.org\/?s={search_term_string}"},"query-input":"required name=search_term_string"}],"inLanguage":"de"},{"@type":"ImageObject","@id":"https:\/\/multihoster.org\/de\/movshare\/#primaryimage","inLanguage":"de","url":"https:\/\/lh3.googleusercontent.com\/MLiKmLZbc9NrvE2Mar1qwpZVlqILKjQk8z9aY5Q2gD-uOg307wXEcHv6KvoJnlW5fNz81gNpaduEG_LoToiN2Lu-b_WBGYb0Jpi9cTEc2-6W4yh0MlLHEvpyG1CXXtOW06IQUAzV","contentUrl":"https:\/\/lh3.googleusercontent.com\/MLiKmLZbc9NrvE2Mar1qwpZVlqILKjQk8z9aY5Q2gD-uOg307wXEcHv6KvoJnlW5fNz81gNpaduEG_LoToiN2Lu-b_WBGYb0Jpi9cTEc2-6W4yh0MlLHEvpyG1CXXtOW06IQUAzV"},{"@type":"WebPage","@id":"https:\/\/multihoster.org\/de\/movshare\/#webpage","url":"https:\/\/multihoster.org\/de\/movshare\/","name":"Movshare Premium Konto \u2013 Der Filehoster Auf Einen Blick","isPartOf":{"@id":"https:\/\/multihoster.org\/#website"},"primaryImageOfPage":{"@id":"https:\/\/multihoster.org\/de\/movshare\/#primaryimage"},"datePublished":"2020-04-16T14:55:32+00:00","dateModified":"2020-04-22T15:17:06+00:00","description":"Ist Movshare ein seri\u00f6ser Anbieter oder nicht, finden Sie die Antwort im aktuellen Test auf Multihoster.org \u279c Klicken Sie jetzt \u271a und lesen Sie unsere Erfahrungen!","breadcrumb":{"@id":"https:\/\/multihoster.org\/de\/movshare\/#breadcrumb"},"inLanguage":"de","potentialAction":[{"@type":"ReadAction","target":["https:\/\/multihoster.org\/de\/movshare\/"]}]},{"@type":"BreadcrumbList","@id":"https:\/\/multihoster.org\/de\/movshare\/#breadcrumb","itemListElement":[{"@type":"ListItem","position":1,"name":"Startseite","item":"https:\/\/multihoster.org\/de\/"},{"@type":"ListItem","position":2,"name":"Movshare Premium Konto: Der Filehoster Auf Einen Blick"}]}]}},"_links":{"self":[{"href":"https:\/\/multihoster.org\/de\/wp-json\/wp\/v2\/pages\/3818"}],"collection":[{"href":"https:\/\/multihoster.org\/de\/wp-json\/wp\/v2\/pages"}],"about":[{"href":"https:\/\/multihoster.org\/de\/wp-json\/wp\/v2\/types\/page"}],"author":[{"embeddable":true,"href":"https:\/\/multihoster.org\/de\/wp-json\/wp\/v2\/users\/2"}],"replies":[{"embeddable":true,"href":"https:\/\/multihoster.org\/de\/wp-json\/wp\/v2\/comments?post=3818"}],"version-history":[{"count":2,"href":"https:\/\/multihoster.org\/de\/wp-json\/wp\/v2\/pages\/3818\/revisions"}],"predecessor-version":[{"id":4309,"href":"https:\/\/multihoster.org\/de\/wp-json\/wp\/v2\/pages\/3818\/revisions\/4309"}],"wp:attachment":[{"href":"https:\/\/multihoster.org\/de\/wp-json\/wp\/v2\/media?parent=3818"}],"curies":[{"name":"wp","href":"https:\/\/api.w.org\/{rel}","templated":true}]}}