{"id":3855,"date":"2020-04-16T15:50:54","date_gmt":"2020-04-16T15:50:54","guid":{"rendered":"https:\/\/multihoster.org\/filesmonster\/"},"modified":"2020-12-14T18:54:35","modified_gmt":"2020-12-14T18:54:35","slug":"filesmonster","status":"publish","type":"page","link":"https:\/\/multihoster.org\/de\/filesmonster\/","title":{"rendered":"FilesMonster Premium Konto: Der Filehoster Auf Einen Blick"},"content":{"rendered":"\n<figure class=\"wp-block-image\"><img src=\"https:\/\/lh4.googleusercontent.com\/mVWw15q9QtKDEJl6FY8p7PpoGD8y25cfV1zvM8rwNmbdQ1_g3JR0-LND1TBArjU2VehVrsqaTU1WmepskQnN-N6W0DPIr9lqtZkmPkWw7-dRzoPOCHRGXwpTURs7h7is9TTHoi4\" alt=\"Filesmonster Logo, Filesmonster Premium\"\/><\/figure>\n\n\n<a class=\"maxbutton-2 maxbutton maxbutton-cta\" target=\"_blank\" rel=\"nofollow noopener\" href=\"\/filesmonster\/goto\/\"><span class='mb-text'>&gt;&gt; Gehen Sie zur Original Filesmonster Website<\/span><\/a>\n\n\n<p><\/p>\n\n\n\n<p>Die Aufbewahrung von Dateien ist ein Muss, besonders wenn Ihr Unternehmen mehr auf Multimedia-Zeug ausgerichtet ist. Das Mitbringen eines physischen externen Speichers ist ein \u00c4rgernis, und Sie m\u00fcssen Ihr Ger\u00e4t an einen Computer anschlie\u00dfen, nur um jederzeit auf Ihre Dateien zugreifen zu k\u00f6nnen. Eine praktikable L\u00f6sung ist die Online-Speicherung Ihrer Dateien. Es gibt viele Online-Speicherdienste, aber Sie k\u00f6nnen sich der Sicherheit Ihrer Medien nie sicher sein. Ganz zu schweigen davon, dass dies sehr teuer ist und Sie mehrere hundert Dollar pro Monat kosten kann.<\/p>\n\n\n\n<p>Filesmonster kann jedoch prinzipiell alle Premium-Online-Speicherl\u00f6sungen anbieten, jedoch mit einer problemlosen Cloud und g\u00fcnstigeren Geb\u00fchren als herk\u00f6mmliche Online-Speicherdienste. Die angebotenen Dienste sind erstklassig und Sie k\u00f6nnen die Dienste auch upgraden, indem Sie einen Filesmonster Premium-Account nutzen. Der Premium-Account bietet auch zus\u00e4tzliche Dienste, die Ihnen bei der Organisation all Ihrer arbeitsbezogenen Mediendateien und Dokumente helfen k\u00f6nnen.  Filesmonster Premium bietet auch die M\u00f6glichkeit, seine umfangreiche Bibliothek an Online-Inhalten und Medien durch eine Partnerschaft mit verschiedenen hochwertigen Streaming-Diensten zu nutzen.<\/p>\n\n\n\n<h2>Was ist Filesmonster?<\/h2>\n\n\n\n<p>Filesmonster ist ein Online-Datei-Hosting-Dienst, der seinen Kunden einen preiswerteren Speicherservice und einfachen Zugriff auf alle Ihre Sachen und Medien bietet, solange Sie mit dem Internet verbunden sind. Filesmonster legt auch einen Schwerpunkt auf die Dateisicherheit, und sie stellen immer sicher, dass ihre <a rel=\"noreferrer noopener\" aria-label=\"Clouds  (opens in a new tab)\" href=\"https:\/\/searchstorage.techtarget.com\/definition\/cloud-storage\" target=\"_blank\">Clouds <\/a>alle frei von Viren sind und keinem Diebstahl und Plagiat ausgesetzt sind. Sie haben auch andere Verg\u00fcnstigungen, wenn Sie ihren g\u00fcnstigen Filesmonster Premium-Account nutzen. Durch diesen Service haben Sie Anspruch auf weitere Funktionen wie schnellere Downloads, gr\u00f6\u00dferen Speicherplatz und unbegrenztes Downloadlimit. Der FIlesmonster-Premium-Account ist eines der billigsten verf\u00fcgbaren Premium-Datei-Hosting-Abonnements, da es Sie nur etwa 15 Dollar pro Monat kostet. Andere Premium-Dienste k\u00f6nnen Sie bis zu ein paar hundert Dollar kosten, w\u00e4hrend andere fast tausend Dollar kosten k\u00f6nnen, je nachdem, ob es sich bei dem Datei-Hosting-Dienst um eine beliebte Website handelt. Obwohl auch der Filesmonster Premium-Dienst die gleiche Servicequalit\u00e4t wie die anderen bekannteren Dienste bietet, kostet der Filesmonster Premium-Dienst weitaus weniger. Dies ist perfekt, wenn Sie gerade ein kleines Unternehmen gr\u00fcnden, in dem Ihre digitalen Dateien verwaltet werden m\u00fcssen und jederzeit auf sie zugegriffen werden kann, wenn Sie sie ben\u00f6tigen. Au\u00dferdem bietet es Schutz vor <a rel=\"noreferrer noopener\" aria-label=\"Malware (opens in a new tab)\" href=\"https:\/\/www.malwarebytes.com\/malware\/\" target=\"_blank\">Malware<\/a>, Pop-ups und anderen l\u00e4stigen Werbeeinblendungen. Die Filesmonster Premium stellt au\u00dferdem sicher, dass alle Ihre Downloads von Partner-Websites stammen, so dass die Legalit\u00e4t kein Problem darstellt. Laden Sie Ihre Dateien herunter, speichern und bewahren Sie sie sorglos auf, wenn Sie \u00fcber ein Filesmonster Premium-Konto verf\u00fcgen.<\/p>\n\n\n\n<h2>Filesmonster Premium-Funktionen und -Dienste<\/h2>\n\n\n\n<p>Mit einem FIlesmonster Premium-Account kommen Sie in den Genuss zus\u00e4tzlicher Dienstleistungen und eines bemerkenswerten Upgrades des kostenlosen Dienstes.<\/p>\n\n\n\n<figure class=\"wp-block-image\"><img src=\"https:\/\/lh5.googleusercontent.com\/cf15g2mKcENrXzNWavHcm_QtZ6dSGqKvIBATm1dBE0Q8-cVW-iGBE7VIn4WcE1dOxUWkwrzlZ-xwCz60bBWDouXvXNSp2fuodEuXMeTkEaLS65V2TdWKMoz56oyz2nIj0CxVT0Y\" alt=\"Filesmonster Premium features\"\/><\/figure>\n\n\n\n<h3>Schnellere Downloads<\/h3>\n\n\n\n<p>Die Filesmonster Premium f\u00fcgt mehr Bandbreite zu Ihren Downloads hinzu. Die durchschnittliche Download-Geschwindigkeit f\u00fcr Datei-Hosting-Dienste liegt nur bei etwa 8-15 Mbps. Das ist anst\u00e4ndig, wenn Sie nur kleine Dateien wie Bilder, Dokumente und Audiodateien speichern wollen, aber wenn es um gr\u00f6\u00dfere Dateien wie Videos oder Filme, gro\u00dfe Anwendungen und ein ganzes Datenbank-Backup geht, wird diese Download-Geschwindigkeit fehlen. Das FIlesmonster Premium hat eine unbegrenzte Download-Geschwindigkeit, die Sie genie\u00dfen k\u00f6nnen. Diese Geschwindigkeit ist perfekt f\u00fcr sehr gro\u00dfe Dateien wie Videos, die Sie gerade bearbeiten, oder gro\u00dfe Anwendungen. Oder Sie k\u00f6nnen diese Geschwindigkeit einfach nutzen, um Medien wie Filme und Audiodateien in hoher Qualit\u00e4t herunterzuladen, die von den Websites und Streaming-Diensten ihrer Partner verf\u00fcgbar sind.<\/p>\n\n\n\n<h3>Medien-Streaming<\/h3>\n\n\n\n<p>Bei Filesmonster Premium handelt es sich nicht nur um einen Online-Speicherdienst, sondern auch um eine erstklassige Streaming-Website. Mit einem FIlesmonster Premium-Konto k\u00f6nnen Sie Tausende von kostenlosen Mediendateien in hoher Qualit\u00e4t genie\u00dfen. Die Streaming-Websites der Partner bieten Zugang zu Filmen und anderen Medienarten, die Sie genie\u00dfen k\u00f6nnen. Sie haben auch die M\u00f6glichkeit, diese Medien und deren 100% legale Downloads zu nutzen. Genie\u00dfen Sie mit einem Filesmonster Premium-Account eine riesige Bibliothek von Premium-Medien.<\/p>\n\n\n\n<h3>Wiederaufnehmbare Downloads<\/h3>\n\n\n\n<p>Ist es nicht \u00e4rgerlich, wenn man eine Datei herunterl\u00e4dt und dann pl\u00f6tzlich f\u00fcr eine Besorgung gehen muss? Sie k\u00f6nnen nicht einfach Ihren Arbeitscomputer offen lassen, und andere Dienste erlauben keine wiederaufnehmbaren Downloads. Sie m\u00fcssen den Download von Anfang an wiederholen. Ganz zu schweigen davon, dass einige gro\u00dfe Dateien das Potenzial haben, besch\u00e4digt zu werden, wenn sie f\u00fcr l\u00e4ngere Zeit angehalten werden. Die Filesmonster Premium hat dieses Problem gel\u00f6st, indem sie wiederaufnehmbare Downloads f\u00fcr Ihre Dateien erlaubt. Unterbrechen Sie einen Dateidownload und setzen Sie ihn sp\u00e4ter fort. Mit Filesmonster Premium haben Sie jederzeit und \u00fcberall problemlosen Zugang zu Ihren Dateidownloads.<\/p>\n\n\n<a class=\"maxbutton-2 maxbutton maxbutton-cta\" target=\"_blank\" rel=\"nofollow noopener\" href=\"\/filesmonster\/goto\/\"><span class='mb-text'>&gt;&gt; Gehen Sie zur Original Filesmonster Website<\/span><\/a>\n\n\n<p><\/p>\n\n\n\n<h3>Sofortiger Download<\/h3>\n\n\n\n<p>Ein kostenloses Konto muss mehrere Sekunden warten, bis der Download beginnt. Dies liegt daran, dass kostenlose Benutzer im Vergleich zu einem Filesmonster Premium-Konto eine geringere Priorit\u00e4t f\u00fcr den Netzwerkverkehr haben. Wenn Sie in Eile sind, kann diese Wartezeit eine Ursache f\u00fcr eine Verz\u00f6gerung sein und sehr zeitaufwendig. Die Verf\u00fcgbarkeit eines FIlesmonster Premium-Accounts hebt diese Einschr\u00e4nkung auf. Sie k\u00f6nnen Ihren Download sofort starten, sobald Sie auf die Schaltfl\u00e4che klicken. Der perfekte Service f\u00fcr Inhaltsersteller, der immer auf dem Laufenden ist.<\/p>\n\n\n\n<h3>Download-Manager<\/h3>\n\n\n\n<p>Nicht in der Lage zu sein, Ihre Datei-Downloads zu \u00fcberwachen, ist sehr \u00e4rgerlich. Sie haben keine M\u00f6glichkeit, den Status Ihres Downloads zu erfahren, solange er nicht abgeschlossen ist. Mit einem Filesmonster Premium-Account sind Sie jedoch berechtigt, deren innovatives Tool, den FIlesmonster Download Manager, zu nutzen. Mit dem Download Manager k\u00f6nnen Sie alle Ihre bestehenden Downloads aussortieren. Sie k\u00f6nnen den Echtzeit-Status Ihrer Dateien sehen und er erm\u00f6glicht Ihnen auch eine einfachere Verwaltung Ihrer Dateien. Der Download Manager zeigt Ihnen an, wieviel Sie bereits heruntergeladen haben. Er zeigt Ihnen sogar die gesch\u00e4tzte Zeit an, bis Sie den Download Ihrer Dateien abgeschlossen haben. Mit dem Download-Manager von Filesmonster k\u00f6nnen Sie auch einstellen, welche Datei Sie vorrangig herunterladen m\u00f6chten, um den Download zu beenden. Das perfekte Werkzeug zur Verwaltung Ihrer Datei-Downloads, auch wenn Sie unterwegs sind.<\/p>\n\n\n\n<h3>Mehrere Dateien herunterladen<\/h3>\n\n\n\n<p>Wenn Sie in Eile sind, ist es sehr frustrierend, nur eine einzige Datei herunterladen zu k\u00f6nnen. Andere Datei-Hosting-Dienste beschr\u00e4nken ihre Benutzer auf das Herunterladen nur einer einzigen Datei, um den Netzwerkverkehr zu reduzieren. Ein Filesmonster-Premium-Account hingegen erlaubt Ihnen den gleichzeitigen Zugriff auf mehrere Dateien. Sie k\u00f6nnen Mediendateien und Dokumente frei herunterladen, solange Ihre Internetverbindung den Datenverkehr bew\u00e4ltigen kann. Website-Ersteller, die st\u00e4ndig auf ihre Assets und digitalen Dateien zugreifen m\u00fcssen, k\u00f6nnen alle Dateien, die sie ben\u00f6tigen, problemlos herunterladen.<\/p>\n\n\n\n<h3>Nicht archivierte Datei-Downloads<\/h3>\n\n\n\n<p>Die <a rel=\"noreferrer noopener\" aria-label=\"Archivierung  (opens in a new tab)\" href=\"https:\/\/searchdatabackup.techtarget.com\/definition\/data-archiving\" target=\"_blank\">Archivierung <\/a>wird \u00fcblicherweise von Datei-Hosting-Diensten durchgef\u00fchrt, um den Datenverkehr im Netzwerk zu reduzieren. Die Filesmonster Premium erm\u00f6glicht jedoch nur den Download ganzer Dateien. Da bei der Archivierung die M\u00f6glichkeit besteht, dass Ihre Dateien besch\u00e4digt werden k\u00f6nnen, stellt Filesmonster Premium sicher, dass alle Ihre Datei-Downloads noch intakt sind, sobald Sie den Download beendet haben.<\/p>\n\n\n\n<h2>Filesmonster Premium-Konto: Wie erhalten Sie Ihr eigenes?<\/h2>\n\n\n\n<p>Um all diese gro\u00dfartigen Dienste in Anspruch nehmen zu k\u00f6nnen, m\u00fcssen Sie einen Filesmonster Premium Account besitzen. Die Schritte sind sehr einfach und schnell. Gehen Sie einfach auf deren Website und folgen Sie der Premium-Seite. F\u00fcllen Sie alle erforderlichen Informationen aus und Sie werden dann zum Zahlungsfenster weitergeleitet. Sie k\u00f6nnen w\u00e4hlen, wie lange Sie den FIlesmonster Premium-Service in Anspruch nehmen m\u00f6chten. Sie bieten auch eine Testversion f\u00fcr 2 Tage an, damit Sie entscheiden k\u00f6nnen, ob Sie den Premium-Dienst weiterhin nutzen m\u00f6chten. Die Pakete sind wie folgt:<\/p>\n\n\n\n<figure class=\"wp-block-table\"><table><tbody><tr><td>DAUER<\/td><td>PREIS<\/td><\/tr><tr><td>2 Tage<\/td><td>Prozess<\/td><\/tr><tr><td>15 Tage <\/td><td>$12.00<\/td><\/tr><tr><td>1 Monat<\/td><td>$17.00<\/td><\/tr><tr><td>3 Monate<\/td><td>$37.00<\/td><\/tr><tr><td>6 Monate<\/td><td>$66.00<\/td><\/tr><tr><td>1 Jahr<\/td><td>$116.00<\/td><\/tr><\/tbody><\/table><\/figure>\n\n\n\n<p>Wie Sie sehen, bietet Filesmonster Premium einen Rabatt f\u00fcr den l\u00e4ngeren Zeitraum, den Sie in Anspruch nehmen m\u00f6chten. Mit dem 1-Jahres-Paket k\u00f6nnen Sie buchst\u00e4blich bis zu 50% sparen. Aber wenn Sie noch nicht bereit sind, einen so langen Zeitraum in Anspruch zu nehmen, dann k\u00f6nnen Sie sich f\u00fcr ein beliebiges Paket entscheiden. Das 1-Monats-Paket ist empfehlenswert f\u00fcr einzelne Projekte und die 6 Monate sind gut f\u00fcr gesch\u00e4ftliche Zwecke.<\/p>\n\n\n\n<figure class=\"wp-block-image\"><img src=\"https:\/\/lh3.googleusercontent.com\/_-N1WSd2sWsJUFiEMan-2e9yX0uRDUCET1Vis37Oavn7Ot3p6NMDHlQcBrYxi5Y6uUn8-4-oGyUOeOuBiCkFCyHyiBTr8iJECLDGHbHKsdrFePIffG4mok16YlMEZAErY0kaIs4\" alt=\"Filesmonster Premium payment methods\"\/><\/figure>\n\n\n\n<p>Das Filesmonster Premium verf\u00fcgt \u00fcber flexible Zahlungsmethoden. Sie k\u00f6nnen w\u00e4hlen, ob Sie mit VISA, MasterCard oder Maestro bezahlen m\u00f6chten. Sie akzeptieren auch Zahlungen mit Bitcoins. Bitte beachten Sie, dass Bitcoin-Benutzern ein zus\u00e4tzlicher Rabatt von 10 % gew\u00e4hrt wird. Wenn Sie also \u00fcber ein vorhandenes Guthaben auf Bitcoin verf\u00fcgen, ist dies sehr empfehlenswert. Es gibt auch andere Premium-Key-Einzelhandelswebsites, die Ihnen andere M\u00f6glichkeiten bieten, den FIlesmonster Premium Service zu erwerben, und einige andere bieten ebenfalls Rabatte an. Sie haben die Freiheit, die f\u00fcr Sie g\u00fcnstigste Zahlungsmethode zu w\u00e4hlen.<\/p>\n\n\n\n<h2>Ist Filesmonster Premium legal?<\/h2>\n\n\n\n<p>Die Filesmonster Premium ist definitiv JURISTISCH. Alle Medien- und Streaming-Dienste, die die Website anbietet, stammen von ihren Partner-Websites und Streaming-Anbietern. Sie k\u00f6nnen jeden beliebigen Inhalt herunterladen, ohne sich Sorgen machen zu m\u00fcssen, denn alle Inhalte sind lizenziert und haben die Erlaubnis ihrer rechtm\u00e4\u00dfigen Eigent\u00fcmer.<\/p>\n\n\n\n<h2>Ist Filesmonster Premium sicher?<\/h2>\n\n\n\n<p>Die Filesmonster Premium ist 100% sicher. Der Filehosting-Dienstleister \u00fcberwacht und stellt sicher, dass die Website immer frei von l\u00e4stiger Werbung, Malware und Spywares ist. Ihre Cloud-Speicherung wird au\u00dferdem durch verschiedene Sicherheitsprotokolle verst\u00e4rkt, um unerw\u00fcnschten Zugriff auf Benutzerdateien und pers\u00f6nliche Informationen zu verhindern. Das Sicherheitsniveau von Filesmonster Premium wird stets von den Administratoren des Online-Speicherdienstes aufrechterhalten. Die Inhalte und Medien, auf die die Benutzer Zugriff haben, werden ebenfalls gefiltert, so dass die Website immer kindersicher bleibt. Mit Filesmonster Premium k\u00f6nnen Sie sich auf die Sicherheit Ihrer Dateien verlassen.<\/p>\n\n\n<a class=\"maxbutton-2 maxbutton maxbutton-cta\" target=\"_blank\" rel=\"nofollow noopener\" href=\"\/filesmonster\/goto\/\"><span class='mb-text'>&gt;&gt; Gehen Sie zur Original Filesmonster Website<\/span><\/a>\n\n\n<p><\/p>\n","protected":false},"excerpt":{"rendered":"<p>Die Aufbewahrung von Dateien ist ein Muss, besonders wenn Ihr Unternehmen mehr auf Multimedia-Zeug ausgerichtet ist. Das Mitbringen eines physischen<\/p>\n","protected":false},"author":2,"featured_media":0,"parent":0,"menu_order":0,"comment_status":"closed","ping_status":"closed","template":"","meta":[],"yoast_head":"<!-- This site is optimized with the Yoast SEO plugin v18.3 - https:\/\/yoast.com\/wordpress\/plugins\/seo\/ -->\n<title>FilesMonster Premium Konto: Der Filehoster Auf Einen Blick<\/title>\n<meta name=\"description\" content=\"Ist FilesMonster ein seri\u00f6ser Anbieter oder nicht, finden Sie die Antwort im aktuellen Test auf Multihoster.org \u279c Klicken Sie jetzt \u271a und lesen Sie unsere Erfahrungen!\" \/>\n<meta name=\"robots\" content=\"index, follow, max-snippet:-1, max-image-preview:large, max-video-preview:-1\" \/>\n<link rel=\"canonical\" href=\"https:\/\/multihoster.org\/de\/filesmonster\/\" \/>\n<meta property=\"og:locale\" content=\"de_DE\" \/>\n<meta property=\"og:type\" content=\"article\" \/>\n<meta property=\"og:title\" content=\"FilesMonster Premium Konto: Der Filehoster Auf Einen Blick\" \/>\n<meta property=\"og:description\" content=\"Ist FilesMonster ein seri\u00f6ser Anbieter oder nicht, finden Sie die Antwort im aktuellen Test auf Multihoster.org \u279c Klicken Sie jetzt \u271a und lesen Sie unsere Erfahrungen!\" \/>\n<meta property=\"og:url\" content=\"https:\/\/multihoster.org\/de\/filesmonster\/\" \/>\n<meta property=\"og:site_name\" content=\"Multihoster.org\" \/>\n<meta property=\"article:modified_time\" content=\"2020-12-14T18:54:35+00:00\" \/>\n<meta property=\"og:image\" content=\"https:\/\/lh4.googleusercontent.com\/mVWw15q9QtKDEJl6FY8p7PpoGD8y25cfV1zvM8rwNmbdQ1_g3JR0-LND1TBArjU2VehVrsqaTU1WmepskQnN-N6W0DPIr9lqtZkmPkWw7-dRzoPOCHRGXwpTURs7h7is9TTHoi4\" \/>\n<meta name=\"twitter:card\" content=\"summary\" \/>\n<meta name=\"twitter:label1\" content=\"Gesch\u00e4tzte Lesezeit\" \/>\n\t<meta name=\"twitter:data1\" content=\"8\u00a0Minuten\" \/>\n<script type=\"application\/ld+json\" class=\"yoast-schema-graph\">{\"@context\":\"https:\/\/schema.org\",\"@graph\":[{\"@type\":\"WebSite\",\"@id\":\"https:\/\/multihoster.org\/#website\",\"url\":\"https:\/\/multihoster.org\/\",\"name\":\"Multihoster.org\",\"description\":\"Reviews of the major Filehosting services\",\"potentialAction\":[{\"@type\":\"SearchAction\",\"target\":{\"@type\":\"EntryPoint\",\"urlTemplate\":\"https:\/\/multihoster.org\/?s={search_term_string}\"},\"query-input\":\"required name=search_term_string\"}],\"inLanguage\":\"de\"},{\"@type\":\"ImageObject\",\"@id\":\"https:\/\/multihoster.org\/de\/filesmonster\/#primaryimage\",\"inLanguage\":\"de\",\"url\":\"https:\/\/lh4.googleusercontent.com\/mVWw15q9QtKDEJl6FY8p7PpoGD8y25cfV1zvM8rwNmbdQ1_g3JR0-LND1TBArjU2VehVrsqaTU1WmepskQnN-N6W0DPIr9lqtZkmPkWw7-dRzoPOCHRGXwpTURs7h7is9TTHoi4\",\"contentUrl\":\"https:\/\/lh4.googleusercontent.com\/mVWw15q9QtKDEJl6FY8p7PpoGD8y25cfV1zvM8rwNmbdQ1_g3JR0-LND1TBArjU2VehVrsqaTU1WmepskQnN-N6W0DPIr9lqtZkmPkWw7-dRzoPOCHRGXwpTURs7h7is9TTHoi4\"},{\"@type\":\"WebPage\",\"@id\":\"https:\/\/multihoster.org\/de\/filesmonster\/#webpage\",\"url\":\"https:\/\/multihoster.org\/de\/filesmonster\/\",\"name\":\"FilesMonster Premium Konto: Der Filehoster Auf Einen Blick\",\"isPartOf\":{\"@id\":\"https:\/\/multihoster.org\/#website\"},\"primaryImageOfPage\":{\"@id\":\"https:\/\/multihoster.org\/de\/filesmonster\/#primaryimage\"},\"datePublished\":\"2020-04-16T15:50:54+00:00\",\"dateModified\":\"2020-12-14T18:54:35+00:00\",\"description\":\"Ist FilesMonster ein seri\u00f6ser Anbieter oder nicht, finden Sie die Antwort im aktuellen Test auf Multihoster.org \u279c Klicken Sie jetzt \u271a und lesen Sie unsere Erfahrungen!\",\"breadcrumb\":{\"@id\":\"https:\/\/multihoster.org\/de\/filesmonster\/#breadcrumb\"},\"inLanguage\":\"de\",\"potentialAction\":[{\"@type\":\"ReadAction\",\"target\":[\"https:\/\/multihoster.org\/de\/filesmonster\/\"]}]},{\"@type\":\"BreadcrumbList\",\"@id\":\"https:\/\/multihoster.org\/de\/filesmonster\/#breadcrumb\",\"itemListElement\":[{\"@type\":\"ListItem\",\"position\":1,\"name\":\"Startseite\",\"item\":\"https:\/\/multihoster.org\/de\/\"},{\"@type\":\"ListItem\",\"position\":2,\"name\":\"FilesMonster Premium Konto: Der Filehoster Auf Einen Blick\"}]}]}<\/script>\n<!-- \/ Yoast SEO plugin. -->","yoast_head_json":{"title":"FilesMonster Premium Konto: Der Filehoster Auf Einen Blick","description":"Ist FilesMonster ein seri\u00f6ser Anbieter oder nicht, finden Sie die Antwort im aktuellen Test auf Multihoster.org \u279c Klicken Sie jetzt \u271a und lesen Sie unsere Erfahrungen!","robots":{"index":"index","follow":"follow","max-snippet":"max-snippet:-1","max-image-preview":"max-image-preview:large","max-video-preview":"max-video-preview:-1"},"canonical":"https:\/\/multihoster.org\/de\/filesmonster\/","og_locale":"de_DE","og_type":"article","og_title":"FilesMonster Premium Konto: Der Filehoster Auf Einen Blick","og_description":"Ist FilesMonster ein seri\u00f6ser Anbieter oder nicht, finden Sie die Antwort im aktuellen Test auf Multihoster.org \u279c Klicken Sie jetzt \u271a und lesen Sie unsere Erfahrungen!","og_url":"https:\/\/multihoster.org\/de\/filesmonster\/","og_site_name":"Multihoster.org","article_modified_time":"2020-12-14T18:54:35+00:00","og_image":[{"url":"https:\/\/lh4.googleusercontent.com\/mVWw15q9QtKDEJl6FY8p7PpoGD8y25cfV1zvM8rwNmbdQ1_g3JR0-LND1TBArjU2VehVrsqaTU1WmepskQnN-N6W0DPIr9lqtZkmPkWw7-dRzoPOCHRGXwpTURs7h7is9TTHoi4"}],"twitter_card":"summary","twitter_misc":{"Gesch\u00e4tzte Lesezeit":"8\u00a0Minuten"},"schema":{"@context":"https:\/\/schema.org","@graph":[{"@type":"WebSite","@id":"https:\/\/multihoster.org\/#website","url":"https:\/\/multihoster.org\/","name":"Multihoster.org","description":"Reviews of the major Filehosting services","potentialAction":[{"@type":"SearchAction","target":{"@type":"EntryPoint","urlTemplate":"https:\/\/multihoster.org\/?s={search_term_string}"},"query-input":"required name=search_term_string"}],"inLanguage":"de"},{"@type":"ImageObject","@id":"https:\/\/multihoster.org\/de\/filesmonster\/#primaryimage","inLanguage":"de","url":"https:\/\/lh4.googleusercontent.com\/mVWw15q9QtKDEJl6FY8p7PpoGD8y25cfV1zvM8rwNmbdQ1_g3JR0-LND1TBArjU2VehVrsqaTU1WmepskQnN-N6W0DPIr9lqtZkmPkWw7-dRzoPOCHRGXwpTURs7h7is9TTHoi4","contentUrl":"https:\/\/lh4.googleusercontent.com\/mVWw15q9QtKDEJl6FY8p7PpoGD8y25cfV1zvM8rwNmbdQ1_g3JR0-LND1TBArjU2VehVrsqaTU1WmepskQnN-N6W0DPIr9lqtZkmPkWw7-dRzoPOCHRGXwpTURs7h7is9TTHoi4"},{"@type":"WebPage","@id":"https:\/\/multihoster.org\/de\/filesmonster\/#webpage","url":"https:\/\/multihoster.org\/de\/filesmonster\/","name":"FilesMonster Premium Konto: Der Filehoster Auf Einen Blick","isPartOf":{"@id":"https:\/\/multihoster.org\/#website"},"primaryImageOfPage":{"@id":"https:\/\/multihoster.org\/de\/filesmonster\/#primaryimage"},"datePublished":"2020-04-16T15:50:54+00:00","dateModified":"2020-12-14T18:54:35+00:00","description":"Ist FilesMonster ein seri\u00f6ser Anbieter oder nicht, finden Sie die Antwort im aktuellen Test auf Multihoster.org \u279c Klicken Sie jetzt \u271a und lesen Sie unsere Erfahrungen!","breadcrumb":{"@id":"https:\/\/multihoster.org\/de\/filesmonster\/#breadcrumb"},"inLanguage":"de","potentialAction":[{"@type":"ReadAction","target":["https:\/\/multihoster.org\/de\/filesmonster\/"]}]},{"@type":"BreadcrumbList","@id":"https:\/\/multihoster.org\/de\/filesmonster\/#breadcrumb","itemListElement":[{"@type":"ListItem","position":1,"name":"Startseite","item":"https:\/\/multihoster.org\/de\/"},{"@type":"ListItem","position":2,"name":"FilesMonster Premium Konto: Der Filehoster Auf Einen Blick"}]}]}},"_links":{"self":[{"href":"https:\/\/multihoster.org\/de\/wp-json\/wp\/v2\/pages\/3855"}],"collection":[{"href":"https:\/\/multihoster.org\/de\/wp-json\/wp\/v2\/pages"}],"about":[{"href":"https:\/\/multihoster.org\/de\/wp-json\/wp\/v2\/types\/page"}],"author":[{"embeddable":true,"href":"https:\/\/multihoster.org\/de\/wp-json\/wp\/v2\/users\/2"}],"replies":[{"embeddable":true,"href":"https:\/\/multihoster.org\/de\/wp-json\/wp\/v2\/comments?post=3855"}],"version-history":[{"count":4,"href":"https:\/\/multihoster.org\/de\/wp-json\/wp\/v2\/pages\/3855\/revisions"}],"predecessor-version":[{"id":5478,"href":"https:\/\/multihoster.org\/de\/wp-json\/wp\/v2\/pages\/3855\/revisions\/5478"}],"wp:attachment":[{"href":"https:\/\/multihoster.org\/de\/wp-json\/wp\/v2\/media?parent=3855"}],"curies":[{"name":"wp","href":"https:\/\/api.w.org\/{rel}","templated":true}]}}