{"id":3888,"date":"2020-04-17T09:59:54","date_gmt":"2020-04-17T09:59:54","guid":{"rendered":"https:\/\/multihoster.org\/clicknupload\/"},"modified":"2020-06-01T11:52:03","modified_gmt":"2020-06-01T11:52:03","slug":"clicknupload","status":"publish","type":"page","link":"https:\/\/multihoster.org\/de\/clicknupload\/","title":{"rendered":"Clicknupload Premium Konto: Der Filehoster Auf Einen Blick"},"content":{"rendered":"<a class=\"maxbutton-2 maxbutton maxbutton-cta\" target=\"_blank\" rel=\"nofollow noopener\" href=\"\/go\/\"><span class='mb-text'>&gt;&gt; Gehen Sie zur Original Linkifier Website<\/span><\/a>\n\n\n<p><\/p>\n\n\n\n<h2>Was ist Clicknupload?<\/h2>\n\n\n\n<p>Clicknupload ist eine Datei-Hosting-Plattform, die endlosen Cloud-Speicherplatz, Fernreservekapazit\u00e4t, erweitertes Upload- und Download-Zubeh\u00f6r bietet. Durch die Nutzung von Clicknupload k\u00f6nnen Benutzer Dateien von Audios, Videos, Bildern und sogar Flash-Dateien an der gleichen Stelle hosten.<\/p>\n\n\n\n<h2>Warum sollten Sie Clicknupload verwenden?<\/h2>\n\n\n\n<figure class=\"wp-block-table\"><table><tbody><tr><td>Wenn Sie einmal Daten \u00fcbertragen m\u00fcssen, die zu gro\u00df f\u00fcr die Kapazit\u00e4t einer E-Mail sind, kann Clicknupload Ihnen dabei behilflich sein.<br> Wenn Sie jemals zuverl\u00e4ssigen Remote-Speicherplatz f\u00fcr externe Reserven ben\u00f6tigen, kann Clicknupload Ihnen verschiedene L\u00f6sungen daf\u00fcr zeigen.<br> Wenn Sie w\u00fcnschen, dass Ihre pers\u00f6nlichen Daten auf Ihren verschiedenen Ger\u00e4ten zug\u00e4nglich sind, und Ihnen die M\u00fche ersparen m\u00f6chten, immer ein Flash-Laufwerk in der Hand zu halten, ist Clicknupload die genaueste und zuverl\u00e4ssigste Plattform zur Speicherung Ihrer Daten.<\/td><\/tr><\/tbody><\/table><\/figure>\n\n\n\n<p>Clicknupload hat den Benutzern viele L\u00f6sungen f\u00fcr Ihre wesentlichen und wichtigen Daten zur Verf\u00fcgung gestellt. Die Benutzer k\u00f6nnen ihre Daten sicher online speichern und jederzeit und \u00fcberall problemlos auf verschiedene Dateien zugreifen. Die Verwendung von Clicknupload kann auch verhindern, dass Ihre Dateien auf Ihrem Desktop besch\u00e4digt werden oder aufgrund von Ger\u00e4tesch\u00e4den nicht darauf zugreifen k\u00f6nnen.<\/p>\n\n\n\n<figure class=\"wp-block-image\"><img src=\"https:\/\/lh6.googleusercontent.com\/UhJNUugnwMNpbPDoJ1eOguFF5vUSWFi3bUrpmpwKyASh39nNxGlg2c7APfswk_wW2zT9M72P_U3MwUh5V4HfjLqOZ-kup7iQ-1V79YY8354J2_X72oT0aMQYPlBMTJGOhOXwYws\" alt=\"Clicknupload Link Checker\"\/><\/figure>\n\n\n\n<h2>Clicknupload Premium-Konto<\/h2>\n\n\n\n<p>ClicknUpload-Premium-Link-Generatoren verwenden ClicknUpload-Premium-Konten, um Ihre ClicknUpload-Links in ununterbrochene HTTP-Links umzuwandeln. Die Plattform ist f\u00fcr jedermann zug\u00e4nglich und f\u00fcr alle Konten verf\u00fcgbar. Eine Einzelperson kann sie kostenlos nutzen. Mit einem ClicknUpload-Premium-Konto k\u00f6nnen Sie jedoch verschiedene wichtige Vorteile nutzen und erhalten.<\/p>\n\n\n\n<figure class=\"wp-block-table\"><table><tbody><tr><td><br><\/td><td><br><\/td><td>Maximale Dateigr\u00f6\u00dfe<\/td><td>Bandbreite<\/td><td>Maximale Anzahl von Dateien<\/td><\/tr><tr><td>01<\/td><td>CBoxEra<\/td><td>5 Gigabyte<\/td><td>25 Gigabyte<\/td><td>1 Link\/5 Minuten<\/td><\/tr><tr><td>02<\/td><td>CBoxPremiumLeech<\/td><td>2 Gigabyte<\/td><td>20 Gigabyte<\/td><td>1 Link\/3 Minuten<\/td><\/tr><tr><td>03<\/td><td>Leech360<\/td><td>1 Gigabyte<\/td><td>10 Gigabyte<\/td><td>1 Link\/2 Min., 50 GB\/Tag<\/td><\/tr><tr><td>04<\/td><td>LeechPremium<\/td><td>Unbegrenzt<\/td><td>Unbegrenzt<\/td><td>Unbegrenzt (nur kein Spam)<\/td><\/tr><tr><td>05<\/td><td>OnLeech<\/td><td>10 Gigabyte<\/td><td>25 Gigabyte<\/td><td>2 Links\/5 Min.<\/td><\/tr><\/tbody><\/table><\/figure>\n\n\n\n<h2>Geld verdienen mit dem Clicknupload Pay-per-Download-Programm<\/h2>\n\n\n\n<figure class=\"wp-block-table\"><table><tbody><tr><td>EBENEN<\/td><td>PREIS<\/td><td>L\u00c4NDER<\/td><\/tr><tr><td>Ebene 1<\/td><td>50 Dollars<\/td><td>Vereinigte Staaten, Vereinigtes K\u00f6nigreich, Kanada, Australien<\/td><\/tr><tr><td>Ebene 2<\/td><td>30 Dollars<\/td><td>Schweden, D\u00e4nemark, Frankreich, Deutschland, Schweiz, Finnland, \u00d6sterreich, Saudi-Arabien<\/td><\/tr><tr><td>Ebene 3<\/td><td>20 Dollars<\/td><td>Niederlande, Spanien, Belgien, Argentinien, Irland, Italien, Norwegen, T\u00fcrkei, Vereinigte Arabische Emirate, Japan<\/td><\/tr><tr><td>Ebene 4<\/td><td>7 Dollars<\/td><td>Indien, Pakistan, Indonesien, Bangladesch und alle anderen L\u00e4nder<\/td><\/tr><\/tbody><\/table><\/figure>\n\n\n\n<p>Obwohl Geld verdienen wirklich eine gute Sache ist, gibt es Regeln und Voraussetzungen, damit Sie innerhalb des Programms profitieren k\u00f6nnen. Im Folgenden wird Folgendes festgestellt:<\/p>\n\n\n\n<ul><li>Jeder Tiers-Abschluss wird f\u00fcr 10.000 Downloads registriert.<\/li><li> Downloads werden bis zu dreimal pro 24 Stunden pro IP-Adresse registriert.<\/li><li> Die Dateimessung sollte 5 Megabyte oder h\u00f6her sein, um kompensiert zu werden.<\/li><li> Der Mindestbetrag f\u00fcr die Auszahlung des Verdienstes betr\u00e4gt 10 USD.<\/li><li> Die Gewinnauszahlungen k\u00f6nnen nur zweimal pro Monat verarbeitet werden. <\/li><li> Clicknupload zahlt \u00fcber WebMoney und PayPal. Unter einigen besonderen Bedingungen k\u00f6nnen Auszahlungen in Bitcoin oder Ethereum gesendet werden.<\/li><li> Stellen Sie sicher, dass die Register in Ihrem Konto vorhanden sind, wenn Sie Ihre Auszahlungsanforderung per Clicknupload \u00fcbertragen haben, um ggf. den Datenverkehr einzurichten.<\/li><li> Bei einer sofortigen Sperrung des Kontos wird versucht, durch unethische oder irref\u00fchrende Praktiken Einkommen zu erzielen.<\/li><li> Verkehrsmanipulation oder Verkehr, der durch programmierte Spielst\u00e4nde erzeugt wird, ist strengstens untersagt.<\/li><li> Alle Mitarbeiter m\u00fcssen sich an die Allgemeinen Gesch\u00e4ftsbedingungen f\u00fcr Clicknupload halten und diese befolgen.<\/li><li> Wenn die Gesch\u00e4ftsbedingungen nicht befolgt werden, kann dies zu einer vor\u00fcbergehenden Suspendierung oder dauerhaften K\u00fcndigung eines Kontos f\u00fchren.<\/li><li> Clicknupload beh\u00e4lt sich die Befugnis vor, das Geldprogramm und das Zahlungsdatum jederzeit und ohne vorherige Ank\u00fcndigung zu \u00e4ndern.<\/li><\/ul>\n\n\n\n<h2>Das Protokoll von Clicknupload<\/h2>\n\n\n\n<p>W\u00e4hrend Clicknupload seinen Nutzern Dienstleistungen anbietet, l\u00e4sst sich der Nutzer andererseits von den nachfolgenden Kursen und Angeboten regeln:<\/p>\n\n\n\n<ol><li>Sie haben die Macht, die direkte Verlinkung auf Benutzerkonten zu beeintr\u00e4chtigen, die unn\u00f6tige Bandbreite nutzen oder das System anders ausnutzen.<\/li><li> Sexuelle Bilder, Pornographie, Nacktheit und jede Art von obsz\u00f6nen Bildern oder Videos sind verboten. Auch urheberrechtlich gesch\u00fctzte Dateien sind strengstens verboten. <\/li><li> Clicknupload hat die Macht, den korrekten Inhalt zu bestimmen, und sie k\u00f6nnen Bilder oder Videos jederzeit entfernen, auch wenn es keine Zustimmung und Benachrichtigung des Benutzers gibt.<\/li><li> Account-Inhaber m\u00fcssen sich an alle Regeln halten, die sich auf ihren Bereich beziehen, auch an die Marken- und Urheberrechtsgesetze. Bilder, Dateien und Videos, die Marken- oder Urheberrechte verletzen, sind nicht erlaubt. Wenn jemand Ihnen gegen\u00fcber einen Vorwurf der Verletzung erhebt, werden Sie aufgefordert, die urheberrechtlich gesch\u00fctzten Daten zu \u00fcbertragen, bis die Angelegenheit gekl\u00e4rt ist. Wenn es eine Meinungsverschiedenheit unter den Mitgliedern auf dieser Plattform gibt, ist Clicknupload unter keine Verantwortung, sich zu engagieren.<\/li><li> Clicknupload ist nicht verantwortlich f\u00fcr Ihre Bilder, Dateien oder Videos oder einen zerst\u00f6rten Markt aufgrund der Nichtverf\u00fcgbarkeit oder des Versagens der Website. Sie f\u00fchren keine Rechte wahrscheinlicher Authentizit\u00e4t beim Hosten, Anbieten oder Speichern Ihrer Bilder, Dateien oder Videos aus. <\/li><li> Clicknupload widmet sich der Unterst\u00fctzung aller Rechtsvertreter, falls eine Pr\u00fcfung stattfinden sollte.<\/li><\/ol>\n\n\n\n<figure class=\"wp-block-image\"><img src=\"https:\/\/lh5.googleusercontent.com\/hptaBgjR67jcytcbYjsQUrp38iUUKzPFBemJMkuuQ1r7HnRwesJYV0bVLNzEOprkdlAR4cC_G0pnKCvdngSXyCGmgAHybT_YHRCCCB5luxH6KbAnPPS1HhQ3YO0rzlRF-AVgnWw\" alt=\"Clicknupload FAQs\"\/><\/figure>\n\n\n\n<h2>H\u00e4ufig gestellte Fragen zu Clicknupload<\/h2>\n\n\n<a class=\"maxbutton-2 maxbutton maxbutton-cta\" target=\"_blank\" rel=\"nofollow noopener\" href=\"\/go\/\"><span class='mb-text'>&gt;&gt; Gehen Sie zur Original Linkifier Website<\/span><\/a>\n\n\n<p><\/p>\n\n\n\n<h3><strong>Welche Vielfalt von Daten kann auf der Plattform gespeichert werden?<\/strong><\/h3>\n\n\n\n<p>Alle Arten von Dateien oder Daten k\u00f6nnen hochgeladen und in Clicknupload gespeichert werden. Von Ihren Veranstaltungsbildern bis hin zu wichtigen und bedeutsamen Dokumenten kann alles in die Clicknupload-Hosting-Plattform hochgeladen werden. Die einzigen Ausnahmen sind jedoch Dateien oder Daten, die sexuelle Bilder, Nacktheit, Pornographie und jegliche Art von anst\u00f6\u00dfigem Element enthalten oder zeigen, und nicht zuletzt werden auch urheberrechtlich gesch\u00fctzte Materialien nicht akzeptiert.<\/p>\n\n\n\n<h3><strong>Wie kann ich in der Lage sein, die hochgeladene Datei zu entfernen oder zu eliminieren?<\/strong><\/h3>\n\n\n\n<p>Das erste, was Sie zum Entfernen oder Eliminieren einer Datei ben\u00f6tigen, ist der &#8222;Delete Link&#8220;, der nach Abschluss eines Upload-Vorgangs bereitgestellt wird. Sie m\u00fcssen ihn zur Kenntnis nehmen, wenn die M\u00f6glichkeit besteht, dass Sie die Datei vor\u00fcbergehend hochladen m\u00fcssen, oder wenn Sie das Bed\u00fcrfnis haben, sie in Ihrer eigenen Zeit zu entfernen. Aber machen Sie sich keine Sorgen, wenn Sie den Link zum L\u00f6schen nicht speichern konnten. Dateien haben ein Verfallsdatum, so dass sie so programmiert sind, dass sie in Zukunft von der Plattform gel\u00f6scht werden. Die Benutzer k\u00f6nnen ihre Daten zu jeder Tageszeit bequem \u00fcber den Abschnitt &#8222;Meine Dateien&#8220; verwalten.<\/p>\n\n\n\n<h3><strong>Besteht die M\u00f6glichkeit, die verschiedenen Dateien, die ich hochgeladen habe, mit einem Hotlink zu versehen?<\/strong><\/h3>\n\n\n\n<p>Hotlinking tritt auf, wenn verschiedene Plattformen sofort auf die Dateien Ihres Netzwerks verweisen, haupts\u00e4chlich Videos und\/oder Bilder. Wenn ein Benutzer einen Hotlink auf eine seiner Dateien setzt, verwendet er den direkten Link f\u00fcr diese Datei, und dadurch werden die Server-Ressourcen oder die allgemein als Bandbreite bezeichnete Bandbreite ersch\u00f6pft, um diese Datei jedes Mal anzuzeigen, wenn sie auf seiner Website erreicht wird.<\/p>\n\n\n\n<p>Daher erlaubt Clicknupload diese Praxis des Hotlinking f\u00fcr jede Art von Dateien, die ein Benutzer auf seine Server hochgeladen hat, nicht.<\/p>\n\n\n\n<h3><strong>Sicherheitsschloss: Was ist es, und was macht es, wenn es aktiviert ist?<\/strong><\/h3>\n\n\n\n<p>Mit einer Sicherheitssperre k\u00f6nnen Benutzer ihr Konto zweifach vor Hackern und Account-Eindringlingen sch\u00fctzen. Dies ist eine erweiterte Einstellung, bei der niemand die Details und Informationen Ihres Kontos \u00e4ndern kann, solange sie aktiviert ist. Wenn Sie die Sicherheitseinstellungen deaktivieren m\u00f6chten, wird zun\u00e4chst eine Best\u00e4tigungsnachricht an Ihre E-Mail zur erweiterten \u00dcberpr\u00fcfung gesendet.<\/p>\n\n\n\n<h3><strong>Clicknupload freie Speicherkapazit\u00e4t und Begrenzung<\/strong><\/h3>\n\n\n\n<p>Das Fantastische daran ist, dass Sie unbegrenzten Speicherplatz f\u00fcr Ihre Dateien haben. Die einzige Ausnahme ist, dass unbegrenzter Speicherplatz nur f\u00fcr die Dateien gilt, die aktiv heruntergeladen und verwendet wurden. Das Sichern riesiger Dateien, die inaktiv sind oder Clicknupload als K\u00fchlspeicher verwenden, ist verboten und \u00fcberhaupt nicht erlaubt.<\/p>\n\n\n\n<h3><strong>Wie viel Kapazit\u00e4t f\u00fcr den Download und Upload f\u00fcr kostenlose Benutzer?<\/strong><\/h3>\n\n\n\n<p>Benutzer k\u00f6nnen eine unbegrenzte Bandbreite nutzen.<\/p>\n\n\n\n<h3><strong>Was ist die maximale Dateigr\u00f6\u00dfe, die in die Plattform hochgeladen werden kann?<\/strong><\/h3>\n\n\n\n<p>Es gibt zwei Typen, die die maximale Dateigr\u00f6\u00dfe bestimmen k\u00f6nnen, die hochgeladen werden kann. Erstens, wenn Sie ein Gastnutzer sind oder Personen, die kein registriertes Konto auf der Plattform haben, k\u00f6nnen Sie eine Datei mit einer Gr\u00f6\u00dfe von 2 Gigabyte, nicht mehr, frei hochladen. Zweitens haben registrierte Benutzer die M\u00f6glichkeit, Dateien mit einer Gr\u00f6\u00dfe von 3 Gigabyte hochzuladen. Und schlie\u00dflich k\u00f6nnen Sie als Premium-Benutzer Dateien mit einer Gr\u00f6\u00dfe von 15 Gigabyte hochladen.<\/p>\n\n\n\n<h3><strong>Erlaubt Clicknupload das Hochladen mehrerer Dateien? Wenn ja, wie viele Dateien kann ich auf einmal hochladen?<\/strong><\/h3>\n\n\n\n<p>Gastbenutzer und registrierte Benutzer k\u00f6nnen so viele Dateien wie m\u00f6glich hochladen, wobei f\u00fcr Gastbenutzer der Download mehrerer Dateien auf 10 Dateien pro Upload festgelegt ist und registrierte Benutzer 20 Dateien gleichzeitig hochladen k\u00f6nnen. F\u00fcr Clicknupload-Premium-Accounts haben sie die Kapazit\u00e4t, 30 Dateien gleichzeitig hochzuladen.<\/p>\n\n\n\n<h3><strong>Wie sieht es mit den Geschwindigkeitsbegrenzungen beim Hoch- oder Herunterladen aus?<\/strong><\/h3>\n\n\n\n<p>Im Moment hat Clicknupload keine Einschr\u00e4nkungen; sei es f\u00fcr G\u00e4ste oder registrierte Benutzer. Beide Benutzer haben die gleiche Geschwindigkeit f\u00fcr Downloads oder Uploads.<\/p>\n\n\n\n<h3><strong>Wie lange hostet die Plattform eine Datei?<\/strong><\/h3>\n\n\n\n<p>Gl\u00fccklicherweise werden Dateien f\u00fcr immer auf der Plattform gehostet. Ja, so ist es. Aber es gibt wie immer eine Ausnahme. Dateien k\u00f6nnen von der Verwaltung entfernt werden, sobald sie \u00fcberpr\u00fcft hat, dass es sich um eine &#8222;inaktive Datei&#8220; handelt. Die von den registrierten Benutzern hochgeladenen inaktiven Dateien werden nach 20 bis 30 Tagen ab Inaktivit\u00e4t gel\u00f6scht. Inaktive Gastdateien werden nach einer Woche entfernt.<\/p>\n\n\n\n<h3><strong>Verf\u00fcgt Clicknupload \u00fcber eine Datenschutzrichtlinie?<\/strong><\/h3>\n\n\n\n<p>Ja, es hat eine strenge Datenschutzrichtlinie. Bei hohem Respekt gegen\u00fcber jedem Benutzer ist jede Privatsph\u00e4re f\u00fcr ihn wichtig. Sie werden niemals Daten, die von den Benutzern zur Verf\u00fcgung gestellt werden, an Dienste Dritter \u00fcbermitteln oder \u00fcbertragen.<\/p>\n\n\n\n<h3><strong>Ich brauche mehr Unterst\u00fctzung. Was soll ich tun?<\/strong><\/h3>\n\n\n\n<p>Die Plattform strebt nach einer au\u00dfergew\u00f6hnlichen Kundenbetreuung. Daher haben sie ihre Kontaktseite, auf der die Benutzer das Kontaktformular ausf\u00fcllen und die Angelegenheiten, die sie an das technische Support-Team richten m\u00f6chten, weiter besprechen k\u00f6nnen. Eine schnelle und prompte Kontaktaufnahme wird strikt eingehalten.<\/p>\n\n\n\n<figure class=\"wp-block-image\"><img src=\"https:\/\/lh5.googleusercontent.com\/i9vFX3xsoZZydjUkpescbTXfR-C-tHF1RJUB3wS4oeEAXKkrLp8JMGf1l-Bwn26ddxgncxf30Y-kH_-S9knBsSPpUrNHUrqSrzln8YUXASjJUcOwANJ1jyJuveierDOqJg0qSRw\" alt=\"ClicknUpload Upload Page\"\/><\/figure>\n\n\n\n<h2>Clicknupload: Zusammenfassung<\/h2>\n\n\n\n<p>Insgesamt ist Clicknupload einfach ein einzigartiger Datei-Hosting-Provider. Diese Website oder dieses System erm\u00f6glicht es einem Benutzer, mit seinen Dateien Geld zu verdienen, also wer w\u00e4re nicht gl\u00fccklich, ein solches System zu nutzen. Sie haben strenge Regeln und Vorschriften, die wirklich auf die Sicherheit jedes Benutzers achten, und das allein ist schon ein Faktor und ein Fortschritt, den man nutzen sollte, und vor allem ist es kostenlos. F\u00fcr eine fortgeschrittenere Nutzung sollte das Clicknupload-Premium-Konto genutzt werden.<\/p>\n\n\n\n<p>Clicknupload h\u00f6rt dort nicht auf, und sie stellen immer sicher, dass die Erfahrung des Benutzers einzigartig ist. Sie glauben, dass die Kunden an erster Stelle stehen sollten. Die Plattform strebt nach mehr Innovation und Fortschritt, um allen ihren Nutzern das Leben einfacher als bisher zu machen. Sie brauchen kein Flash-Laufwerk mit sich herumzutragen oder sich Sorgen zu machen, dass Ihr Desktop abst\u00fcrzt. Clicknupload stellt sicher, dass Sie ein Backup Ihrer wichtigen Dateien haben, auf das Sie jederzeit auf jedem Ger\u00e4t zugreifen k\u00f6nnen.<\/p>\n\n\n\n<h2>Referenzen:<\/h2>\n\n\n\n<ul><li> <a href=\"https:\/\/www.techopedia.com\/definition\/25310\/file-hosting-service\">https:\/\/www.techopedia.com\/definition\/25310\/file-hosting-service<\/a><\/li><li> <a href=\"https:\/\/ppcmode.com\/direct-linking\">https:\/\/ppcmode.com\/direct-linking<\/a><\/li><li> <a href=\"http:\/\/leechvip.net\/?ClicknUpload\">http:\/\/leechvip.net\/?ClicknUpload<\/a><\/li><li> <a href=\"http:\/\/www.networksolutions.com\/support\/what-is-hotlinking\/\">http:\/\/www.networksolutions.com\/support\/what-is-hotlinking\/<\/a><\/li><li> <a href=\"https:\/\/searchstorage.techtarget.com\/definition\/cold-storage\">https:\/\/searchstorage.techtarget.com\/definition\/cold-storage<\/a><\/li><\/ul>\n\n\n<a class=\"maxbutton-2 maxbutton maxbutton-cta\" target=\"_blank\" rel=\"nofollow noopener\" href=\"\/go\/\"><span class='mb-text'>&gt;&gt; Gehen Sie zur Original Linkifier Website<\/span><\/a>\n\n\n<p><\/p>\n","protected":false},"excerpt":{"rendered":"<p>Was ist Clicknupload? Clicknupload ist eine Datei-Hosting-Plattform, die endlosen Cloud-Speicherplatz, Fernreservekapazit\u00e4t, erweitertes Upload- und Download-Zubeh\u00f6r bietet. Durch die Nutzung von<\/p>\n","protected":false},"author":2,"featured_media":0,"parent":0,"menu_order":0,"comment_status":"closed","ping_status":"closed","template":"","meta":[],"yoast_head":"<!-- This site is optimized with the Yoast SEO plugin v18.3 - https:\/\/yoast.com\/wordpress\/plugins\/seo\/ -->\n<title>Clicknupload Premium Konto: Der Filehoster Auf Einen Blick<\/title>\n<meta name=\"description\" content=\"Ist Clicknupload ein seri\u00f6ser Anbieter oder nicht, finden Sie die Antwort im aktuellen Test auf Multihoster.org \u279c. Klicken Sie jetzt \u271a und lesen Sie unsere Erfahrungen!\" \/>\n<meta name=\"robots\" content=\"index, follow, max-snippet:-1, max-image-preview:large, max-video-preview:-1\" \/>\n<link rel=\"canonical\" href=\"https:\/\/multihoster.org\/de\/clicknupload\/\" \/>\n<meta property=\"og:locale\" content=\"de_DE\" \/>\n<meta property=\"og:type\" content=\"article\" \/>\n<meta property=\"og:title\" content=\"Clicknupload Premium Konto: Der Filehoster Auf Einen Blick\" \/>\n<meta property=\"og:description\" content=\"Ist Clicknupload ein seri\u00f6ser Anbieter oder nicht, finden Sie die Antwort im aktuellen Test auf Multihoster.org \u279c. Klicken Sie jetzt \u271a und lesen Sie unsere Erfahrungen!\" \/>\n<meta property=\"og:url\" content=\"https:\/\/multihoster.org\/de\/clicknupload\/\" \/>\n<meta property=\"og:site_name\" content=\"Multihoster.org\" \/>\n<meta property=\"article:modified_time\" content=\"2020-06-01T11:52:03+00:00\" \/>\n<meta property=\"og:image\" content=\"https:\/\/lh6.googleusercontent.com\/UhJNUugnwMNpbPDoJ1eOguFF5vUSWFi3bUrpmpwKyASh39nNxGlg2c7APfswk_wW2zT9M72P_U3MwUh5V4HfjLqOZ-kup7iQ-1V79YY8354J2_X72oT0aMQYPlBMTJGOhOXwYws\" \/>\n<meta name=\"twitter:card\" content=\"summary\" \/>\n<meta name=\"twitter:label1\" content=\"Gesch\u00e4tzte Lesezeit\" \/>\n\t<meta name=\"twitter:data1\" content=\"9\u00a0Minuten\" \/>\n<script type=\"application\/ld+json\" class=\"yoast-schema-graph\">{\"@context\":\"https:\/\/schema.org\",\"@graph\":[{\"@type\":\"WebSite\",\"@id\":\"https:\/\/multihoster.org\/#website\",\"url\":\"https:\/\/multihoster.org\/\",\"name\":\"Multihoster.org\",\"description\":\"Reviews of the major Filehosting services\",\"potentialAction\":[{\"@type\":\"SearchAction\",\"target\":{\"@type\":\"EntryPoint\",\"urlTemplate\":\"https:\/\/multihoster.org\/?s={search_term_string}\"},\"query-input\":\"required name=search_term_string\"}],\"inLanguage\":\"de\"},{\"@type\":\"ImageObject\",\"@id\":\"https:\/\/multihoster.org\/de\/clicknupload\/#primaryimage\",\"inLanguage\":\"de\",\"url\":\"https:\/\/lh6.googleusercontent.com\/UhJNUugnwMNpbPDoJ1eOguFF5vUSWFi3bUrpmpwKyASh39nNxGlg2c7APfswk_wW2zT9M72P_U3MwUh5V4HfjLqOZ-kup7iQ-1V79YY8354J2_X72oT0aMQYPlBMTJGOhOXwYws\",\"contentUrl\":\"https:\/\/lh6.googleusercontent.com\/UhJNUugnwMNpbPDoJ1eOguFF5vUSWFi3bUrpmpwKyASh39nNxGlg2c7APfswk_wW2zT9M72P_U3MwUh5V4HfjLqOZ-kup7iQ-1V79YY8354J2_X72oT0aMQYPlBMTJGOhOXwYws\"},{\"@type\":\"WebPage\",\"@id\":\"https:\/\/multihoster.org\/de\/clicknupload\/#webpage\",\"url\":\"https:\/\/multihoster.org\/de\/clicknupload\/\",\"name\":\"Clicknupload Premium Konto: Der Filehoster Auf Einen Blick\",\"isPartOf\":{\"@id\":\"https:\/\/multihoster.org\/#website\"},\"primaryImageOfPage\":{\"@id\":\"https:\/\/multihoster.org\/de\/clicknupload\/#primaryimage\"},\"datePublished\":\"2020-04-17T09:59:54+00:00\",\"dateModified\":\"2020-06-01T11:52:03+00:00\",\"description\":\"Ist Clicknupload ein seri\u00f6ser Anbieter oder nicht, finden Sie die Antwort im aktuellen Test auf Multihoster.org \u279c. Klicken Sie jetzt \u271a und lesen Sie unsere Erfahrungen!\",\"breadcrumb\":{\"@id\":\"https:\/\/multihoster.org\/de\/clicknupload\/#breadcrumb\"},\"inLanguage\":\"de\",\"potentialAction\":[{\"@type\":\"ReadAction\",\"target\":[\"https:\/\/multihoster.org\/de\/clicknupload\/\"]}]},{\"@type\":\"BreadcrumbList\",\"@id\":\"https:\/\/multihoster.org\/de\/clicknupload\/#breadcrumb\",\"itemListElement\":[{\"@type\":\"ListItem\",\"position\":1,\"name\":\"Startseite\",\"item\":\"https:\/\/multihoster.org\/de\/\"},{\"@type\":\"ListItem\",\"position\":2,\"name\":\"Clicknupload Premium Konto: Der Filehoster Auf Einen Blick\"}]}]}<\/script>\n<!-- \/ Yoast SEO plugin. -->","yoast_head_json":{"title":"Clicknupload Premium Konto: Der Filehoster Auf Einen Blick","description":"Ist Clicknupload ein seri\u00f6ser Anbieter oder nicht, finden Sie die Antwort im aktuellen Test auf Multihoster.org \u279c. Klicken Sie jetzt \u271a und lesen Sie unsere Erfahrungen!","robots":{"index":"index","follow":"follow","max-snippet":"max-snippet:-1","max-image-preview":"max-image-preview:large","max-video-preview":"max-video-preview:-1"},"canonical":"https:\/\/multihoster.org\/de\/clicknupload\/","og_locale":"de_DE","og_type":"article","og_title":"Clicknupload Premium Konto: Der Filehoster Auf Einen Blick","og_description":"Ist Clicknupload ein seri\u00f6ser Anbieter oder nicht, finden Sie die Antwort im aktuellen Test auf Multihoster.org \u279c. Klicken Sie jetzt \u271a und lesen Sie unsere Erfahrungen!","og_url":"https:\/\/multihoster.org\/de\/clicknupload\/","og_site_name":"Multihoster.org","article_modified_time":"2020-06-01T11:52:03+00:00","og_image":[{"url":"https:\/\/lh6.googleusercontent.com\/UhJNUugnwMNpbPDoJ1eOguFF5vUSWFi3bUrpmpwKyASh39nNxGlg2c7APfswk_wW2zT9M72P_U3MwUh5V4HfjLqOZ-kup7iQ-1V79YY8354J2_X72oT0aMQYPlBMTJGOhOXwYws"}],"twitter_card":"summary","twitter_misc":{"Gesch\u00e4tzte Lesezeit":"9\u00a0Minuten"},"schema":{"@context":"https:\/\/schema.org","@graph":[{"@type":"WebSite","@id":"https:\/\/multihoster.org\/#website","url":"https:\/\/multihoster.org\/","name":"Multihoster.org","description":"Reviews of the major Filehosting services","potentialAction":[{"@type":"SearchAction","target":{"@type":"EntryPoint","urlTemplate":"https:\/\/multihoster.org\/?s={search_term_string}"},"query-input":"required name=search_term_string"}],"inLanguage":"de"},{"@type":"ImageObject","@id":"https:\/\/multihoster.org\/de\/clicknupload\/#primaryimage","inLanguage":"de","url":"https:\/\/lh6.googleusercontent.com\/UhJNUugnwMNpbPDoJ1eOguFF5vUSWFi3bUrpmpwKyASh39nNxGlg2c7APfswk_wW2zT9M72P_U3MwUh5V4HfjLqOZ-kup7iQ-1V79YY8354J2_X72oT0aMQYPlBMTJGOhOXwYws","contentUrl":"https:\/\/lh6.googleusercontent.com\/UhJNUugnwMNpbPDoJ1eOguFF5vUSWFi3bUrpmpwKyASh39nNxGlg2c7APfswk_wW2zT9M72P_U3MwUh5V4HfjLqOZ-kup7iQ-1V79YY8354J2_X72oT0aMQYPlBMTJGOhOXwYws"},{"@type":"WebPage","@id":"https:\/\/multihoster.org\/de\/clicknupload\/#webpage","url":"https:\/\/multihoster.org\/de\/clicknupload\/","name":"Clicknupload Premium Konto: Der Filehoster Auf Einen Blick","isPartOf":{"@id":"https:\/\/multihoster.org\/#website"},"primaryImageOfPage":{"@id":"https:\/\/multihoster.org\/de\/clicknupload\/#primaryimage"},"datePublished":"2020-04-17T09:59:54+00:00","dateModified":"2020-06-01T11:52:03+00:00","description":"Ist Clicknupload ein seri\u00f6ser Anbieter oder nicht, finden Sie die Antwort im aktuellen Test auf Multihoster.org \u279c. Klicken Sie jetzt \u271a und lesen Sie unsere Erfahrungen!","breadcrumb":{"@id":"https:\/\/multihoster.org\/de\/clicknupload\/#breadcrumb"},"inLanguage":"de","potentialAction":[{"@type":"ReadAction","target":["https:\/\/multihoster.org\/de\/clicknupload\/"]}]},{"@type":"BreadcrumbList","@id":"https:\/\/multihoster.org\/de\/clicknupload\/#breadcrumb","itemListElement":[{"@type":"ListItem","position":1,"name":"Startseite","item":"https:\/\/multihoster.org\/de\/"},{"@type":"ListItem","position":2,"name":"Clicknupload Premium Konto: Der Filehoster Auf Einen Blick"}]}]}},"_links":{"self":[{"href":"https:\/\/multihoster.org\/de\/wp-json\/wp\/v2\/pages\/3888"}],"collection":[{"href":"https:\/\/multihoster.org\/de\/wp-json\/wp\/v2\/pages"}],"about":[{"href":"https:\/\/multihoster.org\/de\/wp-json\/wp\/v2\/types\/page"}],"author":[{"embeddable":true,"href":"https:\/\/multihoster.org\/de\/wp-json\/wp\/v2\/users\/2"}],"replies":[{"embeddable":true,"href":"https:\/\/multihoster.org\/de\/wp-json\/wp\/v2\/comments?post=3888"}],"version-history":[{"count":2,"href":"https:\/\/multihoster.org\/de\/wp-json\/wp\/v2\/pages\/3888\/revisions"}],"predecessor-version":[{"id":4641,"href":"https:\/\/multihoster.org\/de\/wp-json\/wp\/v2\/pages\/3888\/revisions\/4641"}],"wp:attachment":[{"href":"https:\/\/multihoster.org\/de\/wp-json\/wp\/v2\/media?parent=3888"}],"curies":[{"name":"wp","href":"https:\/\/api.w.org\/{rel}","templated":true}]}}