{"id":3934,"date":"2020-04-17T12:53:08","date_gmt":"2020-04-17T12:53:08","guid":{"rendered":"https:\/\/multihoster.org\/novamov\/"},"modified":"2020-04-22T15:18:41","modified_gmt":"2020-04-22T15:18:41","slug":"novamov","status":"publish","type":"page","link":"https:\/\/multihoster.org\/de\/novamov\/","title":{"rendered":"Novamov Premium Konto: Der Filehoster Auf Einen Blick"},"content":{"rendered":"\n<div class=\"wp-block-image\"><figure class=\"alignleft is-resized\"><img loading=\"lazy\" src=\"https:\/\/lh5.googleusercontent.com\/GEGPeWo_cWM4l1VHOyZGKI8iqjxPtmhqBonZwk9iL61NE2uaxrHmbfIXV7K51gYNic8K3vLA-auV1P1LvBH8gTHRgP6iYFCXEbf2phO325P-wCCXA7FH9fWrFrXH08HyES-oYE0g\" alt=\"Novamov official website\" width=\"297\" height=\"188\"\/><\/figure><\/div>\n\n\n\n<p>Novamov ist eine der Sites, die Benutzer besuchen, um Videos zu streamen oder eine Datei zu finden. Die Benutzer k\u00f6nnen Videodateien finden, um diese kostenlos online zu streamen oder anzusehen, z.B. Streams \u00fcber Software, Musik, Dokumentarfilme, Spiele oder beliebige Genres von Filmen oder Videos. <\/p>\n\n\n\n<p>Die Novamov-Site ist einfach zu navigieren und ist \u00fcber die Webbrowser der Ger\u00e4te der Benutzer zug\u00e4nglich, die \u00fcber eine Internetverbindung verf\u00fcgen.<\/p>\n\n\n\n<p>Au\u00dferdem verf\u00fcgt Novamov \u00fcber eine Funktion f\u00fcr das Dateiverzeichnis, das in sechs (6) Kategorien unterteilt ist, n\u00e4mlich Software, Musik, Dokumente, Videos, Streaming-Videos und Spiele. Die Benutzer k\u00f6nnen dort nach einer Datei suchen, indem sie W\u00f6rter oder Begriffe in das Suchfeld eingeben und die &#8222;Enter&#8220;-Taste dr\u00fccken oder auf die &#8222;Go&#8220;-Taste klicken, um zu suchen.<\/p>\n\n\n\n<p>Die Dateien auf der Website von Novamov in der Verzeichnisseite sind wie folgt sortiert:<\/p>\n\n\n\n<ul><li>Sortieren Sie nach der Aktualit\u00e4t der Dateien.<\/li><li>Sortieren Sie die Dateien nach ihrem Dateinamen in alphabetischer Reihenfolge von A bis Z oder Z bis A f\u00fcr die umgekehrte Reihenfolge.<\/li><li>Sortieren Sie nach der Gr\u00f6\u00dfe der Dateien. (f\u00fcr gro\u00dfe und kleine Dateien)<\/li><\/ul>\n\n\n<a class=\"maxbutton-2 maxbutton maxbutton-cta\" target=\"_blank\" rel=\"nofollow noopener\" href=\"\/go\/\"><span class='mb-text'>&gt;&gt; Gehen Sie zur Original Linkifier Website<\/span><\/a>\n\n\n<p><\/p>\n\n\n\n<h2>Novamov Premium Konto<\/h2>\n\n\n\n<p>Novamov hat zwei Konten, das Free Account oder das Premium Account. Die Benutzer, die den kostenlosen Account nutzen, k\u00f6nnen nur begrenzte Funktionen und Dienste f\u00fcr das Streaming auf der Website von Novamov nutzen, w\u00e4hrend Benutzer, die sich f\u00fcr den Premium-Account registriert haben, uneingeschr\u00e4nkten Zugang zu allen Funktionen und Diensten haben. Bitte sehen Sie unten den Vorteil eines Premium-Accounts.<\/p>\n\n\n\n<h3>Die Vorteile eines Novamov Premium Konto<\/h3>\n\n\n\n<ul><li>Es gibt keine Anzeigen und keine Captchas auf den Webseiten ihrer Website.<\/li><li>Die Videos werden mit einer sehr hohen Geschwindigkeit gestreamt.<\/li><li>Die Benutzer k\u00f6nnen beliebige Videodateien von der Website von Novamov mit jedem beliebigen Download-Manager herunterladen.<\/li><li>Die Videos, die die Benutzer streamen oder ansehen k\u00f6nnen, sind in High-Definition- oder HD-Qualit\u00e4t.<\/li><li>Die Benutzer k\u00f6nnen beliebige Videos ohne Einschr\u00e4nkungen ansehen oder streamen.<\/li><li>Die Benutzer k\u00f6nnen auf das Verzeichnis der Dateifunktion von Novamov zugreifen.<\/li><\/ul>\n\n\n\n<h2>Novamov Video Downloader<\/h2>\n\n\n\n<p> If users want to download a video from the site of Novamov, they can use the Novamov Video Downloader. To know how to download, just follow the five (5) steps below. <\/p>\n\n\n\n<p>1. Die Benutzer m\u00fcssen zuerst den &#8222;Novamov Video Downloader&#8220; herunterladen und installieren. Sie k\u00f6nnen \u00fcber Webbrowser nach dieser Software suchen.<\/p>\n\n\n\n<p>2. Nachdem die Benutzer den Downloader heruntergeladen und installiert haben, k\u00f6nnen sie nun zu dem Link des Videos gehen, das die Benutzer herunterladen m\u00f6chten.<\/p>\n\n\n\n<p>3. \u00d6ffnen Sie den Novamov Video-Downloader.<\/p>\n\n\n\n<p>4. Das Anmeldefenster wird auf den Bildschirmen der Benutzer angezeigt. Um Zugang zum Downloader zu erhalten, m\u00fcssen sie das korrekte Passwort eingeben.<\/p>\n\n\n\n<p>5. Geben Sie den &#8222;admin\/user&#8220; f\u00fcr das Passwort ein. <\/p>\n\n\n\n<p>6. Dann wird nach einem Code gefragt, den die Benutzer aus den allerletzten Zeichenfolgen des Links des Videos erhalten k\u00f6nnen. Bitte sehen Sie sich das unten stehende Bild f\u00fcr das Beispiel an. Kopieren Sie es.<\/p>\n\n\n\n<figure class=\"wp-block-image\"><img src=\"https:\/\/lh4.googleusercontent.com\/_KDf_hoqc-1nGkhwvfXEE_sF9487xOwiOlqP3Qr_PK9mM13V9dVNmxam6C5OZgK6tmVwILC7ln2qRWOn9XpQtLFp_nBujGZTAswLP3VRtnD2m5ayfzUaF5dzYwIzhZ0Y7xHGGKLW\" alt=\"code link of the video file\"\/><\/figure>\n\n\n\n<p>7. Kopieren Sie ihn und f\u00fcgen Sie ihn in das Feld des &#8222;Code hier einf\u00fcgen&#8220; ein, wie auf dem untenstehenden Bild.<\/p>\n\n\n\n<p>8. Klicken Sie auf den &#8222;Get Download Link&#8220;, um die Videodatei \u00fcber den Code abzurufen.<\/p>\n\n\n\n<figure class=\"wp-block-image is-resized\"><img loading=\"lazy\" src=\"https:\/\/lh4.googleusercontent.com\/RvpR8C_uQY3pR0sRocdQYPzBROkiLXUfiRlfzfsgg4du7skfY_7X6EHSbH18JB7NRIjjX78yXSX_ct1qjjguyrWp_1l8xVgLHDb_mgiq8OjF2YlQMiJ5vC2kXOh6WYjiWwFg3CQY\" alt=\"Get the download link\" width=\"204\" height=\"113\"\/><\/figure>\n\n\n\n<p>9. Klicken Sie auf den Link &#8222;Klicken Sie hier, um das Video herunterzuladen&#8220;. Dann beginnt der Download des Videos. Bitte beachten Sie das untenstehende Bild.<\/p>\n\n\n\n<figure class=\"wp-block-image is-resized\"><img loading=\"lazy\" src=\"https:\/\/lh6.googleusercontent.com\/5NOwK2jSWWgV5hVqk9p3RAjblqCX5mfImzd0d4uCCmce1nXjpPT3iBAJ57n9zxIcwasRhxkdXHx2yl9_Vmiqku2wDS-iVyINibd7Bc6sHBuyiDgZIXSvpZFzPGwJ8cLQGTHjErHO\" alt=\"Download the video file\" width=\"206\" height=\"115\"\/><\/figure>\n\n\n\n<p>10. Das Fenster Dateidownload erscheint. Klicken Sie auf die Schaltfl\u00e4che &#8222;Speichern&#8220;, um den Download fortzusetzen.<\/p>\n\n\n\n<figure class=\"wp-block-image is-resized\"><img loading=\"lazy\" src=\"https:\/\/lh4.googleusercontent.com\/0hzF1tMyFK8VYx5sKPrF2bW3lVh7IOsfsqN7R_1JtRABtDXovPIde8ZTBf7FQcyQUnP14l-vTnhB6lz1thGZ4yC6QRe2sxX5nq3dOgdw8JfPWbGWJArKaq-GoMw8sVfewWR-hfUo\" alt=\"save the video\" width=\"208\" height=\"149\"\/><\/figure>\n\n\n\n<p>11. Zuletzt warten Sie, bis die Videodatei vollst\u00e4ndig heruntergeladen ist.<\/p>\n\n\n\n<figure class=\"wp-block-image is-resized\"><img loading=\"lazy\" src=\"https:\/\/lh5.googleusercontent.com\/V0XJqir-GvdpSkBWIQZpwY6XxP8N1400lRn0ClNXS3DLMDZeynh-RUCV4Ix15JWp2h2PygWUwO-IK7iD72YKvk6j85jax5jNmwVYKm-NdGSaROL8oQU0-c11RBdBS0EIo2Yo7R_i\" alt=\"video is downloading\" width=\"203\" height=\"135\"\/><\/figure>\n\n\n\n<p>Die Benutzer k\u00f6nnen nun jederzeit beliebige Videodateien \u00fcber die Video-Downloader-Software der Novamov herunterladen.<\/p>\n\n\n<a class=\"maxbutton-2 maxbutton maxbutton-cta\" target=\"_blank\" rel=\"nofollow noopener\" href=\"\/go\/\"><span class='mb-text'>&gt;&gt; Gehen Sie zur Original Linkifier Website<\/span><\/a>\n\n\n<h2>Novamov: Video hochladen<\/h2>\n\n\n\n<p>Wenn die Benutzer eine Datei wie ein Video, Bild, Audio und Flash hochladen m\u00f6chten, k\u00f6nnen sie diese kostenlos auf die Website von Novamov hochladen. <\/p>\n\n\n\n<p>Zum Hochladen folgen Sie einfach den sechs (6) einfachen Schritten unten:<\/p>\n\n\n\n<ol><li>Die Benutzer m\u00fcssen sich zuerst auf der Website von Novamov anmelden, um ihre Dateien hochladen zu k\u00f6nnen. Wenn sie noch kein Konto haben, m\u00fcssen sie sich registrieren.<\/li><li>Gehen Sie auf die Upload-Seite der Website und f\u00fcllen Sie dort das Formular aus (siehe Bild unten)<\/li><li>Die Benutzer sollten ihre Datei ausw\u00e4hlen, indem sie auf die Schaltfl\u00e4che &#8222;Datei ausw\u00e4hlen&#8220; klicken. Es erscheint das Verzeichnis ihres Ger\u00e4tes, in dem sie die Datei finden k\u00f6nnen. Klicken Sie dann auf &#8222;OK&#8220;.<\/li><li>Geben Sie den Namen und die \u00dcberschrift der Datei ein, indem Sie die Felder f\u00fcr Titel und Beschreibung ausf\u00fcllen.<\/li><li>W\u00e4hlen Sie die Kategorie der Datei (Software, Musik, Streaming-Videos, Dokumentarfilme und Spiele).<\/li><li>Klicken Sie auf die Schaltfl\u00e4che &#8222;Hochladen&#8220;, um den Hochladevorgang zu starten. Sie m\u00fcssen warten, bis das Hochladen ihrer Datei abgeschlossen ist.<\/li><\/ol>\n\n\n\n<p>Nach dem Hochladen der Datei wird diese in der Datenbank und auf dem Server von Novamov gespeichert und auf der Website angezeigt.<\/p>\n\n\n\n<div class=\"wp-block-image\"><figure class=\"alignleft is-resized\"><img loading=\"lazy\" src=\"https:\/\/lh5.googleusercontent.com\/H9yYqkTQDUyuUqt6FnEiav9q6Ifz17QqOi1bX5ghL1Puur1MqNmv21ta68b3ZZkxaoQt3Dri9mVH5ujnVPX7DOtluJ3wJ7UcKJZg_ubufnzHzkLKNv6cbRrjLKWCEPqhlz4UTdjp\" alt=\"Novanov Upload\" width=\"185\" height=\"106\"\/><\/figure><\/div>\n\n\n\n<p>Denken Sie daran: Die Benutzer von Novamov d\u00fcrfen keine Dateien hochladen, die urheberrechtlich gesch\u00fctzt sind oder einen Bezug zu Pornographie, Gewalt, sexuellen und anst\u00f6\u00dfigen Inhalten haben. Es ist ihnen auch nicht gestattet, beim Hochladen die Hotlinking-Methode zu verwenden. Sie k\u00f6nnen die Nutzungsbedingungen (Terms of Service, TOS) von Novamov lesen, um mehr dar\u00fcber zu erfahren.<\/p>\n\n\n\n<h2>Novamov: Ein Video freigeben<\/h2>\n\n\n\n<p>Wenn die Benutzer ein Video von der Novamov-Website freigeben m\u00f6chten, k\u00f6nnen sie auf die Schaltfl\u00e4che &#8222;Auf Facebook freigeben&#8220; oder auf das Freigabesymbol selbst klicken, um es auf allen Social-Media-Websites oder per E-Mail oder in Blogs oder Vlogs oder Foren-Websites freizugeben.<\/p>\n\n\n\n<h2>Novamov: Geld verdienen<\/h2>\n\n\n\n<p>Novamov bietet seinen Benutzern eine M\u00f6glichkeit, Geld zu verdienen. Die Benutzer k\u00f6nnen bis zu f\u00fcnfundzwanzig Prozent (25%) f\u00fcr je eintausend Datei-Downloads und bis zu drei\u00dfig Prozent (30%) f\u00fcr ihre Empfehlungsverdienste erhalten.<\/p>\n\n\n\n<h2>Novamov: Zugriff auf die Website<\/h2>\n\n\n\n<p>Wenn die Benutzer jetzt versuchen, die Website von Novamov zu besuchen und keinen Zugriff darauf haben, liegt es daran, dass Novamov nicht erreichbar ist oder dass ihre Website urheberrechtlich gesch\u00fctzte Inhalte aufweist oder ihre Dom\u00e4ne von EuroDNS gesperrt wurde. Bitte sehen Sie das untenstehende Bild als Referenz.<\/p>\n\n\n\n<p>Wenn Benutzer mit der Meldung &#8222;Dieser Dom\u00e4nenname wurde gesperrt&#8220; auf die EuroDNS-Site weitergeleitet werden, liegt dies an Folgendem:<\/p>\n\n\n\n<ol><li>Der Website-Eigent\u00fcmer hat einige \u00c4nderungen an seinen Kontaktdaten wie z.B. der E-Mail-Adresse vorgenommen, es aber vers\u00e4umt, diese zu validieren.<\/li><li>Es ist keine Zahlung f\u00fcr das Hosting der Website eingegangen.<\/li><li>Wenn die Website auf dem gemeinsam genutzten Web-Hosting, aber ihre Leistung langsam oder sehr gering ist.<\/li><li>Wenn die Website gegen irgendwelche Urheberrechte oder Richtlinien verst\u00f6\u00dft.<\/li><\/ol>\n\n\n<a class=\"maxbutton-2 maxbutton maxbutton-cta\" target=\"_blank\" rel=\"nofollow noopener\" href=\"\/go\/\"><span class='mb-text'>&gt;&gt; Gehen Sie zur Original Linkifier Website<\/span><\/a>","protected":false},"excerpt":{"rendered":"<p>Novamov ist eine der Sites, die Benutzer besuchen, um Videos zu streamen oder eine Datei zu finden. Die Benutzer k\u00f6nnen<\/p>\n","protected":false},"author":2,"featured_media":0,"parent":0,"menu_order":0,"comment_status":"closed","ping_status":"closed","template":"","meta":[],"yoast_head":"<!-- This site is optimized with the Yoast SEO plugin v18.3 - https:\/\/yoast.com\/wordpress\/plugins\/seo\/ -->\n<title>Novamov Premium Konto \u2013 Der Filehoster Auf Einen Blick<\/title>\n<meta name=\"description\" content=\"Ist Novamov ein seri\u00f6ser Anbieter oder nicht, finden Sie die Antwort im aktuellen Test auf Multihoster.org \u279c Klicken Sie jetzt \u271a und lesen Sie unsere Erfahrungen!\" \/>\n<meta name=\"robots\" content=\"index, follow, max-snippet:-1, max-image-preview:large, max-video-preview:-1\" \/>\n<link rel=\"canonical\" href=\"https:\/\/multihoster.org\/de\/novamov\/\" \/>\n<meta property=\"og:locale\" content=\"de_DE\" \/>\n<meta property=\"og:type\" content=\"article\" \/>\n<meta property=\"og:title\" content=\"Novamov Premium Konto \u2013 Der Filehoster Auf Einen Blick\" \/>\n<meta property=\"og:description\" content=\"Ist Novamov ein seri\u00f6ser Anbieter oder nicht, finden Sie die Antwort im aktuellen Test auf Multihoster.org \u279c Klicken Sie jetzt \u271a und lesen Sie unsere Erfahrungen!\" \/>\n<meta property=\"og:url\" content=\"https:\/\/multihoster.org\/de\/novamov\/\" \/>\n<meta property=\"og:site_name\" content=\"Multihoster.org\" \/>\n<meta property=\"article:modified_time\" content=\"2020-04-22T15:18:41+00:00\" \/>\n<meta property=\"og:image\" content=\"https:\/\/lh5.googleusercontent.com\/GEGPeWo_cWM4l1VHOyZGKI8iqjxPtmhqBonZwk9iL61NE2uaxrHmbfIXV7K51gYNic8K3vLA-auV1P1LvBH8gTHRgP6iYFCXEbf2phO325P-wCCXA7FH9fWrFrXH08HyES-oYE0g\" \/>\n<meta name=\"twitter:card\" content=\"summary\" \/>\n<meta name=\"twitter:label1\" content=\"Gesch\u00e4tzte Lesezeit\" \/>\n\t<meta name=\"twitter:data1\" content=\"5\u00a0Minuten\" \/>\n<script type=\"application\/ld+json\" class=\"yoast-schema-graph\">{\"@context\":\"https:\/\/schema.org\",\"@graph\":[{\"@type\":\"WebSite\",\"@id\":\"https:\/\/multihoster.org\/#website\",\"url\":\"https:\/\/multihoster.org\/\",\"name\":\"Multihoster.org\",\"description\":\"Reviews of the major Filehosting services\",\"potentialAction\":[{\"@type\":\"SearchAction\",\"target\":{\"@type\":\"EntryPoint\",\"urlTemplate\":\"https:\/\/multihoster.org\/?s={search_term_string}\"},\"query-input\":\"required name=search_term_string\"}],\"inLanguage\":\"de\"},{\"@type\":\"ImageObject\",\"@id\":\"https:\/\/multihoster.org\/de\/novamov\/#primaryimage\",\"inLanguage\":\"de\",\"url\":\"https:\/\/lh5.googleusercontent.com\/GEGPeWo_cWM4l1VHOyZGKI8iqjxPtmhqBonZwk9iL61NE2uaxrHmbfIXV7K51gYNic8K3vLA-auV1P1LvBH8gTHRgP6iYFCXEbf2phO325P-wCCXA7FH9fWrFrXH08HyES-oYE0g\",\"contentUrl\":\"https:\/\/lh5.googleusercontent.com\/GEGPeWo_cWM4l1VHOyZGKI8iqjxPtmhqBonZwk9iL61NE2uaxrHmbfIXV7K51gYNic8K3vLA-auV1P1LvBH8gTHRgP6iYFCXEbf2phO325P-wCCXA7FH9fWrFrXH08HyES-oYE0g\"},{\"@type\":\"WebPage\",\"@id\":\"https:\/\/multihoster.org\/de\/novamov\/#webpage\",\"url\":\"https:\/\/multihoster.org\/de\/novamov\/\",\"name\":\"Novamov Premium Konto \u2013 Der Filehoster Auf Einen Blick\",\"isPartOf\":{\"@id\":\"https:\/\/multihoster.org\/#website\"},\"primaryImageOfPage\":{\"@id\":\"https:\/\/multihoster.org\/de\/novamov\/#primaryimage\"},\"datePublished\":\"2020-04-17T12:53:08+00:00\",\"dateModified\":\"2020-04-22T15:18:41+00:00\",\"description\":\"Ist Novamov ein seri\u00f6ser Anbieter oder nicht, finden Sie die Antwort im aktuellen Test auf Multihoster.org \u279c Klicken Sie jetzt \u271a und lesen Sie unsere Erfahrungen!\",\"breadcrumb\":{\"@id\":\"https:\/\/multihoster.org\/de\/novamov\/#breadcrumb\"},\"inLanguage\":\"de\",\"potentialAction\":[{\"@type\":\"ReadAction\",\"target\":[\"https:\/\/multihoster.org\/de\/novamov\/\"]}]},{\"@type\":\"BreadcrumbList\",\"@id\":\"https:\/\/multihoster.org\/de\/novamov\/#breadcrumb\",\"itemListElement\":[{\"@type\":\"ListItem\",\"position\":1,\"name\":\"Startseite\",\"item\":\"https:\/\/multihoster.org\/de\/\"},{\"@type\":\"ListItem\",\"position\":2,\"name\":\"Novamov Premium Konto: Der Filehoster Auf Einen Blick\"}]}]}<\/script>\n<!-- \/ Yoast SEO plugin. -->","yoast_head_json":{"title":"Novamov Premium Konto \u2013 Der Filehoster Auf Einen Blick","description":"Ist Novamov ein seri\u00f6ser Anbieter oder nicht, finden Sie die Antwort im aktuellen Test auf Multihoster.org \u279c Klicken Sie jetzt \u271a und lesen Sie unsere Erfahrungen!","robots":{"index":"index","follow":"follow","max-snippet":"max-snippet:-1","max-image-preview":"max-image-preview:large","max-video-preview":"max-video-preview:-1"},"canonical":"https:\/\/multihoster.org\/de\/novamov\/","og_locale":"de_DE","og_type":"article","og_title":"Novamov Premium Konto \u2013 Der Filehoster Auf Einen Blick","og_description":"Ist Novamov ein seri\u00f6ser Anbieter oder nicht, finden Sie die Antwort im aktuellen Test auf Multihoster.org \u279c Klicken Sie jetzt \u271a und lesen Sie unsere Erfahrungen!","og_url":"https:\/\/multihoster.org\/de\/novamov\/","og_site_name":"Multihoster.org","article_modified_time":"2020-04-22T15:18:41+00:00","og_image":[{"url":"https:\/\/lh5.googleusercontent.com\/GEGPeWo_cWM4l1VHOyZGKI8iqjxPtmhqBonZwk9iL61NE2uaxrHmbfIXV7K51gYNic8K3vLA-auV1P1LvBH8gTHRgP6iYFCXEbf2phO325P-wCCXA7FH9fWrFrXH08HyES-oYE0g"}],"twitter_card":"summary","twitter_misc":{"Gesch\u00e4tzte Lesezeit":"5\u00a0Minuten"},"schema":{"@context":"https:\/\/schema.org","@graph":[{"@type":"WebSite","@id":"https:\/\/multihoster.org\/#website","url":"https:\/\/multihoster.org\/","name":"Multihoster.org","description":"Reviews of the major Filehosting services","potentialAction":[{"@type":"SearchAction","target":{"@type":"EntryPoint","urlTemplate":"https:\/\/multihoster.org\/?s={search_term_string}"},"query-input":"required name=search_term_string"}],"inLanguage":"de"},{"@type":"ImageObject","@id":"https:\/\/multihoster.org\/de\/novamov\/#primaryimage","inLanguage":"de","url":"https:\/\/lh5.googleusercontent.com\/GEGPeWo_cWM4l1VHOyZGKI8iqjxPtmhqBonZwk9iL61NE2uaxrHmbfIXV7K51gYNic8K3vLA-auV1P1LvBH8gTHRgP6iYFCXEbf2phO325P-wCCXA7FH9fWrFrXH08HyES-oYE0g","contentUrl":"https:\/\/lh5.googleusercontent.com\/GEGPeWo_cWM4l1VHOyZGKI8iqjxPtmhqBonZwk9iL61NE2uaxrHmbfIXV7K51gYNic8K3vLA-auV1P1LvBH8gTHRgP6iYFCXEbf2phO325P-wCCXA7FH9fWrFrXH08HyES-oYE0g"},{"@type":"WebPage","@id":"https:\/\/multihoster.org\/de\/novamov\/#webpage","url":"https:\/\/multihoster.org\/de\/novamov\/","name":"Novamov Premium Konto \u2013 Der Filehoster Auf Einen Blick","isPartOf":{"@id":"https:\/\/multihoster.org\/#website"},"primaryImageOfPage":{"@id":"https:\/\/multihoster.org\/de\/novamov\/#primaryimage"},"datePublished":"2020-04-17T12:53:08+00:00","dateModified":"2020-04-22T15:18:41+00:00","description":"Ist Novamov ein seri\u00f6ser Anbieter oder nicht, finden Sie die Antwort im aktuellen Test auf Multihoster.org \u279c Klicken Sie jetzt \u271a und lesen Sie unsere Erfahrungen!","breadcrumb":{"@id":"https:\/\/multihoster.org\/de\/novamov\/#breadcrumb"},"inLanguage":"de","potentialAction":[{"@type":"ReadAction","target":["https:\/\/multihoster.org\/de\/novamov\/"]}]},{"@type":"BreadcrumbList","@id":"https:\/\/multihoster.org\/de\/novamov\/#breadcrumb","itemListElement":[{"@type":"ListItem","position":1,"name":"Startseite","item":"https:\/\/multihoster.org\/de\/"},{"@type":"ListItem","position":2,"name":"Novamov Premium Konto: Der Filehoster Auf Einen Blick"}]}]}},"_links":{"self":[{"href":"https:\/\/multihoster.org\/de\/wp-json\/wp\/v2\/pages\/3934"}],"collection":[{"href":"https:\/\/multihoster.org\/de\/wp-json\/wp\/v2\/pages"}],"about":[{"href":"https:\/\/multihoster.org\/de\/wp-json\/wp\/v2\/types\/page"}],"author":[{"embeddable":true,"href":"https:\/\/multihoster.org\/de\/wp-json\/wp\/v2\/users\/2"}],"replies":[{"embeddable":true,"href":"https:\/\/multihoster.org\/de\/wp-json\/wp\/v2\/comments?post=3934"}],"version-history":[{"count":3,"href":"https:\/\/multihoster.org\/de\/wp-json\/wp\/v2\/pages\/3934\/revisions"}],"predecessor-version":[{"id":4319,"href":"https:\/\/multihoster.org\/de\/wp-json\/wp\/v2\/pages\/3934\/revisions\/4319"}],"wp:attachment":[{"href":"https:\/\/multihoster.org\/de\/wp-json\/wp\/v2\/media?parent=3934"}],"curies":[{"name":"wp","href":"https:\/\/api.w.org\/{rel}","templated":true}]}}