{"id":3972,"date":"2020-04-17T14:05:21","date_gmt":"2020-04-17T14:05:21","guid":{"rendered":"https:\/\/multihoster.org\/euroshare\/"},"modified":"2020-06-01T12:45:06","modified_gmt":"2020-06-01T12:45:06","slug":"euroshare","status":"publish","type":"page","link":"https:\/\/multihoster.org\/de\/euroshare\/","title":{"rendered":"Euroshare Premium Konto: Der Filehoster Auf Einen Blick"},"content":{"rendered":"\n<p>Es sind so viele Anbieter von <a rel=\"noreferrer noopener\" aria-label=\"Cloud-Storage (opens in a new tab)\" href=\"https:\/\/cloud.google.com\/storage\" target=\"_blank\">Cloud-Storage<\/a> online. Angepasst an unser heutiges digitales Zeitalter wurden digitale R\u00e4ume auch im World Wide Web (WWW) beneidet. Erfahren Sie mehr \u00fcber Euroshare und erfahren Sie, wie Euroshare sich von Ihrem durchschnittlichen Anbieter von Wolkenspeichern unterscheidet.<\/p>\n\n\n\n<p>Die Euroshare-Plattform \u00fcber den Euroshare Premium Account ist der bekannteste und am weitesten verbreitete Anbieter von Cloud-Storage in den L\u00e4ndern Europas und langsam auch weltweit. Seien Sie informiert, wenn wir die Details zur Euroshare-Plattform in dem folgenden Artikel vorstellen, der die Hintergrundinformationen \u00fcber Euroshare, die Anmeldung zu einem Euroshare-Cloud-Storage-Account, die Abonnements von Euroshare-Cloud-Storage-Accounts und einige h\u00e4ufig gestellte Fragen zur Euroshare-Plattform enth\u00e4lt.<\/p>\n\n\n\n<figure class=\"wp-block-image\"><img src=\"https:\/\/lh3.googleusercontent.com\/VTnQu4OZ5FfXOlm95g35ntT2Gy6rVpChgvrLZpofPjotisXKCmjPxuOhFnzYLbxvWldiEqYE1H9_4zeRXqacKhgLrV_b7VfwHvfOODlsjx9ZA43TuT7O1b_Km1VX8LKzEVBnARo\" alt=\"\"\/><figcaption> Euroshare Website Interface <\/figcaption><\/figure>\n\n\n<a class=\"maxbutton-2 maxbutton maxbutton-cta\" target=\"_blank\" rel=\"nofollow noopener\" href=\"\/go\/\"><span class='mb-text'>&gt;&gt; Gehen Sie zur Original Linkifier Website<\/span><\/a>\n\n\n<p><\/p>\n\n\n\n<h2>Vorteile der Nutzung der Euroshare-Cloud-Storage-Plattform<\/h2>\n\n\n\n<p>1. Einfaches Hochladen und Organisieren Ihrer Dateien &#8211; Sie k\u00f6nnen Ihre Dateien problemlos in das System unserer Plattform hochladen und organisieren. Die Plattform verf\u00fcgt \u00fcber eine Drag-and-Drop-Funktion, die Sie bei der Verwaltung Ihrer pers\u00f6nlichen und privaten Dateien unterst\u00fctzt. Die Plattform passt ihre Website dynamisch \u00fcber verschiedene Internetbrowser wie Internet Explorer, Microsoft Edge und Google Chrome an. Tor Browser, Safari, Opera, UC Browser, UC Web und alle anderen Arten von Browsern, die zum Surfen im World Wide Web (WWW) verwendet werden.<\/p>\n\n\n\n<p>2. Einfache gemeinsame Nutzung Ihrer Dateien \u00fcber verschiedene Plattformen hinweg &#8211; Euroshare Cloud-Storage speichert Ihre Dateien und ist mit verschiedenen Kompatibilit\u00e4tsfunktionen integriert. Dies erm\u00f6glicht es der Website, automatisch HTML-Codes f\u00fcr Ihre Dateien zu generieren, die auf verschiedenen Social-Media-Plattformen wie Facebook, Instagram, Google Plus, Twitter, YouTube, Myspace und allen anderen Austauschplattformen im World Wide Web geteilt und angesehen werden k\u00f6nnen.<\/p>\n\n\n\n<figure class=\"wp-block-image\"><img src=\"https:\/\/lh5.googleusercontent.com\/EB3eHSNoIzMT6-dcDIfuLWrZrXQ3wIC4zmcrgacsqX5-viUdY92CB-EcDLmZSX2io-1vSfZLcZcv_aphVjbx0jG6uYFLKQj20jztFG5FAGERBiIkOOytDIOjabeg2v_zizZxDHI\" alt=\"\"\/><\/figure>\n\n\n\n<p>Euroshare-Plattform passt sich dynamisch an verschiedene Websites an<\/p>\n\n\n\n<p>3. Schnelles und sofortiges Hoch- und Herunterladen &#8211; Wir bieten im Vergleich zu Ihrem \u00fcblichen Cloud-Storage-Anbieter die zug\u00e4nglichste und effizienteste Funktion zum Herunter- und Hochladen. Unser Euroshare Free Account und Euroshare Premium Account bietet die stabilste Download- und Upload-Option f\u00fcr alle Ihre Dateien.<\/p>\n\n\n\n<p>4. Wir bieten die h\u00f6chste Sicherheitsverschl\u00fcsselung f\u00fcr die Dateien in Ihrem Konto &#8211; Ob es sich um die Sicherung des Speichers selbst handelt, die Euroshare-Plattform wird alle Ihre Dateien sicher aufbewahren, ob es sich um Bilder, Audio-, Video-, Dokument-, Pr\u00e4sentations- oder komprimierte Dateien oder alle anderen Arten von Dateien handelt, die in unserer heutigen digitalen Welt vorhanden sind, und zwar durch unsere fortschrittliche <a href=\"https:\/\/www.khanacademy.org\/computing\/computer-programming\/programming\/intro-to-programming\/v\/programming-intro\" target=\"_blank\" rel=\"noreferrer noopener\" aria-label=\"Programmierung  (opens in a new tab)\">Programmierung <\/a>und Verschl\u00fcsselung, die in ihre Website integriert ist, so dass Sie sich keine Sorgen \u00fcber jegliche Form von Hacking oder Datendiebstahl machen m\u00fcssen.<\/p>\n\n\n\n<p>Jetzt, da Sie wissen, wie Euroshare mit seinem Euroshare Free Account und Euroshare Premium Account an der Spitze seiner Wettbewerber steht, ist es uns eine Freude, Sie bei der Anmeldung eines Euroshare Account Cloud-Storage zu beraten. Lesen Sie den folgenden Artikel und beginnen Sie mit dem Hoch- und Herunterladen \u00fcber unsere Plattform.<\/p>\n\n\n\n<h2>Registrieren Sie ein Euroshare-Cloud-Storage-Konto<\/h2>\n\n\n\n<p>Die Registrierung eines Kontos ist so einfach wie das ABC. Wir f\u00fchren Sie durch die einzelnen Schritte, damit Sie die Zug\u00e4nglichkeit und Effizienz unserer Cloud-Storage-Plattform genie\u00dfen k\u00f6nnen.<\/p>\n\n\n\n<p>1. Geben Sie Ihren vollst\u00e4ndigen Namen mit korrektem Vornamen, Nachnamen und zweiten Vornamen ein. Wir werden Sie auch um Ihren Titel bitten (Dr., Engr., Arch., Herr, Frau oder Herr), damit wir Sie richtig ansprechen und eine korrekte Anrede geben k\u00f6nnen.<\/p>\n\n\n\n<p>2. Geben Sie eine funktionierende E-Mail-Adresse an. An diese Adresse werden wir eine E-Mail zur Best\u00e4tigung Ihres Euroshare-Kontos senden. Wir werden auch einen eindeutigen Benutzernamen f\u00fcr Ihr Konto anfordern, um die Authentizit\u00e4t f\u00fcr jeden Nutzer der Euroshare-Wolkenspeicherplattform zu gew\u00e4hrleisten.<\/p>\n\n\n\n<p>3. Lesen und kreuzen Sie das Feld &#8222;Akzeptieren Sie unsere Bedingungen und Konditionen&#8220; an. Kreuzen Sie auch unsere &#8222;reCaptcha&#8220;-Datenschutzbedingungen an. Wir f\u00fcgen diese Funktionen ein, um die Digital- und Datenschutzrechte jedes unserer Benutzer durch den Digital Millennium Copyright Act (<a rel=\"noreferrer noopener\" aria-label=\"DMCA (opens in a new tab)\" href=\"https:\/\/www.dmca.com\/\" target=\"_blank\">DMCA<\/a>) zu gew\u00e4hrleisten.<\/p>\n\n\n\n<p>4. Klicken Sie abschlie\u00dfend auf die Schaltfl\u00e4che Registrieren, und wir senden Ihnen umgehend einen Best\u00e4tigungslink an Ihre E-Mail-Adresse, um Ihr Konto zu best\u00e4tigen. Bitte \u00fcberpr\u00fcfen Sie Ihre Spam-Filter und Spam-E-Mail-Ordner, falls Sie nichts erhalten haben. Nachdem Sie Ihr Konto best\u00e4tigt haben, haben Sie bereits Ihr pers\u00f6nliches Euroshare Free Konto.<\/p>\n\n\n\n<p>Vielleicht m\u00f6chten Sie zus\u00e4tzliche Funktionen von Euroshare, dem von Euroshare the TLD Registrar Solutions Ltd. entwickelten Euroshare-Premium-Konto, nutzen und sich von den flexiblen Abonnements und Funktionen inspirieren lassen.<\/p>\n\n\n\n<h2>Einf\u00fchrung des Euroshare-Premiumkontos<\/h2>\n\n\n\n<p>Euroshare Premium Account ist vollgepackt mit Funktionen und Merkmalen. Im Folgenden werden die Gr\u00fcnde aufgez\u00e4hlt, warum Euroshare von vielen Nutzern auf der ganzen Welt geliebt wird.<\/p>\n\n\n\n<ol><li>Sofortiges Herunterladen von Dateien ohne Wartezeit.<\/li><li> Frei von l\u00e4stiger Werbung.<\/li><li> Unterst\u00fctzt unbegrenztes gleichzeitiges Herunterladen.<\/li><li> Bietet unbegrenzte Download-Geschwindigkeiten.<\/li><li> Unterst\u00fctzt Download-Manager von Drittanbietern.<\/li><li> Bietet UNBEGRENZTEN CLOUD-SPEICHER.<\/li><li> Dateien werden f\u00fcr immer sicher und gesch\u00fctzt aufbewahrt.<\/li><li> Keine Download-Quote pro Tag.<\/li><li> Sehr erschwinglich und zug\u00e4nglich.<\/li><li> Benutzerinformationen werden gesichert und bis zum Maximum verschl\u00fcsselt.<\/li><\/ol>\n\n\n\n<p>Sie k\u00f6nnen mit unseren verschiedenen erschwinglichen und flexiblen Zahlungsoptionen unten w\u00e4hlen.<\/p>\n\n\n\n<p>Tabelle 1. Euroshare-Premiumkonto erschwingliche und flexible Zahlungsoptionen<\/p>\n\n\n<a class=\"maxbutton-2 maxbutton maxbutton-cta\" target=\"_blank\" rel=\"nofollow noopener\" href=\"\/go\/\"><span class='mb-text'>&gt;&gt; Gehen Sie zur Original Linkifier Website<\/span><\/a>\n\n\n<p><\/p>\n\n\n\n<p><strong>Arten von Euroshare-Premiumkonten<\/strong><\/p>\n\n\n\n<figure class=\"wp-block-table\"><table><tbody><tr><td>Besonderheiten des Merkmals<\/td><td>Euroshare-Pr\u00e4mienkonto f\u00fcr 7 Tage<\/td><td>Euroshare-Pr\u00e4mienkonto f\u00fcr1 Monat<\/td><td>Euroshare-Pr\u00e4mienkonto f\u00fcr 3 Monate<\/td><td>Euroshare-Pr\u00e4mienkonto f\u00fcr 6 Monate<\/td><td>Euroshare-Pr\u00e4mienkonto f\u00fcr1 Jahr<\/td><\/tr><tr><td>Gesamtzahlungsbetrag (Total Payment Amount)<\/td><td>\u20ac 1,00 EUR<\/td><td>\u20ac 3,50 EUR<\/td><td>\u20ac 8,00 EUR<\/td><td>\u20ac 16,00 EUR<\/td><td>\u20ac 31,00 EUR<\/td><\/tr><tr><td>Gesamtzahlung pro Tag<\/td><td>\u20ac 0,14 EUR pro Tag<\/td><td>\u20ac 0,11 EUR pro Tag<\/td><td>\u20ac 0,09 EUR pro Tag<\/td><td>\u20ac 0,09 EUR pro Tag<\/td><td>\u20ac 0,08 EUR pro Tag<\/td><\/tr><tr><td>Zahlungssicherheit und Datenschutz<\/td><td>Verschl\u00fcsselte Zahlungsverarbeitung (DMCA-konform)<\/td><td>Verschl\u00fcsselte Zahlungsverarbeitung (DMCA-konform)<\/td><td>Verschl\u00fcsselte Zahlungsverarbeitung (DMCA-konform)<\/td><td>Verschl\u00fcsselte Zahlungsverarbeitung (DMCA-konform)<\/td><td>Verschl\u00fcsselte Zahlungsverarbeitung (DMCA-konform)<\/td><\/tr><tr><td>Zahlungstr\u00e4ger<\/td><td>MasterCard, Visa, Amex und Discover<\/td><td>MasterCard, Visa, Amex und Discover<\/td><td>MasterCard, Visa, Amex und Discover<\/td><td>MasterCard, Visa, Amex und Discover<\/td><td>MasterCard, Visa, Amex und Discover<\/td><\/tr><\/tbody><\/table><\/figure>\n\n\n\n<p>Wie Sie sehen, verf\u00fcgt das Euroshare Premium-Konto \u00fcber flexible und erschwingliche Kontoarten:<\/p>\n\n\n\n<ul><li>Sie k\u00f6nnen w\u00e4hlen, ob Sie f\u00fcr \u20ac 1,00 EUR bezahlen m\u00f6chten, um ein Pr\u00e4mienkonto f\u00fcr 7 Tage zu haben, das nur \u20ac 0,14 EUR pro Tag kostet; oder die<\/li><li> \u20ac 3,50 EUR, um ein Pr\u00e4mienkonto f\u00fcr 1 Monat zu haben, das nur \u20ac 0,11 EUR pro Tag kostet; oder die<\/li><li> \u20ac 8,00 EUR, um ein Pr\u00e4mienkonto f\u00fcr 3 Monate zu haben, das nur \u20ac 0,09 EUR pro Tag betr\u00e4gt; oder die<\/li><li> \u20ac 16,00 EUR, um ein Pr\u00e4mienkonto f\u00fcr 6 Monate zu haben, das auch nur \u20ac 0,09 EUR pro Tag betr\u00e4gt; oder schlie\u00dflich,<\/li><li> w\u00e4hlen Sie unsere flexibelste und erschwinglichste Option, mit dem Gesamtzahlungsbetrag von \u20ac 31,00 EUR k\u00f6nnen Sie unser Euroshare-Premiumkonto f\u00fcr 1 Jahr nutzen, dieser Betrag kostet nur \u20ac 0,08 EUR pro Tag.<\/li><\/ul>\n\n\n\n<figure class=\"wp-block-image\"><img src=\"https:\/\/lh6.googleusercontent.com\/-eGmRLsaVSpY0sp0uKekyQmuK5N50RBKx9r4stFdK_IoXfkEElkVdBq1R7pEW4fXaK3QZt3WCd1fXbEz9QXN4jbO_krYpIzXgzSNol4RnFvAb9ALbOf-KkdeWLTsaor-Wlo94KM\" alt=\"Transmit Your Payments Through our Partners\"\/><\/figure>\n\n\n\n<p>\u00dcbermitteln Sie Ihre Zahlungen \u00fcber unsere Partner<\/p>\n\n\n\n<p>Sie k\u00f6nnen Ihre Anmeldegeb\u00fchren problemlos \u00fcber unsere <a rel=\"noreferrer noopener\" aria-label=\"Partner  (opens in a new tab)\" href=\"http:\/\/www.wisegeek.net\/what-is-a-financial-services-corporation.htm\" target=\"_blank\">Partner <\/a>\u00fcberweisen: MasterCard, Visa, Amex und Discover. Dar\u00fcber hinaus verf\u00fcgen alle Premium-Accounts \u00fcber einen <a rel=\"noreferrer noopener\" aria-label=\"Sicherheits (opens in a new tab)\" href=\"https:\/\/computersciencewiki.org\/index.php\/Client-side_scripting_and_server-side_scripting\" target=\"_blank\">Sicherheits<\/a>&#8211; und Datenschutz mit verschl\u00fcsselter Zahlungsabwicklung, die DMCA-konform ist. Dies sind die Verfassungen, die konkurrierende Cloud-Storage-Anbieter neidisch auf die Euroshare-Plattform machen.<\/p>\n\n\n\n<h2>Schlussbemerkungen zu Euroshare Cloud Storage<\/h2>\n\n\n\n<p>Sie bietet eine Vielzahl von Merkmalen und Funktionalit\u00e4ten sowie erschwingliche und zug\u00e4ngliche Zahlungskontotypen. Die TLD Registrar Solutions Ltd. wird durch ihre Leiter, Computeringenieure und Softwareprogrammierexperten weiterhin Wege finden, unsere Plattform kontinuierlich weiterzuentwickeln, um f\u00fcr immer den besten Platz f\u00fcr Ihre digitalen Besitzt\u00fcmer zu bieten.<\/p>\n\n\n\n<h2>H\u00e4ufig gestellte Fragen zu Euroshare (FAQs)<\/h2>\n\n\n\n<h3>Gibt es einen Euroshare Cloud Storage-Kundensupport, den ich anrufen kann?<\/h3>\n\n\n\n<p>Das Management von Euroshare hat einen Kundenbetreuer (CSR), den Sie \u00fcber contact@euroshare.eu kontaktieren k\u00f6nnen.<\/p>\n\n\n\n<h3> Wer hat die Euroshare-Plattform entwickelt?<\/h3>\n\n\n\n<p>Der Euroshare-Wolkenspeicher wird von den Softwareingenieuren und Computerprogrammierexperten unter der TLD Registrar Solutions Ltd. am 27. M\u00e4rz 2015 entwickelt.<\/p>\n\n\n\n<h3> Kann ich den Euroshare-Wolkenspeicher f\u00fcr immer nutzen?<\/h3>\n\n\n\n<p>Wir gew\u00e4hrleisten die Sicherheit und den Schutz all Ihrer Dateien in der Euroshare-Datenbank f\u00fcr immer, da wir unsere Plattform mit den neuesten Technologien in der Programmierung und Softwaretechnik verst\u00e4rkt haben.<\/p>\n\n\n\n<h3> Wo kann ich f\u00fcr ein Upgrade auf ein Euroshare-Premium-Konto bezahlen?<\/h3>\n\n\n\n<p>Sie k\u00f6nnen \u00fcber unsere Partner weltweit per Fernzahlung \u00fcber MasterCard, Visa, Amex und Discover<\/p>\n\n\n\n<h3> Bietet Euroshare ein kostenloses Konto an?<\/h3>\n\n\n\n<p>Ja, sobald Sie Ihr Konto best\u00e4tigen, sind Sie bereits Inhaber eines kostenlosen Euroshare-Kontos, das Ihnen eine Vielzahl von Funktionen und bessere Eigenschaften bietet, insbesondere den unbegrenzten Cloud-Speicherplatz, den Sie genie\u00dfen k\u00f6nnen.<\/p>\n\n\n<a class=\"maxbutton-2 maxbutton maxbutton-cta\" target=\"_blank\" rel=\"nofollow noopener\" href=\"\/go\/\"><span class='mb-text'>&gt;&gt; Gehen Sie zur Original Linkifier Website<\/span><\/a>\n\n\n<p><\/p>\n","protected":false},"excerpt":{"rendered":"<p>Es sind so viele Anbieter von Cloud-Storage online. Angepasst an unser heutiges digitales Zeitalter wurden digitale R\u00e4ume auch im World<\/p>\n","protected":false},"author":2,"featured_media":0,"parent":0,"menu_order":0,"comment_status":"closed","ping_status":"closed","template":"","meta":[],"yoast_head":"<!-- This site is optimized with the Yoast SEO plugin v18.3 - https:\/\/yoast.com\/wordpress\/plugins\/seo\/ -->\n<title>Euroshare Premium Konto: Der Filehoster Auf Einen Blick<\/title>\n<meta name=\"description\" content=\"Ist Euroshare ein seri\u00f6ser Anbieter oder nicht, finden Sie die Antwort im aktuellen Test auf Multihoster.org \u279c Klicken Sie jetzt \u271a und lesen Sie unsere Erfahrungen!\" \/>\n<meta name=\"robots\" content=\"index, follow, max-snippet:-1, max-image-preview:large, max-video-preview:-1\" \/>\n<link rel=\"canonical\" href=\"https:\/\/multihoster.org\/de\/euroshare\/\" \/>\n<meta property=\"og:locale\" content=\"de_DE\" \/>\n<meta property=\"og:type\" content=\"article\" \/>\n<meta property=\"og:title\" content=\"Euroshare Premium Konto: Der Filehoster Auf Einen Blick\" \/>\n<meta property=\"og:description\" content=\"Ist Euroshare ein seri\u00f6ser Anbieter oder nicht, finden Sie die Antwort im aktuellen Test auf Multihoster.org \u279c Klicken Sie jetzt \u271a und lesen Sie unsere Erfahrungen!\" \/>\n<meta property=\"og:url\" content=\"https:\/\/multihoster.org\/de\/euroshare\/\" \/>\n<meta property=\"og:site_name\" content=\"Multihoster.org\" \/>\n<meta property=\"article:modified_time\" content=\"2020-06-01T12:45:06+00:00\" \/>\n<meta property=\"og:image\" content=\"https:\/\/lh3.googleusercontent.com\/VTnQu4OZ5FfXOlm95g35ntT2Gy6rVpChgvrLZpofPjotisXKCmjPxuOhFnzYLbxvWldiEqYE1H9_4zeRXqacKhgLrV_b7VfwHvfOODlsjx9ZA43TuT7O1b_Km1VX8LKzEVBnARo\" \/>\n<meta name=\"twitter:card\" content=\"summary\" \/>\n<meta name=\"twitter:label1\" content=\"Gesch\u00e4tzte Lesezeit\" \/>\n\t<meta name=\"twitter:data1\" content=\"7\u00a0Minuten\" \/>\n<script type=\"application\/ld+json\" class=\"yoast-schema-graph\">{\"@context\":\"https:\/\/schema.org\",\"@graph\":[{\"@type\":\"WebSite\",\"@id\":\"https:\/\/multihoster.org\/#website\",\"url\":\"https:\/\/multihoster.org\/\",\"name\":\"Multihoster.org\",\"description\":\"Reviews of the major Filehosting services\",\"potentialAction\":[{\"@type\":\"SearchAction\",\"target\":{\"@type\":\"EntryPoint\",\"urlTemplate\":\"https:\/\/multihoster.org\/?s={search_term_string}\"},\"query-input\":\"required name=search_term_string\"}],\"inLanguage\":\"de\"},{\"@type\":\"ImageObject\",\"@id\":\"https:\/\/multihoster.org\/de\/euroshare\/#primaryimage\",\"inLanguage\":\"de\",\"url\":\"https:\/\/lh3.googleusercontent.com\/VTnQu4OZ5FfXOlm95g35ntT2Gy6rVpChgvrLZpofPjotisXKCmjPxuOhFnzYLbxvWldiEqYE1H9_4zeRXqacKhgLrV_b7VfwHvfOODlsjx9ZA43TuT7O1b_Km1VX8LKzEVBnARo\",\"contentUrl\":\"https:\/\/lh3.googleusercontent.com\/VTnQu4OZ5FfXOlm95g35ntT2Gy6rVpChgvrLZpofPjotisXKCmjPxuOhFnzYLbxvWldiEqYE1H9_4zeRXqacKhgLrV_b7VfwHvfOODlsjx9ZA43TuT7O1b_Km1VX8LKzEVBnARo\"},{\"@type\":\"WebPage\",\"@id\":\"https:\/\/multihoster.org\/de\/euroshare\/#webpage\",\"url\":\"https:\/\/multihoster.org\/de\/euroshare\/\",\"name\":\"Euroshare Premium Konto: Der Filehoster Auf Einen Blick\",\"isPartOf\":{\"@id\":\"https:\/\/multihoster.org\/#website\"},\"primaryImageOfPage\":{\"@id\":\"https:\/\/multihoster.org\/de\/euroshare\/#primaryimage\"},\"datePublished\":\"2020-04-17T14:05:21+00:00\",\"dateModified\":\"2020-06-01T12:45:06+00:00\",\"description\":\"Ist Euroshare ein seri\u00f6ser Anbieter oder nicht, finden Sie die Antwort im aktuellen Test auf Multihoster.org \u279c Klicken Sie jetzt \u271a und lesen Sie unsere Erfahrungen!\",\"breadcrumb\":{\"@id\":\"https:\/\/multihoster.org\/de\/euroshare\/#breadcrumb\"},\"inLanguage\":\"de\",\"potentialAction\":[{\"@type\":\"ReadAction\",\"target\":[\"https:\/\/multihoster.org\/de\/euroshare\/\"]}]},{\"@type\":\"BreadcrumbList\",\"@id\":\"https:\/\/multihoster.org\/de\/euroshare\/#breadcrumb\",\"itemListElement\":[{\"@type\":\"ListItem\",\"position\":1,\"name\":\"Startseite\",\"item\":\"https:\/\/multihoster.org\/de\/\"},{\"@type\":\"ListItem\",\"position\":2,\"name\":\"Euroshare Premium Konto: Der Filehoster Auf Einen Blick\"}]}]}<\/script>\n<!-- \/ Yoast SEO plugin. -->","yoast_head_json":{"title":"Euroshare Premium Konto: Der Filehoster Auf Einen Blick","description":"Ist Euroshare ein seri\u00f6ser Anbieter oder nicht, finden Sie die Antwort im aktuellen Test auf Multihoster.org \u279c Klicken Sie jetzt \u271a und lesen Sie unsere Erfahrungen!","robots":{"index":"index","follow":"follow","max-snippet":"max-snippet:-1","max-image-preview":"max-image-preview:large","max-video-preview":"max-video-preview:-1"},"canonical":"https:\/\/multihoster.org\/de\/euroshare\/","og_locale":"de_DE","og_type":"article","og_title":"Euroshare Premium Konto: Der Filehoster Auf Einen Blick","og_description":"Ist Euroshare ein seri\u00f6ser Anbieter oder nicht, finden Sie die Antwort im aktuellen Test auf Multihoster.org \u279c Klicken Sie jetzt \u271a und lesen Sie unsere Erfahrungen!","og_url":"https:\/\/multihoster.org\/de\/euroshare\/","og_site_name":"Multihoster.org","article_modified_time":"2020-06-01T12:45:06+00:00","og_image":[{"url":"https:\/\/lh3.googleusercontent.com\/VTnQu4OZ5FfXOlm95g35ntT2Gy6rVpChgvrLZpofPjotisXKCmjPxuOhFnzYLbxvWldiEqYE1H9_4zeRXqacKhgLrV_b7VfwHvfOODlsjx9ZA43TuT7O1b_Km1VX8LKzEVBnARo"}],"twitter_card":"summary","twitter_misc":{"Gesch\u00e4tzte Lesezeit":"7\u00a0Minuten"},"schema":{"@context":"https:\/\/schema.org","@graph":[{"@type":"WebSite","@id":"https:\/\/multihoster.org\/#website","url":"https:\/\/multihoster.org\/","name":"Multihoster.org","description":"Reviews of the major Filehosting services","potentialAction":[{"@type":"SearchAction","target":{"@type":"EntryPoint","urlTemplate":"https:\/\/multihoster.org\/?s={search_term_string}"},"query-input":"required name=search_term_string"}],"inLanguage":"de"},{"@type":"ImageObject","@id":"https:\/\/multihoster.org\/de\/euroshare\/#primaryimage","inLanguage":"de","url":"https:\/\/lh3.googleusercontent.com\/VTnQu4OZ5FfXOlm95g35ntT2Gy6rVpChgvrLZpofPjotisXKCmjPxuOhFnzYLbxvWldiEqYE1H9_4zeRXqacKhgLrV_b7VfwHvfOODlsjx9ZA43TuT7O1b_Km1VX8LKzEVBnARo","contentUrl":"https:\/\/lh3.googleusercontent.com\/VTnQu4OZ5FfXOlm95g35ntT2Gy6rVpChgvrLZpofPjotisXKCmjPxuOhFnzYLbxvWldiEqYE1H9_4zeRXqacKhgLrV_b7VfwHvfOODlsjx9ZA43TuT7O1b_Km1VX8LKzEVBnARo"},{"@type":"WebPage","@id":"https:\/\/multihoster.org\/de\/euroshare\/#webpage","url":"https:\/\/multihoster.org\/de\/euroshare\/","name":"Euroshare Premium Konto: Der Filehoster Auf Einen Blick","isPartOf":{"@id":"https:\/\/multihoster.org\/#website"},"primaryImageOfPage":{"@id":"https:\/\/multihoster.org\/de\/euroshare\/#primaryimage"},"datePublished":"2020-04-17T14:05:21+00:00","dateModified":"2020-06-01T12:45:06+00:00","description":"Ist Euroshare ein seri\u00f6ser Anbieter oder nicht, finden Sie die Antwort im aktuellen Test auf Multihoster.org \u279c Klicken Sie jetzt \u271a und lesen Sie unsere Erfahrungen!","breadcrumb":{"@id":"https:\/\/multihoster.org\/de\/euroshare\/#breadcrumb"},"inLanguage":"de","potentialAction":[{"@type":"ReadAction","target":["https:\/\/multihoster.org\/de\/euroshare\/"]}]},{"@type":"BreadcrumbList","@id":"https:\/\/multihoster.org\/de\/euroshare\/#breadcrumb","itemListElement":[{"@type":"ListItem","position":1,"name":"Startseite","item":"https:\/\/multihoster.org\/de\/"},{"@type":"ListItem","position":2,"name":"Euroshare Premium Konto: Der Filehoster Auf Einen Blick"}]}]}},"_links":{"self":[{"href":"https:\/\/multihoster.org\/de\/wp-json\/wp\/v2\/pages\/3972"}],"collection":[{"href":"https:\/\/multihoster.org\/de\/wp-json\/wp\/v2\/pages"}],"about":[{"href":"https:\/\/multihoster.org\/de\/wp-json\/wp\/v2\/types\/page"}],"author":[{"embeddable":true,"href":"https:\/\/multihoster.org\/de\/wp-json\/wp\/v2\/users\/2"}],"replies":[{"embeddable":true,"href":"https:\/\/multihoster.org\/de\/wp-json\/wp\/v2\/comments?post=3972"}],"version-history":[{"count":3,"href":"https:\/\/multihoster.org\/de\/wp-json\/wp\/v2\/pages\/3972\/revisions"}],"predecessor-version":[{"id":4660,"href":"https:\/\/multihoster.org\/de\/wp-json\/wp\/v2\/pages\/3972\/revisions\/4660"}],"wp:attachment":[{"href":"https:\/\/multihoster.org\/de\/wp-json\/wp\/v2\/media?parent=3972"}],"curies":[{"name":"wp","href":"https:\/\/api.w.org\/{rel}","templated":true}]}}