{"id":4013,"date":"2020-04-20T09:20:34","date_gmt":"2020-04-20T09:20:34","guid":{"rendered":"https:\/\/multihoster.org\/worldbytez\/"},"modified":"2020-04-20T12:15:26","modified_gmt":"2020-04-20T12:15:26","slug":"worldbytez","status":"publish","type":"page","link":"https:\/\/multihoster.org\/de\/worldbytez\/","title":{"rendered":"Worldbytez Premium Konto: Der Filehoster Auf Einen Blick"},"content":{"rendered":"\n<figure class=\"wp-block-image\"><img src=\"https:\/\/lh3.googleusercontent.com\/ZwKTn0qxlK9t2UpSPpApEe5RhukrV4XOwXWiMt7O2uS0uv62mqTWd7VBNkqdXw4yWEDJzMqcFq0fT2OOMQqR42ZbpbcLCdrawC7hLUuslDrahfg4QkcU5hu6ewz3tARyzoY346g\" alt=\"Worldbytez logo\"\/><\/figure>\n\n\n\n<p>Worldbytez ist einer jener Datei-Hosting-Provider, die Speicherplatz oder ein Backup per Fernzugriff oder online anbieten. Er unterst\u00fctzt das Hochladen, Teilen und Herunterladen von Dateien eines Benutzers oder dessen Kunden. Worldbytez verf\u00fcgt \u00fcber eine Website, die mit den Webbrowsern aller Ger\u00e4te zug\u00e4nglich ist, und \u00fcber eine Softwareversion, die auf den Betriebssystemen Windows, Mac OS X und Linux zug\u00e4nglich ist.<\/p>\n\n\n\n<p>Am 17. Oktober 2019 ver\u00f6ffentlichte und verk\u00fcndete Worldbytez die Nachrichten \u00fcber die Gastnutzer oder nicht registrierten Nutzer ihrer Website. Worldbytez hat ihnen einen sehr guten Service geboten, bei dem sie nun in den Genuss des Herunterladens einer oder mehrerer Dateien mit einer viel schnelleren Geschwindigkeit als bei dem kostenlosen Konto von Worldbytez kommen und sie k\u00f6nnen jede beliebige Datei ohne Geschwindigkeitsbegrenzung herunterladen.<\/p>\n\n\n<a class=\"maxbutton-2 maxbutton maxbutton-cta\" target=\"_blank\" rel=\"nofollow noopener\" href=\"\/go\/\"><span class='mb-text'>&gt;&gt; Gehen Sie zur Original Linkifier Website<\/span><\/a>\n\n\n<p><\/p>\n\n\n\n<h2>Das Cloud-Laufwerk von Worldbytez<\/h2>\n\n\n\n<p>Worldbytez verf\u00fcgt \u00fcber ein Wolkenlaufwerk, auf dem ein Benutzer seine Daten oder Dateien sicher auf dem Server der Wolke speichern kann.<\/p>\n\n\n\n<p>Der Zugriff kann \u00fcber die verschiedenen <a rel=\"noreferrer noopener\" aria-label=\"Betriebssysteme  (opens in a new tab)\" href=\"https:\/\/www.webopedia.com\/TERM\/O\/operating_system.html\" target=\"_blank\">Betriebssysteme <\/a>oder Betriebssysteme eines Ger\u00e4tes wie z.B:<\/p>\n\n\n\n<ul><li>Microsoft Windows<\/li><li>Mac OS X<\/li><li>Linux or Ubuntu<\/li><\/ul>\n\n\n\n<h3>F\u00fcr Benutzer, die Microsoft Windows verwenden<\/h3>\n\n\n\n<ol><li>Ein Benutzer sollte den &#8222;Arbeitsplatz&#8220; seines Ger\u00e4ts \u00f6ffnen.<\/li><li> Suchen Sie das Symbol des &#8222;Netzwerks&#8220;, das sich auf der linken Seite des &#8222;Arbeitsplatzes&#8220; befindet. Klicken Sie dann mit der rechten Maustaste darauf. <\/li><li> Es erscheinen die Optionen f\u00fcr das Netzwerk. W\u00e4hlen Sie dann &#8222;Netzlaufwerk zuordnen&#8220; und klicken Sie darauf.<\/li><li> Geben Sie den Worldbytez-URL-Link &#8222;https:\/\/worldbytez.com\/webdav\/&#8220; ein.<\/li><li> Das Worldbytez-Cloud-Laufwerk wird angezeigt. Nun sollte ein Benutzer sein Benutzerkonto und sein Passwort in Worldbytez eingeben, um sich anzumelden.<\/li><\/ol>\n\n\n\n<h3>F\u00fcr Benutzer, die Mac OS X verwenden<\/h3>\n\n\n\n<ol><li>Ein Benutzer muss zum &#8222;Finder&#8220; seines Mac OS X-Ger\u00e4ts gehen.<\/li><li> W\u00e4hlen und klicken Sie auf &#8222;Mit Server verbinden&#8220;.<\/li><li> Geben Sie den Worldbytez-URL-Link &#8222;https:\/\/worldbytez.com\/webdav\/&#8220; ein.<\/li><li> Das Worldbytez-Cloud-Laufwerk wird angezeigt. Nun sollte ein Benutzer seinen Benutzer-Account und sein Passwort in Worldbytez eingeben, um sich anzumelden.<\/li><\/ol>\n\n\n\n<h3>F\u00fcr Benutzer, die Linux oder Ubuntu verwenden<\/h3>\n\n\n\n<ol><li>Ein Benutzer muss sich an den Dateimanager seines Linux-Ger\u00e4tes wenden. <\/li><li> Gehen Sie in die Men\u00fcleiste und klicken Sie auf &#8222;Dateien&#8220;.<\/li><li> W\u00e4hlen Sie und klicken Sie auf &#8222;Mit Server verbinden&#8220;.<\/li><li> Geben Sie den Worldbytez-<a href=\"https:\/\/www.webopedia.com\/TERM\/U\/URL.html\" target=\"_blank\" rel=\"noreferrer noopener\" aria-label=\"URL (opens in a new tab)\">URL<\/a>-Link &#8222;https:\/\/worldbytez.com\/webdav\/&#8220; ein.<\/li><li> Das Cloud-Laufwerk des Worldbytez wird angezeigt. Nun sollte ein Benutzer sein Benutzerkonto und sein Passwort in Worldbytez eingeben, um sich anzumelden.<\/li><\/ol>\n\n\n\n<h2>Die Werkzeuge von Worldbytez<\/h2>\n\n\n\n<p>Worldbytez unterst\u00fctzt Desktop- und Mobilger\u00e4te mit den Betriebssystemen Windows, Mac OS X und Android. Sie haben die Software von Worldbytez entwickelt, so dass ein Benutzer sie einfach herunterladen und auf ihren Ger\u00e4ten darauf zugreifen kann.<\/p>\n\n\n\n<p>F\u00fcr Desktop-Ger\u00e4te (F\u00fcr Windows und Mac OS X):<\/p>\n\n\n\n<p>\u2713 Es unterst\u00fctzt den Upload f\u00fcr den FTP und den Multi-Threaded.<br> \u2713 Es unterst\u00fctzt den HTTP-Proxy.<br> \u2713 Es verf\u00fcgt \u00fcber eine Funktion zur Verwaltung der Dateien, z.B. zum Hochladen, Umbenennen und L\u00f6schen von Dateien.<br> \u2713 Es kann den Inhalt des Ordners kopieren.<\/p>\n\n\n\n<p>F\u00fcr Android-Ger\u00e4te:<\/p>\n\n\n\n<p>\u2713 Es unterst\u00fctzt den Upload f\u00fcr die Multi-Threaded.<br> \u2713 Es verf\u00fcgt \u00fcber Dateimanager.<br> \u2713 Es verf\u00fcgt \u00fcber eine Funktion zum Verwalten der Dateien, z.B. zum Hochladen, Durchsuchen, Kopieren, L\u00f6schen und Verschieben von Dateien.<\/p>\n\n\n\n<h2>Download-Manager f\u00fcr Worldbytez<\/h2>\n\n\n\n<p>Worldbytez empfiehlt immer, dass ein Benutzer einen Download-Manager wie den Internet-Download-Manager oder IDM und den JDownloader verwenden muss, da die Server der Worldbytez-Website perfekt f\u00fcr das Herunterladen einer Datei mit diesen Download-Managern funktionieren, aber ein Benutzer kann auch andere Download-Manager verwenden, die er oder sie gewohnt ist.<\/p>\n\n\n\n<p>Link von Worldbytez l\u00f6schen<\/p>\n\n\n\n<p>Ein Benutzer kann eine oder mehrere Dateien l\u00f6schen, die er auf die Worldbytez-Website hochgeladen hat. Worldbytez stellt immer einen &#8222;L\u00f6sch-Link&#8220; zur Verf\u00fcgung, nachdem ein Benutzer eine Datei hochgeladen hat, so dass er eine Datei mit nur einem Klick l\u00f6schen kann. Wenn ein Benutzer den L\u00f6schlink f\u00fcr eine Datei verloren hat, kann er einfach bis zum Ablaufdatum einer Datei warten. Das Worldbytez-System ist dann daf\u00fcr verantwortlich, die Datei(en) des Benutzers automatisch von seiner Website, seinen Datenbanken und Servern zu l\u00f6schen.<\/p>\n\n\n\n<h2>Worldbytez Premium Account-Pl\u00e4ne<\/h2>\n\n\n\n<figure class=\"wp-block-table\"><table class=\"\"><tbody><tr><td>Die Anzahl der Premium-Tage:<\/td><td>60<\/td><td>100<\/td><td>180<\/td><td>365<\/td><td>750<\/td><\/tr><tr><td>Preise:<\/td><td>18,00 Euro<\/td><td>22,00 Euros<\/td><td>36,00 Euros<\/td><td>60,00 Euros<\/td><td>90,00 Euros<\/td><\/tr><tr><td>Keine Wartezeit:<\/td><td>\u2713<\/td><td>\u2713<\/td><td>\u2713<\/td><td>\u2713<\/td><td>\u2713<\/td><\/tr><tr><td>Keine CAPTCHAs:<\/td><td>\u2713<\/td><td>\u2713<\/td><td>\u2713<\/td><td>\u2713<\/td><td>\u2713<\/td><\/tr><\/tbody><\/table><\/figure>\n\n\n\n<figure class=\"wp-block-table\"><table class=\"\"><tbody><tr><td>Ein Benutzer kann mit den folgenden Zahlungsmethoden bezahlen: Worldbytez-Wiederverk\u00e4ufer, PayPal, Visa, MasterCard, American Express, Discover, Paysafecard, VivaPayments, Bitcoin oder Altcoin Krypto-W\u00e4hrung, Economy und Emedia.<\/td><\/tr><\/tbody><\/table><\/figure>\n\n\n\n<p><strong>Worldbytez Premium-Verkehrspl\u00e4ne<\/strong><\/p>\n\n\n\n<figure class=\"wp-block-table\"><table class=\"\"><tbody><tr><td>Speichergr\u00f6\u00dfe:<\/td><td>4048 Gigabyte<\/td><td>8200  Gigabyte <\/td><td>30500  Gigabyte <\/td><td>50500  Gigabyte <\/td><td>Keine Grenzen<\/td><\/tr><tr><td>Preise:<\/td><td>\u20ac 4.99<\/td><td>\u20ac&nbsp; 7.99<\/td><td>\u20ac&nbsp; 19.99<\/td><td>\u20ac&nbsp; 39.99<\/td><td>\u20ac&nbsp; 79.99<\/td><\/tr><\/tbody><\/table><\/figure>\n\n\n\n<figure class=\"wp-block-table\"><table class=\"\"><tbody><tr><td>Ein Benutzer kann mit den folgenden Zahlungsmethoden bezahlen: Visa, MasterCard, American Express, Discover, Bitcoin oder Altcoin.<\/td><\/tr><\/tbody><\/table><\/figure>\n\n\n<a class=\"maxbutton-2 maxbutton maxbutton-cta\" target=\"_blank\" rel=\"nofollow noopener\" href=\"\/go\/\"><span class='mb-text'>&gt;&gt; Gehen Sie zur Original Linkifier Website<\/span><\/a>\n\n\n<p><\/p>\n\n\n\n<h3>Der Aktivierungsprozess des WorldBytez-Premium-Kontos<\/h3>\n\n\n\n<p>Nachdem ein Benutzer den Worldbytez Premium Account Plan erworben hat, sollte er oder sie mit der Aktivierung des Dienstes fortfahren. Um den Dienst des Premium-Kontos zu aktivieren, muss er einen Aktivierungsschl\u00fcssel oder -code f\u00fcr das Worldbytez Premium-Konto besitzen.  Der Aktivierungsschl\u00fcssel oder -code kann bei den offiziellen Wiederverk\u00e4ufern von Worldbytez erworben werden. <\/p>\n\n\n\n<p>Wenn ein Benutzer bereits \u00fcber einen Aktivierungsschl\u00fcsselcode f\u00fcr das Worldbytez-Premium-Konto verf\u00fcgt, sollte er oder sie die folgenden Anweisungen befolgen:<\/p>\n\n\n\n<ol><li>Ein Benutzer muss sich zun\u00e4chst in sein Konto auf der WorldBytez-Anmeldeseite (https:\/\/worldbytez.com\/login.html) einloggen, oder wenn er noch kein Konto hat, dann gehen Sie bitte auf die Registrierungsseite der Worldbytez-Website (https:\/\/worldbytez.com\/register.html), um ein Konto zu erstellen. <\/li><li> Nachdem sich ein Benutzer mit seinem Konto auf der Worldbytez-Website angemeldet hat. Fahren Sie mit der Seite &#8222;Mein Konto&#8220; von Worldbytez (https:\/\/worldbytez.com\/?op=my_account) fort.<\/li><li> Suchen Sie das Feld &#8222;Premium-Schl\u00fcssel anwenden&#8220;, um den Aktivierungsschl\u00fcssel oder Code des Worldbytez-Premium-Kontos einzugeben. <\/li><li> Die Schaltfl\u00e4che &#8222;Anwenden&#8220; muss immer angeklickt werden, um den Aktivierungsschl\u00fcssel oder -code auf das zu aktivierende Konto des Benutzers anzuwenden. Wenn das Konto aktiviert ist, kann ein Benutzer nun die Funktionen und Dienste des Premium-Kontos von theWorldbytez in Anspruch nehmen.<\/li><\/ol>\n\n\n\n<p><strong>Wie kann ein Benutzer einen Aktivierungscode oder einen Gutscheincode f\u00fcr das Worldbytez Premium-Konto erhalten?<\/strong><\/p>\n\n\n\n<p>Ein Benutzer kann einen Aktivierungscode oder <a rel=\"noreferrer noopener\" aria-label=\"Gutscheincode  (opens in a new tab)\" href=\"https:\/\/dictionary.cambridge.org\/us\/dictionary\/english\/voucher\" target=\"_blank\">Gutscheincode <\/a>f\u00fcr das Worldbytez-Premium-Konto bei einem der offiziellen Wiederverk\u00e4ufer von Worldbytez kaufen. Um zu kaufen, folgen Sie einfach den untenstehenden Anweisungen:<\/p>\n\n\n\n<p>1. Ein Benutzer muss auf die Websites gehen, auf denen es offizielle Wiederverk\u00e4ufer von Worldbytez gibt.<\/p>\n\n\n\n<p>2. Ein Benutzer kann nach einem Gutscheincode wie auf dem Beispielbild unten suchen. Einen solchen Code finden Sie auf den Websites der offiziellen Worldbytez-Wiederverk\u00e4ufer.<\/p>\n\n\n\n<figure class=\"wp-block-image\"><img src=\"https:\/\/lh4.googleusercontent.com\/x9dESrr048atR0TPpugQH3ZgMa-Ja5VQXFe9gbPC3MwNcsle4Vhx4hFofb1OxRqIS-b5D2JoIww8RI5LRaLBA7uRfwEGXEExiqlgnJUwQBda78wmt2mUJx8nSlE8eBFYEo54qvE\" alt=\"sample voucher code\"\/><\/figure>\n\n\n\n<p>3. Holen Sie sich den Gutscheincode von den Wiederverk\u00e4ufern oder ein Benutzer kann sie \u00fcber den von den Wiederverk\u00e4ufern auf der Website angegebenen Kontakt erreichen.<\/p>\n\n\n\n<p>Wenn ein Benutzer beim Kauf eines Aktivierungscodes oder eines Gutscheincodes auf Probleme st\u00f6\u00dft, sollte er oder sie sich bitte an den Wiederverk\u00e4ufer von Worldbytez oder \u00fcber die Kontaktseite auf ihrer Website (https:\/\/worldbytez.com\/contact.html) oder \u00fcber ihre E-Mail an info.worldbytez@gmail.com wenden.<\/p>\n\n\n\n<h2>Die Wiederverk\u00e4ufer von Worldbytez<\/h2>\n\n\n\n<p>M\u00f6chten Sie einer der Wiederverk\u00e4ufer des Worldbytez-Premium-Kontos und der Worldbytez-Premium-Konto-Aktivierungscodes oder Gutscheincodes werden?<\/p>\n\n\n\n<p>Die Worldbytez-Wiederverk\u00e4ufer k\u00f6nnen die Worldbytez-Premium-Accounts und Worldbytez-Premium-Account-Aktivierungscodes oder Gutscheincodes verkaufen. Die Firma Worldbytez gew\u00e4hrt ihren offiziellen Wiederverk\u00e4ufern einen Rabatt f\u00fcr die Worldbytez-Produkte, die sie online auf dem Markt verkaufen werden. Der anf\u00e4ngliche Betrag des Rabatts, den Worldbytez allen seinen Wiederverk\u00e4ufern gew\u00e4hrt, bel\u00e4uft sich auf zwanzig Prozent (20%) Rabatt.<\/p>\n\n\n\n<p>Manchmal beschlie\u00dft ein Wiederverk\u00e4ufer, einen Preisnachlass auf die Preise der von ihm verkauften Produkte zu gew\u00e4hren, so dass ein Benutzer oder ein Kunde Geld sparen kann, wenn er bei einem Wiederverk\u00e4ufer einkauft. <\/p>\n\n\n\n<p>Wenn ein Benutzer einer der offiziellen Wiederverk\u00e4ufer von Worldbytez werden m\u00f6chte, sollte er oder sie eine E-Mail an Worldbytez an info@worldbytez.com senden, die die folgenden erforderlichen Informationen enth\u00e4lt:<\/p>\n\n\n\n<p>\u2713 Vollst\u00e4ndiger Name des Benutzers<br> \u2713 L\u00e4nderstandort des Benutzers<br> \u2713 An welchem Ort m\u00f6chte er oder sie die Produkte von Worldbytez verkaufen?<br> \u2713 Die Zahlungsmethode, die er oder sie bevorzugt.<br> \u2713 Wie viel kann ein Benutzer jede Woche verkaufen?<br> \u2713 Der Benutzername, den er oder sie f\u00fcr sein oder ihr Reseller-Konto w\u00fcnscht.<br> \u2713 Der Link der Website, auf der ein Benutzer plant, die Produkte von Worldbytez zu verkaufen.<\/p>\n\n\n\n<p>Wenn ein Benutzer dann von Worldbytez als Wiederverk\u00e4ufer zugelassen wird, erh\u00e4lt er eine Best\u00e4tigungsnachricht an seine E-Mail-Adresse mit zus\u00e4tzlichen Informationen von Worldbytez.<\/p>\n\n\n\n<figure class=\"wp-block-table\"><table class=\"\"><tbody><tr><td>Name der Website<\/td><td>Zahlungsmethoden<\/td><\/tr><tr><td> D-keys <\/td><td>\u00dcber MasterCard, elektronische Bank\u00fcberweisung oder telegrafische \u00dcberweisung, VivaWallet, weltweite Kreditkarten, Prepaid-Karten, Debitkarten, Visa und Visa Electron, Maestro und andere<\/td><\/tr><tr><td>Lobi<\/td><td>Per elektronischer Bank\u00fcberweisung oder \u00dcberweisung, Prepaid-Karten, Debitkarten, MasterCard, Maestro, weltweite Kreditkarten, Visa und Visa Electron und andere<\/td><\/tr><tr><td>Digitadiko<\/td><td>\u00dcber Paypal, elektronische Bank\u00fcberweisung oder \u00dcberweisung, Bitcoin oder Altcoin, Bankeinzahlung, Kreditkarten, MasterCard, Visa, Visa Electron, Maestro, American Express, Paysafecard, Payza, Skrill, CashU, Ukash, OKpay, Webmoney, SMS und andere<\/td><\/tr><tr><td>Economy-Shop<\/td><td>\u00dcber Paypal, elektronische Bank\u00fcberweisung, Visa und Visa Electron, Prepaid-Karten, Debitkarten, weltweite Kreditkarten, Maestro, MasterCard und andere<\/td><\/tr><tr><td>EMediaShop<\/td><td>\u00dcber Paypal, elektronische Bank\u00fcberweisung, MasterCard, Prepaid-Karten, Debitkarten, Visa und Visa Electron, weltweite Kreditkarten, Maestro und andere<\/td><\/tr><\/tbody><\/table><\/figure>\n\n\n\n<p>Ein Benutzer kann Worldbytez auch die Zahlungsmethode anbieten, die er oder sie benutzt. Es steht ihm frei, dies \u00fcber die Worldbytez-E-Mail (info.worldbytez@gmail.com) oder die Kontaktseite mitzuteilen.<\/p>\n\n\n\n<p>Ein Benutzer muss immer sicherstellen, dass er seine Daten korrekt und g\u00fcltig eingibt, so dass es keine Probleme gibt, wenn er an Worldbytez bezahlt oder wenn Worldbytez ihn bezahlt.<\/p>\n\n\n\n<p>Wenn ein Benutzer sein Konto-Abonnement f\u00fcr den Worldbytez-Premium-Account-Dienst jederzeit k\u00fcndigen m\u00f6chte, Worldbytez aber den R\u00fcckerstattungsdienst f\u00fcr seine Benutzer oder Kunden vorerst nicht unterst\u00fctzt.<\/p>\n\n\n\n<h3>Informationen \u00fcber die Firma Worldbytez<\/h3>\n\n\n\n<figure class=\"wp-block-table\"><table class=\"\"><tbody><tr><td>Firmenname (offiziell):<\/td><td>Worldbytez LTD<\/td><\/tr><tr><td>Standort Adresse:<\/td><td>Toma Mitov Str. Nr. 18, 1. Stock<\/td><\/tr><tr><td>Land Standort:<\/td><td>Bulgarien<\/td><\/tr><tr><td>Postleitzahl (Stadt):<\/td><td>Bezirk Blagoevgrad,Gemeinde Petritsch,2850<\/td><\/tr><tr><td>Umsatzsteuer-ID (VAT)<\/td><td>204850418<\/td><\/tr><tr><td>Tel. nummer:<\/td><td>+359-877-005-642 (Kontaktieren Sie sie von 12:00 bis 22:00 Uhr)<\/td><\/tr><tr><td>E-Mail hinzuf\u00fcgen:<\/td><td>info.worldbytez@gmail.com<\/td><\/tr><\/tbody><\/table><\/figure>\n\n\n<a class=\"maxbutton-2 maxbutton maxbutton-cta\" target=\"_blank\" rel=\"nofollow noopener\" href=\"\/go\/\"><span class='mb-text'>&gt;&gt; Gehen Sie zur Original Linkifier Website<\/span><\/a>\n\n\n<p><\/p>\n","protected":false},"excerpt":{"rendered":"<p>Worldbytez ist einer jener Datei-Hosting-Provider, die Speicherplatz oder ein Backup per Fernzugriff oder online anbieten. Er unterst\u00fctzt das Hochladen, Teilen<\/p>\n","protected":false},"author":2,"featured_media":0,"parent":0,"menu_order":0,"comment_status":"closed","ping_status":"closed","template":"","meta":[],"yoast_head":"<!-- This site is optimized with the Yoast SEO plugin v18.3 - https:\/\/yoast.com\/wordpress\/plugins\/seo\/ -->\n<title>Worldbytez Premium Konto: Der Filehoster Auf Einen Blick<\/title>\n<meta name=\"description\" content=\"Ist Worldbytez ein seri\u00f6ser Anbieter oder nicht, finden Sie die Antwort im aktuellen Test auf Multihoster.org \u279c. Klicken Sie jetzt \u271a und lesen Sie unsere Erfahrungen!\" \/>\n<meta name=\"robots\" content=\"index, follow, max-snippet:-1, max-image-preview:large, max-video-preview:-1\" \/>\n<link rel=\"canonical\" href=\"https:\/\/multihoster.org\/de\/worldbytez\/\" \/>\n<meta property=\"og:locale\" content=\"de_DE\" \/>\n<meta property=\"og:type\" content=\"article\" \/>\n<meta property=\"og:title\" content=\"Worldbytez Premium Konto: Der Filehoster Auf Einen Blick\" \/>\n<meta property=\"og:description\" content=\"Ist Worldbytez ein seri\u00f6ser Anbieter oder nicht, finden Sie die Antwort im aktuellen Test auf Multihoster.org \u279c. Klicken Sie jetzt \u271a und lesen Sie unsere Erfahrungen!\" \/>\n<meta property=\"og:url\" content=\"https:\/\/multihoster.org\/de\/worldbytez\/\" \/>\n<meta property=\"og:site_name\" content=\"Multihoster.org\" \/>\n<meta property=\"article:modified_time\" content=\"2020-04-20T12:15:26+00:00\" \/>\n<meta property=\"og:image\" content=\"https:\/\/lh3.googleusercontent.com\/ZwKTn0qxlK9t2UpSPpApEe5RhukrV4XOwXWiMt7O2uS0uv62mqTWd7VBNkqdXw4yWEDJzMqcFq0fT2OOMQqR42ZbpbcLCdrawC7hLUuslDrahfg4QkcU5hu6ewz3tARyzoY346g\" \/>\n<meta name=\"twitter:card\" content=\"summary\" \/>\n<meta name=\"twitter:label1\" content=\"Gesch\u00e4tzte Lesezeit\" \/>\n\t<meta name=\"twitter:data1\" content=\"8\u00a0Minuten\" \/>\n<script type=\"application\/ld+json\" class=\"yoast-schema-graph\">{\"@context\":\"https:\/\/schema.org\",\"@graph\":[{\"@type\":\"WebSite\",\"@id\":\"https:\/\/multihoster.org\/#website\",\"url\":\"https:\/\/multihoster.org\/\",\"name\":\"Multihoster.org\",\"description\":\"Reviews of the major Filehosting services\",\"potentialAction\":[{\"@type\":\"SearchAction\",\"target\":{\"@type\":\"EntryPoint\",\"urlTemplate\":\"https:\/\/multihoster.org\/?s={search_term_string}\"},\"query-input\":\"required name=search_term_string\"}],\"inLanguage\":\"de\"},{\"@type\":\"ImageObject\",\"@id\":\"https:\/\/multihoster.org\/de\/worldbytez\/#primaryimage\",\"inLanguage\":\"de\",\"url\":\"https:\/\/lh3.googleusercontent.com\/ZwKTn0qxlK9t2UpSPpApEe5RhukrV4XOwXWiMt7O2uS0uv62mqTWd7VBNkqdXw4yWEDJzMqcFq0fT2OOMQqR42ZbpbcLCdrawC7hLUuslDrahfg4QkcU5hu6ewz3tARyzoY346g\",\"contentUrl\":\"https:\/\/lh3.googleusercontent.com\/ZwKTn0qxlK9t2UpSPpApEe5RhukrV4XOwXWiMt7O2uS0uv62mqTWd7VBNkqdXw4yWEDJzMqcFq0fT2OOMQqR42ZbpbcLCdrawC7hLUuslDrahfg4QkcU5hu6ewz3tARyzoY346g\"},{\"@type\":\"WebPage\",\"@id\":\"https:\/\/multihoster.org\/de\/worldbytez\/#webpage\",\"url\":\"https:\/\/multihoster.org\/de\/worldbytez\/\",\"name\":\"Worldbytez Premium Konto: Der Filehoster Auf Einen Blick\",\"isPartOf\":{\"@id\":\"https:\/\/multihoster.org\/#website\"},\"primaryImageOfPage\":{\"@id\":\"https:\/\/multihoster.org\/de\/worldbytez\/#primaryimage\"},\"datePublished\":\"2020-04-20T09:20:34+00:00\",\"dateModified\":\"2020-04-20T12:15:26+00:00\",\"description\":\"Ist Worldbytez ein seri\u00f6ser Anbieter oder nicht, finden Sie die Antwort im aktuellen Test auf Multihoster.org \u279c. Klicken Sie jetzt \u271a und lesen Sie unsere Erfahrungen!\",\"breadcrumb\":{\"@id\":\"https:\/\/multihoster.org\/de\/worldbytez\/#breadcrumb\"},\"inLanguage\":\"de\",\"potentialAction\":[{\"@type\":\"ReadAction\",\"target\":[\"https:\/\/multihoster.org\/de\/worldbytez\/\"]}]},{\"@type\":\"BreadcrumbList\",\"@id\":\"https:\/\/multihoster.org\/de\/worldbytez\/#breadcrumb\",\"itemListElement\":[{\"@type\":\"ListItem\",\"position\":1,\"name\":\"Startseite\",\"item\":\"https:\/\/multihoster.org\/de\/\"},{\"@type\":\"ListItem\",\"position\":2,\"name\":\"Worldbytez Premium Konto: Der Filehoster Auf Einen Blick\"}]}]}<\/script>\n<!-- \/ Yoast SEO plugin. -->","yoast_head_json":{"title":"Worldbytez Premium Konto: Der Filehoster Auf Einen Blick","description":"Ist Worldbytez ein seri\u00f6ser Anbieter oder nicht, finden Sie die Antwort im aktuellen Test auf Multihoster.org \u279c. Klicken Sie jetzt \u271a und lesen Sie unsere Erfahrungen!","robots":{"index":"index","follow":"follow","max-snippet":"max-snippet:-1","max-image-preview":"max-image-preview:large","max-video-preview":"max-video-preview:-1"},"canonical":"https:\/\/multihoster.org\/de\/worldbytez\/","og_locale":"de_DE","og_type":"article","og_title":"Worldbytez Premium Konto: Der Filehoster Auf Einen Blick","og_description":"Ist Worldbytez ein seri\u00f6ser Anbieter oder nicht, finden Sie die Antwort im aktuellen Test auf Multihoster.org \u279c. Klicken Sie jetzt \u271a und lesen Sie unsere Erfahrungen!","og_url":"https:\/\/multihoster.org\/de\/worldbytez\/","og_site_name":"Multihoster.org","article_modified_time":"2020-04-20T12:15:26+00:00","og_image":[{"url":"https:\/\/lh3.googleusercontent.com\/ZwKTn0qxlK9t2UpSPpApEe5RhukrV4XOwXWiMt7O2uS0uv62mqTWd7VBNkqdXw4yWEDJzMqcFq0fT2OOMQqR42ZbpbcLCdrawC7hLUuslDrahfg4QkcU5hu6ewz3tARyzoY346g"}],"twitter_card":"summary","twitter_misc":{"Gesch\u00e4tzte Lesezeit":"8\u00a0Minuten"},"schema":{"@context":"https:\/\/schema.org","@graph":[{"@type":"WebSite","@id":"https:\/\/multihoster.org\/#website","url":"https:\/\/multihoster.org\/","name":"Multihoster.org","description":"Reviews of the major Filehosting services","potentialAction":[{"@type":"SearchAction","target":{"@type":"EntryPoint","urlTemplate":"https:\/\/multihoster.org\/?s={search_term_string}"},"query-input":"required name=search_term_string"}],"inLanguage":"de"},{"@type":"ImageObject","@id":"https:\/\/multihoster.org\/de\/worldbytez\/#primaryimage","inLanguage":"de","url":"https:\/\/lh3.googleusercontent.com\/ZwKTn0qxlK9t2UpSPpApEe5RhukrV4XOwXWiMt7O2uS0uv62mqTWd7VBNkqdXw4yWEDJzMqcFq0fT2OOMQqR42ZbpbcLCdrawC7hLUuslDrahfg4QkcU5hu6ewz3tARyzoY346g","contentUrl":"https:\/\/lh3.googleusercontent.com\/ZwKTn0qxlK9t2UpSPpApEe5RhukrV4XOwXWiMt7O2uS0uv62mqTWd7VBNkqdXw4yWEDJzMqcFq0fT2OOMQqR42ZbpbcLCdrawC7hLUuslDrahfg4QkcU5hu6ewz3tARyzoY346g"},{"@type":"WebPage","@id":"https:\/\/multihoster.org\/de\/worldbytez\/#webpage","url":"https:\/\/multihoster.org\/de\/worldbytez\/","name":"Worldbytez Premium Konto: Der Filehoster Auf Einen Blick","isPartOf":{"@id":"https:\/\/multihoster.org\/#website"},"primaryImageOfPage":{"@id":"https:\/\/multihoster.org\/de\/worldbytez\/#primaryimage"},"datePublished":"2020-04-20T09:20:34+00:00","dateModified":"2020-04-20T12:15:26+00:00","description":"Ist Worldbytez ein seri\u00f6ser Anbieter oder nicht, finden Sie die Antwort im aktuellen Test auf Multihoster.org \u279c. Klicken Sie jetzt \u271a und lesen Sie unsere Erfahrungen!","breadcrumb":{"@id":"https:\/\/multihoster.org\/de\/worldbytez\/#breadcrumb"},"inLanguage":"de","potentialAction":[{"@type":"ReadAction","target":["https:\/\/multihoster.org\/de\/worldbytez\/"]}]},{"@type":"BreadcrumbList","@id":"https:\/\/multihoster.org\/de\/worldbytez\/#breadcrumb","itemListElement":[{"@type":"ListItem","position":1,"name":"Startseite","item":"https:\/\/multihoster.org\/de\/"},{"@type":"ListItem","position":2,"name":"Worldbytez Premium Konto: Der Filehoster Auf Einen Blick"}]}]}},"_links":{"self":[{"href":"https:\/\/multihoster.org\/de\/wp-json\/wp\/v2\/pages\/4013"}],"collection":[{"href":"https:\/\/multihoster.org\/de\/wp-json\/wp\/v2\/pages"}],"about":[{"href":"https:\/\/multihoster.org\/de\/wp-json\/wp\/v2\/types\/page"}],"author":[{"embeddable":true,"href":"https:\/\/multihoster.org\/de\/wp-json\/wp\/v2\/users\/2"}],"replies":[{"embeddable":true,"href":"https:\/\/multihoster.org\/de\/wp-json\/wp\/v2\/comments?post=4013"}],"version-history":[{"count":3,"href":"https:\/\/multihoster.org\/de\/wp-json\/wp\/v2\/pages\/4013\/revisions"}],"predecessor-version":[{"id":4043,"href":"https:\/\/multihoster.org\/de\/wp-json\/wp\/v2\/pages\/4013\/revisions\/4043"}],"wp:attachment":[{"href":"https:\/\/multihoster.org\/de\/wp-json\/wp\/v2\/media?parent=4013"}],"curies":[{"name":"wp","href":"https:\/\/api.w.org\/{rel}","templated":true}]}}