{"id":4052,"date":"2020-04-20T12:20:17","date_gmt":"2020-04-20T12:20:17","guid":{"rendered":"https:\/\/multihoster.org\/icerbox\/"},"modified":"2020-04-20T12:59:45","modified_gmt":"2020-04-20T12:59:45","slug":"icerbox","status":"publish","type":"page","link":"https:\/\/multihoster.org\/de\/icerbox\/","title":{"rendered":"Icerbox Premium Konto: Der Filehoster Auf Einen Blick"},"content":{"rendered":"<a class=\"maxbutton-2 maxbutton maxbutton-cta\" target=\"_blank\" rel=\"nofollow noopener\" href=\"\/go\/\"><span class='mb-text'>&gt;&gt; Gehen Sie zur Original Linkifier Website<\/span><\/a>\n\n\n<p><\/p>\n\n\n\n<h2>Was ist Icerbox?<\/h2>\n\n\n\n<figure class=\"wp-block-image\"><img src=\"https:\/\/lh3.googleusercontent.com\/493jzcDX3PFt-Lt4SzyCUiMVL0kxnjE6P0HOZhCqmVcMoXTpG1Y-ZLhg51E6BcSVBUnWtZKDSkPAV93vpvaRYBqO7t0CUSYNX_YvYEzLePQxXWa2jTTsfKVAKx5fduxWmtxehI4\" alt=\"Icerbox Logo\"\/><\/figure>\n\n\n\n<p>Icerbox ist ein Cloud-Storage-Service, der seinen Benutzern auf sehr einfache Weise einen zufriedenstellenden Service und innovative Funktionen bietet. Icerbox Premium verf\u00fcgt \u00fcber ein sehr komfortables Verwaltungssystem, das eine schnellere Verbindungsgeschwindigkeit, eine gr\u00f6\u00dfere Speicherkapazit\u00e4t und einen sicheren Cloud-Storage-Service bietet. Dar\u00fcber hinaus verf\u00fcgt es \u00fcber eine Multitasking-Funktion, mit der Benutzer mehrere Dateien herunterladen und hochladen k\u00f6nnen, um die \u00dcbertragung und den Zugriff zu erleichtern. Diese Funktion ist auch von anderen Datei-Hosting-Diensten online verf\u00fcgbar, aber mit Icerbox Premium k\u00f6nnen Sie diese Premium-Dienste zu einer g\u00fcnstigeren Geb\u00fchr nutzen.<\/p>\n\n\n\n<h2>Warum ein Icerbox Premium Konto erhalten?<\/h2>\n\n\n\n<p>Icerbox ist f\u00fcr sich allein genommen gut, aber Benutzer k\u00f6nnen ihren Service durch einen Icerbox Premium-Account erheblich verbessern. Der Icerbox Premium-Account er\u00f6ffnet Ihnen eine riesige Liste von gro\u00dfartigen und innovativen Funktionen. Mit einem Icerbox Premium-Account haben Nutzer Anspruch auf h\u00f6here Speicherkapazit\u00e4t und schnellere Verbindungen zum Server. Premium-Benutzer genie\u00dfen eine h\u00f6here Bandbreite, um einen schnelleren Zugriff auf ihren eigenen Speicherplatz zu gew\u00e4hrleisten, ganz zu schweigen von der hohen Priorit\u00e4t im Netzwerkverkehr. Icerbox Premium-Benutzer sind au\u00dferdem frei von l\u00e4stigen Pop-ups und Werbung. Diese Dienste kosten alle knapp unter hundert Dollar f\u00fcr einen Monat.<\/p>\n\n\n\n<h3>Datensicherung<\/h3>\n\n\n\n<p>Die Icerbox Premium verf\u00fcgt \u00fcber eine Back-Up-Funktion, mit der wichtige Dateien f\u00fcr den zuk\u00fcnftigen Gebrauch gesichert werden k\u00f6nnen. Dateisicherheit ist sehr wichtig f\u00fcr Gesch\u00e4ftsinhaber, die zu viele Dokumente aufzubewahren haben. Es entspricht dem gesunden Menschenverstand, dass Unternehmen eine gro\u00dfe Anzahl von Dokumenten haben, die sie sich nicht leisten k\u00f6nnen, zu verlieren, wie Gehaltsabrechnungen, Anwesenheitslisten und Dateien mit Mitarbeiterdaten. Auch Studenten haben einen hohen Bedarf an Datensicherheit. Projekte und Pr\u00e4sentationen k\u00f6nnen in der Cloud gespeichert und sp\u00e4ter bei Bedarf abgerufen werden. Icerbox Premium kann bei der Sicherung von Dateien sehr hilfreich sein. Mit einer sehr sicheren und schnellen Verbindung ist Icerbox Premium ein gro\u00dfartiger Cloud-Storage-Service f\u00fcr diejenigen, die eine hohe Priorit\u00e4t f\u00fcr die Sicherheit wichtiger Dateien haben.<\/p>\n\n\n\n<h3>Multi-Plattform-Zugang <\/h3>\n\n\n\n<p>Das gegenw\u00e4rtige Zeitalter ist unbestreitbar sehr schnelllebig, so dass manche Menschen mit der Art und Weise, wie sie ihre Dateien und Medien verwalten m\u00fcssen, nicht Schritt halten k\u00f6nnen. Aber seit der Entwicklung mobiler Apps sind diese trivialen Probleme gel\u00f6st worden. Die Menschen k\u00f6nnen nun ihre Datenverwaltung mit Hilfe von mobilen Anwendungen kontrollieren. Gl\u00fccklicherweise bietet Icerbox Premium eine plattform\u00fcbergreifende Konnektivit\u00e4t. Benutzer k\u00f6nnen \u00fcber ihre mobilen Ger\u00e4te auf ihre Dateien zugreifen. Ob Windows, Android oder IOS, der Cloud-Storage-Dienst Icerbox Premium h\u00e4lt Ihnen den R\u00fccken frei. Diese breit gef\u00e4cherte Multiplattform-F\u00e4higkeit bietet flexiblere und einfachere M\u00f6glichkeiten zur vollst\u00e4ndigen Verwaltung Ihrer Anforderungen an die sichere Aufbewahrung von Dateien und Dokumenten. Diese Multiplattformfunktion eignet sich auch perfekt f\u00fcr Digitalk\u00fcnstler und Fotografen, die ihre Werke sicher in ihren eigenen Online-Speicher hochladen m\u00f6chten.<\/p>\n\n\n\n<h3>Sichere Cloud-Speicherung<\/h3>\n\n\n\n<p>Einer der Hauptgr\u00fcnde, warum Menschen Cloud-Speicherdienste abonnieren, ist die Sicherheit ihrer wichtigen Dateien. Es gibt jedoch auch andere Datei-Hosting-Dienste, bei denen Speicher- und Datenbankdienste leicht durchbrochen werden k\u00f6nnen. Das kann sehr schlecht sein, besonders wenn Sie wichtige Dokumente oder Medien in Ihrem Cloud-Speicher aufbewahren. Icerbox Premium hingegen verf\u00fcgt \u00fcber einen sehr sicheren Cloud-Speicher. Icerbox verwendet Datenzentren, um sicherzustellen, dass alle Dateien, die ihre Benutzer hochladen, sicher in ihrer Cloud gespeichert werden. Im Internet gibt es viele b\u00f6swillige Entit\u00e4ten, die nur darauf warten, wichtige Dateien und Medien von potentiellen Opfern zu stehlen, aber die Sicherheitsfunktionen von Icerbox Premium beseitigen die Risiken f\u00fcr potentielles Hacking und Diebstahl von Medien und Dokumenten.<\/p>\n\n\n\n<h3>H\u00f6here Speicherkapazit\u00e4t <\/h3>\n\n\n\n<p>Mit einem Icerbox Premium Account erhalten Sie eine erweiterte Speicherkapazit\u00e4t. Normalerweise steht freien Benutzern nur begrenzter Speicherplatz zur Verf\u00fcgung, aber mit einem Icerbox Premium-Account k\u00f6nnen Sie insgesamt 1 TB Speicherplatz in der Cloud nutzen. Speichern Sie alle Dateien, die Sie wollen, ohne sich Sorgen machen zu m\u00fcssen, dass Ihnen die verf\u00fcgbare Speicherkapazit\u00e4t ausgeht. Ob es sich um Medien oder gro\u00dfe Videodateien handelt, Icerbox Premium bietet Ihnen eine Speicherkapazit\u00e4t, die gro\u00dfe Dateigr\u00f6\u00dfen aufnehmen kann. Verfasser von Inhalten k\u00f6nnen diese gro\u00dfe Speichergr\u00f6\u00dfe nutzen, indem sie ihre Inhalte online hochladen und ihre Werke sicher im Cloud-Speicher aufbewahren.<\/p>\n\n\n\n<h3>Keine Anzeigen<\/h3>\n\n\n\n<p>Im Gegensatz zum kostenlosen Konto, das seine Einnahmen aus Anzeigen erzielt, ist das Icerbox Premium-Konto frei von solchen l\u00e4stigen Pop-ups. Genie\u00dfen Sie den Icerbox Premium-Dienst, ohne durch Werbung gest\u00f6rt zu werden, die Sie zu anderen Websites f\u00fchren k\u00f6nnte.<\/p>\n\n\n<a class=\"maxbutton-2 maxbutton maxbutton-cta\" target=\"_blank\" rel=\"nofollow noopener\" href=\"\/go\/\"><span class='mb-text'>&gt;&gt; Gehen Sie zur Original Linkifier Website<\/span><\/a>\n\n\n<p><\/p>\n\n\n\n<h3>Direkte Links<\/h3>\n\n\n\n<p>Das Herunterladen Ihrer Dateien und anderer Inhalte aus dem Icerbox Premium Cloud-Storage ist mit einem Icerbox Premium Account sehr einfach. Benutzer mit einem Premium-Account k\u00f6nnen URLs und direkte Links f\u00fcr einen schnelleren Zugriff auf ihre Dateien und Inhalte verwenden. Diese URLs k\u00f6nnen auch verwendet werden, um ihre Dateien mit wem auch immer sie wollten, zu teilen. Diese Funktion des Icerbox Premium-Accounts erm\u00f6glicht eine m\u00fchelose Verwaltung Ihrer Dateien. Dies ist ratsam f\u00fcr den Einsatz am Arbeitsplatz. Personen, die an einem Projekt arbeiten, k\u00f6nnen ihre wichtigen Dateien einfach mit nur einem Link teilen. Die anderen Personen in der Gruppe k\u00f6nnen die Dateien dann selbst herunterladen. Diese Direktlinkfunktion der Icerbox Premium bietet eine sehr einfache, aber sichere M\u00f6glichkeit, wichtige Dateien mit Freunden und Kollegen zu teilen. Alles, was Sie tun m\u00fcssen, ist, die URL zu kopieren und einzuf\u00fcgen, und schon ist Ihre Datei einsatzbereit.<\/p>\n\n\n\n<figure class=\"wp-block-image\"><img src=\"https:\/\/lh3.googleusercontent.com\/HQNhdcagPamIueLOxgMqcKHczdiPnzCTHziaGCU8fl5jGCfi34JrXESuIjWn0wckTDMEg2hYRWAlCrPd-qL0EjhOMWbgBcBfa0rrMKEaq-Q14OSdRbdSa0AYVaM81sHcnq4BFbw\" alt=\"Icerbox Premium features\"\/><\/figure>\n\n\n\n<h2>Wie erhalten Sie Ihren eigenen Icerbox Premium Account?<\/h2>\n\n\n\n<p>Icerbox Premium bietet zahlreiche flexible Pakete, aus denen Sie w\u00e4hlen k\u00f6nnen. Sie k\u00f6nnen einen Abonnementplan w\u00e4hlen, der voll und ganz Ihren Bed\u00fcrfnissen und Ihrem Unternehmen entspricht. Benutzer k\u00f6nnen frei zwischen drei Arten von Konten w\u00e4hlen, dem Basic-, Medium- und dem Big-Konto. Alle haben unterschiedliche Pakete, je nach den Bed\u00fcrfnissen ihrer Benutzer.<\/p>\n\n\n\n<p>Hier ist ein Vergleich der Arten von Premium-Accounts:<\/p>\n\n\n\n<figure class=\"wp-block-table\"><table class=\"\"><tbody><tr><td>Art des Kontos<\/td><td>Grundlegend<\/td><td>Medium<\/td><td>Gro\u00df<\/td><\/tr><tr><td>Dauer<\/td><td>1 Monat<\/td><td>3 Monate<\/td><td>6 Monate<\/td><\/tr><tr><td>Speichergr\u00f6\u00dfe<\/td><td>500 GB<\/td><td>750 GB<\/td><td>1 TB<\/td><\/tr><tr><td>Geschwindigkeit<\/td><td>Unbegrenzt<\/td><td>Unbegrenzt<\/td><td>Unbegrenzt<\/td><\/tr><tr><td>Kosten<\/td><td>$17<\/td><td>$40<\/td><td>$70<\/td><\/tr><tr><td>Durchschnitt pro Tag<\/td><td>$0,57 pro Tag<\/td><td>$0,44 pro Tag<\/td><td>$0,39 pro Tag<\/td><\/tr><\/tbody><\/table><\/figure>\n\n\n\n<p>Sie werden feststellen, dass je gr\u00f6\u00dfer das Konto, desto h\u00f6her der Betrag ist, den Sie sparen k\u00f6nnen, da auch die durchschnittlichen Kosten pro Tag sinken. Welches Konto Sie w\u00e4hlen werden, h\u00e4ngt jedoch immer noch von Ihren Bed\u00fcrfnissen und finanziellen M\u00f6glichkeiten ab.<\/p>\n\n\n\n<p>Die Icerbox Premium bietet auch verschiedene flexible M\u00f6glichkeiten, Zahlungen zu erhalten. Dazu geh\u00f6ren MasterCard, VISA und PayPal. Es stehen Ihnen auch Wiederverk\u00e4ufer online zur Verf\u00fcgung, aus denen Sie w\u00e4hlen k\u00f6nnen.<\/p>\n\n\n\n<figure class=\"wp-block-image\"><img src=\"https:\/\/lh5.googleusercontent.com\/Fs4nM-oeJK_bUhXeZfMF4JLqTpAPCBk3ZkK53lVTJ_LJGBKCJBMJXhtX--nKfr7GuNutQ3mEAoCn-7hiAd0NqrZ2Jh-8J86HHfExiefjzlFo36keZAoJrqcQjsxrUIE1B3SJDXE\" alt=\"Icerbox Premium packages\"\/><\/figure>\n\n\n\n<h2>Icerbox Premium-Konto: Der beste Rundum-Datei-Hosting-Service<\/h2>\n\n\n\n<p>Der Bedarf an einer besseren und schnelleren Datei- und Medienverwaltung nimmt relativ stark zu, da die Menschen sich immer mehr darauf verlassen, dass alles digitalisiert wird. Von Schularbeiten bis hin zu wichtigen Firmendokumenten wird heutzutage alles in digitale Dateien umgewandelt. Mit diesem Trend steigt auch der Bedarf an einfachen und schnellen Speicherdiensten. Icerbox Premium verf\u00fcgt \u00fcber alle erforderlichen Funktionen und Dienste, die dem Bedarf an einem so schnellen Zugriff auf Dateien und Medien voll und ganz gerecht werden k\u00f6nnen. Mit einem sicheren Cloud-Speicher k\u00f6nnen sich die Benutzer auf die Sicherheit ihrer Dateien verlassen. Die Geschwindigkeit und verbesserte Bandbreite ist eine weitere Sache, die Icerbox Premium zu einer besseren Wahl als die meisten Datei-Hosting-Dienste zum gleichen Preis macht. Obwohl Icerbox Premium eine g\u00fcnstige Abonnementgeb\u00fchr ist, mangelt es ihm nicht an besseren Dienstleistungen. Insbesondere wenn Sie Student sind oder digitale Inhalte erstellen, ist Icerbox Premium der beste Online-Cloud-Speicherdienst, den Sie finden k\u00f6nnen.<\/p>\n\n\n<a class=\"maxbutton-2 maxbutton maxbutton-cta\" target=\"_blank\" rel=\"nofollow noopener\" href=\"\/go\/\"><span class='mb-text'>&gt;&gt; Gehen Sie zur Original Linkifier Website<\/span><\/a>\n\n\n<p><\/p>\n","protected":false},"excerpt":{"rendered":"<p>Was ist Icerbox? Icerbox ist ein Cloud-Storage-Service, der seinen Benutzern auf sehr einfache Weise einen zufriedenstellenden Service und innovative Funktionen<\/p>\n","protected":false},"author":2,"featured_media":0,"parent":0,"menu_order":0,"comment_status":"closed","ping_status":"closed","template":"","meta":[],"yoast_head":"<!-- This site is optimized with the Yoast SEO plugin v18.3 - https:\/\/yoast.com\/wordpress\/plugins\/seo\/ -->\n<title>Icerbox Premium Konto: Der Filehoster Auf Einen Blick<\/title>\n<meta name=\"description\" content=\"Ist Icerbox ein seri\u00f6ser Anbieter oder nicht, finden Sie die Antwort im aktuellen Test auf Multihoster.org \u279c Klicken Sie jetzt \u271a und lesen Sie unsere Erfahrungen!\" \/>\n<meta name=\"robots\" content=\"index, follow, max-snippet:-1, max-image-preview:large, max-video-preview:-1\" \/>\n<link rel=\"canonical\" href=\"https:\/\/multihoster.org\/de\/icerbox\/\" \/>\n<meta property=\"og:locale\" content=\"de_DE\" \/>\n<meta property=\"og:type\" content=\"article\" \/>\n<meta property=\"og:title\" content=\"Icerbox Premium Konto: Der Filehoster Auf Einen Blick\" \/>\n<meta property=\"og:description\" content=\"Ist Icerbox ein seri\u00f6ser Anbieter oder nicht, finden Sie die Antwort im aktuellen Test auf Multihoster.org \u279c Klicken Sie jetzt \u271a und lesen Sie unsere Erfahrungen!\" \/>\n<meta property=\"og:url\" content=\"https:\/\/multihoster.org\/de\/icerbox\/\" \/>\n<meta property=\"og:site_name\" content=\"Multihoster.org\" \/>\n<meta property=\"article:modified_time\" content=\"2020-04-20T12:59:45+00:00\" \/>\n<meta property=\"og:image\" content=\"https:\/\/lh3.googleusercontent.com\/493jzcDX3PFt-Lt4SzyCUiMVL0kxnjE6P0HOZhCqmVcMoXTpG1Y-ZLhg51E6BcSVBUnWtZKDSkPAV93vpvaRYBqO7t0CUSYNX_YvYEzLePQxXWa2jTTsfKVAKx5fduxWmtxehI4\" \/>\n<meta name=\"twitter:card\" content=\"summary\" \/>\n<meta name=\"twitter:label1\" content=\"Gesch\u00e4tzte Lesezeit\" \/>\n\t<meta name=\"twitter:data1\" content=\"6\u00a0Minuten\" \/>\n<script type=\"application\/ld+json\" class=\"yoast-schema-graph\">{\"@context\":\"https:\/\/schema.org\",\"@graph\":[{\"@type\":\"WebSite\",\"@id\":\"https:\/\/multihoster.org\/#website\",\"url\":\"https:\/\/multihoster.org\/\",\"name\":\"Multihoster.org\",\"description\":\"Reviews of the major Filehosting services\",\"potentialAction\":[{\"@type\":\"SearchAction\",\"target\":{\"@type\":\"EntryPoint\",\"urlTemplate\":\"https:\/\/multihoster.org\/?s={search_term_string}\"},\"query-input\":\"required name=search_term_string\"}],\"inLanguage\":\"de\"},{\"@type\":\"ImageObject\",\"@id\":\"https:\/\/multihoster.org\/de\/icerbox\/#primaryimage\",\"inLanguage\":\"de\",\"url\":\"https:\/\/lh3.googleusercontent.com\/493jzcDX3PFt-Lt4SzyCUiMVL0kxnjE6P0HOZhCqmVcMoXTpG1Y-ZLhg51E6BcSVBUnWtZKDSkPAV93vpvaRYBqO7t0CUSYNX_YvYEzLePQxXWa2jTTsfKVAKx5fduxWmtxehI4\",\"contentUrl\":\"https:\/\/lh3.googleusercontent.com\/493jzcDX3PFt-Lt4SzyCUiMVL0kxnjE6P0HOZhCqmVcMoXTpG1Y-ZLhg51E6BcSVBUnWtZKDSkPAV93vpvaRYBqO7t0CUSYNX_YvYEzLePQxXWa2jTTsfKVAKx5fduxWmtxehI4\"},{\"@type\":\"WebPage\",\"@id\":\"https:\/\/multihoster.org\/de\/icerbox\/#webpage\",\"url\":\"https:\/\/multihoster.org\/de\/icerbox\/\",\"name\":\"Icerbox Premium Konto: Der Filehoster Auf Einen Blick\",\"isPartOf\":{\"@id\":\"https:\/\/multihoster.org\/#website\"},\"primaryImageOfPage\":{\"@id\":\"https:\/\/multihoster.org\/de\/icerbox\/#primaryimage\"},\"datePublished\":\"2020-04-20T12:20:17+00:00\",\"dateModified\":\"2020-04-20T12:59:45+00:00\",\"description\":\"Ist Icerbox ein seri\u00f6ser Anbieter oder nicht, finden Sie die Antwort im aktuellen Test auf Multihoster.org \u279c Klicken Sie jetzt \u271a und lesen Sie unsere Erfahrungen!\",\"breadcrumb\":{\"@id\":\"https:\/\/multihoster.org\/de\/icerbox\/#breadcrumb\"},\"inLanguage\":\"de\",\"potentialAction\":[{\"@type\":\"ReadAction\",\"target\":[\"https:\/\/multihoster.org\/de\/icerbox\/\"]}]},{\"@type\":\"BreadcrumbList\",\"@id\":\"https:\/\/multihoster.org\/de\/icerbox\/#breadcrumb\",\"itemListElement\":[{\"@type\":\"ListItem\",\"position\":1,\"name\":\"Startseite\",\"item\":\"https:\/\/multihoster.org\/de\/\"},{\"@type\":\"ListItem\",\"position\":2,\"name\":\"Icerbox Premium Konto: Der Filehoster Auf Einen Blick\"}]}]}<\/script>\n<!-- \/ Yoast SEO plugin. -->","yoast_head_json":{"title":"Icerbox Premium Konto: Der Filehoster Auf Einen Blick","description":"Ist Icerbox ein seri\u00f6ser Anbieter oder nicht, finden Sie die Antwort im aktuellen Test auf Multihoster.org \u279c Klicken Sie jetzt \u271a und lesen Sie unsere Erfahrungen!","robots":{"index":"index","follow":"follow","max-snippet":"max-snippet:-1","max-image-preview":"max-image-preview:large","max-video-preview":"max-video-preview:-1"},"canonical":"https:\/\/multihoster.org\/de\/icerbox\/","og_locale":"de_DE","og_type":"article","og_title":"Icerbox Premium Konto: Der Filehoster Auf Einen Blick","og_description":"Ist Icerbox ein seri\u00f6ser Anbieter oder nicht, finden Sie die Antwort im aktuellen Test auf Multihoster.org \u279c Klicken Sie jetzt \u271a und lesen Sie unsere Erfahrungen!","og_url":"https:\/\/multihoster.org\/de\/icerbox\/","og_site_name":"Multihoster.org","article_modified_time":"2020-04-20T12:59:45+00:00","og_image":[{"url":"https:\/\/lh3.googleusercontent.com\/493jzcDX3PFt-Lt4SzyCUiMVL0kxnjE6P0HOZhCqmVcMoXTpG1Y-ZLhg51E6BcSVBUnWtZKDSkPAV93vpvaRYBqO7t0CUSYNX_YvYEzLePQxXWa2jTTsfKVAKx5fduxWmtxehI4"}],"twitter_card":"summary","twitter_misc":{"Gesch\u00e4tzte Lesezeit":"6\u00a0Minuten"},"schema":{"@context":"https:\/\/schema.org","@graph":[{"@type":"WebSite","@id":"https:\/\/multihoster.org\/#website","url":"https:\/\/multihoster.org\/","name":"Multihoster.org","description":"Reviews of the major Filehosting services","potentialAction":[{"@type":"SearchAction","target":{"@type":"EntryPoint","urlTemplate":"https:\/\/multihoster.org\/?s={search_term_string}"},"query-input":"required name=search_term_string"}],"inLanguage":"de"},{"@type":"ImageObject","@id":"https:\/\/multihoster.org\/de\/icerbox\/#primaryimage","inLanguage":"de","url":"https:\/\/lh3.googleusercontent.com\/493jzcDX3PFt-Lt4SzyCUiMVL0kxnjE6P0HOZhCqmVcMoXTpG1Y-ZLhg51E6BcSVBUnWtZKDSkPAV93vpvaRYBqO7t0CUSYNX_YvYEzLePQxXWa2jTTsfKVAKx5fduxWmtxehI4","contentUrl":"https:\/\/lh3.googleusercontent.com\/493jzcDX3PFt-Lt4SzyCUiMVL0kxnjE6P0HOZhCqmVcMoXTpG1Y-ZLhg51E6BcSVBUnWtZKDSkPAV93vpvaRYBqO7t0CUSYNX_YvYEzLePQxXWa2jTTsfKVAKx5fduxWmtxehI4"},{"@type":"WebPage","@id":"https:\/\/multihoster.org\/de\/icerbox\/#webpage","url":"https:\/\/multihoster.org\/de\/icerbox\/","name":"Icerbox Premium Konto: Der Filehoster Auf Einen Blick","isPartOf":{"@id":"https:\/\/multihoster.org\/#website"},"primaryImageOfPage":{"@id":"https:\/\/multihoster.org\/de\/icerbox\/#primaryimage"},"datePublished":"2020-04-20T12:20:17+00:00","dateModified":"2020-04-20T12:59:45+00:00","description":"Ist Icerbox ein seri\u00f6ser Anbieter oder nicht, finden Sie die Antwort im aktuellen Test auf Multihoster.org \u279c Klicken Sie jetzt \u271a und lesen Sie unsere Erfahrungen!","breadcrumb":{"@id":"https:\/\/multihoster.org\/de\/icerbox\/#breadcrumb"},"inLanguage":"de","potentialAction":[{"@type":"ReadAction","target":["https:\/\/multihoster.org\/de\/icerbox\/"]}]},{"@type":"BreadcrumbList","@id":"https:\/\/multihoster.org\/de\/icerbox\/#breadcrumb","itemListElement":[{"@type":"ListItem","position":1,"name":"Startseite","item":"https:\/\/multihoster.org\/de\/"},{"@type":"ListItem","position":2,"name":"Icerbox Premium Konto: Der Filehoster Auf Einen Blick"}]}]}},"_links":{"self":[{"href":"https:\/\/multihoster.org\/de\/wp-json\/wp\/v2\/pages\/4052"}],"collection":[{"href":"https:\/\/multihoster.org\/de\/wp-json\/wp\/v2\/pages"}],"about":[{"href":"https:\/\/multihoster.org\/de\/wp-json\/wp\/v2\/types\/page"}],"author":[{"embeddable":true,"href":"https:\/\/multihoster.org\/de\/wp-json\/wp\/v2\/users\/2"}],"replies":[{"embeddable":true,"href":"https:\/\/multihoster.org\/de\/wp-json\/wp\/v2\/comments?post=4052"}],"version-history":[{"count":1,"href":"https:\/\/multihoster.org\/de\/wp-json\/wp\/v2\/pages\/4052\/revisions"}],"predecessor-version":[{"id":4063,"href":"https:\/\/multihoster.org\/de\/wp-json\/wp\/v2\/pages\/4052\/revisions\/4063"}],"wp:attachment":[{"href":"https:\/\/multihoster.org\/de\/wp-json\/wp\/v2\/media?parent=4052"}],"curies":[{"name":"wp","href":"https:\/\/api.w.org\/{rel}","templated":true}]}}