{"id":4112,"date":"2020-04-21T11:37:48","date_gmt":"2020-04-21T11:37:48","guid":{"rendered":"https:\/\/multihoster.org\/wipfiles\/"},"modified":"2020-04-21T12:23:36","modified_gmt":"2020-04-21T12:23:36","slug":"wipfiles","status":"publish","type":"page","link":"https:\/\/multihoster.org\/de\/wipfiles\/","title":{"rendered":"WipFiles Premium Konto: Der Filehoster Auf Einen Blick"},"content":{"rendered":"\n<figure class=\"wp-block-image\"><img src=\"https:\/\/lh5.googleusercontent.com\/bTpIFx537dT-rest-gAP3KZZQkErDmcV1CfuQEo4e0CqhVqUiWRKJNFvA_m0cN-o6cAS9cgFIdx33rQ16G9W5XHjJx52FBjTPKn7geqWRoSYrqyb3wRpKQ1plPi2_YMDZda5atg\" alt=\"WipFiles logo\"\/><\/figure>\n\n\n\n<p>WipFiles ist einer der Anbieter von Datei-Hosting und verf\u00fcgt \u00fcber drei verschiedene Account-Typen f\u00fcr seine Benutzer: Den WipFiles Free Account, den WipFiles Registered Account und den WipFiles Premium Account.<\/p>\n\n\n\n<p>Wenn ein Benutzer ein Problem damit hat, wie er seine Dateien an Ort und Stelle halten kann, ohne sich st\u00e4ndig darum k\u00fcmmern zu m\u00fcssen, dann ist hier die L\u00f6sung, die er f\u00fcr sein t\u00e4gliches Leben braucht. Hier ist WipFiles, das bereit ist, jedem mit seinen Dateiverwaltungsfunktionen und -diensten zu helfen. Ein Benutzer kann WipFiles verwenden, um seine Dateien an Ort und Stelle zu halten, wo auch immer er sich befindet, und er oder sie kann jederzeit ohne Probleme darauf zugreifen oder sie \u00f6ffnen, besonders wenn es sich um einen dringenden Zweck handelt, wie z.B. f\u00fcr Projekt- oder Berichtspr\u00e4sentationen oder f\u00fcr Forschung oder das Schreiben von Diplomarbeiten und andere wichtige Dinge. <\/p>\n\n\n\n<p>Dar\u00fcber hinaus kann ein Benutzer seine Daten oder Dateien speichern, herunterladen, abrufen, hochladen und freigeben, ohne externe Speicher oder externe Treiber verwenden zu m\u00fcssen, da WipFiles <a rel=\"noreferrer noopener\" aria-label=\"Speicherplatz bietet, (opens in a new tab)\" href=\"https:\/\/techterms.com\/definition\/storagecapacity\" target=\"_blank\">Speicherplatz bietet<\/a>, damit ein Benutzer seine Daten oder Dateien <a rel=\"noreferrer noopener\" aria-label=\"jederzeit  (opens in a new tab)\" href=\"https:\/\/www.yourdictionary.com\/back-up\" target=\"_blank\">jederzeit <\/a>und \u00fcberall mit Hilfe der Internetverbindung sichern oder abrufen kann. WipFiles fungiert als Speicherplatz in einer Online- oder virtuellen Welt.<\/p>\n\n\n\n<p>Die WipFiles-Site ist sehr einfach und grundlegend, die leicht verst\u00e4ndlich ist und von verschiedenen Arten von Benutzern verwendet werden kann. Die Website von WipFiles wird auch von einigen Sprachen unterst\u00fctzt, so dass Benutzer zu einer Sprache wechseln k\u00f6nnen, die sie leicht verstehen k\u00f6nnen. Die unterst\u00fctzten Sprachen der WipFiles-Site sind Englisch, Russisch, Franz\u00f6sisch, Deutsch, T\u00fcrkisch, Arabisch, Polnisch, Thail\u00e4ndisch, Japanisch, Spanisch, Ungarisch und Indonesisch.<\/p>\n\n\n\n<p>Ein Benutzer kann mit der WipFiles-Website auch einen Gewinn erzielen, indem er seine hochgeladenen Dateien einfach \u00fcberall, z. B. auf Social-Media-Websites oder in Blogs oder E-Mails, zur Verf\u00fcgung stellt.<\/p>\n\n\n\n<p>Warum sollte sich ein Benutzer f\u00fcr das WipFiles Premium-Konto entscheiden?<\/p>\n\n\n\n<p>\u2714 Es gibt keine Beschr\u00e4nkung beim Hochladen einer Datei oder mehrerer Dateien.<br> \u2714 Es gibt keine Beschr\u00e4nkung, wenn es um die Gr\u00f6\u00dfe einer oder mehrerer hochzuladender Dateien geht.<br> \u2714 Es gibt keine Beschr\u00e4nkung f\u00fcr die Speicherplatzgr\u00f6\u00dfe.<br> \u2714 T\u00e4glich stehen vierundzwanzig Gigabyte (24 GB) Volumen zum Herunterladen zur Verf\u00fcgung.<br> \u2714 Es unterst\u00fctzt den Fern-Upload einer oder mehrerer Dateien.<br> \u2714 Es gibt Beschleuniger f\u00fcr das Herunterladen einer Datei oder von Dateien.<br> \u2714 Es kann das Herunterladen einer oder mehrerer Dateien fortsetzen oder pausieren.<br> \u2714 Es gibt keine Verz\u00f6gerungen f\u00fcr das Herunterladen.<br> \u2714 Es verf\u00fcgt \u00fcber kein Captcha.<br> \u2714 Es verf\u00fcgt \u00fcber keine <a href=\"https:\/\/www.merriam-webster.com\/dictionary\/advertisement\" target=\"_blank\" rel=\"noreferrer noopener\" aria-label=\"Werbung (opens in a new tab)\">Werbung<\/a>.<br> \u2714 Es l\u00f6scht die hochgeladenen Dateien nicht, aber es wird sie l\u00f6schen, wenn der Eigent\u00fcmer oder der Hochlader die L\u00f6schung beantragt.<\/p>\n\n\n<a class=\"maxbutton-2 maxbutton maxbutton-cta\" target=\"_blank\" rel=\"nofollow noopener\" href=\"\/go\/\"><span class='mb-text'>&gt;&gt; Gehen Sie zur Original Linkifier Website<\/span><\/a>\n\n\n<p><\/p>\n\n\n\n<h2>WipFiles Premium Konto<\/h2>\n\n\n\n<h3>Die verschiedenen Merkmale der WipFiles-Kontotypen<\/h3>\n\n\n\n<figure class=\"wp-block-table\"><table class=\"\"><tbody><tr><td><br>Merkmale der WipFiles <\/td><td>Kostenlos<\/td><td>Registriert<\/td><td>Premium<\/td><\/tr><tr><td>Gr\u00f6\u00dfe einer Datei zum Hochladen (Max)<\/td><td>Einhundert Megabyte (100 MB)<\/td><td>Eintausendf\u00fcnfhundert Megabyte (1500 MB)<\/td><td>Eintausendf\u00fcnfhundert Megabyte (1500 MB)<\/td><\/tr><tr><td>Gr\u00f6\u00dfe der Speicherplatzkapazit\u00e4t<\/td><td>Sehr begrenzt<\/td><td>Begrenzt<\/td><td>Gro\u00dfe Lagerraumkapazit\u00e4t<\/td><\/tr><tr><td>Volumengr\u00f6\u00dfe des Downloads<\/td><td>Hat vier Gigabyte (4 GB) in drei (3) Tagen<\/td><td>Hat sieben Gigabyte (7 GB) in drei (3) Tagen<\/td><td>Hat sieben Gigabyte (7 GB) in drei (3) Tagen<\/td><\/tr><tr><td>Hochladen einer Datei oder mehrerer Dateien mit Remote-URL-Upload<\/td><td>\u2612 Nicht unterst\u00fctzt<\/td><td>\u2612 Nicht unterst\u00fctzt<\/td><td>\u2611 Unterst\u00fctzt<\/td><\/tr><tr><td>Verwendung von Beschleunigern zum Herunterladen einer Datei oder von Dateien<\/td><td>\u2611 Unterst\u00fctzt<\/td><td>\u2611 Unterst\u00fctzt<\/td><td>\u2611 Unterst\u00fctzt<\/td><\/tr><tr><td>Wiederaufnahme des Herunterladens einer Datei oder mehrerer Dateien<\/td><td>\u2611 Unterst\u00fctzt<\/td><td>\u2611 Unterst\u00fctzt<\/td><td>\u2611 Unterst\u00fctzt<\/td><\/tr><tr><td>Herunterladen einer Datei oder von Dateien ohne Verz\u00f6gerung oder Wartezeit<\/td><td>\u2612 Nicht unterst\u00fctzt<\/td><td>\u2612 Nicht unterst\u00fctzt<\/td><td>\u2611 Unterst\u00fctzt<\/td><\/tr><tr><td>Herunterladen einer Datei oder von Dateien ohne Captcha<\/td><td>\u2612 Nicht unterst\u00fctzt<\/td><td>\u2611 Unterst\u00fctzt<\/td><td>\u2611 Unterst\u00fctzt<\/td><\/tr><tr><td>Seiten ohne Anzeigen<\/td><td>\u2612 Nicht unterst\u00fctzt<\/td><td>\u2612 Nicht unterst\u00fctzt<\/td><td>\u2611 Unterst\u00fctzt<\/td><\/tr><tr><td>L\u00f6schung der Datei oder Dateien des Benutzers<\/td><td>Dateien werden niemals gel\u00f6scht<\/td><td>Dateien werden niemals gel\u00f6scht<\/td><td>Dateien werden niemals gel\u00f6scht<\/td><\/tr><\/tbody><\/table><\/figure>\n\n\n\n<p>Ein Benutzer sollte den Preis eines ausgew\u00e4hlten WipFiles Premium Account-Plans bezahlen, damit er alle Premium-Funktionen und Dienste von WipFiles nutzen kann. Nachstehend finden Sie die verschiedenen Zahlungsmethoden f\u00fcr die Bezahlung des Premium-Accounts von WipFiles.<\/p>\n\n\n\n<h3>Die Preise f\u00fcr den WipFiles Premium Account Plan<\/h3>\n\n\n\n<figure class=\"wp-block-table\"><table class=\"\"><tbody><tr><td>Tage #:<\/td><td>30<\/td><td>90<\/td><td>180<\/td><td>365<\/td><\/tr><tr><td>Preis:<\/td><td>12,95 USD<\/td><td>32,50 USD<\/td><td>58,45 USD<\/td><td>99,95 USD<\/td><\/tr><tr><td>Zahlungsmethoden:<\/td><td>Ein Benutzer kann den WipFiles Premium Account Plan \u00fcber Visa, MasterCard und PayPal bezahlen.<\/td><\/tr><\/tbody><\/table><\/figure>\n\n\n\n<p>Ein Benutzer kann auch den WipFiles Premium Account Plan und den WipFiles Premium Account Aktivierungscode oder Gutscheincode von oder an die offiziellen Wiederverk\u00e4ufer von WipFiles kaufen oder bezahlen. Nachstehend finden Sie die verschiedenen zugelassenen Wiederverk\u00e4ufer von WipFiles und die von ihnen unterst\u00fctzten Zahlungsmethoden.<\/p>\n\n\n<a class=\"maxbutton-2 maxbutton maxbutton-cta\" target=\"_blank\" rel=\"nofollow noopener\" href=\"\/go\/\"><span class='mb-text'>&gt;&gt; Gehen Sie zur Original Linkifier Website<\/span><\/a>\n\n\n<p><\/p>\n\n\n\n<h2>WipFiles-Wiederverk\u00e4ufer und ihre Zahlungsmethode<\/h2>\n\n\n\n<figure class=\"wp-block-table\"><table class=\"\"><tbody><tr><td>Name der Website<\/td><td>Zahlungsmethoden<\/td><td>Kontakt des Unterst\u00fctzungsteams <\/td><\/tr><tr><td>KeyInstant<\/td><td>Kreditkarte oder Debitkarte, PayPal, VISA, MasterCard, American Express, JCB, Discover, CashU, Diners Club, Bitcoin oder Altcoin, UnionPay, Paysera, Amazon Payments, Paysafecard, Skrill, WebMoney Transfer, Neteller, Payza, LavaPay, Perfect Money, OKPay, Payssion, Payeer, Neosurf.<\/td><td>support@keyinstant.com<\/td><\/tr><tr><td>PremiumAccountz.com<\/td><td>PayPal, VISA, MasterCard, American Express, JCB, Discover, Diners Club, UnionPay, AliPay, Amazon Payments, Paysafecard, Skrill, Bitcoin oder Altcoin, WebMoney Transfer, OKPay, Payssion, CashU, Neosurf.<\/td><td>support@premiumaccountz.com<\/td><\/tr><tr><td>uTop.us<\/td><td>PayPal, Payza, Skrill, Automated Clearing House oder ACH, Bank- oder \u00dcberweisungs\u00fcberweisung, Alipay, Alfa-Click, BitCoin oder Altcoin oder LiteCoin und andere Kryptow\u00e4hrungen, B-Pay, Cash4wm, CashU, OneCard, Visa, Mastercard, Amex, JCB, EasyPayWay, lokale Bank\u00fcberweisung (f\u00fcr China), UnionPay (ABC, BOC, CCB, ICBC, CMB, PSBC), Indien (SBI, Axis oder Kotak), National Electronic Funds Transfer (NEFT), Liqpay, Online-Banking (F\u00fcr L\u00e4nder des Vereinigten K\u00f6nigreichs (UK), \u00d6sterreich, Australien, Belgien, Wei\u00dfrussland, Brasilien, Estland, Deutschland, Indien, Lithunien, Lettland, Niederlande, Neuseeland, Polen, Russland, Slowakei und Ukraine), Money Gram, Neteller, Okpay, Payeer, PerfectMoney, PaySera, Paxum, POLI, Qiwi, SafetyPay, SMS- oder SMS-Zahlungen, Ukash, Unistream, Wallet One, WebMoney Transfer (WebMoney Japan, WME oder WMR oder WMZ), Wester Union, Yandex Money, Z-Payments, OOOpay, SWIFT, PaySafeCard, Banamex, Banco do Brasil, Bancomer, Bradesco, Caixa, Banco Ita\u00fa, Oxxo, Santander Mexico und Openbucks (Geschenkkartenzahlungen).<\/td><td>uTop@uTop.us<\/td><\/tr><tr><td>Digitadiko<\/td><td>Paypal, Kreditkarten, Paysafecard, Bankeinzahlung, CashU, ClickandBuy, Kredit-\/Debitkarte, Maestro, MasterCard, Visa oder Visa Electron, Ukash, OKpay, Bitcoin oder Altcoin, Webmoney Transfer, Zahlung per SMS oder SMS, Payza, Skrill, Ideal, Sofort, Giropay, Electronic Banking (F\u00fcr die L\u00e4nder \u00d6sterreich, Belgien, Tschechische Republik, Niederlande, Litauen und Slowakei), Western Union und andere.<\/td><td>sales@digitadiko.com<\/td><\/tr><tr><td>OneClickReseller<\/td><td>Kreditkarten (Visa, Mastercard, JCB, Diners, American Express, Discover WORLDWIDE), Paysafecard (USA oder EUROPE), Debitkarten, Lastschriftverfahren, Moneybookers, Skrill, BitCoins oder Altcoins, Einzahlung (Lokale Bank\u00fcberweisung f\u00fcr die Vereinigten Staaten von Amerika (USA) oder Gro\u00dfbritannien (UK) oder Europa oder Australien oder China, und andere), Alipay, SMS- oder SMS-Zahlung, CashU, Perfect Money, Lokale Bank\u00fcberweisung f\u00fcr S\u00fcdamerika und Europa (SafetyPay), Paysera, Webmoney Transfer, Western Union<\/td><td>Sales@OneClickReseller.com<\/td><\/tr><tr><td>FilePlanet Premium<\/td><td>VISA, MasterCard, Paysafecard, Sofort, Moneybookers, cashU, Przelewy24, SafetyPay, OKPAY, Bitcoin oder Altcoin oder Litecoin oder Dogecoin, WebMoney Transfer, Perfect Money, Zahlung per SMS oder SMS, Electronic Banking, Bank oder \u00dcberweisung, Privat24, QIWI, Yandex.Money<\/td><td>dnlreseller@gmail.com<\/td><\/tr><tr><td>Hotfile Premium Store<\/td><td>Kreditkarten (Visa und Mastercard), Debitkarte (Indien 52 Banken), Nettobanking, Barkarten, Bareinzahlung (ICICI und SBI Bank), Nationaler Elektronischer Geldtransfer (NEFT), Western Union, Lastschrift, Scheckeinzahlung, Webmoney Transfer, Bitcoins oder Altcoins, Money Gram<\/td><td>hotfilepremiumstore@gmail.com<\/td><\/tr><tr><td>BigShareShop<\/td><td>Bitcoins oder Altcoins, PayPal, WebMoney Transfer, CashU, Perfect Money, Sofort, Skrill, Payza, OKPay (digitale Brieftasche)<\/td><td>info@bigshareshop.com<\/td><\/tr><\/tbody><\/table><\/figure>\n\n\n\n<p>F\u00fcr bestimmte L\u00e4nder:<\/p>\n\n\n\n<figure class=\"wp-block-table\"><table class=\"\"><tbody><tr><td>PayNow.taobao.com (Asien und China)<\/td><td>Taobao, Alipay, UnionPay, Kreditkarten und alle anderen chinesischen Banken<\/td><td>spider@live.in<\/td><\/tr><tr><td>Premium in Rupees (India)<\/td><td>Kreditkarte nur in Indien, Visa und Mastercard nur in Indien, Debitkarte (Indien 52 Banken ), Nettobanking, Geldkarten, Bareinzahlung (ICICI und SBI Bank), National Electronic Funds Transfer (NEFT), Western Union, Lastschrift, Scheckeinzahlung, Webmoney Transfer, Bitcoins oder Altcoin, Money Gram<\/td><td>premiuminrupees@gmail.com<\/td><\/tr><\/tbody><\/table><\/figure>\n\n\n\n<p><\/p>\n\n\n\n<h2>Erfahren Sie, wie Sie den Premium-Account von WipFiles aktivieren<\/h2>\n\n\n\n<p>Die Aktivierung des Premium-Accounts von WipFiles ist sehr wichtig, damit ein Benutzer alle Funktionen und Dienste von WipFiles nutzen und genie\u00dfen kann. Um den Premium-Account von WipFiles zu aktivieren, sollte ein Benutzer den Aktivierungscode oder -schl\u00fcssel auf der WipFiles Website oder auf der Website, auf der es zugelassene Wiederverk\u00e4ufer von WipFiles gibt, kaufen. Bitte folgen Sie den untenstehenden Anweisungen, um ihn zu aktivieren.<\/p>\n\n\n\n<ol><li>Ein Benutzer sollte sich auf der Registrierungsseite von WipFiles (http:\/\/wipfiles.net\/?op=registration) anmelden, um zun\u00e4chst sein Konto f\u00fcr WipFiles zu erstellen. Wenn sein Konto erstellt und best\u00e4tigt wurde, kann er sich auf der Anmeldeseite von WipFiles unter http:\/\/wipfiles.net\/login.html anmelden, um auf die Seite &#8222;Mein Konto&#8220; (http:\/\/wipfiles.net\/?op=my_account) zu gelangen.<\/li><li> Wenn sich ein Benutzer auf der &#8222;Mein Konto&#8220;-Seite von WipFiles befindet, suchen Sie nach dem Feld &#8222;Premium-Schl\u00fcssel anwenden&#8220;.<\/li><li> Im Feld &#8222;Premium-Schl\u00fcssel anwenden&#8220; f\u00fcgen Sie bitte den Aktivierungscode oder Schl\u00fcssel des Premium-Kontos von WipFiles ein (siehe Beispielbild unten.).<\/li><li> Klicken Sie auf die Schaltfl\u00e4che &#8222;Anwenden&#8220;, damit der Code auf seinen oder ihren Premium-Account reflektiert wird (Siehe Beispielbild unten.).<\/li><\/ol>\n\n\n\n<figure class=\"wp-block-image\"><img src=\"https:\/\/lh5.googleusercontent.com\/7WJRfpCm7A2oCIuAOLw7hQrc1eQBl_Xa0AbKbg9DGrm_q6MZ2QMHBgm9bD3GFdI5xicbq-QZ1WyRme8MKIYhFgUi98uMjo-YESsIU7BqQAvVqI7ZLEcFkMGzFvLjY6iNtsGOGus\" alt=\"WipFiles Premium Account Activation\"\/><\/figure>\n\n\n\n<h2>Kontakt zum WipFiles-Support<\/h2>\n\n\n\n<p>Wenn es einem Benutzer freisteht, sich mit WipFiles in Verbindung zu setzen, wenn er Fragen zu den Zahlungen, Wiederverk\u00e4ufern, Dateien, Funktionen und Diensten und Produkten der WipFiles-Website hat, oder \u00fcber seine E-Mail an info.worldbytez@gmail.com oder \u00fcber seine Kontaktseite auf seiner Website http:\/\/wipfiles.net\/contact.html, sollte er jedoch zun\u00e4chst die H\u00e4ufig gestellten Fragen oder FAQ (http:\/\/wipfiles.net\/faq.html) und die Nutzungsbedingungen von WipFiles (http:\/\/wipfiles.net\/tos.html) lesen, bevor er sich an das WipFiles-Support-Team wendet.<\/p>\n\n\n<a class=\"maxbutton-2 maxbutton maxbutton-cta\" target=\"_blank\" rel=\"nofollow noopener\" href=\"\/go\/\"><span class='mb-text'>&gt;&gt; Gehen Sie zur Original Linkifier Website<\/span><\/a>\n\n\n<p><\/p>\n","protected":false},"excerpt":{"rendered":"<p>WipFiles ist einer der Anbieter von Datei-Hosting und verf\u00fcgt \u00fcber drei verschiedene Account-Typen f\u00fcr seine Benutzer: Den WipFiles Free Account,<\/p>\n","protected":false},"author":2,"featured_media":0,"parent":0,"menu_order":0,"comment_status":"closed","ping_status":"closed","template":"","meta":[],"yoast_head":"<!-- This site is optimized with the Yoast SEO plugin v18.3 - https:\/\/yoast.com\/wordpress\/plugins\/seo\/ -->\n<title>WipFiles Premium Konto: Der Filehoster Auf Einen Blick<\/title>\n<meta name=\"description\" content=\"Ist WipFiles ein seri\u00f6ser Anbieter oder nicht, finden Sie die Antwort im aktuellen Test auf Multihoster.org \u279c Klicken Sie jetzt \u271a und lesen Sie unsere Erfahrungen!\" \/>\n<meta name=\"robots\" content=\"index, follow, max-snippet:-1, max-image-preview:large, max-video-preview:-1\" \/>\n<link rel=\"canonical\" href=\"https:\/\/multihoster.org\/de\/wipfiles\/\" \/>\n<meta property=\"og:locale\" content=\"de_DE\" \/>\n<meta property=\"og:type\" content=\"article\" \/>\n<meta property=\"og:title\" content=\"WipFiles Premium Konto: Der Filehoster Auf Einen Blick\" \/>\n<meta property=\"og:description\" content=\"Ist WipFiles ein seri\u00f6ser Anbieter oder nicht, finden Sie die Antwort im aktuellen Test auf Multihoster.org \u279c Klicken Sie jetzt \u271a und lesen Sie unsere Erfahrungen!\" \/>\n<meta property=\"og:url\" content=\"https:\/\/multihoster.org\/de\/wipfiles\/\" \/>\n<meta property=\"og:site_name\" content=\"Multihoster.org\" \/>\n<meta property=\"article:modified_time\" content=\"2020-04-21T12:23:36+00:00\" \/>\n<meta property=\"og:image\" content=\"https:\/\/lh5.googleusercontent.com\/bTpIFx537dT-rest-gAP3KZZQkErDmcV1CfuQEo4e0CqhVqUiWRKJNFvA_m0cN-o6cAS9cgFIdx33rQ16G9W5XHjJx52FBjTPKn7geqWRoSYrqyb3wRpKQ1plPi2_YMDZda5atg\" \/>\n<meta name=\"twitter:card\" content=\"summary\" \/>\n<meta name=\"twitter:label1\" content=\"Gesch\u00e4tzte Lesezeit\" \/>\n\t<meta name=\"twitter:data1\" content=\"7\u00a0Minuten\" \/>\n<script type=\"application\/ld+json\" class=\"yoast-schema-graph\">{\"@context\":\"https:\/\/schema.org\",\"@graph\":[{\"@type\":\"WebSite\",\"@id\":\"https:\/\/multihoster.org\/#website\",\"url\":\"https:\/\/multihoster.org\/\",\"name\":\"Multihoster.org\",\"description\":\"Reviews of the major Filehosting services\",\"potentialAction\":[{\"@type\":\"SearchAction\",\"target\":{\"@type\":\"EntryPoint\",\"urlTemplate\":\"https:\/\/multihoster.org\/?s={search_term_string}\"},\"query-input\":\"required name=search_term_string\"}],\"inLanguage\":\"de\"},{\"@type\":\"ImageObject\",\"@id\":\"https:\/\/multihoster.org\/de\/wipfiles\/#primaryimage\",\"inLanguage\":\"de\",\"url\":\"https:\/\/lh5.googleusercontent.com\/bTpIFx537dT-rest-gAP3KZZQkErDmcV1CfuQEo4e0CqhVqUiWRKJNFvA_m0cN-o6cAS9cgFIdx33rQ16G9W5XHjJx52FBjTPKn7geqWRoSYrqyb3wRpKQ1plPi2_YMDZda5atg\",\"contentUrl\":\"https:\/\/lh5.googleusercontent.com\/bTpIFx537dT-rest-gAP3KZZQkErDmcV1CfuQEo4e0CqhVqUiWRKJNFvA_m0cN-o6cAS9cgFIdx33rQ16G9W5XHjJx52FBjTPKn7geqWRoSYrqyb3wRpKQ1plPi2_YMDZda5atg\"},{\"@type\":\"WebPage\",\"@id\":\"https:\/\/multihoster.org\/de\/wipfiles\/#webpage\",\"url\":\"https:\/\/multihoster.org\/de\/wipfiles\/\",\"name\":\"WipFiles Premium Konto: Der Filehoster Auf Einen Blick\",\"isPartOf\":{\"@id\":\"https:\/\/multihoster.org\/#website\"},\"primaryImageOfPage\":{\"@id\":\"https:\/\/multihoster.org\/de\/wipfiles\/#primaryimage\"},\"datePublished\":\"2020-04-21T11:37:48+00:00\",\"dateModified\":\"2020-04-21T12:23:36+00:00\",\"description\":\"Ist WipFiles ein seri\u00f6ser Anbieter oder nicht, finden Sie die Antwort im aktuellen Test auf Multihoster.org \u279c Klicken Sie jetzt \u271a und lesen Sie unsere Erfahrungen!\",\"breadcrumb\":{\"@id\":\"https:\/\/multihoster.org\/de\/wipfiles\/#breadcrumb\"},\"inLanguage\":\"de\",\"potentialAction\":[{\"@type\":\"ReadAction\",\"target\":[\"https:\/\/multihoster.org\/de\/wipfiles\/\"]}]},{\"@type\":\"BreadcrumbList\",\"@id\":\"https:\/\/multihoster.org\/de\/wipfiles\/#breadcrumb\",\"itemListElement\":[{\"@type\":\"ListItem\",\"position\":1,\"name\":\"Startseite\",\"item\":\"https:\/\/multihoster.org\/de\/\"},{\"@type\":\"ListItem\",\"position\":2,\"name\":\"WipFiles Premium Konto: Der Filehoster Auf Einen Blick\"}]}]}<\/script>\n<!-- \/ Yoast SEO plugin. -->","yoast_head_json":{"title":"WipFiles Premium Konto: Der Filehoster Auf Einen Blick","description":"Ist WipFiles ein seri\u00f6ser Anbieter oder nicht, finden Sie die Antwort im aktuellen Test auf Multihoster.org \u279c Klicken Sie jetzt \u271a und lesen Sie unsere Erfahrungen!","robots":{"index":"index","follow":"follow","max-snippet":"max-snippet:-1","max-image-preview":"max-image-preview:large","max-video-preview":"max-video-preview:-1"},"canonical":"https:\/\/multihoster.org\/de\/wipfiles\/","og_locale":"de_DE","og_type":"article","og_title":"WipFiles Premium Konto: Der Filehoster Auf Einen Blick","og_description":"Ist WipFiles ein seri\u00f6ser Anbieter oder nicht, finden Sie die Antwort im aktuellen Test auf Multihoster.org \u279c Klicken Sie jetzt \u271a und lesen Sie unsere Erfahrungen!","og_url":"https:\/\/multihoster.org\/de\/wipfiles\/","og_site_name":"Multihoster.org","article_modified_time":"2020-04-21T12:23:36+00:00","og_image":[{"url":"https:\/\/lh5.googleusercontent.com\/bTpIFx537dT-rest-gAP3KZZQkErDmcV1CfuQEo4e0CqhVqUiWRKJNFvA_m0cN-o6cAS9cgFIdx33rQ16G9W5XHjJx52FBjTPKn7geqWRoSYrqyb3wRpKQ1plPi2_YMDZda5atg"}],"twitter_card":"summary","twitter_misc":{"Gesch\u00e4tzte Lesezeit":"7\u00a0Minuten"},"schema":{"@context":"https:\/\/schema.org","@graph":[{"@type":"WebSite","@id":"https:\/\/multihoster.org\/#website","url":"https:\/\/multihoster.org\/","name":"Multihoster.org","description":"Reviews of the major Filehosting services","potentialAction":[{"@type":"SearchAction","target":{"@type":"EntryPoint","urlTemplate":"https:\/\/multihoster.org\/?s={search_term_string}"},"query-input":"required name=search_term_string"}],"inLanguage":"de"},{"@type":"ImageObject","@id":"https:\/\/multihoster.org\/de\/wipfiles\/#primaryimage","inLanguage":"de","url":"https:\/\/lh5.googleusercontent.com\/bTpIFx537dT-rest-gAP3KZZQkErDmcV1CfuQEo4e0CqhVqUiWRKJNFvA_m0cN-o6cAS9cgFIdx33rQ16G9W5XHjJx52FBjTPKn7geqWRoSYrqyb3wRpKQ1plPi2_YMDZda5atg","contentUrl":"https:\/\/lh5.googleusercontent.com\/bTpIFx537dT-rest-gAP3KZZQkErDmcV1CfuQEo4e0CqhVqUiWRKJNFvA_m0cN-o6cAS9cgFIdx33rQ16G9W5XHjJx52FBjTPKn7geqWRoSYrqyb3wRpKQ1plPi2_YMDZda5atg"},{"@type":"WebPage","@id":"https:\/\/multihoster.org\/de\/wipfiles\/#webpage","url":"https:\/\/multihoster.org\/de\/wipfiles\/","name":"WipFiles Premium Konto: Der Filehoster Auf Einen Blick","isPartOf":{"@id":"https:\/\/multihoster.org\/#website"},"primaryImageOfPage":{"@id":"https:\/\/multihoster.org\/de\/wipfiles\/#primaryimage"},"datePublished":"2020-04-21T11:37:48+00:00","dateModified":"2020-04-21T12:23:36+00:00","description":"Ist WipFiles ein seri\u00f6ser Anbieter oder nicht, finden Sie die Antwort im aktuellen Test auf Multihoster.org \u279c Klicken Sie jetzt \u271a und lesen Sie unsere Erfahrungen!","breadcrumb":{"@id":"https:\/\/multihoster.org\/de\/wipfiles\/#breadcrumb"},"inLanguage":"de","potentialAction":[{"@type":"ReadAction","target":["https:\/\/multihoster.org\/de\/wipfiles\/"]}]},{"@type":"BreadcrumbList","@id":"https:\/\/multihoster.org\/de\/wipfiles\/#breadcrumb","itemListElement":[{"@type":"ListItem","position":1,"name":"Startseite","item":"https:\/\/multihoster.org\/de\/"},{"@type":"ListItem","position":2,"name":"WipFiles Premium Konto: Der Filehoster Auf Einen Blick"}]}]}},"_links":{"self":[{"href":"https:\/\/multihoster.org\/de\/wp-json\/wp\/v2\/pages\/4112"}],"collection":[{"href":"https:\/\/multihoster.org\/de\/wp-json\/wp\/v2\/pages"}],"about":[{"href":"https:\/\/multihoster.org\/de\/wp-json\/wp\/v2\/types\/page"}],"author":[{"embeddable":true,"href":"https:\/\/multihoster.org\/de\/wp-json\/wp\/v2\/users\/2"}],"replies":[{"embeddable":true,"href":"https:\/\/multihoster.org\/de\/wp-json\/wp\/v2\/comments?post=4112"}],"version-history":[{"count":2,"href":"https:\/\/multihoster.org\/de\/wp-json\/wp\/v2\/pages\/4112\/revisions"}],"predecessor-version":[{"id":4130,"href":"https:\/\/multihoster.org\/de\/wp-json\/wp\/v2\/pages\/4112\/revisions\/4130"}],"wp:attachment":[{"href":"https:\/\/multihoster.org\/de\/wp-json\/wp\/v2\/media?parent=4112"}],"curies":[{"name":"wp","href":"https:\/\/api.w.org\/{rel}","templated":true}]}}