{"id":4149,"date":"2020-04-21T13:38:55","date_gmt":"2020-04-21T13:38:55","guid":{"rendered":"https:\/\/multihoster.org\/hitfile\/"},"modified":"2020-04-21T14:16:10","modified_gmt":"2020-04-21T14:16:10","slug":"hitfile","status":"publish","type":"page","link":"https:\/\/multihoster.org\/de\/hitfile\/","title":{"rendered":"HitFile Premium Konto: Der Filehoster Auf Einen Blick"},"content":{"rendered":"\n<figure class=\"wp-block-image is-resized\"><img loading=\"lazy\" src=\"https:\/\/lh5.googleusercontent.com\/psmArbJyOPQToAelAKReR6w8u_TN38n6-JFWYyeR1bVafnTkFlUTCWWFlurqKCkVG33WWByZVLtepWod6-ShScUoA11NeZzvEeRpH7vEPv4eaIjOFudHCCRg7SlfX6GUpFPDHKE\" alt=\"HitFile logo\" width=\"439\" height=\"206\"\/><\/figure>\n\n\n\n<p>HitFile ist ein Datei-Hoster, der zum Hochladen, Herunterladen, Austauschen und Speichern von Dateien von Benutzern verwendet werden kann.<\/p>\n\n\n<a class=\"maxbutton-2 maxbutton maxbutton-cta\" target=\"_blank\" rel=\"nofollow noopener\" href=\"\/go\/\"><span class='mb-text'>&gt;&gt; Gehen Sie zur Original Linkifier Website<\/span><\/a>\n\n\n<p><\/p>\n\n\n\n<h2>Wie man Dateien hochl\u00e4dt<\/h2>\n\n\n\n<p>HitFile verf\u00fcgt \u00fcber drei (3) Methoden zum Hochladen einer Datei oder mehrerer Dateien. Die Benutzer von HitFile mit einem kostenlosen Konto und einem Premium-Konto k\u00f6nnen auf diese drei Methoden zugreifen. Die registrierten Benutzer k\u00f6nnen jede dieser Methoden zum Hochladen einer Datei verwenden, aber die Benutzer, die nicht auf der Website von HitDatei registriert sind, haben ein Limit f\u00fcr die Verwendung oder den Zugriff auf diese Methoden.<\/p>\n\n\n\n<p>Die drei (3) Methoden zum Hochladen einer Datei auf HitFile:<\/p>\n\n\n\n<p>1. <strong>Browser-Upload<\/strong><\/p>\n\n\n\n<p>Benutzer k\u00f6nnen beliebige Webbrowser verwenden, um darauf zuzugreifen. Diese Methode ist f\u00fcr die nicht registrierten und registrierten Benutzer zug\u00e4nglich.  Um eine Datei \u00fcber diese Methode hochzuladen, m\u00fcssen die Benutzer auf die Website von HitFile gehen und die Registerkarte &#8222;Browser Upload&#8220; finden (siehe Foto unten). Dann k\u00f6nnen die Benutzer auf die Schaltfl\u00e4che &#8222;Datei ausw\u00e4hlen&#8220; klicken, um die Datei(en) auszuw\u00e4hlen, oder sie k\u00f6nnen einfach die Datei(en), die sie auf die Website hochladen m\u00f6chten, &#8222;ziehen und ablegen&#8220;.<\/p>\n\n\n\n<p><strong>2. FTP-Upload<\/strong><\/p>\n\n\n\n<p><a rel=\"noreferrer noopener\" aria-label=\"FTP  (opens in a new tab)\" href=\"https:\/\/searchnetworking.techtarget.com\/definition\/File-Transfer-Protocol-FTP\" target=\"_blank\">FTP <\/a>ist die Kurzbezeichnung f\u00fcr das File Transfer Protocol. Diese Methode ist f\u00fcr unregistrierte und registrierte Benutzer zug\u00e4nglich. Um eine Datei \u00fcber diese Methode hochzuladen, m\u00fcssen die Benutzer auf die Seite von HitFile gehen und den Link &#8222;FTP Upload&#8220; finden (siehe Foto unten). Klicken Sie darauf, aber bevor die Benutzer auf diese FTP-Upload-Funktion zugreifen k\u00f6nnen, m\u00fcssen sie sich zuerst auf der Site von HitFile einloggen.<\/p>\n\n\n\n<p><strong>3. URL-Upload<\/strong><\/p>\n\n\n\n<p>Die <a rel=\"noreferrer noopener\" aria-label=\"URL  (opens in a new tab)\" href=\"https:\/\/www.computerhope.com\/jargon\/u\/url.htm\" target=\"_blank\">URL <\/a>ist die Kurzbezeichnung f\u00fcr den Uniform Resource Locator. Diese Methode ist NUR f\u00fcr die registrierten Benutzer zug\u00e4nglich und verf\u00fcgbar. Um eine Datei \u00fcber diese Methode hochzuladen, m\u00fcssen die Benutzer auf die Website von HitFile gehen und den Link &#8222;URL Upload&#8220; finden (siehe Foto unten). Klicken Sie darauf, aber bevor die Benutzer auf diese URL-Upload-Funktion zugreifen k\u00f6nnen, sollten sie zuerst auf der Website von HitFile angemeldet sein.<\/p>\n\n\n\n<figure class=\"wp-block-image\"><img src=\"https:\/\/lh4.googleusercontent.com\/gVA_41CU0EDl621L4XjsBkHV5OdAaVh2jbKJHoRMxrl-R9k8ed02sHNYN7Kj_lmX78JnPNLj0NdsZ78cr31hzldmyTOBRyXfGwcBgT2uqmVbqAJdeoKiqWJRiujL6jNbWjIblrM\" alt=\"Upload Methods of HitFile\"\/><\/figure>\n\n\n\n<h2>Herunterladen einer Datei<\/h2>\n\n\n\n<p>Um eine Datei herunterzuladen, k\u00f6nnen die Benutzer einen Download-Manager wie die untenstehende Liste verwenden:<\/p>\n\n\n\n<ul><li>FlashGet,<\/li><li> Accelerator Plus herunterladen,<\/li><li> Richtig,<\/li><li> FlashGet,<\/li><li> GoZilla,<\/li><li> Google-Datei-Download-Manager und<\/li><li> Andere<\/li><\/ul>\n\n\n\n<h2>Der File Checker<\/h2>\n\n\n\n<p>HitFile verf\u00fcgt \u00fcber einen File Checker, was eine ihrer guten Eigenschaften ist. Er wird zur \u00dcberpr\u00fcfung einer Datei oder mehrerer Dateien ben\u00f6tigt, wenn diese in der Datenbank oder auf dem Server von HitFile verf\u00fcgbar sind.<\/p>\n\n\n\n<h3>Wie \u00fcberpr\u00fcft man eine Datei mit dem File Checker?<\/h3>\n\n\n\n<ol><li>Gehen Sie auf die Seite von HitFile.<\/li><li> Gehen Sie zum unteren Teil der Homepage der Website.<\/li><li> Finden Sie den Link des &#8222;File Checker&#8220;.<\/li><li> Klicken Sie ihn an und er f\u00fchrt die Benutzer zur Seite des File Checker.<\/li><li> Kopieren Sie den Link einer Datei und f\u00fcgen Sie ihn dann in die Ablagebox des &#8222;File Checker&#8220; ein.<\/li><li> Klicken Sie auf die Schaltfl\u00e4che &#8222;Pr\u00fcfen&#8220;, um die eingegebenen Links der Datei oder der Dateien zu \u00fcberpr\u00fcfen. Die Benutzer k\u00f6nnen auch den Inhalt des K\u00e4stchens des File Checker l\u00f6schen, indem sie auf die Schaltfl\u00e4che &#8222;Clear&#8220; klicken.<\/li><\/ol>\n\n\n\n<h3>Regeln im File Checker:<\/h3>\n\n\n\n<ul><li>Die Benutzer k\u00f6nnen nicht mehr als zweihundert (200) Links auf einmal eingeben.<\/li><li> Die Benutzer sollten die Links pro Zeile eingeben. Ein (1) Link entspricht einer (1) Zeile.<\/li><\/ul>\n\n\n\n<h3>Der Application Programming Interface (API) Link Checker<\/h3>\n\n\n\n<p>Au\u00dferdem hat HitFile f\u00fcr die Entwickler Skripte erstellt und vorbereitet, mit denen sie das Application Programming Interface oder den <a rel=\"noreferrer noopener\" aria-label=\"API (opens in a new tab)\" href=\"https:\/\/en.wikipedia.org\/wiki\/Application_programming_interface\" target=\"_blank\">API<\/a>-Link-Checker verwenden k\u00f6nnen, um nach einer Datei oder mehreren Dateien zu suchen.<\/p>\n\n\n\n<p>Dies sind einige Beispiele f\u00fcr die \u00dcberpr\u00fcfung des Status einer Datei oder von Dateien.<\/p>\n\n\n\n<p>1. Wenn Sie ein Entwickler sind, der nur den Status einer (1) Datei pr\u00fcfen m\u00f6chte. Dann kann er oder sie sich auf das Beispielbild unten beziehen.<\/p>\n\n\n\n<figure class=\"wp-block-image\"><img src=\"https:\/\/lh4.googleusercontent.com\/vIh0D0ak1psOMOGDcNGwP31uZ-iQqe483iMJtVWpxfcbIj5LxQlwAS8dw9C4m5JBJEJsKSlZAbLZrG25qGfeZb5x03Z_SvSlU03kQkSTAenKoP8-i2l2xdsqAnL6e7rgUE1BNLg\" alt=\"API link checker for 1 file\"\/><\/figure>\n\n\n\n<p>2.. Aber, wenn Sie ein Entwickler sind, der nur den Status von mehr als einer (1) Datei \u00fcberpr\u00fcfen m\u00f6chte. Dann ist das folgende Beispielbild f\u00fcr Sie.<\/p>\n\n\n\n<figure class=\"wp-block-image\"><img src=\"https:\/\/lh3.googleusercontent.com\/pLWF2_WGdHXroQPMU1iemWrpxpLMg35sE5GpVHDHr2fyfg1YjXpwePMBZauSDTO62j2JNciJB14lfgDYUo3XrEwzcq3EkFWbRqYhxuFsf-_EQd1ScflP1En51xu_ETlroa8M0mk\" alt=\"API link checker for files\"\/><\/figure>\n\n\n\n<h2>HitFile Premium Konto<\/h2>\n\n\n\n<p>HitFile-Mitgliedschaftstyp f\u00fcr Premium-Konto<\/p>\n\n\n\n<figure class=\"wp-block-table\"><table class=\"\"><tbody><tr><td>Anzahl der Tage<\/td><td>Preise (f\u00fcr Vollzahler)<\/td><td>Preise (pro Tag)<\/td><td>Wie viel Geld kann ein Benutzer sparen?<\/td><\/tr><tr><td>25<\/td><td>9,95 USD<\/td><td>0,40 USD \/ Tag<\/td><td>Grundlegend (0 %)<\/td><\/tr><tr><td>70<\/td><td>24,95 USD<\/td><td>0,36 USD \/ Tag<\/td><td>Zehn Prozent (10%)<\/td><\/tr><tr><td>150<\/td><td>49,95 USD<\/td><td>0,33 USD \/ Tag<\/td><td>F\u00fcnfzehn Prozent (15%)<\/td><\/tr><tr><td>350<\/td><td>89,95 USD<\/td><td>0,26 USD \/ Tag<\/td><td>F\u00fcnfunddrei\u00dfig Prozent (35%)<\/td><\/tr><\/tbody><\/table><\/figure>\n\n\n\n<h3>HitFile-Konto aufr\u00fcsten<\/h3>\n\n\n\n<p>Benutzer m\u00fcssen die folgenden Schritte befolgen, um das Konto der Benutzer auf das Premium-Konto zu aktualisieren.<\/p>\n\n\n<a class=\"maxbutton-2 maxbutton maxbutton-cta\" target=\"_blank\" rel=\"nofollow noopener\" href=\"\/go\/\"><span class='mb-text'>&gt;&gt; Gehen Sie zur Original Linkifier Website<\/span><\/a>\n\n\n<p><\/p>\n\n\n\n<ol><li>Benutzer sollten zun\u00e4chst w\u00e4hlen, welche Art der Mitgliedschaft sie w\u00fcnschen oder ben\u00f6tigen.<\/li><li> Dann m\u00fcssen die Benutzer eine der Zahlungsmethoden f\u00fcr die Bezahlung des Premium-Accounts w\u00e4hlen.<\/li><li> Benutzer sollten immer den &#8222;https-Schutz&#8220; \u00fcberpr\u00fcfen, um die Sicherheit beim Herunterladen einer Datei oder mehrerer Dateien zu gew\u00e4hrleisten.<\/li><li> Benutzer k\u00f6nnen das K\u00e4stchen f\u00fcr das Abonnement von HitFile ankreuzen, aber es steht ihnen frei, es nicht zu abonnieren.<\/li><li> Geben Sie eine E-Mail-Adresse ein. Diese wird ben\u00f6tigt, um das Premium-Konto, die Premium-Codes und Updates \u00fcber die Funktionen, Dienste und Konten (falls abonniert) zu erhalten.<\/li><li> Klicken Sie dann auf die Schaltfl\u00e4che &#8222;Jetzt bezahlen&#8220;, um die eingegebenen Angaben zu \u00fcbermitteln und das gew\u00e4hlte Premium-Konto zu bezahlen.<\/li><li> Wenn Benutzer den Code f\u00fcr das Premium-Konto bereits haben, sollten sie ihn in das Feld eingeben, in das der Premium-Code f\u00fcr das Premium-Konto eingegeben werden muss, um alle Premium-Funktionen und -Dienste zu aktivieren.<\/li><\/ol>\n\n\n\n<figure class=\"wp-block-table\"><table class=\"\"><tbody><tr><td>\u2714 \u2714 \u2714 \u2714 Denken Sie daran, dass die Benutzer zuerst die Nutzungsbedingungen von HitFile lesen m\u00fcssen, um zu wissen, wie die Funktionen und Dienste der Seite korrekt genutzt werden k\u00f6nnen und um jegliche Art von Missbrauch \u00fcber HitFile zu vermeiden.<\/td><\/tr><\/tbody><\/table><\/figure>\n\n\n\n<h3>Bezahlung des HitFile Premium-Kontos<\/h3>\n\n\n\n<p>Die Benutzer k\u00f6nnen ihre gew\u00e4hlte Mitgliedschaftsart f\u00fcr den Premium-Account von HitFile durch verschiedene Zahlungsmethoden bezahlen. <\/p>\n\n\n\n<p>Unterst\u00fctzte Zahlungsmethoden von HitFile:<\/p>\n\n\n\n<ul><li>Visum,<\/li><li> MasterCard,<\/li><li> PayPal,<\/li><li> PaysafeCard,<\/li><li> Bitm\u00fcnzen, Litecoins oder andere Kryptow\u00e4hrungen<\/li><li> Sofort-Banking,<\/li><li> iDeal,<\/li><li> Bannkontakt, und<\/li><li> Die autorisierten Wiederverk\u00e4ufer<\/li><\/ul>\n\n\n\n<p>Die Benutzer m\u00fcssen sich keine Sorgen \u00fcber ihre Zahlung und Zahlungsdetails machen, da die Daten auf der Website alle verschl\u00fcsselt und 100% gesichert sind.<\/p>\n\n\n\n<h3>HitFile Premium-Konto: Aktivieren Sie es!<\/h3>\n\n\n\n<p>Die Benutzer ben\u00f6tigen einen Gutscheincode, um ihr Premium-Konto zu aktivieren, damit sie es nutzen und auf alle Funktionen und Dienstleistungen des Produkts zugreifen k\u00f6nnen. Sie k\u00f6nnen den Gutscheincode bei den Wiederverk\u00e4ufern von HitFile erwerben. Um den Gutscheincode zu aktivieren, m\u00fcssen die Benutzer die folgenden Schritte ausf\u00fchren.<\/p>\n\n\n\n<ol><li>Die Benutzer m\u00fcssen zun\u00e4chst einen Gutscheincode bei den Wiederverk\u00e4ufern erwerben. Der Gutscheincode, den die Benutzer f\u00fcr das Premium-Konto von HitFile erworben haben, wird ihnen schnell an ihre E-Mail-Adresse zugestellt.<\/li><li> Dann sollten sie auf die Website von HitFile gehen, um sich auf der Login-Seite in ihr Konto einzuloggen (E-Mail-Adresse und Passwort). Wenn sie noch nicht registriert sind, sollten sie zuerst auf die Registrierungsseite auf der Website von HitFile gehen. Benutzer sollten sich immer vergewissern, dass sie auf der Seite eingeloggt sind.<\/li><li> Dann sollten die Benutzer auf die Premium-Seite der Website von HitFile gehen und das Feld f\u00fcr den Premium-Code finden, um dort den Gutscheincode einzugeben.<\/li><li> Geben Sie den Gutscheincode ein und klicken Sie dann auf die Schaltfl\u00e4che &#8222;Aktivieren eines Premium-Codes&#8220;, um das gekaufte Premium-Konto zu aktivieren.<\/li><\/ol>\n\n\n\n<figure class=\"wp-block-table\"><table class=\"\"><tbody><tr><td>ERROR: &#8222;Zu viele Versuche f\u00fcr diesen Zugangscode&#8220;<\/td><\/tr><tr><td>Die Premium-Benutzer k\u00f6nnen nur bis zu vierzig (40) Mal pro Tag auf die Website zugreifen, aber nachdem sie ihr Premium-Konto erfolgreich aktiviert haben, merkt sich die Website die Benutzer und fragt nicht mehr nach einem Zugangscode.<\/td><\/tr><\/tbody><\/table><\/figure>\n\n\n\n<h2>Das Wiederverk\u00e4uferprogramm von HitFile<\/h2>\n\n\n\n<p>Die Benutzer k\u00f6nnen am Wiederverk\u00e4uferprogramm von HitFile teilnehmen. HitFile erlaubt Wiederverk\u00e4ufer f\u00fcr lokale und f\u00fcr internationale Orte. Die Benutzer, die daran teilnehmen m\u00f6chten, m\u00fcssen ihre Websites mit einem Zahlungssystem ausstatten, da dies eine der ersten Voraussetzungen f\u00fcr dieses Programm ist.<\/p>\n\n\n\n<p>Vorerst unterst\u00fctzen sie die Ersteinzahlung f\u00fcr den Kauf der Premium-Codes nicht.<\/p>\n\n\n\n<p>Damit sich Benutzer f\u00fcr das Wiederverk\u00e4uferprogramm bewerben k\u00f6nnen, m\u00fcssen sie das Empfehlungsformular ausf\u00fcllen. Dann wird der Antrag der Benutzer gepr\u00fcft und innerhalb von f\u00fcnf (5) Arbeitstagen ab dem Tag, an dem sie ihren Antrag eingereicht haben, bearbeitet. HitFile sendet eine Nachricht an die E-Mail-Adressen der Benutzer, um sie dar\u00fcber zu informieren, dass ihr Antrag oder ihre Bewerbung als autorisierter Wiederverk\u00e4ufer von HitFile genehmigt wurde.<\/p>\n\n\n\n<p>HitFile-Wiederverk\u00e4ufer &#8211; Kommissionstabelle<\/p>\n\n\n\n<figure class=\"wp-block-table\"><table class=\"\"><tbody><tr><td>Umsatzvolumen<\/td><td>Rabattsatz f\u00fcr das Produkt<\/td><\/tr><tr><td>gr\u00f6\u00dfer oder gleich 100,00 USD<\/td><td>20%<\/td><\/tr><tr><td>gr\u00f6\u00dfer oder gleich 500,00 USD<\/td><td>22.5%<\/td><\/tr><tr><td>gr\u00f6\u00dfer oder gleich 1.000,00 USD<\/td><td>25%<\/td><\/tr><tr><td>gr\u00f6\u00dfer oder gleich 2.500,00 USD<\/td><td>27.5%<\/td><\/tr><tr><td>gr\u00f6\u00dfer oder gleich 5.000,00 USD<\/td><td>30%<\/td><\/tr><tr><td>gr\u00f6\u00dfer oder gleich 12.000,00 USD<\/td><td>32.5%<\/td><\/tr><tr><td>gr\u00f6\u00dfer oder gleich 25.000,00 USD<\/td><td>35%<\/td><\/tr><tr><td>gr\u00f6\u00dfer oder gleich 50.000,00 USD<\/td><td>37.5%<\/td><\/tr><tr><td>gr\u00f6\u00dfer oder gleich 100.000,00 USD<\/td><td>40%<\/td><\/tr><\/tbody><\/table><\/figure>\n\n\n\n<h2>Ticket \u00f6ffnen<\/h2>\n\n\n\n<p>Ein Ticket wird verwendet, um die Fragen und Bedenken eines Benutzers aufzuwerfen. Die Benutzer k\u00f6nnen ein Ticket auf der Seite &#8222;Meine Konversation&#8220; \u00f6ffnen. Auf dieser Seite k\u00f6nnen sie auch ihre vorhandenen Tickets finden. Sie k\u00f6nnen HitFile auch per Skype, E-Mail oder \u00fcber das Ticket erreichen.<\/p>\n\n\n<a class=\"maxbutton-2 maxbutton maxbutton-cta\" target=\"_blank\" rel=\"nofollow noopener\" href=\"\/go\/\"><span class='mb-text'>&gt;&gt; Gehen Sie zur Original Linkifier Website<\/span><\/a>\n\n\n<p><\/p>\n","protected":false},"excerpt":{"rendered":"<p>HitFile ist ein Datei-Hoster, der zum Hochladen, Herunterladen, Austauschen und Speichern von Dateien von Benutzern verwendet werden kann. Wie man<\/p>\n","protected":false},"author":2,"featured_media":0,"parent":0,"menu_order":0,"comment_status":"closed","ping_status":"closed","template":"","meta":[],"yoast_head":"<!-- This site is optimized with the Yoast SEO plugin v18.3 - https:\/\/yoast.com\/wordpress\/plugins\/seo\/ -->\n<title>HitFile Premium Konto: Der Filehoster Auf Einen Blick<\/title>\n<meta name=\"description\" content=\"Ist HitFile ein seri\u00f6ser Anbieter oder nicht, finden Sie die Antwort im aktuellen Test auf Multihoster.org \u279c Klicken Sie jetzt \u271a und lesen Sie unsere Erfahrungen!\" \/>\n<meta name=\"robots\" content=\"index, follow, max-snippet:-1, max-image-preview:large, max-video-preview:-1\" \/>\n<link rel=\"canonical\" href=\"https:\/\/multihoster.org\/de\/hitfile\/\" \/>\n<meta property=\"og:locale\" content=\"de_DE\" \/>\n<meta property=\"og:type\" content=\"article\" \/>\n<meta property=\"og:title\" content=\"HitFile Premium Konto: Der Filehoster Auf Einen Blick\" \/>\n<meta property=\"og:description\" content=\"Ist HitFile ein seri\u00f6ser Anbieter oder nicht, finden Sie die Antwort im aktuellen Test auf Multihoster.org \u279c Klicken Sie jetzt \u271a und lesen Sie unsere Erfahrungen!\" \/>\n<meta property=\"og:url\" content=\"https:\/\/multihoster.org\/de\/hitfile\/\" \/>\n<meta property=\"og:site_name\" content=\"Multihoster.org\" \/>\n<meta property=\"article:modified_time\" content=\"2020-04-21T14:16:10+00:00\" \/>\n<meta property=\"og:image\" content=\"https:\/\/lh5.googleusercontent.com\/psmArbJyOPQToAelAKReR6w8u_TN38n6-JFWYyeR1bVafnTkFlUTCWWFlurqKCkVG33WWByZVLtepWod6-ShScUoA11NeZzvEeRpH7vEPv4eaIjOFudHCCRg7SlfX6GUpFPDHKE\" \/>\n<meta name=\"twitter:card\" content=\"summary\" \/>\n<meta name=\"twitter:label1\" content=\"Gesch\u00e4tzte Lesezeit\" \/>\n\t<meta name=\"twitter:data1\" content=\"7\u00a0Minuten\" \/>\n<script type=\"application\/ld+json\" class=\"yoast-schema-graph\">{\"@context\":\"https:\/\/schema.org\",\"@graph\":[{\"@type\":\"WebSite\",\"@id\":\"https:\/\/multihoster.org\/#website\",\"url\":\"https:\/\/multihoster.org\/\",\"name\":\"Multihoster.org\",\"description\":\"Reviews of the major Filehosting services\",\"potentialAction\":[{\"@type\":\"SearchAction\",\"target\":{\"@type\":\"EntryPoint\",\"urlTemplate\":\"https:\/\/multihoster.org\/?s={search_term_string}\"},\"query-input\":\"required name=search_term_string\"}],\"inLanguage\":\"de\"},{\"@type\":\"ImageObject\",\"@id\":\"https:\/\/multihoster.org\/de\/hitfile\/#primaryimage\",\"inLanguage\":\"de\",\"url\":\"https:\/\/lh5.googleusercontent.com\/psmArbJyOPQToAelAKReR6w8u_TN38n6-JFWYyeR1bVafnTkFlUTCWWFlurqKCkVG33WWByZVLtepWod6-ShScUoA11NeZzvEeRpH7vEPv4eaIjOFudHCCRg7SlfX6GUpFPDHKE\",\"contentUrl\":\"https:\/\/lh5.googleusercontent.com\/psmArbJyOPQToAelAKReR6w8u_TN38n6-JFWYyeR1bVafnTkFlUTCWWFlurqKCkVG33WWByZVLtepWod6-ShScUoA11NeZzvEeRpH7vEPv4eaIjOFudHCCRg7SlfX6GUpFPDHKE\"},{\"@type\":\"WebPage\",\"@id\":\"https:\/\/multihoster.org\/de\/hitfile\/#webpage\",\"url\":\"https:\/\/multihoster.org\/de\/hitfile\/\",\"name\":\"HitFile Premium Konto: Der Filehoster Auf Einen Blick\",\"isPartOf\":{\"@id\":\"https:\/\/multihoster.org\/#website\"},\"primaryImageOfPage\":{\"@id\":\"https:\/\/multihoster.org\/de\/hitfile\/#primaryimage\"},\"datePublished\":\"2020-04-21T13:38:55+00:00\",\"dateModified\":\"2020-04-21T14:16:10+00:00\",\"description\":\"Ist HitFile ein seri\u00f6ser Anbieter oder nicht, finden Sie die Antwort im aktuellen Test auf Multihoster.org \u279c Klicken Sie jetzt \u271a und lesen Sie unsere Erfahrungen!\",\"breadcrumb\":{\"@id\":\"https:\/\/multihoster.org\/de\/hitfile\/#breadcrumb\"},\"inLanguage\":\"de\",\"potentialAction\":[{\"@type\":\"ReadAction\",\"target\":[\"https:\/\/multihoster.org\/de\/hitfile\/\"]}]},{\"@type\":\"BreadcrumbList\",\"@id\":\"https:\/\/multihoster.org\/de\/hitfile\/#breadcrumb\",\"itemListElement\":[{\"@type\":\"ListItem\",\"position\":1,\"name\":\"Startseite\",\"item\":\"https:\/\/multihoster.org\/de\/\"},{\"@type\":\"ListItem\",\"position\":2,\"name\":\"HitFile Premium Konto: Der Filehoster Auf Einen Blick\"}]}]}<\/script>\n<!-- \/ Yoast SEO plugin. -->","yoast_head_json":{"title":"HitFile Premium Konto: Der Filehoster Auf Einen Blick","description":"Ist HitFile ein seri\u00f6ser Anbieter oder nicht, finden Sie die Antwort im aktuellen Test auf Multihoster.org \u279c Klicken Sie jetzt \u271a und lesen Sie unsere Erfahrungen!","robots":{"index":"index","follow":"follow","max-snippet":"max-snippet:-1","max-image-preview":"max-image-preview:large","max-video-preview":"max-video-preview:-1"},"canonical":"https:\/\/multihoster.org\/de\/hitfile\/","og_locale":"de_DE","og_type":"article","og_title":"HitFile Premium Konto: Der Filehoster Auf Einen Blick","og_description":"Ist HitFile ein seri\u00f6ser Anbieter oder nicht, finden Sie die Antwort im aktuellen Test auf Multihoster.org \u279c Klicken Sie jetzt \u271a und lesen Sie unsere Erfahrungen!","og_url":"https:\/\/multihoster.org\/de\/hitfile\/","og_site_name":"Multihoster.org","article_modified_time":"2020-04-21T14:16:10+00:00","og_image":[{"url":"https:\/\/lh5.googleusercontent.com\/psmArbJyOPQToAelAKReR6w8u_TN38n6-JFWYyeR1bVafnTkFlUTCWWFlurqKCkVG33WWByZVLtepWod6-ShScUoA11NeZzvEeRpH7vEPv4eaIjOFudHCCRg7SlfX6GUpFPDHKE"}],"twitter_card":"summary","twitter_misc":{"Gesch\u00e4tzte Lesezeit":"7\u00a0Minuten"},"schema":{"@context":"https:\/\/schema.org","@graph":[{"@type":"WebSite","@id":"https:\/\/multihoster.org\/#website","url":"https:\/\/multihoster.org\/","name":"Multihoster.org","description":"Reviews of the major Filehosting services","potentialAction":[{"@type":"SearchAction","target":{"@type":"EntryPoint","urlTemplate":"https:\/\/multihoster.org\/?s={search_term_string}"},"query-input":"required name=search_term_string"}],"inLanguage":"de"},{"@type":"ImageObject","@id":"https:\/\/multihoster.org\/de\/hitfile\/#primaryimage","inLanguage":"de","url":"https:\/\/lh5.googleusercontent.com\/psmArbJyOPQToAelAKReR6w8u_TN38n6-JFWYyeR1bVafnTkFlUTCWWFlurqKCkVG33WWByZVLtepWod6-ShScUoA11NeZzvEeRpH7vEPv4eaIjOFudHCCRg7SlfX6GUpFPDHKE","contentUrl":"https:\/\/lh5.googleusercontent.com\/psmArbJyOPQToAelAKReR6w8u_TN38n6-JFWYyeR1bVafnTkFlUTCWWFlurqKCkVG33WWByZVLtepWod6-ShScUoA11NeZzvEeRpH7vEPv4eaIjOFudHCCRg7SlfX6GUpFPDHKE"},{"@type":"WebPage","@id":"https:\/\/multihoster.org\/de\/hitfile\/#webpage","url":"https:\/\/multihoster.org\/de\/hitfile\/","name":"HitFile Premium Konto: Der Filehoster Auf Einen Blick","isPartOf":{"@id":"https:\/\/multihoster.org\/#website"},"primaryImageOfPage":{"@id":"https:\/\/multihoster.org\/de\/hitfile\/#primaryimage"},"datePublished":"2020-04-21T13:38:55+00:00","dateModified":"2020-04-21T14:16:10+00:00","description":"Ist HitFile ein seri\u00f6ser Anbieter oder nicht, finden Sie die Antwort im aktuellen Test auf Multihoster.org \u279c Klicken Sie jetzt \u271a und lesen Sie unsere Erfahrungen!","breadcrumb":{"@id":"https:\/\/multihoster.org\/de\/hitfile\/#breadcrumb"},"inLanguage":"de","potentialAction":[{"@type":"ReadAction","target":["https:\/\/multihoster.org\/de\/hitfile\/"]}]},{"@type":"BreadcrumbList","@id":"https:\/\/multihoster.org\/de\/hitfile\/#breadcrumb","itemListElement":[{"@type":"ListItem","position":1,"name":"Startseite","item":"https:\/\/multihoster.org\/de\/"},{"@type":"ListItem","position":2,"name":"HitFile Premium Konto: Der Filehoster Auf Einen Blick"}]}]}},"_links":{"self":[{"href":"https:\/\/multihoster.org\/de\/wp-json\/wp\/v2\/pages\/4149"}],"collection":[{"href":"https:\/\/multihoster.org\/de\/wp-json\/wp\/v2\/pages"}],"about":[{"href":"https:\/\/multihoster.org\/de\/wp-json\/wp\/v2\/types\/page"}],"author":[{"embeddable":true,"href":"https:\/\/multihoster.org\/de\/wp-json\/wp\/v2\/users\/2"}],"replies":[{"embeddable":true,"href":"https:\/\/multihoster.org\/de\/wp-json\/wp\/v2\/comments?post=4149"}],"version-history":[{"count":1,"href":"https:\/\/multihoster.org\/de\/wp-json\/wp\/v2\/pages\/4149\/revisions"}],"predecessor-version":[{"id":4161,"href":"https:\/\/multihoster.org\/de\/wp-json\/wp\/v2\/pages\/4149\/revisions\/4161"}],"wp:attachment":[{"href":"https:\/\/multihoster.org\/de\/wp-json\/wp\/v2\/media?parent=4149"}],"curies":[{"name":"wp","href":"https:\/\/api.w.org\/{rel}","templated":true}]}}