{"id":4194,"date":"2020-04-22T09:42:02","date_gmt":"2020-04-22T09:42:02","guid":{"rendered":"https:\/\/multihoster.org\/easybytez-2\/"},"modified":"2020-06-25T11:00:00","modified_gmt":"2020-06-25T11:00:00","slug":"easybytez-2","status":"publish","type":"page","link":"https:\/\/multihoster.org\/de\/easybytez-2\/","title":{"rendered":"Easybytez Premium Konto: Der Filehoster Auf Einen Blick"},"content":{"rendered":"\n<figure class=\"wp-block-image\"><img src=\"https:\/\/lh3.googleusercontent.com\/7sfcXzV_u2BPeouW-wuBjXqm-MqY932QRkL-JyOSuK8zPkTenI_E2y9N1CSskXlVvXUk4p9xSKJGO8Sf6Ih44wVJ_hMs6n57ybNKpCeG-IQrrKkupcu--8JouUcWxCYFXSUN36E\" alt=\"Easybytez logo\"\/><\/figure>\n\n\n\n<p>Easybytez ist ein Datei-Hosting-Provider, der jederzeit und \u00fcberall Downloads und Uploads von Dateien anbietet. Viele Dateitypen werden f\u00fcr den Upload unterst\u00fctzt, wie z.B. Fotos, Videos, Dokumente und archivierte Dateien. Im Gegensatz zu anderen teureren, komplexeren und komplizierteren Datei-Hosting-Anbietern macht Easybytez seinem Namen alle Ehre, indem es einfaches und erstklassiges Datei-Hosting auf Knopfdruck anbietet.  Es ist kostenlos, Dateien von Easybytez hoch- und herunterzuladen. Wenn Sie jedoch den Premium-Account-Dienst von Easybytez erleben und die Vorteile der angebotenen Funktionen nutzen m\u00f6chten, ist die Registrierung f\u00fcr einen Premium-Account sehr einfach. Bereits ab $3,99 k\u00f6nnen Sie 7 Tage lang das Beste aus dem Premium-Account von Easybytez machen. Sie k\u00f6nnen Dateien von mehreren Hosts herunterladen, haben unbegrenzte Speicherzeit f\u00fcr Ihre Dateien, k\u00f6nnen Downloads anhalten und fortsetzen, werbefreies Dashboard und Captchas \u00fcberspringen. Was den Premium-Account von Easybytez von anderen Websites unterscheidet, ist, dass Sie von all diesen Vorteilen profitieren k\u00f6nnen, ohne sich um die Sicherheit und den Schutz Ihrer Dateien sorgen zu m\u00fcssen. Im Vergleich zu den meisten popul\u00e4ren Datei-Hosting-Providern im Internet ist der Service von Easybytez um ein Vielfaches billiger und bietet fast dieselben Funktionen, die auf diesen Websites zu finden sind.<\/p>\n\n\n<a class=\"maxbutton-2 maxbutton maxbutton-cta\" target=\"_blank\" rel=\"nofollow noopener\" href=\"\/go\/\"><span class='mb-text'>&gt;&gt; Gehen Sie zur Original Linkifier Website<\/span><\/a>\n\n\n<p><\/p>\n\n\n\n<h2>DIE MERKMALE DES EASYBYTEZ-PREMIUMKONTOS<\/h2>\n\n\n\n<h3>BENUTZERFREUNDLICHE SCHNITTSTELLE<\/h3>\n\n\n\n<p>Mit einer einfach zu bedienenden und leicht verst\u00e4ndlichen Benutzeroberfl\u00e4che ist das Hoch- und Herunterladen Ihrer Dateien auf den <a rel=\"noreferrer noopener\" aria-label=\"Cloud-Storage (opens in a new tab)\" href=\"https:\/\/www.techopedia.com\/definition\/26535\/cloud-storage\" target=\"_blank\">Cloud-Storage<\/a> von Easybyte leicht gemacht worden.  Mit einem Premium-Account k\u00f6nnen Sie Ihre Dateien schnell und einfach hoch- und herunterladen, ohne m\u00fchsam durch verschiedene Links oder l\u00e4stige Werbung gehen zu m\u00fcssen. Um eine Datei hochzuladen, k\u00f6nnen Sie Ihre Dateien per Drag &amp; Drop auf Ihren Browser ziehen und der Upload startet automatisch. Ein-Klick-Downloads stehen f\u00fcr Ihre eigenen Dateien zur Verf\u00fcgung, auf die Sie einfach \u00fcber Ihr Profil zugreifen k\u00f6nnen. Sie k\u00f6nnen diesen Link f\u00fcr jeden beliebigen Benutzer freigeben, der jedoch nur \u00fcber eine begrenzte Zeit verf\u00fcgt, um Ihre Datei herunterzuladen und auf sie zuzugreifen, bevor der Link verschwindet und Sie einen neuen Link generieren m\u00fcssen. Sie k\u00f6nnen Ihre hochgeladenen Dateien auch einfach nach Kategorien wie Dateigr\u00f6\u00dfe, Upload-Datum oder Dateityp sortieren und organisieren und so die Zeit f\u00fcr die Suche nach einer bestimmten Datei minimieren, falls Sie diese ben\u00f6tigen. Die Website von Easybytez ist f\u00fcr jedermann leicht zug\u00e4nglich, solange er \u00fcber seinen pers\u00f6nlichen Computer oder mobile Ger\u00e4te mit dem Internet verbunden ist. Wenn Sie beispielsweise eine Datei von Ihrem privaten Computer zu Hause auf ein anderes Ger\u00e4t in Ihrem B\u00fcro bei der Arbeit \u00fcbertragen m\u00fcssen, k\u00f6nnen Sie sie einfach zu Hause hochladen und einfach darauf zugreifen und die Datei mit wenigen Klicks von einem anderen Computer herunterladen.<\/p>\n\n\n\n<h3>UNBEGRENZTE DATEISPEICHERDAUER<\/h3>\n\n\n\n<p>Mit einem kostenlosen Konto werden alle von Ihnen hochgeladenen Dateien bis zu sieben Tage lang auf den Servern gespeichert und danach f\u00fcr immer gel\u00f6scht. Wenn Sie jedoch an gro\u00dfen Dateien arbeiten, die \u00fcber einen l\u00e4ngeren Zeitraum gespeichert oder per Fernzugriff gesichert werden m\u00fcssen, k\u00f6nnen Sie mit einem Premium-Account die Cloud-Storage-Server von Easybytez als sekund\u00e4res Backup f\u00fcr diese Dateien nutzen. Firmen und kleine Unternehmen, die nach einem Remote-Backup f\u00fcr ihre kritischen Dateien suchen, k\u00f6nnen von diesen Funktionen am meisten profitieren. Heutzutage ist eine zuverl\u00e4ssige Backup-Speicherl\u00f6sung erforderlich. Wenn Sie versehentlich eine wichtige Datei auf Ihrem Computer oder Ger\u00e4t gel\u00f6scht haben, k\u00f6nnen Sie problemlos auf diese Datei zugreifen und sie von den Cloud-Servern wiederherstellen. Sie k\u00f6nnen sicher sein, dass die von Ihnen hochgeladenen Dateien niemals gel\u00f6scht werden und immer gesichert sind, solange Sie sich mindestens einmal alle 30 Tage in Ihr Premium-Konto einloggen.<\/p>\n\n\n\n<h3>MAXIMALE UPLOAD- UND DOWNLOAD-GESCHWINDIGKEITEN<\/h3>\n\n\n\n<p>Maximale Download-Geschwindigkeiten sind auch f\u00fcr Premium-Accounts verf\u00fcgbar, um eine schnelle \u00dcbertragung von Dateien wie Dokumenten, Fotos oder Videos zu gew\u00e4hrleisten. Premium-Accounts sind auch berechtigt, beim Herunterladen einer Datei Priorit\u00e4ten zu setzen. Sie m\u00fcssen nie auf den Download der ben\u00f6tigten Dateien warten, und alles kann mit einem einzigen Klick erledigt werden, w\u00e4hrend f\u00fcr kostenlose Benutzer Einschr\u00e4nkungen gelten, wie z.B. dass immer nur eine Datei zu einem bestimmten Zeitpunkt heruntergeladen werden kann. Maximale Datei\u00fcbertragungsgeschwindigkeiten sind ebenfalls im Premium-Account enthalten, so dass Sie in kurzer Zeit mehr Dateien hochladen k\u00f6nnen. Die Verwendung von <a rel=\"noreferrer noopener\" aria-label=\"Download-Managern (opens in a new tab)\" href=\"https:\/\/encyclopedia2.thefreedictionary.com\/download+manager\" target=\"_blank\">Download-Managern<\/a> ist auch f\u00fcr Premium-Benutzer erlaubt, um sicherzustellen, dass Sie die von Ihrem Dienstanbieter zur Verf\u00fcgung gestellte H\u00f6chstgeschwindigkeit nutzen, und es erm\u00f6glicht Ihnen, Ihre Downloads in einer f\u00fcr Sie bequemen Weise zu organisieren. Gratis-Benutzer k\u00f6nnen jeweils nur eine Datei auf einmal hochladen, mit einer Begrenzung auf 200 MB pro Datei, w\u00e4hrend Benutzer mit einem Premium-Account mehrere Dateien auf einmal hochladen k\u00f6nnen, mit einer maximalen Upload-Gr\u00f6\u00dfe von 5 GB pro Datei.<\/p>\n\n\n\n<h3>MEHRERE DOWNLOADS UND WIEDERAUFNAHME VON DOWNLOADS<\/h3>\n\n\n\n<p>Benutzer eines Easybytez-Premiumkontos k\u00f6nnen mehrere Dateien auf einmal herunterladen. Ohne darauf warten zu m\u00fcssen, dass eine Datei fertig heruntergeladen ist, k\u00f6nnen Sie mit dem Herunterladen riesiger Dateien beginnen und sofort eine weitere herunterladen. Dadurch sparen Sie Zeit, wenn Sie gro\u00dfe Dateien wie z.B. Videos herunterladen, die in mehrere Dateien aufgeteilt sind. Die Wiederaufnahme des Herunterladens ist auch zul\u00e4ssig, wenn Sie einen Premium-Plan abonniert haben. Falls Sie das Herunterladen einer Datei unterbrechen m\u00fcssen, wird das Herunterladen beim n\u00e4chsten Mal an der Stelle fortgesetzt, an der Sie die Datei verlassen haben, auch wenn Sie Ihren Computer ausgeschaltet und Ihren Browser beendet haben. Die Bequemlichkeit, den Datei-Download wieder aufnehmen zu m\u00fcssen, steht Ihnen zur Verf\u00fcgung, wenn Sie das Premium-Account von Easybyte nutzen. Benutzer mit einem Premium-Account k\u00f6nnen bis zu 5 GB pro Datei hochladen, und diese k\u00f6nnen unbegrenzt auf den Cloud-Servern von Easybytez gespeichert werden.<\/p>\n\n\n<a class=\"maxbutton-2 maxbutton maxbutton-cta\" target=\"_blank\" rel=\"nofollow noopener\" href=\"\/go\/\"><span class='mb-text'>&gt;&gt; Gehen Sie zur Original Linkifier Website<\/span><\/a>\n\n\n<p><\/p>\n\n\n\n<h3>ANZEIGEN- UND CAPTCHA-FREIE SCHNITTSTELLE<\/h3>\n\n\n\n<p>Die meisten Websites haben Anzeigen zur Unterst\u00fctzung ihrer Finanzierung, um sie am Laufen zu halten. <a rel=\"noreferrer noopener\" aria-label=\"CAPTCHAs  (opens in a new tab)\" href=\"https:\/\/techterms.com\/definition\/captcha\" target=\"_blank\">CAPTCHAs <\/a>werden implementiert, um Bots daran zu hindern, die Downloads und Uploads von Inhalten auf die Server zu spammen. Benutzer von Premium-Accounts haben das Privileg einer werbefreien Schnittstelle und m\u00fcssen keine Captchas beantworten, um mit dem Hoch- oder Herunterladen von Dateien zu beginnen. Dadurch wird sichergestellt, dass kostenlose Benutzer die <a rel=\"noreferrer noopener\" aria-label=\"Bandbreitenkapazit\u00e4ten  (opens in a new tab)\" href=\"https:\/\/techterms.com\/definition\/bandwidth\" target=\"_blank\">Bandbreitenkapazit\u00e4ten <\/a>des Servers nicht st\u00f6ren und \u00fcberlasten, und Premium-Accounts haben beim Herunterladen von Dateien Vorrang.<\/p>\n\n\n\n<h3>BILLIGES UND DENNOCH SICHERES DATEI-HOSTING<\/h3>\n\n\n\n<p>Passw\u00f6rter k\u00f6nnen verwendet werden, um Ihre pers\u00f6nlichen Dateien wie Fotos und Videos zu sch\u00fctzen. Andere Benutzer k\u00f6nnen Dateien von jedermann auf der ganzen Welt suchen und herunterladen, und indem sie ein sicheres Passwort f\u00fcr Ihre Dateien vergeben, k\u00f6nnen sie diese nicht ohne Ihr Passwort und Ihre Erlaubnis herunterladen. Beim Hoch- und Herunterladen von Dateien werden erweiterte Sicherheitsmethoden verwendet, um unn\u00f6tiges und aufdringliches Verhalten zu verhindern. Im Falle eines ungewohnten Zugriffs auf Ihr Konto (z.B. Zugriff von einem Ger\u00e4t, das Sie normalerweise nicht benutzen, oder von einer unbekannten IP-Adresse aus) wird Ihnen eine Best\u00e4tigungs-E-Mail zur Best\u00e4tigung Ihrer Identit\u00e4t zugesandt.<\/p>\n\n\n\n<p>Kein anderer Datei-Hosting-Service kommt den Premium-Account-Funktionen von EasyBytez auch nur ann\u00e4hernd nahe.flexible Zahlungsmethoden sind verf\u00fcgbar, sollten Sie einen Premium-Account nutzen. Ab $3,99 k\u00f6nnen Sie 7 Tage lang alle Vorteile eines Premium-Accounts nutzen. Wenn Sie Ihr Abonnement erneuern, erhalten Sie einen Rabatt, und durch die Inanspruchnahme einer l\u00e4ngeren Premium-Account-Dauer kommen Sie in den Genuss von Rabatten von bis zu 25%. Die Zahlung f\u00fcr die EasyBytez-Pr\u00e4mie ist sicher und sofort m\u00f6glich. Die meisten Kreditkarten wie Mastercard, Visa, Citibank oder American Express werden auf der Zahlungsseite akzeptiert. Es gibt auch mehrere Zahlungsanbieter auf der Website, falls Sie diese bequemer als die traditionellen Zahlungsmethoden finden sollten. Die Zahlung auf der Webseite von Easybytez ist schnell und sicher.<\/p>\n\n\n\n<h2>KOSTENLOSES KONTO GEGEN\u00dcBER EINEM PREMIUM-KONTO<\/h2>\n\n\n\n<figure class=\"wp-block-table\"><table class=\"\"><tbody><tr><td>MERKMALE<\/td><td>KOSTENLOS<\/td><td>PREMIUM<\/td><\/tr><tr><td>DOWNLOAD-GESCHWINDIGKEIT<\/td><td>300Kb\/s<\/td><td>UNBEGRENZT<\/td><\/tr><tr><td>BANDBREITE<\/td><td>EINGESCHR\u00c4NKT<\/td><td>MAXIMAL<\/td><\/tr><tr><td>ANZEIGEN UND CAPTCHA<\/td><td>JA<\/td><td>NEIN<\/td><\/tr><tr><td>ANZAHL DER DATEIEN PRO DOWNLOAD<\/td><td>1 AT A ZEIT<\/td><td>BIS ZU 5 DATEIEN<\/td><\/tr><tr><td>DOWNLOAD-KAPAZIT\u00c4T<\/td><td>1GB\/STUNDE<\/td><td>UNBEGRENZT<\/td><\/tr><tr><td>MAXIMALE DATEIGR\u00d6\u00dfE F\u00dcR DEN UPLOAD<\/td><td>200MB<\/td><td>5GB<\/td><\/tr><tr><td>WIEDERAUFNAHME DER DOWNLOADS<\/td><td>NEIN<\/td><td>ERLAUBT<\/td><\/tr><tr><td>UNTERST\u00dcTZUNG F\u00dcR DOWNLOAD-MANAGER<\/td><td>NEIN<\/td><td>JA<\/td><\/tr><tr><td>SOFORT-DOWNLOADS<\/td><td>NEIN<\/td><td>JA<\/td><\/tr><\/tbody><\/table><\/figure>\n\n\n\n<h2>DIE NUTZUNG EINES PREMIUM-KONTOS IST EINFACH<\/h2>\n\n\n\n<p>Es ist einfach, einen Premium-Account zu nutzen, wenn Sie sich daf\u00fcr entscheiden. Klicken Sie auf der Website von Easybytez einfach auf die Registerkarte PREMIUM, die sich oben auf der Webseite befindet. Dadurch gelangen Sie zur Registrierungsseite. F\u00fcllen Sie die notwendigen und wichtigen Informationen aus, w\u00e4hlen Sie die Dauer Ihres Abonnements und die Zahlungsmodalit\u00e4ten werden Ihnen zur Verf\u00fcgung gestellt. Sie erhalten auch eine E-Mail zur Best\u00e4tigung Ihrer Anmeldung zusammen mit Ihren Kontodaten. <\/p>\n\n\n\n<figure class=\"wp-block-image\"><img src=\"https:\/\/lh6.googleusercontent.com\/XbpNEtdZIwyLYqDb6VDaBfktDsH_4QFTTdxK_4JYpbvaryOdF2KqUAK-mJm6sfLFfUWbYCA6ESdCTpwelxYWwg-yFOp_ZxStE14vbCRgj9fgS39BWocuoHNxqQ6zg72MQWdCtR4\" alt=\"Easybytez premium account link\"\/><\/figure>\n\n\n\n<figure class=\"wp-block-image\"><img src=\"https:\/\/lh5.googleusercontent.com\/w3uqvoyy9XNtC6Gd_seRXm2oGWEmKi9Mgm6elv3umo3eQ21EWsymgjp7gS_iNMI6MmNeKs1TVuH51iGm-5J8wp2fZe_1xg9jIoQedv6-J-ef4xSrfmIu3ZaBJS4TGozQnE8Tqic\" alt=\"Easybytez user registration form\"\/><\/figure>\n\n\n\n<p>Die Zahlung per Kreditkarte wird empfohlen, da sie schnell und sicher ist und in den meisten F\u00e4llen sofort erfolgt. Wenn Sie jedoch keine Kreditkarte besitzen, ist auch die Zahlung \u00fcber Paypal ratsam. Die Zahlungsmethoden und Abonnementpl\u00e4ne sind unten aufgef\u00fchrt.<\/p>\n\n\n\n<figure class=\"wp-block-table\"><table class=\"\"><tbody><tr><td>7 Tage Premium<\/td><td>30 Tage  Premium <\/td><td>90 Tage  Premium <\/td><td>180 Tage  Premium <\/td><td>365 Tage  Premium <\/td><\/tr><tr><td>$3.99<\/td><td>$7.99<\/td><td>$17.99<\/td><td>$29.99<\/td><td>$54.99<\/td><\/tr><\/tbody><\/table><\/figure>\n\n\n\n<figure class=\"wp-block-image\"><img src=\"https:\/\/lh6.googleusercontent.com\/2cW4_B8fAFVEit8qPeWTkTYLv4VYbm0HSLnm24RPfRMPZE0-CoeF2ejrZosb5aF8Hp2KpD2A4cVupO70JC4qqYKNHpEjXqRR-Zwi1DlPI7vLdXl19eGEocdHHKHH5q2xjL_Mtek\" alt=\"Easybytez payment methods\"\/><\/figure>\n\n\n\n<h2>IST EASYBYTEZ SICHER?<\/h2>\n\n\n\n<p>Easybytez stellt sicher, dass alle Informationen, die von seinen Benutzern weitergegeben werden, wie z.B. Kreditkarteninformationen oder Ihre E-Mail-Adresse, sicher und gesch\u00fctzt sind. Alle Informationen, die sie in ihrem Besitz haben, werden niemals an Dritte weitergegeben. Sogar die von Ihnen hochgeladenen Dateien sind gesichert und vor Hackern gesch\u00fctzt, die ohne Ihre Zustimmung versuchen, auf Ihre Dateien zuzugreifen. Erweiterte Dateiverschl\u00fcsselung und Sicherheitsprotokolle sind implementiert, um Sie und die Privatsph\u00e4re Ihrer Dateien zu sch\u00fctzen. W\u00e4hrend es erlaubt ist, jede Datei auf die Server hochzuladen, wird ein erster Scan nach Dateien initiiert, um Malware oder verd\u00e4chtige Aktivit\u00e4ten aufzusp\u00fcren.  St\u00e4ndige Wartung ist ebenfalls implementiert, um Datenverluste zu verhindern. Alle Dateien, die hochgeladen und auf den Servern gespeichert werden, sind Eigentum des Benutzers, und Easybytez greift in keiner Weise in diese Dateien ein. Sie k\u00f6nnen immer darauf vertrauen, dass die Sicherheitsmethoden von Easybytez implementiert sind, um Zeit und Kosten f\u00fcr Ihre Backup- und Online-Speicheranforderungen zu sparen.<\/p>\n\n\n<a class=\"maxbutton-2 maxbutton maxbutton-cta\" target=\"_blank\" rel=\"nofollow noopener\" href=\"\/go\/\"><span class='mb-text'>&gt;&gt; Gehen Sie zur Original Linkifier Website<\/span><\/a>\n\n\n<p><\/p>\n","protected":false},"excerpt":{"rendered":"<p>Easybytez ist ein Datei-Hosting-Provider, der jederzeit und \u00fcberall Downloads und Uploads von Dateien anbietet. Viele Dateitypen werden f\u00fcr den Upload<\/p>\n","protected":false},"author":2,"featured_media":0,"parent":0,"menu_order":0,"comment_status":"closed","ping_status":"closed","template":"","meta":[],"yoast_head":"<!-- This site is optimized with the Yoast SEO plugin v18.3 - https:\/\/yoast.com\/wordpress\/plugins\/seo\/ -->\n<title>Easybytez Premium Konto: Der Filehoster Auf Einen Blick<\/title>\n<meta name=\"description\" content=\"Ist Easybytez ein seri\u00f6ser Anbieter oder nicht, finden Sie die Antwort im aktuellen Test auf Multihoster.org \u279c Klicken Sie jetzt \u271a und lesen Sie unsere Erfahrungen!\" \/>\n<meta name=\"robots\" content=\"index, follow, max-snippet:-1, max-image-preview:large, max-video-preview:-1\" \/>\n<link rel=\"canonical\" href=\"https:\/\/multihoster.org\/de\/easybytez-2\/\" \/>\n<meta property=\"og:locale\" content=\"de_DE\" \/>\n<meta property=\"og:type\" content=\"article\" \/>\n<meta property=\"og:title\" content=\"Easybytez Premium Konto: Der Filehoster Auf Einen Blick\" \/>\n<meta property=\"og:description\" content=\"Ist Easybytez ein seri\u00f6ser Anbieter oder nicht, finden Sie die Antwort im aktuellen Test auf Multihoster.org \u279c Klicken Sie jetzt \u271a und lesen Sie unsere Erfahrungen!\" \/>\n<meta property=\"og:url\" content=\"https:\/\/multihoster.org\/de\/easybytez-2\/\" \/>\n<meta property=\"og:site_name\" content=\"Multihoster.org\" \/>\n<meta property=\"article:modified_time\" content=\"2020-06-25T11:00:00+00:00\" \/>\n<meta property=\"og:image\" content=\"https:\/\/lh3.googleusercontent.com\/7sfcXzV_u2BPeouW-wuBjXqm-MqY932QRkL-JyOSuK8zPkTenI_E2y9N1CSskXlVvXUk4p9xSKJGO8Sf6Ih44wVJ_hMs6n57ybNKpCeG-IQrrKkupcu--8JouUcWxCYFXSUN36E\" \/>\n<meta name=\"twitter:card\" content=\"summary\" \/>\n<meta name=\"twitter:label1\" content=\"Gesch\u00e4tzte Lesezeit\" \/>\n\t<meta name=\"twitter:data1\" content=\"8\u00a0Minuten\" \/>\n<script type=\"application\/ld+json\" class=\"yoast-schema-graph\">{\"@context\":\"https:\/\/schema.org\",\"@graph\":[{\"@type\":\"WebSite\",\"@id\":\"https:\/\/multihoster.org\/#website\",\"url\":\"https:\/\/multihoster.org\/\",\"name\":\"Multihoster.org\",\"description\":\"Reviews of the major Filehosting services\",\"potentialAction\":[{\"@type\":\"SearchAction\",\"target\":{\"@type\":\"EntryPoint\",\"urlTemplate\":\"https:\/\/multihoster.org\/?s={search_term_string}\"},\"query-input\":\"required name=search_term_string\"}],\"inLanguage\":\"de\"},{\"@type\":\"ImageObject\",\"@id\":\"https:\/\/multihoster.org\/de\/easybytez-2\/#primaryimage\",\"inLanguage\":\"de\",\"url\":\"https:\/\/lh3.googleusercontent.com\/7sfcXzV_u2BPeouW-wuBjXqm-MqY932QRkL-JyOSuK8zPkTenI_E2y9N1CSskXlVvXUk4p9xSKJGO8Sf6Ih44wVJ_hMs6n57ybNKpCeG-IQrrKkupcu--8JouUcWxCYFXSUN36E\",\"contentUrl\":\"https:\/\/lh3.googleusercontent.com\/7sfcXzV_u2BPeouW-wuBjXqm-MqY932QRkL-JyOSuK8zPkTenI_E2y9N1CSskXlVvXUk4p9xSKJGO8Sf6Ih44wVJ_hMs6n57ybNKpCeG-IQrrKkupcu--8JouUcWxCYFXSUN36E\"},{\"@type\":\"WebPage\",\"@id\":\"https:\/\/multihoster.org\/de\/easybytez-2\/#webpage\",\"url\":\"https:\/\/multihoster.org\/de\/easybytez-2\/\",\"name\":\"Easybytez Premium Konto: Der Filehoster Auf Einen Blick\",\"isPartOf\":{\"@id\":\"https:\/\/multihoster.org\/#website\"},\"primaryImageOfPage\":{\"@id\":\"https:\/\/multihoster.org\/de\/easybytez-2\/#primaryimage\"},\"datePublished\":\"2020-04-22T09:42:02+00:00\",\"dateModified\":\"2020-06-25T11:00:00+00:00\",\"description\":\"Ist Easybytez ein seri\u00f6ser Anbieter oder nicht, finden Sie die Antwort im aktuellen Test auf Multihoster.org \u279c Klicken Sie jetzt \u271a und lesen Sie unsere Erfahrungen!\",\"breadcrumb\":{\"@id\":\"https:\/\/multihoster.org\/de\/easybytez-2\/#breadcrumb\"},\"inLanguage\":\"de\",\"potentialAction\":[{\"@type\":\"ReadAction\",\"target\":[\"https:\/\/multihoster.org\/de\/easybytez-2\/\"]}]},{\"@type\":\"BreadcrumbList\",\"@id\":\"https:\/\/multihoster.org\/de\/easybytez-2\/#breadcrumb\",\"itemListElement\":[{\"@type\":\"ListItem\",\"position\":1,\"name\":\"Startseite\",\"item\":\"https:\/\/multihoster.org\/de\/\"},{\"@type\":\"ListItem\",\"position\":2,\"name\":\"Easybytez Premium Konto: Der Filehoster Auf Einen Blick\"}]}]}<\/script>\n<!-- \/ Yoast SEO plugin. -->","yoast_head_json":{"title":"Easybytez Premium Konto: Der Filehoster Auf Einen Blick","description":"Ist Easybytez ein seri\u00f6ser Anbieter oder nicht, finden Sie die Antwort im aktuellen Test auf Multihoster.org \u279c Klicken Sie jetzt \u271a und lesen Sie unsere Erfahrungen!","robots":{"index":"index","follow":"follow","max-snippet":"max-snippet:-1","max-image-preview":"max-image-preview:large","max-video-preview":"max-video-preview:-1"},"canonical":"https:\/\/multihoster.org\/de\/easybytez-2\/","og_locale":"de_DE","og_type":"article","og_title":"Easybytez Premium Konto: Der Filehoster Auf Einen Blick","og_description":"Ist Easybytez ein seri\u00f6ser Anbieter oder nicht, finden Sie die Antwort im aktuellen Test auf Multihoster.org \u279c Klicken Sie jetzt \u271a und lesen Sie unsere Erfahrungen!","og_url":"https:\/\/multihoster.org\/de\/easybytez-2\/","og_site_name":"Multihoster.org","article_modified_time":"2020-06-25T11:00:00+00:00","og_image":[{"url":"https:\/\/lh3.googleusercontent.com\/7sfcXzV_u2BPeouW-wuBjXqm-MqY932QRkL-JyOSuK8zPkTenI_E2y9N1CSskXlVvXUk4p9xSKJGO8Sf6Ih44wVJ_hMs6n57ybNKpCeG-IQrrKkupcu--8JouUcWxCYFXSUN36E"}],"twitter_card":"summary","twitter_misc":{"Gesch\u00e4tzte Lesezeit":"8\u00a0Minuten"},"schema":{"@context":"https:\/\/schema.org","@graph":[{"@type":"WebSite","@id":"https:\/\/multihoster.org\/#website","url":"https:\/\/multihoster.org\/","name":"Multihoster.org","description":"Reviews of the major Filehosting services","potentialAction":[{"@type":"SearchAction","target":{"@type":"EntryPoint","urlTemplate":"https:\/\/multihoster.org\/?s={search_term_string}"},"query-input":"required name=search_term_string"}],"inLanguage":"de"},{"@type":"ImageObject","@id":"https:\/\/multihoster.org\/de\/easybytez-2\/#primaryimage","inLanguage":"de","url":"https:\/\/lh3.googleusercontent.com\/7sfcXzV_u2BPeouW-wuBjXqm-MqY932QRkL-JyOSuK8zPkTenI_E2y9N1CSskXlVvXUk4p9xSKJGO8Sf6Ih44wVJ_hMs6n57ybNKpCeG-IQrrKkupcu--8JouUcWxCYFXSUN36E","contentUrl":"https:\/\/lh3.googleusercontent.com\/7sfcXzV_u2BPeouW-wuBjXqm-MqY932QRkL-JyOSuK8zPkTenI_E2y9N1CSskXlVvXUk4p9xSKJGO8Sf6Ih44wVJ_hMs6n57ybNKpCeG-IQrrKkupcu--8JouUcWxCYFXSUN36E"},{"@type":"WebPage","@id":"https:\/\/multihoster.org\/de\/easybytez-2\/#webpage","url":"https:\/\/multihoster.org\/de\/easybytez-2\/","name":"Easybytez Premium Konto: Der Filehoster Auf Einen Blick","isPartOf":{"@id":"https:\/\/multihoster.org\/#website"},"primaryImageOfPage":{"@id":"https:\/\/multihoster.org\/de\/easybytez-2\/#primaryimage"},"datePublished":"2020-04-22T09:42:02+00:00","dateModified":"2020-06-25T11:00:00+00:00","description":"Ist Easybytez ein seri\u00f6ser Anbieter oder nicht, finden Sie die Antwort im aktuellen Test auf Multihoster.org \u279c Klicken Sie jetzt \u271a und lesen Sie unsere Erfahrungen!","breadcrumb":{"@id":"https:\/\/multihoster.org\/de\/easybytez-2\/#breadcrumb"},"inLanguage":"de","potentialAction":[{"@type":"ReadAction","target":["https:\/\/multihoster.org\/de\/easybytez-2\/"]}]},{"@type":"BreadcrumbList","@id":"https:\/\/multihoster.org\/de\/easybytez-2\/#breadcrumb","itemListElement":[{"@type":"ListItem","position":1,"name":"Startseite","item":"https:\/\/multihoster.org\/de\/"},{"@type":"ListItem","position":2,"name":"Easybytez Premium Konto: Der Filehoster Auf Einen Blick"}]}]}},"_links":{"self":[{"href":"https:\/\/multihoster.org\/de\/wp-json\/wp\/v2\/pages\/4194"}],"collection":[{"href":"https:\/\/multihoster.org\/de\/wp-json\/wp\/v2\/pages"}],"about":[{"href":"https:\/\/multihoster.org\/de\/wp-json\/wp\/v2\/types\/page"}],"author":[{"embeddable":true,"href":"https:\/\/multihoster.org\/de\/wp-json\/wp\/v2\/users\/2"}],"replies":[{"embeddable":true,"href":"https:\/\/multihoster.org\/de\/wp-json\/wp\/v2\/comments?post=4194"}],"version-history":[{"count":3,"href":"https:\/\/multihoster.org\/de\/wp-json\/wp\/v2\/pages\/4194\/revisions"}],"predecessor-version":[{"id":4222,"href":"https:\/\/multihoster.org\/de\/wp-json\/wp\/v2\/pages\/4194\/revisions\/4222"}],"wp:attachment":[{"href":"https:\/\/multihoster.org\/de\/wp-json\/wp\/v2\/media?parent=4194"}],"curies":[{"name":"wp","href":"https:\/\/api.w.org\/{rel}","templated":true}]}}