{"id":4237,"date":"2020-04-22T11:30:45","date_gmt":"2020-04-22T11:30:45","guid":{"rendered":"https:\/\/multihoster.org\/yuvutu\/"},"modified":"2020-04-22T15:36:25","modified_gmt":"2020-04-22T15:36:25","slug":"yuvutu","status":"publish","type":"page","link":"https:\/\/multihoster.org\/de\/yuvutu\/","title":{"rendered":"Yuvutu Premium Konto: Die beste Streaming-Site auf einen Blick"},"content":{"rendered":"\n<div class=\"wp-block-image\"><figure class=\"aligncenter\"><img src=\"https:\/\/lh5.googleusercontent.com\/ksS0ngJd_qKDwy5l-mYDrqPQU6ueIVHGZOFdfmxVLcbxiBXqjSVR4K0_Hn078Vvkoy_qdsFqx0RIGuNvEuyxbd2fgJS9FmPQYkoQ9RA47DyGh5reN8tGpEobW4Tw6QNkJaRunA9M\" alt=\"Yuvutu Premium Account: The Best Streaming Site at a Glance\"\/><\/figure><\/div>\n\n\n\n<p>Es gibt viele Websites f\u00fcr Erwachsenenvideos, und HD-Videos f\u00fcr Erwachsene sind leicht zum Trend geworden, aber wir alle wissen, dass diese geskripteten Videos mit der Zeit immer mehr zum Klischee werden. Untersuchungen zeigen, dass die Mehrheit der Menschen, die sich Pornos ansehen, ihre Suche nicht nur auf die Qualit\u00e4t der Videos oder der Pornostars selbst st\u00fctzt. Es gibt eine gro\u00dfe Zahl von Menschen, die realistische Videos mehr bevorzugen als solche, die ein Drehbuch haben.<\/p>\n\n\n\n<p>Videos f\u00fcr Erwachsene haben inzwischen einen langen Weg zur\u00fcckgelegt. Es gibt jetzt VR-Porno-Videos, die derzeit bei einem j\u00fcngeren Publikum beliebt sind. Ein anderes sind die interaktiven Videos, bei denen es an Ihnen liegt, was die Schauspieler in der n\u00e4chsten Szene machen. Wirklich sehr verlockend, aber f\u00fchlt es sich nicht einfach sehr unnat\u00fcrlich an? Die Pornobranche mag sich zum Wohle der Allgemeinheit entwickelt haben, aber sie schr\u00e4nkt auch das potenzielle Publikum ein, indem sie solche komplexen Schemata in ihren Inhalten verwendet.<\/p>\n\n\n\n<p>Mit all diesen Dingen, die die Pornoindustrie entwickelt hat, gibt es immer noch Pornoseiten, die der Grundidee von Videos f\u00fcr Erwachsene treu bleiben. Yuvutu m\u00f6chte alle m\u00f6glichen Leute ansprechen, die irgendwie \u00fcber ihre Website stolpern k\u00f6nnten.<\/p>\n\n\n<a class=\"maxbutton-2 maxbutton maxbutton-cta\" target=\"_blank\" rel=\"nofollow noopener\" href=\"\/go\/\"><span class='mb-text'>&gt;&gt; Gehen Sie zur Original Linkifier Website<\/span><\/a>\n\n\n<p><\/p>\n\n\n\n<h2>Was ist Yuvutu?<\/h2>\n\n\n\n<p>Yuvutu ist eine erstklassige Website, wenn es um Amateurpornovideos geht. Sie besteht aus einer Bibliothek mit Tausenden von Videos f\u00fcr Erwachsene von verschiedenen Benutzern aus der ganzen Welt. Sie k\u00f6nnen Ihre selbst gedrehten Videos auch selbst hochladen und sie Tausenden von anderen Benutzern zur Verf\u00fcgung stellen. Yuvutu ist nicht nur ein Archiv von Amateur-Videos f\u00fcr Erwachsene, sondern auch ein Ort, an dem man bloggen, andere Menschen treffen und neue Freunde finden kann.<\/p>\n\n\n\n<p>Yuvutu hat einen sehr erfrischenden Ansatz. Anders als herk\u00f6mmliche HD-Pornoseiten bietet Yuvutu auf der Website ein intensiveres und nat\u00fcrlicheres Gef\u00fchl. Yuvutu pr\u00e4sentiert nicht diese hei\u00dfen, gut aussehenden Pornostars, sondern gibt normalen Menschen die Chance, sich in der Pornoindustrie zu versuchen, indem sie ihre eigenen Videos f\u00fcr Erwachsene hochladen und produzieren lassen. Die Bibliothek besteht haupts\u00e4chlich aus Videos, die selbst gemacht sind. Erwarten Sie hier nicht Ihren Lieblings-Latina-Pornostar. In Yuvutu r\u00fccken sie diejenigen ins Rampenlicht, die normale Menschen wie Sie sind.<\/p>\n\n\n\n<h2>Dinge, die wir an Yuvutu einfach lieben<\/h2>\n\n\n\n<h3>Yuvutu und ihre einzigartige Inhaltsbibliothek<\/h3>\n\n\n\n<p>Es \u00fcberrascht nicht, dass Yuvutu ein breites Publikum auf der ganzen Welt hat. Seine demografische Bandbreite reicht von jedem Alter. Das zeigt, dass das Internet immer noch auf realistischere Videos setzt, die scheinbar nur mit Low-End-Ger\u00e4ten aufgenommen wurden. In Wirklichkeit ist es die Anziehungskraft von Yuvutu. Wenn wir \u00fcber Pornos sprechen, fallen uns zuerst Seiten wie Pornhub oder Spankbang ein. Sicherlich sind HD-Videos wegen der Qualit\u00e4t sehr unterhaltsam, denn ehrlich gesagt wollen wir auf jeder Pornoseite klar sehen, wof\u00fcr wir gekommen sind. Aber die Art und Weise, wie die Geschichte und die Szenen sehr vorhersehbar sind und Klischees die Aufregung verringern. Yuvutu bringt uns in die immersivere Welt der Alltagsmenschen und ihrer Aktivit\u00e4ten nach der Dunkelheit. Der VOD-Bereich zusammen mit der VideoBox bietet eine bequemere M\u00f6glichkeit, Videos zu streamen, indem man ein Yuvutu-Premium-Konto erwirbt.<\/p>\n\n\n\n<figure class=\"wp-block-image\"><img src=\"https:\/\/lh3.googleusercontent.com\/YXGvwqX6IsjgPzcQQWPunCdHAv-JDBy9HlavQ6IbmtWdj1DV5KtvTzAiSOEX66_cLg3GvoNUp0xMVM3zB5mqCms_NOPZIxeHD5HH-ARrhwd-CtEApayx8218eLfhl3-UR_yKYm2L\" alt=\"Yuvutu Videos Library\"\/><\/figure>\n\n\n\n<h3>Yuvutu mit ihrer vereinfachten Website<\/h3>\n\n\n\n<p>Wenn man genau hinsieht, ist die Website von Yuvutu sehr einfach. Wir k\u00f6nnen sogar sagen, dass sie sehr primitiv ist. Dies trug jedoch zur Attraktivit\u00e4t der Website bei. Das grundlegende Design der Website macht sie f\u00fcr die Mehrheit der Menschen weniger einsch\u00fcchternd. Mit dem Design sind mehr Menschen damit besch\u00e4ftigt, ihre eigenen Inhalte zu erforschen und hochzuladen. Diese Qualit\u00e4t von Yuvutu ist f\u00fcr das Publikum sehr ansprechend und macht es zu einer der gr\u00f6\u00dften Live-Cam-Websites im Internet.<\/p>\n\n\n\n<h3>Yuvutu hat eine der besten Live-Kameras<\/h3>\n\n\n\n<p>Yuvutu ist die Heimat f\u00fcr hochwertige Live-Kameras. Es gibt mehrere im Internet popul\u00e4r gewordene Videos, die ihre Wurzeln in Yuvutu haben. In gewisser Weise ist die gesamte Bibliothek von Yuvutu eine Fundgrube von Qualit\u00e4tskameras, von denen jede auf ihre Weise einzigartig ist. Da die Hauptdarsteller dieser Live-Kameras das Publikum und die Abonnenten selbst sind, k\u00f6nnen Sie so gut wie alles finden, was Sie suchen, von hei\u00dfen MILFs bis hin zu den hei\u00dfen Ebenholzliebhabern, die einfach nur Gesellschaft wollen. Es kann auch f\u00fcr Interaktionen zwischen den M\u00e4zenen selbst sorgen. Sie k\u00f6nnen Ihre Zeit damit verbringen, Live-Cams zu sehen, oder Sie k\u00f6nnen Ihre eigene Live-Show machen und Ihr eigenes Publikum und Ihre eigenen Fans versammeln.<\/p>\n\n\n<a class=\"maxbutton-2 maxbutton maxbutton-cta\" target=\"_blank\" rel=\"nofollow noopener\" href=\"\/go\/\"><span class='mb-text'>&gt;&gt; Gehen Sie zur Original Linkifier Website<\/span><\/a>\n\n\n<h3>Yuvutu und ihre gesch\u00e4ftige Gemeinschaft<\/h3>\n\n\n\n<p>Yuvutu besteht aus so ziemlich allen Menschen, die man sich vorstellen kann. Die Website bietet ihren Abonnenten zahlreiche M\u00f6glichkeiten, sich untereinander auszutauschen. Der Live-Chat ist ein Beispiel daf\u00fcr. Mit dem Live-Chat k\u00f6nnen Sie andere Menschen rund um den Globus treffen, die einfach nur ein Unternehmen wie Sie wollen. Und da sich die Gemeinschaft aus verschiedenen Menschen auf der ganzen Welt zusammensetzt, \u00f6ffnet der Live-Chat ein Fenster f\u00fcr Interaktionen im Ausland. Die Foren sind eine weitere M\u00f6glichkeit, mit verschiedenen Benutzern zu interagieren, die sich versammeln, um einfach ihre Ideen und Gedanken zu einem beliebigen Thema auszutauschen. Hier erhalten die Admins auch alle Vorschl\u00e4ge zur Verbesserung der Website. Der Blog-Bereich ist eine weitere M\u00f6glichkeit, mit anderen Mitgliedern der Gemeinschaft zu kommunizieren. Sie haben gerade ein Datum gefunden? schreiben Sie es in Ihren Blog. Wenn Sie nur mitteilen m\u00f6chten, was Sie in letzter Zeit empfunden haben, ist das Ihre Sache.<\/p>\n\n\n\n<figure class=\"wp-block-image\"><img src=\"https:\/\/lh3.googleusercontent.com\/qydOcysoQej5b7ysuajTE-4YAQVm9OGfNz4jnMelMSgvvIXJ9hEJ4skrRGHYC9qybITYoND184DK3bQkMfpQoNUqCpI5sZV48qy7nrwjNtWW_JGsH-hiNsgZj_I7ePGzdofpUvyM\" alt=\"Yuvutu Blog page\"\/><\/figure>\n\n\n\n<h3>Yuvutu ist auch eine Dating-Site<\/h3>\n\n\n\n<p>Yuvutu ist, ob Sie es glauben oder nicht, auch eine Dating-Website. Auch wenn sich die Website anscheinend nur auf Erotik-Videoinhalte konzentriert, ist sie auch eine gro\u00dfartige M\u00f6glichkeit, die spezielle Person zu finden, nach der Sie vielleicht suchen. Yuvutu erm\u00f6glicht es seinen Mitgliedern, ihren Partner zu finden und gelegentlich ihre eigenen Dates zu bekommen. Genau wie jede andere Dating-Anwendung bietet Yuvutu Optionen, um Leute auszusortieren und die eine Person zu finden, nach der Sie suchen. Der Dating-Bereich hat viele Funktionen, mit denen Sie Ihre Suche verfeinern k\u00f6nnen. Von Geschlecht, sexuellen Vorlieben, Alter und sogar dem Ort k\u00f6nnen Sie Ihre eigenen Vorlieben anpassen, um die Partnervermittlungsfunktion vollst\u00e4ndig zu optimieren. Er enth\u00e4lt auch eine Profilseite, wie jede andere Social Media- oder Dating-Website.<\/p>\n\n\n\n<figure class=\"wp-block-image\"><img src=\"https:\/\/lh6.googleusercontent.com\/N8wWY7PHkjMaxYZVZfF98b3fTGQ3l5tfUktw_lWHqbMIEVBoBN7ho7U8XZ2J-nOHFU_PEK9Kc_ZhDg-19dTubKbmly50p1FbG2GMCaXCx8yb0x8JvRTach0UtAtY13hqC68HBMLH\" alt=\"Yuvutu Dating window\"\/><\/figure>\n\n\n\n<h2>Yuvutu Premium: Warum sollten Sie abonnieren?<\/h2>\n\n\n\n<p>Yuvutu Premium ist eine M\u00f6glichkeit f\u00fcr Sie, die Website zu unterst\u00fctzen. Durch die Nutzung eines Yuvutu Premium-Accounts erhalten Sie verschiedene Verg\u00fcnstigungen, die Ihr Yuvutu-Erlebnis einfacher und unterhaltsamer machen k\u00f6nnen. Der Inhaber eines Yuvutu Premium-Kontos hat Anspruch auf verschiedene Funktionen, die es ihm erm\u00f6glichen, die riesige Menge an Videos in der Yuvutu-Bibliothek vollst\u00e4ndig zu sehen und zu durchsuchen.<\/p>\n\n\n\n<p>Als Inhaber eines Yuvutu Premium-Kontos erhalten Sie die folgenden Privilegien.<\/p>\n\n\n\n<p><strong>HD-Videos<\/strong><\/p>\n\n\n\n<p>Inhaber eines Yuvutu Premium-Kontos k\u00f6nnen Videos f\u00fcr Erwachsene in High Definition ansehen und genie\u00dfen. Obwohl es sich bei den Videos ausschlie\u00dflich um Amateurvideos handelt, bietet Yuvutu seinen Benutzern eine breite Liste von HD-Videos, die sie in ihrer Freizeit genie\u00dfen k\u00f6nnen. Ja, das stimmt, sie haben Kameras und Videos in hoher Qualit\u00e4t. Es scheint weit hergeholt, aber Sie k\u00f6nnen das alles selbst \u00fcberpr\u00fcfen.<\/p>\n\n\n\n<p><strong>Keine Anzeigen<\/strong><\/p>\n\n\n\n<p>Inhaber eines Yuvutu-Premium-Kontos k\u00f6nnen sich Videos f\u00fcr Erwachsene ansehen, ohne durch Anzeigen und andere Pop-ups abgeh\u00f6rt zu werden. Sehen Sie sich Amateurvideos in hoher Qualit\u00e4t kostenlos und ohne Unterbrechung an. Sie m\u00fcssen sich nicht durch nicht \u00fcberspringbare Anzeigen und zuf\u00e4llige Links k\u00e4mpfen. Einfach ein paar gute alte Yuvutu-Videos ansehen und entspannen.<\/p>\n\n\n\n<p><strong>Live-Chats<\/strong><\/p>\n\n\n\n<p>Eines der gesuchten Features der Yuvutu Premium ist die Live-Chat-Funktion. Dieser Live-Chat erm\u00f6glicht es Ihnen, sich unter andere Mitglieder und Uploader zu mischen und mit ihnen befreundet zu sein. Live-Chats sind rund um die Uhr ge\u00f6ffnet, so dass Sie neue Leute kennenlernen k\u00f6nnen, mit denen Sie befreundet sein k\u00f6nnen.<\/p>\n\n\n\n<p><strong>Live-Kameras<\/strong><\/p>\n\n\n\n<p>Die Yuvutu-Premium-Community bietet auch Zugang zu Live-Cams. Dabei handelt es sich um Live-Shows von verschiedenen Benutzern aus der ganzen Welt. Sie k\u00f6nnen auch \u00fcber einen eigenen Live-Stream verf\u00fcgen und Ihr eigenes Publikum und Ihre eigenen Follower gewinnen.<\/p>\n\n\n\n<p><strong>Foren<\/strong><\/p>\n\n\n\n<p>Die Inhaber eines Yuvutu-Premium-Kontos d\u00fcrfen auch in ihren Foren diskutieren. Dies ist eine weitere M\u00f6glichkeit, mit der Gemeinschaft zu interagieren und der Website die M\u00f6glichkeit zu geben, Vorschl\u00e4ge zur weiteren Verbesserung der Website und ihrer Dienstleistungen f\u00fcr Kunden und G\u00f6nner einzuholen.<\/p>\n\n\n\n<p><strong>Gr\u00f6\u00dfere Bandbreite<\/strong><\/p>\n\n\n\n<p>Da der Inhaber eines Yuvutu Premium-Kontos im Datenverkehr eine h\u00f6here Priorit\u00e4t erh\u00e4lt, k\u00f6nnen Sie ein reibungsloses Streaming-Erlebnis gew\u00e4hrleisten. Ein Inhaber eines Premium-Kontos verf\u00fcgt im Vergleich zu einem kostenlosen Benutzer \u00fcber eine gr\u00f6\u00dfere Bandbreitenzuweisung, was bedeutet, dass alle Videos schneller gepuffert werden und Sie so viel streamen k\u00f6nnen, wie Sie m\u00f6chten. <\/p>\n\n\n\n<h2>Yuvutu Premium Konto: Wie erhalten Sie Ihr eigenes?<\/h2>\n\n\n\n<figure class=\"wp-block-image\"><img src=\"https:\/\/lh6.googleusercontent.com\/fTQs4pIIhRVSJ1ofBemQh8mfn8GrIYDHhU6FRtBBDtCQ6uIsl9I1LaR1BLB_UHLL9E9lmYCOGiguSXo8kw75N07nv2cPIUnHI63nsWzkDfawHp3qC3loAwi421UgnRtwOEyvyJCk\" alt=\"Yuvutu Premium account registration page\"\/><\/figure>\n\n\n\n<p>Um in den Genuss der gro\u00dfartigen Vorteile der Yuvutu-Pr\u00e4mie zu kommen, brauchen Sie nur das Formular auf der Seite &#8222;Abonnieren&#8220; auszuf\u00fcllen. F\u00fcllen Sie einfach alle erforderlichen Informationen aus und gehen Sie dann zum Zahlungsfenster. Mit nur 74,95 US-Dollar pro Jahr k\u00f6nnen Sie alle Premium-Inhalte und Funktionen nutzen, die der Yuvutu Premium-Account zu bieten hat. Nachdem Sie bezahlt haben, k\u00f6nnen Sie nun die Website weiter erkunden und die Interaktion und das St\u00f6bern in der riesigen Video-Fundgrube genie\u00dfen.<\/p>\n\n\n\n<h2>Yuvutu \u00dcberpr\u00fcfung: Ihr Portal zu hochwertigen Amateurvideos<\/h2>\n\n\n\n<p>Wenn Sie jetzt das n\u00e4chste Mal nach einer guten Website suchen, um einfach nur die guten alten Inhalte f\u00fcr Erwachsene zu genie\u00dfen, warum versuchen Sie es nicht mit der Yuvutu-Website. Yuvutu mag die \u00c4sthetik einer guten Pornoseite vermissen lassen, aber wir k\u00f6nnen alle sagen, dass ihre Live-Cams zu den besten geh\u00f6ren, die es gibt. Der Premium-Dienst bietet g\u00fcnstige Abonnementgeb\u00fchren, aber Sie werden wissen, dass es ihm nicht an Service und Funktionen mangelt.<\/p>\n\n\n<a class=\"maxbutton-2 maxbutton maxbutton-cta\" target=\"_blank\" rel=\"nofollow noopener\" href=\"\/go\/\"><span class='mb-text'>&gt;&gt; Gehen Sie zur Original Linkifier Website<\/span><\/a>","protected":false},"excerpt":{"rendered":"<p>Es gibt viele Websites f\u00fcr Erwachsenenvideos, und HD-Videos f\u00fcr Erwachsene sind leicht zum Trend geworden, aber wir alle wissen, dass<\/p>\n","protected":false},"author":2,"featured_media":0,"parent":0,"menu_order":0,"comment_status":"closed","ping_status":"closed","template":"","meta":[],"yoast_head":"<!-- This site is optimized with the Yoast SEO plugin v18.3 - https:\/\/yoast.com\/wordpress\/plugins\/seo\/ -->\n<title>Yuvutu Premium Konto - Die beste Streaming-Site auf einen Blick<\/title>\n<meta name=\"description\" content=\"Ist Yuvutu ein seri\u00f6ser Anbieter oder nicht, finden Sie die Antwort im aktuellen Test auf Multihoster.org \u279c Klicken Sie jetzt \u271a und lesen Sie unsere Erfahrungen!\" \/>\n<meta name=\"robots\" content=\"index, follow, max-snippet:-1, max-image-preview:large, max-video-preview:-1\" \/>\n<link rel=\"canonical\" href=\"https:\/\/multihoster.org\/de\/yuvutu\/\" \/>\n<meta property=\"og:locale\" content=\"de_DE\" \/>\n<meta property=\"og:type\" content=\"article\" \/>\n<meta property=\"og:title\" content=\"Yuvutu Premium Konto - Die beste Streaming-Site auf einen Blick\" \/>\n<meta property=\"og:description\" content=\"Ist Yuvutu ein seri\u00f6ser Anbieter oder nicht, finden Sie die Antwort im aktuellen Test auf Multihoster.org \u279c Klicken Sie jetzt \u271a und lesen Sie unsere Erfahrungen!\" \/>\n<meta property=\"og:url\" content=\"https:\/\/multihoster.org\/de\/yuvutu\/\" \/>\n<meta property=\"og:site_name\" content=\"Multihoster.org\" \/>\n<meta property=\"article:modified_time\" content=\"2020-04-22T15:36:25+00:00\" \/>\n<meta property=\"og:image\" content=\"https:\/\/lh5.googleusercontent.com\/ksS0ngJd_qKDwy5l-mYDrqPQU6ueIVHGZOFdfmxVLcbxiBXqjSVR4K0_Hn078Vvkoy_qdsFqx0RIGuNvEuyxbd2fgJS9FmPQYkoQ9RA47DyGh5reN8tGpEobW4Tw6QNkJaRunA9M\" \/>\n<meta name=\"twitter:card\" content=\"summary\" \/>\n<meta name=\"twitter:label1\" content=\"Gesch\u00e4tzte Lesezeit\" \/>\n\t<meta name=\"twitter:data1\" content=\"8\u00a0Minuten\" \/>\n<script type=\"application\/ld+json\" class=\"yoast-schema-graph\">{\"@context\":\"https:\/\/schema.org\",\"@graph\":[{\"@type\":\"WebSite\",\"@id\":\"https:\/\/multihoster.org\/#website\",\"url\":\"https:\/\/multihoster.org\/\",\"name\":\"Multihoster.org\",\"description\":\"Reviews of the major Filehosting services\",\"potentialAction\":[{\"@type\":\"SearchAction\",\"target\":{\"@type\":\"EntryPoint\",\"urlTemplate\":\"https:\/\/multihoster.org\/?s={search_term_string}\"},\"query-input\":\"required name=search_term_string\"}],\"inLanguage\":\"de\"},{\"@type\":\"ImageObject\",\"@id\":\"https:\/\/multihoster.org\/de\/yuvutu\/#primaryimage\",\"inLanguage\":\"de\",\"url\":\"https:\/\/lh5.googleusercontent.com\/ksS0ngJd_qKDwy5l-mYDrqPQU6ueIVHGZOFdfmxVLcbxiBXqjSVR4K0_Hn078Vvkoy_qdsFqx0RIGuNvEuyxbd2fgJS9FmPQYkoQ9RA47DyGh5reN8tGpEobW4Tw6QNkJaRunA9M\",\"contentUrl\":\"https:\/\/lh5.googleusercontent.com\/ksS0ngJd_qKDwy5l-mYDrqPQU6ueIVHGZOFdfmxVLcbxiBXqjSVR4K0_Hn078Vvkoy_qdsFqx0RIGuNvEuyxbd2fgJS9FmPQYkoQ9RA47DyGh5reN8tGpEobW4Tw6QNkJaRunA9M\"},{\"@type\":\"WebPage\",\"@id\":\"https:\/\/multihoster.org\/de\/yuvutu\/#webpage\",\"url\":\"https:\/\/multihoster.org\/de\/yuvutu\/\",\"name\":\"Yuvutu Premium Konto - Die beste Streaming-Site auf einen Blick\",\"isPartOf\":{\"@id\":\"https:\/\/multihoster.org\/#website\"},\"primaryImageOfPage\":{\"@id\":\"https:\/\/multihoster.org\/de\/yuvutu\/#primaryimage\"},\"datePublished\":\"2020-04-22T11:30:45+00:00\",\"dateModified\":\"2020-04-22T15:36:25+00:00\",\"description\":\"Ist Yuvutu ein seri\u00f6ser Anbieter oder nicht, finden Sie die Antwort im aktuellen Test auf Multihoster.org \u279c Klicken Sie jetzt \u271a und lesen Sie unsere Erfahrungen!\",\"breadcrumb\":{\"@id\":\"https:\/\/multihoster.org\/de\/yuvutu\/#breadcrumb\"},\"inLanguage\":\"de\",\"potentialAction\":[{\"@type\":\"ReadAction\",\"target\":[\"https:\/\/multihoster.org\/de\/yuvutu\/\"]}]},{\"@type\":\"BreadcrumbList\",\"@id\":\"https:\/\/multihoster.org\/de\/yuvutu\/#breadcrumb\",\"itemListElement\":[{\"@type\":\"ListItem\",\"position\":1,\"name\":\"Startseite\",\"item\":\"https:\/\/multihoster.org\/de\/\"},{\"@type\":\"ListItem\",\"position\":2,\"name\":\"Yuvutu Premium Konto: Die beste Streaming-Site auf einen Blick\"}]}]}<\/script>\n<!-- \/ Yoast SEO plugin. -->","yoast_head_json":{"title":"Yuvutu Premium Konto - Die beste Streaming-Site auf einen Blick","description":"Ist Yuvutu ein seri\u00f6ser Anbieter oder nicht, finden Sie die Antwort im aktuellen Test auf Multihoster.org \u279c Klicken Sie jetzt \u271a und lesen Sie unsere Erfahrungen!","robots":{"index":"index","follow":"follow","max-snippet":"max-snippet:-1","max-image-preview":"max-image-preview:large","max-video-preview":"max-video-preview:-1"},"canonical":"https:\/\/multihoster.org\/de\/yuvutu\/","og_locale":"de_DE","og_type":"article","og_title":"Yuvutu Premium Konto - Die beste Streaming-Site auf einen Blick","og_description":"Ist Yuvutu ein seri\u00f6ser Anbieter oder nicht, finden Sie die Antwort im aktuellen Test auf Multihoster.org \u279c Klicken Sie jetzt \u271a und lesen Sie unsere Erfahrungen!","og_url":"https:\/\/multihoster.org\/de\/yuvutu\/","og_site_name":"Multihoster.org","article_modified_time":"2020-04-22T15:36:25+00:00","og_image":[{"url":"https:\/\/lh5.googleusercontent.com\/ksS0ngJd_qKDwy5l-mYDrqPQU6ueIVHGZOFdfmxVLcbxiBXqjSVR4K0_Hn078Vvkoy_qdsFqx0RIGuNvEuyxbd2fgJS9FmPQYkoQ9RA47DyGh5reN8tGpEobW4Tw6QNkJaRunA9M"}],"twitter_card":"summary","twitter_misc":{"Gesch\u00e4tzte Lesezeit":"8\u00a0Minuten"},"schema":{"@context":"https:\/\/schema.org","@graph":[{"@type":"WebSite","@id":"https:\/\/multihoster.org\/#website","url":"https:\/\/multihoster.org\/","name":"Multihoster.org","description":"Reviews of the major Filehosting services","potentialAction":[{"@type":"SearchAction","target":{"@type":"EntryPoint","urlTemplate":"https:\/\/multihoster.org\/?s={search_term_string}"},"query-input":"required name=search_term_string"}],"inLanguage":"de"},{"@type":"ImageObject","@id":"https:\/\/multihoster.org\/de\/yuvutu\/#primaryimage","inLanguage":"de","url":"https:\/\/lh5.googleusercontent.com\/ksS0ngJd_qKDwy5l-mYDrqPQU6ueIVHGZOFdfmxVLcbxiBXqjSVR4K0_Hn078Vvkoy_qdsFqx0RIGuNvEuyxbd2fgJS9FmPQYkoQ9RA47DyGh5reN8tGpEobW4Tw6QNkJaRunA9M","contentUrl":"https:\/\/lh5.googleusercontent.com\/ksS0ngJd_qKDwy5l-mYDrqPQU6ueIVHGZOFdfmxVLcbxiBXqjSVR4K0_Hn078Vvkoy_qdsFqx0RIGuNvEuyxbd2fgJS9FmPQYkoQ9RA47DyGh5reN8tGpEobW4Tw6QNkJaRunA9M"},{"@type":"WebPage","@id":"https:\/\/multihoster.org\/de\/yuvutu\/#webpage","url":"https:\/\/multihoster.org\/de\/yuvutu\/","name":"Yuvutu Premium Konto - Die beste Streaming-Site auf einen Blick","isPartOf":{"@id":"https:\/\/multihoster.org\/#website"},"primaryImageOfPage":{"@id":"https:\/\/multihoster.org\/de\/yuvutu\/#primaryimage"},"datePublished":"2020-04-22T11:30:45+00:00","dateModified":"2020-04-22T15:36:25+00:00","description":"Ist Yuvutu ein seri\u00f6ser Anbieter oder nicht, finden Sie die Antwort im aktuellen Test auf Multihoster.org \u279c Klicken Sie jetzt \u271a und lesen Sie unsere Erfahrungen!","breadcrumb":{"@id":"https:\/\/multihoster.org\/de\/yuvutu\/#breadcrumb"},"inLanguage":"de","potentialAction":[{"@type":"ReadAction","target":["https:\/\/multihoster.org\/de\/yuvutu\/"]}]},{"@type":"BreadcrumbList","@id":"https:\/\/multihoster.org\/de\/yuvutu\/#breadcrumb","itemListElement":[{"@type":"ListItem","position":1,"name":"Startseite","item":"https:\/\/multihoster.org\/de\/"},{"@type":"ListItem","position":2,"name":"Yuvutu Premium Konto: Die beste Streaming-Site auf einen Blick"}]}]}},"_links":{"self":[{"href":"https:\/\/multihoster.org\/de\/wp-json\/wp\/v2\/pages\/4237"}],"collection":[{"href":"https:\/\/multihoster.org\/de\/wp-json\/wp\/v2\/pages"}],"about":[{"href":"https:\/\/multihoster.org\/de\/wp-json\/wp\/v2\/types\/page"}],"author":[{"embeddable":true,"href":"https:\/\/multihoster.org\/de\/wp-json\/wp\/v2\/users\/2"}],"replies":[{"embeddable":true,"href":"https:\/\/multihoster.org\/de\/wp-json\/wp\/v2\/comments?post=4237"}],"version-history":[{"count":3,"href":"https:\/\/multihoster.org\/de\/wp-json\/wp\/v2\/pages\/4237\/revisions"}],"predecessor-version":[{"id":4329,"href":"https:\/\/multihoster.org\/de\/wp-json\/wp\/v2\/pages\/4237\/revisions\/4329"}],"wp:attachment":[{"href":"https:\/\/multihoster.org\/de\/wp-json\/wp\/v2\/media?parent=4237"}],"curies":[{"name":"wp","href":"https:\/\/api.w.org\/{rel}","templated":true}]}}