{"id":4252,"date":"2020-04-15T11:45:16","date_gmt":"2020-04-15T11:45:16","guid":{"rendered":"https:\/\/multihoster.org\/filefactory-2\/"},"modified":"2020-04-22T12:55:44","modified_gmt":"2020-04-22T12:55:44","slug":"filefactory-2","status":"publish","type":"page","link":"https:\/\/multihoster.org\/de\/filefactory-2\/","title":{"rendered":"Filefactory Premium Konto: Der Filehoster Auf Einen Blick"},"content":{"rendered":"\n<figure class=\"wp-block-image\"><img src=\"https:\/\/lh5.googleusercontent.com\/E_85ShbDJEwMU3bWL8XisrxKHczS1iTxaFdenH1gnImK_rmTuC_IeeXrYvd0MMxfD6MnFUPT7vbxcxsNQx0qOiylgHATd69Q35KgcHcTqoHy_QPLocrlW5mP43UHW8UwJrGYtgk\" alt=\"FileFactory Logo\"\/><\/figure>\n\n\n<a class=\"maxbutton-2 maxbutton maxbutton-cta\" target=\"_blank\" rel=\"nofollow noopener\" href=\"\/go\/\"><span class='mb-text'>&gt;&gt; Gehen Sie zur Original Linkifier Website<\/span><\/a>\n\n\n<p><\/p>\n\n\n\n<h2>\u00dcber FileFactory<\/h2>\n\n\n\n<p>FileFactory ist ein kostenloser Dienst f\u00fcr Dateispeicherung und Datei-Hosting. Er wurde 2005 gegr\u00fcndet und ver\u00f6ffentlicht. Sie hat ihren Sitz an der Stelle von Hongkong, Hongkong Island.<\/p>\n\n\n\n<p>Personen, die als Mitglied der FileFactory registriert sind, und sogar nicht registrierte oder anonyme Personen auf der ganzen Welt k\u00f6nnen online darauf zugreifen. Benutzer k\u00f6nnen hier unbegrenzt herunterladen oder streamen, und wenn er oder sie ein Premium-Mitglied ist, gibt es keine Begrenzungen f\u00fcr Bandbreite oder Download. <\/p>\n\n\n\n<h3><strong>Merkmale<\/strong><\/h3>\n\n\n\n<ol><li>Die TrafficShare-Funktion<\/li><li> Unbegrenztes Streaming und Herunterladen<\/li><li> Einfache Benutzerschnittstelle und leicht zu bedienen<\/li><li> Unbegrenzte Speicherkapazit\u00e4t<\/li><li> Dateisuche und Dateiverwaltung (nur f\u00fcr registrierte Benutzer von FileFactory)<\/li><li> Bedienfeld<\/li><li> Erstellung eines Datei- oder Ordnerverzeichnisses<\/li><li> Kann mehrere Ordner oder Dateien mit beliebigen Dateitypen hochladen<\/li><li> Entfernte Methode des Hochladens<\/li><li> Statistik<\/li><li> Partner- und Empfehlungsprogramm zum Geldverdienen<\/li><\/ol>\n\n\n\n<h3><strong>Unterst\u00fctzte Sprachen<\/strong><\/h3>\n\n\n\n<ul><li>Englisch<\/li><li> D\u00e4nisch<\/li><li> Niederl\u00e4ndisch<\/li><li> Franz\u00f6sisch<\/li><li> Deutsch<\/li><li> Japanisch<\/li><li> Norwegisch<\/li><li> Portugiesisch<\/li><li> Schwedisch<\/li><li> Spanisch<\/li><\/ul>\n\n\n\n<h3><strong>FileFactory unterst\u00fctzte Web-Browser<\/strong><\/h3>\n\n\n\n<figure class=\"wp-block-table\"><table class=\"\"><tbody><tr><td>Google Chrome (dringend empfohlen)<\/td><td>Mozilla Firefox (empfohlen)<\/td><\/tr><tr><td>Microsoft Edge<\/td><td>Safari<\/td><\/tr><\/tbody><\/table><\/figure>\n\n\n\n<p>FileFactory empfiehlt, dass Benutzer ihre Webbrowser-Versionen aktualisieren m\u00fcssen, um die neuesten FileFactory-Features, -Funktionen und -Dienste zu erhalten und zu erleben.<\/p>\n\n\n\n<h2>FileFactory TrafficShare<\/h2>\n\n\n\n<p>TrafficShare ist eines der besten Features von FileFactory, weil es Ihnen die schnellste Geschwindigkeit f\u00fcr das Herunterladen einer Datei bieten kann. Wenn diese Funktion aktiviert ist, stellt die FileFactory den Benutzern 100 GB Daten pro Monat zur Verf\u00fcgung.<\/p>\n\n\n\n<p>Die FileFactory Premium-Account-Mitglieder k\u00f6nnen immer die unbegrenzte Geschwindigkeit, Bandbreite und Downloads von Dateien der FileFactory ohne Anzeigen und Limits erleben, w\u00e4hrend Mitglieder mit kostenlosen FileFactory-Accounts dies nicht k\u00f6nnen, aber FileFactory hat eine M\u00f6glichkeit f\u00fcr kostenlose Accounts, den gleichen Vorteil mit Premium-Accounts zu erleben. <\/p>\n\n\n\n<h3>Wie schaltet man die FileFactory TrafficShare-Funktion ein?<\/h3>\n\n\n\n<p>Um die FileFactory TrafficShare-Funktion f\u00fcr alle Ordner und Dateien zu aktivieren, f\u00fchren Sie die folgenden Schritte aus:<\/p>\n\n\n\n<ol><li>Gehen Sie auf die FileFactory-Website.<\/li><li> Gehen Sie zur FileFactory-Konto-Seite.<\/li><li> Gehen Sie zur Zusammenfassung der FileFactory-Konto-Seite.<\/li><li> Suchen Sie die Schaltfl\u00e4che &#8222;TrafficShare&#8220; und schalten Sie sie ein und aus.<\/li><\/ol>\n\n\n\n<p>Um die FileFactory TrafficShare-Funktion f\u00fcr einen bestimmten Ordner und eine bestimmte Datei zu aktivieren, f\u00fchren Sie die folgenden Schritte aus:<\/p>\n\n\n\n<ol><li>Gehen Sie zu dem Ordner oder der Datei, die Sie f\u00fcr TrafficShare aktivieren m\u00f6chten.<\/li><li> Klicken Sie mit der rechten Maustaste auf den Ordnernamen, um die Optionen einzublenden.<\/li><li> W\u00e4hlen Sie und klicken Sie auf &#8222;Einstellungen&#8220;.<\/li><li> Klicken Sie auf &#8222;TrafficShare aktivieren&#8220;.<\/li><\/ol>\n\n\n\n<h2>FileFactory-Konten<\/h2>\n\n\n\n<figure class=\"wp-block-table\"><table class=\"\"><tbody><tr><td>FileFactory Kostenloses Konto<\/td><td>FileFactory Premium-Konto<\/td><\/tr><tr><td>Preis ist frei<br> Hat viele Anzeigen oder Popups<br> Hat eine begrenzte Anzahl von Downloads, verf\u00fcgt aber \u00fcber eine gute Bandbreite und gute Download-Geschwindigkeiten<br> Schneller Download<br> Hat keine direkte Download-Funktion zum sofortigen Starten des Herunterladens von Dateien<br> Es kann unterbrochene oder abgebrochene oder pausierte oder gestoppte Downloads mit Hilfe eines Download-Managers oder einer Software nicht wieder aufnehmen.<br> Hat TrafficShare-Funktion<br> Benutzerdateien werden nur drei\u00dfig (30) Tage lang auf FileFactory-Servern aufbewahrt. Wenn eine Datei von einem Benutzer innerhalb dieser Zeit nicht heruntergeladen wurde, wird die Datei automatisch vom FileFactory-System entfernt. Wird die Datei ganz oder teilweise heruntergeladen, wird die Datei auf den FileFactory-Servern f\u00fcr weitere drei\u00dfig (30) Tage aufbewahrt. Wenn ein Benutzer also weiterhin Dateien herunterl\u00e4dt, sind diese weiterhin aktiv.<\/td><td>Die Nutzer sollten daf\u00fcr bezahlen, aber die Vorteile in vollem Umfang erhalten.<br> Hat keine Anzeigen oder Popups<br> Hat eine beste und unbegrenzte Anzahl von Downloads, Bandbreiten und unbegrenzte Download-Geschwindigkeit<br> Schnellerer Download<br> verf\u00fcgt \u00fcber eine Direkt-Download-Funktion, mit der das Herunterladen von Dateien sofort gestartet werden kann<br> Es kann unterbrochene oder abgebrochene oder pausierte oder gestoppte Downloads mit jedem Download-Manager oder jeder Software wieder aufnehmen.<br> Hat TrafficShare-Funktion<br> Benutzerdateien werden auf den FileFactory Servern f\u00fcr eine lange Zeit aufbewahrt, wenn der FileFactory Premium Account des Benutzers aktiv ist und wenn der FileFactory Premium Account des Benutzers noch nicht abgelaufen ist.<br><br><br><br><\/td><\/tr><\/tbody><\/table><\/figure>\n\n\n\n<h3><strong>FileFactory-Konto-Zugang<\/strong><\/h3>\n\n\n\n<p>Auf FileFactory Free und FileFactory Premium Konten kann auf mehreren Ger\u00e4ten wie Desktop-Computern, Laptops, Tablets oder Mobiltelefonen zugegriffen werden, aber die FileFactory &#8222;single-sign-on&#8220; Funktion erlaubt nur ein Ger\u00e4t f\u00fcr ein Konto zur gleichen Zeit. Wenn dasselbe Konto auf verschiedenen Ger\u00e4ten angemeldet ist, wird es vom FileFactory-System automatisch vom angemeldeten Konto von anderen Ger\u00e4ten abgemeldet und nur die aktive Sitzung bleibt ge\u00f6ffnet.<\/p>\n\n\n\n<h3><strong>FileFactory Premium Download-Links<\/strong><\/h3>\n\n\n\n<p>Links sind wichtig, damit ein bestimmter Ordner oder eine bestimmte Datei gefunden und darauf zugegriffen werden kann.<\/p>\n\n\n\n<p>FileFactory-Premium-Download-Links werden generiert, wenn das Herunterladen mit einem FileFactory-Premium-Account erforderlich ist.<\/p>\n\n\n\n<p>Es gibt zwei (2) Arten von Download-Links:<\/p>\n\n\n\n<ol><li>Direkte Links<\/li><li> Normale Links &#8211; Diese Links verfallen nicht und werden verwendet, um einen Premium-Download-Link eines Ordners oder einer Datei zu generieren.<\/li><\/ol>\n\n\n\n<h3><strong>FileFactory Premium-Konto<\/strong><\/h3>\n\n\n\n<p>Das Abonnement der FileFactory-Premium-Pl\u00e4ne gibt Zugang zum FileFactory-Premium-Account.<\/p>\n\n\n\n<p><strong>FileFactory Premium-Account-Pl\u00e4ne<\/strong><\/p>\n\n\n\n<figure class=\"wp-block-table\"><table class=\"\"><tbody><tr><td>Anzahl der Tage<\/td><td>Preis in USD<\/td><td>Preis pro Monat<\/td><td>Rebills<\/td><td>Vorteile<\/td><\/tr><tr><td>30<\/td><td>$13<\/td><td>$13<\/td><td>alle 30 Tage<\/td><td>Keine Geschwindigkeits- und Downloadbeschr\u00e4nkungen<br> Keine Popups<\/td><\/tr><tr><td>90<\/td><td>$35<\/td><td>$12<\/td><td>alle 90 Tage<\/td><td>Keine Geschwindigkeits- und Downloadbeschr\u00e4nkungen<br> Keine Popups<\/td><\/tr><tr><td>180<\/td><td>$59<\/td><td>$10<\/td><td>alle 180 Tage<\/td><td>Keine Geschwindigkeits- und Downloadbeschr\u00e4nkungen<br> Keine Popups<\/td><\/tr><tr><td>365<\/td><td>$94<\/td><td>$8<\/td><td>alle 365 Tage<\/td><td>Keine Geschwindigkeits- und Downloadbeschr\u00e4nkungen<br> Keine Popups<\/td><\/tr><\/tbody><\/table><\/figure>\n\n\n\n<p>Das Benutzerabonnement f\u00fcr den Plan wird am Ende jeder Anzahl von Tagen automatisch verl\u00e4ngert. Ein Benutzer kann sein Abonnement jedoch k\u00fcndigen, hat aber bis zum Ablaufdatum des FileFactory Premium Plans weiterhin Zugriff auf den FileFactory Premium Account. Sobald der bezahlte FileFactory Premium Plan endet, wird der FileFactory Premium Account des Benutzers inaktiv.<\/p>\n\n\n\n<p>Auch wenn ein FileFactory Premium Account abl\u00e4uft, werden die Ordner und Dateien im Account dauerhaft gel\u00f6scht. FileFactory r\u00e4t daher seinen Mitgliedern, die Zahlung f\u00fcr ihren FileFactory Plan zu \u00fcberpr\u00fcfen und sicherzustellen, dass diese immer auf dem neuesten Stand ist.<\/p>\n\n\n<a class=\"maxbutton-2 maxbutton maxbutton-cta\" target=\"_blank\" rel=\"nofollow noopener\" href=\"\/go\/\"><span class='mb-text'>&gt;&gt; Gehen Sie zur Original Linkifier Website<\/span><\/a>\n\n\n<p><\/p>\n\n\n\n<h2>Vergleichen Sie die FileFactory-Konten<\/h2>\n\n\n\n<figure class=\"wp-block-table\"><table class=\"\"><tbody><tr><td>MERKMALE<\/td><td>\u00a0Anonym<br>(Benutzertyp)<\/td><td>Frei(Benutzertyp)<\/td><td>Premium (Benutzertyp)<\/td><\/tr><tr><td>Geschwindigkeit f\u00fcr Downloads<\/td><td>Bis zu 50 KB<\/td><td>Bis zu 100 KB\/s<\/td><td>Ohne Grenzen<\/td><\/tr><tr><td>Anzahl der Downloads<\/td><td>1<\/td><td>1<\/td><td>Ohne Grenzen<\/td><\/tr><tr><td>Zeitraum von Tagen f\u00fcr die Speicherung von Dateien<\/td><td>Keine<\/td><td>30 Tage<\/td><td>Ohne Grenzen<\/td><\/tr><tr><td>Unterst\u00fctzte Gr\u00f6\u00dfe eines Ordners oder einer Datei zum Hochladen<\/td><td>Nein<\/td><td>5 GB<\/td><td>5 GB<\/td><\/tr><tr><td>Unterst\u00fctzte Gr\u00f6\u00dfe eines Ordners oder einer Datei zum Herunterladen<\/td><td>5 GB<\/td><td>5 GB<\/td><td>5 GB<\/td><\/tr><tr><td>Hat der Download-Manager<\/td><td>Nein<\/td><td>Nein<\/td><td>Ja<\/td><\/tr><tr><td>Hat den Download-Lebenslauf<\/td><td>Nein<\/td><td>Nein<\/td><td>Ja<\/td><\/tr><tr><td>Direkte Download-Links<\/td><td>Nein<\/td><td>Nein<\/td><td>Ja<\/td><\/tr><tr><td>Anzahl der <a rel=\"noreferrer noopener\" aria-label=\"Bannerwerbung  (opens in a new tab)\" href=\"https:\/\/www.investopedia.com\/terms\/b\/banneradvertising.asp\" target=\"_blank\">Bannerwerbung <\/a>und <a rel=\"noreferrer noopener\" aria-label=\"Popups (opens in a new tab)\" href=\"https:\/\/www.webopedia.com\/TERM\/P\/popup_ad.html\" target=\"_blank\">Popups<\/a><\/td><td>Viele<\/td><td>Wenige<\/td><td>Keine<\/td><\/tr><tr><td>Hochladen von Dateien mit dem <a rel=\"noreferrer noopener\" aria-label=\"File Transfer Protocol (FTP) (opens in a new tab)\" href=\"https:\/\/www.techopedia.com\/definition\/1872\/file-transfer-protocol-ftp\" target=\"_blank\">File Transfer Protocol (FTP)<\/a><\/td><td>Nein<\/td><td>Nein<\/td><td>Ja<\/td><\/tr><tr><td>Hat einen Filebox-Uploader<\/td><td>Nein<\/td><td>Ja<\/td><td>Ja<\/td><\/tr><tr><td>Priorit\u00e4t der Unterst\u00fctzung<\/td><td>Nein<\/td><td>Nein<\/td><td>Ja<\/td><\/tr><tr><td>Dateien mit Ordnerverwaltung<\/td><td>Nein<\/td><td>Ja<\/td><td>Ja<\/td><\/tr><tr><td>L\u00f6schen und Umbenennen von Dateien<\/td><td>Nein<\/td><td>Ja<\/td><td>Ja<\/td><\/tr><\/tbody><\/table><\/figure>\n\n\n\n<p>*KB bedeutet Kilobyte<br> *GB bedeutet Gigabytes<\/p>\n\n\n\n<h2>Zahlungen f\u00fcr FileFactory <\/h2>\n\n\n\n<p>FileFactory akzeptiert und unterst\u00fctzt alle Arten von Kreditkarten, Paypal und FileFactory Verified Reseller f\u00fcr Zahlungstransaktionen.<\/p>\n\n\n\n<h2>Verdienen mit FileFactory<\/h2>\n\n\n\n<p>Das Verdienen hier bei FileFactory ist sowohl f\u00fcr FileFactory Free als auch f\u00fcr FileFactory Premium Konten erlaubt.<\/p>\n\n\n\n<p>Im Folgenden finden Sie zwei (2) M\u00f6glichkeiten, mit der FileFactory Geld zu verdienen:<\/p>\n\n\n\n<h3>1. Bezahlung pro Verkauf <\/h3>\n\n\n\n<p>Die Pay-Per-Sale-Provision betr\u00e4gt hier neunzig Prozent (90 %) f\u00fcr alle Benutzer, die neue Verk\u00e4ufe get\u00e4tigt haben, und f\u00fcr alle Dateien und Verweise werden f\u00fcnfzig Prozent (50 %) auf der Grundlage von Sitzungen gew\u00e4hrt. <\/p>\n\n\n\n<p>Dies wird mit dem Partnerprogramm geliefert. Die automatische Verfolgung der angegliederten Links und Datei-Downloads basiert auf jeder Sitzung unter Verwendung von Cookies der Website.<\/p>\n\n\n\n<h3>2. Bezahlung pro Download<\/h3>\n\n\n\n<p>Benutzer k\u00f6nnen je nach L\u00e4ndergruppe f\u00fcr je eintausend (1000) Dateidownloads die unten angegebenen Preise verdienen.<\/p>\n\n\n\n<p>L\u00c4NDERGRUPPENTARIFE (A-D)<\/p>\n\n\n\n<figure class=\"wp-block-table\"><table class=\"\"><tbody><tr><td>Gr\u00f6\u00dfe einer Datei<\/td><td>A<\/td><td>B<\/td><td>C<\/td><td>D<\/td><\/tr><tr><td>10 MB &#8211; 299 MB<\/td><td>$5<\/td><td>$3<\/td><td>$1<\/td><td>$0.50<\/td><\/tr><tr><td>300 MB &#8211; 499 MB<\/td><td>$10<\/td><td>$6<\/td><td>$1<\/td><td>$0.50<\/td><\/tr><tr><td>500 MB &#8211; 999 MB<\/td><td>$20<\/td><td>$7<\/td><td>$2<\/td><td>$0.50<\/td><\/tr><tr><td>\u00dcber 1 GB<\/td><td>$40<\/td><td>$10<\/td><td>$3<\/td><td>$1<\/td><\/tr><\/tbody><\/table><\/figure>\n\n\n\n<figure class=\"wp-block-table\"><table class=\"\"><tbody><tr><td>F\u00fcr die L\u00e4nder Amerikas, Australiens, Kanadas und des Vereinigten K\u00f6nigreichs (U.K.) geh\u00f6ren diese zur A-Gruppe.<br> F\u00fcr die L\u00e4nder \u00d6sterreich, Belgien, D\u00e4nemark, Finnland, Frankreich, Deutschland, Griechenland, Italien, Japan, Niederlande, Neuseeland, Norwegen, Russland, Spanien, Schweden und die Schweiz geh\u00f6ren diese zur Gruppe B<br> F\u00fcr die L\u00e4nder Argentinien, Brasilien, Zypern, die Tschechische Republik, Hongkong, Irland, Israel, Malaysia, Mauritius, Mexiko, Polen, Portugal, Singapur, S\u00fcdafrika und die T\u00fcrkei geh\u00f6ren diese zur Gruppe C<br> F\u00fcr alle anderen L\u00e4nder, die nicht in den Gruppen A, B und C genannt werden, geh\u00f6ren diese zur Gruppe D.<\/td><\/tr><\/tbody><\/table><\/figure>\n\n\n\n<p>*MB = Megabyte *GB = Gigabyte<\/p>\n\n\n\n<p>Damit ein Download in Betracht gezogen und qualifiziert werden kann, lesen Sie die unten stehenden Regeln f\u00fcr die Bezahlung pro Download.<\/p>\n\n\n\n<figure class=\"wp-block-table\"><table class=\"\"><tbody><tr><td>FileFactory Kostenloses Konto \/ Anonymes Mitglied <\/td><td>FileFactory Premium-Account Mitglied<\/td><\/tr><tr><td>Wenn ein kostenloses oder anonymes Mitglied die gleiche Datei innerhalb von 24 Stunden herunterl\u00e4dt, wird dies als 1 gez\u00e4hlt.<br> Wenn ein kostenloses oder anonymes Mitglied innerhalb von 24 Stunden 5 verschiedene Dateien herunterl\u00e4dt, wird es als 5 gez\u00e4hlt.<br> Wenn verschiedene kostenlose oder anonyme Mitglieder dieselbe Datei innerhalb von 24 Stunden 5 Mal herunterladen, wird sie als 5 gez\u00e4hlt.<br> Das Herunterladen der Dateien des Benutzers in seinem FileFactory-Konto wird nicht gez\u00e4hlt.<\/td><td>Wenn ein Premium-Mitglied dieselbe Datei innerhalb von 24 Stunden 5 Mal herunterl\u00e4dt, wird sie als 1 gez\u00e4hlt.<br> Wenn ein Premium-Mitglied innerhalb von 24 Stunden 5 verschiedene Dateien herunterl\u00e4dt, wird es als 5 gez\u00e4hlt.<br> Wenn verschiedene Premium-Mitglieder dieselbe Datei innerhalb von 24 Stunden 5-mal herunterladen, wird sie als 5 gez\u00e4hlt.<br> Das Herunterladen der Dateien des Benutzers in seinem FileFactory-Konto wird nicht gez\u00e4hlt.<\/td><\/tr><\/tbody><\/table><\/figure>\n\n\n\n<p>TIPS:<\/p>\n\n\n\n<ol><li>Laden Sie Dateien hoch, die in der aktuellen Zeit beliebt oder im Trend liegen.<\/li><li> Nutzen Sie Marketing- und Freigabestrategien wie E-Mail, Blogs, soziale Medien wie Facebook und Twitter und andere M\u00f6glichkeiten, um die Anzahl der Freigaben, Betrachter und Downloads zu erh\u00f6hen.<\/li><\/ol>\n\n\n\n<h2>Unterst\u00fctzungszentrum von FileFactory <\/h2>\n\n\n\n<p>FileFactory-Benutzer k\u00f6nnen sich bei Problemen oder Anfragen an das Support-Center der FileFactory wenden. Sie k\u00f6nnen auch auf die Seite der FileFactory mit den h\u00e4ufig gestellten Fragen (FAQs) gehen, um einige Informationen aus den verschiedenen Artikeln \u00fcber die FileFactory zu lesen und Antworten zu finden.<\/p>\n\n\n<a class=\"maxbutton-2 maxbutton maxbutton-cta\" target=\"_blank\" rel=\"nofollow noopener\" href=\"\/go\/\"><span class='mb-text'>&gt;&gt; Gehen Sie zur Original Linkifier Website<\/span><\/a>\n\n\n<p><\/p>\n","protected":false},"excerpt":{"rendered":"<p>\u00dcber FileFactory FileFactory ist ein kostenloser Dienst f\u00fcr Dateispeicherung und Datei-Hosting. Er wurde 2005 gegr\u00fcndet und ver\u00f6ffentlicht. Sie hat ihren<\/p>\n","protected":false},"author":2,"featured_media":0,"parent":0,"menu_order":0,"comment_status":"closed","ping_status":"closed","template":"","meta":[],"yoast_head":"<!-- This site is optimized with the Yoast SEO plugin v18.3 - https:\/\/yoast.com\/wordpress\/plugins\/seo\/ -->\n<title>Filefactory Premium Konto: Der Filehoster Auf Einen Blick<\/title>\n<meta name=\"description\" content=\"Ist Filefactory ein seri\u00f6ser Anbieter oder nicht, finden Sie die Antwort im aktuellen Test auf Multihoster.org \u279c Klicken Sie jetzt \u271a und lesen Sie unsere Erfahrungen!\" \/>\n<meta name=\"robots\" content=\"index, follow, max-snippet:-1, max-image-preview:large, max-video-preview:-1\" \/>\n<link rel=\"canonical\" href=\"https:\/\/multihoster.org\/de\/filefactory-2\/\" \/>\n<meta property=\"og:locale\" content=\"de_DE\" \/>\n<meta property=\"og:type\" content=\"article\" \/>\n<meta property=\"og:title\" content=\"Filefactory Premium Konto: Der Filehoster Auf Einen Blick\" \/>\n<meta property=\"og:description\" content=\"Ist Filefactory ein seri\u00f6ser Anbieter oder nicht, finden Sie die Antwort im aktuellen Test auf Multihoster.org \u279c Klicken Sie jetzt \u271a und lesen Sie unsere Erfahrungen!\" \/>\n<meta property=\"og:url\" content=\"https:\/\/multihoster.org\/de\/filefactory-2\/\" \/>\n<meta property=\"og:site_name\" content=\"Multihoster.org\" \/>\n<meta property=\"article:modified_time\" content=\"2020-04-22T12:55:44+00:00\" \/>\n<meta property=\"og:image\" content=\"https:\/\/lh5.googleusercontent.com\/E_85ShbDJEwMU3bWL8XisrxKHczS1iTxaFdenH1gnImK_rmTuC_IeeXrYvd0MMxfD6MnFUPT7vbxcxsNQx0qOiylgHATd69Q35KgcHcTqoHy_QPLocrlW5mP43UHW8UwJrGYtgk\" \/>\n<meta name=\"twitter:card\" content=\"summary\" \/>\n<meta name=\"twitter:label1\" content=\"Gesch\u00e4tzte Lesezeit\" \/>\n\t<meta name=\"twitter:data1\" content=\"8\u00a0Minuten\" \/>\n<script type=\"application\/ld+json\" class=\"yoast-schema-graph\">{\"@context\":\"https:\/\/schema.org\",\"@graph\":[{\"@type\":\"WebSite\",\"@id\":\"https:\/\/multihoster.org\/#website\",\"url\":\"https:\/\/multihoster.org\/\",\"name\":\"Multihoster.org\",\"description\":\"Reviews of the major Filehosting services\",\"potentialAction\":[{\"@type\":\"SearchAction\",\"target\":{\"@type\":\"EntryPoint\",\"urlTemplate\":\"https:\/\/multihoster.org\/?s={search_term_string}\"},\"query-input\":\"required name=search_term_string\"}],\"inLanguage\":\"de\"},{\"@type\":\"ImageObject\",\"@id\":\"https:\/\/multihoster.org\/de\/filefactory-2\/#primaryimage\",\"inLanguage\":\"de\",\"url\":\"https:\/\/lh5.googleusercontent.com\/E_85ShbDJEwMU3bWL8XisrxKHczS1iTxaFdenH1gnImK_rmTuC_IeeXrYvd0MMxfD6MnFUPT7vbxcxsNQx0qOiylgHATd69Q35KgcHcTqoHy_QPLocrlW5mP43UHW8UwJrGYtgk\",\"contentUrl\":\"https:\/\/lh5.googleusercontent.com\/E_85ShbDJEwMU3bWL8XisrxKHczS1iTxaFdenH1gnImK_rmTuC_IeeXrYvd0MMxfD6MnFUPT7vbxcxsNQx0qOiylgHATd69Q35KgcHcTqoHy_QPLocrlW5mP43UHW8UwJrGYtgk\"},{\"@type\":\"WebPage\",\"@id\":\"https:\/\/multihoster.org\/de\/filefactory-2\/#webpage\",\"url\":\"https:\/\/multihoster.org\/de\/filefactory-2\/\",\"name\":\"Filefactory Premium Konto: Der Filehoster Auf Einen Blick\",\"isPartOf\":{\"@id\":\"https:\/\/multihoster.org\/#website\"},\"primaryImageOfPage\":{\"@id\":\"https:\/\/multihoster.org\/de\/filefactory-2\/#primaryimage\"},\"datePublished\":\"2020-04-15T11:45:16+00:00\",\"dateModified\":\"2020-04-22T12:55:44+00:00\",\"description\":\"Ist Filefactory ein seri\u00f6ser Anbieter oder nicht, finden Sie die Antwort im aktuellen Test auf Multihoster.org \u279c Klicken Sie jetzt \u271a und lesen Sie unsere Erfahrungen!\",\"breadcrumb\":{\"@id\":\"https:\/\/multihoster.org\/de\/filefactory-2\/#breadcrumb\"},\"inLanguage\":\"de\",\"potentialAction\":[{\"@type\":\"ReadAction\",\"target\":[\"https:\/\/multihoster.org\/de\/filefactory-2\/\"]}]},{\"@type\":\"BreadcrumbList\",\"@id\":\"https:\/\/multihoster.org\/de\/filefactory-2\/#breadcrumb\",\"itemListElement\":[{\"@type\":\"ListItem\",\"position\":1,\"name\":\"Startseite\",\"item\":\"https:\/\/multihoster.org\/de\/\"},{\"@type\":\"ListItem\",\"position\":2,\"name\":\"Filefactory Premium Konto: Der Filehoster Auf Einen Blick\"}]}]}<\/script>\n<!-- \/ Yoast SEO plugin. -->","yoast_head_json":{"title":"Filefactory Premium Konto: Der Filehoster Auf Einen Blick","description":"Ist Filefactory ein seri\u00f6ser Anbieter oder nicht, finden Sie die Antwort im aktuellen Test auf Multihoster.org \u279c Klicken Sie jetzt \u271a und lesen Sie unsere Erfahrungen!","robots":{"index":"index","follow":"follow","max-snippet":"max-snippet:-1","max-image-preview":"max-image-preview:large","max-video-preview":"max-video-preview:-1"},"canonical":"https:\/\/multihoster.org\/de\/filefactory-2\/","og_locale":"de_DE","og_type":"article","og_title":"Filefactory Premium Konto: Der Filehoster Auf Einen Blick","og_description":"Ist Filefactory ein seri\u00f6ser Anbieter oder nicht, finden Sie die Antwort im aktuellen Test auf Multihoster.org \u279c Klicken Sie jetzt \u271a und lesen Sie unsere Erfahrungen!","og_url":"https:\/\/multihoster.org\/de\/filefactory-2\/","og_site_name":"Multihoster.org","article_modified_time":"2020-04-22T12:55:44+00:00","og_image":[{"url":"https:\/\/lh5.googleusercontent.com\/E_85ShbDJEwMU3bWL8XisrxKHczS1iTxaFdenH1gnImK_rmTuC_IeeXrYvd0MMxfD6MnFUPT7vbxcxsNQx0qOiylgHATd69Q35KgcHcTqoHy_QPLocrlW5mP43UHW8UwJrGYtgk"}],"twitter_card":"summary","twitter_misc":{"Gesch\u00e4tzte Lesezeit":"8\u00a0Minuten"},"schema":{"@context":"https:\/\/schema.org","@graph":[{"@type":"WebSite","@id":"https:\/\/multihoster.org\/#website","url":"https:\/\/multihoster.org\/","name":"Multihoster.org","description":"Reviews of the major Filehosting services","potentialAction":[{"@type":"SearchAction","target":{"@type":"EntryPoint","urlTemplate":"https:\/\/multihoster.org\/?s={search_term_string}"},"query-input":"required name=search_term_string"}],"inLanguage":"de"},{"@type":"ImageObject","@id":"https:\/\/multihoster.org\/de\/filefactory-2\/#primaryimage","inLanguage":"de","url":"https:\/\/lh5.googleusercontent.com\/E_85ShbDJEwMU3bWL8XisrxKHczS1iTxaFdenH1gnImK_rmTuC_IeeXrYvd0MMxfD6MnFUPT7vbxcxsNQx0qOiylgHATd69Q35KgcHcTqoHy_QPLocrlW5mP43UHW8UwJrGYtgk","contentUrl":"https:\/\/lh5.googleusercontent.com\/E_85ShbDJEwMU3bWL8XisrxKHczS1iTxaFdenH1gnImK_rmTuC_IeeXrYvd0MMxfD6MnFUPT7vbxcxsNQx0qOiylgHATd69Q35KgcHcTqoHy_QPLocrlW5mP43UHW8UwJrGYtgk"},{"@type":"WebPage","@id":"https:\/\/multihoster.org\/de\/filefactory-2\/#webpage","url":"https:\/\/multihoster.org\/de\/filefactory-2\/","name":"Filefactory Premium Konto: Der Filehoster Auf Einen Blick","isPartOf":{"@id":"https:\/\/multihoster.org\/#website"},"primaryImageOfPage":{"@id":"https:\/\/multihoster.org\/de\/filefactory-2\/#primaryimage"},"datePublished":"2020-04-15T11:45:16+00:00","dateModified":"2020-04-22T12:55:44+00:00","description":"Ist Filefactory ein seri\u00f6ser Anbieter oder nicht, finden Sie die Antwort im aktuellen Test auf Multihoster.org \u279c Klicken Sie jetzt \u271a und lesen Sie unsere Erfahrungen!","breadcrumb":{"@id":"https:\/\/multihoster.org\/de\/filefactory-2\/#breadcrumb"},"inLanguage":"de","potentialAction":[{"@type":"ReadAction","target":["https:\/\/multihoster.org\/de\/filefactory-2\/"]}]},{"@type":"BreadcrumbList","@id":"https:\/\/multihoster.org\/de\/filefactory-2\/#breadcrumb","itemListElement":[{"@type":"ListItem","position":1,"name":"Startseite","item":"https:\/\/multihoster.org\/de\/"},{"@type":"ListItem","position":2,"name":"Filefactory Premium Konto: Der Filehoster Auf Einen Blick"}]}]}},"_links":{"self":[{"href":"https:\/\/multihoster.org\/de\/wp-json\/wp\/v2\/pages\/4252"}],"collection":[{"href":"https:\/\/multihoster.org\/de\/wp-json\/wp\/v2\/pages"}],"about":[{"href":"https:\/\/multihoster.org\/de\/wp-json\/wp\/v2\/types\/page"}],"author":[{"embeddable":true,"href":"https:\/\/multihoster.org\/de\/wp-json\/wp\/v2\/users\/2"}],"replies":[{"embeddable":true,"href":"https:\/\/multihoster.org\/de\/wp-json\/wp\/v2\/comments?post=4252"}],"version-history":[{"count":2,"href":"https:\/\/multihoster.org\/de\/wp-json\/wp\/v2\/pages\/4252\/revisions"}],"predecessor-version":[{"id":4278,"href":"https:\/\/multihoster.org\/de\/wp-json\/wp\/v2\/pages\/4252\/revisions\/4278"}],"wp:attachment":[{"href":"https:\/\/multihoster.org\/de\/wp-json\/wp\/v2\/media?parent=4252"}],"curies":[{"name":"wp","href":"https:\/\/api.w.org\/{rel}","templated":true}]}}