{"id":4374,"date":"2020-04-16T15:45:17","date_gmt":"2020-04-16T15:45:17","guid":{"rendered":"https:\/\/multihoster.org\/fileboom-2\/"},"modified":"2020-04-23T10:16:58","modified_gmt":"2020-04-23T10:16:58","slug":"fileboom-2","status":"publish","type":"page","link":"https:\/\/multihoster.org\/de\/fileboom-2\/","title":{"rendered":"FileBoom Premium Konto: Der Filehoster Auf Einen Blick"},"content":{"rendered":"\n<div class=\"wp-block-image\"><figure class=\"aligncenter\"><img src=\"https:\/\/lh6.googleusercontent.com\/CxrQlUrEqHUGytbKIXRKTBE5iOTePxQV1007Gp6AtDosm-ZPTakFqyaZuB0n_18sdTGcoM65JLOGrxaR5iLyMvJjuM7sNzCR3WB645azwwUip3X9bdRsvVxmU0XR7L5oGDv9SH4\" alt=\"FileBoom logo\"\/><\/figure><\/div>\n\n\n<a class=\"maxbutton-2 maxbutton maxbutton-cta\" target=\"_blank\" rel=\"nofollow noopener\" href=\"\/go\/\"><span class='mb-text'>&gt;&gt; Gehen Sie zur Original Linkifier Website<\/span><\/a>\n\n\n<p><\/p>\n\n\n\n<h2>Warum Fileboom verwenden?<\/h2>\n\n\n\n<p>FileBoom ist eine 100% sichere und zu 100% gesicherte Website zum Hochladen, Aufbewahren, Herunterladen und Austauschen von Dateien, egal ob es sich um wichtige oder weniger wichtige handelt. <\/p>\n\n\n\n<p>Ein Benutzer muss sich keine Sorgen um seine Daten machen, da FileBoom eine 100% sichere Speicherung der Dateien bietet. Alle Dateien und Downloads hier sind durch Verschl\u00fcsselungstechnologie in ihrem System gesichert. Alle Transaktionen sind gesichert, da FileBoom die Secure Sockets Layer- oder SSL-Verschl\u00fcsselungstechnologie zusammen mit der 128-Bit-Signatur von <a rel=\"noreferrer noopener\" aria-label=\"VeriSign  (opens in a new tab)\" href=\"https:\/\/en.wikipedia.org\/wiki\/Verisign\" target=\"_blank\">VeriSign <\/a>verwendet.<\/p>\n\n\n\n<p>Es hat auch eine sehr hohe Geschwindigkeit und Bandbreite f\u00fcr jedes Herunterladen einer Datei und erm\u00f6glicht die \u00dcbertragung von Dateien in nur kurzer Zeit. <\/p>\n\n\n\n<p>Wenn jemand seine Dateien speichern m\u00f6chte, kann er sie alle auf der FileBoom-Website speichern. Wo immer er sich befindet und wann immer er eine Datei zum Senden, Teilen, Ansehen oder Pr\u00e4sentieren ben\u00f6tigt, kann er einfach auf die FileBoom-Website zugreifen, ohne Flash-Laufwerke oder andere externe Laufwerke oder Speicher zu verwenden und ohne sich \u00fcber die Dateigr\u00f6\u00dfe Gedanken machen zu m\u00fcssen.<\/p>\n\n\n\n<p>Au\u00dferdem ist die FileBoom-Site mit Hilfe einer Internetverbindung f\u00fcr jedes Ger\u00e4t \u00fcber jeden Webbrowser zug\u00e4nglich.<\/p>\n\n\n\n<div class=\"wp-block-image\"><figure class=\"alignright\"><img src=\"https:\/\/lh4.googleusercontent.com\/TE6YeHqhuqCouM2nZVVNGTs4ttRgSZKicLQI_KLEQll3m-OHBUiiIjcUkQSRLG_SPn2DB5tEkreIrrB9os5WeBMjgpnMob9XSHjLMcUvl8x743gKUgkYLdaGA0m0ohjDaeDYJxI\" alt=\"FileBoom Languages\"\/><\/figure><\/div>\n\n\n\n<p>Dar\u00fcber hinaus unterst\u00fctzt die FileBoom-Website zwei (2) verschiedene Sprachen. Dies sind die englische und die japanische Sprache. Ein Benutzer kann mit der EN-Taste zur englischen Sprache und mit dem japanischen Zeichen zur japanischen Sprache umschalten.<\/p>\n\n\n\n<p>FileBoom erm\u00f6glicht es ihren Benutzern, jedes beliebige Download-Tool oder jeden Download-Beschleuniger zu verwenden, um den Download-Prozess zu beschleunigen. Ein Benutzer kann den Internet Download Manager oder IDM, JDownloader, Download Accelerator Plus und andere verwenden.<\/p>\n\n\n\n<p>Arten des Hochladens von Dateien auf die FileBoom-Website:<\/p>\n\n\n\n<ol><li>Datei-Upload<\/li><li> Flash-Upload<\/li><li> Fern-Upload<\/li><\/ol>\n\n\n\n<p>Verschieben einer Datei auf der FileBoom-Website:<\/p>\n\n\n\n<p>Es gibt zwei (2) M\u00f6glichkeiten, eine Datei oder Dateien eines Benutzers zu verschieben.<\/p>\n\n\n\n<ol><li>Drag und Drop &#8211; Ein Benutzer kann eine oder mehrere Dateien per Drag und Drop in einen bestimmten Ordner verschieben. <\/li><li> Bearbeiten &#8211; Ein Benutzer kann eine oder mehrere Dateien ausw\u00e4hlen, dann auf die Schaltfl\u00e4che &#8222;BEARBEITEN&#8220; klicken und den Ort w\u00e4hlen, an den er die Datei(en) verschieben m\u00f6chte.<\/li><\/ol>\n\n\n\n<h2>FileBoom: Die Konten<\/h2>\n\n\n\n<p>FileBoom erlaubt nur Benutzern, die dreizehn Jahre oder \u00e4lter sind, auf ihre Website und Dienste zuzugreifen, und sie erlauben keine mehrfachen oder doppelten Konten von Benutzern. Wenn FileBoom solche Konten gefunden hat, werden sie automatisch gel\u00f6scht. <\/p>\n\n\n\n<p>Wenn ein Benutzer noch kein Konto bei FileBoom hat, kann er sich die Zeit nehmen, das Registrierungsformular von FileBoom auszuf\u00fcllen, um sein Konto zu erstellen. Er oder sie muss einen g\u00fcltigen vollst\u00e4ndigen Namen, eine E-Mail-Adresse und ein Passwort in das Registrierungsformular von FileBoom eingeben, und er oder sie muss sein oder ihr Passwort erneut eingeben, um das Passwort zu verifizieren. Ein Benutzer muss auf die Schaltfl\u00e4che &#8222;BENUTZERKONTO ERSTELLEN&#8220; klicken, um die Informationen erfolgreich zu \u00fcbermitteln. Danach hat der Benutzer nun sein Konto und Zugang zu den Funktionen und Diensten der FileBoom Website.<\/p>\n\n\n\n<figure class=\"wp-block-image\"><img src=\"https:\/\/lh6.googleusercontent.com\/hkO2ARhvoeZjlFGjLUqs4RNsbgir12DHGPTMK_-lcBhYZdvcDJDy3-6W_23KDb2iHuY-znbGj0XnWYnmVz82bKOFxM20A5p7n0AiGRAnYH1KmELXbvGUwZw_DiOLGADl2uVlRUk\" alt=\"VK\"\/><\/figure>\n\n\n\n<p>Wenn ein Benutzer bereits ein Konto bei Fileboom hat, dann kann er oder sie auf die Login-Seite von FileBoom gehen und die E-Mail-Adresse und das Passwort f\u00fcr sein oder ihr Konto eingeben. Alle Angaben sollten korrekt eingegeben werden, um sicherzustellen, dass er oder sie sich erfolgreich auf der FileBoom Site anmelden kann. Ein Benutzer kann sich auch \u00fcber Facebook, Twitter, VK und Google Plus einloggen. Ein Benutzer muss die Schaltfl\u00e4che &#8222;Anmelden&#8220; ankreuzen, um zu seinem Konto auf FileBoom zu gelangen.<\/p>\n\n\n\n<p>Wenn ein Benutzer Fragen oder Probleme beim Kauf des FileBoom Premium Accounts hat, dann wenden Sie sich am schnellsten an den FileBoom Kundenservice.<\/p>\n\n\n\n<figure class=\"wp-block-table\"><table class=\"\"><tbody><tr><td>Ein Benutzer sollte keine Dateien oder Inhalte auf die FileBoom Seite hochladen, die Gewalt oder Pornographie enthalten und die das Copyright haben oder die keine Erlaubnis haben, diese zu benutzen, zu teilen oder hochzuladen. Falls solche Dateien gefunden werden, wird FileBoom das Benutzerkonto sofort l\u00f6schen, beenden oder suspendieren.<\/td><\/tr><\/tbody><\/table><\/figure>\n\n\n\n<p>FileBoom hat zwei (2) verschiedene Account-Typen, n\u00e4mlich den FileBoom Free Account und den FileBoom Premium Account.<\/p>\n\n\n\n<p>Die Unterschiede zwischen den beiden sind:<\/p>\n\n\n\n<ul><li>Ein Benutzer des FileBoom Premium Accounts kann viele Dateien gleichzeitig herunterladen, w\u00e4hrend ein Benutzer des FileBoom Free Accounts nur eine einzelne Datei gleichzeitig herunterladen kann.<\/li><li> Ein Benutzer des FileBoom Premium Accounts kann Dateien schneller hoch- und herunterladen als ein Benutzer des FileBoom Free Accounts.<\/li><li> Ein Benutzer des FileBoom Free Accounts muss warten, wie viele Sekunden er oder sie eine Datei herunterladen kann, w\u00e4hrend ein Benutzer des FileBoom Premium Accounts eine Datei sofort und ohne Wartezeit herunterladen kann.<\/li><li> Ein Benutzer des FileBoom Free Account kann Anzeigen auf der FileBoom Website sehen, w\u00e4hrend ein Benutzer des FileBoom Premium Account Anzeigen sehen kann.<\/li><\/ul>\n\n\n\n<h3>FileBoom Free und FileBoom Premium Konto-Funktionen<\/h3>\n\n\n\n<figure class=\"wp-block-table\"><table class=\"\"><tbody><tr><td>FileBoom-Konto-Typ<\/td><td>Geschwindigkeitsraten f\u00fcr Downloads <\/td><td>Beginn der Downloads<\/td><td>Hat einen Beschleuniger f\u00fcr Downloads?<\/td><td>Hat einen Lebenslauf zum Herunterladen?<\/td><td>Herunterladen mehrerer Dateien gleichzeitig<\/td><\/tr><tr><td>Kostenloses Konto<\/td><td>Zu langsam<\/td><td>Der Download beginnt nach 30 Sekunden<\/td><td>X<\/td><td>X<\/td><td>X<\/td><\/tr><tr><td>Premium-Konto <\/td><td>Schnell<\/td><td>Das Herunterladen beginnt sofort, ohne Sekunden zu warten.<\/td><td>\u2713<\/td><td>\u2713<\/td><td>\u2713<\/td><\/tr><\/tbody><\/table><\/figure>\n\n\n\n<figure class=\"wp-block-table\"><table class=\"\"><tbody><tr><td>FileBoom-Konto-Typ<\/td><td>Hochladen \u00fcber FTP<\/td><td>Hochladen \u00fcber HTTP<\/td><\/tr><tr><td>Kostenloses Konto <\/td><td>X<\/td><td>X<\/td><\/tr><tr><td>Premium-Konto <\/td><td>\u2713<\/td><td>\u2713<\/td><\/tr><\/tbody><\/table><\/figure>\n\n\n\n<figure class=\"wp-block-table\"><table class=\"\"><tbody><tr><td>FileBoom-Konto-Typ<\/td><td>Dateityp<\/td><td>Maximale Gr\u00f6\u00dfe einer Datei<\/td><td>Wie lange werden die Akten aufbewahrt?<\/td><\/tr><tr><td>Kostenloses Konto <\/td><td>Jede<\/td><td>500 MB oder 0,5 GB<\/td><td>30 Tage oder 1 Monat<\/td><\/tr><tr><td>Premium-Konto <\/td><td>Jede<\/td><td>5000 MB oder 5 GB<\/td><td>90 Tage oder 2 Monate<\/td><\/tr><\/tbody><\/table><\/figure>\n\n\n\n<p>*MB steht f\u00fcr Megabyte und GB f\u00fcr Gigabyte<\/p>\n\n\n<a class=\"maxbutton-2 maxbutton maxbutton-cta\" target=\"_blank\" rel=\"nofollow noopener\" href=\"\/go\/\"><span class='mb-text'>&gt;&gt; Gehen Sie zur Original Linkifier Website<\/span><\/a>\n\n\n<p><\/p>\n\n\n\n<h3>FileBoom Premium-Konto kaufen<\/h3>\n\n\n\n<p>Ein Benutzer kann eine der unten aufgef\u00fchrten Arten von FileBoom Premium Accounts ausw\u00e4hlen, die er erwerben und verwenden m\u00f6chte. <\/p>\n\n\n\n<p>Die Preise f\u00fcr den FileBoom Premium Account<\/p>\n\n\n\n<figure class=\"wp-block-table\"><table class=\"\"><tbody><tr><td>Anzahl der Tage oder Monate<\/td><td>Betrag<\/td><td>Betrag pro Tag<\/td><td>Versteckte Geb\u00fchren oder Entgelte<\/td><td>Ist es werbefrei?<\/td><td>Ist sie gesichert?<\/td><\/tr><tr><td>3 Tage<\/td><td>6,95 USD<\/td><td>2,32 USD<\/td><td>Keine<\/td><td>Ja<\/td><td>Ja<\/td><\/tr><tr><td>1 Monat<\/td><td>16,95 USD<\/td><td>0,56 USD<\/td><td>Keine<\/td><td>Ja<\/td><td>Ja<\/td><\/tr><tr><td>2 Monate<\/td><td>41,95 USD<\/td><td>0,47 USD<\/td><td>Keine<\/td><td>Ja<\/td><td>Ja<\/td><\/tr><tr><td>12 Monate<\/td><td>113,95 USD<\/td><td>0,31 USD<\/td><td>Keine<\/td><td>Ja<\/td><td>Ja<\/td><\/tr><\/tbody><\/table><\/figure>\n\n\n\n<p>Das Kaufen und Bezahlen der Benutzer hier auf FileBoom ist 100% sicher und auch 100% sicher. Alle Transaktionen, insbesondere die finanziellen, sind verschl\u00fcsselt, so dass Sie sich keine Sorgen machen m\u00fcssen.<\/p>\n\n\n\n<p>Ein Benutzer kann mit den folgenden FileBoom-Zahlungsoptionen bezahlen:<\/p>\n\n\n\n<ul><li>PayPal<\/li><li> Wiederverk\u00e4ufer von FileBoom <\/li><li> Visum <\/li><li> MasterCard<\/li><li> American Express<\/li><li> Karte entdecken<\/li><li> Japanisches Kreditb\u00fcro oder JCB <\/li><\/ul>\n\n\n\n<p>Nach erfolgreichem Kauf des FileBoom Premium Accounts wird eine Best\u00e4tigungsnachricht und ein Aktivierungscode f\u00fcr den FileBoom Premium Account an die E-Mail-Adresse des Benutzers gesendet.<\/p>\n\n\n\n<p>Der Wiederverk\u00e4ufer von FileBoom oder FileBoom selbst sendet einen Aktivierungscode, der aus vierzig (40) Zeichen mit einer Kombination aus Zahlen und Buchstaben besteht, an die E-Mail-Adresse des Benutzers. Wenn ein Benutzer den FileBoom Premium Account erfolgreich bezahlt hat und weder die Best\u00e4tigungsnachricht noch den Aktivierungscode erh\u00e4lt, muss er sich mit dem FileBoom oder FileBoom Wiederverk\u00e4ufer in Verbindung setzen. Normalerweise wird der Aktivierungscode im Posteingang einer E-Mail verschickt, aber ein Benutzer sollte immer auch seinen Spam- oder Junk-Ordner \u00fcberpr\u00fcfen.<\/p>\n\n\n\n<figure class=\"wp-block-image\"><img src=\"https:\/\/lh3.googleusercontent.com\/aVw7UisiyildOJQ6jCxSM7a218_0lqaVn9GFA6r7fXrj8C6ePpPlXaAWPAXoYbX0ShCg18os_IEhdos_4w8PJeHtEooP_XzaX-Uh4_QOa3vms97ZmSQJCaNTZDk4dGt1MKqs6Zk\" alt=\"\"\/><\/figure>\n\n\n\n<p>Ein Aktivierungscode ist sehr wichtig, damit ein Benutzer, der den FileBoom Premium Account erworben hat, alle seine FileBoom Premium Funktionen aktivieren und nutzen kann. Folgen Sie den untenstehenden Schritten, um ihn zu aktivieren.<\/p>\n\n\n\n<ol><li>Ein Benutzer sollte auf die FileBoom-Website gehen, um sich in sein Konto einzuloggen.<\/li><li> Gehen Sie auf die Aktivierungsseite von FileBoom.<\/li><li> Siehe das nebenstehende Bild. \u2192<\/li><li> Ein Benutzer sollte seine Konto-E-Mail-Adresse und den korrekten Aktivierungscode des FileBoom Premium Kontos eingeben.<\/li><li> Schauen Sie auf &#8222;Ich bin kein Roboter&#8220;, um das CAPTCHA anzuzeigen. Folgen Sie den Anweisungen f\u00fcr das CAPTCHA.<\/li><li> Zuletzt sollte ein Benutzer den &#8222;Submit&#8220;-Button ankreuzen, um den Aktivierungscode abzuschicken, und FileBoom \u00fcberpr\u00fcft, ob er g\u00fcltig ist.<\/li><\/ol>\n\n\n\n<p>Wenn es sich um einen g\u00fcltigen Aktivierungscode handelt, dann wird das Benutzerkonto des Benutzers sicher mit FileBoom Premium Account aktiviert und er oder sie kann nun alle Funktionen und Dienste von FileBoom Premium nutzen.<\/p>\n\n\n\n<h2>Probleme beim Zugriff auf die FileBoom-Website und Dateien<\/h2>\n\n\n\n<figure class=\"wp-block-table\"><table class=\"\"><tbody><tr><td>Fehler 401 oder &#8222;401 Unautorisiert&#8220;: Tempor\u00e4re URL ung\u00fcltig&#8220;.<\/td><\/tr><\/tbody><\/table><\/figure>\n\n\n\n<p>Wenn ein Benutzer eine Datei herunterl\u00e4dt und dann pl\u00f6tzlich ein Fehler 401 oder &#8222;401 Unauthorized&#8220; auftritt: Temp URL ung\u00fcltig&#8220; erscheint, geschieht dies, weil der FileBoom-Dienst immer das Internet-Protokoll oder die IP-Adressen seiner Benutzer \u00e4ndert, die das Sicherheitssystem von FileBoom zu der Annahme veranlasst haben, dass ein Benutzerkonto gehackt wurde, dann blockiert das Sicherheitssystem von FileBoom den aktuellen Link, auf den ein Benutzer zugreift.<\/p>\n\n\n\n<p>F\u00fcr diesen Fall empfiehlt das Fileboom Sicherheitsteam den Benutzern, ein <a rel=\"noreferrer noopener\" aria-label=\"Virtual Private Network (VPN) (opens in a new tab)\" href=\"https:\/\/www.cisco.com\/c\/en\/us\/products\/security\/vpn-endpoint-security-clients\/what-is-vpn.html\" target=\"_blank\">Virtual Private Network (VPN)<\/a> oder einen Public <a rel=\"noreferrer noopener\" aria-label=\"Proxy Server (opens in a new tab)\" href=\"https:\/\/en.wikipedia.org\/wiki\/Proxy_server\" target=\"_blank\">Proxy Server<\/a> zu verwenden, wenn sie auf die FileBoom Site und ihre Funktionen und Dienste zugreifen.<\/p>\n\n\n\n<p>Nachstehend finden Sie das von FileBoom empfohlene Virtual Private Network (VPN):<\/p>\n\n\n\n<ul><li>Hot VPN &#8211; Dieses VPN ist nur f\u00fcr FileBoom Premium Benutzer). Es funktioniert gut und ist sehr einfach zu benutzen.<\/li><li> CyberGhost-VPN<\/li><li> Hotspot-Schild<\/li><\/ul>\n\n\n\n<p>F\u00fcr den \u00f6ffentlichen Proxy-Server k\u00f6nnen die Benutzer ihn in den Proxy-Einstellungen ihres Ger\u00e4ts, in den LAN- oder Netzwerkeinstellungen oder im Netz einstellen. <\/p>\n\n\n\n<figure class=\"wp-block-table\"><table class=\"\"><tbody><tr><td>Fehler 503<\/td><\/tr><\/tbody><\/table><\/figure>\n\n\n\n<p>Wenn ein Benutzer eine Datei herunterl\u00e4dt, aber dann einen Fehler 503 erh\u00e4lt, liegt das daran, dass der Server gewartet wird. FileBoom schl\u00e4gt vor, dass ein Benutzer beim n\u00e4chsten Mal versuchen sollte, die Datei herunterzuladen.<\/p>\n\n\n\n<figure class=\"wp-block-table\"><table class=\"\"><tbody><tr><td>&#8222;Entschuldigung, diese Datei ist blockiert oder gel\u00f6scht&#8220;<\/td><\/tr><\/tbody><\/table><\/figure>\n\n\n\n<p>Wenn ein Benutzer eine bestimmte Datei aufgrund dieser Meldung nicht herunterladen kann, liegt es daran, dass die Datei bereits vom Uploader oder einfach vom Eigent\u00fcmer der Datei gel\u00f6scht wurde. <\/p>\n\n\n\n<p>Der Download-Link f\u00fcr die spezifische Datei ist nicht mehr zug\u00e4nglich. Ein Benutzer kann eine Nachricht an das FileBoom-Team senden und darum bitten. Vergewissern Sie sich nur, dass er oder sie den Link zu dieser Datei, die Fehlermeldung, den Screenshot, den von ihm oder ihr benutzten Webbrowser und die Version der Datei sowie die Beschreibung enth\u00e4lt.<\/p>\n\n\n\n<h3>Haben Sie ein Problem beim Laden der Download-Seite und des CAPTCHA?<\/h3>\n\n\n\n<p>Wenn ein Benutzer Probleme beim Laden der Download-Seite der FileBoom-Site und der CAPTCHAs hat, schl\u00e4gt FileBoom vor, dass er oder sie versucht, auf die Site mit anderen Browsern wie Internet Explorer (IE) oder Google Chrome zuzugreifen oder sie zu benutzen.<\/p>\n\n\n<a class=\"maxbutton-2 maxbutton maxbutton-cta\" target=\"_blank\" rel=\"nofollow noopener\" href=\"\/go\/\"><span class='mb-text'>&gt;&gt; Gehen Sie zur Original Linkifier Website<\/span><\/a>\n\n\n<p><\/p>\n","protected":false},"excerpt":{"rendered":"<p>Warum Fileboom verwenden? FileBoom ist eine 100% sichere und zu 100% gesicherte Website zum Hochladen, Aufbewahren, Herunterladen und Austauschen von<\/p>\n","protected":false},"author":2,"featured_media":0,"parent":0,"menu_order":0,"comment_status":"closed","ping_status":"closed","template":"","meta":[],"yoast_head":"<!-- This site is optimized with the Yoast SEO plugin v18.3 - https:\/\/yoast.com\/wordpress\/plugins\/seo\/ -->\n<title>FileBoom Premium Konto: Der Filehoster Auf Einen Blick<\/title>\n<meta name=\"description\" content=\"Ist FileBoom ein seri\u00f6ser Anbieter oder nicht, finden Sie die Antwort im aktuellen Test auf Multihoster.org \u279c Klicken Sie jetzt \u271a und lesen Sie unsere Erfahrungen!\" \/>\n<meta name=\"robots\" content=\"index, follow, max-snippet:-1, max-image-preview:large, max-video-preview:-1\" \/>\n<link rel=\"canonical\" href=\"https:\/\/multihoster.org\/de\/fileboom-2\/\" \/>\n<meta property=\"og:locale\" content=\"de_DE\" \/>\n<meta property=\"og:type\" content=\"article\" \/>\n<meta property=\"og:title\" content=\"FileBoom Premium Konto: Der Filehoster Auf Einen Blick\" \/>\n<meta property=\"og:description\" content=\"Ist FileBoom ein seri\u00f6ser Anbieter oder nicht, finden Sie die Antwort im aktuellen Test auf Multihoster.org \u279c Klicken Sie jetzt \u271a und lesen Sie unsere Erfahrungen!\" \/>\n<meta property=\"og:url\" content=\"https:\/\/multihoster.org\/de\/fileboom-2\/\" \/>\n<meta property=\"og:site_name\" content=\"Multihoster.org\" \/>\n<meta property=\"article:modified_time\" content=\"2020-04-23T10:16:58+00:00\" \/>\n<meta property=\"og:image\" content=\"https:\/\/lh6.googleusercontent.com\/CxrQlUrEqHUGytbKIXRKTBE5iOTePxQV1007Gp6AtDosm-ZPTakFqyaZuB0n_18sdTGcoM65JLOGrxaR5iLyMvJjuM7sNzCR3WB645azwwUip3X9bdRsvVxmU0XR7L5oGDv9SH4\" \/>\n<meta name=\"twitter:card\" content=\"summary\" \/>\n<meta name=\"twitter:label1\" content=\"Gesch\u00e4tzte Lesezeit\" \/>\n\t<meta name=\"twitter:data1\" content=\"8\u00a0Minuten\" \/>\n<script type=\"application\/ld+json\" class=\"yoast-schema-graph\">{\"@context\":\"https:\/\/schema.org\",\"@graph\":[{\"@type\":\"WebSite\",\"@id\":\"https:\/\/multihoster.org\/#website\",\"url\":\"https:\/\/multihoster.org\/\",\"name\":\"Multihoster.org\",\"description\":\"Reviews of the major Filehosting services\",\"potentialAction\":[{\"@type\":\"SearchAction\",\"target\":{\"@type\":\"EntryPoint\",\"urlTemplate\":\"https:\/\/multihoster.org\/?s={search_term_string}\"},\"query-input\":\"required name=search_term_string\"}],\"inLanguage\":\"de\"},{\"@type\":\"ImageObject\",\"@id\":\"https:\/\/multihoster.org\/de\/fileboom-2\/#primaryimage\",\"inLanguage\":\"de\",\"url\":\"https:\/\/lh6.googleusercontent.com\/CxrQlUrEqHUGytbKIXRKTBE5iOTePxQV1007Gp6AtDosm-ZPTakFqyaZuB0n_18sdTGcoM65JLOGrxaR5iLyMvJjuM7sNzCR3WB645azwwUip3X9bdRsvVxmU0XR7L5oGDv9SH4\",\"contentUrl\":\"https:\/\/lh6.googleusercontent.com\/CxrQlUrEqHUGytbKIXRKTBE5iOTePxQV1007Gp6AtDosm-ZPTakFqyaZuB0n_18sdTGcoM65JLOGrxaR5iLyMvJjuM7sNzCR3WB645azwwUip3X9bdRsvVxmU0XR7L5oGDv9SH4\"},{\"@type\":\"WebPage\",\"@id\":\"https:\/\/multihoster.org\/de\/fileboom-2\/#webpage\",\"url\":\"https:\/\/multihoster.org\/de\/fileboom-2\/\",\"name\":\"FileBoom Premium Konto: Der Filehoster Auf Einen Blick\",\"isPartOf\":{\"@id\":\"https:\/\/multihoster.org\/#website\"},\"primaryImageOfPage\":{\"@id\":\"https:\/\/multihoster.org\/de\/fileboom-2\/#primaryimage\"},\"datePublished\":\"2020-04-16T15:45:17+00:00\",\"dateModified\":\"2020-04-23T10:16:58+00:00\",\"description\":\"Ist FileBoom ein seri\u00f6ser Anbieter oder nicht, finden Sie die Antwort im aktuellen Test auf Multihoster.org \u279c Klicken Sie jetzt \u271a und lesen Sie unsere Erfahrungen!\",\"breadcrumb\":{\"@id\":\"https:\/\/multihoster.org\/de\/fileboom-2\/#breadcrumb\"},\"inLanguage\":\"de\",\"potentialAction\":[{\"@type\":\"ReadAction\",\"target\":[\"https:\/\/multihoster.org\/de\/fileboom-2\/\"]}]},{\"@type\":\"BreadcrumbList\",\"@id\":\"https:\/\/multihoster.org\/de\/fileboom-2\/#breadcrumb\",\"itemListElement\":[{\"@type\":\"ListItem\",\"position\":1,\"name\":\"Startseite\",\"item\":\"https:\/\/multihoster.org\/de\/\"},{\"@type\":\"ListItem\",\"position\":2,\"name\":\"FileBoom Premium Konto: Der Filehoster Auf Einen Blick\"}]}]}<\/script>\n<!-- \/ Yoast SEO plugin. -->","yoast_head_json":{"title":"FileBoom Premium Konto: Der Filehoster Auf Einen Blick","description":"Ist FileBoom ein seri\u00f6ser Anbieter oder nicht, finden Sie die Antwort im aktuellen Test auf Multihoster.org \u279c Klicken Sie jetzt \u271a und lesen Sie unsere Erfahrungen!","robots":{"index":"index","follow":"follow","max-snippet":"max-snippet:-1","max-image-preview":"max-image-preview:large","max-video-preview":"max-video-preview:-1"},"canonical":"https:\/\/multihoster.org\/de\/fileboom-2\/","og_locale":"de_DE","og_type":"article","og_title":"FileBoom Premium Konto: Der Filehoster Auf Einen Blick","og_description":"Ist FileBoom ein seri\u00f6ser Anbieter oder nicht, finden Sie die Antwort im aktuellen Test auf Multihoster.org \u279c Klicken Sie jetzt \u271a und lesen Sie unsere Erfahrungen!","og_url":"https:\/\/multihoster.org\/de\/fileboom-2\/","og_site_name":"Multihoster.org","article_modified_time":"2020-04-23T10:16:58+00:00","og_image":[{"url":"https:\/\/lh6.googleusercontent.com\/CxrQlUrEqHUGytbKIXRKTBE5iOTePxQV1007Gp6AtDosm-ZPTakFqyaZuB0n_18sdTGcoM65JLOGrxaR5iLyMvJjuM7sNzCR3WB645azwwUip3X9bdRsvVxmU0XR7L5oGDv9SH4"}],"twitter_card":"summary","twitter_misc":{"Gesch\u00e4tzte Lesezeit":"8\u00a0Minuten"},"schema":{"@context":"https:\/\/schema.org","@graph":[{"@type":"WebSite","@id":"https:\/\/multihoster.org\/#website","url":"https:\/\/multihoster.org\/","name":"Multihoster.org","description":"Reviews of the major Filehosting services","potentialAction":[{"@type":"SearchAction","target":{"@type":"EntryPoint","urlTemplate":"https:\/\/multihoster.org\/?s={search_term_string}"},"query-input":"required name=search_term_string"}],"inLanguage":"de"},{"@type":"ImageObject","@id":"https:\/\/multihoster.org\/de\/fileboom-2\/#primaryimage","inLanguage":"de","url":"https:\/\/lh6.googleusercontent.com\/CxrQlUrEqHUGytbKIXRKTBE5iOTePxQV1007Gp6AtDosm-ZPTakFqyaZuB0n_18sdTGcoM65JLOGrxaR5iLyMvJjuM7sNzCR3WB645azwwUip3X9bdRsvVxmU0XR7L5oGDv9SH4","contentUrl":"https:\/\/lh6.googleusercontent.com\/CxrQlUrEqHUGytbKIXRKTBE5iOTePxQV1007Gp6AtDosm-ZPTakFqyaZuB0n_18sdTGcoM65JLOGrxaR5iLyMvJjuM7sNzCR3WB645azwwUip3X9bdRsvVxmU0XR7L5oGDv9SH4"},{"@type":"WebPage","@id":"https:\/\/multihoster.org\/de\/fileboom-2\/#webpage","url":"https:\/\/multihoster.org\/de\/fileboom-2\/","name":"FileBoom Premium Konto: Der Filehoster Auf Einen Blick","isPartOf":{"@id":"https:\/\/multihoster.org\/#website"},"primaryImageOfPage":{"@id":"https:\/\/multihoster.org\/de\/fileboom-2\/#primaryimage"},"datePublished":"2020-04-16T15:45:17+00:00","dateModified":"2020-04-23T10:16:58+00:00","description":"Ist FileBoom ein seri\u00f6ser Anbieter oder nicht, finden Sie die Antwort im aktuellen Test auf Multihoster.org \u279c Klicken Sie jetzt \u271a und lesen Sie unsere Erfahrungen!","breadcrumb":{"@id":"https:\/\/multihoster.org\/de\/fileboom-2\/#breadcrumb"},"inLanguage":"de","potentialAction":[{"@type":"ReadAction","target":["https:\/\/multihoster.org\/de\/fileboom-2\/"]}]},{"@type":"BreadcrumbList","@id":"https:\/\/multihoster.org\/de\/fileboom-2\/#breadcrumb","itemListElement":[{"@type":"ListItem","position":1,"name":"Startseite","item":"https:\/\/multihoster.org\/de\/"},{"@type":"ListItem","position":2,"name":"FileBoom Premium Konto: Der Filehoster Auf Einen Blick"}]}]}},"_links":{"self":[{"href":"https:\/\/multihoster.org\/de\/wp-json\/wp\/v2\/pages\/4374"}],"collection":[{"href":"https:\/\/multihoster.org\/de\/wp-json\/wp\/v2\/pages"}],"about":[{"href":"https:\/\/multihoster.org\/de\/wp-json\/wp\/v2\/types\/page"}],"author":[{"embeddable":true,"href":"https:\/\/multihoster.org\/de\/wp-json\/wp\/v2\/users\/2"}],"replies":[{"embeddable":true,"href":"https:\/\/multihoster.org\/de\/wp-json\/wp\/v2\/comments?post=4374"}],"version-history":[{"count":1,"href":"https:\/\/multihoster.org\/de\/wp-json\/wp\/v2\/pages\/4374\/revisions"}],"predecessor-version":[{"id":4384,"href":"https:\/\/multihoster.org\/de\/wp-json\/wp\/v2\/pages\/4374\/revisions\/4384"}],"wp:attachment":[{"href":"https:\/\/multihoster.org\/de\/wp-json\/wp\/v2\/media?parent=4374"}],"curies":[{"name":"wp","href":"https:\/\/api.w.org\/{rel}","templated":true}]}}