{"id":4400,"date":"2020-04-23T12:54:44","date_gmt":"2020-04-23T12:54:44","guid":{"rendered":"https:\/\/multihoster.org\/upload-cd\/"},"modified":"2020-05-29T14:13:48","modified_gmt":"2020-05-29T14:13:48","slug":"upload-cd","status":"publish","type":"page","link":"https:\/\/multihoster.org\/de\/upload-cd\/","title":{"rendered":"Upload.cd Premium Konto: Der Filehoster Auf Einen Blick"},"content":{"rendered":"<a class=\"maxbutton-2 maxbutton maxbutton-cta\" target=\"_blank\" rel=\"nofollow noopener\" href=\"\/go\/\"><span class='mb-text'>&gt;&gt; Gehen Sie zur Original Linkifier Website<\/span><\/a>\n\n\n<p><\/p>\n\n\n\n<h2>Was ist Upload.cd?<\/h2>\n\n\n\n<p>Upload.cd entstand aus dem Wort selbst &#8222;upload&#8220;, das f\u00fcr das Hochladen oder Hosten von Dateien der Benutzer auf ihrer Website steht. Die Website Upload.cd ist an jedem Ort der Welt verf\u00fcgbar. Es handelt sich um eine sichere und zuverl\u00e4ssige Speicherseite, die durch den <a rel=\"noreferrer noopener\" aria-label=\"Cloud-Service  (opens in a new tab)\" href=\"https:\/\/www.webopedia.com\/TERM\/C\/cloud_services.html\" target=\"_blank\">Cloud-Service <\/a>unterst\u00fctzt wird, der f\u00fcr verschiedene Dinge genutzt werden kann.<\/p>\n\n\n\n<ul><li>Die Website Upload.cd kann als Remote-Speicherkapazit\u00e4t f\u00fcr die Sicherung aller Arten von Dateien oder Daten des Benutzers verwendet werden.<\/li><li> Die Site Upload.cd kann als Hilfsmittel oder Werkzeug f\u00fcr die \u00dcbertragung oder das Senden von Dateien von einer Person zu einer anderen oder sogar zu mehreren Personen verwendet werden. Es ist eine gro\u00dfe Hilfe f\u00fcr alle Menschen, weil sie daf\u00fcr nicht allzu viel M\u00fche und Zeit aufwenden m\u00fcssen, als ihre Dateien per E-Mail als Anhang an andere zu senden.<\/li><li> Die Website Upload.cd kann zum Herunterladen einer Datei oder von Dateien eines Benutzers mit Hilfe eines Webbrowsers verwendet werden.<\/li><li> Die Website Upload.cd wird verwendet, um eine oder mehrere Dateien schnell und sicher mit jedermann zu teilen.<\/li><\/ul>\n\n\n\n<p>Die Website Upload.cd und die Server sind gesichert. Auf allen Seiten der Website wird die 256-Bit-Verschl\u00fcsselung<a rel=\"noreferrer noopener\" aria-label=\" Secure Sockets Layer oder SSL (opens in a new tab)\" href=\"https:\/\/www.cloudflare.com\/learning\/ssl\/what-is-ssl\/\" target=\"_blank\"> Secure Sockets Layer oder SSL<\/a> verwendet. Durch die Sicherung der Website und der Server wird verhindert, dass ein Hacker die Daten einiger Benutzer, insbesondere f\u00fcr die Bezahlung, stehlen kann. Ein Benutzer kann auf die Website von Upload.cd \u00fcber die Webbrowser auf jedem Ger\u00e4t mit einer Internetverbindung zugreifen.<\/p>\n\n\n\n<p>Ein Benutzer kann jede Art von Dateien wie Musik (wav, mp3, wma, usw.), Videos (mpg, mpeg-4, avi, usw.) und Dokumente (doc\/docx, xlsx, pdf, ppt, usw.) hochladen. Ein Benutzer sollte daran denken, dass alle Dateien, die er oder sie auf der Website Upload.cd hochladen wird, als vertraulich und privat betrachtet werden und anderen Personen in der \u00d6ffentlichkeit nicht zug\u00e4nglich sind, es sei denn, der Eigent\u00fcmer oder Upload.cder der Datei hat ihnen den Zugriff oder die Ansicht der Datei des Benutzers gestattet.<\/p>\n\n\n\n<figure class=\"wp-block-table\"><table><tbody><tr><td>Was ist SSL? SSL ist die Kurzbezeichnung f\u00fcr die Secure Sockets Layer. Es ist eine der entwickelten Sicherheiten in der modernen Technologie. Sie wird verwendet, um eine Verbindung herzustellen, die zur Sicherung der Daten verschl\u00fcsselt wird. Sie wird normalerweise f\u00fcr Websites oder Webbrowser und E-Mails verwendet.<\/td><\/tr><\/tbody><\/table><\/figure>\n\n\n\n<h2>Benutzerkonten auf Upload.cd<\/h2>\n\n\n\n<p>Upload.cd.cd hat drei (3) Arten von Benutzerkonten.<\/p>\n\n\n\n<ol><li>Upload.cd Kostenloses Konto (Gast),<\/li><li> Upload.cd Registriertes Konto, und<\/li><li> Upload.cd Premium-Konto<\/li><\/ol>\n\n\n\n<p>Wenn ein Benutzer Mitglied von Upload.cd werden m\u00f6chte oder wenn ein Benutzer ein Premium-Account-Paket von Upload.cd kaufen m\u00f6chte, muss er sich zuerst auf der Registrierungsseite der Website Upload.cd registrieren. <\/p>\n\n\n\n<p>Um sich zu registrieren, muss ein Benutzer die folgenden Felder ausf\u00fcllen und muss bei der Registrierung von Upload.cd tun.<\/p>\n\n\n\n<ul><li>Der Name eines Benutzers<\/li><li> Die E-Mail-Adresse eines Benutzers<\/li><\/ul>\n\n\n\n<p>*Die E-Mail-Adresse eines Benutzers wird nicht an andere Parteien gesendet oder f\u00fcr andere Zwecke verwendet, aber sie wird NUR f\u00fcr die Dienste der Website Upload.cd verwendet.<\/p>\n\n\n\n<ul><li>Ein Passwort, das er oder sie will. (Dies wird ben\u00f6tigt, um es zur Sicherheit erneut einzugeben)<\/li><\/ul>\n\n\n\n<p>*Ein Passwort wird f\u00fcr den Schutz des Benutzerkontos und der Benutzerinformationen verwendet. Es liegt also in der Verantwortung eines Benutzers, sein Passwort geheim zu halten, um das Konto sicher zu halten. Wenn sich ein Benutzer bei anderen Computern oder Ger\u00e4ten anmeldet, stellen Sie sicher, dass das Konto nach der Benutzung abgemeldet wird, um sicherzustellen, dass niemand auf das Konto zugreifen kann.<\/p>\n\n\n\n<ul><li>Er oder sie muss den Bedingungen und Richtlinien der Website Upload.cd zustimmen.<\/li><li> Ein Benutzer sollte den korrekten CAPTCHA-Code auf dem Bild eingeben. Wenn er oder sie die CAPTCHA-Codes auf dem Bild nicht versteht, klicken Sie auf das Aktualisierungssymbol, um einen neuen CAPTCHA-Code anzuzeigen.<\/li><\/ul>\n\n\n\n<p>Nachdem ein Benutzer alle Felder ausgef\u00fcllt hat, muss er auf die Schaltfl\u00e4che &#8222;Submit&#8220; klicken, um seine Informationen an Upload zu \u00fcbermitteln. Danach wird er oder sie nun ein registriertes Mitglied von Upload.cd sein, entweder kostenlos, registriert oder mit einem Premium-Account. Au\u00dferdem kann er oder sie jetzt eines der Premium-Pakete von Upload.cd kaufen.<\/p>\n\n\n\n<h2>H\u00c4UFIG GESTELLTE FRAGEN: Upload.cd Premium-Konto<\/h2>\n\n\n\n<h3><strong>1. Sie k\u00f6nnen sich nicht mehr an das Passwort f\u00fcr das Upload.cd-Benutzerkonto erinnern?<\/strong><\/h3>\n\n\n\n<p>Wenn ein Benutzer sich nicht mehr an sein Passwort erinnern kann, wird empfohlen, die Passwort-Wiederherstellungsseite der Website Upload.cd aufzurufen. Die Eingabe der E-Mail-Adresse eines Benutzers ist erforderlich, da Upload.cd das neue tempor\u00e4re Passwort f\u00fcr das Upload.cd-Konto des Benutzers innerhalb von f\u00fcnf (5) bis zehn (10) Minuten an diese Adresse sendet. Ein Benutzer sollte den Posteingang, den Spam- oder Junk-Ordner in seiner E-Mail daraufhin \u00fcberpr\u00fcfen. Er kann es jederzeit in seinen Kontoeinstellungen der Website Upload.cd \u00e4ndern. Ein Benutzer sollte auf die Schaltfl\u00e4che &#8222;Wiederherstellen&#8220; klicken, um seine Anfrage f\u00fcr die Passwort-Wiederherstellung an Upload.cd zu senden. <\/p>\n\n\n\n<h3><strong>2. M\u00f6chten Sie ein Upload.cd-Benutzerkonto l\u00f6schen?<\/strong><\/h3>\n\n\n\n<p>Um das Konto eines Benutzers zu l\u00f6schen, sollte er oder sie eine Nachricht an das Upload.cd-Support-Team senden. W\u00e4hlen Sie &#8222;Account-L\u00f6schung&#8220; als Betreff f\u00fcr die Nachricht und klicken Sie auf &#8222;Senden&#8220;. Ein Benutzer kann auch eine E-Mail von Upload.cd an support@upload.cd mit dem gleichen Betreff senden. Dann ist das Upload.cd-Team derjenige, der es f\u00fcr Sie l\u00f6scht.<\/p>\n\n\n\n<h3><strong>3. M\u00f6chten Sie eine Nachricht an Upload.cd senden?<\/strong><\/h3>\n\n\n\n<p>Wenn ein Benutzer Fragen oder Anfragen oder Feedback zu der Website Upload.cd, den Funktionen von Upload.cd und den Dienstleistungen von Upload.cd hat, kann er \u00fcber die Kontaktseite der Website Upload.cd eine Nachricht senden. Der Name, die E-Mail-Adresse, der Betreff, die Nachricht und ein Captcha des Benutzers m\u00fcssen auf der Kontaktseite ausgef\u00fcllt werden. Anschlie\u00dfend muss er auf die Schaltfl\u00e4che &#8222;Senden&#8220; klicken, um die Nachricht an das Upload.cd-Team zu senden.<\/p>\n\n\n<a class=\"maxbutton-2 maxbutton maxbutton-cta\" target=\"_blank\" rel=\"nofollow noopener\" href=\"\/go\/\"><span class='mb-text'>&gt;&gt; Gehen Sie zur Original Linkifier Website<\/span><\/a>\n\n\n<p><\/p>\n\n\n\n<figure class=\"wp-block-table\"><table><tbody><tr><td>Was ist CAPTCHA?A CAPTCHA ist eine Kurzbezeichnung f\u00fcr den &#8222;Completely Automated Public Turing test to tell Computers and Humans Apart&#8220;. Er besteht aus verschiedenen Buchstaben, Zahlen, Symbolen oder Bildern, die verwendet werden, um zu verifizieren, ob eine Person echt, nur Spam oder ein Roboter ist. <\/td><\/tr><\/tbody><\/table><\/figure>\n\n\n\n<p>Wenn ein Benutzer zu einem kostenlosen Upload.cd-Konto geh\u00f6rt, k\u00f6nnen beim Versuch, eine Datei herunterzuladen, aufgrund des Netzwerkverkehrs beim Herunterladen durch viele Benutzer Probleme wie Fehler auf der Website auftreten. Dieses Problem tritt jedoch nicht auf, wenn ein Benutzer zu einem Premium-Konto von Upload.cd geh\u00f6rt, da Premium-Benutzer auf den Servern der Website Upload.cd priorisiert werden. <\/p>\n\n\n\n<p>Bitte sehen Sie sich die Tabelle unten an, um die verschiedenen Funktionen oder Dienste der Website Upload.cd f\u00fcr die verschiedenen Benutzerkontentypen zu sehen.<\/p>\n\n\n\n<p>Funktionen oder Dienste von Upload.cd<\/p>\n\n\n\n<figure class=\"wp-block-table\"><table><tbody><tr><td>Benutzerkonto Typ des Upload.cd<\/td><td>Download-Geschwindigkeit<\/td><td>Anzahl der Downloads<\/td><td>Speicherplatz-Kapazit\u00e4t<\/td><td>Wartezeit f\u00fcr den Download<\/td><td>Download-Beschr\u00e4nkungen<\/td><td>Downloads wieder aufnehmen k\u00f6nnen<\/td><td>Has Ads and CAPTCHAS?<\/td><td>Safe?Secure?<\/td><\/tr><tr><td>Kostenloses Konto <\/td><td>Bis zu 50 Kilobyte pro Sekunde (50 KB\/s)<\/td><td>1<\/td><td>Null Gigabyte (0 GB)<\/td><td>Der Download beginnt nach sechzig (60) Sekunden oder einer (1) Minute.<\/td><td>Nur eine (1) Datei kann alle drei (3) Stunden heruntergeladen werden<\/td><td>Download nicht fortsetzen<\/td><td>Ja<\/td><td>Ja<\/td><\/tr><tr><td>Registriertes Konto <\/td><td>Bis zu 80 Kilobyte pro Sekunde (80 KB\/s)<\/td><td>1<\/td><td>F\u00fcnfzig Gigabyte (50 GB)<\/td><td>Der Download beginnt nach drei\u00dfig (30) Sekunden<\/td><td>Nur eine (1) Datei kann alle drei (3) Stunden heruntergeladen werden<\/td><td>Download nicht fortsetzen<\/td><td>Ja<\/td><td>Ja<\/td><\/tr><tr><td>Premium-Konto <\/td><td>Unbegrenzte Download-Geschwindigkeit<\/td><td>Unbegrenzte Anzahl von Datei-Downloads<\/td><td>F\u00fcnfhundert Gigabyte (500 GB)<\/td><td>Keine Wartezeit beim Herunterladen von Dateien<\/td><td>No waiting time when downloading files <\/td><td>Kann die angehaltene(n) Datei(en) zum Herunterladen wieder aufnehmen<\/td><td>Keine<\/td><td>Ja<\/td><\/tr><\/tbody><\/table><\/figure>\n\n\n\n<h2>Upload.cd Premium-Konto<\/h2>\n\n\n\n<figure class=\"wp-block-table\"><table><tbody><tr><td>Anzahl der Monate:<\/td><td>1 Monat<\/td><td>2 Monate<\/td><td>6 Monate<\/td><td>12 Monate<\/td><\/tr><tr><td>Preis:<\/td><td>15,99 USD<\/td><td>34,99 USD<\/td><td>53,99 USD (Originalpreis ist 54,99 USD)<\/td><td>87,99 USD(Originalpreis ist 89,99 USD)<\/td><\/tr><\/tbody><\/table><\/figure>\n\n\n\n<figure class=\"wp-block-table\"><table><tbody><tr><td>Die Zustellzeit f\u00fcr diese Pakete dauert nur kurz, etwa drei (3) Minuten bis zwei (2) Stunden.<\/td><\/tr><\/tbody><\/table><\/figure>\n\n\n\n<p><strong>Wo kann ein Benutzer das Upload.cd-Premium-Paket kaufen und bezahlen?<\/strong><\/p>\n\n\n\n<ol><li>Ein Benutzer kann Upload.cd-Premiumpakete \u00fcber die Website Upload.cd kaufen, die sich unter Upload.cd.cd \u00fcber PayPal oder Kreditkarten befindet.<\/li><li> Ein Benutzer kann Upload.cd-Premium-Pakete \u00fcber die offiziellen Wiederverk\u00e4ufer von Upload.cd Premium \u00fcber PayPal kaufen.<\/li><li> Weitere unterst\u00fctzte Optionen f\u00fcr die Bezahlung von Upload.cd Premium-Paketen:<\/li><\/ol>\n\n\n\n<figure class=\"wp-block-table\"><table><tbody><tr><td>Skrill<\/td><td>Kreditkarten (Visa Card und MasterCard)<\/td><td>Bitcoin oder Altcoin jede digitale Brieftasche mit Bitcoin<\/td><td>Bank oder \u00dcberweisung<\/td><td> Alfa-Click<\/td><td>HSBC(Hongkong und Shanghai Banking Corporation)<\/td><td>Dotpay (E-Zahlung)<\/td><\/tr><tr><td>American Express<\/td><td>WebMoney<\/td><td>Perfektes Geld<\/td><td>Santander Rio<\/td><td>Banco de Chile<\/td><td>Sberbank<\/td><td>WebPay plus<\/td><\/tr><tr><td>Paysafe card<\/td><td>Amazon<\/td><td>RED LINK<\/td><td>Red Compra<\/td><td>Moneta&nbsp;<\/td><td>Faktura<\/td><td>One Card<\/td><\/tr><tr><td>Japan Credit Bureau (JCB)<\/td><td>Paysera<\/td><td>IDEAL (Online-Zahlung)<\/td><td>QIWI Wallet<\/td><td>OXXO<\/td><td>GiroPay<\/td><td>Offizielle Wiederverk\u00e4ufer von Upload.cd<\/td><\/tr><\/tbody><\/table><\/figure>\n\n\n\n<p>Die Zahlungsinformationen der Benutzer sind verschl\u00fcsselt und werden von Upload.cd nicht auf ihren Servern gespeichert, um sie sicher und gesch\u00fctzt aufzubewahren. <\/p>\n\n\n\n<h2>Einige Tipps oder Anleitungen zur Verwendung des Premium-Kontos Upload.cd<\/h2>\n\n\n\n<p><strong>Wie kaufe ich ein Upload.cd-Premium-Paket?<\/strong><\/p>\n\n\n\n<ol><li>Ein Benutzer sollte sich zuerst in sein Konto auf der Website Upload.cd einloggen m\u00fcssen. Wenn ein Benutzer noch kein Konto auf Upload.cd hat, muss er sich zuerst registrieren.<\/li><li> Ein Benutzer sollte entscheiden und ausw\u00e4hlen, welches Upload.cd-Premium-Paket er oder sie m\u00f6chte.<\/li><li> Klicken Sie auf die Schaltfl\u00e4che &#8222;JETZT KAUFEN&#8220;, um mit dem Auschecken des gew\u00e4hlten Upload.cd-Premium-Pakets fortzufahren.<\/li><li> Klicken Sie auf die Schaltfl\u00e4che &#8222;Checkout&#8220;, um das ausgew\u00e4hlte Upload.cd-Premium-Paket zu bezahlen.<\/li><li> Upload.cd sendet dem Benutzer eine SMS oder Textnachricht \u00fcber den gew\u00e4hlten Upload.cd-Premium-Gutscheincode.<\/li><\/ol>\n\n\n\n<p><strong>Aktivierung des Gutschein-Codes f\u00fcr das Premium-Paket Upload.cd<\/strong><\/p>\n\n\n\n<ol><li>Ein Benutzer sollte sich zuerst in sein Konto auf der Website Upload.cd einloggen m\u00fcssen. Wenn ein Benutzer noch kein Konto auf Upload.cd hat, muss er sich zuerst registrieren.<\/li><li> Ein Benutzer kann nun den <a href=\"https:\/\/www.investopedia.com\/terms\/c\/coupon.asp\" target=\"_blank\" rel=\"noreferrer noopener\" aria-label=\"Gutscheincode  (opens in a new tab)\">Gutscheincode <\/a>der Upload.cd-Pr\u00e4mie auf der Seite Gutschein einl\u00f6sen eingeben.<\/li><li> Klicken Sie auf die Schaltfl\u00e4che &#8222;Check it&#8220; f\u00fcr Upload.cd, um zu \u00fcberpr\u00fcfen, ob die eingegebenen Coupon-Codes g\u00fcltig und korrekt sind. Wenn dieser g\u00fcltig und korrekt ist, wird das von ihm gekaufte Upload.cd-Premium-Paket auf seinem Upload.cd-Konto aktiviert.<\/li><\/ol>\n\n\n\n<p><strong>M\u00f6chten Sie das Premium-Abonnement f\u00fcr Upload.cd k\u00fcndigen?<\/strong><\/p>\n\n\n\n<p>Um das Abonnement eines Benutzers von seinem Upload.cd-Premium-Account zu k\u00fcndigen, sollte er eine Nachricht an das Upload.cd-Support-Team senden. W\u00e4hlen Sie &#8222;Abonnement k\u00fcndigen&#8220; als Betreff f\u00fcr die Nachricht und klicken Sie auf &#8222;Senden&#8220;. Ein Benutzer kann auch per E-Mail von Upload.cd an support@upload.cd mit dem gleichen Betreff senden. Dann ist das Upload.cd-Team derjenige, der das Abonnement f\u00fcr Sie k\u00fcndigt.<\/p>\n\n\n<a class=\"maxbutton-2 maxbutton maxbutton-cta\" target=\"_blank\" rel=\"nofollow noopener\" href=\"\/go\/\"><span class='mb-text'>&gt;&gt; Gehen Sie zur Original Linkifier Website<\/span><\/a>\n\n\n<p><\/p>\n","protected":false},"excerpt":{"rendered":"<p>Was ist Upload.cd? Upload.cd entstand aus dem Wort selbst &#8222;upload&#8220;, das f\u00fcr das Hochladen oder Hosten von Dateien der Benutzer<\/p>\n","protected":false},"author":2,"featured_media":0,"parent":0,"menu_order":0,"comment_status":"closed","ping_status":"closed","template":"","meta":[],"yoast_head":"<!-- This site is optimized with the Yoast SEO plugin v18.3 - https:\/\/yoast.com\/wordpress\/plugins\/seo\/ -->\n<title>Upload.cd Premium Konto: Der Filehoster Auf Einen Blick<\/title>\n<meta name=\"description\" content=\"Ist Upload.cd ein seri\u00f6ser Anbieter oder nicht, finden Sie die Antwort im aktuellen Test auf Multihoster.org \u279c Klicken Sie jetzt \u271a und lesen Sie unsere Erfahrungen!\" \/>\n<meta name=\"robots\" content=\"index, follow, max-snippet:-1, max-image-preview:large, max-video-preview:-1\" \/>\n<link rel=\"canonical\" href=\"https:\/\/multihoster.org\/de\/upload-cd\/\" \/>\n<meta property=\"og:locale\" content=\"de_DE\" \/>\n<meta property=\"og:type\" content=\"article\" \/>\n<meta property=\"og:title\" content=\"Upload.cd Premium Konto: Der Filehoster Auf Einen Blick\" \/>\n<meta property=\"og:description\" content=\"Ist Upload.cd ein seri\u00f6ser Anbieter oder nicht, finden Sie die Antwort im aktuellen Test auf Multihoster.org \u279c Klicken Sie jetzt \u271a und lesen Sie unsere Erfahrungen!\" \/>\n<meta property=\"og:url\" content=\"https:\/\/multihoster.org\/de\/upload-cd\/\" \/>\n<meta property=\"og:site_name\" content=\"Multihoster.org\" \/>\n<meta property=\"article:modified_time\" content=\"2020-05-29T14:13:48+00:00\" \/>\n<meta name=\"twitter:card\" content=\"summary\" \/>\n<meta name=\"twitter:label1\" content=\"Gesch\u00e4tzte Lesezeit\" \/>\n\t<meta name=\"twitter:data1\" content=\"8\u00a0Minuten\" \/>\n<script type=\"application\/ld+json\" class=\"yoast-schema-graph\">{\"@context\":\"https:\/\/schema.org\",\"@graph\":[{\"@type\":\"WebSite\",\"@id\":\"https:\/\/multihoster.org\/#website\",\"url\":\"https:\/\/multihoster.org\/\",\"name\":\"Multihoster.org\",\"description\":\"Reviews of the major Filehosting services\",\"potentialAction\":[{\"@type\":\"SearchAction\",\"target\":{\"@type\":\"EntryPoint\",\"urlTemplate\":\"https:\/\/multihoster.org\/?s={search_term_string}\"},\"query-input\":\"required name=search_term_string\"}],\"inLanguage\":\"de\"},{\"@type\":\"WebPage\",\"@id\":\"https:\/\/multihoster.org\/de\/upload-cd\/#webpage\",\"url\":\"https:\/\/multihoster.org\/de\/upload-cd\/\",\"name\":\"Upload.cd Premium Konto: Der Filehoster Auf Einen Blick\",\"isPartOf\":{\"@id\":\"https:\/\/multihoster.org\/#website\"},\"datePublished\":\"2020-04-23T12:54:44+00:00\",\"dateModified\":\"2020-05-29T14:13:48+00:00\",\"description\":\"Ist Upload.cd ein seri\u00f6ser Anbieter oder nicht, finden Sie die Antwort im aktuellen Test auf Multihoster.org \u279c Klicken Sie jetzt \u271a und lesen Sie unsere Erfahrungen!\",\"breadcrumb\":{\"@id\":\"https:\/\/multihoster.org\/de\/upload-cd\/#breadcrumb\"},\"inLanguage\":\"de\",\"potentialAction\":[{\"@type\":\"ReadAction\",\"target\":[\"https:\/\/multihoster.org\/de\/upload-cd\/\"]}]},{\"@type\":\"BreadcrumbList\",\"@id\":\"https:\/\/multihoster.org\/de\/upload-cd\/#breadcrumb\",\"itemListElement\":[{\"@type\":\"ListItem\",\"position\":1,\"name\":\"Startseite\",\"item\":\"https:\/\/multihoster.org\/de\/\"},{\"@type\":\"ListItem\",\"position\":2,\"name\":\"Upload.cd Premium Konto: Der Filehoster Auf Einen Blick\"}]}]}<\/script>\n<!-- \/ Yoast SEO plugin. -->","yoast_head_json":{"title":"Upload.cd Premium Konto: Der Filehoster Auf Einen Blick","description":"Ist Upload.cd ein seri\u00f6ser Anbieter oder nicht, finden Sie die Antwort im aktuellen Test auf Multihoster.org \u279c Klicken Sie jetzt \u271a und lesen Sie unsere Erfahrungen!","robots":{"index":"index","follow":"follow","max-snippet":"max-snippet:-1","max-image-preview":"max-image-preview:large","max-video-preview":"max-video-preview:-1"},"canonical":"https:\/\/multihoster.org\/de\/upload-cd\/","og_locale":"de_DE","og_type":"article","og_title":"Upload.cd Premium Konto: Der Filehoster Auf Einen Blick","og_description":"Ist Upload.cd ein seri\u00f6ser Anbieter oder nicht, finden Sie die Antwort im aktuellen Test auf Multihoster.org \u279c Klicken Sie jetzt \u271a und lesen Sie unsere Erfahrungen!","og_url":"https:\/\/multihoster.org\/de\/upload-cd\/","og_site_name":"Multihoster.org","article_modified_time":"2020-05-29T14:13:48+00:00","twitter_card":"summary","twitter_misc":{"Gesch\u00e4tzte Lesezeit":"8\u00a0Minuten"},"schema":{"@context":"https:\/\/schema.org","@graph":[{"@type":"WebSite","@id":"https:\/\/multihoster.org\/#website","url":"https:\/\/multihoster.org\/","name":"Multihoster.org","description":"Reviews of the major Filehosting services","potentialAction":[{"@type":"SearchAction","target":{"@type":"EntryPoint","urlTemplate":"https:\/\/multihoster.org\/?s={search_term_string}"},"query-input":"required name=search_term_string"}],"inLanguage":"de"},{"@type":"WebPage","@id":"https:\/\/multihoster.org\/de\/upload-cd\/#webpage","url":"https:\/\/multihoster.org\/de\/upload-cd\/","name":"Upload.cd Premium Konto: Der Filehoster Auf Einen Blick","isPartOf":{"@id":"https:\/\/multihoster.org\/#website"},"datePublished":"2020-04-23T12:54:44+00:00","dateModified":"2020-05-29T14:13:48+00:00","description":"Ist Upload.cd ein seri\u00f6ser Anbieter oder nicht, finden Sie die Antwort im aktuellen Test auf Multihoster.org \u279c Klicken Sie jetzt \u271a und lesen Sie unsere Erfahrungen!","breadcrumb":{"@id":"https:\/\/multihoster.org\/de\/upload-cd\/#breadcrumb"},"inLanguage":"de","potentialAction":[{"@type":"ReadAction","target":["https:\/\/multihoster.org\/de\/upload-cd\/"]}]},{"@type":"BreadcrumbList","@id":"https:\/\/multihoster.org\/de\/upload-cd\/#breadcrumb","itemListElement":[{"@type":"ListItem","position":1,"name":"Startseite","item":"https:\/\/multihoster.org\/de\/"},{"@type":"ListItem","position":2,"name":"Upload.cd Premium Konto: Der Filehoster Auf Einen Blick"}]}]}},"_links":{"self":[{"href":"https:\/\/multihoster.org\/de\/wp-json\/wp\/v2\/pages\/4400"}],"collection":[{"href":"https:\/\/multihoster.org\/de\/wp-json\/wp\/v2\/pages"}],"about":[{"href":"https:\/\/multihoster.org\/de\/wp-json\/wp\/v2\/types\/page"}],"author":[{"embeddable":true,"href":"https:\/\/multihoster.org\/de\/wp-json\/wp\/v2\/users\/2"}],"replies":[{"embeddable":true,"href":"https:\/\/multihoster.org\/de\/wp-json\/wp\/v2\/comments?post=4400"}],"version-history":[{"count":4,"href":"https:\/\/multihoster.org\/de\/wp-json\/wp\/v2\/pages\/4400\/revisions"}],"predecessor-version":[{"id":4560,"href":"https:\/\/multihoster.org\/de\/wp-json\/wp\/v2\/pages\/4400\/revisions\/4560"}],"wp:attachment":[{"href":"https:\/\/multihoster.org\/de\/wp-json\/wp\/v2\/media?parent=4400"}],"curies":[{"name":"wp","href":"https:\/\/api.w.org\/{rel}","templated":true}]}}